{"id":948,"date":"2018-01-09T11:39:35","date_gmt":"2018-01-09T03:39:35","guid":{"rendered":"https:\/\/plasticmoulds.net\/?page_id=948"},"modified":"2021-11-18T17:32:05","modified_gmt":"2021-11-18T09:32:05","slug":"fabrico-de-moldes-de-injecao-de-plastico-china","status":"publish","type":"page","link":"https:\/\/www.plasticmoulds.net\/pt\/make-plastic-injection-molds-china","title":{"rendered":"Porqu\u00ea e como fazer moldes de inje\u00e7\u00e3o de pl\u00e1stico na China"},"content":{"rendered":"<h2>Porqu\u00ea fabricar moldes de inje\u00e7\u00e3o de pl\u00e1stico na China?<\/h2><p>Muitas pessoas assumem que os moldes de inje\u00e7\u00e3o de pl\u00e1stico chineses s\u00e3o de m\u00e1 qualidade. No entanto, um grande n\u00famero de empresas - incluindo multinacionais - continua a optar por comprar esses moldes. Isso significa que essas empresas s\u00e3o ing\u00e9nuas ou est\u00e3o a cometer um erro? Claro que n\u00e3o. De facto, os fabricantes chineses de moldes de inje\u00e7\u00e3o podem fabricar alguns dos melhores moldes do mercado - por um pre\u00e7o muito inferior ao que as empresas europeias e americanas podem oferecer.<\/p><p><a href=\"https:\/\/plasticmoulds.net\/wp-content\/uploads\/2018\/01\/plastic_mould-3_1_2_kivink_tkmmzi.jpg\"><img loading=\"lazy\" decoding=\"async\" class=\"alignnone wp-image-903 size-full\" src=\"https:\/\/plasticmoulds.net\/wp-content\/uploads\/2018\/01\/plastic_mould-3_1_2_kivink_tkmmzi.jpg\" alt=\"China molde de pl\u00e1stico\" width=\"720\" height=\"552\" srcset=\"https:\/\/www.plasticmoulds.net\/wp-content\/uploads\/2018\/01\/plastic_mould-3_1_2_kivink_tkmmzi.jpg 720w, https:\/\/www.plasticmoulds.net\/wp-content\/uploads\/2018\/01\/plastic_mould-3_1_2_kivink_tkmmzi-300x230.jpg 300w\" sizes=\"auto, (max-width: 720px) 100vw, 720px\" \/><\/a><\/p><p>&nbsp;<\/p><p>Em toda a China, a ind\u00fastria de fabrico de moldes de inje\u00e7\u00e3o de pl\u00e1stico est\u00e1 a crescer cada vez mais. N\u00e3o s\u00f3 possuem as compet\u00eancias necess\u00e1rias para fabricar moldes de inje\u00e7\u00e3o de qualidade superior, como tamb\u00e9m possuem excelentes conhecimentos de ingl\u00eas. Isto tamb\u00e9m se estende aos departamentos de marketing - a maioria dos vendedores de moldes chineses tem um forte dom\u00ednio do desenho CAD e a capacidade de escolher os materiais correctos. Isto permite-lhes acelerar o processo de comunica\u00e7\u00e3o entre os engenheiros parceiros e o cliente.<\/p><p>Ao fazer um novo molde de inje\u00e7\u00e3o de pl\u00e1stico, o processo come\u00e7a normalmente com um desenho 3D do produto. Com base nesse desenho, os engenheiros podem ent\u00e3o decidir como fazer o molde, pensando em aspectos como o tamanho e a estrutura do molde, o material e como manter o custo o mais baixo poss\u00edvel - tudo isto tendo em mente os requisitos do cliente. A nossa f\u00e1brica tem trabalhado com v\u00e1rias empresas europeias e americanas h\u00e1 muitos anos, por isso tudo o que precisa de fazer \u00e9 enviar-nos os seus desenhos - teremos todo o gosto em efetuar um teste para lhe mostrar o que temos para oferecer.<\/p><p>O fabrico de moldes existe na China h\u00e1 mais de 30 anos, o que significa que muitos fabricantes de alta qualidade est\u00e3o atualmente em atividade. Muitos possuem as mesmas compet\u00eancias e experi\u00eancia que os seus hom\u00f3logos ocidentais. Embora possam receber apenas cerca de 60% do que poderiam ganhar a fazer o mesmo trabalho nos EUA, continuar\u00e3o a produzir moldes de alta qualidade em que pode realmente confiar.<\/p><h2>Como devo proceder para escolher um fornecedor chin\u00eas de moldes de inje\u00e7\u00e3o?<\/h2><p>A principal raz\u00e3o pela qual tantos clientes americanos e europeus v\u00eam \u00e0 China para obter moldes de inje\u00e7\u00e3o de pl\u00e1stico \u00e9 o facto de serem muito mais baratos. No entanto, o pre\u00e7o n\u00e3o deve ser a \u00fanica coisa que deve ter em conta; deve tamb\u00e9m considerar os seguintes aspectos para ter a certeza de que a empresa escolhida vai fazer um trabalho minucioso no fabrico do seu molde.<\/p><ul><li>Refer\u00eancias de clientes anteriores<\/li><li>&nbsp;Qualidade do a\u00e7o para ferramentas utilizado<\/li><li>Padr\u00e3o da sua f\u00e1brica e equipamento<\/li><li>Controlo de qualidade e processos de valida\u00e7\u00e3o<\/li><li>Experi\u00eancia - o ideal \u00e9 ter uma empresa que saiba realmente o que est\u00e1 a fazer<\/li><li>Capacidade - a empresa ser\u00e1 capaz de gerir todo o projeto internamente ou subcontratar partes do mesmo?<\/li><li>Capacidade atual<\/li><li>Est\u00e3o em condi\u00e7\u00f5es de servir adequadamente os clientes internacionais?<\/li><\/ul><p><a href=\"https:\/\/plasticmoulds.net\/wp-content\/uploads\/2018\/01\/china-plastic-molding_crbyqu.png\"><img loading=\"lazy\" decoding=\"async\" class=\"alignnone wp-image-910 size-full\" src=\"https:\/\/plasticmoulds.net\/wp-content\/uploads\/2018\/01\/china-plastic-molding_crbyqu.png\" alt=\"China moldagem por injec\u00e7\u00e3o\" width=\"700\" height=\"454\" srcset=\"https:\/\/www.plasticmoulds.net\/wp-content\/uploads\/2018\/01\/china-plastic-molding_crbyqu.png 700w, https:\/\/www.plasticmoulds.net\/wp-content\/uploads\/2018\/01\/china-plastic-molding_crbyqu-300x195.png 300w\" sizes=\"auto, (max-width: 700px) 100vw, 700px\" \/><\/a><\/p><h2>Como posso encontrar um bom fabricante de moldes chin\u00eas?<\/h2><p>Existe um grande n\u00famero de fabricantes de moldes na China, pelo que \u00e9 necess\u00e1rio tomar a decis\u00e3o correcta ao escolher um. Por vezes, isto pode demorar algum tempo, mas todo esse esfor\u00e7o vale a pena a longo prazo. Mas, embora seja f\u00e1cil encontrar lojas de moldes bem conhecidas no mundo ocidental, na realidade, as coisas n\u00e3o s\u00e3o muito mais dif\u00edceis na China. Tudo o que precisa de se lembrar \u00e9 que os pre\u00e7os baixos s\u00e3o normalmente baixos por uma raz\u00e3o - porque comprometem a qualidade. Obter um molde de boa qualidade \u00e9 mais importante do que um molde barato, por isso, ir a um ensaio de moldes \u00e9 uma ideia inteligente. Se o custo de viajar para a China for demasiado elevado, um v\u00eddeo de amostragem tamb\u00e9m \u00e9 sempre uma op\u00e7\u00e3o.<\/p><p>Aconselhamo-lo tamb\u00e9m vivamente a ler os termos e condi\u00e7\u00f5es fornecidos com cada or\u00e7amento e, sobretudo, as cl\u00e1usulas de garantia. A qualidade dos moldes chineses est\u00e1 sempre a melhorar, mas, como cliente, ter\u00e1 de supervisionar cuidadosamente o processo de conce\u00e7\u00e3o e fabrico para garantir que obt\u00e9m exatamente aquilo de que necessita.<\/p>","protected":false},"excerpt":{"rendered":"<p>Why Make Plastic Injection Molds in China?Many people assume that Chinese plastic injection molds are going to be of poor quality. However, a huge number of companies- including multinational corporations- still choose to buy such molds. Does that mean these companies are naive or making a mistake? Of course not. In fact, Chinese injection mold [&hellip;]<\/p>\n","protected":false},"author":11,"featured_media":0,"parent":0,"menu_order":0,"comment_status":"closed","ping_status":"closed","template":"","meta":{"footnotes":""},"class_list":["post-948","page","type-page","status-publish","hentry"],"blocksy_meta":{"styles_descriptor":{"styles":{"desktop":"","tablet":"","mobile":""},"google_fonts":[],"version":6}},"_links":{"self":[{"href":"https:\/\/www.plasticmoulds.net\/pt\/wp-json\/wp\/v2\/pages\/948","targetHints":{"allow":["GET"]}}],"collection":[{"href":"https:\/\/www.plasticmoulds.net\/pt\/wp-json\/wp\/v2\/pages"}],"about":[{"href":"https:\/\/www.plasticmoulds.net\/pt\/wp-json\/wp\/v2\/types\/page"}],"author":[{"embeddable":true,"href":"https:\/\/www.plasticmoulds.net\/pt\/wp-json\/wp\/v2\/users\/11"}],"replies":[{"embeddable":true,"href":"https:\/\/www.plasticmoulds.net\/pt\/wp-json\/wp\/v2\/comments?post=948"}],"version-history":[{"count":0,"href":"https:\/\/www.plasticmoulds.net\/pt\/wp-json\/wp\/v2\/pages\/948\/revisions"}],"wp:attachment":[{"href":"https:\/\/www.plasticmoulds.net\/pt\/wp-json\/wp\/v2\/media?parent=948"}],"curies":[{"name":"wp","href":"https:\/\/api.w.org\/{rel}","templated":true}]}}