{"id":8952,"date":"2022-11-01T15:15:00","date_gmt":"2022-11-01T07:15:00","guid":{"rendered":"https:\/\/plasticmoulds.net\/?p=8952"},"modified":"2022-11-02T12:35:07","modified_gmt":"2022-11-02T04:35:07","slug":"contrato-de-fabrico-na-china-nao-e-o-unico-a-pensar-nisso","status":"publish","type":"page","link":"https:\/\/www.plasticmoulds.net\/pt\/china-contract-manufacturing-youre-not-the-only-one-to-think-of-it","title":{"rendered":"Fabrico por contrato na China: N\u00e3o \u00e9 o \u00fanico a pensar nisso."},"content":{"rendered":"<figure class=\"wp-block-image aligncenter size-full is-resized\"><a href=\"https:\/\/plasticmoulds.net\/wp-content\/uploads\/2022\/07\/16.png\"><img loading=\"lazy\" decoding=\"async\" src=\"https:\/\/plasticmoulds.net\/wp-content\/uploads\/2022\/07\/16.png\" alt=\"\" class=\"wp-image-7977\" width=\"483\" height=\"497\"\/><\/a><\/figure><p>E se est\u00e1 a pensar no fabrico por contrato na China, provavelmente n\u00e3o est\u00e1 sozinho na sua busca. Mas n\u00e3o desespere! Temos algumas dicas que o ajudar\u00e3o a garantir que a sua experi\u00eancia de fabrico por contrato na China seja tranquila.<\/p><p><a href=\"https:\/\/plasticmoulds.net\/china-injection-molding-company\" target=\"_blank\" rel=\"noreferrer noopener\">Fabrico por contrato na China<\/a> \u00e9 uma op\u00e7\u00e3o atractiva para as empresas que procuram expandir os seus neg\u00f3cios. O pa\u00eds tem uma forte base de fabrico e os seus trabalhadores s\u00e3o conhecidos pelas suas compet\u00eancias e efici\u00eancia. Para al\u00e9m disso, o pa\u00eds tem muitos parceiros comerciais, o que significa que \u00e9 f\u00e1cil estabelecer acordos comerciais e enviar produtos atrav\u00e9s dos portos da China.<\/p><div class=\"wp-block-group is-layout-flow wp-block-group-is-layout-flow\"><div class=\"wp-block-qubely-table-of-contents qubely-block-67fbdd qubely-block-table-of-contents qubely-align-left\" data-qubelyanimation=\"{&quot;animation&quot;:&quot;bounce&quot;,&quot;name&quot;:&quot;bounceCenter&quot;,&quot;repeat&quot;:&quot;once&quot;,&quot;direction&quot;:&quot;Center&quot;,&quot;duration&quot;:1000,&quot;delay&quot;:0,&quot;curve&quot;:&quot;ease-in-out&quot;,&quot;openAnimation&quot;:1}\"><div class=\"qubely-table-of-contents\" data-scroll-offset=\"20\"><div class=\"qubely-table-of-contents-header qubely-toc-header-frontend qubely-justify-between\"><div class=\"qubely-table-of-contents-heading\"><div class=\"title\">Tabela de Conte\u00fados<\/div><\/div><\/div><div class=\"qubely-table-of-contents-body\"><ol class=\"ordered-list\"><li><a href=\"#1-ensure-that-you-hire-the-right-person-or-company\">Assegurar-se de que contrata a pessoa ou empresa certa<\/a><\/li><li><a href=\"#2-some-things-inside-\">Algumas coisas no interior <\/a><ol class=\"child-list\"><li><a href=\"#3-detailed-bill-of-materials-bom\">Lista de materiais pormenorizada (BOM)<\/a><\/li><li><a href=\"#4-pricing-provisions\">Disposi\u00e7\u00f5es relativas \u00e0 fixa\u00e7\u00e3o de pre\u00e7os<\/a><\/li><li><a href=\"#5-quality-standards\">Normas de qualidade<\/a><\/li><li><a href=\"#6-packaging-and-labeling\">Embalagem e rotulagem<\/a><\/li><li><a href=\"#7-intellectual-property\">Propriedade intelectual<\/a><\/li><li><a href=\"#8-quality-requirements-and-product-warranty\">Requisitos de qualidade e garantia do produto<\/a><\/li><li><a href=\"#9-who-is-owner\">Quem \u00e9 o propriet\u00e1rio<\/a><\/li><li><a href=\"#10-dispute-resolution\">Resolu\u00e7\u00e3o de lit\u00edgios<\/a><\/li><\/ol><\/li><li><a href=\"#11-takeaway\">Conclus\u00e3o:<\/a><\/li><\/ol><\/div><a href=\"#\" class=\"qubely-back-to-top-button fas fa-angle-up\"><\/a><\/div><\/div><\/div><p>No entanto, se estiver a olhar para o fabrico por contrato na China como uma forma de fazer crescer rapidamente o seu neg\u00f3cio, h\u00e1 algumas coisas que deve saber antes de mergulhar. Nesta publica\u00e7\u00e3o do blogue, abordaremos algumas das considera\u00e7\u00f5es mais importantes antes de come\u00e7ar a trabalhar com um contratante na China.<\/p><h2 class=\"wp-block-heading\" id=\"1-ensure-that-you-hire-the-right-person-or-company\">Assegurar-se de que contrata a pessoa ou empresa certa<\/h2><p>O primeiro passo no processo de fabrico por contrato na China \u00e9 certificar-se de que contrata a empresa de fabrico por contrato certa na China. Isso pode ser dif\u00edcil porque h\u00e1 tantas empresas l\u00e1 fora e todos eles afirmam ser o melhor. No entanto, h\u00e1 certas coisas que precisa de procurar antes de assinar na linha pontilhada.<\/p><p>Certifique-se de que a sua empresa de fabrico por contrato na China tem um bom historial de entregas atempadas e abaixo do or\u00e7amento. Tamb\u00e9m deve certificar-se de que a empresa tem um bom servi\u00e7o de apoio ao cliente, para o ajudar a resolver quaisquer problemas que possam surgir durante a produ\u00e7\u00e3o.<\/p><p>Contacte pelo menos tr\u00eas fabricantes chineses diferentes e pergunte-lhes qual a sua estrutura de pre\u00e7os e quanto tempo demora a entrega. Se poss\u00edvel, tente falar diretamente com a pessoa que ir\u00e1 trabalhar no seu projeto para obter mais informa\u00e7\u00f5es sobre a sua experi\u00eancia e disponibilidade para trabalhar com os clientes.<\/p><p>Eis algumas dicas para o ajudar a encontrar o parceiro de fabrico por contrato na China mais adequado:<\/p><p>1) <strong>Certifique-se de que j\u00e1 existe h\u00e1 algum tempo <\/strong>(5+ anos). Uma nova empresa pode ter boas inten\u00e7\u00f5es, mas pouca experi\u00eancia, o que pode levar a maus resultados.<\/p><p>2) <strong>Verificar as suas credenciais e certifica\u00e7\u00f5es.<\/strong> Isto ir\u00e1 mostrar-lhe se t\u00eam alguma experi\u00eancia de trabalho no seu sector ou com produtos semelhantes. Tamb\u00e9m mostra que levam a s\u00e9rio a presta\u00e7\u00e3o de servi\u00e7os e produtos de alta qualidade, o que \u00e9 importante quando chega a altura de efetuar uma encomenda.<\/p><p>3) <strong>Consulte o s\u00edtio Web e os canais das redes sociais da empresa para obter opini\u00f5es de clientes anteriores.<\/strong> Isto pode ajud\u00e1-lo muito a decidir quais as empresas que vale a pena contactar para falar de potenciais oportunidades de neg\u00f3cio!<\/p><p>4) <strong>Pedir refer\u00eancias de outros clientes<\/strong> - especialmente os que utilizam produtos ou servi\u00e7os semelhantes aos que mais lhe interessam.<\/p><p>A chave para uma rela\u00e7\u00e3o de fabrico por contrato bem sucedida \u00e9 o pr\u00f3prio contrato. O contrato correto ter\u00e1 muitas disposi\u00e7\u00f5es que protegem ambas as partes do acordo.<\/p><h2 class=\"wp-block-heading\" id=\"2-some-things-inside-\">Algumas coisas no interior <\/h2><p>A chave para uma rela\u00e7\u00e3o de fabrico por contrato bem sucedida \u00e9 o pr\u00f3prio contrato. O contrato correto ter\u00e1 muitas disposi\u00e7\u00f5es que protegem ambas as partes do acordo.<\/p><figure class=\"wp-block-image aligncenter size-full is-resized\"><a href=\"https:\/\/plasticmoulds.net\/wp-content\/uploads\/2022\/07\/7.png\"><img loading=\"lazy\" decoding=\"async\" src=\"https:\/\/plasticmoulds.net\/wp-content\/uploads\/2022\/07\/7.png\" alt=\"\" class=\"wp-image-7968\" width=\"505\" height=\"404\"\/><\/a><\/figure><p>Eis alguns aspectos que o seu contrato deve incluir:<\/p><h3 class=\"wp-block-heading\" id=\"3-detailed-bill-of-materials-bom\">Lista de materiais pormenorizada (BOM)<\/h3><p>Uma lista t\u00e9cnica \u00e9 uma lista de todas as pe\u00e7as e componentes que comp\u00f5em um produto, juntamente com as respectivas quantidades e custos. Necessitar\u00e1 desta informa\u00e7\u00e3o para determinar se o seu pre\u00e7o \u00e9 vi\u00e1vel e qual ser\u00e1 a sua margem de lucro em diferentes n\u00edveis de volume.<\/p><p>Se n\u00e3o tiver a certeza de como criar uma lista t\u00e9cnica, pode utilizar o nosso modelo de lista t\u00e9cnica gratuito ou contratar um consultor experiente.<\/p><h3 class=\"wp-block-heading\" id=\"4-pricing-provisions\">Disposi\u00e7\u00f5es relativas \u00e0 fixa\u00e7\u00e3o de pre\u00e7os<\/h3><p>Ter\u00e1 de especificar quanto est\u00e1 a cobrar por cada componente, bem como quaisquer outras taxas associadas ao processo de fabrico (incluindo despesas de envio, se aplic\u00e1vel).<\/p><p> Isto tamb\u00e9m lhe dar\u00e1 uma ideia de quanto dinheiro poder\u00e1 ganhar com a venda do seu produto no Amazon FBA ou noutro local, depois de cobrir os custos de produ\u00e7\u00e3o, royalties, impostos e outros.<\/p><h3 class=\"wp-block-heading\" id=\"5-quality-standards\">Normas de qualidade<\/h3><p>Tamb\u00e9m \u00e9 importante incluir normas de qualidade, incluindo procedimentos de ensaio e crit\u00e9rios de aceita\u00e7\u00e3o. Dever\u00e1 indicar o tipo de materiais que utiliza, a forma como s\u00e3o obtidos e os respectivos procedimentos de controlo de qualidade. <\/p><p>Deve tamb\u00e9m especificar as certifica\u00e7\u00f5es que os seus produtos obtiveram e as normas que cumprem. Se existirem taxas adicionais associadas ao controlo de qualidade ou aos testes, n\u00e3o se esque\u00e7a de as enumerar tamb\u00e9m aqui, para que os compradores saibam o que est\u00e3o a fazer ao comprar o seu produto.<\/p><h3 class=\"wp-block-heading\" id=\"6-packaging-and-labeling\">Embalagem e rotulagem<\/h3><p>Requisitos de embalagem e rotulagem, incluindo quest\u00f5es de seguran\u00e7a e de conformidade regulamentar Se o seu produto estiver sujeito a quaisquer normas de seguran\u00e7a ou de conformidade regulamentar, n\u00e3o se esque\u00e7a de as indicar aqui. <\/p><p>Por exemplo, se o seu produto contiver produtos qu\u00edmicos perigosos em determinadas quantidades ou que possam causar ferimentos quando manuseados incorretamente, \u00e9 importante que os compradores tenham conhecimento desse facto antes da compra. Tamb\u00e9m deve incluir informa\u00e7\u00f5es sobre a forma como a embalagem ser\u00e1 rotulada e que informa\u00e7\u00f5es ser\u00e3o inclu\u00eddas na mesma.<\/p><h3 class=\"wp-block-heading\" id=\"7-intellectual-property\">Propriedade intelectual<\/h3><p>Disposi\u00e7\u00f5es relativas \u00e0 propriedade intelectual, \u00e0 concess\u00e3o de licen\u00e7as e \u00e0 indemniza\u00e7\u00e3o, incluindo a medida em que pode controlar os seus pr\u00f3prios direitos de propriedade intelectual e a medida em que ter\u00e1 de utilizar a propriedade intelectual dos seus fornecedores (isto pode variar consoante a categoria do produto).<\/p><p>As disposi\u00e7\u00f5es relativas a indemniza\u00e7\u00f5es e licen\u00e7as s\u00e3o cruciais para o \u00eaxito da sua empresa. Certifique-se de que compreende exatamente quais ser\u00e3o as suas obriga\u00e7\u00f5es ao abrigo destas disposi\u00e7\u00f5es antes de assinar um contrato. Por exemplo, se o fabricante exigir que utilize a sua propriedade intelectual para vender os seus produtos, \u00e9 importante que saiba que tipo de controlo tem tamb\u00e9m sobre os seus pr\u00f3prios direitos de propriedade intelectual.<\/p><h3 class=\"wp-block-heading\" id=\"8-quality-requirements-and-product-warranty\">Requisitos de qualidade e garantia do produto<\/h3><p>Antes de assinar na linha pontilhada, certifique-se de que compreende claramente o que se espera do seu fabricante contratado (CM).<\/p><p>Para evitar potenciais problemas no futuro, siga estes passos:<\/p><p>Especifique os requisitos de qualidade e a garantia do produto. Certifique-se de que o fabricante contratado tem experi\u00eancia na sua ind\u00fastria e compreende as necessidades espec\u00edficas do seu produto - e que tem as instala\u00e7\u00f5es e o pessoal necess\u00e1rios para o fazer corretamente. Se estiver a criar um novo produto ou tiver necessidades de produ\u00e7\u00e3o \u00fanicas, certifique-se de que o fabricante tem capacidade para o fazer.<\/p><p>Certifique-se de que o profissional tem capacidade para o fazer. Verifique as refer\u00eancias e pe\u00e7a provas das suas capacidades. Verifique as refer\u00eancias de outras empresas que trabalharam com ele no passado, especialmente se forem semelhantes \u00e0s suas. Contacte pelo menos tr\u00eas clientes e pergunte sobre a sua experi\u00eancia de trabalho com esta MC; pergunte especificamente sobre quaisquer problemas que tenham tido durante a produ\u00e7\u00e3o e como foram resolvidos. <\/p><p>Poder\u00e1 tamb\u00e9m querer perguntar qual o grau de flexibilidade ou capacidade de rea\u00e7\u00e3o do CM quando foram necess\u00e1rias altera\u00e7\u00f5es durante a produ\u00e7\u00e3o ou os testes de controlo de qualidade. E certifique-se de que est\u00e3o dispostos a assinar um acordo de confidencialidade antes de divulgar qualquer informa\u00e7\u00e3o propriet\u00e1ria ou de enviar amostras do design do seu produto para avaliar melhor as suas capacidades. Se n\u00e3o tiver um acordo de confidencialidade, N\u00c3O envie amostras do seu produto a essa empresa. Esta \u00e9 a forma mais r\u00e1pida de ser burlado.<\/p><h3 class=\"wp-block-heading\" id=\"9-who-is-owner\">Quem \u00e9 o propriet\u00e1rio<\/h3><p>Seja claro quanto \u00e0 propriedade do molde\/ferramenta. Antes de assinar um contrato com um fabricante chin\u00eas, certifique-se de que existe uma cl\u00e1usula que especifica quem \u00e9 o propriet\u00e1rio das ferramentas utilizadas para fabricar o seu produto. Se o fabricante for o propriet\u00e1rio, ent\u00e3o \u00e9 deles para vender ou utilizar noutros projectos depois de terem terminado o seu - o que pode deixar a sua empresa sem possibilidade de produzir mais unidades em qualquer altura no futuro.<\/p><p>Uma forma de o evitar \u00e9 especificar que as ferramentas pertencem \u00e0 sua empresa. Se o fizer, pode tamb\u00e9m especificar que a ferramenta deve ser devolvida em boas condi\u00e7\u00f5es.<\/p><h3 class=\"wp-block-heading\" id=\"10-dispute-resolution\">Resolu\u00e7\u00e3o de lit\u00edgios<\/h3><p>Por mais cuidadoso que seja o seu planeamento, n\u00e3o h\u00e1 garantias de que todos os aspectos da sua empresa corram de acordo com o planeado. Se compreender os riscos potenciais e tomar medidas razo\u00e1veis para os gerir, pode reduzir a probabilidade de estes afectarem a sua empresa.<\/p><p>Como propriet\u00e1rio de uma pequena empresa, deve estar sempre preparado para o inesperado. Embora possa parecer senso comum, muitas empresas falham porque n\u00e3o t\u00eam um plano de conting\u00eancia para lidar com eventos imprevistos. Isto pode ser especialmente verdadeiro quando se trata de contratos de fabrico na China.<\/p><p>Se estiver a trabalhar com um empreiteiro ou fabricante chin\u00eas, \u00e9 importante ter um contrato que defina claramente o que cada parte \u00e9 respons\u00e1vel por fazer. O contrato tamb\u00e9m deve conter cl\u00e1usulas sobre a forma como os lit\u00edgios ser\u00e3o resolvidos em caso de desacordo sobre os termos do acordo ou se algo correr mal durante o processo de fabrico dos produtos.<\/p><h2 class=\"wp-block-heading\" id=\"11-takeaway\">Conclus\u00e3o:<\/h2><p>Fa\u00e7a o que fizer, n\u00e3o entre num contrato de fabrico sem pensar bem no assunto. \u00c9 importante trabalhar com consultores experientes e conhecedores durante todo o processo para evitar quaisquer problemas com o seu fabricante chin\u00eas. Desta forma, pode sentir-se confiante de que os seus produtos est\u00e3o a ser fabricados com materiais de alta qualidade e que foram bem trabalhados.<\/p>","protected":false},"excerpt":{"rendered":"<p>And if you&#8217;re thinking of China contract manufacturing, you&#8217;re probably not alone in your quest. But don&#8217;t despair! We&#8217;ve got some tips that will help you make sure your China contract manufacturing experience is a smooth one.China contract manufacturing is an attractive option for companies looking to expand their business. The country has a strong [&hellip;]<\/p>\n","protected":false},"author":1,"featured_media":0,"parent":0,"menu_order":0,"comment_status":"open","ping_status":"open","template":"","meta":{"footnotes":""},"class_list":["post-8952","page","type-page","status-publish","hentry"],"blocksy_meta":{"styles_descriptor":{"styles":{"desktop":"","tablet":"","mobile":""},"google_fonts":[],"version":6}},"_links":{"self":[{"href":"https:\/\/www.plasticmoulds.net\/pt\/wp-json\/wp\/v2\/pages\/8952","targetHints":{"allow":["GET"]}}],"collection":[{"href":"https:\/\/www.plasticmoulds.net\/pt\/wp-json\/wp\/v2\/pages"}],"about":[{"href":"https:\/\/www.plasticmoulds.net\/pt\/wp-json\/wp\/v2\/types\/page"}],"author":[{"embeddable":true,"href":"https:\/\/www.plasticmoulds.net\/pt\/wp-json\/wp\/v2\/users\/1"}],"replies":[{"embeddable":true,"href":"https:\/\/www.plasticmoulds.net\/pt\/wp-json\/wp\/v2\/comments?post=8952"}],"version-history":[{"count":0,"href":"https:\/\/www.plasticmoulds.net\/pt\/wp-json\/wp\/v2\/pages\/8952\/revisions"}],"wp:attachment":[{"href":"https:\/\/www.plasticmoulds.net\/pt\/wp-json\/wp\/v2\/media?parent=8952"}],"curies":[{"name":"wp","href":"https:\/\/api.w.org\/{rel}","templated":true}]}}