{"id":8899,"date":"2022-10-11T09:33:00","date_gmt":"2022-10-11T01:33:00","guid":{"rendered":"https:\/\/plasticmoulds.net\/?p=8899"},"modified":"2022-10-12T09:34:57","modified_gmt":"2022-10-12T01:34:57","slug":"como-o-fabrico-de-baixo-volume-na-china-pode-ajudar-as-pequenas-empresas-em-2022","status":"publish","type":"page","link":"https:\/\/www.plasticmoulds.net\/pt\/how-china-low-volume-manufacturing-can-help-small-businesses-2022","title":{"rendered":"Como \u00e9 que o fabrico de baixo volume na China pode ajudar as pequenas empresas em 2022"},"content":{"rendered":"<p>Quando se \u00e9 propriet\u00e1rio de uma pequena empresa, a \u00faltima coisa que se quer fazer \u00e9 gastar tempo e dinheiro em processos de fabrico. Mas n\u00e3o se pode dar a esse luxo e n\u00e3o se tem tempo.<\/p><p>E se eu lhe dissesse que existe uma forma de reduzir os seus custos de produ\u00e7\u00e3o sem sacrificar a qualidade ou aumentar a sua carga de trabalho?<\/p><figure class=\"wp-block-image aligncenter size-full\"><a href=\"https:\/\/plasticmoulds.net\/wp-content\/uploads\/2022\/07\/018-mass-production-1.png\"><img loading=\"lazy\" decoding=\"async\" width=\"512\" height=\"512\" src=\"https:\/\/plasticmoulds.net\/wp-content\/uploads\/2022\/07\/018-mass-production-1.png\" alt=\"\" class=\"wp-image-7934\" srcset=\"https:\/\/www.plasticmoulds.net\/wp-content\/uploads\/2022\/07\/018-mass-production-1.png 512w, https:\/\/www.plasticmoulds.net\/wp-content\/uploads\/2022\/07\/018-mass-production-1-300x300.png 300w, https:\/\/www.plasticmoulds.net\/wp-content\/uploads\/2022\/07\/018-mass-production-1-150x150.png 150w\" sizes=\"auto, (max-width: 512px) 100vw, 512px\" \/><\/a><\/figure><p>Chama-se \"<strong>fabrico de baixo volume<\/strong>.\" E \u00e9 exatamente o que parece: um m\u00e9todo para produzir pequenos volumes de produtos de alta qualidade a um pre\u00e7o acess\u00edvel.<\/p><p>O fabrico de baixo volume utiliza muitos dos mesmos princ\u00edpios que o fabrico just-in-time, mas com ajustamentos espec\u00edficos que o tornam ideal para pequenas empresas com or\u00e7amentos e recursos limitados.<\/p><p>De facto, de acordo com um estudo, o fabrico de baixo volume pode reduzir os custos at\u00e9 50%.<\/p><h2 class=\"wp-block-heading\">A elimina\u00e7\u00e3o de ferramentas reduz<\/h2><p>A diferen\u00e7a mais significativa entre o fabrico de grande volume e o fabrico de pequeno volume resume-se a <strong><a href=\"https:\/\/plasticmoulds.net\/plastic-mold-tool-cost\" target=\"_blank\" rel=\"noreferrer noopener\">custos de ferramentas<\/a><\/strong>. A produ\u00e7\u00e3o de grandes volumes requer moldes e matrizes dispendiosos para cada pe\u00e7a, o que pode ser muito caro. <\/p><p>Por exemplo, se precisar de 100 pe\u00e7as com 10 pe\u00e7as diferentes por molde, ent\u00e3o precisar\u00e1 de 10 moldes ou matrizes. S\u00f3 o custo das ferramentas pode ser de milhares de d\u00f3lares por pe\u00e7a. <\/p><p>Em contrapartida, a produ\u00e7\u00e3o de baixo volume utiliza ferramentas simples, como pun\u00e7\u00f5es e matrizes, feitas de materiais b\u00e1sicos, como a\u00e7o de baixa qualidade ou alum\u00ednio. Isto elimina grande parte dos custos de ferramentas associados aos processos de fabrico em grande escala. <\/p><p>No entanto, isto tamb\u00e9m significa que n\u00e3o h\u00e1 margem para erros quando se trata de criar estas ferramentas simples, porque t\u00eam de ser sempre exactas para que funcionem corretamente com o design do seu produto. Estas ferramentas simples tamb\u00e9m n\u00e3o podem ser reutilizadas e devem ser substitu\u00eddas ap\u00f3s cada produ\u00e7\u00e3o. <\/p><p>Isto significa que os custos das ferramentas s\u00e3o muito mais elevados do que noutros processos de fabrico, mas tamb\u00e9m reduz o custo global do seu produto ao reduzir a necessidade de ferramentas mais dispendiosas, como moldes ou matrizes.<\/p><h2 class=\"wp-block-heading\">Fabrico de alta mistura e baixo volume<\/h2><p>O fabrico de alta mistura e baixo volume \u00e9 o processo de produ\u00e7\u00e3o de uma s\u00e9rie de produtos com pequenas varia\u00e7\u00f5es de design. \u00c9 ideal para os propriet\u00e1rios de pequenas empresas que pretendem produzir uma grande quantidade de produtos diferentes, mas n\u00e3o t\u00eam recursos para investir em maquinaria de produ\u00e7\u00e3o em massa ou na produ\u00e7\u00e3o de lotes em grande escala.<\/p><p>As pequenas empresas enfrentam desafios \u00fanicos quando se trata de fabricar os seus produtos. N\u00e3o t\u00eam os recursos ou a capacidade que as grandes empresas t\u00eam, pelo que muitas vezes t\u00eam de encontrar solu\u00e7\u00f5es criativas para as suas necessidades de fabrico.<\/p><figure class=\"wp-block-image aligncenter size-full\"><a href=\"https:\/\/plasticmoulds.net\/wp-content\/uploads\/2022\/07\/010-conveyor.png\"><img loading=\"lazy\" decoding=\"async\" width=\"512\" height=\"512\" src=\"https:\/\/plasticmoulds.net\/wp-content\/uploads\/2022\/07\/010-conveyor.png\" alt=\"\" class=\"wp-image-7926\" srcset=\"https:\/\/www.plasticmoulds.net\/wp-content\/uploads\/2022\/07\/010-conveyor.png 512w, https:\/\/www.plasticmoulds.net\/wp-content\/uploads\/2022\/07\/010-conveyor-300x300.png 300w, https:\/\/www.plasticmoulds.net\/wp-content\/uploads\/2022\/07\/010-conveyor-150x150.png 150w\" sizes=\"auto, (max-width: 512px) 100vw, 512px\" \/><\/a><\/figure><p>Uma instala\u00e7\u00e3o de fabrico de alta mistura e baixo volume (HMLV) foi concebida especificamente para pequenas empresas que necessitam de produzir m\u00faltiplas varia\u00e7\u00f5es de um produto em pequenas quantidades a pre\u00e7os acess\u00edveis. <\/p><p>Estas instala\u00e7\u00f5es s\u00e3o frequentemente designadas por \"job shops\" porque aceitam trabalhos de muitos clientes diferentes ao mesmo tempo e executam cada tarefa separadamente sem qualquer sobreposi\u00e7\u00e3o. Esta \u00e9 uma \u00f3ptima op\u00e7\u00e3o para os fabricantes que precisam de produzir pequenos lotes de muitos produtos diferentes, mas n\u00e3o \u00e9 a melhor escolha se se quiser concentrar numa linha de produtos e aument\u00e1-la rapidamente.<\/p><p>Muitas pequenas empresas produzem pe\u00e7as em baixo volume, mas com uma mistura elevada. Isto significa que precisam de produzir uma variedade de pe\u00e7as diferentes. Por exemplo, se for propriet\u00e1rio de uma oficina de repara\u00e7\u00e3o autom\u00f3vel, poder\u00e1 ter de produzir centenas de tipos diferentes de suportes de motor, cada um com as suas dimens\u00f5es \u00fanicas.<\/p><h2 class=\"wp-block-heading\">Fabrico Just-in-Time<\/h2><p>O fabrico just-in-time \u00e9 um componente chave do fabrico lean. Trata-se de uma estrat\u00e9gia que permite aos fabricantes reduzir os custos atrav\u00e9s da redu\u00e7\u00e3o dos n\u00edveis de invent\u00e1rio e do desperd\u00edcio. O termo \"just-in-time\" foi utilizado pela primeira vez por Taiichi Ohno, o pai do sistema de fabrico da Toyota Motor Corporation conhecido como Lean Manufacturing.<\/p><p>O fabrico just-in-time centra-se na elimina\u00e7\u00e3o de desperd\u00edcios no processo de produ\u00e7\u00e3o. O desperd\u00edcio pode incluir qualquer coisa, desde o excesso de tempo gasto \u00e0 espera da chegada de pe\u00e7as ou m\u00e1quinas, at\u00e9 ao excesso de stock de produtos acabados que podem n\u00e3o ser vendidos t\u00e3o rapidamente como planeado. <\/p><p>O fabrico just-in-time visa eliminar estes problemas, fazendo com que as pe\u00e7as sejam entregues exatamente quando s\u00e3o necess\u00e1rias, em vez de manter grandes quantidades de invent\u00e1rio sempre \u00e0 m\u00e3o.<\/p><p>As vantagens do fabrico just-in-time incluem:<\/p><ul class=\"wp-block-list\"><li>Reduz o desperd\u00edcio ao eliminar a sobreprodu\u00e7\u00e3o;<\/li><li>Melhora a efici\u00eancia, eliminando os atrasos devidos \u00e0 espera de pe\u00e7as ou materiais;<\/li><li>Reduz os custos de invent\u00e1rio ao diminuir a quantidade de materiais mantidos em stock.<\/li><\/ul><h2 class=\"wp-block-heading\">Fabrico de produtos complexos<\/h2><p>O fabrico de produtos complexos, como dispositivos m\u00e9dicos, equipamento aeroespacial e outros bens de alta tecnologia, \u00e9 um assunto complicado. Estes produtos requerem frequentemente maquinaria dispendiosa, engenharia avan\u00e7ada e muito trabalho manual.<\/p><p>Os fabricantes t\u00eam de gerir cuidadosamente o fluxo de materiais atrav\u00e9s das suas instala\u00e7\u00f5es, desde as mat\u00e9rias-primas no armaz\u00e9m at\u00e9 aos produtos acabados numa palete destinada aos centros de distribui\u00e7\u00e3o ou aos clientes. <\/p><p>A complexidade destes processos de fabrico pode tornar dif\u00edcil para as pequenas empresas acompanhar a procura, especialmente se n\u00e3o tiverem empregados ou espa\u00e7o suficiente para se dedicarem inteiramente \u00e0 produ\u00e7\u00e3o.<\/p><p>Muitos fabricantes optam por subcontratar o fabrico de pequenos volumes porque isso lhes permite concentrarem-se na sua atividade principal e, ao mesmo tempo, produzirem produtos de alta qualidade dentro do prazo e do or\u00e7amento. <\/p><p>O processo envolve a externaliza\u00e7\u00e3o de partes do seu processo de produ\u00e7\u00e3o para outra empresa especializada em servi\u00e7os de produ\u00e7\u00e3o de baixo volume, como o fabrico de produtos complexos ou a personaliza\u00e7\u00e3o de produtos para cumprir especifica\u00e7\u00f5es espec\u00edficas. <\/p><p>Isto pode ajudar a aliviar alguma da press\u00e3o associada \u00e0 gest\u00e3o de uma opera\u00e7\u00e3o de fabrico eficiente, mantendo simultaneamente o controlo dos padr\u00f5es de qualidade e dos prazos.<\/p><h2 class=\"wp-block-heading\">Aproximar o fabrico do cliente<\/h2><p>\u00c0 medida que a economia global se tornou cada vez mais digitalizada e baseada em servi\u00e7os, o mundo tornou-se mais conectado. Isto significa que os produtos podem ser fabricados num local, enviados para outro e a\u00ed montados. O resultado final \u00e9 que o fabrico j\u00e1 n\u00e3o precisa de ocorrer em grandes quantidades e numa localiza\u00e7\u00e3o central.<\/p><p>O fabrico de baixo volume oferece muitas vantagens \u00e0s empresas que pretendem manter-se competitivas na economia global atual.<\/p><p>Pode manter-se pr\u00f3ximo dos seus clientes. Se \u00e9 um fabricante que vende produtos diretamente aos consumidores, ent\u00e3o sabe como \u00e9 importante estar pr\u00f3ximo dos seus clientes. Pretende que eles possam contact\u00e1-lo facilmente com quaisquer quest\u00f5es ou preocupa\u00e7\u00f5es que possam ter sobre o seu produto ou servi\u00e7o. <\/p><figure class=\"wp-block-image aligncenter size-full\"><a href=\"https:\/\/plasticmoulds.net\/wp-content\/uploads\/2022\/07\/008-industrial.png\"><img loading=\"lazy\" decoding=\"async\" width=\"512\" height=\"512\" src=\"https:\/\/plasticmoulds.net\/wp-content\/uploads\/2022\/07\/008-industrial.png\" alt=\"\" class=\"wp-image-7923\" srcset=\"https:\/\/www.plasticmoulds.net\/wp-content\/uploads\/2022\/07\/008-industrial.png 512w, https:\/\/www.plasticmoulds.net\/wp-content\/uploads\/2022\/07\/008-industrial-300x300.png 300w, https:\/\/www.plasticmoulds.net\/wp-content\/uploads\/2022\/07\/008-industrial-150x150.png 150w\" sizes=\"auto, (max-width: 512px) 100vw, 512px\" \/><\/a><\/figure><p>O fabrico de baixo volume permite-lhe fabricar produtos mais perto do local onde vivem os seus clientes, de modo a poder servi-los melhor durante as interac\u00e7\u00f5es de servi\u00e7o ao cliente em curso, bem como durante as transac\u00e7\u00f5es de venda iniciais, quando estes lhe compram pela primeira vez.<\/p><p>\u00c9 poss\u00edvel aumentar as margens de lucro reduzindo os custos do espa\u00e7o de armazenamento do invent\u00e1rio. Quando se fabricam grandes quantidades e se armazenam esses bens em armaz\u00e9ns de invent\u00e1rio, torna-se necess\u00e1rio que sejam armazenados a uma temperatura \u00f3ptima para que n\u00e3o se estraguem antes de serem vendidos ou utilizados por consumidores que precisam deles imediatamente (como os fabricantes de alimentos).<\/p><h2 class=\"wp-block-heading\">final:<\/h2><p>O fabrico de baixo volume \u00e9 um dom\u00ednio relativamente novo na ind\u00fastria transformadora que consiste na externaliza\u00e7\u00e3o de pe\u00e7as, produtos e materiais a terceiros. <\/p><p>Isto permite que a sua empresa se concentre mais no aspeto da produ\u00e7\u00e3o, enquanto as empresas mais pequenas tratam do design e da marca dos produtos. Esta tend\u00eancia crescente ser\u00e1 predominante em todos os sectores, uma vez que as pequenas empresas procuram fazer crescer o seu neg\u00f3cio externalizando-o para outras empresas e mantendo os custos baixos.<\/p><hr class=\"wp-block-separator has-alpha-channel-opacity\"\/><h2 class=\"wp-block-heading\">Moldagem por inje\u00e7\u00e3o de pequeno volume na China<\/h2><p>Muitas pessoas ouvem as palavras \"China\" e \"moldagem\" na mesma frase e assumem o pior. Pensam em produtos baratos e de baixa qualidade, fabricados com recurso a pr\u00e1ticas de fabrico que n\u00e3o cumprem as normas e que p\u00f5em em risco a vida dos trabalhadores.<\/p><p>Mas nem sempre \u00e9 esse o caso.<\/p><p>A China tem uma longa hist\u00f3ria de produ\u00e7\u00e3o de bens de qualidade para exporta\u00e7\u00e3o. De facto, alguns dos produtos mais bem feitos do mundo v\u00eam da China! E no que diz respeito \u00e0 moldagem por inje\u00e7\u00e3o de pl\u00e1stico, a China \u00e9, de facto, um dos pa\u00edses mais sofisticados do mundo.<\/p><p>A moldagem por inje\u00e7\u00e3o \u00e9 uma forma popular de fabricar pe\u00e7as e dispositivos de pl\u00e1stico. A China \u00e9 um bom local para fabricar moldes de inje\u00e7\u00e3o de baixo volume porque o custo da m\u00e3o de obra \u00e9 muito inferior ao dos Estados Unidos ou da Europa. Muitos fabricantes chineses t\u00eam quantidades m\u00ednimas de encomenda (MOQs) de apenas 1.000 pe\u00e7as e prazos de entrega t\u00e3o curtos como 3-4 semanas. Este facto pode ser extremamente \u00fatil para as pequenas empresas que pretendam iniciar a sua pr\u00f3pria linha de produtos, mas que n\u00e3o pretendam investir muito dinheiro em ferramentas e custos de produ\u00e7\u00e3o \u00e0 partida.<\/p><p>Ent\u00e3o, como saber se estamos a lidar com um fornecedor fi\u00e1vel? \u00c9 preciso olhar para os pormenores:<\/p><ol class=\"wp-block-list\"><li>Quantidade m\u00ednima de encomenda (MOQ) - Um fornecedor respeit\u00e1vel n\u00e3o lhe pedir\u00e1 uma encomenda enorme antes de ter tido a oportunidade de se encontrar consigo ou de ver o seu produto. Em vez disso, querer\u00e1 certificar-se de que o seu projeto \u00e9 s\u00e9rio antes de dedicar demasiado tempo ou dinheiro ao mesmo.<\/li><\/ol><ul class=\"wp-block-list\"><li>Prazos de entrega - Os melhores fornecedores t\u00eam prazos de entrega r\u00e1pidos para poderem entregar o seu produto o mais rapidamente poss\u00edvel (e ainda assim cumprir as normas de qualidade). Se n\u00e3o lhe puderem dar uma data exacta de quando pode esperar o seu produto, ent\u00e3o provavelmente deve procurar outro fornecedor.<\/li><li>Pre\u00e7o - O pre\u00e7o de um produto n\u00e3o deve ser a \u00fanica coisa a ter em conta ao escolher um fornecedor; no entanto, \u00e9 importante certificar-se de que n\u00e3o est\u00e3o a tentar engan\u00e1-lo. Uma boa regra geral \u00e9 comparar os pre\u00e7os com outros fornecedores e certificar-se de que s\u00e3o compar\u00e1veis antes de assinar qualquer contrato.<\/li><\/ul>","protected":false},"excerpt":{"rendered":"<p>When you&#8217;re a small business owner, the last thing you want to do is spend your time and money on manufacturing processes. But you can&#8217;t afford it and you don&#8217;t have the time.What if I told you that there&#8217;s a way to cut down on your manufacturing costs without sacrificing quality or increasing your work [&hellip;]<\/p>\n","protected":false},"author":11,"featured_media":0,"parent":0,"menu_order":0,"comment_status":"open","ping_status":"open","template":"","meta":{"footnotes":""},"class_list":["post-8899","page","type-page","status-publish","hentry"],"blocksy_meta":{"styles_descriptor":{"styles":{"desktop":"","tablet":"","mobile":""},"google_fonts":[],"version":6}},"_links":{"self":[{"href":"https:\/\/www.plasticmoulds.net\/pt\/wp-json\/wp\/v2\/pages\/8899","targetHints":{"allow":["GET"]}}],"collection":[{"href":"https:\/\/www.plasticmoulds.net\/pt\/wp-json\/wp\/v2\/pages"}],"about":[{"href":"https:\/\/www.plasticmoulds.net\/pt\/wp-json\/wp\/v2\/types\/page"}],"author":[{"embeddable":true,"href":"https:\/\/www.plasticmoulds.net\/pt\/wp-json\/wp\/v2\/users\/11"}],"replies":[{"embeddable":true,"href":"https:\/\/www.plasticmoulds.net\/pt\/wp-json\/wp\/v2\/comments?post=8899"}],"version-history":[{"count":0,"href":"https:\/\/www.plasticmoulds.net\/pt\/wp-json\/wp\/v2\/pages\/8899\/revisions"}],"wp:attachment":[{"href":"https:\/\/www.plasticmoulds.net\/pt\/wp-json\/wp\/v2\/media?parent=8899"}],"curies":[{"name":"wp","href":"https:\/\/api.w.org\/{rel}","templated":true}]}}