{"id":8650,"date":"2022-09-08T12:56:15","date_gmt":"2022-09-08T04:56:15","guid":{"rendered":"https:\/\/plasticmoulds.net\/?p=8650"},"modified":"2022-12-29T11:10:29","modified_gmt":"2022-12-29T03:10:29","slug":"porque-e-que-precisa-de-moldagem-por-injecao-de-policarbonato-na-china","status":"publish","type":"page","link":"https:\/\/www.plasticmoulds.net\/pt\/why-you-need-china-polycarbonate-injection-molding","title":{"rendered":"Porque \u00e9 que precisa de moldagem por inje\u00e7\u00e3o de policarbonato na China"},"content":{"rendered":"<h1 class=\"wp-block-heading\">Porque \u00e9 que precisa de moldagem por inje\u00e7\u00e3o de policarbonato na China<\/h1><p><a href=\"https:\/\/plasticmoulds.net\/polycarbonate-injection-molding.html\">Moldagem por injec\u00e7\u00e3o de policarbonato<\/a> \u00e9 um processo de fabrico que utiliza o calor para amolecer e moldar a resina de PC, que endurece e assume a forma do objeto. Quando o material pr\u00e9-formado \u00e9 comprimido at\u00e9 \u00e0 sua forma final com alta press\u00e3o, este processo difere da moldagem por compress\u00e3o.<\/p><p>Sendo um material forte e leve, o policarbonato \u00e9 popular para moldagem por inje\u00e7\u00e3o. Al\u00e9m de \u00f3culos e monitores de computador, os fabricantes utilizam moldes de policarbonato para produzir brinquedos, artigos desportivos, pe\u00e7as de autom\u00f3vel e muito mais. Este artigo explora as vantagens da moldagem por inje\u00e7\u00e3o de policarbonato na China.<\/p><figure class=\"wp-block-image size-large\"><a href=\"https:\/\/plasticmoulds.net\/wp-content\/uploads\/2022\/05\/1620963291604.jpg\"><img loading=\"lazy\" decoding=\"async\" width=\"640\" height=\"291\" src=\"https:\/\/plasticmoulds.net\/wp-content\/uploads\/2022\/05\/1620963291604.jpg\" alt=\"\" class=\"wp-image-7479\" srcset=\"https:\/\/www.plasticmoulds.net\/wp-content\/uploads\/2022\/05\/1620963291604.jpg 640w, https:\/\/www.plasticmoulds.net\/wp-content\/uploads\/2022\/05\/1620963291604-300x136.jpg 300w\" sizes=\"auto, (max-width: 640px) 100vw, 640px\" \/><\/a><\/figure><h2 class=\"wp-block-heading\">O que \u00e9 o policarbonato?<\/h2><p>O policarbonato \u00e9 um pol\u00edmero termopl\u00e1stico que cont\u00e9m grupos carbonato. O policarbonato \u00e9 um material forte, dur\u00e1vel e transparente. \u00d3culos, equipamento m\u00e9dico e componentes autom\u00f3veis s\u00e3o frequentemente produzidos com estes materiais.<\/p><p>As pe\u00e7as moldadas por inje\u00e7\u00e3o feitas de policarbonatos tamb\u00e9m podem ter uma resist\u00eancia superior ao impacto. A moldagem por inje\u00e7\u00e3o envolve o aquecimento do pl\u00e1stico at\u00e9 este ficar macio e flex\u00edvel e, em seguida, \u00e9 colocado num molde. \u00c0 medida que o pl\u00e1stico arrefece, endurece at\u00e9 ao seu estado final.<\/p><p>A termoformagem do policarbonato tamb\u00e9m \u00e9 poss\u00edvel e envolve o aquecimento do pl\u00e1stico e o for\u00e7amento da forma desejada com um v\u00e1cuo ou forno. Uma pe\u00e7a ou componente de policarbonato \u00e9 uma excelente escolha para muitas aplica\u00e7\u00f5es diferentes devido \u00e0 sua resist\u00eancia e flexibilidade.<\/p><h2 class=\"wp-block-heading\">Vantagens do policarbonato para moldagem por inje\u00e7\u00e3o<\/h2><p><mark>O policarbonato \u00e9 um material resistente e<\/mark>O policarbonato \u00e9 um material dur\u00e1vel, o que o torna uma boa escolha para a moldagem por inje\u00e7\u00e3o. A moldagem por inje\u00e7\u00e3o de policarbonato \u00e9 um excelente m\u00e9todo para produzir pe\u00e7as de pl\u00e1stico de alta qualidade. Como resultado, pode suportar temperaturas extremas e oferecer muitos benef\u00edcios, tais como resist\u00eancia, durabilidade e clareza \u00f3tica. Para al\u00e9m de proporcionar 100% de prote\u00e7\u00e3o UV, o policarbonato \u00e9 tamb\u00e9m extremamente resistente ao calor. \u00c9 poss\u00edvel fabricar equipamento de prote\u00e7\u00e3o, como protec\u00e7\u00f5es faciais, viseiras, \u00f3culos de seguran\u00e7a e \u00f3culos de prote\u00e7\u00e3o.<\/p><p>Al\u00e9m disso, o policarbonato \u00e9 altamente resistente a quebras e estilha\u00e7os devido \u00e0 sua elevada resist\u00eancia ao impacto. Al\u00e9m disso, o material encolhe uniformemente sob condi\u00e7\u00f5es de molde, facilitando a moldagem por inje\u00e7\u00e3o sem comprometer a qualidade ou a precis\u00e3o do produto. Al\u00e9m disso,<\/p><p>Regra geral, a moldagem por inje\u00e7\u00e3o de policarbonato proporciona uma excelente clareza \u00f3tica e pode suportar temperaturas extremas. Quando utilizado em equipamento de prote\u00e7\u00e3o, a elevada resist\u00eancia ao impacto do material e a retra\u00e7\u00e3o uniforme do molde garantem a precis\u00e3o no fabrico de pe\u00e7as moldadas por inje\u00e7\u00e3o.<\/p><h2 class=\"wp-block-heading\">As vantagens da moldagem por inje\u00e7\u00e3o de policarbonato na China<\/h2><p>H\u00e1 uma grande variedade de vantagens na moldagem por inje\u00e7\u00e3o de policarbonato na China.<\/p><p>T<strong>o custo da moldagem por inje\u00e7\u00e3o na China \u00e9 baixo<\/strong>. Os pre\u00e7os s\u00e3o geralmente muito mais baixos do que os de outros materiais, como o acr\u00edlico e o vidro, e s\u00e3o mesmo compar\u00e1veis aos do pl\u00e1stico ABS. No entanto, uma vez que apenas necessita de uma pequena quantidade de material para produzir o seu produto (dependendo do seu tamanho), o custo total ser\u00e1 muito inferior ao de muitos outros tipos de pl\u00e1sticos.<\/p><div class=\"wp-block-group is-layout-flow wp-block-group-is-layout-flow\"><h4 class=\"wp-block-heading\">Porqu\u00ea aqueles importantes para o custo da moldagem por injec\u00e7\u00e3o<\/h4><ul class=\"wp-block-list\"><li><strong>Tamanho da pe\u00e7a...\u00a0<\/strong>pe\u00e7as maiores significam um molde maior, o que significa que a\u00e7o maior aumentar\u00e1 o custo do a\u00e7o para o molde de injec\u00e7\u00e3o.<\/li><li><strong>Desenho da pe\u00e7a...<\/strong> quanto mais complexa for uma pe\u00e7a, mais pormenorizado ter\u00e1 de ser o molde. Algumas pe\u00e7as complicadas exigir\u00e3o a adi\u00e7\u00e3o de caracter\u00edsticas especiais, tais como elevadores ou corredi\u00e7as. Portanto, deve estar aberto a conselhos do fabricante do molde e ver se h\u00e1 algum lugar onde possa alterar o desenho da pe\u00e7a para poupar nos custos do molde de injec\u00e7\u00e3o.<\/li><li><b>Materiais: <\/b>Dependendo do material da pe\u00e7a escolhida, o molde de injec\u00e7\u00e3o ter\u00e1 de ser feito de um determinado material. Por exemplo, se se pretender utilizar PVC de tipo pl\u00e1stico corrosivo, o molde ter\u00e1 de ser de a\u00e7o inoxid\u00e1vel para evitar qualquer dano, acabando por fazer subir o pre\u00e7o.<\/li><li><strong>Requisitos de acabamento da pe\u00e7a...\u00a0<\/strong>onde as pe\u00e7as t\u00eam requisitos de superf\u00edcie de alto brilho, ent\u00e3o o a\u00e7o mais caro e o polimento t\u00e9cnico preciso ser\u00e3o vitais, aumentando o pre\u00e7o.<\/li><li><strong>Volume de produ\u00e7\u00e3o...\u00a0<\/strong>moldes de maior volume precisam de mais cavidades, e por isso o molde ser\u00e1 maior. Requerem tamb\u00e9m uma qualidade de a\u00e7o mais elevada para durar mais tempo, o que tem impacto no <a href=\"https:\/\/plasticmoulds.net\/plastic-mold-tool-cost\">custo do molde de injec\u00e7\u00e3o<\/a>.<\/li><li><strong>Pa\u00eds de fabrico...<\/strong> pa\u00edses diferentes t\u00eam taxas salariais diferentes. Se o seu molde \u00e9 feito num pa\u00eds onde os custos de m\u00e3o-de-obra s\u00e3o baixos, ent\u00e3o naturalmente poupar\u00e1 dinheiro. Na China, o custo m\u00e9dio de um molde de injec\u00e7\u00e3o \u00e9 cerca de 40% menos do que nas na\u00e7\u00f5es ocidentais.<\/li><\/ul><\/div><p>D<strong>os prazos de entrega s\u00e3o r\u00e1pidos<\/strong>-alguns dias (para prot\u00f3tipos de moldes) ou semanas, no m\u00e1ximo, para produtos acabados que utilizam este processo! Isto \u00e9 especialmente importante se precisar de ter o seu produto pronto rapidamente e n\u00e3o tiver tempo para esperar semanas ou meses a fio.<\/p><p><strong>F\u00e1cil de utilizar<\/strong>Este m\u00e9todo \u00e9 flex\u00edvel e f\u00e1cil de utilizar (o que o torna bastante popular). Tamb\u00e9m pode produzir pe\u00e7as de boa qualidade com pouco ou nenhum p\u00f3s-processamento necess\u00e1rio ap\u00f3s a moldagem; isto reduz ainda mais os custos de m\u00e3o de obra associados \u00e0 cria\u00e7\u00e3o do seu produto!<\/p><h2 class=\"wp-block-heading\">Solu\u00e7\u00f5es rent\u00e1veis para reduzir os custos<\/h2><p>A efici\u00eancia de custos \u00e9 fundamental para se manter competitivo no mercado atual, e a redu\u00e7\u00e3o de custos atrav\u00e9s de processos e solu\u00e7\u00f5es melhorados \u00e9 uma forma de ajudar as empresas a manterem-se na vanguarda. A efici\u00eancia de custos pode ser alcan\u00e7ada atrav\u00e9s da racionaliza\u00e7\u00e3o dos processos de produ\u00e7\u00e3o, da otimiza\u00e7\u00e3o dos desenhos e da melhoria da efici\u00eancia operacional.<\/p><p>Uma forma de reduzir os custos de moldagem por inje\u00e7\u00e3o de PC \u00e9 simplificar o design das pe\u00e7as moldadas por inje\u00e7\u00e3o. Ao eliminar caracter\u00edsticas ou componentes desnecess\u00e1rios, pode reduzir a complexidade do molde de inje\u00e7\u00e3o e poupar dinheiro nos custos de fabrico. Al\u00e9m disso, a redu\u00e7\u00e3o das temperaturas de fus\u00e3o pode reduzir os tempos de ciclo e melhorar a efici\u00eancia operacional para uma produ\u00e7\u00e3o mais r\u00e1pida com custos mais baixos.<\/p><p>Os moldes familiares s\u00e3o outra grande solu\u00e7\u00e3o de poupan\u00e7a de custos, uma vez que permitem a produ\u00e7\u00e3o simult\u00e2nea de v\u00e1rias c\u00f3pias da mesma pe\u00e7a ou de diferentes partes de um produto num \u00fanico processo de moldagem. Os designers de produtos tamb\u00e9m devem considerar formas de otimizar os seus designs para poupar custos, como a utiliza\u00e7\u00e3o de menos componentes ou materiais mais econ\u00f3micos.<\/p><p>Ao concentrarem-se em solu\u00e7\u00f5es rent\u00e1veis e na racionaliza\u00e7\u00e3o dos processos, as empresas podem reduzir as despesas gerais, continuando a produzir produtos de qualidade a pre\u00e7os competitivos.<\/p><h2 class=\"wp-block-heading\">Considera\u00e7\u00f5es sobre a conce\u00e7\u00e3o para otimizar o processo<\/h2><p>O design para a moldagem por inje\u00e7\u00e3o de pl\u00e1stico \u00e9 um processo complexo que requer a considera\u00e7\u00e3o cuidadosa de muitos factores. Para garantir pe\u00e7as de qualidade, o designer deve considerar as propriedades do material, o design da pe\u00e7a, o design das ferramentas e o processo de moldagem por inje\u00e7\u00e3o. Ao ter em conta todos estes factores e ao optimiz\u00e1-los em conformidade, os fabricantes podem produzir pe\u00e7as consistentes com resultados superiores.<\/p><p>A sele\u00e7\u00e3o de materiais desempenha um papel importante na determina\u00e7\u00e3o do sucesso de um projeto. Os diferentes materiais t\u00eam caracter\u00edsticas diferentes que podem afetar o seu desempenho e durabilidade. Por exemplo, o policarbonato (PC) \u00e9 adequado para aplica\u00e7\u00f5es que requerem resist\u00eancia a altas temperaturas ou resist\u00eancia ao impacto, enquanto o nylon \u00e9 frequentemente utilizado pela sua resist\u00eancia superior \u00e0 abras\u00e3o. Al\u00e9m disso, as resinas refor\u00e7adas com fibras de vidro ou outros materiais de enchimento podem aumentar a resist\u00eancia e a rigidez de uma pe\u00e7a sem sacrificar a sua flexibilidade ou outras propriedades.<\/p><p>A conce\u00e7\u00e3o das pe\u00e7as tamb\u00e9m \u00e9 importante para garantir resultados de moldagem por inje\u00e7\u00e3o bem sucedidos. As caracter\u00edsticas geom\u00e9tricas, tais como paredes, nervuras e sali\u00eancias, devem ser consideradas cuidadosamente para garantir que s\u00e3o concebidas corretamente para um enchimento \u00f3timo durante a moldagem por inje\u00e7\u00e3o e para minimizar as concentra\u00e7\u00f5es de tens\u00e3o nas pe\u00e7as acabadas. O projetista deve tamb\u00e9m ter em conta a forma como a ventila\u00e7\u00e3o ser\u00e1 tratada durante a produ\u00e7\u00e3o para evitar que o ar retido crie defeitos nas pe\u00e7as moldadas.<\/p><h2 class=\"wp-block-heading\">Procedimento de moldagem por inje\u00e7\u00e3o de policarbonato<\/h2><ul class=\"wp-block-list\"><li><strong>Conce\u00e7\u00e3o do molde<\/strong>Depois de saber qual o tipo de pl\u00e1stico que pretende utilizar, \u00e9 altura de come\u00e7ar <a href=\"https:\/\/plasticmoulds.net\/what-is-plastic-mold.html\" target=\"_blank\" rel=\"noreferrer noopener\">conce\u00e7\u00e3o do molde<\/a>. O primeiro passo \u00e9 decidir quantas pe\u00e7as ser\u00e3o feitas a partir de um molde e como se encaixar\u00e3o - isto determinar\u00e1 quantas cavidades s\u00e3o necess\u00e1rias no produto final. A partir da\u00ed, pode passar \u00e0 cria\u00e7\u00e3o de um ficheiro CAD do seu produto com todas as suas dimens\u00f5es e caracter\u00edsticas. Este ficheiro deve ser enviado para aprova\u00e7\u00e3o antes de prosseguir com a produ\u00e7\u00e3o (uma vez que poder\u00e1 ser necess\u00e1rio efetuar algumas modifica\u00e7\u00f5es).<\/li><li><strong>Fabrico do molde<\/strong>Depois de receber a aprova\u00e7\u00e3o do seu ficheiro CAD, \u00e9 altura de come\u00e7ar a fabricar o molde. Este processo pode levar de v\u00e1rias semanas a meses, dependendo do n\u00famero de pe\u00e7as do seu projeto e da sua complexidade. Quando o molde estiver completo, ter\u00e1 de o enviar para aprova\u00e7\u00e3o antes de passar \u00e0 moldagem por inje\u00e7\u00e3o.<\/li><li><strong>Testar e inspecionar o molde para garantir a qualidade.<\/strong>Depois de o molde ter sido fabricado, \u00e9 necess\u00e1rio testar a sua qualidade. Isto \u00e9 feito injectando uma pequena quantidade de pl\u00e1stico em cada cavidade e depois examinando a forma como este flui atrav\u00e9s dos canais interiores. Se existirem imperfei\u00e7\u00f5es, estas ter\u00e3o de ser corrigidas antes de se avan\u00e7ar com a produ\u00e7\u00e3o.<\/li><li><strong>Moldar a sua pe\u00e7a de policarbonato utilizando uma m\u00e1quina de moldagem por inje\u00e7\u00e3o<\/strong> Uma vez aprovado o molde, pode passar \u00e0 moldagem por inje\u00e7\u00e3o da sua pe\u00e7a. Este processo envolve a coloca\u00e7\u00e3o de pellets de resina numa m\u00e1quina de inje\u00e7\u00e3o, que os aquece e depois os injecta em cada cavidade do molde. O pl\u00e1stico de policarbonato fundido arrefece e endurece \u00e0 medida que flui atrav\u00e9s de canais dentro de cada cavidade; uma vez feito isto, ter\u00e1 a sua pe\u00e7a moldada por inje\u00e7\u00e3o de policarbonato!<\/li><\/ul><h2 class=\"wp-block-heading\">Empresas de moldagem por inje\u00e7\u00e3o de policarbonato na China<\/h2><p>As empresas de moldagem por inje\u00e7\u00e3o na China s\u00e3o abundantes e est\u00e3o localizadas em todo o pa\u00eds. Muitas destas empresas est\u00e3o em funcionamento h\u00e1 d\u00e9cadas e sabem exatamente o que \u00e9 necess\u00e1rio para prestar um excelente servi\u00e7o. Ajud\u00e1-lo-\u00e3o em tudo, desde a conce\u00e7\u00e3o da pe\u00e7a at\u00e9 \u00e0 garantia de que cumpre todas as suas especifica\u00e7\u00f5es.<\/p><p>No entanto, a maior concentra\u00e7\u00e3o de empresas de moldagem por inje\u00e7\u00e3o situa-se na prov\u00edncia de Guangdong, onde se encontram Shenzhen, Dongguan e Hong Kong. Por conseguinte, n\u00e3o \u00e9 de admirar que a China se tenha tornado o maior fabricante mundial de moldagem por inje\u00e7\u00e3o de policarbonato.<\/p><p>A China tem uma longa hist\u00f3ria de fabrico e aperfei\u00e7oou as suas compet\u00eancias ao longo dos anos para se tornar uma das melhores. De facto, muitos pa\u00edses confiam na China para as suas necessidades de moldagem por inje\u00e7\u00e3o. Quer se trate de pe\u00e7as de pl\u00e1stico ou de metal, n\u00e3o h\u00e1 melhor lugar do que a China para encontrar exatamente o que procura.<\/p><h2 class=\"wp-block-heading\">Palavras finais<\/h2><p>A moldagem por inje\u00e7\u00e3o de policarbonato \u00e9 um m\u00e9todo comum para a cria\u00e7\u00e3o de produtos de pl\u00e1stico e pode ser utilizada para qualquer n\u00famero de aplica\u00e7\u00f5es. O policarbonato tem muitas vantagens em rela\u00e7\u00e3o a outros pl\u00e1sticos, mas o fator mais importante a considerar ao escolher o seu material \u00e9 se \u00e9 ou n\u00e3o adequado \u00e0s necessidades do seu projeto. Se pretender mais informa\u00e7\u00f5es sobre como funciona a moldagem por inje\u00e7\u00e3o de policarbonato, sinta-se \u00e0 vontade para <a href=\"https:\/\/plasticmoulds.net\/contact-us\" target=\"_blank\" rel=\"noreferrer noopener\">contacte-nos hoje<\/a>!<\/p>","protected":false},"excerpt":{"rendered":"<p>why you need China polycarbonate injection moldingPolycarbonate injection molding is a manufacturing process that uses heat to soften and shape the PC resin, which hardens and assumes the form of the object. When pre-shaped material is compressed to its final shape with high pressure, this process differs from compression molding.As a strong and lightweight material, [&hellip;]<\/p>\n","protected":false},"author":11,"featured_media":0,"parent":0,"menu_order":0,"comment_status":"open","ping_status":"open","template":"","meta":{"footnotes":""},"class_list":["post-8650","page","type-page","status-publish","hentry"],"blocksy_meta":{"styles_descriptor":{"styles":{"desktop":"","tablet":"","mobile":""},"google_fonts":[],"version":6}},"_links":{"self":[{"href":"https:\/\/www.plasticmoulds.net\/pt\/wp-json\/wp\/v2\/pages\/8650","targetHints":{"allow":["GET"]}}],"collection":[{"href":"https:\/\/www.plasticmoulds.net\/pt\/wp-json\/wp\/v2\/pages"}],"about":[{"href":"https:\/\/www.plasticmoulds.net\/pt\/wp-json\/wp\/v2\/types\/page"}],"author":[{"embeddable":true,"href":"https:\/\/www.plasticmoulds.net\/pt\/wp-json\/wp\/v2\/users\/11"}],"replies":[{"embeddable":true,"href":"https:\/\/www.plasticmoulds.net\/pt\/wp-json\/wp\/v2\/comments?post=8650"}],"version-history":[{"count":0,"href":"https:\/\/www.plasticmoulds.net\/pt\/wp-json\/wp\/v2\/pages\/8650\/revisions"}],"wp:attachment":[{"href":"https:\/\/www.plasticmoulds.net\/pt\/wp-json\/wp\/v2\/media?parent=8650"}],"curies":[{"name":"wp","href":"https:\/\/api.w.org\/{rel}","templated":true}]}}