{"id":8378,"date":"2022-08-16T14:29:25","date_gmt":"2022-08-16T06:29:25","guid":{"rendered":"https:\/\/plasticmoulds.net\/?p=8378"},"modified":"2022-08-16T14:40:54","modified_gmt":"2022-08-16T06:40:54","slug":"como-ter-exito-nos-negocios-com-a-moldagem-por-injecao-na-china","status":"publish","type":"page","link":"https:\/\/www.plasticmoulds.net\/pt\/how-to-succeed-in-business-with-china-injection-molding","title":{"rendered":"Como ter sucesso nos neg\u00f3cios com a China Injection Molding"},"content":{"rendered":"<h1 class=\"wp-block-heading\">Moldagem por inje\u00e7\u00e3o na China: como ganhar dinheiro<\/h1><p>A moldagem por inje\u00e7\u00e3o \u00e9 um processo de fabrico <a href=\"https:\/\/plasticmoulds.net\/injection-molding-process.html\" target=\"_blank\" rel=\"noreferrer noopener\">processo<\/a> para criar pe\u00e7as de pl\u00e1stico atrav\u00e9s da inje\u00e7\u00e3o de material fundido num molde. \u00c9 um dos m\u00e9todos de fabrico mais populares devido \u00e0 sua versatilidade e rapidez. A moldagem por inje\u00e7\u00e3o \u00e9 utilizada numa variedade de ind\u00fastrias, mas \u00e9 especialmente popular na <a href=\"https:\/\/plasticmoulds.net\/automotive-injection-molding\" target=\"_blank\" rel=\"noreferrer noopener\">ind\u00fastria autom\u00f3vel<\/a>.<\/p><figure class=\"wp-block-image aligncenter size-full is-resized\"><a href=\"https:\/\/plasticmoulds.net\/wp-content\/uploads\/2022\/07\/16.png\"><img loading=\"lazy\" decoding=\"async\" src=\"https:\/\/plasticmoulds.net\/wp-content\/uploads\/2022\/07\/16.png\" alt=\"\" class=\"wp-image-7977\" width=\"399\" height=\"411\"\/><\/a><\/figure><p>A China \u00e9 o maior produtor mundial de pe\u00e7as moldadas por inje\u00e7\u00e3o, tendo-se tornado um dos principais intervenientes no mercado global. <\/p><p>Mais de 50% de todos os pl\u00e1sticos utilizados no mundo s\u00e3o atualmente fabricados na China, e esse n\u00famero continua a crescer. <\/p><p>O governo chin\u00eas tem vindo a investir fortemente na ind\u00fastria dos pl\u00e1sticos, que \u00e9 atualmente uma das ind\u00fastrias mais importantes do pa\u00eds.<\/p><p>Prev\u00ea-se que a ind\u00fastria chinesa de pl\u00e1sticos cres\u00e7a a um ritmo de 10% por ano durante a pr\u00f3xima d\u00e9cada e estima-se que, em 2025, a China ser\u00e1 o maior produtor de pl\u00e1sticos do mundo.<\/p><h2 class=\"wp-block-heading\">Para que \u00e9 utilizada a moldagem por inje\u00e7\u00e3o<\/h2><p>A moldagem por inje\u00e7\u00e3o \u00e9 um processo de fabrico para produzir pe\u00e7as atrav\u00e9s da inje\u00e7\u00e3o de material fundido num molde. A moldagem por inje\u00e7\u00e3o pode ser realizada com uma s\u00e9rie de materiais, incluindo metais (para os quais o processo \u00e9 designado por fundi\u00e7\u00e3o sob press\u00e3o), vidros, elast\u00f3meros, confec\u00e7\u00f5es e, mais frequentemente, pol\u00edmeros termopl\u00e1sticos e termoendurec\u00edveis. <\/p><p>O material para a pe\u00e7a \u00e9 introduzido num cilindro aquecido, misturado e for\u00e7ado a entrar numa cavidade do molde, onde arrefece e endurece de acordo com a configura\u00e7\u00e3o da cavidade. A cavidade do molde \u00e9 formada por duas matrizes de a\u00e7o para ferramentas endurecidas que foram maquinadas e funcionam de forma semelhante a um molde de inje\u00e7\u00e3o durante o processo. <\/p><p>Atualmente, a maioria dos moldes de inje\u00e7\u00e3o s\u00e3o do tipo <a href=\"https:\/\/plasticmoulds.net\/hot-runner.html\" target=\"_blank\" rel=\"noreferrer noopener\">tipo de canal quente<\/a>. Um sistema de canais quentes \u00e9 mais dispendioso de conceber e implementar, mas a vantagem \u00e9 que n\u00e3o s\u00e3o necess\u00e1rios canais frios no molde, aumentando assim o rendimento dos produtos atrav\u00e9s da redu\u00e7\u00e3o do material de refugo.<\/p><p>A moldagem por inje\u00e7\u00e3o pode ser utilizada para uma grande variedade de aplica\u00e7\u00f5es, incluindo cuidados de sa\u00fade, autom\u00f3vel e produtos de consumo. Para ter \u00eaxito na moldagem por inje\u00e7\u00e3o na China, \u00e9 importante estabelecer uma parceria com um fabricante reputado e experiente. <\/p><p>Al\u00e9m disso, \u00e9 importante ter uma compreens\u00e3o clara dos requisitos do seu produto e do processo de moldagem por inje\u00e7\u00e3o. <\/p><p>Com um planeamento e execu\u00e7\u00e3o cuidadosos, a moldagem por inje\u00e7\u00e3o pode ser uma forma eficaz e econ\u00f3mica de fabricar pe\u00e7as.<\/p><h2 class=\"wp-block-heading\">As vantagens da moldagem por inje\u00e7\u00e3o de pl\u00e1stico na China<\/h2><p>A moldagem por inje\u00e7\u00e3o \u00e9 amplamente utilizada na produ\u00e7\u00e3o de produtos de pl\u00e1stico, e a China \u00e9 um dos pa\u00edses l\u00edderes neste dom\u00ednio. <\/p><p>Existem muitas vantagens em utilizar a moldagem por inje\u00e7\u00e3o de pl\u00e1stico na China, incluindo as seguintes:<\/p><h3 class=\"wp-block-heading\">Aumento da produtividade<\/h3><p>Para ter sucesso nos neg\u00f3cios, \u00e9 importante ser produtivo. Uma forma de aumentar a produtividade \u00e9 utilizar a moldagem por inje\u00e7\u00e3o na China. Este processo pode ajud\u00e1-lo a poupar tempo e dinheiro, ao mesmo tempo que obt\u00e9m produtos de alta qualidade.<\/p><p> Para encontrar o melhor fornecedor poss\u00edvel, \u00e9 importante fazer a sua pesquisa e pedir recomenda\u00e7\u00f5es. Quando tiver encontrado um <a href=\"https:\/\/plasticmoulds.net\/china-injection-molding-company\" target=\"_blank\" rel=\"noreferrer noopener\">fornecedor de renome<\/a>Se o seu trabalho for bem sucedido, pode come\u00e7ar a trabalhar para aumentar a sua produtividade.<\/p><h3 class=\"wp-block-heading\">Custos mais baixos<\/h3><p>Se pretende <a href=\"https:\/\/plasticmoulds.net\/7-tips-to-reduce-the-copy-of-plastic-injection-molding-costs.html\" target=\"_blank\" rel=\"noreferrer noopener\">reduzir os seus custos<\/a> e aumentar os seus lucros, a moldagem por inje\u00e7\u00e3o na China pode ser a resposta. A moldagem por inje\u00e7\u00e3o \u00e9 um processo de fabrico que envolve a inje\u00e7\u00e3o de material fundido num molde para criar uma forma desejada. <\/p><figure class=\"wp-block-image aligncenter size-full is-resized\"><a href=\"https:\/\/plasticmoulds.net\/wp-content\/uploads\/2022\/07\/5.png\"><img loading=\"lazy\" decoding=\"async\" src=\"https:\/\/plasticmoulds.net\/wp-content\/uploads\/2022\/07\/5.png\" alt=\"\" class=\"wp-image-7966\" width=\"375\" height=\"329\"\/><\/a><\/figure><p>Este processo pode ser utilizado para criar uma grande variedade de produtos, desde dispositivos m\u00e9dicos a pe\u00e7as de autom\u00f3veis. Embora o investimento inicial para estabelecer uma opera\u00e7\u00e3o de moldagem por inje\u00e7\u00e3o na China possa ser mais elevado do que noutros pa\u00edses, os custos de m\u00e3o de obra s\u00e3o muito mais baixos, o que pode resultar em poupan\u00e7as significativas. <\/p><p>Al\u00e9m disso, h\u00e1 uma s\u00e9rie de empresas de moldagem por inje\u00e7\u00e3o experientes e fi\u00e1veis na China que podem fornecer produtos de alta qualidade. Quando feita corretamente, a moldagem por inje\u00e7\u00e3o na China pode ser uma excelente forma de melhorar os seus resultados.<\/p><h3 class=\"wp-block-heading\">Maior efici\u00eancia<\/h3><p>Para ser bem sucedido nos neg\u00f3cios com a China, \u00e9 importante ser eficiente. Isto significa ter um plano bem organizado e ser capaz de o executar r\u00e1pida e eficazmente. <\/p><p>Uma forma de o fazer \u00e9 utilizar a moldagem por inje\u00e7\u00e3o para produzir produtos. A moldagem por inje\u00e7\u00e3o \u00e9 um processo de fabrico que permite \u00e0s empresas criar produtos de forma r\u00e1pida e eficiente. <\/p><p>Ao utilizar este processo, as empresas podem poupar tempo e dinheiro e, ao mesmo tempo, produzir produtos de alta qualidade. Para ter \u00eaxito nos neg\u00f3cios com a China, \u00e9 importante ser eficiente e utilizar a moldagem por inje\u00e7\u00e3o.<\/p><h2 class=\"wp-block-heading\">Como ter sucesso nos neg\u00f3cios com a China Injection Molding<\/h2><p>Para ter sucesso nos neg\u00f3cios com a moldagem por inje\u00e7\u00e3o na China, \u00e9 importante compreender o mercado e a cultura chineses. Sendo o maior exportador do mundo, a China desempenha um papel vital na economia global. Para ter \u00eaxito nos neg\u00f3cios com a moldagem por inje\u00e7\u00e3o na China, \u00e9 importante compreender o mercado e a cultura chineses.<\/p><figure class=\"wp-block-image aligncenter size-full is-resized\"><a href=\"https:\/\/plasticmoulds.net\/wp-content\/uploads\/2022\/07\/17.png\"><img loading=\"lazy\" decoding=\"async\" src=\"https:\/\/plasticmoulds.net\/wp-content\/uploads\/2022\/07\/17.png\" alt=\"\" class=\"wp-image-7978\" width=\"401\" height=\"364\"\/><\/a><\/figure><p>O mercado chin\u00eas \u00e9 \u00fanico e complexo, com uma longa hist\u00f3ria e uma cultura rica. \u00c9 importante aprender sobre os costumes e tradi\u00e7\u00f5es do pa\u00eds antes de fazer neg\u00f3cios l\u00e1.<\/p><p>Ao fazer neg\u00f3cios na China, \u00e9 importante estar ciente do seguinte:<\/p><p>1. O mercado chin\u00eas \u00e9 altamente competitivo<\/p><p>O mercado chin\u00eas \u00e9 altamente competitivo. H\u00e1 muitas empresas locais e internacionais a competir por quotas de mercado.<\/p><p>Para ter sucesso, \u00e9 importante ter uma estrat\u00e9gia de marketing bem definida.<\/p><p>2. O governo chin\u00eas est\u00e1 envolvido na economia<\/p><p>O governo chin\u00eas est\u00e1 envolvido na economia. Regula as empresas e as ind\u00fastrias.<\/p><p>Para fazer neg\u00f3cios na China, \u00e9 importante ter uma boa compreens\u00e3o do processo de moldagem por inje\u00e7\u00e3o e ser capaz de encontrar um fornecedor respeit\u00e1vel e fi\u00e1vel. Para al\u00e9m disso, \u00e9 importante ter uma estrat\u00e9gia de marketing forte e ser capaz de oferecer pre\u00e7os competitivos. Se seguir estas dicas, estar\u00e1 no bom caminho para o sucesso nesta \u00e1rea.<\/p><h2 class=\"wp-block-heading\">Como escolher uma empresa de moldagem por inje\u00e7\u00e3o de pl\u00e1stico fi\u00e1vel na China<\/h2><p>Ao escolher uma empresa de moldagem por inje\u00e7\u00e3o de pl\u00e1stico na China, \u00e9 importante ter em conta alguns factores.<\/p><p>Em primeiro lugar, deve certificar-se de que a empresa \u00e9 experiente e tem uma boa reputa\u00e7\u00e3o. Isto \u00e9 algo que pode descobrir pesquisando na Internet ou perguntando a outras pessoas que tenham utilizado os seus servi\u00e7os. Tamb\u00e9m deve certificar-se de que a empresa oferece uma variedade de servi\u00e7os diferentes, para que possa obter exatamente o que precisa para as suas necessidades espec\u00edficas.<\/p><p>Assim que encontrar uma boa empresa que cumpra todos estes crit\u00e9rios, dever\u00e1 poder contact\u00e1-la e marcar uma consulta para o seu procedimento de transplante capilar. Certifique-se de que faz a sua pesquisa sobre a empresa antes de tomar a sua decis\u00e3o final. Isto ir\u00e1 ajud\u00e1-lo a evitar ser enganado ou roubado, e ir\u00e1 garantir que est\u00e1 a receber o melhor servi\u00e7o poss\u00edvel.<\/p><p>Em segundo lugar, \u00e9 preciso ter a certeza de que disp\u00f5em das instala\u00e7\u00f5es e do equipamento adequados para o seu projeto. \u00c9 importante verificar se a empresa tem as instala\u00e7\u00f5es adequadas para o tipo de trabalho que precisa de fazer. Tamb\u00e9m pode querer perguntar sobre o equipamento e o seu funcionamento.<\/p><p>Tamb\u00e9m \u00e9 importante perguntar sobre a forma\u00e7\u00e3o e a experi\u00eancia da empresa. Informe-se sobre o tempo de atividade e o n\u00famero de clientes que j\u00e1 ajudaram. Deve tamb\u00e9m pedir refer\u00eancias de outros clientes que tenham utilizado os seus servi\u00e7os.<\/p><p>Por \u00faltimo, deve certificar-se de que o seu fornecedor \u00e9 capaz de cumprir os seus prazos e or\u00e7amento. Certifique-se de que est\u00e3o dispon\u00edveis para se deslocarem ao seu local de trabalho e come\u00e7arem a trabalhar assim que precisar deles.<\/p><p>Quando finalmente tiver tomado a sua decis\u00e3o, \u00e9 altura de dar in\u00edcio ao seu projeto.<\/p><h2 class=\"wp-block-heading\">As vantagens dos servi\u00e7os de moldagem por inje\u00e7\u00e3o de pl\u00e1stico na China<\/h2><p>A China \u00e9 um dos principais produtores de produtos de pl\u00e1stico moldados por inje\u00e7\u00e3o, com um grande n\u00famero de fabricantes que oferecem servi\u00e7os de alta qualidade a pre\u00e7os competitivos. Para as empresas que pretendem entrar no mercado chin\u00eas, trabalhar com um fornecedor de servi\u00e7os de moldagem por inje\u00e7\u00e3o de renome pode ser a chave do sucesso. Os servi\u00e7os de moldagem por inje\u00e7\u00e3o na China podem oferecer uma s\u00e9rie de vantagens, incluindo o acesso a um grande n\u00famero de trabalhadores qualificados, baixos custos de m\u00e3o de obra e um processo de fabrico simplificado. Ao estabelecer uma parceria com um fornecedor de servi\u00e7os de renome, as empresas podem tirar partido destas vantagens para produzir produtos de alta qualidade a um custo mais baixo.<\/p><h2 class=\"wp-block-heading\">Dicas para trabalhar com empresas chinesas de moldagem por inje\u00e7\u00e3o de pl\u00e1stico<\/h2><p>Ao trabalhar com empresas chinesas de moldagem por inje\u00e7\u00e3o de pl\u00e1stico, \u00e9 importante estar consciente das diferen\u00e7as culturais e tomar medidas para criar confian\u00e7a. <\/p><p>Uma boa empresa chinesa de moldagem por inje\u00e7\u00e3o de pl\u00e1stico ter\u00e1 todo o gosto em fornecer refer\u00eancias e amostras do seu trabalho. Estas ir\u00e3o ajud\u00e1-lo a compreender as capacidades da empresa e a determinar se s\u00e3o adequadas para o seu projeto.<\/p><p>Tamb\u00e9m \u00e9 importante ter expectativas realistas sobre o custo de fabrico na China. Os custos de m\u00e3o de obra s\u00e3o mais baixos do que nos pa\u00edses desenvolvidos, mas o custo dos materiais e do transporte pode aumentar rapidamente.<\/p><p>Deve tamb\u00e9m ter em aten\u00e7\u00e3o que os fabricantes chineses nem sempre cumprem as mesmas normas de qualidade que os fabricantes dos pa\u00edses desenvolvidos. Isto significa que \u00e9 importante inspecionar cuidadosamente os produtos antes de os aprovar para produ\u00e7\u00e3o.<\/p><p>Se dedicar algum tempo a encontrar uma empresa chinesa de moldagem por inje\u00e7\u00e3o de pl\u00e1stico com boa reputa\u00e7\u00e3o, pode poupar muito dinheiro nos seus custos de fabrico. <\/p><p>No entanto, \u00e9 importante lembrar que se recebe aquilo que se paga. Um fabricante barato pode produzir produtos inferiores, pelo que \u00e9 importante fazer a sua pesquisa antes de selecionar um fornecedor.<\/p><p>Uma forma de criar confian\u00e7a \u00e9 ter um representante de l\u00edngua chinesa na sua equipa que possa atuar como ponte cultural e facilitar a comunica\u00e7\u00e3o entre as duas partes.<\/p><p>Outra componente fundamental da cria\u00e7\u00e3o de confian\u00e7a \u00e9 a demonstra\u00e7\u00e3o de um compromisso com pr\u00e1ticas comerciais que respeitem as normas culturais chinesas. Por exemplo, estabelecer uma rela\u00e7\u00e3o a longo prazo com o seu hom\u00f3logo chin\u00eas \u00e9 uma parte importante da atividade comercial na China, e ter cart\u00f5es de visita impressos em ingl\u00eas e chin\u00eas \u00e9 uma cortesia comum.<\/p><figure class=\"wp-block-image aligncenter size-full is-resized\"><a href=\"https:\/\/plasticmoulds.net\/wp-content\/uploads\/2022\/07\/15-1.png\"><img loading=\"lazy\" decoding=\"async\" src=\"https:\/\/plasticmoulds.net\/wp-content\/uploads\/2022\/07\/15-1.png\" alt=\"\" class=\"wp-image-7976\" width=\"435\" height=\"321\"\/><\/a><\/figure><p>Tamb\u00e9m \u00e9 importante lembrar que criar confian\u00e7a requer tempo e paci\u00eancia. N\u00e3o espere ter uma rela\u00e7\u00e3o forte com o seu parceiro chin\u00eas logo de in\u00edcio - construa-a ao longo do tempo, mantendo uma comunica\u00e7\u00e3o regular e fazendo esfor\u00e7os consistentes para desenvolver a rela\u00e7\u00e3o.<\/p><p>A comunica\u00e7\u00e3o deve tamb\u00e9m ser clara e concisa para evitar mal-entendidos. Se n\u00e3o tiver a certeza de alguma coisa, pergunte.<\/p><p>\"N\u00e3o percebo o que isto significa.\" \"Pode explicar-me o que quer que eu fa\u00e7a?\" \"Por favor, ajuda-me a perceber o que queres dizer com isto.\"<\/p><p>Por \u00faltimo, deve estar preparado para ser flex\u00edvel e adaptar-se \u00e0s diferentes pr\u00e1ticas comerciais dos seus parceiros chineses.<\/p><p>Ao seguir estas dicas, pode preparar a sua empresa para o sucesso quando trabalhar com empresas chinesas de moldagem por inje\u00e7\u00e3o de pl\u00e1stico.<\/p>","protected":false},"excerpt":{"rendered":"<p>Injection Molding in China: How to Make MoneyInjection molding is a manufacturing process for creating plastic parts by injecting molten material into a mold. It is one of the most popular methods of manufacturing due to its versatility and speed. Injection molding is used in a variety of industries, but it is especially popular in [&hellip;]<\/p>\n","protected":false},"author":11,"featured_media":0,"parent":0,"menu_order":0,"comment_status":"open","ping_status":"open","template":"","meta":{"footnotes":""},"class_list":["post-8378","page","type-page","status-publish","hentry"],"blocksy_meta":{"styles_descriptor":{"styles":{"desktop":"","tablet":"","mobile":""},"google_fonts":[],"version":6}},"_links":{"self":[{"href":"https:\/\/www.plasticmoulds.net\/pt\/wp-json\/wp\/v2\/pages\/8378","targetHints":{"allow":["GET"]}}],"collection":[{"href":"https:\/\/www.plasticmoulds.net\/pt\/wp-json\/wp\/v2\/pages"}],"about":[{"href":"https:\/\/www.plasticmoulds.net\/pt\/wp-json\/wp\/v2\/types\/page"}],"author":[{"embeddable":true,"href":"https:\/\/www.plasticmoulds.net\/pt\/wp-json\/wp\/v2\/users\/11"}],"replies":[{"embeddable":true,"href":"https:\/\/www.plasticmoulds.net\/pt\/wp-json\/wp\/v2\/comments?post=8378"}],"version-history":[{"count":0,"href":"https:\/\/www.plasticmoulds.net\/pt\/wp-json\/wp\/v2\/pages\/8378\/revisions"}],"wp:attachment":[{"href":"https:\/\/www.plasticmoulds.net\/pt\/wp-json\/wp\/v2\/media?parent=8378"}],"curies":[{"name":"wp","href":"https:\/\/api.w.org\/{rel}","templated":true}]}}