{"id":8304,"date":"2022-08-07T09:27:20","date_gmt":"2022-08-07T01:27:20","guid":{"rendered":"https:\/\/plasticmoulds.net\/?p=8304"},"modified":"2024-12-28T16:20:33","modified_gmt":"2024-12-28T08:20:33","slug":"tipos-de-fabrico-por-contrato-de-moldagem-por-injecao-e-o-que-significam","status":"publish","type":"page","link":"https:\/\/www.plasticmoulds.net\/pt\/injection-molding-contract-manufacturing-types-and-what-they-mean","title":{"rendered":"Tipos de fabrico por contrato de moldagem por inje\u00e7\u00e3o e o que significam"},"content":{"rendered":"<div class=\"wp-block-qubely-table-of-contents qubely-block-9d13e2 qubely-block-table-of-contents qubely-align-left\"><div class=\"qubely-table-of-contents\" data-scroll-offset=\"20\"><div class=\"qubely-table-of-contents-header qubely-toc-header-frontend qubely-justify-between\"><div class=\"qubely-table-of-contents-heading\"><div class=\"title\">Fabrico por contrato de moldagem por inje\u00e7\u00e3o na China<\/div><\/div><\/div><div class=\"qubely-table-of-contents-body\"><ol class=\"ordered-list\"><li><a href=\"#1-1-manufacturing-contract-types\">1: moldagem por inje\u00e7\u00e3o na china Tipos de contratos de fabrico<\/a><ol class=\"child-list\"><li><a href=\"#2-private-label-manufacturing\">Fabrico de marcas pr\u00f3prias:<\/a><\/li><li><a href=\"#3-individual-component-manufacturing\">Fabrico de componentes individuais:<\/a><\/li><li><a href=\"#4-labor-or-service-subcontracting\">Subcontrata\u00e7\u00e3o de m\u00e3o de obra ou de servi\u00e7os:<\/a><\/li><li><a href=\"#5-end-to-end-manufacturing\">Fabrico de ponta a ponta:<\/a><\/li><\/ol><\/li><li><a href=\"#6-2-materials-tools-and-services-used-in-manufacturing\">2: Materiais, ferramentas e servi\u00e7os utilizados no fabrico de moldes por inje\u00e7\u00e3o<\/a><\/li><li><a href=\"#7-3-industries-supported-by-manufacturers\">3: Ind\u00fastrias apoiadas por fabricantes de moldagem por inje\u00e7\u00e3o na China<\/a><\/li><li><a href=\"#8-china-injection-molding-manufacturers-how-to-choose-one\">Fabricantes de moldagem por inje\u00e7\u00e3o na China: Como escolher um<\/a><\/li><\/ol><\/div><a href=\"#\" class=\"qubely-back-to-top-button fas fa-angle-up\"><\/a><\/div><\/div><p>Para colocar rapidamente no mercado um produto moldado por inje\u00e7\u00e3o de alta qualidade proveniente da China, \u00e9 necess\u00e1rio contratar um fabricante por contrato. Deve primeiro compreender os tipos de fabrico por contrato dispon\u00edveis antes de poder encontrar o parceiro certo na China.<\/p><p>Em termos de fabrico por contrato de moldagem por inje\u00e7\u00e3o e de como encontrar uma empresa de confian\u00e7a <a href=\"https:\/\/plasticmoulds.net\/china-injection-molding-company\" target=\"_blank\" rel=\"noreferrer noopener\">China moldagem por injec\u00e7\u00e3o<\/a> O que acontece \u00e9 que n\u00e3o h\u00e1 consenso entre os fabricantes. Muitas vezes, os propriet\u00e1rios de empresas sentem-se sobrecarregados e confusos com as muitas op\u00e7\u00f5es dispon\u00edveis.<\/p><figure class=\"wp-block-image size-full is-resized\"><a href=\"https:\/\/plasticmoulds.net\/wp-content\/uploads\/2022\/07\/7.png\"><img loading=\"lazy\" decoding=\"async\" width=\"190\" height=\"152\" src=\"https:\/\/plasticmoulds.net\/wp-content\/uploads\/2022\/07\/7.png\" alt=\"\" class=\"wp-image-7968\" style=\"width:592px;height:474px\"\/><\/a><figcaption class=\"wp-element-caption\"><h2 class=\"post-title\" style=\"box-sizing: border-box; font-style: normal; letter-spacing: normal; text-transform: none; white-space: normal; text-decoration-thickness: initial; text-decoration-style: initial; text-decoration-color: initial; font-family: Montserrat; line-height: 54px; margin: 0px 0px 4px; font-weight: 400; color: rgb(66, 66, 66); font-size: 30px;\">Fabrico por contrato<\/h2><\/figcaption><\/figure><p>N\u00e3o deve ter de se preocupar quando se trata de encontrar um fabricante de moldes de inje\u00e7\u00e3o na China. Ao longo deste <a href=\"https:\/\/plasticmoulds.net\/plastic-molding-order-process\" target=\"_blank\" rel=\"noreferrer noopener\">guia<\/a>Neste artigo, abordaremos alguns equ\u00edvocos comuns sobre os diferentes tipos de fabrico por contrato. Al\u00e9m disso, fornecer-lhe-emos todas as informa\u00e7\u00f5es de que necessita para tomar uma decis\u00e3o informada.<\/p><p><strong>Fabrico por contrato: 3 tipos que deve conhecer<\/strong><\/p><p>Embora cada fabricante ofere\u00e7a servi\u00e7os diferentes, o fabrico por contrato pode ser classificado de tr\u00eas formas:<\/p><p>Um acordo de fabrico por contrato pode assumir v\u00e1rias formas. Um contrato de moldagem por inje\u00e7\u00e3o para o fabrico de uma \u00fanica pe\u00e7a ou componente de pl\u00e1stico, um acordo de subcontrata\u00e7\u00e3o de m\u00e3o de obra ou de servi\u00e7os, ou um acordo de servi\u00e7os de ponta a ponta inserem-se nesta categoria.<\/p><p>Os servi\u00e7os, <a href=\"https:\/\/plasticmoulds.net\/what-is-plastic-mold.html\" target=\"_blank\" rel=\"noreferrer noopener\">ferramentas<\/a>O facto de o fabricante de produtos de marca pr\u00f3pria ser um fabricante de produtos de marca pr\u00f3pria, e os materiais utilizados por dois fabricantes contratuais podem ser muito diferentes, mesmo que ambos fabriquem produtos de marca pr\u00f3pria.<\/p><div class=\"wp-block-qubely-timeline qubely-block-0be0b5\" data-qubelyanimation=\"{&quot;animation&quot;:&quot;bounce&quot;,&quot;name&quot;:&quot;bounceCenter&quot;,&quot;repeat&quot;:&quot;once&quot;,&quot;direction&quot;:&quot;Center&quot;,&quot;duration&quot;:1000,&quot;delay&quot;:0,&quot;curve&quot;:&quot;ease-in-out&quot;,&quot;openAnimation&quot;:1}\"><div class=\"qubely-block-timeline qubely-timeline-layout-vertical qubely-timeline-orientation-center\"><div class=\"qubely-timeline-items\"><div class=\"qubely-timeline-item qubely-timeline-left\"><div class=\"qubely-timeline-connector\"><span class=\"qubely-timeline-connector-icon fas fa-angle-double-down\"><\/span><\/div><div class=\"qubely-timeline-content\"><div class=\"qubely-timeline-description\"><h4 class=\"qubely-timeline-title\">Concep\u00e7\u00e3o dos componentes (7 dias)<\/h4><div class=\"qubely-timeline-description\">Topworks pode\u00a0<a href=\"https:\/\/plasticmoulds.net\/design\">optimize o seu desenho<\/a>\u00a0para poupan\u00e7a de custos ou assegurar a compatibilidade com processos asi\u00e1ticos, optimizando a sua concep\u00e7\u00e3o antes da utiliza\u00e7\u00e3o de ferramentas.<\/div><\/div><span class=\"qubely-timeline-indicator\"><\/span><\/div><div class=\"qubely-timeline-date-container\"><div class=\"qubely-timeline-date\"><strong>Os clientes s\u00e3o bem-vindos <br>para fornecer ficheiros 3D<\/strong><\/div><\/div><\/div><div class=\"qubely-timeline-item qubely-timeline-right\"><div class=\"qubely-timeline-connector\"><span class=\"qubely-timeline-connector-icon fas fa-angle-double-down\"><\/span><\/div><div class=\"qubely-timeline-content\"><div class=\"qubely-timeline-description\"><h4 class=\"qubely-timeline-title\"><strong>Prototipagem de pe\u00e7as (se necess\u00e1rio)<\/strong>(2 -3 dias)<\/h4><div class=\"qubely-timeline-description\">Topworks pode utilizar o Controlo Num\u00e9rico Computadorizado (CNC) para produzir um prot\u00f3tipo maquinado ou impress\u00e3o 3D que pode ver e sentir para validar o desenho da sua pe\u00e7a.<\/div><\/div><span class=\"qubely-timeline-indicator\"><\/span><\/div><div class=\"qubely-timeline-date-container\"><div class=\"qubely-timeline-date\"><strong>\u00a0Lado do cliente <\/strong><br><strong>Ou lado Topworks<\/strong><\/div><\/div><\/div><div class=\"qubely-timeline-item qubely-timeline-left\"><div class=\"qubely-timeline-connector\"><span class=\"qubely-timeline-connector-icon fas fa-angle-double-down\"><\/span><\/div><div class=\"qubely-timeline-content\"><div class=\"qubely-timeline-description\"><h4 class=\"qubely-timeline-title\"><strong>Desenho de ferramentas<\/strong>(3-7 dias)<\/h4><div class=\"qubely-timeline-description\">Durante esta fase, a sua Folha de Trabalho de Informa\u00e7\u00e3o de Ferramentas \u00e9 utilizada para conceber a ferramenta.<\/div><\/div><span class=\"qubely-timeline-indicator\"><\/span><\/div><div class=\"qubely-timeline-date-container\"><div class=\"qubely-timeline-date\"><strong>Lado do cliente ou <\/strong><br><strong>Lado de obras de topo<\/strong><\/div><\/div><\/div><div class=\"qubely-timeline-item qubely-timeline-right\"><div class=\"qubely-timeline-connector\"><span class=\"qubely-timeline-connector-icon fas fa-angle-double-down\"><\/span><\/div><div class=\"qubely-timeline-content\"><div class=\"qubely-timeline-description\"><h4 class=\"qubely-timeline-title\"><strong>Verifica\u00e7\u00e3o das ferramentas e an\u00e1lise do fluxo do molde<\/strong>(1-2 dias)<\/h4><div class=\"qubely-timeline-description\">A precis\u00e3o da concep\u00e7\u00e3o da ferramenta \u00e9 validada.<\/div><\/div><span class=\"qubely-timeline-indicator\"><\/span><\/div><div class=\"qubely-timeline-date-container\"><div class=\"qubely-timeline-date\"><strong>Do lado da Topworks ou do lado do cliente<\/strong><\/div><\/div><\/div><div class=\"qubely-timeline-item qubely-timeline-left\"><div class=\"qubely-timeline-connector\"><span class=\"qubely-timeline-connector-icon fas fa-angle-double-down\"><\/span><\/div><div class=\"qubely-timeline-content\"><div class=\"qubely-timeline-description\"><h4 class=\"qubely-timeline-title\"><strong>Fabrico de ferramentas<\/strong>(3-8 semanas,depende)<\/h4><div class=\"qubely-timeline-description\">A ferramenta \u00e9 fabricada precisamente de acordo com o desenho validado, utilizando tecnologias de Controlo Num\u00e9rico Computadorizado (CNC), e de Descarga El\u00e9ctrica (EDM)...<\/div><\/div><span class=\"qubely-timeline-indicator\"><\/span><\/div><div class=\"qubely-timeline-date-container\"><div class=\"qubely-timeline-date\"><strong>Lado de obras de topo<\/strong><\/div><\/div><\/div><div class=\"qubely-timeline-item qubely-timeline-right\"><div class=\"qubely-timeline-connector\"><span class=\"qubely-timeline-connector-icon fas fa-angle-double-down\"><\/span><\/div><div class=\"qubely-timeline-content\"><div class=\"qubely-timeline-description\"><h4 class=\"qubely-timeline-title\"><strong>Primeiras fotos ao cliente(T1,3-4 dias)<\/strong><\/h4><div class=\"qubely-timeline-description\">As primeiras fotos de teste ser\u00e3o enviadas por mensageiro logo ap\u00f3s a realiza\u00e7\u00e3o dos moldes de injec\u00e7\u00e3o. Uma vez enviados, estes chegam normalmente dentro de 2-5 dias.<\/div><\/div><span class=\"qubely-timeline-indicator\"><\/span><\/div><div class=\"qubely-timeline-date-container\"><div class=\"qubely-timeline-date\"><strong>Lado de obras de topo<\/strong><\/div><\/div><\/div><div class=\"qubely-timeline-item qubely-timeline-left\"><div class=\"qubely-timeline-connector\"><span class=\"qubely-timeline-connector-icon fas fa-angle-double-down\"><\/span><\/div><div class=\"qubely-timeline-content\"><div class=\"qubely-timeline-description\"><h4 class=\"qubely-timeline-title\"><strong>Modifica\u00e7\u00f5es de ferramentas e <\/strong><br><strong>Texturing<\/strong> (3-7 dias,depende)<\/h4><div class=\"qubely-timeline-description\">Neste momento, Topworks faz quaisquer altera\u00e7\u00f5es \u00e0 ferramenta que sejam necess\u00e1rias para a p\u00f4r em conformidade com as especifica\u00e7\u00f5es aprovadas. Topworks efectua quaisquer altera\u00e7\u00f5es necess\u00e1rias (excluindo especificamente altera\u00e7\u00f5es de concep\u00e7\u00e3o, que s\u00e3o sempre cobradas) gratuitamente.<br>Nesta fase, o processo de texturiza\u00e7\u00e3o \u00e9 feito, que \u00e9 normalmente a \u00faltima etapa antes da produ\u00e7\u00e3o em massa.<\/div><\/div><span class=\"qubely-timeline-indicator\"><\/span><\/div><div class=\"qubely-timeline-date-container\"><div class=\"qubely-timeline-date\"><strong>Lado de obras de topo<\/strong><\/div><\/div><\/div><div class=\"qubely-timeline-item qubely-timeline-right\"><div class=\"qubely-timeline-connector\"><span class=\"qubely-timeline-connector-icon fas fa-angle-double-down\"><\/span><\/div><div class=\"qubely-timeline-content\"><div class=\"qubely-timeline-description\"><h4 class=\"qubely-timeline-title\"><strong>Produ\u00e7\u00e3o em massa Executada ou Exportada\u00a0<\/strong><\/h4><div class=\"qubely-timeline-description\">Nesta fase, a ferramenta \u00e9 entregue ao cliente ou pronta para a moldagem por injec\u00e7\u00e3o.<\/div><\/div><span class=\"qubely-timeline-indicator\"><\/span><\/div><div class=\"qubely-timeline-date-container\"><div class=\"qubely-timeline-date\"><strong>Lado de obras de topo<\/strong><\/div><\/div><\/div><\/div><\/div><\/div><p>Um produto de boa qualidade e um lan\u00e7amento r\u00e1pido do produto s\u00e3o dois factores importantes a considerar nesta categoria.<\/p><p>V\u00e1rios sectores s\u00e3o apoiados por fabricantes externos. Escolha um fabricante que compreenda o mercado e os regulamentos da sua ind\u00fastria, bem como as necessidades dos seus clientes.<\/p><p>Encontrar\u00e1 o parceiro de moldagem por inje\u00e7\u00e3o na China mais fi\u00e1vel para o seu neg\u00f3cio quando avaliar um fabricante contratado de acordo com cada uma destas categorias. De acordo com o seu produto, ind\u00fastria e estrutura empresarial, descrevemos abaixo os crit\u00e9rios que deve procurar em cada categoria.<\/p><h2 class=\"wp-block-heading\" id=\"1-1-manufacturing-contract-types\">1: moldagem por inje\u00e7\u00e3o na china Tipos de contratos de fabrico<\/h2><p>Os fabricantes chineses de moldagem por inje\u00e7\u00e3o prestam servi\u00e7os espec\u00edficos ao abrigo de acordos de fabrico por contrato. Os acordos de fabrico por contrato assumem v\u00e1rias formas diferentes, mas as quatro mais comuns s\u00e3o:<\/p><h3 class=\"wp-block-heading\" id=\"2-private-label-manufacturing\">Fabrico de marcas pr\u00f3prias:<\/h3><p>De acordo com as suas especifica\u00e7\u00f5es, o fabricante de moldagem por inje\u00e7\u00e3o contratado envia um produto acabado para a sua loja ou armaz\u00e9m de invent\u00e1rio. Os m\u00faltiplos componentes moldados por inje\u00e7\u00e3o s\u00e3o normalmente montados pelo fabricante antes do envio. Se pretende fabricar produtos rapidamente, esta \u00e9 a melhor escolha.<\/p><h3 class=\"wp-block-heading\" id=\"3-individual-component-manufacturing\">Fabrico de componentes individuais:<\/h3><p>No fabrico por contrato, um \u00fanico componente ou parte de um produto complexo \u00e9 produzido pela empresa de moldagem por inje\u00e7\u00e3o da China. O cliente \u00e9 respons\u00e1vel pela montagem do produto final depois de as pe\u00e7as terem sido fabricadas. Para as empresas que lidam com alguns aspectos de fabrico internamente, mas n\u00e3o t\u00eam a experi\u00eancia ou os recursos para produzir determinados componentes, esta \u00e9 a melhor op\u00e7\u00e3o. \u00c9 uma boa ideia contratar um fabricante de metalurgia por contrato se precisar de uma pe\u00e7a met\u00e1lica complexa.<\/p><h3 class=\"wp-block-heading\" id=\"4-labor-or-service-subcontracting\">Subcontrata\u00e7\u00e3o de m\u00e3o de obra ou de servi\u00e7os:<\/h3><p>Tal como acontece com o fabrico de componentes individuais, um fabricante chin\u00eas de moldagem por inje\u00e7\u00e3o trata apenas de um aspeto do processo, em vez de fornecer servi\u00e7os completos. Quando os recursos internos ou o pessoal de um empreiteiro geral n\u00e3o conseguem realizar determinadas tarefas, \u00e9 contratado um subempreiteiro especializado. Poder\u00e1 ser poss\u00edvel fabricar uma pe\u00e7a mais rapidamente ou por um pre\u00e7o mais baixo atrav\u00e9s da subcontrata\u00e7\u00e3o de uma pe\u00e7a se tiver um produto especialmente complexo.<\/p><h3 class=\"wp-block-heading\" id=\"5-end-to-end-manufacturing\">Fabrico de ponta a ponta:<\/h3><p>O fabrico de marcas pr\u00f3prias tem caracter\u00edsticas quase id\u00eanticas, mas h\u00e1 uma diferen\u00e7a significativa: o fabricante d\u00e1 mais feedback sobre a conce\u00e7\u00e3o do produto. O seu produto n\u00e3o tem de ter o aspeto ou funcionar exatamente como pretende. Em vez de otimizar a conce\u00e7\u00e3o para o fabrico, o fabricante racionaliza e optimiza todos os aspectos para obter uma boa rela\u00e7\u00e3o custo-efic\u00e1cia. As empresas que pretendem produzir rapidamente produtos de alta qualidade ao mais baixo custo devem optar por esta solu\u00e7\u00e3o. Desde a conce\u00e7\u00e3o \u00e0 montagem e ao envio, tudo \u00e9 tratado por si.<\/p><p>Se a sua experi\u00eancia no sector do fabrico for limitada, deve considerar um contrato de ponta a ponta. Receber\u00e1 um or\u00e7amento detalhado do fabricante antes de assinar o contrato, para que saiba exatamente com o que pode contar.<\/p><h2 class=\"wp-block-heading\" id=\"6-2-materials-tools-and-services-used-in-manufacturing\">2: Materiais, ferramentas e servi\u00e7os utilizados no fabrico de moldes por inje\u00e7\u00e3o<\/h2><p>Ao decidir que tipo de acordo de fabrico por contrato assinar, considere as capacidades internas dos potenciais fabricantes de moldagem por inje\u00e7\u00e3o na China. Um especialista, uma ferramenta ou um material n\u00e3o tem de estar sempre dispon\u00edvel para que um fabricante seja bem sucedido. Basta certificar-se de que o fabricante disp\u00f5e de todos os recursos, ferramentas e conhecimentos necess\u00e1rios para produzir o seu produto ao mais alto n\u00edvel. Ao faz\u00ea-lo, podem ser evitados atrasos significativos e custos inesperados. As ferramentas de fabrico incluem as seguintes ferramentas avan\u00e7adas e vers\u00e1teis:<\/p><p>Software para CAD<br>Maquina\u00e7\u00e3o CNC<br>Impressoras 3D<br>Fundi\u00e7\u00e3o injectada<\/p><p>A utiliza\u00e7\u00e3o destas ferramentas n\u00e3o s\u00f3 facilita a produ\u00e7\u00e3o de produtos de alta qualidade, como tamb\u00e9m permite que os fabricantes de moldes de inje\u00e7\u00e3o chineses concebam ou fabriquem os seus produtos de forma mais eficiente, econ\u00f3mica e com menos desperd\u00edcio.<\/p><p>Os materiais tamb\u00e9m s\u00e3o importantes. A sele\u00e7\u00e3o limitada de materiais dispon\u00edveis para alguns fabricantes limita significativamente as suas op\u00e7\u00f5es de fabrico. Escolha um fabricante com experi\u00eancia em trabalhar com uma variedade de materiais, tais como:<\/p><ul class=\"wp-block-list\"><li><strong><em>Uma variedade de silicones, tais como elast\u00f3meros, g\u00e9is e vulcaniza\u00e7\u00e3o \u00e0 temperatura ambiente (RTV);<\/em><\/strong><\/li><li><strong><em>O grupo de materiais de poliuretano inclui elast\u00f3meros, espumas r\u00edgidas, g\u00e9is e espumas viscoel\u00e1sticas;<\/em><\/strong><\/li><li><strong><em>Metais e madeiras de diferentes tipos;<\/em><\/strong><\/li><li><strong><em>E muito mais.<\/em><\/strong><\/li><\/ul><p>Para produzir e testar o seu produto antes de este chegar ao mercado, os principais fabricantes tamb\u00e9m contratam uma equipa diversificada e experiente de engenheiros, operadores de equipamento, metal\u00fargicos e carpinteiros. Poder\u00e1 reduzir os custos e colocar os seus produtos no mercado mais rapidamente com esta combina\u00e7\u00e3o de m\u00e3o de obra qualificada, mat\u00e9rias-primas diversificadas e ferramentas de fabrico avan\u00e7adas. Certifique-se de que o fabricante oferece uma variedade de op\u00e7\u00f5es de fabrico por contrato.<\/p><h2 class=\"wp-block-heading\" id=\"7-3-industries-supported-by-manufacturers\">3: Ind\u00fastrias apoiadas por fabricantes de moldagem por inje\u00e7\u00e3o na China<\/h2><p>Um fabricante de contratos de moldagem por inje\u00e7\u00e3o na China pode especializar-se numa variedade de ind\u00fastrias. \u00c9 fundamental trabalhar com um fabricante que compreenda a sua ind\u00fastria, mesmo que alguns fabricantes experientes possam produzir produtos para v\u00e1rias ind\u00fastrias. Deve haver provas de que o fabricante:<\/p><p>O produto que prop\u00f5e \u00e9 semelhante a um produto que j\u00e1 concebeu anteriormente;<br>Identifique as expectativas dos seus clientes;<br>Acompanhar as tend\u00eancias actuais do sector, as melhores pr\u00e1ticas e os \u00faltimos desenvolvimentos do mercado;<br>Para garantir que o seu produto est\u00e1 em conformidade com os regulamentos da ind\u00fastria, j\u00e1 est\u00e1 familiarizado com eles ou est\u00e1 disposto a pesquis\u00e1-los em pormenor.<br>Se os seus produtos exigirem um elevado grau de pormenor ou complexidade, isto \u00e9 especialmente importante. Os seguintes sectores est\u00e3o entre os mais exigentes:<\/p><ul class=\"wp-block-list\"><li><strong>Telecomunica\u00e7\u00f5es<\/strong><\/li><li><strong>Cuidados de sa\u00fade<\/strong><\/li><li><strong>Eletr\u00f3nica<\/strong><\/li><\/ul><p>Trabalhar em qualquer uma destas ind\u00fastrias requer uma parceria com um fabricante com experi\u00eancia no sector. Consulte o portef\u00f3lio do fabricante. A sua empresa j\u00e1 contratou um fabricante por contrato? Um fabricante especializado na constru\u00e7\u00e3o de pe\u00e7as para ve\u00edculos oceanogr\u00e1ficos aut\u00f3nomos pode ser uma boa escolha se estiver a conceber uma nova pe\u00e7a de equipamento de investiga\u00e7\u00e3o oceanogr\u00e1fica. Tamb\u00e9m \u00e9 aconselh\u00e1vel estabelecer uma parceria com um fabricante que conceba e construa dispositivos m\u00e9dicos e materiais de forma\u00e7\u00e3o se trabalhar no sector da sa\u00fade. Devido ao seu conhecimento de todos os regulamentos rigorosos relativos a produtos de sa\u00fade, sabem como lidar com eles.<\/p><h2 class=\"wp-block-heading\" id=\"8-china-injection-molding-manufacturers-how-to-choose-one\">Fabricantes de moldagem por inje\u00e7\u00e3o na China: Como escolher um<\/h2><p>Agora que conhece os tr\u00eas principais tipos de fabrico por contrato, pode avaliar os potenciais fabricantes de moldagem por inje\u00e7\u00e3o na China com base nesta informa\u00e7\u00e3o. A fiabilidade e a vontade de colaborar no seu projeto s\u00e3o duas qualidades essenciais num fabricante.<\/p><p>As propostas de contrato e as estimativas de custos pormenorizadas devem ser fornecidas por um fabricante contratado desde o in\u00edcio. Al\u00e9m disso, deve poder mostrar-lhe a sua oficina e explicar como o seu produto ser\u00e1 fabricado, as ferramentas que utilizar\u00e1 e os materiais que utilizar\u00e1. Para al\u00e9m de partilhar exemplos do seu trabalho, deve respeitar a privacidade e a propriedade intelectual dos seus clientes anteriores. O fabricante ser\u00e1 provavelmente um excelente parceiro para a sua empresa se tiver testemunhos brilhantes de clientes do seu sector.<\/p><p>A colabora\u00e7\u00e3o, no entanto, \u00e9 uma das caracter\u00edsticas mais importantes de um grande fabricante de contrato de moldagem por inje\u00e7\u00e3o na China. Criando algo que voc\u00ea pode se orgulhar e que contribui com algo significativo para a sociedade vem sobre quando voc\u00ea trabalha com um fabricante do contrato que valoriza a qualidade, tanto quanto voc\u00ea faz.<\/p><p><\/p>","protected":false},"excerpt":{"rendered":"<p>China injection molding contract manufacturing1: china injection molding Manufacturing Contract TypesPrivate label manufacturing:Individual component manufacturing:Labor or service subcontracting:End-to-end manufacturing:2: Materials, tools, and services used in injection molding manufacturing3: Industries supported by china injection molding manufacturersChina injection molding Manufacturers: How to Choose OneGetting a high quality injection molded product from China onto the market quickly requires [&hellip;]<\/p>\n","protected":false},"author":11,"featured_media":0,"parent":0,"menu_order":0,"comment_status":"open","ping_status":"open","template":"","meta":{"footnotes":""},"class_list":["post-8304","page","type-page","status-publish","hentry"],"blocksy_meta":{"styles_descriptor":{"styles":{"desktop":"","tablet":"","mobile":""},"google_fonts":[],"version":6}},"_links":{"self":[{"href":"https:\/\/www.plasticmoulds.net\/pt\/wp-json\/wp\/v2\/pages\/8304","targetHints":{"allow":["GET"]}}],"collection":[{"href":"https:\/\/www.plasticmoulds.net\/pt\/wp-json\/wp\/v2\/pages"}],"about":[{"href":"https:\/\/www.plasticmoulds.net\/pt\/wp-json\/wp\/v2\/types\/page"}],"author":[{"embeddable":true,"href":"https:\/\/www.plasticmoulds.net\/pt\/wp-json\/wp\/v2\/users\/11"}],"replies":[{"embeddable":true,"href":"https:\/\/www.plasticmoulds.net\/pt\/wp-json\/wp\/v2\/comments?post=8304"}],"version-history":[{"count":1,"href":"https:\/\/www.plasticmoulds.net\/pt\/wp-json\/wp\/v2\/pages\/8304\/revisions"}],"predecessor-version":[{"id":13403,"href":"https:\/\/www.plasticmoulds.net\/pt\/wp-json\/wp\/v2\/pages\/8304\/revisions\/13403"}],"wp:attachment":[{"href":"https:\/\/www.plasticmoulds.net\/pt\/wp-json\/wp\/v2\/media?parent=8304"}],"curies":[{"name":"wp","href":"https:\/\/api.w.org\/{rel}","templated":true}]}}