{"id":7581,"date":"2022-05-20T17:10:54","date_gmt":"2022-05-20T09:10:54","guid":{"rendered":"https:\/\/plasticmoulds.net\/?page_id=7581"},"modified":"2024-12-13T14:49:13","modified_gmt":"2024-12-13T06:49:13","slug":"moldagem-por-injecao-para-automoveis","status":"publish","type":"page","link":"https:\/\/www.plasticmoulds.net\/pt\/automotive-injection-molding","title":{"rendered":"moldagem por inje\u00e7\u00e3o para autom\u00f3veis"},"content":{"rendered":"<h1 class=\"wp-block-heading\">empresa de moldagem por inje\u00e7\u00e3o para autom\u00f3veis<\/h1><p>A sua empresa est\u00e1 \u00e0 procura de um <a href=\"https:\/\/plasticmoulds.net\/automotive-injection-molding\" target=\"_blank\" rel=\"noreferrer noopener\">moldagem por inje\u00e7\u00e3o para autom\u00f3veis<\/a> empresa na China? N\u00f3s ajudamo-lo! Temos profissionais experientes que est\u00e3o familiarizados com esta ind\u00fastria e que o podem ajudar a escolher a melhor op\u00e7\u00e3o de moldagem para as suas necessidades a um custo razo\u00e1vel.<\/p><p>Pode concentrar-se no que realmente importa, quando o ajudamos a dar vida \u00e0s suas ideias de forma r\u00e1pida e eficiente. Para mais informa\u00e7\u00f5es sobre os nossos servi\u00e7os, contacte-nos hoje mesmo!<\/p><p>Oferecemos um pacote de moldagem por inje\u00e7\u00e3o para autom\u00f3veis que se destina a pequenas e m\u00e9dias empresas para todo o processo de fabrico de pl\u00e1sticos, tornando a moldagem personalizada de pl\u00e1sticos para autom\u00f3veis acess\u00edvel a todos.<\/p><p>No nosso pacote de produ\u00e7\u00e3o de moldagem por inje\u00e7\u00e3o de pl\u00e1sticos para autom\u00f3veis, permitimos-lhe moldar moldagem por inje\u00e7\u00e3o de pl\u00e1sticos para autom\u00f3veis ou misturar pl\u00e1stico com outros materiais, como metal, eletr\u00f3nica ou papel. Os componentes e conjuntos est\u00e3o dispon\u00edveis a pedido, sempre que poss\u00edvel.<\/p><figure class=\"wp-block-gallery has-nested-images columns-default is-cropped wp-block-gallery-1 is-layout-flex wp-block-gallery-is-layout-flex\"><figure class=\"wp-block-image size-large\"><a href=\"https:\/\/plasticmoulds.net\/wp-content\/uploads\/2022\/05\/car_31.jpg\"><img loading=\"lazy\" decoding=\"async\" width=\"680\" height=\"420\" data-id=\"7589\" src=\"https:\/\/plasticmoulds.net\/wp-content\/uploads\/2022\/05\/car_31.jpg\" alt=\"\" class=\"wp-image-7589\" srcset=\"https:\/\/www.plasticmoulds.net\/wp-content\/uploads\/2022\/05\/car_31.jpg 680w, https:\/\/www.plasticmoulds.net\/wp-content\/uploads\/2022\/05\/car_31-300x185.jpg 300w\" sizes=\"auto, (max-width: 680px) 100vw, 680px\" \/><\/a><\/figure><figure class=\"wp-block-image size-large\"><a href=\"https:\/\/plasticmoulds.net\/wp-content\/uploads\/2022\/05\/car-mould.jpg\"><img loading=\"lazy\" decoding=\"async\" width=\"516\" height=\"238\" data-id=\"7590\" src=\"https:\/\/plasticmoulds.net\/wp-content\/uploads\/2022\/05\/car-mould.jpg\" alt=\"\" class=\"wp-image-7590\" srcset=\"https:\/\/www.plasticmoulds.net\/wp-content\/uploads\/2022\/05\/car-mould.jpg 516w, https:\/\/www.plasticmoulds.net\/wp-content\/uploads\/2022\/05\/car-mould-300x138.jpg 300w\" sizes=\"auto, (max-width: 516px) 100vw, 516px\" \/><\/a><\/figure><figure class=\"wp-block-image size-large\"><a href=\"https:\/\/plasticmoulds.net\/wp-content\/uploads\/2022\/05\/car-mould_0001.jpg\"><img loading=\"lazy\" decoding=\"async\" width=\"680\" height=\"420\" data-id=\"7591\" src=\"https:\/\/plasticmoulds.net\/wp-content\/uploads\/2022\/05\/car-mould_0001.jpg\" alt=\"\" class=\"wp-image-7591\" srcset=\"https:\/\/www.plasticmoulds.net\/wp-content\/uploads\/2022\/05\/car-mould_0001.jpg 680w, https:\/\/www.plasticmoulds.net\/wp-content\/uploads\/2022\/05\/car-mould_0001-300x185.jpg 300w\" sizes=\"auto, (max-width: 680px) 100vw, 680px\" \/><\/a><\/figure><figure class=\"wp-block-image size-large\"><a href=\"https:\/\/plasticmoulds.net\/wp-content\/uploads\/2022\/05\/car-mould_0002.jpg\"><img loading=\"lazy\" decoding=\"async\" width=\"640\" height=\"480\" data-id=\"7592\" src=\"https:\/\/plasticmoulds.net\/wp-content\/uploads\/2022\/05\/car-mould_0002.jpg\" alt=\"\" class=\"wp-image-7592\" srcset=\"https:\/\/www.plasticmoulds.net\/wp-content\/uploads\/2022\/05\/car-mould_0002.jpg 640w, https:\/\/www.plasticmoulds.net\/wp-content\/uploads\/2022\/05\/car-mould_0002-300x225.jpg 300w\" sizes=\"auto, (max-width: 640px) 100vw, 640px\" \/><\/a><\/figure><figure class=\"wp-block-image size-large\"><a href=\"https:\/\/plasticmoulds.net\/wp-content\/uploads\/2022\/05\/car-mould_0003.jpg\"><img loading=\"lazy\" decoding=\"async\" width=\"680\" height=\"420\" data-id=\"7593\" src=\"https:\/\/plasticmoulds.net\/wp-content\/uploads\/2022\/05\/car-mould_0003.jpg\" alt=\"\" class=\"wp-image-7593\" srcset=\"https:\/\/www.plasticmoulds.net\/wp-content\/uploads\/2022\/05\/car-mould_0003.jpg 680w, https:\/\/www.plasticmoulds.net\/wp-content\/uploads\/2022\/05\/car-mould_0003-300x185.jpg 300w\" sizes=\"auto, (max-width: 680px) 100vw, 680px\" \/><\/a><\/figure><figure class=\"wp-block-image size-large\"><a href=\"https:\/\/plasticmoulds.net\/wp-content\/uploads\/2022\/05\/car-mould_0004.jpg\"><img loading=\"lazy\" decoding=\"async\" width=\"680\" height=\"420\" data-id=\"7595\" src=\"https:\/\/plasticmoulds.net\/wp-content\/uploads\/2022\/05\/car-mould_0004.jpg\" alt=\"\" class=\"wp-image-7595\" srcset=\"https:\/\/www.plasticmoulds.net\/wp-content\/uploads\/2022\/05\/car-mould_0004.jpg 680w, https:\/\/www.plasticmoulds.net\/wp-content\/uploads\/2022\/05\/car-mould_0004-300x185.jpg 300w\" sizes=\"auto, (max-width: 680px) 100vw, 680px\" \/><\/a><\/figure><figure class=\"wp-block-image size-large\"><a href=\"https:\/\/plasticmoulds.net\/wp-content\/uploads\/2022\/05\/car-mould_0005.jpg\"><img loading=\"lazy\" decoding=\"async\" width=\"680\" height=\"420\" data-id=\"7602\" src=\"https:\/\/plasticmoulds.net\/wp-content\/uploads\/2022\/05\/car-mould_0005.jpg\" alt=\"\" class=\"wp-image-7602\" srcset=\"https:\/\/www.plasticmoulds.net\/wp-content\/uploads\/2022\/05\/car-mould_0005.jpg 680w, https:\/\/www.plasticmoulds.net\/wp-content\/uploads\/2022\/05\/car-mould_0005-300x185.jpg 300w\" sizes=\"auto, (max-width: 680px) 100vw, 680px\" \/><\/a><\/figure><figure class=\"wp-block-image size-large\"><a href=\"https:\/\/plasticmoulds.net\/wp-content\/uploads\/2022\/05\/car-mould_0006.jpg\"><img loading=\"lazy\" decoding=\"async\" width=\"680\" height=\"420\" data-id=\"7599\" src=\"https:\/\/plasticmoulds.net\/wp-content\/uploads\/2022\/05\/car-mould_0006.jpg\" alt=\"\" class=\"wp-image-7599\" srcset=\"https:\/\/www.plasticmoulds.net\/wp-content\/uploads\/2022\/05\/car-mould_0006.jpg 680w, https:\/\/www.plasticmoulds.net\/wp-content\/uploads\/2022\/05\/car-mould_0006-300x185.jpg 300w\" sizes=\"auto, (max-width: 680px) 100vw, 680px\" \/><\/a><\/figure><figure class=\"wp-block-image size-large\"><a href=\"https:\/\/plasticmoulds.net\/wp-content\/uploads\/2022\/05\/car-mould_0007.jpg\"><img loading=\"lazy\" decoding=\"async\" width=\"680\" height=\"420\" data-id=\"7594\" src=\"https:\/\/plasticmoulds.net\/wp-content\/uploads\/2022\/05\/car-mould_0007.jpg\" alt=\"\" class=\"wp-image-7594\" srcset=\"https:\/\/www.plasticmoulds.net\/wp-content\/uploads\/2022\/05\/car-mould_0007.jpg 680w, https:\/\/www.plasticmoulds.net\/wp-content\/uploads\/2022\/05\/car-mould_0007-300x185.jpg 300w\" sizes=\"auto, (max-width: 680px) 100vw, 680px\" \/><\/a><\/figure><figure class=\"wp-block-image size-large\"><a href=\"https:\/\/plasticmoulds.net\/wp-content\/uploads\/2022\/05\/car-mould_0008.jpg\"><img loading=\"lazy\" decoding=\"async\" width=\"680\" height=\"420\" data-id=\"7596\" src=\"https:\/\/plasticmoulds.net\/wp-content\/uploads\/2022\/05\/car-mould_0008.jpg\" alt=\"\" class=\"wp-image-7596\" srcset=\"https:\/\/www.plasticmoulds.net\/wp-content\/uploads\/2022\/05\/car-mould_0008.jpg 680w, https:\/\/www.plasticmoulds.net\/wp-content\/uploads\/2022\/05\/car-mould_0008-300x185.jpg 300w\" sizes=\"auto, (max-width: 680px) 100vw, 680px\" \/><\/a><\/figure><figure class=\"wp-block-image size-large\"><a href=\"https:\/\/plasticmoulds.net\/wp-content\/uploads\/2022\/05\/car-mould_0009.jpg\"><img loading=\"lazy\" decoding=\"async\" width=\"680\" height=\"420\" data-id=\"7600\" src=\"https:\/\/plasticmoulds.net\/wp-content\/uploads\/2022\/05\/car-mould_0009.jpg\" alt=\"\" class=\"wp-image-7600\" srcset=\"https:\/\/www.plasticmoulds.net\/wp-content\/uploads\/2022\/05\/car-mould_0009.jpg 680w, https:\/\/www.plasticmoulds.net\/wp-content\/uploads\/2022\/05\/car-mould_0009-300x185.jpg 300w\" sizes=\"auto, (max-width: 680px) 100vw, 680px\" \/><\/a><\/figure><figure class=\"wp-block-image size-large\"><a href=\"https:\/\/plasticmoulds.net\/wp-content\/uploads\/2022\/05\/car-mould_0010.jpg\"><img loading=\"lazy\" decoding=\"async\" width=\"680\" height=\"420\" data-id=\"7603\" src=\"https:\/\/plasticmoulds.net\/wp-content\/uploads\/2022\/05\/car-mould_0010.jpg\" alt=\"\" class=\"wp-image-7603\" srcset=\"https:\/\/www.plasticmoulds.net\/wp-content\/uploads\/2022\/05\/car-mould_0010.jpg 680w, https:\/\/www.plasticmoulds.net\/wp-content\/uploads\/2022\/05\/car-mould_0010-300x185.jpg 300w\" sizes=\"auto, (max-width: 680px) 100vw, 680px\" \/><\/a><\/figure><figure class=\"wp-block-image size-large\"><a href=\"https:\/\/plasticmoulds.net\/wp-content\/uploads\/2022\/05\/car-mould_0011.jpg\"><img loading=\"lazy\" decoding=\"async\" width=\"680\" height=\"420\" data-id=\"7598\" src=\"https:\/\/plasticmoulds.net\/wp-content\/uploads\/2022\/05\/car-mould_0011.jpg\" alt=\"\" class=\"wp-image-7598\" srcset=\"https:\/\/www.plasticmoulds.net\/wp-content\/uploads\/2022\/05\/car-mould_0011.jpg 680w, https:\/\/www.plasticmoulds.net\/wp-content\/uploads\/2022\/05\/car-mould_0011-300x185.jpg 300w\" sizes=\"auto, (max-width: 680px) 100vw, 680px\" \/><\/a><\/figure><figure class=\"wp-block-image size-large\"><a href=\"https:\/\/plasticmoulds.net\/wp-content\/uploads\/2022\/05\/car-mould_0012.jpg\"><img loading=\"lazy\" decoding=\"async\" width=\"680\" height=\"420\" data-id=\"7604\" src=\"https:\/\/plasticmoulds.net\/wp-content\/uploads\/2022\/05\/car-mould_0012.jpg\" alt=\"\" class=\"wp-image-7604\" srcset=\"https:\/\/www.plasticmoulds.net\/wp-content\/uploads\/2022\/05\/car-mould_0012.jpg 680w, https:\/\/www.plasticmoulds.net\/wp-content\/uploads\/2022\/05\/car-mould_0012-300x185.jpg 300w\" sizes=\"auto, (max-width: 680px) 100vw, 680px\" \/><\/a><\/figure><figure class=\"wp-block-image size-large\"><a href=\"https:\/\/plasticmoulds.net\/wp-content\/uploads\/2022\/05\/car-mould_0013.jpg\"><img loading=\"lazy\" decoding=\"async\" width=\"680\" height=\"420\" data-id=\"7597\" src=\"https:\/\/plasticmoulds.net\/wp-content\/uploads\/2022\/05\/car-mould_0013.jpg\" alt=\"\" class=\"wp-image-7597\" srcset=\"https:\/\/www.plasticmoulds.net\/wp-content\/uploads\/2022\/05\/car-mould_0013.jpg 680w, https:\/\/www.plasticmoulds.net\/wp-content\/uploads\/2022\/05\/car-mould_0013-300x185.jpg 300w\" sizes=\"auto, (max-width: 680px) 100vw, 680px\" \/><\/a><\/figure><figure class=\"wp-block-image size-large\"><a href=\"https:\/\/plasticmoulds.net\/wp-content\/uploads\/2022\/05\/car-mould_0014.jpg\"><img loading=\"lazy\" decoding=\"async\" width=\"680\" height=\"420\" data-id=\"7601\" src=\"https:\/\/plasticmoulds.net\/wp-content\/uploads\/2022\/05\/car-mould_0014.jpg\" alt=\"\" class=\"wp-image-7601\" srcset=\"https:\/\/www.plasticmoulds.net\/wp-content\/uploads\/2022\/05\/car-mould_0014.jpg 680w, https:\/\/www.plasticmoulds.net\/wp-content\/uploads\/2022\/05\/car-mould_0014-300x185.jpg 300w\" sizes=\"auto, (max-width: 680px) 100vw, 680px\" \/><\/a><\/figure><\/figure><p>O planeamento de moldes para autom\u00f3veis, a conce\u00e7\u00e3o de moldes de inje\u00e7\u00e3o para autom\u00f3veis e a cria\u00e7\u00e3o de moldes s\u00e3o aspectos muito importantes da produ\u00e7\u00e3o do fabricante de pl\u00e1sticos Towpworks. Para alguns compradores, o custo dos moldes de inje\u00e7\u00e3o para autom\u00f3veis pode ser muito elevado, mesmo para projectos simples.<\/p><p> No entanto, atrav\u00e9s da nossa pr\u00f3pria oficina de ferramentas, reduzimos o tempo de desenvolvimento e o custo da moldagem por inje\u00e7\u00e3o para autom\u00f3veis. Al\u00e9m disso, agrupamos as encomendas de moldes individuais para minimizar os custos. <\/p><p>Se trabalhar connosco, um fabricante de pl\u00e1sticos com uma vasta experi\u00eancia, n\u00e3o precisa de come\u00e7ar do zero.<\/p><div class=\"wp-block-stackable-button-group stk-block-button-group stk-block stk-8289426\" data-block-id=\"8289426\"><div class=\"stk-row stk-inner-blocks stk-block-content stk-button-group\"><div class=\"wp-block-stackable-button stk-block-button stk-block stk-3057e23\" data-block-id=\"3057e23\"><style>.stk-3057e23{border-top-left-radius:17px !important;border-top-right-radius:17px !important;border-bottom-right-radius:17px !important;border-bottom-left-radius:17px !important;overflow:hidden !important;box-shadow:0 5px 5px 0 rgba(18,63,82,0.035) !important;opacity:1 !important;flex:1 1 0 !important}.stk-3057e23,.stk-3057e23 .stk-button{width:100% !important}.stk-3057e23 .stk-button{padding-right:14px !important;padding-left:14px !important;background:#00d084 !important;border-top-left-radius:50px !important;border-top-right-radius:50px !important;border-bottom-right-radius:50px !important;border-bottom-left-radius:50px !important}.stk-3057e23 .stk-button:before{box-shadow:0 5px 5px 0 rgba(18,63,82,0.035) !important}.stk-3057e23 .stk-button .stk--inner-svg svg:last-child{height:40px !important;width:40px !important}.stk-3057e23 .stk-button .stk--inner-svg svg:last-child,.stk-3057e23 .stk-button .stk--inner-svg svg:last-child:is(g,path,rect,polygon,ellipse){fill:#e6e600 !important}.stk-3057e23 .stk-button__inner-text{font-size:26px !important}@media screen and (max-width:999px){.stk-3057e23 .stk-button__inner-text{font-size:26px !important}}<\/style><a class=\"stk-link stk-button stk--hover-effect-darken\" href=\"\" target=\"_blank\" rel=\"noreferrer noopener\"><span class=\"stk--svg-wrapper\"><div class=\"stk--inner-svg\"><svg xmlns=\"http:\/\/www.w3.org\/2000\/svg\" viewbox=\"0 0 512 512\" aria-hidden=\"true\" width=\"32\" height=\"32\"><path d=\"M144.8 17c-11.3-17.8-37.2-22.8-54-9.4C35.3 51.9 0 118 0 192h256L144.8 17zM496 96h-48c-35.3 0-64 28.7-64 64v64H0c0 50.6 23 96.4 60.3 130.7C25.7 363.6 0 394.7 0 432c0 44.2 35.8 80 80 80s80-35.8 80-80c0-8.9-1.8-17.2-4.4-25.2 21.6 5.9 44.6 9.2 68.4 9.2s46.9-3.3 68.4-9.2c-2.7 8-4.4 16.3-4.4 25.2 0 44.2 35.8 80 80 80s80-35.8 80-80c0-37.3-25.7-68.4-60.3-77.3C425 320.4 448 274.6 448 224v-64h48c8.8 0 16-7.2 16-16v-32c0-8.8-7.2-16-16-16zM80 464c-17.6 0-32-14.4-32-32s14.4-32 32-32 32 14.4 32 32-14.4 32-32 32zm320-32c0 17.6-14.4 32-32 32s-32-14.4-32-32 14.4-32 32-32 32 14.4 32 32z\"><\/path><\/svg><\/div><\/span><span class=\"stk-button__inner-text\">OBTER UM OR\u00c7AMENTO GRATUITO-30% INFERIOR ,15 DIAS MENOS<\/span><\/a><\/div><\/div><\/div><p>Os componentes de moldagem por inje\u00e7\u00e3o para autom\u00f3veis n\u00e3o incluem apenas pain\u00e9is de instrumentos elegantes, tapetes para os bancos e outras caracter\u00edsticas de pl\u00e1stico para autom\u00f3veis que atraem os compradores. Estas op\u00e7\u00f5es podem oferecer um elemento de prote\u00e7\u00e3o; no entanto, os componentes de pl\u00e1stico ocultos sob o cap\u00f4 controlam o desempenho e a seguran\u00e7a gerais de um autom\u00f3vel.<\/p><ul class=\"wp-block-list\"><li><strong>Fasquias<\/strong><\/li><li><strong>Dire\u00e7\u00e3o assistida<\/strong><\/li><li><strong>Sensores de press\u00e3o dos pneus<\/strong><\/li><li><strong>Sistemas de combust\u00edvel<\/strong><\/li><li><strong>Contorno das janelas e do para-brisas<\/strong><\/li><\/ul><ul class=\"wp-block-list\"><li><strong>Controlos de r\u00e1dio<\/strong><\/li><li><strong>Mecanismos de suspens\u00e3o<\/strong><\/li><li><strong>Componentes de gest\u00e3o do motor<\/strong><\/li><li><strong>Contornos dos far\u00f3is<\/strong><\/li><li><strong>Para-choques<\/strong><\/li><\/ul><ul class=\"wp-block-list\"><li><strong>Spoilers<\/strong><\/li><li><strong>Placas de matr\u00edcula<\/strong><\/li><li><strong>Espelhos<\/strong><\/li><li><strong>Acess\u00f3rios de cablagem Acabamentos interiores<\/strong><\/li><\/ul><figure class=\"wp-block-image aligncenter size-full is-resized\"><a href=\"https:\/\/plasticmoulds.net\/wp-content\/uploads\/2022\/05\/autoparts.jpg\"><img loading=\"lazy\" decoding=\"async\" width=\"525\" height=\"292\" src=\"https:\/\/plasticmoulds.net\/wp-content\/uploads\/2022\/05\/autoparts.jpg\" alt=\"\" class=\"wp-image-7583\" style=\"width:670px;height:auto\" srcset=\"https:\/\/www.plasticmoulds.net\/wp-content\/uploads\/2022\/05\/autoparts.jpg 525w, https:\/\/www.plasticmoulds.net\/wp-content\/uploads\/2022\/05\/autoparts-300x167.jpg 300w\" sizes=\"auto, (max-width: 525px) 100vw, 525px\" \/><\/a><\/figure><h2 class=\"wp-block-heading\"><\/h2><hr class=\"wp-block-separator has-alpha-channel-opacity\"\/><p>Se trabalha na ind\u00fastria autom\u00f3vel, \u00e9 prov\u00e1vel que j\u00e1 tenha ouvido falar de moldagem por inje\u00e7\u00e3o. Mas o que \u00e9 isso?<\/p><figure class=\"wp-block-image aligncenter size-full\"><a href=\"https:\/\/plasticmoulds.net\/wp-content\/uploads\/2022\/07\/024-manufacturing.png\"><img loading=\"lazy\" decoding=\"async\" width=\"512\" height=\"512\" src=\"https:\/\/plasticmoulds.net\/wp-content\/uploads\/2022\/07\/024-manufacturing.png\" alt=\"\" class=\"wp-image-7940\" srcset=\"https:\/\/www.plasticmoulds.net\/wp-content\/uploads\/2022\/07\/024-manufacturing.png 512w, https:\/\/www.plasticmoulds.net\/wp-content\/uploads\/2022\/07\/024-manufacturing-300x300.png 300w, https:\/\/www.plasticmoulds.net\/wp-content\/uploads\/2022\/07\/024-manufacturing-150x150.png 150w\" sizes=\"auto, (max-width: 512px) 100vw, 512px\" \/><\/a><\/figure><p>A moldagem por inje\u00e7\u00e3o \u00e9 um processo que for\u00e7a o pl\u00e1stico derretido a alta press\u00e3o e aquecido num molde para formar uma pe\u00e7a de pl\u00e1stico s\u00f3lida. O resultado s\u00e3o pe\u00e7as com pormenores intrincados e dimens\u00f5es precisas. Estas pe\u00e7as podem ser utilizadas em tudo, desde autom\u00f3veis a dispositivos m\u00e9dicos e brinquedos. O processo \u00e9 utilizado em todo o mundo h\u00e1 d\u00e9cadas, mas sabia que a China \u00e9 um dos principais pa\u00edses para a produ\u00e7\u00e3o destas pe\u00e7as a um custo razo\u00e1vel?<\/p><p>A moldagem por inje\u00e7\u00e3o para autom\u00f3veis \u00e9 um processo especializado utilizado para fabricar pe\u00e7as de pl\u00e1stico para autom\u00f3veis, cami\u00f5es e outros ve\u00edculos. Devido \u00e0 sua complexidade, requer um elevado n\u00edvel de conhecimentos t\u00e9cnicos para garantir que o produto acabado \u00e9 dur\u00e1vel e eficaz quando concebido corretamente.<\/p><p>Os distribuidores de pe\u00e7as para autom\u00f3veis procuram fabricantes de pe\u00e7as para moldagem por inje\u00e7\u00e3o para autom\u00f3veis na China. Pretendem comprar estas pe\u00e7as a um pre\u00e7o grossista e revend\u00ea-las aos seus clientes. Querem encontrar uma f\u00e1brica na China que possa fabricar estas pe\u00e7as a um pre\u00e7o muito baixo. Pretendem comprar estes componentes diretamente \u00e0 f\u00e1brica e n\u00e3o atrav\u00e9s de um agente.<\/p><p>A China tornou-se um dos principais fornecedores mundiais de produtos de moldagem por inje\u00e7\u00e3o para autom\u00f3veis devido \u00e0 sua grande reserva de engenheiros talentosos e trabalhadores qualificados, que podem produzi-los a baixo custo. <\/p><p>No entanto, a escolha de uma empresa na China que possa fornecer pe\u00e7as de qualidade requer uma pesquisa cuidadosa e a considera\u00e7\u00e3o de v\u00e1rios factores antes de tomar uma decis\u00e3o final sobre qual o fornecedor que melhor satisfaz as suas necessidades, e n\u00e3o apenas o pre\u00e7o inicial que oferecem.<\/p><p>O guia que se segue ajud\u00e1-lo-\u00e1 a escolher um fabricante de moldes de inje\u00e7\u00e3o para autom\u00f3veis da China que cumpra as suas especifica\u00e7\u00f5es exactas e que, ao mesmo tempo, lhe forne\u00e7a produtos de alta qualidade a pre\u00e7os acess\u00edveis:<\/p><h3 class=\"wp-block-heading\">1) Pre\u00e7o<\/h3><p>Pretende encontrar uma f\u00e1brica de moldagem por inje\u00e7\u00e3o para autom\u00f3veis na China que possa fornecer pe\u00e7as de elevada qualidade a um pre\u00e7o acess\u00edvel. Isto significa procurar fornecedores chineses que trabalhem diretamente com as f\u00e1bricas e n\u00e3o atrav\u00e9s de agentes ou intermedi\u00e1rios. Por outras palavras, n\u00e3o basta escolher o primeiro fornecedor que encontrar no Google, \u00e9 preciso verific\u00e1-lo cuidadosamente!<\/p><h3 class=\"wp-block-heading\">2) moldagem por inje\u00e7\u00e3o para autom\u00f3veis Qualidade<\/h3><p>\u00c9 necess\u00e1rio certificar-se de que qualquer f\u00e1brica de moldagem por inje\u00e7\u00e3o autom\u00f3vel na China que escolher tem um historial estabelecido de produ\u00e7\u00e3o de pe\u00e7as autom\u00f3veis de alta qualidade para os outros compradores, bem como documenta\u00e7\u00e3o clara que mostre como testam cada pe\u00e7a antes de sair do ch\u00e3o de f\u00e1brica. Estes documentos podem incluir certificados de laborat\u00f3rios independentes, como UL ou SGS, que verificam a seguran\u00e7a do produto, bem como relat\u00f3rios de testes da pr\u00f3pria f\u00e1brica.<\/p><h3 class=\"wp-block-heading\">3) Entrega para moldagem por inje\u00e7\u00e3o para autom\u00f3veis<\/h3><p>\u00c9 importante certificar-se de que qualquer fornecedor de moldes de inje\u00e7\u00e3o autom\u00f3vel tem um calend\u00e1rio de entrega fi\u00e1vel e pode entregar as pe\u00e7as sem qualquer atraso. Isto significa evitar os fornecedores de moldagem por inje\u00e7\u00e3o autom\u00f3vel da China que prometem datas de entrega irrealistas ou que fornecem pouca ou nenhuma informa\u00e7\u00e3o sobre o tempo necess\u00e1rio para que as pe\u00e7as sejam produzidas ou enviadas. Se n\u00e3o for capaz de produzir as pe\u00e7as com rapidez suficiente, talvez seja necess\u00e1rio procurar outro fornecedor.<\/p><h3 class=\"wp-block-heading\">4) Servi\u00e7o ao cliente<\/h3><p>O servi\u00e7o ao cliente \u00e9 o mais importante, especialmente para a ind\u00fastria de moldagem por inje\u00e7\u00e3o. Deve tamb\u00e9m procurar fornecedores que ofere\u00e7am um excelente servi\u00e7o ao cliente, incluindo uma comunica\u00e7\u00e3o clara durante todo o processo de encomenda e em rela\u00e7\u00e3o a quaisquer quest\u00f5es que possa ter. Tamb\u00e9m deve procurar fornecedores que forne\u00e7am informa\u00e7\u00f5es detalhadas sobre a forma como os seus produtos moldados por inje\u00e7\u00e3o s\u00e3o fabricados e os materiais que utilizam. Isto ajud\u00e1-lo-\u00e1 a verificar se est\u00e3o a seguir as directrizes da ind\u00fastria e, ao mesmo tempo, a certificar-se de que n\u00e3o est\u00e3o a cortar nos cantos ou a utilizar materiais inferiores.<\/p>","protected":false},"excerpt":{"rendered":"<p>automotive injection molding companyIs your company looking for a high-quality automotive injection molding company in China? We&#8217;ve got you covered! We have experienced professionals who are familiar with this industry, and can help you choose the best molding option for your needs at a reasonable cost.You can concentrate on what really matters , when we [&hellip;]<\/p>\n","protected":false},"author":11,"featured_media":0,"parent":0,"menu_order":0,"comment_status":"closed","ping_status":"closed","template":"","meta":{"footnotes":""},"class_list":["post-7581","page","type-page","status-publish","hentry"],"blocksy_meta":{"styles_descriptor":{"styles":{"desktop":"","tablet":"","mobile":""},"google_fonts":[],"version":6}},"_links":{"self":[{"href":"https:\/\/www.plasticmoulds.net\/pt\/wp-json\/wp\/v2\/pages\/7581","targetHints":{"allow":["GET"]}}],"collection":[{"href":"https:\/\/www.plasticmoulds.net\/pt\/wp-json\/wp\/v2\/pages"}],"about":[{"href":"https:\/\/www.plasticmoulds.net\/pt\/wp-json\/wp\/v2\/types\/page"}],"author":[{"embeddable":true,"href":"https:\/\/www.plasticmoulds.net\/pt\/wp-json\/wp\/v2\/users\/11"}],"replies":[{"embeddable":true,"href":"https:\/\/www.plasticmoulds.net\/pt\/wp-json\/wp\/v2\/comments?post=7581"}],"version-history":[{"count":2,"href":"https:\/\/www.plasticmoulds.net\/pt\/wp-json\/wp\/v2\/pages\/7581\/revisions"}],"predecessor-version":[{"id":13379,"href":"https:\/\/www.plasticmoulds.net\/pt\/wp-json\/wp\/v2\/pages\/7581\/revisions\/13379"}],"wp:attachment":[{"href":"https:\/\/www.plasticmoulds.net\/pt\/wp-json\/wp\/v2\/media?parent=7581"}],"curies":[{"name":"wp","href":"https:\/\/api.w.org\/{rel}","templated":true}]}}