{"id":5418,"date":"2021-05-29T11:35:32","date_gmt":"2021-05-29T03:35:32","guid":{"rendered":"https:\/\/plasticmoulds.net\/?p=5418"},"modified":"2023-12-31T17:10:46","modified_gmt":"2023-12-31T09:10:46","slug":"externalizacao-da-moldagem-por-injecao-na-china","status":"publish","type":"page","link":"https:\/\/www.plasticmoulds.net\/pt\/injection-molding-outsourcing-in-china","title":{"rendered":"As 10 melhores pr\u00e1ticas de Outsourcing de Moldagem por Inje\u00e7\u00e3o na China"},"content":{"rendered":"<h1 class=\"wp-block-heading\" id=\"1-injection-molding-outsourcing-in-china\">Outsourcing de moldagem por inje\u00e7\u00e3o na China<\/h1><nav class=\"wp-block-stackable-table-of-contents stk-block-table-of-contents stk-block stk-cb4f0c7 stk-block-background\" data-block-id=\"cb4f0c7\"><p class=\"stk-table-of-contents__title\">Tabela de Conte\u00fados<\/p><ul class=\"stk-table-of-contents__table\"><li><a href=\"#2-how-does-china-injection-molding-outsourcing-work\">Como funciona a externaliza\u00e7\u00e3o da moldagem por inje\u00e7\u00e3o na China?<\/a><ul><li><a href=\"#3-the-risks-and-challenges-associated-with-outsourcing-in-china\">Os riscos e desafios associados \u00e0 externaliza\u00e7\u00e3o na China<\/a><\/li><\/ul><\/li><li><a href=\"#4-managing-best-practices\">Gerir as melhores pr\u00e1ticas<\/a><ul><li><a href=\"#undefined\">Estabelecer rela\u00e7\u00f5es com os principais gestores<\/a><\/li><li><a href=\"#6--plan-your-project-scope-and-timeline-\"> Planear o \u00e2mbito e o calend\u00e1rio do projeto <\/a><\/li><li><a href=\"#8--try-to-think-beyond-price-\"> Tente pensar para al\u00e9m do pre\u00e7o. <\/a><\/li><li><a href=\"#9--dont-take-the-portfolio-lightly-\"> N\u00e3o se deixe levar pela carteira de t\u00edtulos <\/a><\/li><li><a href=\"#12--negotiate-your-ownership-as-early-as-possible-\">Negociar a sua propriedade o mais cedo poss\u00edvel <\/a><\/li><li><a href=\"#13--support-after-the-delivery-\"> Apoio ap\u00f3s a entrega <\/a><\/li><\/ul><\/li><li><a href=\"#15--how-to-outsource-\"> Como subcontratar <\/a><\/li><\/ul><\/nav><figure class=\"wp-block-image aligncenter\"><a href=\"https:\/\/plasticmoulds.net\/wp-content\/uploads\/2021\/07\/plastic-mold-6.jpg\"><img loading=\"lazy\" decoding=\"async\" width=\"796\" height=\"359\" src=\"https:\/\/plasticmoulds.net\/wp-content\/uploads\/2021\/07\/plastic-mold-6.jpg\" alt=\"China Moldagem por injec\u00e7\u00e3o\" class=\"wp-image-5780\" srcset=\"https:\/\/www.plasticmoulds.net\/wp-content\/uploads\/2021\/07\/plastic-mold-6.jpg 796w, https:\/\/www.plasticmoulds.net\/wp-content\/uploads\/2021\/07\/plastic-mold-6-300x135.jpg 300w, https:\/\/www.plasticmoulds.net\/wp-content\/uploads\/2021\/07\/plastic-mold-6-768x346.jpg 768w\" sizes=\"auto, (max-width: 796px) 100vw, 796px\" \/><\/a><figcaption class=\"wp-element-caption\">China Moldagem por injec\u00e7\u00e3o<\/figcaption><\/figure><p>H\u00e1 um crescimento em <a href=\"https:\/\/plasticmoulds.net\/injection-moldin\u2026ourcing-in-china.html\">Outsourcing de moldagem por inje\u00e7\u00e3o na China<\/a>.<\/p><p>Em 2020, estimava-se que cerca de 35% das empresas externalizassem a moldagem por inje\u00e7\u00e3o na China, estando 78% satisfeitas com o resultado.<\/p><p>O ambiente de mercado competitivo que enfrentamos nos \u00faltimos anos em mat\u00e9ria de externaliza\u00e7\u00e3o levou a que os actuais fornecedores de servi\u00e7os de externaliza\u00e7\u00e3o estejam dispostos a fornecer aos clientes muito mais do que uma solu\u00e7\u00e3o de moldagem por inje\u00e7\u00e3o rent\u00e1vel.<\/p><figure class=\"wp-block-image aligncenter size-full is-resized\"><a href=\"https:\/\/plasticmoulds.net\/wp-content\/uploads\/2022\/07\/13.png\"><img loading=\"lazy\" decoding=\"async\" width=\"256\" height=\"256\" src=\"https:\/\/plasticmoulds.net\/wp-content\/uploads\/2022\/07\/13.png\" alt=\"\" class=\"wp-image-7946\" style=\"width:547px;height:547px\" srcset=\"https:\/\/www.plasticmoulds.net\/wp-content\/uploads\/2022\/07\/13.png 256w, https:\/\/www.plasticmoulds.net\/wp-content\/uploads\/2022\/07\/13-150x150.png 150w\" sizes=\"auto, (max-width: 256px) 100vw, 256px\" \/><\/a><\/figure><p>A externaliza\u00e7\u00e3o da moldagem por inje\u00e7\u00e3o na China tornou-se muito mais do que uma medida de poupan\u00e7a de custos. O <a href=\"https:\/\/plasticmoulds.net\/injection-molding-company\">escolha correcta<\/a> de fornecedores de outsourcing e outstaffing permite \u00e0s empresas estabelecer uma rela\u00e7\u00e3o profissional duradoura com uma equipa de desenvolvimento de alta qualidade e uma gest\u00e3o eficaz da moldagem por inje\u00e7\u00e3o.<\/p><div class=\"wp-block-group alignwide is-layout-constrained wp-block-group-is-layout-constrained\"><div class=\"wp-block-stackable-timeline stk-block-timeline stk-block-timeline--left stk-block stk-fdbdf91 stk-block-background\" data-block-id=\"fdbdf91\"><style>.stk-fdbdf91{background-color:#fccd00 !important;--gap:20px !important;--line-dot-border-radius:0px !important;--line-dot-size:20px !important}.stk-fdbdf91:before{background-color:#fccd00 !important}@media screen and (max-width:689px){.stk-fdbdf91 .stk-inner-blocks:after{top:16px !important}}<\/style><div class=\"stk-row stk-inner-blocks stk-block-content stk-content-align stk-fdbdf91-column\"><div class=\"stk-block-timeline__date\">Conce\u00e7\u00e3o de componentes 7 dias<\/div><div class=\"stk-block-timeline__middle\"><\/div><div class=\"stk-block-timeline__content\"><div class=\"wp-block-stackable-column stk-block-column stk-column stk-block stk-eea635e stk-block-background\" data-v=\"4\" data-block-id=\"eea635e\"><style>.stk-eea635e-container{margin-top:0px !important;margin-right:0px !important;margin-bottom:0px !important;margin-left:0px !important}.stk-eea635e-inner-blocks{justify-content:flex-start !important}.stk-eea635e{background-color:var(--theme-palette-color-5,#E2E7ED) !important}.stk-eea635e:before{background-color:var(--theme-palette-color-5,#E2E7ED) !important}<\/style><div class=\"stk-column-wrapper stk-block-column__content stk-container stk-eea635e-container stk--no-background stk--no-padding\"><div class=\"stk--column-flex stk-block-content stk-inner-blocks stk-eea635e-inner-blocks\"><p>Topworks pode\u00a0<a href=\"https:\/\/plasticmoulds.net\/design\">optimize o seu desenho<\/a>\u00a0para reduzir os custos ou garantir a compatibilidade optimizando o seu desenho antes do fabrico das ferramentas. Os clientes s\u00e3o convidados a fornecer ficheiros 3D<\/p><\/div><\/div><\/div><\/div><\/div><\/div><div class=\"wp-block-stackable-timeline stk-block-timeline stk-block-timeline--left stk-block stk-65d80fe stk-block-background\" data-block-id=\"65d80fe\"><style>.stk-65d80fe{background-color:#fccd00 !important}.stk-65d80fe:before{background-color:#fccd00 !important}@media screen and (max-width:689px){.stk-65d80fe .stk-inner-blocks:after{top:16px !important}}<\/style><div class=\"stk-row stk-inner-blocks stk-block-content stk-content-align stk-65d80fe-column\"><div class=\"stk-block-timeline__date\">Prototipagem de pe\u00e7as (se necess\u00e1rio) (2 -3 dias)<\/div><div class=\"stk-block-timeline__middle\"><\/div><div class=\"stk-block-timeline__content\"><div class=\"wp-block-stackable-column stk-block-column stk-column stk-block stk-47b313d\" data-v=\"4\" data-block-id=\"47b313d\"><style>.stk-47b313d-container{margin-top:0px !important;margin-right:0px !important;margin-bottom:0px !important;margin-left:0px !important}<\/style><div class=\"stk-column-wrapper stk-block-column__content stk-container stk-47b313d-container stk--no-background stk--no-padding\"><div class=\"stk-block-content stk-inner-blocks stk-47b313d-inner-blocks\"><p>A Topworks pode utilizar o Controlo Num\u00e9rico Computadorizado (CNC) para produzir um prot\u00f3tipo maquinado ou impress\u00e3o 3D que pode ver e sentir para validar o design da sua pe\u00e7a.<\/p><\/div><\/div><\/div><\/div><\/div><\/div><div class=\"wp-block-stackable-timeline stk-block-timeline stk-block-timeline--left stk-block stk-c210ffa stk-block-background\" data-block-id=\"c210ffa\"><style>.stk-c210ffa{background-color:#fccd00 !important;--line-bg-color:var(--theme-palette-color-6,#edeff2) !important}.stk-c210ffa:before{background-color:#fccd00 !important}@media screen and (max-width:689px){.stk-c210ffa .stk-inner-blocks:after{top:16px !important}}<\/style><div class=\"stk-row stk-inner-blocks stk-block-content stk-content-align stk-c210ffa-column\"><div class=\"stk-block-timeline__date\">Conce\u00e7\u00e3o de ferramentas (3-7 dias)<\/div><div class=\"stk-block-timeline__middle\"><\/div><div class=\"stk-block-timeline__content\"><div class=\"wp-block-stackable-column stk-block-column stk-column stk-block stk-b2b416d stk-block-background\" data-v=\"4\" data-block-id=\"b2b416d\"><style>.stk-b2b416d-container{margin-top:0px !important;margin-right:0px !important;margin-bottom:0px !important;margin-left:0px !important}.stk-b2b416d{background-color:var(--theme-palette-color-5,#E2E7ED) !important}.stk-b2b416d:before{background-color:var(--theme-palette-color-5,#E2E7ED) !important}<\/style><div class=\"stk-column-wrapper stk-block-column__content stk-container stk-b2b416d-container stk--no-background stk--no-padding\"><div class=\"stk-block-content stk-inner-blocks stk-b2b416d-inner-blocks\"><p>Durante esta fase, a sua Folha de Trabalho de Informa\u00e7\u00e3o de Ferramentas \u00e9 utilizada para conceber a ferramenta.<\/p><\/div><\/div><\/div><\/div><\/div><\/div><div class=\"wp-block-stackable-timeline stk-block-timeline stk-block-timeline--left stk-block stk-cad37d9 stk-block-background\" data-block-id=\"cad37d9\"><style>.stk-cad37d9{background-color:#fccd00 !important;--gap:9px !important}.stk-cad37d9:before{background-color:#fccd00 !important}@media screen and (max-width:689px){.stk-cad37d9 .stk-inner-blocks:after{top:16px !important}}<\/style><div class=\"stk-row stk-inner-blocks stk-block-content stk-content-align stk-cad37d9-column\"><div class=\"stk-block-timeline__date\">Verifica\u00e7\u00e3o da conce\u00e7\u00e3o da ferramenta (2-3 dias)<\/div><div class=\"stk-block-timeline__middle\"><\/div><div class=\"stk-block-timeline__content\"><div class=\"wp-block-stackable-column stk-block-column stk-column stk-block stk-0991ce0\" data-v=\"4\" data-block-id=\"0991ce0\"><style>.stk-0991ce0-container{margin-top:0px !important;margin-right:0px !important;margin-bottom:0px !important;margin-left:0px !important}<\/style><div class=\"stk-column-wrapper stk-block-column__content stk-container stk-0991ce0-container stk--no-background stk--no-padding\"><div class=\"stk-block-content stk-inner-blocks stk-0991ce0-inner-blocks\"><p>A precis\u00e3o da concep\u00e7\u00e3o da ferramenta \u00e9 validada.<\/p><\/div><\/div><\/div><\/div><\/div><\/div><div class=\"wp-block-stackable-timeline stk-block-timeline stk-block-timeline--left stk-block stk-d27a1cb stk-block-background\" data-block-id=\"d27a1cb\"><style>.stk-d27a1cb{background-color:#fccd00 !important}.stk-d27a1cb:before{background-color:#fccd00 !important}@media screen and (max-width:689px){.stk-d27a1cb .stk-inner-blocks:after{top:16px !important}}<\/style><div class=\"stk-row stk-inner-blocks stk-block-content stk-content-align stk-d27a1cb-column\"><div class=\"stk-block-timeline__date\">Fabrico de ferramentas (3-8 semanas, depende)<\/div><div class=\"stk-block-timeline__middle\"><\/div><div class=\"stk-block-timeline__content\"><div class=\"wp-block-stackable-column stk-block-column stk-column stk-block stk-245f43f\" data-v=\"4\" data-block-id=\"245f43f\"><style>.stk-245f43f-container{margin-top:0px !important;margin-right:0px !important;margin-bottom:0px !important;margin-left:0px !important}<\/style><div class=\"stk-column-wrapper stk-block-column__content stk-container stk-245f43f-container stk--no-background stk--no-padding\"><div class=\"stk-block-content stk-inner-blocks stk-245f43f-inner-blocks\"><p class=\"has-palette-color-5-background-color has-background\">A ferramenta \u00e9 fabricada com precis\u00e3o, de acordo com o desenho validado, utilizando Controlo Num\u00e9rico Computadorizado (CNC) e Maquina\u00e7\u00e3o por Descarga El\u00e9ctrica (EDM) ...<\/p><\/div><\/div><\/div><\/div><\/div><\/div><div class=\"wp-block-stackable-timeline stk-block-timeline stk-block-timeline--left stk-block stk-227f73b stk-block-background\" data-block-id=\"227f73b\"><style>.stk-227f73b{background-color:#fccd00 !important}.stk-227f73b:before{background-color:#fccd00 !important}@media screen and (max-width:689px){.stk-227f73b .stk-inner-blocks:after{top:16px !important}}<\/style><div class=\"stk-row stk-inner-blocks stk-block-content stk-content-align stk-227f73b-column\"><div class=\"stk-block-timeline__date\">Primeiras vacinas para o cliente (T1,2-5 dias)<\/div><div class=\"stk-block-timeline__middle\"><\/div><div class=\"stk-block-timeline__content\"><div class=\"wp-block-stackable-column stk-block-column stk-column stk-block stk-1cac3b5\" data-v=\"4\" data-block-id=\"1cac3b5\"><style>.stk-1cac3b5-container{margin-top:0px !important;margin-right:0px !important;margin-bottom:0px !important;margin-left:0px !important}<\/style><div class=\"stk-column-wrapper stk-block-column__content stk-container stk-1cac3b5-container stk--no-background stk--no-padding\"><div class=\"stk-block-content stk-inner-blocks stk-1cac3b5-inner-blocks\"><p>As primeiras fotos de teste ser\u00e3o enviadas por mensageiro logo ap\u00f3s a realiza\u00e7\u00e3o dos moldes de injec\u00e7\u00e3o. Uma vez enviados, estes chegam normalmente dentro de 2-5 dias.<\/p><\/div><\/div><\/div><\/div><\/div><\/div><div class=\"wp-block-stackable-timeline stk-block-timeline stk-block-timeline--left stk-block stk-3900415 stk-block-background\" data-block-id=\"3900415\"><style>.stk-3900415{background-color:#fccd00 !important;--line-bg-color:var(--theme-palette-color-6,#edeff2) !important}.stk-3900415:before{background-color:#fccd00 !important}@media screen and (max-width:689px){.stk-3900415 .stk-inner-blocks:after{top:16px !important}}<\/style><div class=\"stk-row stk-inner-blocks stk-block-content stk-content-align stk-3900415-column\"><div class=\"stk-block-timeline__date\">Modifica\u00e7\u00f5es de ferramentas e texturiza\u00e7\u00e3o (3-7 dias, depende)<\/div><div class=\"stk-block-timeline__middle\"><\/div><div class=\"stk-block-timeline__content\"><div class=\"wp-block-stackable-column stk-block-column stk-column stk-block stk-8d61579\" data-v=\"4\" data-block-id=\"8d61579\"><style>.stk-8d61579-container{margin-top:0px !important;margin-right:0px !important;margin-bottom:0px !important;margin-left:0px !important}<\/style><div class=\"stk-column-wrapper stk-block-column__content stk-container stk-8d61579-container stk--no-background stk--no-padding\"><div class=\"stk-block-content stk-inner-blocks stk-8d61579-inner-blocks\"><p class=\"has-palette-color-5-background-color has-background\">Neste momento, Topworks faz quaisquer altera\u00e7\u00f5es \u00e0 ferramenta que sejam necess\u00e1rias para a p\u00f4r em conformidade com as especifica\u00e7\u00f5es aprovadas. Topworks efectua quaisquer altera\u00e7\u00f5es necess\u00e1rias (excluindo especificamente altera\u00e7\u00f5es de concep\u00e7\u00e3o, que s\u00e3o sempre cobradas) gratuitamente.<br>Nesta fase, o processo de texturiza\u00e7\u00e3o \u00e9 feito, que \u00e9 normalmente a \u00faltima etapa antes da produ\u00e7\u00e3o em massa.<br>Lado de obras de topo<\/p><\/div><\/div><\/div><\/div><\/div><\/div><div class=\"wp-block-stackable-timeline stk-block-timeline stk-block-timeline--left stk-is-last stk-block stk-38821a3 stk-block-background\" data-block-id=\"38821a3\"><style>.stk-38821a3{background-color:#fccd00 !important}.stk-38821a3:before{background-color:#fccd00 !important}@media screen and (max-width:689px){.stk-38821a3 .stk-inner-blocks:after{top:16px !important;bottom:calc(0px + (100% - 0px) - 16px) !important}}<\/style><div class=\"stk-row stk-inner-blocks stk-block-content stk-content-align stk-38821a3-column\"><div class=\"stk-block-timeline__date\">Produ\u00e7\u00e3o em massa ou exporta\u00e7\u00e3o&nbsp;<\/div><div class=\"stk-block-timeline__middle\"><\/div><div class=\"stk-block-timeline__content\"><div class=\"wp-block-stackable-column stk-block-column stk-column stk-block stk-3619196\" data-v=\"4\" data-block-id=\"3619196\"><style>.stk-3619196-container{margin-top:0px !important;margin-right:0px !important;margin-bottom:0px !important;margin-left:0px !important}<\/style><div class=\"stk-column-wrapper stk-block-column__content stk-container stk-3619196-container stk--no-background stk--no-padding\"><div class=\"stk-block-content stk-inner-blocks stk-3619196-inner-blocks\"><div class=\"wp-block-stackable-text stk-block-text stk-block stk-d000f7f\" data-block-id=\"d000f7f\"><p class=\"stk-block-text__text\">Nesta fase, a ferramenta \u00e9 entregue ao cliente ou pronta para a moldagem por injec\u00e7\u00e3o.<\/p><\/div><\/div><\/div><\/div><\/div><\/div><\/div><\/div><h2 class=\"wp-block-heading\" id=\"2-how-does-china-injection-molding-outsourcing-work\">Como funciona a externaliza\u00e7\u00e3o da moldagem por inje\u00e7\u00e3o na China?<\/h2><p>A externaliza\u00e7\u00e3o n\u00e3o \u00e9 apenas vantajosa para o desenvolvimento de ferramentas e moldagem por inje\u00e7\u00e3o. A gest\u00e3o de recursos humanos, a gest\u00e3o de instala\u00e7\u00f5es, a gest\u00e3o da cadeia de fornecimento, o apoio e o servi\u00e7o ao cliente, o marketing, os testes de diagn\u00f3stico e a documenta\u00e7\u00e3o jur\u00eddica s\u00e3o alguns dos servi\u00e7os que os fornecedores tendem a externalizar.<\/p><h3 class=\"wp-block-heading\" id=\"3-the-risks-and-challenges-associated-with-outsourcing-in-china\">Os riscos e desafios associados \u00e0 externaliza\u00e7\u00e3o na China<\/h3><p>A sele\u00e7\u00e3o de um fornecedor \u00e9 fundamental para evitar omiss\u00f5es. As colabora\u00e7\u00f5es em mat\u00e9ria de externaliza\u00e7\u00e3o podem ser vulner\u00e1veis nos seguintes pontos:<\/p><ul class=\"wp-block-list\"><li>O tempo de execu\u00e7\u00e3o \u00e9 mais lento.<\/li><li>Conhecimento do sector do vendedor.<\/li><li>As barreiras devem-se \u00e0 l\u00edngua e \u00e0 cultura.<\/li><li>Os fusos hor\u00e1rios s\u00e3o diferentes.<\/li><li>Incapacidade de controlo.<\/li><\/ul><h2 class=\"wp-block-heading\" id=\"4-managing-best-practices\">Gerir as melhores pr\u00e1ticas<\/h2><h3 class=\"wp-block-heading\">Estabelecer rela\u00e7\u00f5es com os principais gestores<\/h3><p>A efic\u00e1cia da rela\u00e7\u00e3o entre os quadros superiores de ambas as equipas depende da sua capacidade de comunicar, trabalhar em conjunto e manter uma rela\u00e7\u00e3o de trabalho saud\u00e1vel. Numerosos estudos sobre projectos bem sucedidos de externaliza\u00e7\u00e3o da moldagem por inje\u00e7\u00e3o na China revelaram que uma forte qu\u00edmica de trabalho e rela\u00e7\u00f5es entre colegas s\u00e3o cruciais para o sucesso dos projectos de externaliza\u00e7\u00e3o da moldagem por inje\u00e7\u00e3o.<\/p><h3 class=\"wp-block-heading\" id=\"6--plan-your-project-scope-and-timeline-\"> Planear o \u00e2mbito e o calend\u00e1rio do projeto <\/h3><p>Seja claro sobre o que pretende alcan\u00e7ar antes de iniciar o trabalho. Forne\u00e7a antecipadamente informa\u00e7\u00f5es precisas e completas para que os seus fornecedores chineses de servi\u00e7os de moldagem por inje\u00e7\u00e3o possam apresentar-lhe pre\u00e7os realistas. Informe os fornecedores de servi\u00e7os de moldagem por inje\u00e7\u00e3o do maior n\u00famero poss\u00edvel de informa\u00e7\u00f5es sobre o trabalho a realizar.<\/p><p>Certifique-se de que os seus requisitos de calend\u00e1rio s\u00e3o realistas e claros, uma vez que o seu calend\u00e1rio pode afetar drasticamente o custo do projeto.<\/p><p>Certifique-se de que o seu parceiro de subcontrata\u00e7\u00e3o tem a experi\u00eancia adequada para o seu tipo de projeto. O desenvolvimento de moldes de inje\u00e7\u00e3o no estrangeiro \u00e9 especialmente complicado, pelo que \u00e9 necess\u00e1rio contratar um especialista.<\/p><h3 class=\"wp-block-heading\" id=\"8--try-to-think-beyond-price-\"> Tente pensar para al\u00e9m do pre\u00e7o. <\/h3><p>Os compradores de servi\u00e7os externos experientes que avaliam centenas de propostas s\u00e3o normalmente un\u00e2nimes na sua recomenda\u00e7\u00e3o de ignorar tanto a proposta mais baixa como a mais alta do concorrente.<\/p><p>Os compradores que tiveram mais sucesso com as suas empresas chinesas de moldagem por inje\u00e7\u00e3o consideram que o fornecedor ofereceu uma boa rela\u00e7\u00e3o qualidade\/pre\u00e7o, ao mesmo tempo que proporcionou resultados de qualidade.<\/p><h3 class=\"wp-block-heading\" id=\"9--dont-take-the-portfolio-lightly-\"> N\u00e3o se deixe levar pela carteira de t\u00edtulos <\/h3><p>Examinar os trabalhos anteriores de moldagem por inje\u00e7\u00e3o realizados pelo fornecedor. Mesmo que o portf\u00f3lio, as refer\u00eancias e a experi\u00eancia de trabalho anterior do seu fornecedor chin\u00eas de moldagem por inje\u00e7\u00e3o n\u00e3o demonstrem que ele \u00e9 competente, ele poder\u00e1 ser capaz de criar uma maquete ou delinear um plano de a\u00e7\u00e3o simples.<\/p><p>Os vendedores chineses de moldagem por inje\u00e7\u00e3o que est\u00e3o intensamente interessados em ganhar o seu neg\u00f3cio podem fornecer-lhe uma ideia aproximada do que ir\u00e3o oferecer.<\/p><p>N\u00e3o hesite em pedir uma maquete, mas n\u00e3o exija que um fornecedor forne\u00e7a um trabalho acabado de acordo com as suas especifica\u00e7\u00f5es. <strong>Nenhum profissional qualificado aceitar\u00e1 trabalhar de gra\u00e7a.<\/strong><\/p><p>Contrate o primeiro prestador de servi\u00e7os para um trabalho pequeno e relativamente simples e, com o passar do tempo, passe para trabalhos de moldagem por inje\u00e7\u00e3o maiores e mais complexos.<\/p><p>Se o fizer, ter\u00e1 uma melhor compreens\u00e3o das ofertas e capacidades do fornecedor antes de lhe confiar o seu projeto de \"miss\u00e3o cr\u00edtica\".<\/p><p>Do mesmo modo, tal como \u00e9 imperativo certificar-se de que define um calend\u00e1rio claro para o seu projeto de moldagem por inje\u00e7\u00e3o subcontratada, tamb\u00e9m pode ser \u00fatil estabelecer um calend\u00e1rio espec\u00edfico de presta\u00e7\u00f5es.<\/p><p>Ao programar pontos de controlo regulares - nos quais pode rever o estado do projeto \u00e0 medida que este avan\u00e7a para a sua conclus\u00e3o - \u00e9 f\u00e1cil garantir que os fabricantes de moldes concluir\u00e3o o projeto dentro do prazo e com elevada qualidade. Deve coordenar o pagamento do fornecedor com estas etapas.<\/p><p>Uma boa regra geral \u00e9 financiar apenas uma pequena parte dos custos totais do projeto do seu pr\u00f3prio bolso e o restante em presta\u00e7\u00f5es ao longo de tr\u00eas ou quatro etapas.<\/p><h3 class=\"wp-block-heading\" id=\"12--negotiate-your-ownership-as-early-as-possible-\">Negociar a sua propriedade o mais cedo poss\u00edvel <\/h3><p>Se alguma vez subcontratar qualquer ferramenta ou trabalho de moldagem por inje\u00e7\u00e3o na China, \u00e9 vital esclarecer a quem pertence o produto do trabalho e quaisquer elementos significativos do mesmo.<\/p><p>Se pretende desenvolver uma pe\u00e7a de moldagem por inje\u00e7\u00e3o personalizada para uso pessoal, haver\u00e1 diferen\u00e7as substanciais em rela\u00e7\u00e3o ao desenvolvimento de pe\u00e7as de pl\u00e1stico que pretende revender.<\/p><h3 class=\"wp-block-heading\" id=\"13--support-after-the-delivery-\"> Apoio ap\u00f3s a entrega <\/h3><p>\u00c9 uma boa pr\u00e1tica incluir uma cl\u00e1usula de garantia nos projectos tecnol\u00f3gicos, para que se possa assegurar que o fornecedor chin\u00eas de moldagem por inje\u00e7\u00e3o continuar\u00e1 a prestar apoio ap\u00f3s a conclus\u00e3o do projeto de moldagem por inje\u00e7\u00e3o.<\/p><p>Para negociar uma cl\u00e1usula de apoio, \u00e9 muito mais f\u00e1cil negoci\u00e1-la antes de o prestador de servi\u00e7os come\u00e7ar a trabalhar do que depois de o projeto de moldagem por inje\u00e7\u00e3o estar conclu\u00eddo. <\/p><p>A externaliza\u00e7\u00e3o da moldagem por inje\u00e7\u00e3o a partir da China envolve ambas as culturas, e estas diferen\u00e7as t\u00eam de ser aceites e ultrapassadas. Seria melhor organizar eventos sociais entre as empresas para melhor compreender as diferen\u00e7as culturais.<\/p><h2 class=\"wp-block-heading\" id=\"15--how-to-outsource-\"> Como subcontratar <\/h2><p>Para obter o melhor pre\u00e7o de um fornecedor chin\u00eas de moldagem por inje\u00e7\u00e3o, certifique-se de que tem todas as respostas \u00e0s seguintes perguntas prontas com anteced\u00eancia.<\/p><ul class=\"wp-block-list\"><li>O trabalho ou projeto de moldagem por inje\u00e7\u00e3o da China a ser externalizado \u00e9 claro para si?<\/li><li>Tem uma descri\u00e7\u00e3o pormenorizada da tarefa ou, pelo menos, orienta\u00e7\u00f5es claras para a subcontrata\u00e7\u00e3o?<\/li><li>Descri\u00e7\u00e3o do projeto espec\u00edfico de moldagem por inje\u00e7\u00e3o<\/li><li>Desempenho esperado<\/li><li>O custo\/or\u00e7amento do projeto<\/li><li>Indicar claramente o prazo\/marca\u00e7\u00e3o<\/li><li>Requisitos do projeto de moldagem por inje\u00e7\u00e3o<\/li><li>Necessidade de recursos<\/li><li>Quem ir\u00e1 gerir e interagir com o contratante externo na sua organiza\u00e7\u00e3o?<\/li><\/ul><p>\u00c9 poss\u00edvel que o empreiteiro que contratou inicialmente trabalhe consigo para criar um esbo\u00e7o das etapas necess\u00e1rias para concluir a tarefa, para que possa consult\u00e1-lo mais tarde, como parte de um manual de opera\u00e7\u00f5es ou para ser utilizado por outro empreiteiro de moldagem por inje\u00e7\u00e3o na China, se o inicial tiver falhado?<\/p>","protected":false},"excerpt":{"rendered":"<p>Injection Molding Outsourcing in ChinaTable of ContentsHow does China Injection Molding Outsourcing work?The risks and challenges associated with outsourcing in ChinaManaging best practicesBuilding relationships with key managers Plan your project scope and timeline Try to think beyond price. Don&#8217;t take the portfolio lightly Negotiate your ownership as early as possible Support after the delivery How [&hellip;]<\/p>\n","protected":false},"author":11,"featured_media":5378,"parent":0,"menu_order":0,"comment_status":"open","ping_status":"open","template":"","meta":{"footnotes":""},"class_list":["post-5418","page","type-page","status-publish","has-post-thumbnail","hentry"],"blocksy_meta":{"styles_descriptor":{"styles":{"desktop":"","tablet":"","mobile":""},"google_fonts":[],"version":6}},"_links":{"self":[{"href":"https:\/\/www.plasticmoulds.net\/pt\/wp-json\/wp\/v2\/pages\/5418","targetHints":{"allow":["GET"]}}],"collection":[{"href":"https:\/\/www.plasticmoulds.net\/pt\/wp-json\/wp\/v2\/pages"}],"about":[{"href":"https:\/\/www.plasticmoulds.net\/pt\/wp-json\/wp\/v2\/types\/page"}],"author":[{"embeddable":true,"href":"https:\/\/www.plasticmoulds.net\/pt\/wp-json\/wp\/v2\/users\/11"}],"replies":[{"embeddable":true,"href":"https:\/\/www.plasticmoulds.net\/pt\/wp-json\/wp\/v2\/comments?post=5418"}],"version-history":[{"count":0,"href":"https:\/\/www.plasticmoulds.net\/pt\/wp-json\/wp\/v2\/pages\/5418\/revisions"}],"wp:featuredmedia":[{"embeddable":true,"href":"https:\/\/www.plasticmoulds.net\/pt\/wp-json\/wp\/v2\/media\/5378"}],"wp:attachment":[{"href":"https:\/\/www.plasticmoulds.net\/pt\/wp-json\/wp\/v2\/media?parent=5418"}],"curies":[{"name":"wp","href":"https:\/\/api.w.org\/{rel}","templated":true}]}}