{"id":2432,"date":"2019-03-08T10:58:52","date_gmt":"2019-03-08T02:58:52","guid":{"rendered":"https:\/\/plasticmoulds.net\/?page_id=2432"},"modified":"2024-09-25T10:07:01","modified_gmt":"2024-09-25T02:07:01","slug":"como-apresentar-a-sua-ideia-de-produto-a-uma-empresa-de-design","status":"publish","type":"page","link":"https:\/\/www.plasticmoulds.net\/pt\/how-to-present-your-product-idea-to-a-design-firm","title":{"rendered":"Como apresentar a sua ideia de produto a uma empresa de design"},"content":{"rendered":"<h3 class=\"wp-block-heading\">Como apresentar a sua ideia de produto a uma empresa de design<\/h3><h4 class=\"wp-block-heading\">Tem uma ideia de produto que quer levar para o mercado. E agora?<\/h4><p>Aspirante a empres\u00e1rio, funileiro, engenheiro... A sua mente corre a mil quil\u00f3metros por hora a pensar nas muitas formas diferentes de melhorar o seu ambiente. Recentemente, teve uma ideia de produto que sabe que pode beneficiar muitas pessoas diferentes. Vale a pena tentar desenvolv\u00ea-la e coloc\u00e1-la no mercado - mas como \u00e9 que se come\u00e7a?<\/p><figure class=\"wp-block-image size-large is-resized\"><a href=\"https:\/\/plasticmoulds.net\/wp-content\/uploads\/2024\/09\/Designing-a-New-Injection-Molding-Product.png\"><img loading=\"lazy\" decoding=\"async\" width=\"1024\" height=\"1017\" src=\"https:\/\/plasticmoulds.net\/wp-content\/uploads\/2024\/09\/Designing-a-New-Injection-Molding-Product-1024x1017.png\" alt=\"\" class=\"wp-image-13042\" style=\"width:668px;height:auto\" srcset=\"https:\/\/www.plasticmoulds.net\/wp-content\/uploads\/2024\/09\/Designing-a-New-Injection-Molding-Product-1024x1017.png 1024w, https:\/\/www.plasticmoulds.net\/wp-content\/uploads\/2024\/09\/Designing-a-New-Injection-Molding-Product-300x298.png 300w, https:\/\/www.plasticmoulds.net\/wp-content\/uploads\/2024\/09\/Designing-a-New-Injection-Molding-Product-150x150.png 150w, https:\/\/www.plasticmoulds.net\/wp-content\/uploads\/2024\/09\/Designing-a-New-Injection-Molding-Product-768x762.png 768w, https:\/\/www.plasticmoulds.net\/wp-content\/uploads\/2024\/09\/Designing-a-New-Injection-Molding-Product-1536x1525.png 1536w, https:\/\/www.plasticmoulds.net\/wp-content\/uploads\/2024\/09\/Designing-a-New-Injection-Molding-Product-2048x2033.png 2048w, https:\/\/www.plasticmoulds.net\/wp-content\/uploads\/2024\/09\/Designing-a-New-Injection-Molding-Product-12x12.png 12w\" sizes=\"auto, (max-width: 1024px) 100vw, 1024px\" \/><\/a><\/figure><p>Se a sua ideia \u00e9 um produto f\u00edsico, este artigo \u00e9 para si. Vamos explicar-lhe exatamente como apresentar a sua ideia de produto a uma empresa de design - uma atividade que servir\u00e1 como in\u00edcio da fase de design do seu projeto.<\/p><p>Iremos abordar tudo o que precisa de saber para compilar um documento de estilo de apresenta\u00e7\u00e3o que explique a sua ideia a uma empresa de design. Pode ser uma apresenta\u00e7\u00e3o normal com diapositivos ou qualquer documento \u00e0 sua escolha que inclua conte\u00fado relevante.&nbsp;<strong><em>Pode mergulhar diretamente na apresenta\u00e7\u00e3o de exemplo que disponibiliz\u00e1mos online&nbsp;<\/em><\/strong><a href=\"https:\/\/goo.gl\/vKvK32\" target=\"_blank\" rel=\"noopener\"><strong><em>aqui<\/em><\/strong><\/a><strong><em>, ou abaixo:<\/em><\/strong><\/p><p><a href=\"https:\/\/docs.google.com\/presentation\/d\/e\/2PACX-1vSY3vlxMRCeLycaqj5KxgQfUtJyA1G1Ahy_Yl5QDia63uFQOYGrYUtRkNELNpwSkY2NQ8VFLv1uddrt\/pub?start=false&amp;loop=false&amp;delayms=3000&amp;slide=id.p\" target=\"_blank\" rel=\"noopener\">Conceito de fecho de porta<\/a><\/p><p>Ir\u00e1 ler sobre os quatro componentes que a sua apresenta\u00e7\u00e3o deve incluir: o problema, a solu\u00e7\u00e3o, a est\u00e9tica e o pre\u00e7o, e a vis\u00e3o geral da concorr\u00eancia. Em seguida, encontrar\u00e1 uma sec\u00e7\u00e3o de coisas a fazer e a n\u00e3o fazer com base em algumas das perguntas mais frequentes dos nossos clientes.<\/p><p>Se utilizar este artigo como guia para criar uma apresenta\u00e7\u00e3o e iniciar o processo de conce\u00e7\u00e3o do produto, conseguir\u00e1 n\u00e3o s\u00f3 comunicar a sua ideia, mas tamb\u00e9m..:<\/p><ul class=\"wp-block-list\"><li>determinar os par\u00e2metros de desenvolvimento do seu produto dentro dos limites da tecnologia atual, do seu or\u00e7amento e do seu calend\u00e1rio;<\/li><li>obter um or\u00e7amento razoavelmente exato para a conce\u00e7\u00e3o do seu produto;<\/li><li>reduzir o n\u00famero de revis\u00f5es ao longo do processo de conce\u00e7\u00e3o, diminuindo assim os seus custos e o tempo necess\u00e1rio para concluir a conce\u00e7\u00e3o;<\/li><li>e obter um projeto de qualidade globalmente superior.<\/li><\/ul><p>Por isso, se acha que est\u00e1 pronto para abordar uma empresa de design com a sua ideia de produto, continue a ler. A nossa vis\u00e3o baseia-se em mais de sete anos de experi\u00eancia a ajudar empresas, engenheiros e empres\u00e1rios a conceber produtos inovadores e bem sucedidos, e partilh\u00e1mo-la consigo para que possa estar preparado quando entrar no mundo do desenvolvimento de produtos.<\/p><h3 class=\"wp-block-heading\">Os quatro componentes da sua apresenta\u00e7\u00e3o<\/h3><h4 class=\"wp-block-heading\"><strong>1. O problema que pretende resolver e a sua vis\u00e3o do mercado<\/strong><\/h4><p>Ao apresentar a sua ideia de produto, a primeira coisa que tem de fazer \u00e9 apresentar o problema que pretende resolver num determinado mercado.<\/p><p>Temos muitos tipos diferentes de clientes de muitos sectores diferentes. Alguns s\u00e3o empres\u00e1rios de primeira viagem que nunca venderam um produto antes - e outros s\u00e3o empresas internacionais que criaram e venderam muitos produtos diferentes. Todos eles v\u00eam ter connosco porque querem criar um produto que ajude a melhorar a vida das pessoas - \u00e9 a sua forma de fornecer uma solu\u00e7\u00e3o para um problema significativo com que se depararam.<\/p><p>A apresenta\u00e7\u00e3o de solu\u00e7\u00f5es pode resultar de um brainstorming sobre formas de resolver um problema ou de uma simples an\u00e1lise dos produtos existentes para ver como os pode melhorar. Por exemplo, pode olhar para um produto que tem em casa ou no trabalho e examinar aspectos como a dificuldade de utiliza\u00e7\u00e3o, o volume, o peso, o custo, a ergonomia, a dura\u00e7\u00e3o da bateria, etc.<\/p><p>No entanto, para que os inovadores saibam que existe um problema a resolver, t\u00eam de ter uma vis\u00e3o do mercado. \u00c9 poss\u00edvel obter uma vis\u00e3o do mercado atrav\u00e9s da experi\u00eancia em primeira m\u00e3o, lendo descri\u00e7\u00f5es e an\u00e1lises de produtos ou falando com pessoas que trabalham numa \u00e1rea ou sector espec\u00edfico.<\/p><p>Seja qual for a forma como obteve o conhecimento do mercado, \u00e9 agora altura de o apresentar. No seu documento, dever\u00e1 enumerar cada um dos principais problemas e a perce\u00e7\u00e3o do mercado que o levou a compreender esses problemas. Deve incluir pelo menos um problema principal e outros problemas secund\u00e1rios, mas relevantes. A sua lista pode ser mais ou menos assim:<\/p><figure class=\"wp-block-image\"><img decoding=\"async\" src=\"https:\/\/cdn-images-1.medium.com\/max\/960\/0*wXcEElv-VHHEB8wU\" alt=\"\"\/><\/figure><figure class=\"wp-block-image\"><img decoding=\"async\" src=\"https:\/\/cdn-images-1.medium.com\/max\/960\/0*tNjzW6vdSXbBJazs\" alt=\"\"\/><\/figure><figure class=\"wp-block-image\"><img decoding=\"async\" src=\"https:\/\/cdn-images-1.medium.com\/max\/960\/0*pDux8LGEUaZAEKYP\" alt=\"\"\/><\/figure><p><strong><em>Estudo de caso de perce\u00e7\u00e3o do mercado:&nbsp;<\/em><\/strong>Digamos que \u00e9 um pai experiente em tecnologia e que trabalha das 8h00 \u00e0s 17h00, de segunda a sexta-feira. O seu filho chega a casa da escola \u00e0s 14h30 todos os dias. Ele tem uma chave para entrar em casa, mas um dia, enquanto estava a trabalhar, ele telefonou a dizer que a tinha perdido e que n\u00e3o conseguia entrar. Para que ele pudesse entrar em casa, teve de sair do trabalho, conduzir 20 minutos at\u00e9 chegar a casa, abrir-lhe a porta e voltar ao trabalho.<\/p><p>Nessa noite, pensou em comprar uma fechadura de porta sem chave para evitar problemas futuros com a perda de chaves ou com o facto de n\u00e3o poder dar a algu\u00e9m acesso remoto \u00e0 sua casa. Procurou na Internet uma fechadura de porta inteligente que fosse eficiente e f\u00e1cil de utilizar, mas eram todas demasiado caras. Isto levou-o a pensar em produzir uma fechadura de porta IoT acess\u00edvel. Se nunca tivesse tido de sair do trabalho para abrir a porta ao seu filho, n\u00e3o teria tido a ideia de criar uma fechadura inteligente e econ\u00f3mica que resolvesse o problema da perda das chaves.<\/p><blockquote class=\"wp-block-quote is-layout-flow wp-block-quote-is-layout-flow\"><p><strong><em>Dica: Utilize um modelo de neg\u00f3cio ou um plano de neg\u00f3cios para o ajudar a obter uma vis\u00e3o do mercado.&nbsp;<\/em><\/strong><em>Um<\/em><strong><em>&nbsp;<\/em><\/strong><em>A forma de se familiarizar mais com o seu mercado \u00e9 atrav\u00e9s da cria\u00e7\u00e3o de um&nbsp;<\/em><a href=\"https:\/\/medium.com\/techmates\/ten-rules-to-take-your-hardware-product-from-concept-to-market-f2a8e8d9878e#50e9\" target=\"_blank\" rel=\"noopener\"><em>modelo de neg\u00f3cio<\/em><\/a><em>que \u00e9 uma vers\u00e3o simplificada de um plano de neg\u00f3cios. Enquanto um plano de neg\u00f3cios pode ser longo e demorado de escrever e manter, um modelo de neg\u00f3cio \u00e9 muito mais curto e pode ser facilmente revisto para se adaptar \u00e0s necessidades ou \u00e0 dire\u00e7\u00e3o do neg\u00f3cio em mudan\u00e7a. Se j\u00e1 tem uma empresa em funcionamento, \u00e9 prov\u00e1vel que tenha um destes modelos. Se est\u00e1 apenas a come\u00e7ar, pode querer come\u00e7ar a escrever um.<\/em><\/p><\/blockquote><blockquote class=\"wp-block-quote is-layout-flow wp-block-quote-is-layout-flow\"><p><em>N\u00e3o \u00e9 necess\u00e1rio ter um modelo de neg\u00f3cio ou um plano antes de abordar uma empresa de design com a sua ideia de produto, mas se quiser realmente vender o seu produto no futuro, recomendamos vivamente que tenha um. Estes documentos podem ajud\u00e1-lo a chegar a um produto global melhor porque envolvem investiga\u00e7\u00e3o que o ajudar\u00e1 a determinar o problema que est\u00e1 a tentar resolver. Talvez mais importante, ajudar\u00e3o a chegar a uma melhor solu\u00e7\u00e3o e a compreender as caracter\u00edsticas que o seu produto deve incluir e o ponto de pre\u00e7o de retalho que gostaria de atingir - todas as informa\u00e7\u00f5es sobre as quais ler\u00e1 a seguir.<\/em><\/p><\/blockquote><h4 class=\"wp-block-heading\"><strong>2. Caracter\u00edsticas da solu\u00e7\u00e3o e do produto<\/strong><\/h4><p>Depois de definir o problema, descreva a solu\u00e7\u00e3o (ou seja, o seu produto) e as caracter\u00edsticas que deve incluir.<\/p><figure class=\"wp-block-image\"><img decoding=\"async\" src=\"https:\/\/cdn-images-1.medium.com\/max\/960\/1*rek0inZkvE1QrLBtxekDhA.png\" alt=\"\"\/><\/figure><p>Alguns dos nossos clientes chegam at\u00e9 n\u00f3s com esbo\u00e7os que mostram como gostariam que o seu produto fosse. J\u00e1 t\u00eam uma ideia do que querem - em termos de est\u00e9tica, fun\u00e7\u00e3o e caracter\u00edsticas - s\u00f3 precisam de algu\u00e9m que lhes desenhe a solu\u00e7\u00e3o.<\/p><p>Mas n\u00e3o precisa necessariamente de ter uma solu\u00e7\u00e3o antes de criar a sua apresenta\u00e7\u00e3o. Por vezes, quando os clientes pensam num problema em pormenor mas n\u00e3o t\u00eam a certeza de como o resolver, podem decidir trabalhar com uma empresa de design de produtos como a Jaycon para os ajudar a resolv\u00ea-lo.<\/p><figure class=\"wp-block-image\"><img decoding=\"async\" src=\"https:\/\/cdn-images-1.medium.com\/max\/960\/0*8xvpVAFxJ7U1CU51\" alt=\"\"\/><\/figure><figure class=\"wp-block-image\"><img decoding=\"async\" src=\"https:\/\/cdn-images-1.medium.com\/max\/960\/0*RxIdRVnTCMNfu-i3\" alt=\"\"\/><\/figure><figure class=\"wp-block-image\"><img decoding=\"async\" src=\"https:\/\/cdn-images-1.medium.com\/max\/960\/0*QY5CU5bz9dvMrGoc\" alt=\"\"\/><\/figure><p>Eis o que deve ter em mente ao descrever a sua solu\u00e7\u00e3o para o problema que est\u00e1 a tentar resolver:<\/p><p><strong>Incluir imagens suficientes e\/ou uma descri\u00e7\u00e3o verbal exaustiva:<\/strong>&nbsp;As imagens valem mais do que mil palavras, por isso certifique-se de que as inclui para ajudar a descrever o seu produto. Por exemplo, se o seu produto tiver uma carater\u00edstica de encaixe, inclua uma fotografia dessa carater\u00edstica - talvez tenha em mente um tipo espec\u00edfico. Descreva o aspeto, o toque e o funcionamento do produto. Se n\u00e3o tiver uma solu\u00e7\u00e3o espec\u00edfica em mente, descreva as caracter\u00edsticas que procura, incluindo exemplos da concorr\u00eancia.<\/p><p><strong>D\u00ea prioridade \u00e0s suas caracter\u00edsticas:<\/strong>&nbsp;\u00c9 \u00fatil dar prioridade \u00e0s suas funcionalidades com base na import\u00e2ncia. Se acabou de come\u00e7ar a trabalhar neste projeto, pode ainda n\u00e3o saber quais as funcionalidades mais importantes para o utilizador final - e ter demasiadas funcionalidades logo \u00e0 partida pode sair caro no desenvolvimento de um produto. \u00c9 por isso que deve come\u00e7ar por selecionar apenas algumas para se concentrar. Se o principal fator de conveni\u00eancia do seu produto em rela\u00e7\u00e3o ao produto de um concorrente for o facto de ser um produto m\u00e3os-livres, ent\u00e3o essa ser\u00e1 a sua carater\u00edstica priorit\u00e1ria - as outras caracter\u00edsticas passam a ser secund\u00e1rias.<\/p><p><strong>Abrange tanto a funcionalidade como o design:<\/strong>&nbsp;Para al\u00e9m de descrever o funcionamento do seu produto, descreva o aspeto que gostaria que o produto tivesse. Compreender o estilo que pretende ajudar\u00e1 os designers industriais a criar conceitos relevantes para o aspeto do seu produto. Se est\u00e1 a imaginar um design vintage para o seu produto, precisamos de saber isso para n\u00e3o nos esfor\u00e7armos por obter um aspeto futurista.<\/p><blockquote class=\"wp-block-quote is-layout-flow wp-block-quote-is-layout-flow\"><p><strong><em>Dica: Criar um MVP.&nbsp;<\/em><\/strong><em>Uma vez que pode n\u00e3o saber quais as caracter\u00edsticas que ir\u00e3o fazer parte da vers\u00e3o final do seu produto, \u00e9 uma boa ideia criar um MVP, ou produto m\u00ednimo vi\u00e1vel, para testar a funcionalidade principal do seu design e recolher feedback de potenciais utilizadores antes de criar um prot\u00f3tipo. Um MVP \u00e9 uma vers\u00e3o muito simples de um prot\u00f3tipo que custa muito menos do que um prot\u00f3tipo completo. A cria\u00e7\u00e3o de um MVP ajud\u00e1-lo-\u00e1 a compreender quais as caracter\u00edsticas mais importantes para os seus utilizadores finais, para que possa atribuir recursos apenas ao que \u00e9 relevante.<\/em><\/p><\/blockquote><h4 class=\"wp-block-heading\"><strong>3. Est\u00e9tica, pre\u00e7o e resumo<\/strong><\/h4><p>Esta parte do documento \u00e9 onde inclui qualquer inspira\u00e7\u00e3o est\u00e9tica e o ponto de pre\u00e7o de retalho pelo qual gostaria de vender o seu produto acabado depois de fabricado. Al\u00e9m disso, inclua um breve resumo do produto, fornecendo uma lista de pontos que resumam as caracter\u00edsticas que procura, juntamente com quaisquer escal\u00f5es ou n\u00edveis de pre\u00e7os, caso tenha mais do que uma varia\u00e7\u00e3o de um produto.<\/p><figure class=\"wp-block-image\"><img decoding=\"async\" src=\"https:\/\/cdn-images-1.medium.com\/max\/960\/1*WTonfS027YMauYd87HweFQ.png\" alt=\"\"\/><\/figure><figure class=\"wp-block-image\"><img decoding=\"async\" src=\"https:\/\/cdn-images-1.medium.com\/max\/960\/1*XUn9MKW7gMdUX-IeDfOxag.png\" alt=\"\"\/><\/figure><p>O objetivo do resumo \u00e9 deixar a sua empresa de design com uma \"conclus\u00e3o\" que ofere\u00e7a uma vis\u00e3o geral que possa ser rapidamente consultada. O ponto de pre\u00e7o \u00e9 importante porque nos permite avaliar a forma de o ajudar a definir as prioridades das funcionalidades e quantas incluir.<\/p><blockquote class=\"wp-block-quote is-layout-flow wp-block-quote-is-layout-flow\"><p><strong><em>Dica: Os custos de conce\u00e7\u00e3o, fabrico e pre\u00e7os de venda a retalho s\u00e3o tr\u00eas coisas distintas.<\/em><\/strong><em>&nbsp;N\u00e3o confunda o pre\u00e7o de retalho pretendido para o seu produto com o que vai ser cobrado pela conce\u00e7\u00e3o ou prototipagem. N\u00f3s concebemos, mas tamb\u00e9m fabricamos, pelo que \u00e9 pr\u00e1tica comum aplicarmos princ\u00edpios de conce\u00e7\u00e3o para fabrico (DFM) durante a fase de conce\u00e7\u00e3o, a fim de atingirmos um determinado ponto de pre\u00e7o de fabrico. O ponto de pre\u00e7o de retalho desejado permitir-nos-\u00e1 ser mais ousados ou conservadores com determinadas caracter\u00edsticas. Por exemplo, acrescentar cantos muito afiados a um produto de pl\u00e1stico aumentar\u00e1 o custo de fabrico em compara\u00e7\u00e3o com cantos arredondados. Isto deve-se principalmente ao facto de as ferramentas utilizadas terem de passar por um processo especial chamado EDM, ou maquinagem por descarga el\u00e9ctrica, que pode custar quase o dobro das ferramentas normais. Dependendo dos requisitos e do pre\u00e7o do produto, podemos decidir se inclu\u00edmos ou n\u00e3o cantos afiados durante a fase de projeto.<\/em><\/p><\/blockquote><h4 class=\"wp-block-heading\"><strong>4. Concorrentes<\/strong><\/h4><p>A informa\u00e7\u00e3o sobre os concorrentes \u00e9 importante para sabermos qual a gama de produtos que estamos a tentar melhorar e como o conseguir sem reinventar a roda. Com alguma pesquisa, podemos fazer refer\u00eancia a produtos da concorr\u00eancia e reduzir os custos e o tempo de I&amp;D utilizando a engenharia inversa. Tamb\u00e9m podemos analisar a sua presen\u00e7a em linha e ler as opini\u00f5es sobre os produtos para ver o que desagrada aos clientes e que podemos resolver.<\/p><figure class=\"wp-block-image\"><img decoding=\"async\" src=\"https:\/\/cdn-images-1.medium.com\/max\/960\/1*-ZLwcjhZlV_OcBR0GxAMBA.png\" alt=\"\"\/><\/figure><p>Gostamos de ver pormenores sobre tr\u00eas a cinco produtos da concorr\u00eancia. Uma pequena tabela com linhas e colunas que representem esta informa\u00e7\u00e3o \u00e9 \u00fatil. Eis o que precisamos de saber sobre cada produto:<\/p><ul class=\"wp-block-list\"><li>Nome da empresa e s\u00edtio Web<\/li><li>Nome do produto<\/li><li>Imagem do produto<\/li><li>Liga\u00e7\u00e3o ao produto<\/li><li>Pre\u00e7o de retalho<\/li><li>Carater\u00edsticas tecnol\u00f3gicas relevantes, como o consumo de energia, a dura\u00e7\u00e3o da bateria, a gama de temperaturas, o volume de \u00e1udio mais elevado, etc.<\/li><li>Pontos de venda \u00fanicos (USP) - assinale aqui se o produto de um concorrente \u00e9 de baixo custo em compara\u00e7\u00e3o com outros produtos no mercado, se tem capacidades remotas, se \u00e9 leve ou port\u00e1til, se tem desligamento autom\u00e1tico, etc.<\/li><\/ul><h3 class=\"wp-block-heading\">O que fazer e o que n\u00e3o fazer para apresentar a sua ideia de produto<\/h3><p>Eis uma lista r\u00e1pida de coisas a fazer e a n\u00e3o fazer com base em algumas das perguntas e coment\u00e1rios mais frequentes dos nossos clientes.<\/p><h4 class=\"wp-block-heading\"><strong>O que fazer<\/strong><\/h4><p><strong>Utilize um software de publica\u00e7\u00e3o com o qual se sinta confort\u00e1vel para criar a sua apresenta\u00e7\u00e3o.&nbsp;<\/strong>Os clientes apresentaram-nos as suas ideias em muitos formatos diferentes. N\u00e3o existe uma forma correcta, mas todas as boas apresenta\u00e7\u00f5es t\u00eam as sec\u00e7\u00f5es que descrevemos acima. Em suma, o ve\u00edculo de comunica\u00e7\u00e3o n\u00e3o importa, desde que indique claramente as informa\u00e7\u00f5es que precisa que a sua empresa de design saiba. A nossa experi\u00eancia diz-nos que o Google Slides, a vers\u00e3o gratuita do Powerpoint, funciona bem, mas pode escolher o programa que for melhor para si.<\/p><p><strong>Incluir o maior n\u00famero poss\u00edvel de elementos visuais.&nbsp;<\/strong>Quanto mais imagens tiver, melhor - mas n\u00e3o apenas por ter imagens. Os elementos visuais ajudam-nos a compreender a sua ideia, por isso n\u00e3o se esque\u00e7a de incluir imagens dos produtos da concorr\u00eancia e das principais partes ou caracter\u00edsticas do produto que pretende melhorar. Se poss\u00edvel, inclua imagens de produtos da concorr\u00eancia em a\u00e7\u00e3o.<\/p><p><strong>Limite a quantidade de texto que inclui.<\/strong>&nbsp;Pode transmitir alguns pormenores e explica\u00e7\u00f5es na sec\u00e7\u00e3o de notas da apresenta\u00e7\u00e3o, mas n\u00e3o a torne demasiado pesada em termos de texto. Dever\u00e1 ter a oportunidade de conversar com a empresa sobre a apresenta\u00e7\u00e3o e poder\u00e1 ent\u00e3o entrar em mais pormenores.<\/p><p><strong>Organize uma reuni\u00e3o para discutir a sua ideia e a sua apresenta\u00e7\u00e3o.&nbsp;<\/strong>Deve ter sempre uma reuni\u00e3o presencial, uma conversa telef\u00f3nica ou uma conversa por v\u00eddeo para discutir a sua ideia de produto e a respectiva apresenta\u00e7\u00e3o. N\u00e3o tente discutir a sua apresenta\u00e7\u00e3o por correio eletr\u00f3nico ou qualquer tipo de sistema de mensagens. Se algu\u00e9m for local, normalmente sentamo-nos numa reuni\u00e3o com um prot\u00f3tipo que produziram ou com um produto da concorr\u00eancia. No entanto, muitos dos nossos clientes s\u00e3o de fora da cidade e, se for esse o caso, fazemos uma conversa por v\u00eddeo ou uma chamada telef\u00f3nica. Mas \u00e9 absolutamente necess\u00e1rio ter informa\u00e7\u00f5es pr\u00e9vias a que nos possamos referir, como uma breve apresenta\u00e7\u00e3o semelhante \u00e0 que descrevemos neste artigo - para sabermos do que o cliente est\u00e1 a falar. Al\u00e9m disso, \u00e9 \u00fatil para os nossos gestores de projectos terem algo para rever antes de escreverem uma SOW, ou declara\u00e7\u00e3o de trabalho, que dita a dire\u00e7\u00e3o do projeto.<\/p><h4 class=\"wp-block-heading\">O que n\u00e3o fazer<\/h4><p>J\u00e1 vimos apresenta\u00e7\u00f5es de ideias de produtos bem pensadas que levaram a designs eficientes e eficazes. Tamb\u00e9m conhecemos clientes que tiveram uma ideia que lhes pareceu interessante, mas que n\u00e3o a pensaram suficientemente bem antes de a discutirem connosco. Os potenciais clientes que pertencem a este \u00faltimo grupo t\u00eam mais probabilidades de ficar frustrados e de se irem embora sem receberem um or\u00e7amento - apenas porque n\u00e3o dispunham de informa\u00e7\u00f5es suficientes para trabalhar. Assim, para aproveitar ao m\u00e1ximo o nosso tempo e a sua experi\u00eancia, eis algumas coisas a n\u00e3o fazer:<\/p><p><strong>N\u00e3o pe\u00e7a um or\u00e7amento sem fornecer pormenores suficientes<\/strong>. Simplesmente n\u00e3o poderemos fornecer-lhe uma estimativa de custos sem uma quantidade razo\u00e1vel de informa\u00e7\u00f5es sobre o que pretende que concebamos.<\/p><p><strong>N\u00e3o apresente a sua ideia por telefone sem quaisquer elementos visuais suplementares.<\/strong>&nbsp;As pessoas tentaram falar connosco ao telefone e explicar a sua ideia sem qualquer informa\u00e7\u00e3o tang\u00edvel ou uma apresenta\u00e7\u00e3o. Isto n\u00e3o funciona. Precisamos de algo a partir do qual trabalhar para iniciar o seu projeto. Envie-nos um e-mail com algumas imagens e depois podemos marcar uma reuni\u00e3o.<\/p><p><strong>N\u00e3o alargue demasiado a ideia do produto nem diga \u00e0 empresa de design para escolher qualquer dire\u00e7\u00e3o est\u00e9tica ou de design<\/strong>. Dizer \u00e0 sua empresa de design para \"apresentar apenas alguns designs\" n\u00e3o nos d\u00e1 orienta\u00e7\u00f5es suficientes para determinar como criar um design eficaz que resolva um problema. Se apresent\u00e1ssemos 10 ideias, nenhuma das quais lhe agradasse, estaria a desperdi\u00e7ar o seu pr\u00f3prio tempo e dinheiro. A sua ideia tem de ter algum tipo de restri\u00e7\u00f5es.<\/p><p>Artigo original: https:\/\/www.jayconsystems.com\/tutorials\/how-to-present-your-product-idea-to-a-design-firm-17\/<\/p>","protected":false},"excerpt":{"rendered":"<p>How to Present Your Product Idea to a Design&nbsp;FirmYou have a product idea you want to take to market. Now&nbsp;what?Aspiring entrepreneur, tinker, engineer\u2026Your mind runs 1,000 miles per hour thinking of the many different ways you can improve your environment. Just recently you have come up with a product idea that you know can benefit [&hellip;]<\/p>\n","protected":false},"author":11,"featured_media":0,"parent":0,"menu_order":0,"comment_status":"closed","ping_status":"closed","template":"","meta":{"footnotes":""},"class_list":["post-2432","page","type-page","status-publish","hentry"],"blocksy_meta":{"styles_descriptor":{"styles":{"desktop":"","tablet":"","mobile":""},"google_fonts":[],"version":6}},"_links":{"self":[{"href":"https:\/\/www.plasticmoulds.net\/pt\/wp-json\/wp\/v2\/pages\/2432","targetHints":{"allow":["GET"]}}],"collection":[{"href":"https:\/\/www.plasticmoulds.net\/pt\/wp-json\/wp\/v2\/pages"}],"about":[{"href":"https:\/\/www.plasticmoulds.net\/pt\/wp-json\/wp\/v2\/types\/page"}],"author":[{"embeddable":true,"href":"https:\/\/www.plasticmoulds.net\/pt\/wp-json\/wp\/v2\/users\/11"}],"replies":[{"embeddable":true,"href":"https:\/\/www.plasticmoulds.net\/pt\/wp-json\/wp\/v2\/comments?post=2432"}],"version-history":[{"count":0,"href":"https:\/\/www.plasticmoulds.net\/pt\/wp-json\/wp\/v2\/pages\/2432\/revisions"}],"wp:attachment":[{"href":"https:\/\/www.plasticmoulds.net\/pt\/wp-json\/wp\/v2\/media?parent=2432"}],"curies":[{"name":"wp","href":"https:\/\/api.w.org\/{rel}","templated":true}]}}