{"id":2218,"date":"2018-09-16T11:18:00","date_gmt":"2018-09-16T03:18:00","guid":{"rendered":"https:\/\/plasticmoulds.net\/?page_id=2218"},"modified":"2021-05-29T16:19:45","modified_gmt":"2021-05-29T08:19:45","slug":"encomendar-molde-da-china","status":"publish","type":"page","link":"https:\/\/www.plasticmoulds.net\/pt\/order-mould-from-china","title":{"rendered":"Encomendar molde da China"},"content":{"rendered":"<h2><span style=\"color: #008080;\">Como \u00e9 que posso encomendar um molde de pl\u00e1stico da China?<\/span><\/h2><p>Lamentavelmente, n\u00e3o existem pol\u00edticas pr\u00e9-definidas para <a href=\"https:\/\/plasticmoulds.net\/buy-plastic-mold-from-china\">como comprar um molde de inje\u00e7\u00e3o novo na China<\/a>.<\/p><p>Ao ler o <a href=\"https:\/\/plasticmoulds.net\/plastic-mold-procurement-process.html\">procedimento<\/a>No entanto, deve anotar as tarefas que funcionam e as que n\u00e3o funcionam e escrever esta lista de verifica\u00e7\u00e3o; da pr\u00f3xima vez, pode atribuir uma ordem e cri\u00e1-la mais facilmente.<\/p><p>Quando se come\u00e7a, \u00e9 preciso definir as prioridades.<\/p><div style=\"width: 640px;\" class=\"wp-video\"><video class=\"wp-video-shortcode\" id=\"video-2218-1\" width=\"640\" height=\"360\" preload=\"metadata\" controls=\"controls\"><source type=\"video\/mp4\" src=\"https:\/\/res.cloudinary.com\/dl8a9jvpa\/video\/upload\/v1572574321\/plastic%20mold.mp4?_=1\" \/><a href=\"https:\/\/res.cloudinary.com\/dl8a9jvpa\/video\/upload\/v1572574321\/plastic%20mold.mp4\" target=\"_blank\" rel=\"noopener\">https:\/\/res.cloudinary.com\/dl8a9jvpa\/video\/upload\/v1572574321\/plastic%20mold.mp4<\/a><\/video><\/div><p>N\u00e3o se preocupe com as ferramentas nesta fase - isso n\u00e3o o ajudar\u00e1 realmente a manter os custos baixos.<\/p><p>Em vez disso, \u00e9 necess\u00e1rio come\u00e7ar com um custo de produto adequado, juntamente com uma quantidade anual prevista.<\/p><p>Isto ser\u00e1 certamente utilizado para estabelecer a quantidade de cavidades necess\u00e1rias e os requisitos da m\u00e1quina de inje\u00e7\u00e3o de pl\u00e1stico.<\/p><p>Com estas ideias na cabe\u00e7a, pode desenvolver uma <a href=\"https:\/\/plasticmoulds.net\/contact-us\">cota\u00e7\u00e3o de pre\u00e7os<\/a> dos pre\u00e7os dos produtos e determinar os resultados de que necessita para obter lucros no fabrico.<\/p><p><img loading=\"lazy\" decoding=\"async\" class=\"alignnone wp-image-3237\" src=\"https:\/\/plasticmoulds.net\/wp-content\/uploads\/2020\/04\/plastic-mold-4_rxsrow_n3bpql_sufjxm.jpg\" alt=\"molde de pl\u00e1stico\" width=\"874\" height=\"320\" srcset=\"https:\/\/www.plasticmoulds.net\/wp-content\/uploads\/2020\/04\/plastic-mold-4_rxsrow_n3bpql_sufjxm.jpg 874w, https:\/\/www.plasticmoulds.net\/wp-content\/uploads\/2020\/04\/plastic-mold-4_rxsrow_n3bpql_sufjxm-300x110.jpg 300w, https:\/\/www.plasticmoulds.net\/wp-content\/uploads\/2020\/04\/plastic-mold-4_rxsrow_n3bpql_sufjxm-768x281.jpg 768w\" sizes=\"auto, (max-width: 874px) 100vw, 874px\" \/><\/p><p>Esta informa\u00e7\u00e3o \u00e9 o m\u00ednimo necess\u00e1rio para come\u00e7ar a criar requisitos para o seu novo molde de inje\u00e7\u00e3o.<\/p><p>\u00c9 uma boa ideia comparar regularmente os custos dos moldes chineses e dos moldes americanos ou europeus, para ter a certeza de que est\u00e1 a fazer a melhor escolha. <a href=\"https:\/\/plasticmoulds.net\/9-tips-make-to-buy-plastic-mold-from-china-easily.html\">as melhores economias de custos poss\u00edveis<\/a>.<\/p><p>Lembre-se de que o pre\u00e7o do molde em si n\u00e3o \u00e9 o mais importante - em vez disso, \u00e9 preciso considerar a taxa de custo do que certamente ser\u00e1 fabricado com o molde.<\/p><p>O molde pode ser modificado de acordo com isto - por exemplo, se estiver a construir apenas <a href=\"https:\/\/plasticmoulds.net\/injection-molding-company\">uma quantidade reduzida de produto<\/a>Nessa altura, o custo do molde representar\u00e1 uma grande parte do pre\u00e7o do produto.<\/p><p>Com esse cen\u00e1rio, deve tentar baixar a taxa de molde reduzindo a quantidade de cavidades ou potencialmente considerando um molde n\u00e3o endurecido ou de alum\u00ednio.<\/p><p><img loading=\"lazy\" decoding=\"async\" class=\"aligncenter wp-image-3238\" src=\"https:\/\/plasticmoulds.net\/wp-content\/uploads\/2020\/04\/mmexport1502669208636_1-1_ddwaqu-1.jpg\" alt=\"fabricante de moldes de pl\u00e1stico na china\" width=\"795\" height=\"596\" srcset=\"https:\/\/www.plasticmoulds.net\/wp-content\/uploads\/2020\/04\/mmexport1502669208636_1-1_ddwaqu-1.jpg 500w, https:\/\/www.plasticmoulds.net\/wp-content\/uploads\/2020\/04\/mmexport1502669208636_1-1_ddwaqu-1-300x225.jpg 300w\" sizes=\"auto, (max-width: 795px) 100vw, 795px\" \/><\/p><p>V\u00e1rios outros factores s\u00e3o importantes para uma apresenta\u00e7\u00e3o perfeita do produto.<\/p><p>Do <a href=\"https:\/\/plasticmoulds.net\/design#wall-thickness\">espessura da parede<\/a> e o comprimento do caudal para a quantidade de press\u00e3o necess\u00e1ria e o <a href=\"https:\/\/plasticmoulds.net\/identify-the-plastic-material.html\">resina prevista<\/a>, h\u00e1 que ter em conta muitos aspectos.<\/p><p>Por exemplo, se forem necess\u00e1rias press\u00f5es de inje\u00e7\u00e3o elevadas, mais <a href=\"https:\/\/plasticmoulds.net\/gates-design.html\">port\u00f5es<\/a> ser\u00e1 certamente necess\u00e1rio para aliviar uma parte do stress.<\/p><p>Ao consultar os produtores de moldes da China, \u00e9 uma ideia inteligente perguntar se essa empresa chinesa de moldes tem algum historial de fabrico dos tipos de moldes de que necessita.<\/p><p>De igual modo, deve analisar as avalia\u00e7\u00f5es de clientes anteriores que adquiriram anteriormente \u00e0 China e, se poss\u00edvel, visitar as suas instala\u00e7\u00f5es para ver por si pr\u00f3prio a forma como produzem moldes de pl\u00e1stico, as ferramentas e a \u00e1rea de fabrico.<\/p><p>Isto dar-lhe-\u00e1 uma ideia da quantidade de recursos que colocam na cria\u00e7\u00e3o de moldes, para que possa verificar se est\u00e3o \u00e0 altura de produzir os seus.<\/p>","protected":false},"excerpt":{"rendered":"<p>How do I go about ordering a plastic mold from China?Regrettably, there are no preset policies for how to buy a new injection mold from China.As you read the procedure, though, you must note down what jobs work and what doesn&#8217;t and write down this checklist; the next time, you could assign an order and [&hellip;]<\/p>\n","protected":false},"author":11,"featured_media":0,"parent":0,"menu_order":0,"comment_status":"closed","ping_status":"closed","template":"","meta":{"footnotes":""},"class_list":["post-2218","page","type-page","status-publish","hentry"],"blocksy_meta":{"styles_descriptor":{"styles":{"desktop":"","tablet":"","mobile":""},"google_fonts":[],"version":6}},"_links":{"self":[{"href":"https:\/\/www.plasticmoulds.net\/pt\/wp-json\/wp\/v2\/pages\/2218","targetHints":{"allow":["GET"]}}],"collection":[{"href":"https:\/\/www.plasticmoulds.net\/pt\/wp-json\/wp\/v2\/pages"}],"about":[{"href":"https:\/\/www.plasticmoulds.net\/pt\/wp-json\/wp\/v2\/types\/page"}],"author":[{"embeddable":true,"href":"https:\/\/www.plasticmoulds.net\/pt\/wp-json\/wp\/v2\/users\/11"}],"replies":[{"embeddable":true,"href":"https:\/\/www.plasticmoulds.net\/pt\/wp-json\/wp\/v2\/comments?post=2218"}],"version-history":[{"count":0,"href":"https:\/\/www.plasticmoulds.net\/pt\/wp-json\/wp\/v2\/pages\/2218\/revisions"}],"wp:attachment":[{"href":"https:\/\/www.plasticmoulds.net\/pt\/wp-json\/wp\/v2\/media?parent=2218"}],"curies":[{"name":"wp","href":"https:\/\/api.w.org\/{rel}","templated":true}]}}