{"id":11374,"date":"2023-08-18T14:30:00","date_gmt":"2023-08-18T06:30:00","guid":{"rendered":"https:\/\/plasticmoulds.net\/?page_id=11374"},"modified":"2023-08-18T15:04:38","modified_gmt":"2023-08-18T07:04:38","slug":"guia-de-moldagem-por-injecao-de-precisao","status":"publish","type":"page","link":"https:\/\/www.plasticmoulds.net\/pt\/precise-injection-molding-guide","title":{"rendered":"Desmistificando a Moldagem por Inje\u00e7\u00e3o de Precis\u00e3o: Um guia para principiantes"},"content":{"rendered":"<p>A moldagem por inje\u00e7\u00e3o de precis\u00e3o \u00e9 um m\u00e9todo fundamental no dom\u00ednio do fabrico, facilitando a cria\u00e7\u00e3o de componentes de pl\u00e1stico caracterizados por toler\u00e2ncias extremamente rigorosas, geometrias intrincadas e detalhes precisos. <\/p><div class=\"wp-block-rank-math-toc-block has-cyan-bluish-gray-background-color has-background\" style=\"margin-top:0;margin-right:0;margin-bottom:0;margin-left:0;padding-top:var(--wp--preset--spacing--40);padding-right:0;padding-bottom:var(--wp--preset--spacing--40);padding-left:0\" id=\"rank-math-toc\"><h2>Tabela de Conte\u00fados<\/h2><nav><ul><li><a href=\"#the-essence-of-precise-injection-molding\">A ess\u00eancia da moldagem por inje\u00e7\u00e3o precisa<\/a><\/li><li><a href=\"#rationale-behind-embracing-precise-injection-molding\">Raz\u00f5es para adotar a moldagem por inje\u00e7\u00e3o de precis\u00e3o<\/a><\/li><li><a href=\"#applications-of-the-craft\">Aplica\u00e7\u00f5es do of\u00edcio<\/a><ul><li><a href=\"#optical-components\">Componentes \u00f3pticos<\/a><\/li><li><a href=\"#medical-devices\">Dispositivos m\u00e9dicos<\/a><\/li><li><a href=\"#electronics\">Eletr\u00f3nica<\/a><\/li><li><a href=\"#automotive\">Autom\u00f3vel<\/a><\/li><\/ul><\/li><li><a href=\"#inner-workings-of-precise-injection-molding\">Funcionamento interno da moldagem por inje\u00e7\u00e3o de precis\u00e3o<\/a><\/li><li><a href=\"#equipment-essential-for-precise-injection-molding\">Equipamento essencial para uma moldagem por inje\u00e7\u00e3o precisa<\/a><\/li><li><a href=\"#critical-aspects-of-design-in-precise-injection-molding\">Aspectos cr\u00edticos do design na moldagem por inje\u00e7\u00e3o de precis\u00e3o<\/a><ul><\/ul><\/li><li><a href=\"#balancing-act-advantages-and-disadvantages\">Ato de equil\u00edbrio: Vantagens e desvantagens<\/a><ul><li><a href=\"#advantages\">Vantagens<\/a><\/li><li><a href=\"#limitations\">Limita\u00e7\u00f5es<\/a><\/li><\/ul><\/li><li><a href=\"#in-summation\">Em suma<\/a><\/li><\/ul><\/nav><\/div><p>Este procedimento complexo permite a produ\u00e7\u00e3o de componentes complexos que, de outra forma, seriam imposs\u00edveis de obter atrav\u00e9s das t\u00e9cnicas tradicionais de moldagem por inje\u00e7\u00e3o.<\/p><p>Este guia exaustivo aprofunda os conhecimentos sobre <a href=\"https:\/\/plasticmoulds.net\/precise-injection-molding-guide\">moldagem por inje\u00e7\u00e3o de precis\u00e3o<\/a>O livro \u00e9 um livro de refer\u00eancia, que explora em pormenor a sua mec\u00e2nica, as suas vantagens essenciais e o equipamento utilizado, <a href=\"https:\/\/plasticmoulds.net\/design\">considera\u00e7\u00f5es de conce\u00e7\u00e3o<\/a>e muito mais. <\/p><p>Nestas p\u00e1ginas, adquirir\u00e1 uma compreens\u00e3o abrangente desta abordagem de moldagem especializada, uma pedra angular para o fabrico de \u00f3tica, instrumentos m\u00e9dicos, eletr\u00f3nica e outros bens que requerem uma precis\u00e3o sem paralelo.<\/p><figure class=\"wp-block-gallery has-nested-images columns-2 is-cropped wp-block-gallery-1 is-layout-flex wp-block-gallery-is-layout-flex\"><figure class=\"wp-block-image size-large\"><a href=\"https:\/\/plasticmoulds.net\/wp-content\/uploads\/2020\/05\/13_6355400436859375009021169-850x440-850x440-960x400_qyzsza-2.jpg\"><img loading=\"lazy\" decoding=\"async\" width=\"960\" height=\"400\" data-id=\"2991\" src=\"https:\/\/plasticmoulds.net\/wp-content\/uploads\/2020\/05\/13_6355400436859375009021169-850x440-850x440-960x400_qyzsza-2.jpg\" alt=\"Moldagem por injec\u00e7\u00e3o de ABS\" class=\"wp-image-2991\" srcset=\"https:\/\/www.plasticmoulds.net\/wp-content\/uploads\/2020\/05\/13_6355400436859375009021169-850x440-850x440-960x400_qyzsza-2.jpg 960w, https:\/\/www.plasticmoulds.net\/wp-content\/uploads\/2020\/05\/13_6355400436859375009021169-850x440-850x440-960x400_qyzsza-2-300x125.jpg 300w, https:\/\/www.plasticmoulds.net\/wp-content\/uploads\/2020\/05\/13_6355400436859375009021169-850x440-850x440-960x400_qyzsza-2-768x320.jpg 768w\" sizes=\"auto, (max-width: 960px) 100vw, 960px\" \/><\/a><figcaption>Parte ABS<\/figcaption><\/figure><figure class=\"wp-block-image size-large\"><a href=\"https:\/\/plasticmoulds.net\/wp-content\/uploads\/2020\/04\/10_6355400066914062509958492-850x440-850x440-960x400_hrghem.jpg\"><img loading=\"lazy\" decoding=\"async\" width=\"960\" height=\"400\" data-id=\"896\" src=\"https:\/\/plasticmoulds.net\/wp-content\/uploads\/2020\/04\/10_6355400066914062509958492-850x440-850x440-960x400_hrghem.jpg\" alt=\"moldagem por injec\u00e7\u00e3o de abs\" class=\"wp-image-896\" srcset=\"https:\/\/www.plasticmoulds.net\/wp-content\/uploads\/2020\/04\/10_6355400066914062509958492-850x440-850x440-960x400_hrghem.jpg 960w, https:\/\/www.plasticmoulds.net\/wp-content\/uploads\/2020\/04\/10_6355400066914062509958492-850x440-850x440-960x400_hrghem-300x125.jpg 300w, https:\/\/www.plasticmoulds.net\/wp-content\/uploads\/2020\/04\/10_6355400066914062509958492-850x440-850x440-960x400_hrghem-768x320.jpg 768w\" sizes=\"auto, (max-width: 960px) 100vw, 960px\" \/><\/a><figcaption>moldagem por injec\u00e7\u00e3o de abs<\/figcaption><\/figure><figure class=\"wp-block-image size-large\"><a href=\"https:\/\/plasticmoulds.net\/wp-content\/uploads\/2020\/04\/9_6355383606192187508622081-850x440-850x440-960x400_zp07wv.jpg\"><img loading=\"lazy\" decoding=\"async\" width=\"960\" height=\"400\" data-id=\"897\" src=\"https:\/\/plasticmoulds.net\/wp-content\/uploads\/2020\/04\/9_6355383606192187508622081-850x440-850x440-960x400_zp07wv.jpg\" alt=\"moldagem por injec\u00e7\u00e3o de pl\u00e1stico abs\" class=\"wp-image-897\" srcset=\"https:\/\/www.plasticmoulds.net\/wp-content\/uploads\/2020\/04\/9_6355383606192187508622081-850x440-850x440-960x400_zp07wv.jpg 960w, https:\/\/www.plasticmoulds.net\/wp-content\/uploads\/2020\/04\/9_6355383606192187508622081-850x440-850x440-960x400_zp07wv-300x125.jpg 300w, https:\/\/www.plasticmoulds.net\/wp-content\/uploads\/2020\/04\/9_6355383606192187508622081-850x440-850x440-960x400_zp07wv-768x320.jpg 768w\" sizes=\"auto, (max-width: 960px) 100vw, 960px\" \/><\/a><figcaption>China moldagem por injec\u00e7\u00e3o de ABS<\/figcaption><\/figure><figure class=\"wp-block-image size-large\"><a href=\"https:\/\/plasticmoulds.net\/wp-content\/uploads\/2020\/05\/12_6355400426853125009725073-850x440-850x440-960x400_w5q2fp.jpg\"><img loading=\"lazy\" decoding=\"async\" width=\"960\" height=\"400\" data-id=\"898\" src=\"https:\/\/plasticmoulds.net\/wp-content\/uploads\/2020\/05\/12_6355400426853125009725073-850x440-850x440-960x400_w5q2fp.jpg\" alt=\"injec\u00e7\u00e3o de abdominais\" class=\"wp-image-898\" srcset=\"https:\/\/www.plasticmoulds.net\/wp-content\/uploads\/2020\/05\/12_6355400426853125009725073-850x440-850x440-960x400_w5q2fp.jpg 960w, https:\/\/www.plasticmoulds.net\/wp-content\/uploads\/2020\/05\/12_6355400426853125009725073-850x440-850x440-960x400_w5q2fp-300x125.jpg 300w, https:\/\/www.plasticmoulds.net\/wp-content\/uploads\/2020\/05\/12_6355400426853125009725073-850x440-850x440-960x400_w5q2fp-768x320.jpg 768w\" sizes=\"auto, (max-width: 960px) 100vw, 960px\" \/><\/a><figcaption>Moldagem por injec\u00e7\u00e3o de ABS<\/figcaption><\/figure><figure class=\"wp-block-image size-large\"><a href=\"https:\/\/plasticmoulds.net\/wp-content\/uploads\/2017\/12\/6_1.png\"><img loading=\"lazy\" decoding=\"async\" width=\"700\" height=\"353\" data-id=\"901\" src=\"https:\/\/plasticmoulds.net\/wp-content\/uploads\/2017\/12\/6_1.png\" alt=\"moldagem da abs\" class=\"wp-image-901\" srcset=\"https:\/\/www.plasticmoulds.net\/wp-content\/uploads\/2017\/12\/6_1.png 700w, https:\/\/www.plasticmoulds.net\/wp-content\/uploads\/2017\/12\/6_1-300x151.png 300w\" sizes=\"auto, (max-width: 700px) 100vw, 700px\" \/><\/a><figcaption>Moldagem de ABS<\/figcaption><\/figure><figure class=\"wp-block-image size-large\"><a href=\"https:\/\/plasticmoulds.net\/wp-content\/uploads\/2018\/01\/china-plastic-molding_crbyqu.png\"><img loading=\"lazy\" decoding=\"async\" width=\"700\" height=\"454\" data-id=\"910\" src=\"https:\/\/plasticmoulds.net\/wp-content\/uploads\/2018\/01\/china-plastic-molding_crbyqu.png\" alt=\"moldagem de pl\u00e1stico abs\" class=\"wp-image-910\" srcset=\"https:\/\/www.plasticmoulds.net\/wp-content\/uploads\/2018\/01\/china-plastic-molding_crbyqu.png 700w, https:\/\/www.plasticmoulds.net\/wp-content\/uploads\/2018\/01\/china-plastic-molding_crbyqu-300x195.png 300w\" sizes=\"auto, (max-width: 700px) 100vw, 700px\" \/><\/a><figcaption>Moldagem por injec\u00e7\u00e3o de policarbonato<\/figcaption><\/figure><\/figure><h2 class=\"wp-block-heading\" id=\"the-essence-of-precise-injection-molding\"><strong>A ess\u00eancia da moldagem por inje\u00e7\u00e3o precisa<\/strong><\/h2><p>Denominada moldagem por inje\u00e7\u00e3o de precis\u00e3o, esta itera\u00e7\u00e3o especializada da <a href=\"https:\/\/plasticmoulds.net\/injection-molding-process\">moldagem por inje\u00e7\u00e3o convencional<\/a> A metodologia de moldagem por inje\u00e7\u00e3o de precis\u00e3o estabelece-se como uma forma evolu\u00edda da sua antecessora. Enquanto que a moldagem por inje\u00e7\u00e3o convencional atinge toler\u00e2ncias de \u00b10,005 polegadas, a moldagem por inje\u00e7\u00e3o de precis\u00e3o supera esta situa\u00e7\u00e3o, atingindo toler\u00e2ncias de \u00b10,001 polegadas, ou mesmo margens mais apertadas.<\/p><p>Este n\u00edvel excecional de precis\u00e3o permite a produ\u00e7\u00e3o de componentes pl\u00e1sticos de extraordin\u00e1ria complexidade, com montagens de encaixe preciso, superf\u00edcies de qualidade \u00f3tica e caracter\u00edsticas microsc\u00f3picas detalhadas.<\/p><div class=\"wp-block-columns is-layout-flex wp-container-core-columns-is-layout-28f84493 wp-block-columns-is-layout-flex\"><div class=\"wp-block-column is-layout-flow wp-block-column-is-layout-flow\" style=\"flex-basis:100%\"><div class=\"wp-block-qubely-button qubely-block-268c17\" data-qubelyanimation=\"{&quot;animation&quot;:&quot;bounce&quot;,&quot;name&quot;:&quot;bounceCenter&quot;,&quot;repeat&quot;:&quot;once&quot;,&quot;direction&quot;:&quot;Center&quot;,&quot;duration&quot;:1000,&quot;delay&quot;:0,&quot;curve&quot;:&quot;ease-in-out&quot;,&quot;openAnimation&quot;:1}\"><div class=\"qubely-block-btn-wrapper\"><div class=\"qubely-block-btn\"><a class=\"qubely-block-btn-anchor is-custom\" href=\"https:\/\/plasticmoulds.net\/contact-us\"><i class=\"qubely-btn-icon fas fa-arrow-alt-circle-right\"><\/i>OBTER UM OR\u00c7AMENTO GRATUITO-30% MAIS BAIXO,15 DIAS A MENOS<\/a><\/div><\/div><\/div><\/div><\/div><h2 class=\"wp-block-heading\" id=\"rationale-behind-embracing-precise-injection-molding\">Raz\u00f5es para adotar a moldagem por inje\u00e7\u00e3o de precis\u00e3o<\/h2><p>Diversos factores de peso sublinham a tend\u00eancia dos fabricantes para adoptarem a moldagem por inje\u00e7\u00e3o de precis\u00e3o em vez da abordagem convencional:<\/p><ol class=\"wp-block-list\"><li>Fabrico de componentes de pl\u00e1stico que exigem toler\u00e2ncias dimensionais meticulosas.<\/li><li>Moldar geometrias complexas e pormenores intrincados que escapariam aos m\u00e9todos convencionais.<\/li><li>Produ\u00e7\u00e3o de componentes de pl\u00e1stico com acabamentos de superf\u00edcie de qualidade \u00f3tica.<\/li><li>Facilitar a montagem de estruturas de alta precis\u00e3o constitu\u00eddas por elementos pl\u00e1sticos interligados.<\/li><li>Produ\u00e7\u00e3o r\u00e1pida de pe\u00e7as de pl\u00e1stico de precis\u00e3o com pormenores complexos.<\/li><li>Substitui\u00e7\u00e3o de componentes met\u00e1licos maquinados por pl\u00e1stico moldado, colmatando assim a lacuna entre a conce\u00e7\u00e3o e a produ\u00e7\u00e3o.<\/li><\/ol><p>Sectores como <a href=\"https:\/\/plasticmoulds.net\/polycarbonate-injection-molding\">\u00f3tica<\/a>, <a href=\"https:\/\/plasticmoulds.net\/china-medical-device-injection-molding-company\">dispositivos m\u00e9dicos<\/a>, eletr\u00f3nica e <a href=\"https:\/\/plasticmoulds.net\/automotive-injection-molding\">autom\u00f3vel<\/a> s\u00e3o fervorosos defensores da moldagem por inje\u00e7\u00e3o de precis\u00e3o, apoiando-se na sua capacidade de produzir componentes de pl\u00e1stico com uma precis\u00e3o sem paralelo.<\/p><h2 class=\"wp-block-heading\" id=\"applications-of-the-craft\">Aplica\u00e7\u00f5es do of\u00edcio<\/h2><p>O \u00e2mbito das aplica\u00e7\u00f5es que utilizam componentes de pl\u00e1stico fabricados atrav\u00e9s de moldagem por inje\u00e7\u00e3o de precis\u00e3o abrange:<\/p><h3 class=\"wp-block-heading\" id=\"optical-components\">Componentes \u00f3pticos<\/h3><p>A \u00f3tica de precis\u00e3o, que inclui lentes, prismas, espelhos, ecr\u00e3s, tubos de luz e outros componentes \u00f3pticos, deve a sua exist\u00eancia a esta metodologia.<\/p><h3 class=\"wp-block-heading\" id=\"medical-devices\">Dispositivos m\u00e9dicos<\/h3><p>Desde inaladores a instrumentos cir\u00fargicos, os componentes pl\u00e1sticos impec\u00e1veis e fi\u00e1veis, vitais para os dispositivos m\u00e9dicos, t\u00eam a sua g\u00e9nese na moldagem por inje\u00e7\u00e3o de precis\u00e3o.<\/p><h3 class=\"wp-block-heading\" id=\"electronics\">Eletr\u00f3nica<\/h3><p>Atrav\u00e9s desta t\u00e9cnica, s\u00e3o fabricados inv\u00f3lucros de pl\u00e1stico de precis\u00e3o, conectores, isoladores e outros elementos adaptados para satisfazer as toler\u00e2ncias exactas da eletr\u00f3nica.<\/p><h3 class=\"wp-block-heading\" id=\"automotive\">Autom\u00f3vel<\/h3><p>As pe\u00e7as pl\u00e1sticas essenciais para a ind\u00fastria autom\u00f3vel, desde far\u00f3is e pain\u00e9is de instrumentos a guarni\u00e7\u00f5es exteriores, s\u00e3o meticulosamente produzidas atrav\u00e9s de t\u00e9cnicas de inje\u00e7\u00e3o precisas.<\/p><h2 class=\"wp-block-heading\" id=\"inner-workings-of-precise-injection-molding\">Funcionamento interno da moldagem por inje\u00e7\u00e3o de precis\u00e3o<\/h2><p>Embora mantenha um parentesco fundamental com a moldagem por inje\u00e7\u00e3o tradicional, a ess\u00eancia da moldagem por inje\u00e7\u00e3o de precis\u00e3o reside no seu equipamento especializado concebido para alcan\u00e7ar toler\u00e2ncias e consist\u00eancia sem paralelo:<\/p><ol class=\"wp-block-list\"><li><strong>Conce\u00e7\u00e3o meticulosa do molde<\/strong><br>O <a href=\"https:\/\/plasticmoulds.net\/what-is-plastic-mold.html\">constru\u00e7\u00e3o de moldes<\/a> envolve a maquina\u00e7\u00e3o CNC para estabelecer toler\u00e2ncias de 5 microns ou menos. Todos os aspectos, incluindo o acabamento da superf\u00edcie, os mecanismos de arrefecimento, os ejectores, etc., s\u00e3o optimizados.<\/li><li><strong>M\u00e1quinas avan\u00e7adas de moldagem por inje\u00e7\u00e3o<\/strong><br>Sistemas de controlo sofisticados regulam meticulosamente par\u00e2metros cr\u00edticos como a temperatura, a plastifica\u00e7\u00e3o, a velocidade\/press\u00e3o de inje\u00e7\u00e3o e a for\u00e7a de aperto, assegurando a reprodutibilidade.<\/li><li><strong>Materiais pl\u00e1sticos especializados<\/strong><br>As resinas espec\u00edficas com propriedades de fus\u00e3o altamente consistentes, retra\u00e7\u00e3o m\u00ednima e empeno insignificante s\u00e3o utilizadas para atingir toler\u00e2ncias exactas.<\/li><li><strong>O pr\u00f3prio processo de moldagem<\/strong><br>Com o molde de precis\u00e3o firmemente fixado, o pl\u00e1stico \u00e9 injetado em condi\u00e7\u00f5es ideais de temperatura, velocidade e press\u00e3o para preencher totalmente a cavidade.<\/li><li><strong>Desmoldagem sem esfor\u00e7o<\/strong><br>Uma vez suficientemente arrefecido, o componente de pl\u00e1stico solidificado \u00e9 meticulosamente extra\u00eddo do molde. Estas pe\u00e7as apresentam acabamentos micro-suaves e toler\u00e2ncias incrivelmente apertadas.<\/li><li><strong>Opera\u00e7\u00f5es secund\u00e1rias (se necess\u00e1rio)<\/strong><br>Para obter o componente final, podem ser utilizados processos suplementares como a colagem, o revestimento ou a montagem.<\/li><\/ol><h2 class=\"wp-block-heading\" id=\"equipment-essential-for-precise-injection-molding\">Equipamento essencial para uma moldagem por inje\u00e7\u00e3o precisa<\/h2><p>O sucesso da execu\u00e7\u00e3o desta t\u00e9cnica depende de equipamento especializado:<\/p><ol class=\"wp-block-list\"><li>M\u00e1quinas de moldagem por inje\u00e7\u00e3o de precis\u00e3o<br>Designadas por prensas de precis\u00e3o, estas m\u00e1quinas fornecem:<\/li><\/ol><ul class=\"wp-block-list\"><li>Capacidades melhoradas de press\u00e3o de inje\u00e7\u00e3o at\u00e9 4000 psi.<\/li><li>Par\u00e2metros de processo program\u00e1veis e controlados com precis\u00e3o.<\/li><li>Fixa\u00e7\u00e3o e eje\u00e7\u00e3o repetidamente precisas.<\/li><li>Consist\u00eancia na temperatura e na velocidade.<\/li><li>Placas de montagem de moldes de precis\u00e3o.<\/li><\/ul><ol class=\"wp-block-list\"><li>Moldes de a\u00e7o de precis\u00e3o<br>Estas ferramentas meticulosamente trabalhadas mant\u00eam uma precis\u00e3o inferior a 5 microns. Os atributos dignos de nota incluem:<\/li><\/ol><ul class=\"wp-block-list\"><li>Superf\u00edcies de cavidade altamente polidas e fortificadas com revestimentos.<\/li><li>Uma disposi\u00e7\u00e3o de canais de arrefecimento uniformemente optimizados.<\/li><li>Utiliza\u00e7\u00e3o de a\u00e7o endurecido para cavidades de micro-precis\u00e3o.<\/li><li>Desenhos de placas m\u00faltiplas que asseguram uma estabilidade \u00f3ptima da ferramenta.<\/li><\/ul><h2 class=\"wp-block-heading\" id=\"critical-aspects-of-design-in-precise-injection-molding\">Aspectos cr\u00edticos do design na moldagem por inje\u00e7\u00e3o de precis\u00e3o<\/h2><p>A obten\u00e7\u00e3o de pe\u00e7as de pl\u00e1stico caracterizadas por toler\u00e2ncias surpreendentemente apertadas depende do controlo meticuloso destes factores fundamentais:<\/p><ol class=\"wp-block-list\"><li>Precis\u00e3o do molde<br>A constru\u00e7\u00e3o do molde requer maquinagem CNC e uma aten\u00e7\u00e3o meticulosa \u00e0 precis\u00e3o em todas as facetas do design.<\/li><li>Sele\u00e7\u00e3o de materiais<br>A utiliza\u00e7\u00e3o de resinas com propriedades consistentes, retra\u00e7\u00e3o m\u00ednima e empeno m\u00ednimo \u00e9 fundamental para alcan\u00e7ar as toler\u00e2ncias desejadas.<\/li><li>Press\u00e3o de inje\u00e7\u00e3o<br>As press\u00f5es de inje\u00e7\u00e3o mais elevadas, que atingem at\u00e9 4000 psi, desempenham um papel fundamental no enchimento de cavidades complexas e na moldagem de micro caracter\u00edsticas com precis\u00e3o.<\/li><li>Par\u00e2metros do processo<br>A gest\u00e3o precisa da velocidade de inje\u00e7\u00e3o, da temperatura, da for\u00e7a de fixa\u00e7\u00e3o e do arrefecimento \u00e9 a pedra angular da obten\u00e7\u00e3o da reprodutibilidade.<\/li><li>Integra\u00e7\u00e3o da automatiza\u00e7\u00e3o<br>A utiliza\u00e7\u00e3o de processos controlados por computador e a automatiza\u00e7\u00e3o garantem a consist\u00eancia no manuseamento de materiais e na produ\u00e7\u00e3o.<\/li><\/ol><p>Segue-se um quadro resumo das considera\u00e7\u00f5es de conce\u00e7\u00e3o da moldagem por inje\u00e7\u00e3o:<\/p><div class=\"wp-block-stackable-columns stk-block-columns stk-block stk-98d77b1\" data-block-id=\"98d77b1\"><div class=\"stk-row stk-inner-blocks stk-block-content stk-content-align stk-98d77b1-column\"><div class=\"wp-block-stackable-column stk-block-column stk-column stk-block stk-5d2d610\" data-v=\"4\" data-block-id=\"5d2d610\"><div class=\"stk-column-wrapper stk-block-column__content stk-container stk-5d2d610-container stk--no-background stk--no-padding\"><div class=\"stk-block-content stk-inner-blocks stk-5d2d610-inner-blocks\"><figure class=\"wp-block-table\"><table class=\"has-light-green-cyan-background-color has-background\"><thead><tr><th>Aspeto da conce\u00e7\u00e3o<\/th><th>Considera\u00e7\u00f5es<\/th><\/tr><\/thead><tbody><tr><td>Espessura da parede<\/td><td>o seu projeto cumpre ou excede a espessura nominal da parede? Com uma espessura de parede consistente no projeto, a pe\u00e7a arrefecer\u00e1 uniformemente?<\/td><\/tr><tr><td>\u00c2ngulos de projeto<\/td><td>Qual \u00e9 o seu \u00e2ngulo de inclina\u00e7\u00e3o para o encolhimento que espera durante o arrefecimento? A sua pe\u00e7a pode ser ejectada do molde facilmente com os \u00e2ngulos de inclina\u00e7\u00e3o que tem? O seu desenho atual vai causar tens\u00e3o no molde?\u00a0<\/td><\/tr><tr><td>Cantos<\/td><td>Os cantos foram radiografados para evitar o encolhimento, a deforma\u00e7\u00e3o, o corte e\/ou a rutura? Como \u00e9 que todos os cantos s\u00e3o moldados no molde para que possa entrar material suficiente e se mantenha uma espessura de parede consistente?<\/td><\/tr><tr><td>Undercuts<\/td><td>\u00c9 poss\u00edvel remover quaisquer rebaixos do desenho do molde sem alterar a fun\u00e7\u00e3o da pe\u00e7a? O molde pode ser concebido para acomodar os rebaixos sem ultrapassar o or\u00e7amento?<\/td><\/tr><tr><td>Sele\u00e7\u00e3o da resina<\/td><td>A conce\u00e7\u00e3o da pe\u00e7a permite um fluxo adequado de resina durante a inje\u00e7\u00e3o e suportar\u00e1 a press\u00e3o necess\u00e1ria? O que pode afetar o tempo de arrefecimento da pe\u00e7a, o acabamento ou outras propriedades? Como \u00e9 que pode resolver estes problemas com altera\u00e7\u00f5es ao design da pe\u00e7a e\/ou \u00e0 resina?<\/td><\/tr><tr><td>Toler\u00e2ncias<\/td><td>Como \u00e9 que as toler\u00e2ncias da sua pe\u00e7a afectam as ferramentas (ou seja, mudan\u00e7a de material para o molde, necessidade de controlos de qualidade adicionais ou moldes mais complexos)? Como \u00e9 que pode abordar os requisitos de desempenho redesenhando a pe\u00e7a\/molde?<\/td><\/tr><\/tbody><\/table><\/figure><\/div><\/div><\/div><\/div><\/div><h2 class=\"wp-block-heading\" id=\"balancing-act-advantages-and-disadvantages\">Ato de equil\u00edbrio: Vantagens e desvantagens<\/h2><p>Como qualquer processo de fabrico, a moldagem por inje\u00e7\u00e3o de precis\u00e3o traz consigo uma s\u00e9rie de vantagens e limita\u00e7\u00f5es:<\/p><h3 class=\"wp-block-heading\" id=\"advantages\">Vantagens<\/h3><ul class=\"wp-block-list\"><li>Toler\u00e2ncias excecionalmente apertadas que chegam a \u00b10,002 polegadas.<\/li><li>Permite a produ\u00e7\u00e3o de grandes volumes com uma abordagem de fabrico econ\u00f3mica.<\/li><li>Permite a cria\u00e7\u00e3o de geometrias complexas.<\/li><li>Produz processos de produ\u00e7\u00e3o consistentes e automatizados.<\/li><li>Econ\u00f3mica quando comparada com a maquina\u00e7\u00e3o CNC.<\/li><li>Permite a produ\u00e7\u00e3o de componentes de pl\u00e1stico em miniatura.<\/li><\/ul><h3 class=\"wp-block-heading\" id=\"limitations\">Limita\u00e7\u00f5es<\/h3><ul class=\"wp-block-list\"><li>O investimento inicial em ferramentas de precis\u00e3o \u00e9 substancial.<\/li><li>O tamanho dos componentes \u00e9 limitado a dimens\u00f5es inferiores a 4\" x 4\".<\/li><li>Alguns pl\u00e1sticos, como o polietileno, n\u00e3o s\u00e3o adequados para esta t\u00e9cnica.<\/li><li>\u00c9 imperativo um controlo rigoroso dos processos.<\/li><li>Podem ser necess\u00e1rias opera\u00e7\u00f5es secund\u00e1rias para a finaliza\u00e7\u00e3o.<\/li><\/ul><h2 class=\"wp-block-heading\" id=\"in-summation\">Em suma<\/h2><p>A moldagem por inje\u00e7\u00e3o de precis\u00e3o constitui uma t\u00e9cnica de fabrico avan\u00e7ada, que permite a produ\u00e7\u00e3o em massa, com uma boa rela\u00e7\u00e3o custo-efic\u00e1cia, de componentes de pl\u00e1stico extremamente complexos. Esta metodologia encontra o seu auge em ind\u00fastrias como a \u00f3tica, a m\u00e9dica e a eletr\u00f3nica, onde a procura de componentes de pl\u00e1stico com precis\u00e3o e exatid\u00e3o ao n\u00edvel do m\u00edcron \u00e9 inabal\u00e1vel. Com os conhecimentos e o equipamento adequados, a delicadeza das t\u00e9cnicas de inje\u00e7\u00e3o de precis\u00e3o pode reproduzir praticamente qualquer desenho de componente pl\u00e1stico com uma precis\u00e3o sem paralelo.<\/p>","protected":false},"excerpt":{"rendered":"<p>Precise injection molding stands as a pivotal method in the realm of manufacturing, facilitating the creation of plastic components characterized by remarkably stringent tolerances, intricate geometries, and precise details. This intricate procedure allows for the production of intricate components that would be otherwise unattainable through traditional injection molding techniques.This comprehensive guide delves into the depths [&hellip;]<\/p>\n","protected":false},"author":11,"featured_media":0,"parent":0,"menu_order":0,"comment_status":"closed","ping_status":"closed","template":"","meta":{"footnotes":""},"class_list":["post-11374","page","type-page","status-publish","hentry"],"blocksy_meta":[],"_links":{"self":[{"href":"https:\/\/www.plasticmoulds.net\/pt\/wp-json\/wp\/v2\/pages\/11374","targetHints":{"allow":["GET"]}}],"collection":[{"href":"https:\/\/www.plasticmoulds.net\/pt\/wp-json\/wp\/v2\/pages"}],"about":[{"href":"https:\/\/www.plasticmoulds.net\/pt\/wp-json\/wp\/v2\/types\/page"}],"author":[{"embeddable":true,"href":"https:\/\/www.plasticmoulds.net\/pt\/wp-json\/wp\/v2\/users\/11"}],"replies":[{"embeddable":true,"href":"https:\/\/www.plasticmoulds.net\/pt\/wp-json\/wp\/v2\/comments?post=11374"}],"version-history":[{"count":0,"href":"https:\/\/www.plasticmoulds.net\/pt\/wp-json\/wp\/v2\/pages\/11374\/revisions"}],"wp:attachment":[{"href":"https:\/\/www.plasticmoulds.net\/pt\/wp-json\/wp\/v2\/media?parent=11374"}],"curies":[{"name":"wp","href":"https:\/\/api.w.org\/{rel}","templated":true}]}}