{"id":10706,"date":"2023-06-07T12:12:26","date_gmt":"2023-06-07T04:12:26","guid":{"rendered":"https:\/\/plasticmoulds.net\/?p=10706"},"modified":"2023-07-16T19:43:46","modified_gmt":"2023-07-16T11:43:46","slug":"desenvolvimento-de-novas-pecas-de-plastico-um-guia-completo","status":"publish","type":"page","link":"https:\/\/www.plasticmoulds.net\/pt\/developing-new-plastic-parts-a-comprehensive-guide","title":{"rendered":"Desenvolvimento de novas pe\u00e7as de pl\u00e1stico: Um Guia Abrangente"},"content":{"rendered":"<p>Desenvolver novas pe\u00e7as de pl\u00e1stico requer uma abordagem aprofundada e sistem\u00e1tica para garantir o \u00eaxito da conce\u00e7\u00e3o, do fabrico e da implementa\u00e7\u00e3o. Desde a defini\u00e7\u00e3o de requisitos at\u00e9 aos testes e procedimentos de controlo de qualidade - cada fase desempenha um papel fundamental. Neste artigo, vamos aprofundar cada fase do desenvolvimento de novas pe\u00e7as de pl\u00e1stico, fornecendo informa\u00e7\u00f5es e conselhos ao longo do processo.<\/p><nav class=\"wp-block-stackable-table-of-contents stk-block-table-of-contents stk-block stk-a7b1535\" data-block-id=\"a7b1535\"><p class=\"stk-table-of-contents__title\">Tabela de Conte\u00fados<\/p><ul class=\"stk-table-of-contents__table\"><li><a href=\"#establish-clear-requirements-and-objectives\">Estabelecer requisitos e objectivos claros:<\/a><\/li><li><a href=\"#conceptual-design\">Conce\u00e7\u00e3o concetual:<\/a><\/li><li><a href=\"#material-selection\">Sele\u00e7\u00e3o de materiais:<\/a><\/li><li><a href=\"#design-validation\">Valida\u00e7\u00e3o do projeto:<\/a><\/li><li><a href=\"#tooling-and-manufacturing\">Ferramentas e fabrico:<\/a><\/li><li><a href=\"#injection-molding\">Moldagem por inje\u00e7\u00e3o:<\/a><\/li><li><a href=\"#testing-and-quality-control\">Testes e controlo de qualidade:<\/a><\/li><li><a href=\"#implementation-and-feedback\">Implementa\u00e7\u00e3o e feedback:<\/a><\/li><li><a href=\"#conclusion\">Conclus\u00e3o:<\/a><\/li><\/ul><\/nav><h2 class=\"wp-block-heading\" id=\"establish-clear-requirements-and-objectives\">Estabelecer requisitos e objectivos claros:<\/h2><p>O passo inicial no desenvolvimento de pe\u00e7as de pl\u00e1stico requer a defini\u00e7\u00e3o clara dos seus requisitos e objectivos, incluindo aplica\u00e7\u00f5es pretendidas, requisitos de funcionalidade, dimens\u00f5es, requisitos de resist\u00eancia, propriedades desejadas, condi\u00e7\u00f5es ambientais, necessidades de conformidade regulamentar, etc. Com um conhecimento profundo de todos estes elementos, \u00e9 poss\u00edvel estabelecer uma base s\u00f3lida para os processos de conce\u00e7\u00e3o e fabrico que se seguem.<\/p><p>Envolver as partes interessadas, incluindo engenheiros, designers e utilizadores finais durante a fase de defini\u00e7\u00e3o de requisitos \u00e9 imperativo para recolher contributos e ideias que garantam que a sua conce\u00e7\u00e3o cumpre os crit\u00e9rios desejados e atinge os resultados pretendidos. Ao incluir especialistas adequados que compreendem as necessidades do p\u00fablico-alvo como parte deste esfor\u00e7o, pode garantir que os resultados desejados do projeto ser\u00e3o alcan\u00e7ados.<\/p><h2 class=\"wp-block-heading\" id=\"conceptual-design\">Conce\u00e7\u00e3o concetual:<\/h2><figure class=\"wp-block-image size-large\"><a href=\"https:\/\/plasticmoulds.net\/wp-content\/uploads\/2022\/03\/15.jpg\"><img loading=\"lazy\" decoding=\"async\" width=\"1024\" height=\"768\" src=\"https:\/\/plasticmoulds.net\/wp-content\/uploads\/2022\/03\/15-1024x768.jpg\" alt=\"\" class=\"wp-image-6835\" srcset=\"https:\/\/www.plasticmoulds.net\/wp-content\/uploads\/2022\/03\/15-1024x768.jpg 1024w, https:\/\/www.plasticmoulds.net\/wp-content\/uploads\/2022\/03\/15-300x225.jpg 300w, https:\/\/www.plasticmoulds.net\/wp-content\/uploads\/2022\/03\/15-768x576.jpg 768w, https:\/\/www.plasticmoulds.net\/wp-content\/uploads\/2022\/03\/15.jpg 1080w\" sizes=\"auto, (max-width: 1024px) 100vw, 1024px\" \/><\/a><\/figure><p>Com base nos seus requisitos, o passo seguinte deve ser o desenho concetual da pe\u00e7a de pl\u00e1stico. Isto implica traduzir os seus requisitos em formas visuais, utilizando software de desenho assistido por computador (CAD), para que os designers possam produzir modelos 3D que demonstrem a sua forma, formato e requisitos de montagem.<\/p><p><strong>Software de conce\u00e7\u00e3o:<\/strong><\/p><ul class=\"wp-block-list\"><li><a href=\"https:\/\/www.solidworks.com\/\" target=\"_blank\" rel=\"noreferrer noopener\"> SolidWorks<\/a>, <\/li><li>AutoCAD, <\/li><li>Fus\u00e3o 360 <\/li><li><a href=\"https:\/\/www.autodesk.com\/products\/moldflow\/overview\" target=\"_blank\" rel=\"noreferrer noopener\">Moldflow<\/a>: <\/li><li><a href=\"https:\/\/plm.sw.siemens.com\/en-US\/nx\/\" target=\"_blank\" rel=\"noreferrer noopener\">Siemens NX<\/a>: <\/li><li>Borda s\u00f3lida<\/li><li>CATIA<\/li><\/ul><p>Como parte da fase de projeto concetual, \u00e9 crucial que os projectistas repitam frequentemente os seus projectos, tendo em mente o feedback e as revis\u00f5es, para os aperfei\u00e7oar ainda mais e satisfazer adequadamente todos os requisitos. Al\u00e9m disso, a identifica\u00e7\u00e3o precoce de quaisquer problemas ou obst\u00e1culos relacionados com o fabrico ajuda a facilitar a resolu\u00e7\u00e3o de problemas de forma mais r\u00e1pida e econ\u00f3mica.<\/p><p>No que diz respeito aos formatos de ficheiro para a conce\u00e7\u00e3o de componentes de pl\u00e1stico, s\u00e3o normalmente utilizados os seguintes formatos:<\/p><ol class=\"wp-block-list\"><li><strong>Formatos CAD<\/strong>:\n<ul class=\"wp-block-list\"><li>DWG (Desenho AutoCAD)<\/li><li>DXF (Drawing Exchange Format)<\/li><li>DGN (Desenho MicroStation)<\/li><li>MAP (Parte)<\/li><\/ul><\/li><li><strong>Formatos de troca de modelos 3D<\/strong>:\n<ul class=\"wp-block-list\"><li>STL (Standard Tessellation Language)<\/li><li>STEP (Standard for the Exchange of Product Data)<\/li><li>IGES (Especifica\u00e7\u00e3o Inicial de Interc\u00e2mbio de Gr\u00e1ficos)<\/li><\/ul><\/li><\/ol><h2 class=\"wp-block-heading\" id=\"material-selection\">Sele\u00e7\u00e3o de materiais:<\/h2><p>Sele\u00e7\u00e3o de um ideal <a href=\"https:\/\/en.wikipedia.org\/wiki\/Plastic\" target=\"_blank\" rel=\"noreferrer noopener\">material pl\u00e1stico<\/a> para o desenvolvimento de qualquer pe\u00e7a \u00e9 de import\u00e2ncia vital para o seu sucesso. As decis\u00f5es sobre o pl\u00e1stico a selecionar podem depender de v\u00e1rias considera\u00e7\u00f5es, tais como as propriedades mec\u00e2nicas desejadas, as implica\u00e7\u00f5es ambientais e as exig\u00eancias est\u00e9ticas, bem como as restri\u00e7\u00f5es de custos. As op\u00e7\u00f5es comuns de moldagem por inje\u00e7\u00e3o s\u00e3o <\/p><ul class=\"wp-block-list\"><li>Polietileno (PE)<\/li><li>Polipropileno (PP)<\/li><li>Cloreto de polivinilo (PVC)<\/li><li>Tereftalato de polietileno (PET)<\/li><li>Poliestireno (PS)<\/li><li>Acrilonitrilo Butadieno Estireno (ABS)<\/li><li>Policarbonato (PC)<\/li><li>Poliamida (PA)<\/li><li>Politereftalato de etileno glicol (PETG)<\/li><li>Fluoreto de polivinilideno (PVDF)<\/li><li>Poliuretano (PU)<\/li><li>Polioximetileno (POM)<\/li><\/ul><p>Para selecionar o material ideal, \u00e9 necess\u00e1rio avaliar cuidadosamente as propriedades e caracter\u00edsticas de cada op\u00e7\u00e3o - incluindo resist\u00eancia, durabilidade, flexibilidade, resist\u00eancia \u00e0 temperatura, resist\u00eancia qu\u00edmica e custo - dando prioridade a uma op\u00e7\u00e3o em rela\u00e7\u00e3o a outras. Consultar fornecedores de materiais ou especialistas para obter aconselhamento na escolha de um material adequado garante que este satisfaz os requisitos desejados.<\/p><h2 class=\"wp-block-heading\" id=\"design-validation\">Valida\u00e7\u00e3o do projeto:<\/h2><p>Depois de conclu\u00edda a fase de conce\u00e7\u00e3o e de sele\u00e7\u00e3o de materiais, torna-se essencial realizar um processo meticuloso de valida\u00e7\u00e3o da conce\u00e7\u00e3o destinado a verificar se as funcionalidades pretendidas s\u00e3o cumpridas antes de avan\u00e7ar com a produ\u00e7\u00e3o. A valida\u00e7\u00e3o pode ser efectuada atrav\u00e9s de software de simula\u00e7\u00e3o ou de testes f\u00edsicos, ou de ambos, dependendo das necessidades de complexidade do produto. <\/p><figure class=\"wp-block-image size-large\"><a href=\"https:\/\/plasticmoulds.net\/wp-content\/uploads\/2022\/04\/prototype.jpg\"><img loading=\"lazy\" decoding=\"async\" width=\"1024\" height=\"492\" src=\"https:\/\/plasticmoulds.net\/wp-content\/uploads\/2022\/04\/prototype-1024x492.jpg\" alt=\"\" class=\"wp-image-7000\" srcset=\"https:\/\/www.plasticmoulds.net\/wp-content\/uploads\/2022\/04\/prototype-1024x492.jpg 1024w, https:\/\/www.plasticmoulds.net\/wp-content\/uploads\/2022\/04\/prototype-300x144.jpg 300w, https:\/\/www.plasticmoulds.net\/wp-content\/uploads\/2022\/04\/prototype-768x369.jpg 768w, https:\/\/www.plasticmoulds.net\/wp-content\/uploads\/2022\/04\/prototype.jpg 1500w\" sizes=\"auto, (max-width: 1024px) 100vw, 1024px\" \/><\/a><\/figure><p>O software de simula\u00e7\u00e3o permite avalia\u00e7\u00f5es em numerosos dom\u00ednios que englobam a distribui\u00e7\u00e3o de tens\u00f5es, a moldabilidade, entre outros aspectos t\u00e9cnicos, dando uma vis\u00e3o clara da viabilidade e das solu\u00e7\u00f5es de otimiza\u00e7\u00e3o atrav\u00e9s da medi\u00e7\u00e3o de v\u00e1rios cen\u00e1rios e factores de capacidade de carga numa fase inicial antes da produ\u00e7\u00e3o, evitando assim os riscos de falha que podem surgir mais tarde no processo de desenvolvimento.<\/p><p><a href=\"https:\/\/plasticmoulds.net\/rapid-prototype\" target=\"_blank\" rel=\"noreferrer noopener\">Testes f\u00edsicos<\/a> ajudam a validar o desempenho das pe\u00e7as em rela\u00e7\u00e3o a crit\u00e9rios espec\u00edficos, tais como medidas de precis\u00e3o dimensional atrav\u00e9s de verifica\u00e7\u00f5es do fator de estabilidade ambiental, an\u00e1lises de tra\u00e7\u00e3o ou n\u00edveis de resist\u00eancia ao impacto que necessitam de confirma\u00e7\u00e3o para as necessidades \u00fanicas de cada pe\u00e7a; estes testes garantem ainda a conformidade com os regulamentos exigidos e os n\u00edveis de satisfa\u00e7\u00e3o do cliente.<\/p><h2 class=\"wp-block-heading\" id=\"tooling-and-manufacturing\">Ferramentas e fabrico:<\/h2><p>Uma vez verificado o projeto, a etapa seguinte do fabrico envolve a cria\u00e7\u00e3o das ferramentas adequadas - normalmente, a conce\u00e7\u00e3o e o fabrico de <a href=\"https:\/\/plasticmoulds.net\/what-is-plastic-mold.html\" target=\"_blank\" rel=\"noreferrer noopener\">moldes de inje\u00e7\u00e3o<\/a> adequado para esta pe\u00e7a em particular. Os moldes de inje\u00e7\u00e3o desempenham um papel fundamental neste processo, uma vez que definem a forma e o formato finais.<\/p><p>A colabora\u00e7\u00e3o com um fabricante de ferramentas experiente \u00e9 essencial para produzir um molde preciso. Os projectistas e os especialistas em ferramentas ajudar\u00e3o neste processo durante a produ\u00e7\u00e3o de ferramentas.<\/p><p>Em conjunto, colaboraremos estreitamente na conce\u00e7\u00e3o de moldes com um design optimizado, na sele\u00e7\u00e3o dos materiais a utilizar nos mesmos e na instala\u00e7\u00e3o de sistemas de arrefecimento e eje\u00e7\u00e3o adequados. O trabalho conjunto tamb\u00e9m inclui a contrata\u00e7\u00e3o de um fabricante de ferramentas experiente como consultor em todas as quest\u00f5es relacionadas com a conce\u00e7\u00e3o de moldes, sele\u00e7\u00e3o de materiais e considera\u00e7\u00f5es de fabrico para simplificar o processo de produ\u00e7\u00e3o e maximizar a produtividade.<\/p><p>A an\u00e1lise do fluxo do molde (uma simula\u00e7\u00e3o do processo de moldagem por inje\u00e7\u00e3o), realizada durante a fase de fabrico das ferramentas, pode detetar problemas como a presen\u00e7a de ar, linhas de soldadura ou encolhimento excessivo, que devem ser resolvidos para aumentar a qualidade geral e a consist\u00eancia das pe\u00e7as pl\u00e1sticas finais produzidas a partir de moldes de inje\u00e7\u00e3o. Ao tomar medidas na fase de fabrico das ferramentas em vez de mais tarde na linha de produ\u00e7\u00e3o, a qualidade e a consist\u00eancia das pe\u00e7as pl\u00e1sticas finais produzidas podem ser drasticamente aumentadas.<\/p><h2 class=\"wp-block-heading\" id=\"injection-molding\">Moldagem por inje\u00e7\u00e3o:<\/h2><p>A moldagem por inje\u00e7\u00e3o \u00e9 uma das mais <a href=\"https:\/\/plasticmoulds.net\/injection-molding-process.html\" target=\"_blank\" rel=\"noreferrer noopener\">meios eficazes<\/a> de produzir pe\u00e7as de pl\u00e1stico, utilizando a inje\u00e7\u00e3o de alta press\u00e3o para for\u00e7ar o pl\u00e1stico l\u00edquido para as cavidades do molde e deix\u00e1-lo solidificar \u00e0 medida que arrefece e solidifica ao longo do tempo. No entanto, para obter a m\u00e1xima efic\u00e1cia, \u00e9 necess\u00e1rio um controlo preciso de v\u00e1rios par\u00e2metros, como a temperatura e a press\u00e3o, antes de se atingir o tempo de arrefecimento - todos eles devem ser monitorizados de perto para obter os melhores resultados.<\/p><p>A parceria com um fornecedor de moldagem por inje\u00e7\u00e3o experiente \u00e9 fundamental para uma configura\u00e7\u00e3o adequada, otimiza\u00e7\u00e3o do processo e controlo de qualidade durante a produ\u00e7\u00e3o. Colaborar\u00e3o estreitamente com as equipas de conce\u00e7\u00e3o na sele\u00e7\u00e3o de materiais adequados aos par\u00e2metros ideais de moldagem por inje\u00e7\u00e3o com base nas propriedades dos materiais e nas especifica\u00e7\u00f5es das pe\u00e7as.<\/p><p>Em cada fase da produ\u00e7\u00e3o de moldagem por inje\u00e7\u00e3o, devem ser implementadas medidas de controlo de qualidade para monitorizar a produ\u00e7\u00e3o e garantir que as pe\u00e7as fabricadas cumprem as normas e especifica\u00e7\u00f5es exigidas. Estas medidas podem incluir inspec\u00e7\u00f5es dimensionais, testes de propriedades dos materiais e testes funcionais que verificam o desempenho e a qualidade das pe\u00e7as. Ao empregar processos robustos de garantia de qualidade, quaisquer desvios ou problemas podem ser rapidamente identificados, minimizando assim o desperd\u00edcio e assegurando uma qualidade consistente das pe\u00e7as.<\/p><h2 class=\"wp-block-heading\" id=\"testing-and-quality-control\">Testes e controlo de qualidade:<\/h2><p>O desenvolvimento de novas pe\u00e7as de pl\u00e1stico requer uma implementa\u00e7\u00e3o cuidadosa dos procedimentos de ensaio e de controlo de qualidade para obter os melhores resultados. \u00c9 fundamental validar o seu desempenho com m\u00e9todos de ensaio robustos que examinem a sua durabilidade, fiabilidade e propriedades mec\u00e2nicas. As inspec\u00e7\u00f5es dimensionais asseguram a conformidade com as especifica\u00e7\u00f5es definidas, para al\u00e9m das avalia\u00e7\u00f5es das propriedades do material, como a resist\u00eancia \u00e0 tra\u00e7\u00e3o, a resist\u00eancia ao impacto ou as an\u00e1lises de estabilidade t\u00e9rmica para uma melhor compreens\u00e3o destas qualidades.<\/p><p>Os aspectos funcionais das pe\u00e7as de pl\u00e1stico s\u00e3o igualmente importantes, uma vez que reflectem o desempenho utiliz\u00e1vel quando s\u00e3o montadas ou encaixadas corretamente, de acordo com as especifica\u00e7\u00f5es de conce\u00e7\u00e3o que o CEP ajuda a manter ao longo dos ciclos de produ\u00e7\u00e3o, atrav\u00e9s da recolha cont\u00ednua de dados do seu \u00e2mbito, aplicando metodologias estabelecidas ao faz\u00ea-lo.<br>Por \u00faltimo, mas n\u00e3o menos importante, \u00e9 a considera\u00e7\u00e3o cuidadosa direccionada para o desempenho a longo prazo; s\u00f3 se consegue atrav\u00e9s de uma ades\u00e3o consistente \u00e0 recalibra\u00e7\u00e3o eficaz dos materiais escolhidos ap\u00f3s a realiza\u00e7\u00e3o de testes de envelhecimento acelerado; os factores de stress ambiental, tais como a exposi\u00e7\u00e3o a elementos exteriores, etc., fornecem informa\u00e7\u00f5es sobre os par\u00e2metros de tempo de vida esperados, com o objetivo final de proporcionar um maior valor para o consumidor.<\/p><h2 class=\"wp-block-heading\" id=\"implementation-and-feedback\">Implementa\u00e7\u00e3o e feedback:<\/h2><p>Depois de as novas pe\u00e7as de pl\u00e1stico terem sido desenvolvidas e testadas com sucesso, o passo seguinte deve ser a sua integra\u00e7\u00e3o numa aplica\u00e7\u00e3o ou produto. Deve monitorizar o desempenho enquanto recolhe o feedback dos utilizadores ou clientes, de modo a avaliar os n\u00edveis de satisfa\u00e7\u00e3o e identificar quaisquer melhorias ou modifica\u00e7\u00f5es necess\u00e1rias.<\/p><p>A Melhoria Cont\u00ednua \u00e9 uma pedra angular do desenvolvimento. Rever e modificar regularmente os processos de conce\u00e7\u00e3o e fabrico com base no feedback ou nas li\u00e7\u00f5es aprendidas para melhorar continuamente a efici\u00eancia, a fiabilidade e o desempenho das pe\u00e7as de pl\u00e1stico.<\/p><h2 class=\"wp-block-heading\" id=\"conclusion\"><strong>Conclus\u00e3o:<\/strong><\/h2><p>A produ\u00e7\u00e3o de novas pe\u00e7as de pl\u00e1stico requer um processo organizado e abrangente que envolve <a href=\"https:\/\/plasticmoulds.net\/developing-new-plastic-parts-a-comprehensive-guide.html\" target=\"_blank\" rel=\"noreferrer noopener\">v\u00e1rias etapas<\/a> desde a defini\u00e7\u00e3o dos requisitos at\u00e9 aos testes e ao controlo de qualidade. Ao trabalhar com profissionais experientes e<\/p><p>Seguindo estes passos, pode conceber com \u00eaxito novas pe\u00e7as de pl\u00e1stico que cumpram as aplica\u00e7\u00f5es pretendidas, oferecendo funcionalidade, durabilidade e fiabilidade nas suas aplica\u00e7\u00f5es. Envolva as partes interessadas, sempre que poss\u00edvel, para um envolvimento efetivo \u00e0 medida que valida os designs, selecciona materiais adequados para processos de fabrico que optimizam a produtividade, bem como implementa medidas robustas de garantia de qualidade, de modo a produzir pe\u00e7as de elevada qualidade que contribuem significativamente para o sucesso do projeto.<\/p>","protected":false},"excerpt":{"rendered":"<p>Develop new plastic parts requires taking an in-depth and systematic approach in order to guarantee successful design, manufacturing and implementation. From setting requirements through testing and quality control procedures &#8211; every stage plays an integral part. In this article we&#8217;ll go deeper into each stage of developing new plastic parts, providing insights and advice along [&hellip;]<\/p>\n","protected":false},"author":1,"featured_media":0,"parent":0,"menu_order":0,"comment_status":"open","ping_status":"open","template":"","meta":{"footnotes":""},"class_list":["post-10706","page","type-page","status-publish","hentry"],"blocksy_meta":[],"_links":{"self":[{"href":"https:\/\/www.plasticmoulds.net\/pt\/wp-json\/wp\/v2\/pages\/10706","targetHints":{"allow":["GET"]}}],"collection":[{"href":"https:\/\/www.plasticmoulds.net\/pt\/wp-json\/wp\/v2\/pages"}],"about":[{"href":"https:\/\/www.plasticmoulds.net\/pt\/wp-json\/wp\/v2\/types\/page"}],"author":[{"embeddable":true,"href":"https:\/\/www.plasticmoulds.net\/pt\/wp-json\/wp\/v2\/users\/1"}],"replies":[{"embeddable":true,"href":"https:\/\/www.plasticmoulds.net\/pt\/wp-json\/wp\/v2\/comments?post=10706"}],"version-history":[{"count":0,"href":"https:\/\/www.plasticmoulds.net\/pt\/wp-json\/wp\/v2\/pages\/10706\/revisions"}],"wp:attachment":[{"href":"https:\/\/www.plasticmoulds.net\/pt\/wp-json\/wp\/v2\/media?parent=10706"}],"curies":[{"name":"wp","href":"https:\/\/api.w.org\/{rel}","templated":true}]}}