{"id":10426,"date":"2023-03-26T17:09:53","date_gmt":"2023-03-26T09:09:53","guid":{"rendered":"https:\/\/plasticmoulds.net\/?p=10426"},"modified":"2023-07-16T19:34:01","modified_gmt":"2023-07-16T11:34:01","slug":"como-preparar-o-seu-pedido-de-orcamento-exato","status":"publish","type":"page","link":"https:\/\/www.plasticmoulds.net\/pt\/how-to-prepare-your-inquiry-for-a-precise-quote","title":{"rendered":"como preparar o seu pedido de or\u00e7amento exato"},"content":{"rendered":"<p>A sele\u00e7\u00e3o do fornecedor certo \u00e9 crucial quando se pretende desenvolver um novo produto de moldagem por inje\u00e7\u00e3o. Para garantir um projeto bem sucedido, antes de mais, \u00e9 importante preparar as perguntas certas e fornecer informa\u00e7\u00f5es detalhadas. Nesta publica\u00e7\u00e3o do blogue, iremos explicar-lhe os pontos-chave que deve discutir com o seu potencial fornecedor de moldagem por inje\u00e7\u00e3o.<\/p><div class=\"wp-block-columns is-layout-flex wp-container-core-columns-is-layout-28f84493 wp-block-columns-is-layout-flex\"><div class=\"wp-block-column is-layout-flow wp-block-column-is-layout-flow\" style=\"flex-basis:100%\"><div class=\"wp-block-group is-layout-constrained wp-block-group-is-layout-constrained\"><div class=\"wp-block-group is-layout-constrained wp-block-group-is-layout-constrained\"><ul class=\"wp-block-list\"><li>Desenho 3D ou amostras<\/li><li>Descri\u00e7\u00e3o do produto<\/li><li>Requisitos de material<\/li><li>Quantidade<\/li><li>Grau de retardador de chama<\/li><li>Cronograma de produ\u00e7\u00e3o.<\/li><li>Ficheiros CAD ou desenhos t\u00e9cnicos<\/li><li>Normas de qualidade<\/li><li>Requisitos de superf\u00edcie<\/li><li>Embalagem_e expedi\u00e7\u00e3o<\/li><li>Or\u00e7amento<\/li><li>Servi\u00e7os adicionais<\/li><\/ul><\/div><\/div><\/div><\/div><figure class=\"wp-block-image aligncenter size-full is-resized\"><a href=\"https:\/\/plasticmoulds.net\/wp-content\/uploads\/2022\/07\/17.png\"><img loading=\"lazy\" decoding=\"async\" src=\"https:\/\/plasticmoulds.net\/wp-content\/uploads\/2022\/07\/17.png\" alt=\"\" class=\"wp-image-7978\" width=\"353\" height=\"321\"\/><\/a><\/figure><h2 class=\"wp-block-heading\">Desenho 3D ou amostras<\/h2><ol class=\"wp-block-list\"><li><strong>Avalia\u00e7\u00e3o da conce\u00e7\u00e3o<\/strong>: Um desenho ou amostra 3D permite ao fabricante de moldagem por inje\u00e7\u00e3o avaliar o design da pe\u00e7a ou do produto. Podem avaliar factores como a complexidade, a espessura da parede, os cortes inferiores, os \u00e2ngulos de inclina\u00e7\u00e3o e outros elementos de conce\u00e7\u00e3o. Esta avalia\u00e7\u00e3o ajuda a determinar a viabilidade do fabrico da pe\u00e7a utilizando a moldagem por inje\u00e7\u00e3o e identifica eventuais problemas de conce\u00e7\u00e3o ou modifica\u00e7\u00f5es necess\u00e1rias para uma produ\u00e7\u00e3o bem sucedida.<\/li><li><strong>Considera\u00e7\u00f5es sobre ferramentas<\/strong>: A moldagem por inje\u00e7\u00e3o requer a cria\u00e7\u00e3o de moldes ou ferramentas, que s\u00e3o utilizados para formar as pe\u00e7as. Ao examinar o desenho 3D ou a amostra, o fabricante pode avaliar a complexidade da geometria da pe\u00e7a e determinar o tipo adequado de molde e de ferramenta necess\u00e1rios. Esta avalia\u00e7\u00e3o influencia o custo e o tempo envolvidos no fabrico dos moldes, o que tem um impacto direto no or\u00e7amento global.<\/li><li><strong>Estimativa dos par\u00e2metros de produ\u00e7\u00e3o:<\/strong> Or\u00e7amentos precisos para a moldagem por inje\u00e7\u00e3o envolvem a estimativa de v\u00e1rios par\u00e2metros de produ\u00e7\u00e3o, tais como o tempo de ciclo, o n\u00famero de cavidades no molde e o volume total de produ\u00e7\u00e3o. Ao examinar o desenho 3D ou a amostra, o fabricante pode avaliar estes factores com maior exatid\u00e3o, conduzindo a um or\u00e7amento mais preciso. Esta informa\u00e7\u00e3o \u00e9 essencial para calcular os custos de produ\u00e7\u00e3o e determinar a viabilidade do projeto.<\/li><li><strong>Garantia de qualidade:<\/strong> Com um desenho ou amostra em 3D, o fabricante de moldagem por inje\u00e7\u00e3o pode identificar antecipadamente quaisquer potenciais problemas de qualidade. Podem analisar caracter\u00edsticas como o acabamento da superf\u00edcie, a precis\u00e3o dimensional, as linhas de separa\u00e7\u00e3o e quaisquer outros requisitos espec\u00edficos. Isto ajuda a garantir que as pe\u00e7as finais fabricadas cumprem as especifica\u00e7\u00f5es e as normas de qualidade pretendidas.<\/li><\/ol><h2 class=\"wp-block-heading\" id=\"1-product-description\">Descri\u00e7\u00e3o do produto<\/h2><p>\u00c9 necess\u00e1rio informar o fabricante sobre o tipo de material pl\u00e1stico que pretende para o seu produto. E esta informa\u00e7\u00e3o inclui<strong><span style=\"background-color: var(--qubely-color-5);\" data=\"var(--qubely-color-5)\" class=\"qubely-text-has-bgcolor\"><span style=\"color: #14de32;\" data=\"#14de32\" class=\"qubely-text-has-color\"><em>as cores, o acabamento da superf\u00edcie e outros requisitos.<\/em><\/span><\/span><\/strong> E, por vezes, o fornecedor pode ajud\u00e1-lo a escolher o melhor material de que necessita, com base na sua experi\u00eancia. E com base no seu or\u00e7amento.<\/p><h2 class=\"wp-block-heading\" id=\"2-material-requirements\">Requisitos de material<\/h2><p>A primeira e mais importante informa\u00e7\u00e3o que os clientes t\u00eam de comunicar ao seu fabricante \u00e9 o material pl\u00e1stico de que necessitam. Existem muitos tipos de material pl\u00e1stico dispon\u00edveis no mercado. Cada um tem o seu car\u00e1cter. Alguns materiais s\u00e3o duros, outros s\u00e3o mais macios e alguns s\u00e3o utilizados para aplica\u00e7\u00f5es a altas temperaturas. Bem, outros s\u00e3o utilizados para aplica\u00e7\u00f5es a temperaturas muito baixas. Alguns componentes t\u00eam de ser utilizados com base numa exig\u00eancia especial, como a resist\u00eancia aos raios UV ou a exig\u00eancia de retardadores de chama. Por isso, o fabricante de moldes deve saber primeiro o que pretende.<\/p><ul class=\"wp-block-list\"><li><strong>Resistividade el\u00e9ctrica<\/strong>: Pl\u00e1stico de refor\u00e7o para isolamento e condutividade el\u00e9ctrica<\/li><li><strong>M\u00f3dulo de elasticidade<\/strong>: Libertando a rigidez e a resist\u00eancia dos materiais pl\u00e1sticos<\/li><li><strong>Densidade:<\/strong> Explorando o peso e a flutuabilidade em materiais pl\u00e1sticos<\/li><li><strong>Resist\u00eancia ao impacto<\/strong>: Fortificar o pl\u00e1stico contra for\u00e7as s\u00fabitas<\/li><\/ul><p><strong><em>Um caso<\/em><\/strong><\/p><ol class=\"has-light-green-cyan-background-color has-background wp-block-list\"><li class=\"has-medium-font-size\">Moldado por inje\u00e7\u00e3o de pl\u00e1stico<\/li><li class=\"has-medium-font-size\">Material: Policarbonato transparente, transparente quando moldado<\/li><li class=\"has-medium-font-size\">Volume aproximado: 59,2 cent\u00edmetros c\u00fabicos<\/li><li class=\"has-medium-font-size\">Peso aproximado: 70,5 g<\/li><li class=\"has-medium-font-size\">As caracter\u00edsticas correspondem aos ficheiros CAD 3D do n\u00famero de pe\u00e7a 11****** e da mesma revis\u00e3o.<\/li><li class=\"has-medium-font-size\">Quantidade:1000 unidades por lote<\/li><li class=\"has-medium-font-size\">As superf\u00edcies devem situar-se dentro da zona de toler\u00e2ncia geom\u00e9trica especificada a 20 graus Celsius.<\/li><li class=\"has-medium-font-size\">Flash m\u00e1ximo em superf\u00edcies 0,1 mm<\/li><li class=\"has-medium-font-size\">O material deve ter a classifica\u00e7\u00e3o UL de inflamabilidade 94V0, 94V1 ou 94V2<\/li><li class=\"has-medium-font-size\">Port\u00e3o e pino ejetor conforme necess\u00e1rio dentro da zona especificada. Ver as folhas 3 e 4 para as zonas.<\/li><\/ol><h2 class=\"wp-block-heading\" id=\"3-quantity\">Quantidade<\/h2><p>A quantidade de produtos que os clientes pretendem \u00e9 outro fator fundamental. O custo das ferramentas \u00e9 muito elevado. <strong>Assim, se se pretender uma grande produ\u00e7\u00e3o, o pre\u00e7o por unidade diminuir\u00e1 geralmente<\/strong>. Assim, o cliente tem de especificar a quantidade exacta de que necessita. Al\u00e9m disso, o cliente tem de indicar os requisitos espec\u00edficos de embalagem e etiqueta. Este fator ter\u00e1 um impacto no custo final.<\/p><h2 class=\"wp-block-heading\" id=\"4-flame-retardant-grade\">Grau de retardador de chama<\/h2><p>Se o produto for utilizado em ambientes com riscos acrescidos de seguran\u00e7a contra inc\u00eandios, \u00e9 vital que seja especificado o seu grau de retardador de chama. Os graus de retardador de chama variam muito, pelo que a sele\u00e7\u00e3o de um grau espec\u00edfico para a sua aplica\u00e7\u00e3o \u00e9 fundamental para selecionar uma solu\u00e7\u00e3o de material pl\u00e1stico bem sucedida.<\/p><p>Os clientes devem identificar o grau de retardador de chama pretendido, bem como quaisquer requisitos de seguran\u00e7a para a compra a fornecedores chineses. Se n\u00e3o tiverem a certeza, devem consultar-se para identificar uma solu\u00e7\u00e3o individualizada de retardador de chama adequada \u00e0s suas necessidades individuais.<\/p><ol class=\"wp-block-list\"><li><strong>UL 94 V-0<\/strong>: a classifica\u00e7\u00e3o mais elevada de retardador de chama para pl\u00e1sticos \uff0c auto-extingue-se em 10 segundos ap\u00f3s ser exposto a uma chama.<\/li><li><strong>UL 94 V-1<\/strong>Auto-extin\u00e7\u00e3o: auto-extin\u00e7\u00e3o em 30 segundos ap\u00f3s exposi\u00e7\u00e3o a uma chama. <\/li><li><strong>UL 94 V-2<\/strong>Auto-extin\u00e7\u00e3o: auto-extin\u00e7\u00e3o em 30 segundos ap\u00f3s exposi\u00e7\u00e3o a uma chama, pingos de chama que se deixam queimar at\u00e9 60 segundos.<\/li><li><strong>UL 94 5VA e 5VB<\/strong>: maior n\u00edvel de resist\u00eancia \u00e0 chama e resist\u00eancia ao gotejamento<\/li><li><strong>UL 94 HB<\/strong>: <\/li><\/ol><h2 class=\"wp-block-heading\" id=\"5-production-timeline\">Cronograma de produ\u00e7\u00e3o<\/h2><p>Os clientes devem indicar quaisquer requisitos especiais de prazos de produ\u00e7\u00e3o que tenham. Os prazos de entrega dos produtos moldados por inje\u00e7\u00e3o personalizados variam em fun\u00e7\u00e3o de numerosos factores, incluindo a complexidade do produto e as especifica\u00e7\u00f5es de tamanho\/forma\/material do molde.<\/p><p>Os clientes devem trabalhar em estreita colabora\u00e7\u00e3o com o seu fornecedor chin\u00eas para determinar um prazo de entrega \u00f3timo que satisfa\u00e7a as suas necessidades espec\u00edficas. Tenha em aten\u00e7\u00e3o que prazos de entrega mais curtos podem resultar em pre\u00e7os mais elevados devido \u00e0 necessidade de acelerar mais rapidamente os processos de fabrico.<\/p><h2 class=\"wp-block-heading\" id=\"6-cad-files-or-technical-drawings\">Ficheiros CAD ou desenhos t\u00e9cnicos<\/h2><p>A partilha de todos os ficheiros CAD ou desenhos t\u00e9cnicos dispon\u00edveis do seu produto \u00e9 vital para ajudar os fornecedores a or\u00e7amentar e planear os projectos com precis\u00e3o. Os clientes devem fornecer desenhos completos ou ficheiros CAD do artigo que pretendem - estes devem incluir todas as dimens\u00f5es pertinentes, bem como quaisquer requisitos ou prefer\u00eancias espec\u00edficas do design. \u00c9 prefer\u00edvel que os ficheiros criados atrav\u00e9s de software 3D como o IGES sejam formatados em formatos compat\u00edveis como o PRT.<\/p><p>Como parte da sua colabora\u00e7\u00e3o, os clientes devem trabalhar em estreita colabora\u00e7\u00e3o com o seu fornecedor chin\u00eas para garantir que a conce\u00e7\u00e3o do produto corresponde aos seus requisitos e toler\u00e2ncias espec\u00edficos. Para tal, os clientes devem comunicar quaisquer toler\u00e2ncias especiais ou especifica\u00e7\u00f5es funcionais que necessitem de cumprir para otimizar a conce\u00e7\u00e3o e a funcionalidade do produto.<\/p><h2 class=\"wp-block-heading\" id=\"7-quality-standards\">Normas de qualidade<\/h2><p>Informe o fornecedor se o seu produto tiver de cumprir normas de qualidade ou certifica\u00e7\u00f5es espec\u00edficas. Isto assegurar\u00e1 que o produto cumpre as normas exigidas.<\/p><p>Os fornecedores devem ser informados de <strong>como as pe\u00e7as s\u00e3o montadas<\/strong>, de prefer\u00eancia com desenhos ou fotografias de montagem, juntamente com <strong>requisitos para dimens\u00f5es-chave<\/strong> e <strong>notifica\u00e7\u00e3o das normas de qualidade do fornecedor.<\/strong><\/p><h2 class=\"wp-block-heading\" id=\"8-surface-requirements\">Requisitos de superf\u00edcie<\/h2><p>O acabamento da superf\u00edcie de um produto pode ser fundamental para o seu aspeto e funcionalidade. Os clientes devem especificar quaisquer requisitos de superf\u00edcie espec\u00edficos, tais como um acabamento brilhante ou um acabamento mate.<\/p><p>\u00c9 igualmente importante especificar quaisquer requisitos espec\u00edficos de texturiza\u00e7\u00e3o ou grava\u00e7\u00e3o, uma vez que estes podem ter um impacto significativo no aspeto e na funcionalidade do produto. Os clientes devem trabalhar com o seu fornecedor chin\u00eas para determinar o melhor acabamento de superf\u00edcie para as suas necessidades espec\u00edficas.<\/p><h2 class=\"wp-block-heading\" id=\"9-packaging-and-shipping\">Embalagem e expedi\u00e7\u00e3o<\/h2><p>No que respeita \u00e0 embalagem e expedi\u00e7\u00e3o do seu produto, \u00e9 essencial comunicar claramente as suas prefer\u00eancias ao seu fornecedor. Isto assegurar\u00e1 que o seu produto chega ao destino em boas condi\u00e7\u00f5es e a tempo. N\u00e3o se esque\u00e7a de descrever o seu m\u00e9todo de embalagem preferido, como <strong>Carga MAX, embalagem interior<\/strong>e quaisquer requisitos de envio, como o destino, o prazo ou as prefer\u00eancias do fornecedor de servi\u00e7os de envio.<\/p><h2 class=\"wp-block-heading\" id=\"10-budget\">Or\u00e7amento<\/h2><p>Al\u00e9m disso, se tiver um or\u00e7amento espec\u00edfico para o projeto, \u00e9 importante partilhar essa informa\u00e7\u00e3o com o fornecedor. Isto ir\u00e1 <strong>ajud\u00e1-los a apresentar-lhe um or\u00e7amento adequado \u00e0s suas limita\u00e7\u00f5es financeiras. <\/strong>Poder\u00e1 tamb\u00e9m necessitar de servi\u00e7os adicionais, tais como montagem, opera\u00e7\u00f5es p\u00f3s-moldagem ou tratamentos de superf\u00edcie. N\u00e3o se esque\u00e7a de informar o seu fornecedor se necessitar de algum destes servi\u00e7os, para que ele possa planear e apresentar um or\u00e7amento para esses servi\u00e7os.<\/p><h2 class=\"wp-block-heading\" id=\"11-additional-services\">Servi\u00e7os adicionais<\/h2><p>Os servi\u00e7os adicionais de moldagem por inje\u00e7\u00e3o podem incluir opera\u00e7\u00f5es p\u00f3s-moldagem, tais como montagem, impress\u00e3o em seda, decora\u00e7\u00e3o, embalagem e rotulagem. Outros servi\u00e7os podem envolver a manuten\u00e7\u00e3o do molde, a modifica\u00e7\u00e3o do molde e o retrabalho do molde. Algumas empresas de moldagem por inje\u00e7\u00e3o podem tamb\u00e9m oferecer servi\u00e7os de valor acrescentado, tais como apoio de engenharia, assist\u00eancia na sele\u00e7\u00e3o de materiais e gest\u00e3o de projectos.<\/p><h2 class=\"wp-block-heading\" id=\"12-contact-information\">Informa\u00e7\u00f5es de contacto<\/h2><p>Por \u00faltimo, indique o seu nome completo, nome da empresa, endere\u00e7o de correio eletr\u00f3nico, n\u00famero de telefone e m\u00e9todo de comunica\u00e7\u00e3o preferido para garantir que o fornecedor o possa contactar e mant\u00ea-lo informado sobre o progresso do seu projeto. Lembre-se de que uma comunica\u00e7\u00e3o clara e fazer as perguntas certas s\u00e3o cruciais para um projeto bem sucedido. <\/p><h2 class=\"wp-block-heading\" id=\"13-take-away\">Retirar<\/h2><p>Em conclus\u00e3o, fornecer ao seu fornecedor de moldagem por inje\u00e7\u00e3o <strong><em>informa\u00e7\u00f5es pormenorizadas sobre o seu produto, requisitos de material, calend\u00e1rio de produ\u00e7\u00e3o, normas de qualidade, requisitos de embalagem e expedi\u00e7\u00e3o, or\u00e7amento e informa\u00e7\u00f5es de contacto<\/em><\/strong> \u00e9 fundamental para o \u00eaxito do seu projeto. N\u00e3o se esque\u00e7a de fazer as perguntas certas e de esclarecer quaisquer preocupa\u00e7\u00f5es que possa ter. Um bom fornecedor ter\u00e1 todo o gosto em trabalhar consigo para garantir o \u00eaxito do seu projeto.<\/p>","protected":false},"excerpt":{"rendered":"<p>Selecting the right supplier is crucial when you want to develope a new injection molding product. To ensure a successful project, first of important,it\u2019s important to prepare the right questions and provide detailed information. In this blog post, we\u2019ll walk you through the key points you need to discuss with your potential injection molding supplier.3D [&hellip;]<\/p>\n","protected":false},"author":11,"featured_media":0,"parent":0,"menu_order":0,"comment_status":"open","ping_status":"open","template":"","meta":{"footnotes":""},"class_list":["post-10426","page","type-page","status-publish","hentry"],"blocksy_meta":[],"_links":{"self":[{"href":"https:\/\/www.plasticmoulds.net\/pt\/wp-json\/wp\/v2\/pages\/10426","targetHints":{"allow":["GET"]}}],"collection":[{"href":"https:\/\/www.plasticmoulds.net\/pt\/wp-json\/wp\/v2\/pages"}],"about":[{"href":"https:\/\/www.plasticmoulds.net\/pt\/wp-json\/wp\/v2\/types\/page"}],"author":[{"embeddable":true,"href":"https:\/\/www.plasticmoulds.net\/pt\/wp-json\/wp\/v2\/users\/11"}],"replies":[{"embeddable":true,"href":"https:\/\/www.plasticmoulds.net\/pt\/wp-json\/wp\/v2\/comments?post=10426"}],"version-history":[{"count":0,"href":"https:\/\/www.plasticmoulds.net\/pt\/wp-json\/wp\/v2\/pages\/10426\/revisions"}],"wp:attachment":[{"href":"https:\/\/www.plasticmoulds.net\/pt\/wp-json\/wp\/v2\/media?parent=10426"}],"curies":[{"name":"wp","href":"https:\/\/api.w.org\/{rel}","templated":true}]}}