{"id":10029,"date":"2022-12-28T17:57:45","date_gmt":"2022-12-28T09:57:45","guid":{"rendered":"https:\/\/plasticmoulds.net\/?p=10029"},"modified":"2023-07-16T19:50:01","modified_gmt":"2023-07-16T11:50:01","slug":"desvendar-o-segredo-da-poupanca-de-custos-e-da-producao-de-qualidade-porque-e-que-as-empresas-subcontratam-a-moldagem-por-injecao-a-china","status":"publish","type":"page","link":"https:\/\/www.plasticmoulds.net\/pt\/unlock-the-secret-to-cost-savings-and-quality-production-why-companies-outsource-injection-molding-to-china","title":{"rendered":"Porque \u00e9 que as empresas subcontratam a moldagem por inje\u00e7\u00e3o na China!"},"content":{"rendered":"<p><mark>O neg\u00f3cio \u00e9 tudo<\/mark> sobre a redu\u00e7\u00e3o de custos. H\u00e1 sempre uma procura de formas de poupar dinheiro e aumentar os lucros em todas as empresas, independentemente da sua dimens\u00e3o. O m\u00e9todo mais comum para o fazer atualmente \u00e9 a externaliza\u00e7\u00e3o.<\/p><p>Cada vez mais, as empresas est\u00e3o a externalizar a sua produ\u00e7\u00e3o para f\u00e1bricas chinesas devido ao seu ritmo acelerado, efici\u00eancia e pre\u00e7os baixos. A produ\u00e7\u00e3o de que necessitam a um pre\u00e7o que podem pagar foi mesmo externalizada para a China por empresas americanas.<\/p><h2 class=\"wp-block-heading\">Custos de moldagem por inje\u00e7\u00e3o na China<\/h2><p><mark>Com<\/mark>Comparativamente a outros pa\u00edses, a China tem custos de m\u00e3o de obra e de mat\u00e9rias-primas mais baixos, o que constitui uma das raz\u00f5es pelas quais as empresas subcontratam a moldagem por inje\u00e7\u00e3o. A rentabilidade pode ser aumentada atrav\u00e9s da redu\u00e7\u00e3o dos custos de produ\u00e7\u00e3o. <\/p><p>As empresas especializadas na produ\u00e7\u00e3o de grandes volumes e que procuram reduzir os custos s\u00e3o particularmente suscept\u00edveis de beneficiar desta situa\u00e7\u00e3o. A grande popula\u00e7\u00e3o da China tamb\u00e9m significa que existe uma m\u00e3o de obra prontamente dispon\u00edvel que pode satisfazer as necessidades da sua empresa. Este facto pode ajudar a reduzir os custos de forma\u00e7\u00e3o e a aumentar a produtividade.<\/p><h2 class=\"wp-block-heading\">Qualidade dos fornecedores chineses<\/h2><p>Muitas empresas chinesas investiram em equipamento de fabrico avan\u00e7ado e formaram os seus empregados nas mais recentes t\u00e9cnicas de fabrico, o que pode ajudar a melhorar a qualidade dos seus produtos. A China tamb\u00e9m investiu fortemente em investiga\u00e7\u00e3o e desenvolvimento, o que significa que muitas empresas chinesas t\u00eam acesso a tecnologias avan\u00e7adas que as podem ajudar a produzir produtos mais inovadores. Isto \u00e9 especialmente verdade para as empresas que se especializam no fabrico de alta tecnologia, como a ind\u00fastria aeroespacial, a eletr\u00f3nica e o equipamento m\u00e9dico.<\/p><h2 class=\"wp-block-heading\">Capacidade de moldagem por inje\u00e7\u00e3o<\/h2><p>A China tem um sector industrial bem desenvolvido - com uma grande reserva de m\u00e3o de obra qualificada. Este facto pode aumentar a capacidade e satisfazer a procura de produ\u00e7\u00e3o em massa. Nos \u00faltimos anos, a China tem feito um esfor\u00e7o para melhorar a sua m\u00e3o de obra. Isto levou a que mais trabalhadores qualificados entrassem no mercado de trabalho, o que pode aumentar a produtividade.<\/p><p>A China tem tamb\u00e9m um grande n\u00famero de universidades e escolas t\u00e9cnicas que produzem licenciados em \u00e1reas relacionadas com a engenharia e a ci\u00eancia, como a engenharia, os materiais, a ind\u00fastria aeroespacial ou a eletr\u00f3nica.<\/p><h2 class=\"wp-block-heading\">Prazos de entrega:<\/h2><p>A externaliza\u00e7\u00e3o para a China pode frequentemente conduzir a prazos de entrega mais curtos em compara\u00e7\u00e3o com o fabrico nacional, gra\u00e7as \u00e0s infra-estruturas bem desenvolvidas e ao facto de a China estar localizada mais perto de muitos dos principais mercados da \u00c1sia. <\/p><p>A rapidez do processo de fabrico chin\u00eas tamb\u00e9m \u00e9 importante; muitas f\u00e1bricas chinesas podem produzir produtos em apenas algumas semanas. Isto pode ser particularmente \u00fatil para as empresas que pretendem lan\u00e7ar novos produtos ou introduzir linhas sazonais, garantindo um fornecimento suficiente antes da data de lan\u00e7amento.<\/p><h2 class=\"wp-block-heading\">Experi\u00eancia na ind\u00fastria de moldagem por inje\u00e7\u00e3o da China:<\/h2><p>Os fornecedores chineses possuem uma vasta experi\u00eancia no sector da produ\u00e7\u00e3o, apresentando uma gama completa de servi\u00e7os, incluindo conce\u00e7\u00e3o, prototipagem, cria\u00e7\u00e3o de moldes, moldagem por inje\u00e7\u00e3o e montagem. A sua experi\u00eancia pr\u00e1tica \u00e9 particularmente valiosa para as empresas novatas que procuram uma f\u00e1brica que lhes possa dar orienta\u00e7\u00e3o. Al\u00e9m disso, muitos fornecedores chineses possuem liga\u00e7\u00f5es estabelecidas com fornecedores locais, o que lhes permite ligar os clientes a f\u00e1bricas especializadas em servi\u00e7os como embalagem e expedi\u00e7\u00e3o.<\/p><hr class=\"wp-block-separator has-alpha-channel-opacity\"\/><p>Eis um guia passo a passo sobre o processo de moldagem por inje\u00e7\u00e3o:<\/p><ol class=\"wp-block-list\"><li>Projetar o molde: Isto envolve a cria\u00e7\u00e3o de um modelo 3D (softwares de design: solidworks, ug, pro-e...) do produto e do molde, tendo em conta factores como o material (PP, PE, ABS, PA...), a espessura da parede, o tamanho da porta e o tempo de arrefecimento.<\/li><li>Fabricar o molde: O molde \u00e9 normalmente feito de a\u00e7o ou alum\u00ednio e deve ser fabricado de acordo com especifica\u00e7\u00f5es precisas. Uma lista de a\u00e7os para moldes de pl\u00e1stico com dureza:\n<ul class=\"wp-block-list\"><li>A\u00e7o P20 - 28-32 HRc<\/li><li>A\u00e7o 420 - 48-52 HRc<\/li><li>A\u00e7o H13 - 48-52 HRc<\/li><li>A\u00e7o S7 - 45-49 HRc<\/li><li>A\u00e7o NAK55 - 50-55 HRc<\/li><li>A\u00e7o NAK80 - 38-43 HRc<\/li><li>A\u00e7o DC53 - 50-58 HRc<\/li><li>A\u00e7o A2 - 60-64 HRc<\/li><li>A\u00e7o D2 - 60-64 HRc<\/li><li>Nota: HRc refere-se \u00e0 escala de dureza Rockwell, que mede a dureza de um material.<\/li><\/ul><\/li><li>Instalar o molde: O molde \u00e9 montado na m\u00e1quina de moldagem por inje\u00e7\u00e3o e fixado entre 2 placas na m\u00e1quina.<\/li><li>Carregar o material pl\u00e1stico: O material pl\u00e1stico \u00e9 carregado na tremonha da m\u00e1quina de moldagem por inje\u00e7\u00e3o atrav\u00e9s da gravidade e algumas tremonhas experimentam o material pl\u00e1stico enquanto a moldagem por inje\u00e7\u00e3o est\u00e1 ligada.<\/li><li>Derreter o pl\u00e1stico: O material pl\u00e1stico \u00e9 derretido por calor e press\u00e3o dentro do cilindro da m\u00e1quina de moldagem por inje\u00e7\u00e3o.<\/li><li>Injetar o pl\u00e1stico no molde: O pl\u00e1stico derretido entra no molde atrav\u00e9s do bocal e do jito sob alta press\u00e3o e passa pelo corredor, pelo port\u00e3o e depois preenche as cavidades do molde.<\/li><li>Arrefecer e solidificar: O molde \u00e9 arrefecido para permitir que o pl\u00e1stico solidifique no interior da cavidade do molde durante algum tempo e, na maioria das vezes, o tempo de arrefecimento seria 2\/3 do per\u00edodo total do ciclo.<\/li><li>Abrir o molde: O molde \u00e9 aberto e o produto moldado \u00e9 removido do molde, depois o molde \u00e9 fechado e o pr\u00f3ximo ciclo come\u00e7a.<\/li><\/ol><p>Ferramentas e materiais necess\u00e1rios: M\u00e1quina de moldagem por inje\u00e7\u00e3o, molde, material pl\u00e1stico, m\u00e1quina de secagem, controlador de temperatura (para exig\u00eancias muito elevadas e muito frias de moldagem por inje\u00e7\u00e3o)<\/p><p>A pe\u00e7a moldada pode sofrer de v\u00e1rios problemas, incluindo excesso de material nas extremidades (<strong>Flash<\/strong>), o que pode resultar numa estrutura enfraquecida. <strong>Deforma\u00e7\u00e3o ou distor\u00e7\u00e3o<\/strong> pode ocorrer quando a pe\u00e7a moldada n\u00e3o mant\u00e9m a sua forma ou tamanho devido a um arrefecimento desigual. <strong>Manchas negras<\/strong> na pe\u00e7a moldada s\u00e3o o resultado de um processamento deficiente do material ou de contamina\u00e7\u00e3o. <strong>Mau acabamento da superf\u00edcie<\/strong>A rugosidade, caracterizada por uma textura ou rugosidade irregular, pode ser causada por uma conce\u00e7\u00e3o inadequada do molde ou por uma sele\u00e7\u00e3o incorrecta do material. <strong>Marcas de afundamento<\/strong>As reentr\u00e2ncias na pe\u00e7a moldada podem ser causadas por um enchimento incorreto do molde ou por press\u00e3o insuficiente durante a moldagem. Al\u00e9m disso, a pe\u00e7a moldada pode tornar-se <strong>dif\u00edcil de ejetar<\/strong>, provocando paragens de produ\u00e7\u00e3o e custos acrescidos, ou pode ficar danificado durante a eje\u00e7\u00e3o.<\/p><p>A import\u00e2ncia das medidas de seguran\u00e7a n\u00e3o pode ser exagerada no processo de moldagem por inje\u00e7\u00e3o. Para evitar les\u00f5es, os trabalhadores devem utilizar <strong>equipamento de prote\u00e7\u00e3o, como luvas e \u00f3culos de seguran\u00e7a<\/strong> uma vez que o pl\u00e1stico derretido atinge temperaturas extremamente elevadas, por vezes at\u00e9 300 graus, e tem o potencial de salpicar. \u00c9 fundamental que os operadores recebam forma\u00e7\u00e3o adequada sobre procedimentos de funcionamento seguros.<\/p><h2 class=\"wp-block-heading\">Para levar<\/h2><p>\u00c9 importante considerar cuidadosamente todos os factores envolvidos na externaliza\u00e7\u00e3o para a China, incluindo a log\u00edstica, os custos de transporte e o potencial impacto na sua cadeia de abastecimento. <\/p><p>Trabalhar com um parceiro de sourcing reputado e experiente tamb\u00e9m pode ajudar a garantir uma experi\u00eancia de externaliza\u00e7\u00e3o tranquila e bem sucedida.<\/p>","protected":false},"excerpt":{"rendered":"<p>Business is all about cutting costs. There is always a search for ways to save money and increase profits in every business, regardless of its size. The most common method of doing this today is outsourcing.Increasingly, companies are outsourcing their manufacturing to Chinese factories due to their fast pace, efficiency, and low prices. The production [&hellip;]<\/p>\n","protected":false},"author":11,"featured_media":0,"parent":0,"menu_order":0,"comment_status":"open","ping_status":"open","template":"","meta":{"footnotes":""},"class_list":["post-10029","page","type-page","status-publish","hentry"],"blocksy_meta":{"styles_descriptor":{"styles":{"desktop":"","tablet":"","mobile":""},"google_fonts":[],"version":6}},"_links":{"self":[{"href":"https:\/\/www.plasticmoulds.net\/pt\/wp-json\/wp\/v2\/pages\/10029","targetHints":{"allow":["GET"]}}],"collection":[{"href":"https:\/\/www.plasticmoulds.net\/pt\/wp-json\/wp\/v2\/pages"}],"about":[{"href":"https:\/\/www.plasticmoulds.net\/pt\/wp-json\/wp\/v2\/types\/page"}],"author":[{"embeddable":true,"href":"https:\/\/www.plasticmoulds.net\/pt\/wp-json\/wp\/v2\/users\/11"}],"replies":[{"embeddable":true,"href":"https:\/\/www.plasticmoulds.net\/pt\/wp-json\/wp\/v2\/comments?post=10029"}],"version-history":[{"count":0,"href":"https:\/\/www.plasticmoulds.net\/pt\/wp-json\/wp\/v2\/pages\/10029\/revisions"}],"wp:attachment":[{"href":"https:\/\/www.plasticmoulds.net\/pt\/wp-json\/wp\/v2\/media?parent=10029"}],"curies":[{"name":"wp","href":"https:\/\/api.w.org\/{rel}","templated":true}]}}