{"id":948,"date":"2018-01-09T11:39:35","date_gmt":"2018-01-09T03:39:35","guid":{"rendered":"https:\/\/plasticmoulds.net\/?page_id=948"},"modified":"2021-11-18T17:32:05","modified_gmt":"2021-11-18T09:32:05","slug":"fare-stampi-ad-iniezione-di-plastica-cina","status":"publish","type":"page","link":"https:\/\/www.plasticmoulds.net\/it\/make-plastic-injection-molds-china","title":{"rendered":"Perch\u00e9 e come realizzare stampi a iniezione di plastica in Cina"},"content":{"rendered":"<h2>Perch\u00e9 produrre stampi a iniezione di plastica in Cina?<\/h2><p>Molti partono dal presupposto che gli stampi per iniezione plastica cinesi siano di scarsa qualit\u00e0. Tuttavia, un gran numero di aziende, comprese le multinazionali, sceglie ancora di acquistare questi stampi. Significa che queste aziende sono ingenue o che stanno commettendo un errore? Ovviamente no. Infatti, i produttori cinesi di stampi a iniezione sono in grado di realizzare alcuni dei migliori stampi sul mercato, a un prezzo molto pi\u00f9 basso di quello offerto dalle aziende europee e americane.<\/p><p><a href=\"https:\/\/plasticmoulds.net\/wp-content\/uploads\/2018\/01\/plastic_mould-3_1_2_kivink_tkmmzi.jpg\"><img loading=\"lazy\" decoding=\"async\" class=\"alignnone wp-image-903 size-full\" src=\"https:\/\/plasticmoulds.net\/wp-content\/uploads\/2018\/01\/plastic_mould-3_1_2_kivink_tkmmzi.jpg\" alt=\"Cina stampo in plastica\" width=\"720\" height=\"552\" srcset=\"https:\/\/www.plasticmoulds.net\/wp-content\/uploads\/2018\/01\/plastic_mould-3_1_2_kivink_tkmmzi.jpg 720w, https:\/\/www.plasticmoulds.net\/wp-content\/uploads\/2018\/01\/plastic_mould-3_1_2_kivink_tkmmzi-300x230.jpg 300w\" sizes=\"auto, (max-width: 720px) 100vw, 720px\" \/><\/a><\/p><p>&nbsp;<\/p><p>In tutta la Cina, l'industria della produzione di stampi a iniezione per materie plastiche sta crescendo a dismisura. Non solo hanno le competenze necessarie per produrre stampi a iniezione di qualit\u00e0 superiore, ma possiedono anche un'eccellente conoscenza dell'inglese. Ci\u00f2 si estende anche ai reparti marketing: la maggior parte dei venditori di stampi cinesi ha una forte padronanza del disegno CAD e la capacit\u00e0 di scegliere i materiali giusti. Ci\u00f2 consente loro di accelerare il processo di comunicazione tra gli ingegneri del partner e il cliente.<\/p><p>Quando si realizza un nuovo stampo a iniezione di plastica, il processo inizia solitamente con un disegno 3D del prodotto. Sulla base di tale disegno, gli ingegneri possono decidere come realizzare lo stampo, pensando ad aspetti quali le dimensioni e la struttura dello stampo, il materiale e il modo per mantenere il costo il pi\u00f9 basso possibile, il tutto tenendo conto delle esigenze del cliente. La nostra fabbrica collabora da anni con diverse aziende europee e americane, quindi non dovete fare altro che inviarci i vostri disegni: saremo lieti di effettuare un test per mostrarvi cosa abbiamo da offrire.<\/p><p>La produzione di stampi \u00e8 presente in Cina da oltre 30 anni, il che significa che oggi operano numerosi produttori di alta qualit\u00e0. Molti possiedono le stesse competenze e la stessa esperienza delle loro controparti occidentali. Sebbene possano essere pagati solo circa 60% di quanto potrebbero guadagnare facendo lo stesso lavoro negli Stati Uniti, produrranno comunque stampi di alta qualit\u00e0 su cui potrete fare affidamento.<\/p><h2>Come scegliere un fornitore cinese di stampi a iniezione?<\/h2><p>Il motivo principale per cui molti clienti statunitensi ed europei si rivolgono alla Cina per gli stampi a iniezione di plastica \u00e8 che la loro produzione \u00e8 molto pi\u00f9 economica. Tuttavia, il prezzo non dovrebbe essere l'unico aspetto da considerare; per essere certi che l'azienda scelta svolga un lavoro accurato nella realizzazione dello stampo, \u00e8 necessario considerare anche i seguenti aspetti.<\/p><ul><li>Referenze di clienti precedenti<\/li><li>&nbsp;Qualit\u00e0 dell'acciaio per utensili utilizzato<\/li><li>Standard della loro fabbrica e delle loro attrezzature<\/li><li>Controllo qualit\u00e0 e processi di convalida<\/li><li>Esperienza: l'ideale sarebbe trovare un'azienda che sappia davvero cosa sta facendo.<\/li><li>Capacit\u00e0: saranno in grado di gestire l'intero progetto internamente o di esternalizzarne alcune parti?<\/li><li>Capacit\u00e0 attuale<\/li><li>Sono in grado di servire adeguatamente i clienti internazionali?<\/li><\/ul><p><a href=\"https:\/\/plasticmoulds.net\/wp-content\/uploads\/2018\/01\/china-plastic-molding_crbyqu.png\"><img loading=\"lazy\" decoding=\"async\" class=\"alignnone wp-image-910 size-full\" src=\"https:\/\/plasticmoulds.net\/wp-content\/uploads\/2018\/01\/china-plastic-molding_crbyqu.png\" alt=\"Cina stampaggio ad iniezione\" width=\"700\" height=\"454\" srcset=\"https:\/\/www.plasticmoulds.net\/wp-content\/uploads\/2018\/01\/china-plastic-molding_crbyqu.png 700w, https:\/\/www.plasticmoulds.net\/wp-content\/uploads\/2018\/01\/china-plastic-molding_crbyqu-300x195.png 300w\" sizes=\"auto, (max-width: 700px) 100vw, 700px\" \/><\/a><\/p><h2>Come posso trovare un buon stampista cinese?<\/h2><p>In Cina esistono moltissimi produttori di stampi, quindi \u00e8 necessario prendere la decisione giusta quando si sceglie uno di essi. A volte pu\u00f2 essere necessario un po' di tempo, ma a lungo andare ne vale la pena. Ma se nel mondo occidentale \u00e8 facile trovare negozi di stampi rinomati, in realt\u00e0 in Cina le cose non sono molto pi\u00f9 difficili. Tutto ci\u00f2 che dovete ricordare \u00e8 che i prezzi bassi di solito sono bassi per un motivo: perch\u00e9 compromettono la qualit\u00e0. Ottenere uno stampo di buona qualit\u00e0 \u00e8 pi\u00f9 importante che ottenerne uno economico, quindi partecipare a una prova stampo \u00e8 un'idea intelligente. Se il costo del viaggio in Cina \u00e8 troppo alto, anche un video di campionamento \u00e8 sempre un'opzione.<\/p><p>Si consiglia inoltre di leggere attentamente i termini e le condizioni forniti con ogni preventivo e, soprattutto, le clausole di garanzia. La qualit\u00e0 degli stampi cinesi \u00e8 in continuo miglioramento, ma il cliente dovr\u00e0 comunque supervisionare attentamente il processo di progettazione e produzione per assicurarsi di ottenere esattamente ci\u00f2 di cui ha bisogno.<\/p>","protected":false},"excerpt":{"rendered":"<p>Why Make Plastic Injection Molds in China?Many people assume that Chinese plastic injection molds are going to be of poor quality. However, a huge number of companies- including multinational corporations- still choose to buy such molds. Does that mean these companies are naive or making a mistake? Of course not. In fact, Chinese injection mold [&hellip;]<\/p>\n","protected":false},"author":11,"featured_media":0,"parent":0,"menu_order":0,"comment_status":"closed","ping_status":"closed","template":"","meta":{"footnotes":""},"class_list":["post-948","page","type-page","status-publish","hentry"],"blocksy_meta":{"styles_descriptor":{"styles":{"desktop":"","tablet":"","mobile":""},"google_fonts":[],"version":6}},"_links":{"self":[{"href":"https:\/\/www.plasticmoulds.net\/it\/wp-json\/wp\/v2\/pages\/948","targetHints":{"allow":["GET"]}}],"collection":[{"href":"https:\/\/www.plasticmoulds.net\/it\/wp-json\/wp\/v2\/pages"}],"about":[{"href":"https:\/\/www.plasticmoulds.net\/it\/wp-json\/wp\/v2\/types\/page"}],"author":[{"embeddable":true,"href":"https:\/\/www.plasticmoulds.net\/it\/wp-json\/wp\/v2\/users\/11"}],"replies":[{"embeddable":true,"href":"https:\/\/www.plasticmoulds.net\/it\/wp-json\/wp\/v2\/comments?post=948"}],"version-history":[{"count":0,"href":"https:\/\/www.plasticmoulds.net\/it\/wp-json\/wp\/v2\/pages\/948\/revisions"}],"wp:attachment":[{"href":"https:\/\/www.plasticmoulds.net\/it\/wp-json\/wp\/v2\/media?parent=948"}],"curies":[{"name":"wp","href":"https:\/\/api.w.org\/{rel}","templated":true}]}}