{"id":8952,"date":"2022-11-01T15:15:00","date_gmt":"2022-11-01T07:15:00","guid":{"rendered":"https:\/\/plasticmoulds.net\/?p=8952"},"modified":"2022-11-02T12:35:07","modified_gmt":"2022-11-02T04:35:07","slug":"produzione-a-contratto-in-cina-non-sei-lunico-a-pensarci","status":"publish","type":"page","link":"https:\/\/www.plasticmoulds.net\/it\/china-contract-manufacturing-youre-not-the-only-one-to-think-of-it","title":{"rendered":"Produzione su commessa in Cina: Non siete gli unici a pensarci."},"content":{"rendered":"<figure class=\"wp-block-image aligncenter size-full is-resized\"><a href=\"https:\/\/plasticmoulds.net\/wp-content\/uploads\/2022\/07\/16.png\"><img loading=\"lazy\" decoding=\"async\" src=\"https:\/\/plasticmoulds.net\/wp-content\/uploads\/2022\/07\/16.png\" alt=\"\" class=\"wp-image-7977\" width=\"483\" height=\"497\"\/><\/a><\/figure><p>E se state pensando alla produzione su commessa in Cina, probabilmente non siete i soli in questa ricerca. Ma non disperate! Abbiamo alcuni consigli che vi aiuteranno a fare in modo che la vostra esperienza di produzione su commessa in Cina si svolga senza problemi.<\/p><p><a href=\"https:\/\/plasticmoulds.net\/china-injection-molding-company\" target=\"_blank\" rel=\"noreferrer noopener\">Produzione a contratto in Cina<\/a> \u00e8 un'opzione interessante per le aziende che desiderano espandere la propria attivit\u00e0. Il Paese ha una forte base manifatturiera e i suoi lavoratori sono noti per le loro competenze e la loro efficienza. Inoltre, il Paese ospita numerosi partner commerciali, il che significa che \u00e8 facile concludere accordi commerciali e spedire prodotti attraverso i porti cinesi.<\/p><div class=\"wp-block-group is-layout-flow wp-block-group-is-layout-flow\"><div class=\"wp-block-qubely-table-of-contents qubely-block-67fbdd qubely-block-table-of-contents qubely-align-left\" data-qubelyanimation=\"{&quot;animation&quot;:&quot;bounce&quot;,&quot;name&quot;:&quot;bounceCenter&quot;,&quot;repeat&quot;:&quot;once&quot;,&quot;direction&quot;:&quot;Center&quot;,&quot;duration&quot;:1000,&quot;delay&quot;:0,&quot;curve&quot;:&quot;ease-in-out&quot;,&quot;openAnimation&quot;:1}\"><div class=\"qubely-table-of-contents\" data-scroll-offset=\"20\"><div class=\"qubely-table-of-contents-header qubely-toc-header-frontend qubely-justify-between\"><div class=\"qubely-table-of-contents-heading\"><div class=\"title\">Indice dei contenuti<\/div><\/div><\/div><div class=\"qubely-table-of-contents-body\"><ol class=\"ordered-list\"><li><a href=\"#1-ensure-that-you-hire-the-right-person-or-company\">Assicurarsi di assumere la persona o l'azienda giusta<\/a><\/li><li><a href=\"#2-some-things-inside-\">Alcune cose all'interno <\/a><ol class=\"child-list\"><li><a href=\"#3-detailed-bill-of-materials-bom\">Distinta base dettagliata (BOM)<\/a><\/li><li><a href=\"#4-pricing-provisions\">Disposizioni sui prezzi<\/a><\/li><li><a href=\"#5-quality-standards\">Standard di qualit\u00e0<\/a><\/li><li><a href=\"#6-packaging-and-labeling\">Imballaggio ed etichettatura<\/a><\/li><li><a href=\"#7-intellectual-property\">Propriet\u00e0 intellettuale<\/a><\/li><li><a href=\"#8-quality-requirements-and-product-warranty\">Requisiti di qualit\u00e0 e garanzia del prodotto<\/a><\/li><li><a href=\"#9-who-is-owner\">Chi \u00e8 il proprietario<\/a><\/li><li><a href=\"#10-dispute-resolution\">Risoluzione delle controversie<\/a><\/li><\/ol><\/li><li><a href=\"#11-takeaway\">Da qui il risultato:<\/a><\/li><\/ol><\/div><a href=\"#\" class=\"qubely-back-to-top-button fas fa-angle-up\"><\/a><\/div><\/div><\/div><p>Tuttavia, se state valutando la produzione a contratto in Cina come un modo per far crescere rapidamente la vostra attivit\u00e0, ci sono alcune cose che dovete sapere prima di immergervi. In questo post del blog, tratteremo alcune delle considerazioni pi\u00f9 importanti da fare prima di iniziare a lavorare con un appaltatore in Cina.<\/p><h2 class=\"wp-block-heading\" id=\"1-ensure-that-you-hire-the-right-person-or-company\">Assicurarsi di assumere la persona o l'azienda giusta<\/h2><p>Il primo passo nel processo di produzione a contratto in Cina \u00e8 assicurarsi di stipulare un contratto con l'azienda di produzione a contratto giusta. Pu\u00f2 essere difficile, perch\u00e9 le aziende in circolazione sono tante e tutte affermano di essere le migliori. Tuttavia, ci sono alcune cose da verificare prima di firmare sulla linea tratteggiata.<\/p><p>Assicuratevi che l'azienda di produzione a contratto cinese abbia un buon curriculum di consegne puntuali e nel rispetto del budget. Assicuratevi inoltre che l'azienda disponga di un buon servizio clienti, in modo da potervi aiutare a risolvere eventuali problemi che potrebbero insorgere durante la produzione.<\/p><p>Contattate almeno tre diversi produttori cinesi a contratto e chiedete loro informazioni sulla struttura dei prezzi e sui tempi di consegna. Se possibile, cercate di parlare direttamente con chi lavorer\u00e0 al vostro progetto, in modo da ottenere maggiori informazioni sulla loro esperienza e disponibilit\u00e0 a lavorare con i clienti.<\/p><p>Ecco alcuni suggerimenti per aiutarvi a trovare il giusto partner cinese per la produzione a contratto:<\/p><p>1) <strong>Assicuratevi che siano in circolazione da un po' di tempo <\/strong>(5+ anni). Una nuova societ\u00e0 pu\u00f2 avere buone intenzioni ma poca esperienza, il che potrebbe portare a risultati scadenti.<\/p><p>2) <strong>Controllate le loro credenziali e certificazioni.<\/strong> Questo vi mostrer\u00e0 se hanno esperienza di lavoro nel vostro settore o con prodotti simili. Inoltre, dimostra che l'azienda \u00e8 seriamente intenzionata a fornire un servizio e dei prodotti di alta qualit\u00e0, il che \u00e8 importante quando si tratta di effettuare un ordine.<\/p><p>3) <strong>Controllate il sito web e i canali di social media per verificare le recensioni dei clienti precedenti.<\/strong> Questo pu\u00f2 aiutarvi a decidere quali aziende vale la pena contattare per potenziali opportunit\u00e0 commerciali!<\/p><p>4) <strong>Chiedete le referenze di altri clienti<\/strong> - soprattutto quelli che utilizzano prodotti o servizi simili a quelli che vi interessano di pi\u00f9.<\/p><p>La chiave del successo di un rapporto di produzione a contratto \u00e8 il contratto stesso. Il contratto giusto contiene molte disposizioni che proteggono entrambe le parti dell'accordo.<\/p><h2 class=\"wp-block-heading\" id=\"2-some-things-inside-\">Alcune cose all'interno <\/h2><p>La chiave del successo di un rapporto di produzione a contratto \u00e8 il contratto stesso. Il contratto giusto contiene molte disposizioni che proteggono entrambe le parti dell'accordo.<\/p><figure class=\"wp-block-image aligncenter size-full is-resized\"><a href=\"https:\/\/plasticmoulds.net\/wp-content\/uploads\/2022\/07\/7.png\"><img loading=\"lazy\" decoding=\"async\" src=\"https:\/\/plasticmoulds.net\/wp-content\/uploads\/2022\/07\/7.png\" alt=\"\" class=\"wp-image-7968\" width=\"505\" height=\"404\"\/><\/a><\/figure><p>Ecco alcuni elementi che il contratto dovrebbe includere:<\/p><h3 class=\"wp-block-heading\" id=\"3-detailed-bill-of-materials-bom\">Distinta base dettagliata (BOM)<\/h3><p>La distinta base \u00e8 un elenco di tutte le parti e i componenti che compongono un prodotto, con le relative quantit\u00e0 e i costi. Queste informazioni vi serviranno per determinare se il vostro prezzo \u00e8 sostenibile e quale sar\u00e0 il vostro margine di profitto a diversi livelli di volume.<\/p><p>Se non siete sicuri di come creare una distinta base, potete utilizzare il nostro modello gratuito di distinta base o affidarvi a un consulente esperto.<\/p><h3 class=\"wp-block-heading\" id=\"4-pricing-provisions\">Disposizioni sui prezzi<\/h3><p>Dovrete specificare il costo di ciascun componente e qualsiasi altro costo associato al processo di produzione (comprese le spese di spedizione, se applicabili).<\/p><p> Questo vi dar\u00e0 anche un'idea di quanto potreste guadagnare vendendo il vostro prodotto su Amazon FBA o altrove, dopo aver coperto i costi di produzione, le royalties, le tasse e altro ancora.<\/p><h3 class=\"wp-block-heading\" id=\"5-quality-standards\">Standard di qualit\u00e0<\/h3><p>\u00c8 importante includere anche gli standard di qualit\u00e0, comprese le procedure di test e i criteri di accettazione. Dovrete indicare il tipo di materiali utilizzati, le modalit\u00e0 di approvvigionamento e le procedure di controllo della qualit\u00e0. <\/p><p>Dovreste anche specificare quali certificazioni hanno ottenuto i vostri prodotti e quali standard soddisfano. Se ci sono costi aggiuntivi associati al controllo di qualit\u00e0 o ai test, assicuratevi di elencarli anche qui, in modo che gli acquirenti sappiano a cosa vanno incontro quando acquistano il vostro prodotto.<\/p><h3 class=\"wp-block-heading\" id=\"6-packaging-and-labeling\">Imballaggio ed etichettatura<\/h3><p>Requisiti di imballaggio ed etichettatura, comprese le questioni di sicurezza e di conformit\u00e0 normativa Se il vostro prodotto \u00e8 soggetto a standard di sicurezza o di conformit\u00e0 normativa, assicuratevi di elencarli qui. <\/p><p>Ad esempio, se il vostro prodotto contiene sostanze chimiche pericolose in determinate quantit\u00e0 o che possono causare lesioni se maneggiate in modo non corretto, volete che gli acquirenti lo sappiano prima dell'acquisto. Dovreste anche includere informazioni su come verr\u00e0 etichettato l'imballaggio e quali informazioni vi saranno incluse.<\/p><h3 class=\"wp-block-heading\" id=\"7-intellectual-property\">Propriet\u00e0 intellettuale<\/h3><p>Disposizioni relative alla propriet\u00e0 intellettuale, alle licenze e agli indennizzi, compreso quanto potete controllare i vostri diritti di propriet\u00e0 intellettuale e quanto dovrete utilizzare la loro propriet\u00e0 intellettuale se sono loro a fornirvela (questo pu\u00f2 variare a seconda della categoria di prodotti).<\/p><p>Le clausole di indennizzo e di licenza sono fondamentali per il successo della vostra attivit\u00e0. Prima di firmare un contratto, assicuratevi di aver compreso esattamente quali saranno i vostri obblighi in base a queste clausole. Ad esempio, se il produttore vi chiede di utilizzare la sua propriet\u00e0 intellettuale per vendere i suoi prodotti, \u00e8 importante che sappiate che tipo di controllo ha anche sui vostri diritti di propriet\u00e0 intellettuale.<\/p><h3 class=\"wp-block-heading\" id=\"8-quality-requirements-and-product-warranty\">Requisiti di qualit\u00e0 e garanzia del prodotto<\/h3><p>Prima di firmare sulla linea tratteggiata, assicuratevi di avere una chiara comprensione di ci\u00f2 che ci si aspetta dal vostro produttore a contratto (CM).<\/p><p>Per evitare potenziali problemi in futuro, adottate le seguenti misure:<\/p><p>Indicate i requisiti di qualit\u00e0 e la garanzia del prodotto. Assicuratevi che il vostro produttore a contratto abbia esperienza nel vostro settore e comprenda le esigenze specifiche del vostro prodotto, e che abbia le strutture e le persone necessarie per farlo bene. Se state creando un nuovo prodotto o avete esigenze di produzione uniche, assicuratevi che sia in grado di gestirlo.<\/p><p>Assicuratevi che siano in grado di gestirlo. Controllate le referenze e chiedete una prova delle loro capacit\u00e0. Verificate le referenze di altre aziende che hanno lavorato con loro in passato, soprattutto se sono simili alla vostra. Contattate almeno tre clienti e chiedete della loro esperienza di lavoro con questo CM; chiedete in particolare di eventuali problemi avuti durante la produzione e di come sono stati risolti. <\/p><p>Potreste anche chiedere quanto sia stato flessibile o reattivo il CM quando sono state necessarie modifiche durante la produzione o i test QC. Assicuratevi inoltre che siano disposti a firmare un accordo di riservatezza prima di divulgare qualsiasi informazione proprietaria o di inviare campioni del vostro progetto di prodotto per valutare ulteriormente le loro capacit\u00e0. Se non avete un accordo di riservatezza, NON inviate campioni del vostro prodotto a questa azienda. Questo \u00e8 il modo pi\u00f9 veloce per essere truffati.<\/p><h3 class=\"wp-block-heading\" id=\"9-who-is-owner\">Chi \u00e8 il proprietario<\/h3><p>Chiarire la propriet\u00e0 degli stampi\/attrezzi. Prima di firmare un contratto con un produttore cinese, assicuratevi che ci sia una clausola che specifichi chi \u00e8 il proprietario degli stampi utilizzati per realizzare il vostro prodotto. Se il produttore ne \u00e8 proprietario, allora pu\u00f2 venderlo o utilizzarlo per altri progetti dopo aver terminato il vostro, il che potrebbe impedire alla vostra azienda di produrre altre unit\u00e0 in futuro.<\/p><p>Un modo per evitarlo \u00e8 quello di specificare che l'attrezzatura appartiene alla vostra azienda. In questo caso, si pu\u00f2 anche specificare che devono essere restituiti in buone condizioni.<\/p><h3 class=\"wp-block-heading\" id=\"10-dispute-resolution\">Risoluzione delle controversie<\/h3><p>Per quanto si possa pianificare con attenzione, non c'\u00e8 garanzia che tutti gli aspetti della vostra attivit\u00e0 vadano secondo i piani. Comprendendo i rischi potenziali e adottando misure ragionevoli per gestirli, potete ridurre la probabilit\u00e0 che si ripercuotano sulla vostra attivit\u00e0.<\/p><p>In qualit\u00e0 di titolari di una piccola impresa, dovete sempre essere pronti ad affrontare gli imprevisti. Anche se pu\u00f2 sembrare una cosa di buon senso, molte aziende falliscono perch\u00e9 non hanno un piano di emergenza per affrontare gli eventi imprevisti. Questo pu\u00f2 essere particolarmente vero quando si ha a che fare con la produzione a contratto in Cina.<\/p><p>Se lavorate con un appaltatore o un produttore cinese, \u00e8 importante che abbiate un contratto che delinei chiaramente le responsabilit\u00e0 di ciascuna parte. Il contratto deve contenere anche clausole sulle modalit\u00e0 di risoluzione delle controversie in caso di disaccordo sui termini dell'accordo o se qualcosa va storto durante il processo di produzione dei prodotti.<\/p><h2 class=\"wp-block-heading\" id=\"11-takeaway\">Da qui il risultato:<\/h2><p>Qualunque sia la vostra scelta, non decidete di stipulare un contratto di produzione senza averci riflettuto a fondo. \u00c8 importante collaborare con consulenti esperti e competenti durante tutto il processo per evitare qualsiasi problema con il produttore cinese. In questo modo, potrete essere sicuri che i vostri prodotti siano realizzati con materiali di alta qualit\u00e0 e che siano stati lavorati correttamente.<\/p>","protected":false},"excerpt":{"rendered":"<p>And if you&#8217;re thinking of China contract manufacturing, you&#8217;re probably not alone in your quest. But don&#8217;t despair! We&#8217;ve got some tips that will help you make sure your China contract manufacturing experience is a smooth one.China contract manufacturing is an attractive option for companies looking to expand their business. The country has a strong [&hellip;]<\/p>\n","protected":false},"author":1,"featured_media":0,"parent":0,"menu_order":0,"comment_status":"open","ping_status":"open","template":"","meta":{"footnotes":""},"class_list":["post-8952","page","type-page","status-publish","hentry"],"blocksy_meta":{"styles_descriptor":{"styles":{"desktop":"","tablet":"","mobile":""},"google_fonts":[],"version":6}},"_links":{"self":[{"href":"https:\/\/www.plasticmoulds.net\/it\/wp-json\/wp\/v2\/pages\/8952","targetHints":{"allow":["GET"]}}],"collection":[{"href":"https:\/\/www.plasticmoulds.net\/it\/wp-json\/wp\/v2\/pages"}],"about":[{"href":"https:\/\/www.plasticmoulds.net\/it\/wp-json\/wp\/v2\/types\/page"}],"author":[{"embeddable":true,"href":"https:\/\/www.plasticmoulds.net\/it\/wp-json\/wp\/v2\/users\/1"}],"replies":[{"embeddable":true,"href":"https:\/\/www.plasticmoulds.net\/it\/wp-json\/wp\/v2\/comments?post=8952"}],"version-history":[{"count":0,"href":"https:\/\/www.plasticmoulds.net\/it\/wp-json\/wp\/v2\/pages\/8952\/revisions"}],"wp:attachment":[{"href":"https:\/\/www.plasticmoulds.net\/it\/wp-json\/wp\/v2\/media?parent=8952"}],"curies":[{"name":"wp","href":"https:\/\/api.w.org\/{rel}","templated":true}]}}