{"id":8899,"date":"2022-10-11T09:33:00","date_gmt":"2022-10-11T01:33:00","guid":{"rendered":"https:\/\/plasticmoulds.net\/?p=8899"},"modified":"2022-10-12T09:34:57","modified_gmt":"2022-10-12T01:34:57","slug":"come-la-produzione-cinese-a-basso-volume-puo-aiutare-le-piccole-imprese-2022","status":"publish","type":"page","link":"https:\/\/www.plasticmoulds.net\/it\/how-china-low-volume-manufacturing-can-help-small-businesses-2022","title":{"rendered":"In che modo la produzione cinese a basso volume pu\u00f2 aiutare le piccole imprese 2022"},"content":{"rendered":"<p>Quando si \u00e8 proprietari di una piccola impresa, l'ultima cosa che si vuole fare \u00e8 spendere tempo e denaro in processi di produzione. Ma non potete permettervelo e non ne avete il tempo.<\/p><p>E se vi dicessi che esiste un modo per ridurre i costi di produzione senza sacrificare la qualit\u00e0 o aumentare il carico di lavoro?<\/p><figure class=\"wp-block-image aligncenter size-full\"><a href=\"https:\/\/plasticmoulds.net\/wp-content\/uploads\/2022\/07\/018-mass-production-1.png\"><img loading=\"lazy\" decoding=\"async\" width=\"512\" height=\"512\" src=\"https:\/\/plasticmoulds.net\/wp-content\/uploads\/2022\/07\/018-mass-production-1.png\" alt=\"\" class=\"wp-image-7934\" srcset=\"https:\/\/www.plasticmoulds.net\/wp-content\/uploads\/2022\/07\/018-mass-production-1.png 512w, https:\/\/www.plasticmoulds.net\/wp-content\/uploads\/2022\/07\/018-mass-production-1-300x300.png 300w, https:\/\/www.plasticmoulds.net\/wp-content\/uploads\/2022\/07\/018-mass-production-1-150x150.png 150w\" sizes=\"auto, (max-width: 512px) 100vw, 512px\" \/><\/a><\/figure><p>Si chiama \"<strong>produzione a basso volume<\/strong>.\" Ed \u00e8 esattamente quello che sembra: un metodo per produrre bassi volumi di prodotti di alta qualit\u00e0 a un prezzo accessibile.<\/p><p>La produzione a basso volume utilizza molti degli stessi principi della produzione \"just-in-time\", ma con modifiche specifiche che la rendono ideale per le piccole imprese con budget e risorse limitati.<\/p><p>Secondo uno studio, infatti, la produzione di bassi volumi pu\u00f2 ridurre i costi fino a 50%.<\/p><h2 class=\"wp-block-heading\">L'eliminazione degli utensili riduce<\/h2><p>La differenza pi\u00f9 significativa tra la produzione ad alto volume e quella a basso volume \u00e8 rappresentata da <strong><a href=\"https:\/\/plasticmoulds.net\/plastic-mold-tool-cost\" target=\"_blank\" rel=\"noreferrer noopener\">costi di attrezzaggio<\/a><\/strong>. La produzione in grandi volumi richiede stampi e matrici costosi per ogni pezzo, che possono essere molto costosi. <\/p><p>Ad esempio, se avete bisogno di 100 pezzi con 10 pezzi diversi per stampo, avrete bisogno di 10 stampi o matrici. I soli costi di attrezzaggio potrebbero essere di migliaia di dollari per pezzo. <\/p><p>Al contrario, la produzione a basso volume utilizza strumenti semplici, come punzoni e stampi, realizzati con materiali di base come acciaio o alluminio di bassa qualit\u00e0. In questo modo si eliminano molti dei costi di attrezzaggio associati ai processi di produzione su larga scala. <\/p><p>Tuttavia, questo significa anche che non c'\u00e8 spazio per gli errori quando si tratta di creare questi semplici strumenti, perch\u00e9 devono essere sempre esatti per poter funzionare correttamente con il design del prodotto. Inoltre, questi utensili semplici non possono essere riutilizzati e devono essere sostituiti dopo ogni produzione. <\/p><p>Ci\u00f2 significa che i costi di attrezzaggio sono molto pi\u00f9 elevati rispetto ad altri processi produttivi, ma riduce anche il costo complessivo del prodotto riducendo la necessit\u00e0 di strumenti pi\u00f9 costosi come stampi o matrici.<\/p><h2 class=\"wp-block-heading\">Produzione ad alta miscelazione e basso volume<\/h2><p>La produzione ad alto dosaggio e basso volume \u00e8 il processo di produzione di una serie di prodotti con piccole variazioni nel design. \u00c8 ideale per i piccoli imprenditori che desiderano produrre un'elevata quantit\u00e0 di prodotti diversi, ma non hanno le risorse per investire in macchinari per la produzione di massa o in lotti su larga scala.<\/p><p>Le piccole imprese hanno sfide uniche quando si tratta di produrre i loro prodotti. Non hanno le risorse o le capacit\u00e0 delle grandi aziende, quindi spesso devono trovare soluzioni creative per le loro esigenze produttive.<\/p><figure class=\"wp-block-image aligncenter size-full\"><a href=\"https:\/\/plasticmoulds.net\/wp-content\/uploads\/2022\/07\/010-conveyor.png\"><img loading=\"lazy\" decoding=\"async\" width=\"512\" height=\"512\" src=\"https:\/\/plasticmoulds.net\/wp-content\/uploads\/2022\/07\/010-conveyor.png\" alt=\"\" class=\"wp-image-7926\" srcset=\"https:\/\/www.plasticmoulds.net\/wp-content\/uploads\/2022\/07\/010-conveyor.png 512w, https:\/\/www.plasticmoulds.net\/wp-content\/uploads\/2022\/07\/010-conveyor-300x300.png 300w, https:\/\/www.plasticmoulds.net\/wp-content\/uploads\/2022\/07\/010-conveyor-150x150.png 150w\" sizes=\"auto, (max-width: 512px) 100vw, 512px\" \/><\/a><\/figure><p>Un impianto di produzione ad alta miscelazione e basso volume (HMLV) \u00e8 progettato specificamente per le piccole imprese che hanno bisogno di produrre pi\u00f9 varianti di un prodotto in piccole quantit\u00e0 a prezzi accessibili. <\/p><p>Queste strutture sono spesso chiamate job shop perch\u00e9 accettano lavori da molti clienti diversi contemporaneamente ed eseguono ogni compito separatamente senza alcuna sovrapposizione. Questa \u00e8 un'ottima opzione per i produttori che hanno bisogno di produrre piccoli lotti di molti prodotti diversi, ma non \u00e8 la scelta migliore se si vuole concentrare su una linea di prodotti e scalarla rapidamente.<\/p><p>Molte piccole imprese producono pezzi a basso volume, ma con un elevato mix. Ci\u00f2 significa che devono produrre una variet\u00e0 di pezzi diversi. Ad esempio, se possedete un'officina di riparazione auto, potreste aver bisogno di produrre centinaia di tipi diversi di supporti motore, ognuno con dimensioni uniche.<\/p><h2 class=\"wp-block-heading\">Produzione Just-in-Time<\/h2><p>La produzione just-in-time \u00e8 una componente chiave della produzione snella. \u00c8 una strategia che consente ai produttori di ridurre i costi riducendo i livelli di inventario e gli sprechi. Il termine \"just-in-time\" \u00e8 stato usato per la prima volta da Taiichi Ohno, il padre del sistema di produzione della Toyota Motor Corporation noto come Lean Manufacturing.<\/p><p>La produzione just-in-time si concentra sull'eliminazione degli sprechi nel processo produttivo. Gli sprechi possono includere qualsiasi cosa, dal tempo in eccesso trascorso in attesa dell'arrivo di parti o macchinari, all'eccesso di scorte di prodotti finiti che potrebbero non essere venduti con la rapidit\u00e0 prevista. <\/p><p>La produzione just-in-time mira a eliminare questi problemi, consegnando i pezzi esattamente quando sono necessari, anzich\u00e9 tenere sempre a disposizione grandi quantit\u00e0 di scorte.<\/p><p>I vantaggi della produzione just-in-time includono:<\/p><ul class=\"wp-block-list\"><li>Riduce gli sprechi eliminando la sovrapproduzione;<\/li><li>Migliora l'efficienza eliminando i ritardi dovuti all'attesa di pezzi o materiali;<\/li><li>Riduce i costi di inventario diminuendo la quantit\u00e0 di materiali in magazzino.<\/li><\/ul><h2 class=\"wp-block-heading\">Produzione di prodotti complessi<\/h2><p>La produzione di prodotti complessi come dispositivi medici, attrezzature aerospaziali e altri beni ad alta tecnologia \u00e8 un affare complicato. Questi prodotti spesso richiedono macchinari costosi, ingegneria avanzata e molto lavoro manuale.<\/p><p>I produttori devono gestire con attenzione il flusso di materiali attraverso la loro struttura, dalle materie prime in magazzino ai prodotti finiti su pallet destinati ai centri di distribuzione o ai clienti. <\/p><p>La complessit\u00e0 di questi processi produttivi pu\u00f2 rendere difficile per le piccole aziende tenere il passo con la domanda, soprattutto se non hanno abbastanza dipendenti o spazio da dedicare interamente alla produzione.<\/p><p>Molti produttori scelgono di esternalizzare la produzione di bassi volumi perch\u00e9 in questo modo possono concentrarsi sulle loro attivit\u00e0 principali, continuando a produrre prodotti di alta qualit\u00e0 nei tempi e nei costi previsti. <\/p><p>Il processo prevede l'esternalizzazione di parti del processo di produzione a un'altra azienda specializzata in servizi di produzione a basso volume, come la fabbricazione di prodotti complessi o la personalizzazione di prodotti per soddisfare specifiche particolari. <\/p><p>Ci\u00f2 pu\u00f2 contribuire ad alleggerire la pressione associata alla gestione di un'attivit\u00e0 produttiva efficiente, pur mantenendo il controllo sugli standard di qualit\u00e0 e sulle scadenze.<\/p><h2 class=\"wp-block-heading\">Avvicinare la produzione al cliente<\/h2><p>Con la crescente digitalizzazione dell'economia globale e la creazione di servizi, il mondo \u00e8 diventato sempre pi\u00f9 connesso. Ci\u00f2 significa che i prodotti possono essere fabbricati in un luogo, spediti in un altro e assemblati l\u00ec. Il risultato finale \u00e8 che la produzione non deve pi\u00f9 avvenire in grandi quantit\u00e0 e in un luogo centrale.<\/p><p>La produzione a basso volume offre molti vantaggi alle aziende che vogliono rimanere competitive nell'economia globale di oggi.<\/p><p>Potete stare vicino ai vostri clienti. Se siete un produttore che vende prodotti direttamente ai consumatori, sapete quanto sia importante essere vicini ai vostri clienti. Volete che siano in grado di contattarvi facilmente per qualsiasi domanda o dubbio sul vostro prodotto o servizio. <\/p><figure class=\"wp-block-image aligncenter size-full\"><a href=\"https:\/\/plasticmoulds.net\/wp-content\/uploads\/2022\/07\/008-industrial.png\"><img loading=\"lazy\" decoding=\"async\" width=\"512\" height=\"512\" src=\"https:\/\/plasticmoulds.net\/wp-content\/uploads\/2022\/07\/008-industrial.png\" alt=\"\" class=\"wp-image-7923\" srcset=\"https:\/\/www.plasticmoulds.net\/wp-content\/uploads\/2022\/07\/008-industrial.png 512w, https:\/\/www.plasticmoulds.net\/wp-content\/uploads\/2022\/07\/008-industrial-300x300.png 300w, https:\/\/www.plasticmoulds.net\/wp-content\/uploads\/2022\/07\/008-industrial-150x150.png 150w\" sizes=\"auto, (max-width: 512px) 100vw, 512px\" \/><\/a><\/figure><p>La produzione a basso volume vi permette di produrre prodotti pi\u00f9 vicini al luogo in cui vivono i vostri clienti, in modo da poterli servire meglio sia durante le interazioni di assistenza continua con i clienti, sia durante le transazioni di vendita iniziali, quando acquistano da voi per la prima volta.<\/p><p>\u00c8 possibile aumentare i margini di profitto riducendo i costi dello spazio di stoccaggio del magazzino. Quando si producono grandi quantit\u00e0 di merci e le si immagazzina nei magazzini, \u00e8 necessario che siano conservate a una temperatura ottimale, in modo che non si rovinino prima di essere vendute o utilizzate dai consumatori che ne hanno bisogno immediatamente (come i produttori di alimenti).<\/p><h2 class=\"wp-block-heading\">finale:<\/h2><p>La produzione a basso volume \u00e8 un settore abbastanza nuovo dell'industria manifatturiera che consiste nell'esternalizzare parti, prodotti e materiali a terzi. <\/p><p>In questo modo la vostra azienda pu\u00f2 concentrarsi maggiormente sull'aspetto produttivo, mentre le imprese pi\u00f9 piccole si occupano del design e del marchio dei prodotti. Questa tendenza in crescita sar\u00e0 prevalente in tutti i settori, in quanto le piccole imprese cercano di far crescere la propria attivit\u00e0 esternalizzando ad altre aziende e contenendo i costi.<\/p><hr class=\"wp-block-separator has-alpha-channel-opacity\"\/><h2 class=\"wp-block-heading\">Cina stampaggio ad iniezione di piccoli volumi<\/h2><p>Molte persone sentono le parole \"Cina\" e \"stampaggio\" nella stessa frase e pensano al peggio. Pensano a prodotti economici e di bassa qualit\u00e0, realizzati con pratiche produttive al di sotto degli standard e che mettono a rischio la vita dei lavoratori.<\/p><p>Ma non \u00e8 sempre cos\u00ec.<\/p><p>La Cina ha una lunga storia di produzione di beni di qualit\u00e0 destinati all'esportazione. In effetti, alcuni dei prodotti meglio realizzati al mondo provengono dalla Cina! E quando si tratta di stampaggio a iniezione di materie plastiche, la Cina \u00e8 in realt\u00e0 uno dei Paesi pi\u00f9 sofisticati al mondo.<\/p><p>Lo stampaggio a iniezione \u00e8 un metodo popolare per produrre parti e dispositivi in plastica. La Cina \u00e8 un buon posto per la produzione di stampi a iniezione a basso volume, perch\u00e9 il costo della manodopera \u00e8 molto inferiore a quello degli Stati Uniti o dell'Europa. Molti produttori cinesi hanno quantit\u00e0 minime d'ordine (MOQ) di soli 1.000 pezzi e tempi di consegna di 3-4 settimane. Ci\u00f2 pu\u00f2 essere estremamente utile per le piccole aziende che desiderano iniziare a produrre una propria linea di prodotti, ma non vogliono investire molto denaro in attrezzature e costi di produzione iniziali.<\/p><p>Come si fa a sapere se si ha a che fare con un fornitore affidabile? \u00c8 necessario esaminare i dettagli:<\/p><ol class=\"wp-block-list\"><li>Quantit\u00e0 minima d'ordine (MOQ) - Un fornitore affidabile non vi chieder\u00e0 un ordine enorme prima ancora di aver avuto la possibilit\u00e0 di incontrarvi o di vedere il vostro prodotto. Al contrario, vorr\u00e0 accertarsi della seriet\u00e0 del progetto prima di impegnare troppo tempo o denaro.<\/li><\/ol><ul class=\"wp-block-list\"><li>Tempi di consegna - I migliori fornitori hanno tempi di consegna rapidi, in modo da poter consegnare il prodotto il pi\u00f9 velocemente possibile (rispettando comunque gli standard di qualit\u00e0). Se non sono in grado di fornirvi una data esatta per la consegna del prodotto, probabilmente dovreste cercare un altro fornitore.<\/li><li>Prezzo - Il prezzo di un prodotto non dovrebbe essere l'unica cosa da considerare quando si sceglie un fornitore; tuttavia, \u00e8 importante assicurarsi che non stia cercando di fregarvi. Una buona regola \u00e8 quella di confrontare i prezzi con quelli di altri fornitori e assicurarsi che siano comparabili prima di firmare qualsiasi contratto.<\/li><\/ul>","protected":false},"excerpt":{"rendered":"<p>When you&#8217;re a small business owner, the last thing you want to do is spend your time and money on manufacturing processes. But you can&#8217;t afford it and you don&#8217;t have the time.What if I told you that there&#8217;s a way to cut down on your manufacturing costs without sacrificing quality or increasing your work [&hellip;]<\/p>\n","protected":false},"author":11,"featured_media":0,"parent":0,"menu_order":0,"comment_status":"open","ping_status":"open","template":"","meta":{"footnotes":""},"class_list":["post-8899","page","type-page","status-publish","hentry"],"blocksy_meta":{"styles_descriptor":{"styles":{"desktop":"","tablet":"","mobile":""},"google_fonts":[],"version":6}},"_links":{"self":[{"href":"https:\/\/www.plasticmoulds.net\/it\/wp-json\/wp\/v2\/pages\/8899","targetHints":{"allow":["GET"]}}],"collection":[{"href":"https:\/\/www.plasticmoulds.net\/it\/wp-json\/wp\/v2\/pages"}],"about":[{"href":"https:\/\/www.plasticmoulds.net\/it\/wp-json\/wp\/v2\/types\/page"}],"author":[{"embeddable":true,"href":"https:\/\/www.plasticmoulds.net\/it\/wp-json\/wp\/v2\/users\/11"}],"replies":[{"embeddable":true,"href":"https:\/\/www.plasticmoulds.net\/it\/wp-json\/wp\/v2\/comments?post=8899"}],"version-history":[{"count":0,"href":"https:\/\/www.plasticmoulds.net\/it\/wp-json\/wp\/v2\/pages\/8899\/revisions"}],"wp:attachment":[{"href":"https:\/\/www.plasticmoulds.net\/it\/wp-json\/wp\/v2\/media?parent=8899"}],"curies":[{"name":"wp","href":"https:\/\/api.w.org\/{rel}","templated":true}]}}