{"id":8378,"date":"2022-08-16T14:29:25","date_gmt":"2022-08-16T06:29:25","guid":{"rendered":"https:\/\/plasticmoulds.net\/?p=8378"},"modified":"2022-08-16T14:40:54","modified_gmt":"2022-08-16T06:40:54","slug":"come-avere-successo-negli-affari-con-lo-stampaggio-a-iniezione-in-cina","status":"publish","type":"page","link":"https:\/\/www.plasticmoulds.net\/it\/how-to-succeed-in-business-with-china-injection-molding","title":{"rendered":"Come avere successo negli affari con lo stampaggio a iniezione in Cina"},"content":{"rendered":"<h1 class=\"wp-block-heading\">Stampaggio a iniezione in Cina: come fare soldi<\/h1><p>Lo stampaggio a iniezione \u00e8 una produzione <a href=\"https:\/\/plasticmoulds.net\/injection-molding-process.html\" target=\"_blank\" rel=\"noreferrer noopener\">processo<\/a> per creare parti in plastica iniettando materiale fuso in uno stampo. \u00c8 uno dei metodi di produzione pi\u00f9 diffusi grazie alla sua versatilit\u00e0 e velocit\u00e0. Lo stampaggio a iniezione \u00e8 utilizzato in diversi settori industriali, ma \u00e8 particolarmente diffuso nei settori <a href=\"https:\/\/plasticmoulds.net\/automotive-injection-molding\" target=\"_blank\" rel=\"noreferrer noopener\">industria automobilistica<\/a>.<\/p><figure class=\"wp-block-image aligncenter size-full is-resized\"><a href=\"https:\/\/plasticmoulds.net\/wp-content\/uploads\/2022\/07\/16.png\"><img loading=\"lazy\" decoding=\"async\" src=\"https:\/\/plasticmoulds.net\/wp-content\/uploads\/2022\/07\/16.png\" alt=\"\" class=\"wp-image-7977\" width=\"399\" height=\"411\"\/><\/a><\/figure><p>La Cina \u00e8 il pi\u00f9 grande produttore mondiale di pezzi stampati a iniezione ed \u00e8 diventata uno dei principali attori del mercato globale. <\/p><p>Oltre 50% di tutte le materie plastiche utilizzate nel mondo sono oggi prodotte in Cina e il numero continua a crescere. <\/p><p>Il governo cinese ha investito molto nell'industria della plastica, che oggi \u00e8 una delle industrie pi\u00f9 importanti del Paese.<\/p><p>Si prevede che l'industria cinese delle materie plastiche crescer\u00e0 a un tasso di 10% all'anno per il prossimo decennio e si stima che entro il 2025 la Cina sar\u00e0 il maggior produttore di materie plastiche al mondo.<\/p><h2 class=\"wp-block-heading\">A cosa serve lo stampaggio a iniezione<\/h2><p>Lo stampaggio a iniezione \u00e8 un processo di produzione di pezzi iniettando materiale fuso in uno stampo. Lo stampaggio a iniezione pu\u00f2 essere effettuato con una serie di materiali, tra cui metalli (per i quali il processo \u00e8 chiamato pressofusione), vetri, elastomeri, dolci e, pi\u00f9 comunemente, polimeri termoplastici e termoindurenti. <\/p><p>Il materiale per il pezzo viene introdotto in un cilindro riscaldato, mescolato e spinto in una cavit\u00e0 dello stampo dove si raffredda e si indurisce secondo la configurazione della cavit\u00e0. La cavit\u00e0 dello stampo \u00e8 formata da due matrici in acciaio temprato, lavorate a macchina, che durante il processo funzionano come uno stampo a iniezione. <\/p><p>La maggior parte degli stampi a iniezione oggi sono del tipo <a href=\"https:\/\/plasticmoulds.net\/hot-runner.html\" target=\"_blank\" rel=\"noreferrer noopener\">tipo a canale caldo<\/a>. Un sistema a canale caldo \u00e8 pi\u00f9 costoso da progettare e realizzare, ma il vantaggio \u00e8 che non sono necessari canali freddi nello stampo, aumentando cos\u00ec la resa dei prodotti grazie alla riduzione degli scarti.<\/p><p>Lo stampaggio a iniezione pu\u00f2 essere utilizzato per un'ampia gamma di applicazioni, tra cui prodotti sanitari, automobilistici e di consumo. Per avere successo con lo stampaggio a iniezione in Cina, \u00e8 importante collaborare con un produttore affidabile ed esperto. <\/p><p>Inoltre, \u00e8 importante avere una chiara comprensione dei requisiti del prodotto e del processo di stampaggio a iniezione. <\/p><p>Con un'attenta pianificazione ed esecuzione, lo stampaggio a iniezione pu\u00f2 essere un modo efficace ed economico per produrre pezzi.<\/p><h2 class=\"wp-block-heading\">I vantaggi dello stampaggio a iniezione di plastica in Cina<\/h2><p>Lo stampaggio a iniezione \u00e8 ampiamente utilizzato nella produzione di prodotti in plastica e la Cina \u00e8 uno dei Paesi leader in questo campo. <\/p><p>I vantaggi di utilizzare lo stampaggio a iniezione di plastica in Cina sono molteplici, tra cui i seguenti:<\/p><h3 class=\"wp-block-heading\">Aumento della produttivit\u00e0<\/h3><p>Per avere successo negli affari, \u00e8 importante essere produttivi. Un modo per aumentare la produttivit\u00e0 \u00e8 utilizzare lo stampaggio a iniezione in Cina. Questo processo pu\u00f2 aiutarvi a risparmiare tempo e denaro, pur ottenendo prodotti di alta qualit\u00e0.<\/p><p> Per trovare il miglior fornitore possibile, \u00e8 importante fare ricerche e chiedere raccomandazioni. Una volta trovato un <a href=\"https:\/\/plasticmoulds.net\/china-injection-molding-company\" target=\"_blank\" rel=\"noreferrer noopener\">fornitore affidabile<\/a>, potete iniziare a lavorare per aumentare la vostra produttivit\u00e0.<\/p><h3 class=\"wp-block-heading\">Costi inferiori<\/h3><p>Se state cercando di <a href=\"https:\/\/plasticmoulds.net\/7-tips-to-reduce-the-copy-of-plastic-injection-molding-costs.html\" target=\"_blank\" rel=\"noreferrer noopener\">ridurre i costi<\/a> e aumentare i vostri profitti, lo stampaggio a iniezione in Cina pu\u00f2 essere la risposta. Lo stampaggio a iniezione \u00e8 un processo di produzione che prevede l'iniezione di materiale fuso in uno stampo per creare la forma desiderata. <\/p><figure class=\"wp-block-image aligncenter size-full is-resized\"><a href=\"https:\/\/plasticmoulds.net\/wp-content\/uploads\/2022\/07\/5.png\"><img loading=\"lazy\" decoding=\"async\" src=\"https:\/\/plasticmoulds.net\/wp-content\/uploads\/2022\/07\/5.png\" alt=\"\" class=\"wp-image-7966\" width=\"375\" height=\"329\"\/><\/a><\/figure><p>Questo processo pu\u00f2 essere utilizzato per creare un'ampia variet\u00e0 di prodotti, dai dispositivi medici alle parti di automobili. Sebbene l'investimento iniziale per l'avvio di un'attivit\u00e0 di stampaggio a iniezione in Cina possa essere pi\u00f9 elevato rispetto ad altri Paesi, il costo della manodopera \u00e8 molto pi\u00f9 basso, il che pu\u00f2 tradursi in un risparmio significativo. <\/p><p>Inoltre, in Cina sono presenti numerose aziende di stampaggio a iniezione esperte e affidabili, in grado di fornire prodotti di alta qualit\u00e0. Se fatto correttamente, lo stampaggio a iniezione in Cina pu\u00f2 essere un ottimo modo per migliorare i vostri profitti.<\/p><h3 class=\"wp-block-heading\">Maggiore efficienza<\/h3><p>Per avere successo negli affari con la Cina, \u00e8 importante essere efficienti. Ci\u00f2 significa avere un piano ben organizzato ed essere in grado di eseguirlo in modo rapido ed efficace. <\/p><p>Un modo per farlo \u00e8 utilizzare lo stampaggio a iniezione per produrre prodotti. Lo stampaggio a iniezione \u00e8 un processo produttivo che consente alle aziende di creare prodotti in modo rapido ed efficiente. <\/p><p>Utilizzando questo processo, le aziende possono risparmiare tempo e denaro, pur producendo prodotti di alta qualit\u00e0. Per avere successo negli affari con la Cina, \u00e8 importante essere efficienti e utilizzare lo stampaggio a iniezione.<\/p><h2 class=\"wp-block-heading\">Come avere successo negli affari con lo stampaggio a iniezione in Cina<\/h2><p>Per avere successo negli affari con lo stampaggio a iniezione in Cina, \u00e8 importante comprendere il mercato e la cultura cinese. La Cina, il pi\u00f9 grande esportatore al mondo, svolge un ruolo fondamentale nell'economia globale. Per avere successo negli affari con la Cina dello stampaggio a iniezione, \u00e8 importante comprendere il mercato e la cultura cinese.<\/p><figure class=\"wp-block-image aligncenter size-full is-resized\"><a href=\"https:\/\/plasticmoulds.net\/wp-content\/uploads\/2022\/07\/17.png\"><img loading=\"lazy\" decoding=\"async\" src=\"https:\/\/plasticmoulds.net\/wp-content\/uploads\/2022\/07\/17.png\" alt=\"\" class=\"wp-image-7978\" width=\"401\" height=\"364\"\/><\/a><\/figure><p>Il mercato cinese \u00e8 unico e complesso, con una lunga storia e una ricca cultura. \u00c8 importante conoscere gli usi e i costumi del Paese prima di intraprendere un'attivit\u00e0 commerciale.<\/p><p>Quando si fanno affari in Cina, \u00e8 importante essere consapevoli di quanto segue:<\/p><p>1. Il mercato cinese \u00e8 altamente competitivo<\/p><p>Il mercato cinese \u00e8 altamente competitivo. Ci sono molte aziende locali e internazionali che si contendono le quote di mercato.<\/p><p>Per avere successo \u00e8 importante avere una strategia di marketing ben definita.<\/p><p>2. Il governo cinese \u00e8 coinvolto nell'economia<\/p><p>Il governo cinese \u00e8 coinvolto nell'economia. Regolamenta le imprese e le industrie.<\/p><p>Per fare affari in Cina, \u00e8 importante avere una buona conoscenza del processo di stampaggio a iniezione ed essere in grado di trovare un fornitore rispettabile e affidabile. Inoltre, \u00e8 importante avere una forte strategia di marketing ed essere in grado di offrire prezzi competitivi. Seguendo questi consigli, sarete sulla buona strada per il successo in questo settore.<\/p><h2 class=\"wp-block-heading\">Come scegliere un'azienda affidabile di stampaggio a iniezione di plastica in Cina<\/h2><p>Quando si sceglie un'azienda di stampaggio a iniezione di plastica in Cina, \u00e8 importante considerare alcuni fattori.<\/p><p>In primo luogo, dovrete assicurarvi che l'azienda abbia esperienza e una buona reputazione. Questo \u00e8 un aspetto che potete scoprire cercando online o chiedendo ad altre persone che hanno utilizzato i loro servizi. Dovrete anche assicurarvi che l'azienda offra una variet\u00e0 di servizi diversi, in modo da poter ottenere esattamente ci\u00f2 che vi serve per le vostre esigenze specifiche.<\/p><p>Una volta trovata una buona azienda che soddisfi tutti questi criteri, dovreste essere in grado di contattarla e fissare un appuntamento per la procedura di trapianto di capelli. Assicuratevi di fare ricerche sull'azienda prima di prendere una decisione definitiva. In questo modo eviterete di essere truffati o derubati e vi assicurerete di ricevere il miglior servizio possibile.<\/p><p>In secondo luogo, dovrete essere certi che l'azienda disponga delle strutture e delle attrezzature adatte al vostro progetto. Dovrete verificare che dispongano delle strutture adatte al tipo di lavoro da svolgere. Potreste anche chiedere informazioni sulle loro attrezzature e sul loro funzionamento.<\/p><p>\u00c8 anche importante chiedere informazioni sulla formazione e sull'esperienza dell'azienda. Scoprite da quanto tempo \u00e8 in attivit\u00e0 e quanti clienti ha aiutato. Dovreste anche chiedere le referenze di altri clienti che hanno usufruito dei loro servizi.<\/p><p>Infine, dovrete essere certi che siano in grado di rispettare le scadenze e il budget. Assicuratevi che siano disponibili a recarsi in cantiere e a iniziare a lavorare non appena ne avrete bisogno.<\/p><p>Una volta presa la decisione, \u00e8 il momento di avviare il progetto.<\/p><h2 class=\"wp-block-heading\">I vantaggi dei servizi di stampaggio a iniezione di plastica in Cina<\/h2><p>La Cina \u00e8 uno dei principali produttori di prodotti in plastica stampati a iniezione, con un gran numero di produttori che offrono servizi di alta qualit\u00e0 a prezzi competitivi. Per le aziende che desiderano accedere al mercato cinese, la collaborazione con un fornitore di servizi di stampaggio a iniezione affidabile pu\u00f2 essere la chiave del successo. I servizi di stampaggio a iniezione in Cina possono offrire una serie di vantaggi, tra cui l'accesso a un ampio bacino di lavoratori qualificati, bassi costi di manodopera e un processo di produzione semplificato. Collaborando con un fornitore di servizi affidabile, le aziende possono sfruttare questi vantaggi per produrre prodotti di alta qualit\u00e0 a costi inferiori.<\/p><h2 class=\"wp-block-heading\">Suggerimenti per lavorare con le aziende cinesi di stampaggio a iniezione di materie plastiche<\/h2><p>Quando si lavora con aziende cinesi di stampaggio a iniezione di materie plastiche, \u00e8 importante essere consapevoli delle differenze culturali e adottare misure per creare fiducia. <\/p><p>Una buona azienda cinese di stampaggio a iniezione di plastica sar\u00e0 lieta di fornire referenze e campioni del proprio lavoro. Questi vi aiuteranno a capire le capacit\u00e0 dell'azienda e a determinare se \u00e8 adatta al vostro progetto.<\/p><p>\u00c8 inoltre importante avere aspettative realistiche sui costi di produzione in Cina. Il costo della manodopera \u00e8 inferiore a quello dei Paesi sviluppati, ma il costo dei materiali e delle spedizioni pu\u00f2 aumentare rapidamente.<\/p><p>Occorre inoltre tenere presente che i produttori cinesi non sempre rispettano gli stessi standard di qualit\u00e0 dei produttori dei Paesi sviluppati. \u00c8 quindi importante ispezionare attentamente i prodotti prima di approvarli per la produzione.<\/p><p>Se vi prendete il tempo necessario per trovare un'azienda cinese di stampaggio a iniezione di plastica affidabile, potete risparmiare molto sui costi di produzione. <\/p><p>Tuttavia, \u00e8 importante ricordare che si ottiene ci\u00f2 che si paga. Un produttore economico pu\u00f2 produrre prodotti di qualit\u00e0 inferiore, quindi \u00e8 importante fare ricerche prima di scegliere un fornitore.<\/p><p>Un modo per costruire la fiducia \u00e8 quello di avere un rappresentante di lingua cinese nel vostro team che possa fare da ponte culturale e facilitare la comunicazione tra le due parti.<\/p><p>Un'altra componente chiave della costruzione della fiducia \u00e8 la dimostrazione dell'impegno a seguire pratiche commerciali che rispettino le norme culturali cinesi. Ad esempio, stabilire un rapporto a lungo termine con la controparte cinese \u00e8 una parte importante del fare affari in Cina, e avere biglietti da visita stampati sia in inglese che in cinese \u00e8 una cortesia comune.<\/p><figure class=\"wp-block-image aligncenter size-full is-resized\"><a href=\"https:\/\/plasticmoulds.net\/wp-content\/uploads\/2022\/07\/15-1.png\"><img loading=\"lazy\" decoding=\"async\" src=\"https:\/\/plasticmoulds.net\/wp-content\/uploads\/2022\/07\/15-1.png\" alt=\"\" class=\"wp-image-7976\" width=\"435\" height=\"321\"\/><\/a><\/figure><p>\u00c8 anche importante ricordare che la costruzione della fiducia richiede tempo e pazienza. Non aspettatevi di avere subito un rapporto forte con il vostro partner cinese: costruitelo nel tempo mantenendo una comunicazione regolare e facendo sforzi costanti per sviluppare la relazione.<\/p><p>La comunicazione deve essere chiara e concisa per evitare malintesi. Se non siete sicuri di qualcosa, chiedete pure.<\/p><p>\"Non capisco cosa significhi\". \"Pu\u00f2 spiegarmi cosa vuole che faccia?\". \"Per favore, mi aiuti a capire cosa intende dire\".<\/p><p>Infine, siate pronti a essere flessibili e ad adattarvi alle diverse pratiche commerciali dei vostri partner cinesi.<\/p><p>Seguendo questi suggerimenti, \u00e8 possibile impostare la propria attivit\u00e0 per il successo quando si lavora con aziende cinesi di stampaggio a iniezione di plastica.<\/p>","protected":false},"excerpt":{"rendered":"<p>Injection Molding in China: How to Make MoneyInjection molding is a manufacturing process for creating plastic parts by injecting molten material into a mold. It is one of the most popular methods of manufacturing due to its versatility and speed. Injection molding is used in a variety of industries, but it is especially popular in [&hellip;]<\/p>\n","protected":false},"author":11,"featured_media":0,"parent":0,"menu_order":0,"comment_status":"open","ping_status":"open","template":"","meta":{"footnotes":""},"class_list":["post-8378","page","type-page","status-publish","hentry"],"blocksy_meta":{"styles_descriptor":{"styles":{"desktop":"","tablet":"","mobile":""},"google_fonts":[],"version":6}},"_links":{"self":[{"href":"https:\/\/www.plasticmoulds.net\/it\/wp-json\/wp\/v2\/pages\/8378","targetHints":{"allow":["GET"]}}],"collection":[{"href":"https:\/\/www.plasticmoulds.net\/it\/wp-json\/wp\/v2\/pages"}],"about":[{"href":"https:\/\/www.plasticmoulds.net\/it\/wp-json\/wp\/v2\/types\/page"}],"author":[{"embeddable":true,"href":"https:\/\/www.plasticmoulds.net\/it\/wp-json\/wp\/v2\/users\/11"}],"replies":[{"embeddable":true,"href":"https:\/\/www.plasticmoulds.net\/it\/wp-json\/wp\/v2\/comments?post=8378"}],"version-history":[{"count":0,"href":"https:\/\/www.plasticmoulds.net\/it\/wp-json\/wp\/v2\/pages\/8378\/revisions"}],"wp:attachment":[{"href":"https:\/\/www.plasticmoulds.net\/it\/wp-json\/wp\/v2\/media?parent=8378"}],"curies":[{"name":"wp","href":"https:\/\/api.w.org\/{rel}","templated":true}]}}