{"id":8304,"date":"2022-08-07T09:27:20","date_gmt":"2022-08-07T01:27:20","guid":{"rendered":"https:\/\/plasticmoulds.net\/?p=8304"},"modified":"2024-12-28T16:20:33","modified_gmt":"2024-12-28T08:20:33","slug":"tipi-di-produzione-a-contratto-di-stampaggio-a-iniezione-e-loro-significato","status":"publish","type":"page","link":"https:\/\/www.plasticmoulds.net\/it\/injection-molding-contract-manufacturing-types-and-what-they-mean","title":{"rendered":"Tipi di produzione a contratto di stampaggio a iniezione e loro significato"},"content":{"rendered":"<div class=\"wp-block-qubely-table-of-contents qubely-block-9d13e2 qubely-block-table-of-contents qubely-align-left\"><div class=\"qubely-table-of-contents\" data-scroll-offset=\"20\"><div class=\"qubely-table-of-contents-header qubely-toc-header-frontend qubely-justify-between\"><div class=\"qubely-table-of-contents-heading\"><div class=\"title\">Produzione a contratto di stampaggio a iniezione in Cina<\/div><\/div><\/div><div class=\"qubely-table-of-contents-body\"><ol class=\"ordered-list\"><li><a href=\"#1-1-manufacturing-contract-types\">1: stampaggio ad iniezione in Cina Tipi di contratto di produzione<\/a><ol class=\"child-list\"><li><a href=\"#2-private-label-manufacturing\">Produzione a marchio privato:<\/a><\/li><li><a href=\"#3-individual-component-manufacturing\">Produzione di singoli componenti:<\/a><\/li><li><a href=\"#4-labor-or-service-subcontracting\">Subappalto di manodopera o servizi:<\/a><\/li><li><a href=\"#5-end-to-end-manufacturing\">Produzione end-to-end:<\/a><\/li><\/ol><\/li><li><a href=\"#6-2-materials-tools-and-services-used-in-manufacturing\">2: Materiali, strumenti e servizi utilizzati nella produzione di stampaggio a iniezione<\/a><\/li><li><a href=\"#7-3-industries-supported-by-manufacturers\">3: Industrie supportate dai produttori di stampaggio a iniezione in Cina<\/a><\/li><li><a href=\"#8-china-injection-molding-manufacturers-how-to-choose-one\">Cina stampaggio ad iniezione Produttori: Come sceglierne uno<\/a><\/li><\/ol><\/div><a href=\"#\" class=\"qubely-back-to-top-button fas fa-angle-up\"><\/a><\/div><\/div><p>Per immettere rapidamente sul mercato un prodotto di alta qualit\u00e0 stampato a iniezione dalla Cina \u00e8 necessario assumere un produttore a contratto. Prima di trovare il partner cinese giusto, \u00e8 necessario conoscere i tipi di produzione a contratto disponibili.<\/p><p>In termini di produzione a contratto di stampaggio a iniezione e di come trovare un'azienda affidabile <a href=\"https:\/\/plasticmoulds.net\/china-injection-molding-company\" target=\"_blank\" rel=\"noreferrer noopener\">Cina stampaggio ad iniezione<\/a> produttore, c'\u00e8 una mancanza di consenso. Spesso i titolari di aziende si sentono sopraffatti e confusi dalle numerose opzioni disponibili.<\/p><figure class=\"wp-block-image size-full is-resized\"><a href=\"https:\/\/plasticmoulds.net\/wp-content\/uploads\/2022\/07\/7.png\"><img loading=\"lazy\" decoding=\"async\" width=\"190\" height=\"152\" src=\"https:\/\/plasticmoulds.net\/wp-content\/uploads\/2022\/07\/7.png\" alt=\"\" class=\"wp-image-7968\" style=\"width:592px;height:474px\"\/><\/a><figcaption class=\"wp-element-caption\"><h2 class=\"post-title\" style=\"box-sizing: border-box; font-style: normal; letter-spacing: normal; text-transform: none; white-space: normal; text-decoration-thickness: initial; text-decoration-style: initial; text-decoration-color: initial; font-family: Montserrat; line-height: 54px; margin: 0px 0px 4px; font-weight: 400; color: rgb(66, 66, 66); font-size: 30px;\">Produzione a contratto<\/h2><\/figcaption><\/figure><p>Non dovreste stressarvi quando si tratta di trovare un produttore di stampaggio a iniezione in Cina. In questo <a href=\"https:\/\/plasticmoulds.net\/plastic-molding-order-process\" target=\"_blank\" rel=\"noreferrer noopener\">guida<\/a>In questo articolo affronteremo alcune idee sbagliate comuni sui diversi tipi di produzione a contratto. Inoltre, vi forniremo tutte le informazioni necessarie per prendere una decisione informata.<\/p><p><strong>Produzione a contratto: 3 tipi da conoscere<\/strong><\/p><p>Sebbene ogni produttore offra servizi diversi, la produzione a contratto pu\u00f2 essere classificata in tre modi:<\/p><p>Un contratto di produzione a contratto pu\u00f2 assumere diverse forme. Rientrano in questa categoria un contratto di stampaggio a iniezione per la produzione di un singolo pezzo o componente in plastica, un contratto di subappalto di manodopera o di servizi o un contratto di servizio end-to-end.<\/p><p>I servizi, <a href=\"https:\/\/plasticmoulds.net\/what-is-plastic-mold.html\" target=\"_blank\" rel=\"noreferrer noopener\">strumenti<\/a>I materiali utilizzati da due produttori a contratto potrebbero essere molto diversi, anche se entrambi producono prodotti a marchio privato.<\/p><div class=\"wp-block-qubely-timeline qubely-block-0be0b5\" data-qubelyanimation=\"{&quot;animation&quot;:&quot;bounce&quot;,&quot;name&quot;:&quot;bounceCenter&quot;,&quot;repeat&quot;:&quot;once&quot;,&quot;direction&quot;:&quot;Center&quot;,&quot;duration&quot;:1000,&quot;delay&quot;:0,&quot;curve&quot;:&quot;ease-in-out&quot;,&quot;openAnimation&quot;:1}\"><div class=\"qubely-block-timeline qubely-timeline-layout-vertical qubely-timeline-orientation-center\"><div class=\"qubely-timeline-items\"><div class=\"qubely-timeline-item qubely-timeline-left\"><div class=\"qubely-timeline-connector\"><span class=\"qubely-timeline-connector-icon fas fa-angle-double-down\"><\/span><\/div><div class=\"qubely-timeline-content\"><div class=\"qubely-timeline-description\"><h4 class=\"qubely-timeline-title\">Progettazione di componenti (7 giorni)<\/h4><div class=\"qubely-timeline-description\">Topworks pu\u00f2\u00a0<a href=\"https:\/\/plasticmoulds.net\/design\">ottimizzare il progetto<\/a>\u00a0per risparmiare sui costi o per garantire la compatibilit\u00e0 con i processi asiatici, ottimizzando il progetto prima dell'attrezzaggio.<\/div><\/div><span class=\"qubely-timeline-indicator\"><\/span><\/div><div class=\"qubely-timeline-date-container\"><div class=\"qubely-timeline-date\"><strong>I clienti sono i benvenuti <br>per fornire file 3D<\/strong><\/div><\/div><\/div><div class=\"qubely-timeline-item qubely-timeline-right\"><div class=\"qubely-timeline-connector\"><span class=\"qubely-timeline-connector-icon fas fa-angle-double-down\"><\/span><\/div><div class=\"qubely-timeline-content\"><div class=\"qubely-timeline-description\"><h4 class=\"qubely-timeline-title\"><strong>Prototipazione delle parti (se necessario)<\/strong>(2 -3 giorni)<\/h4><div class=\"qubely-timeline-description\">Topworks pu\u00f2 utilizzare il controllo numerico computerizzato (CNC) per produrre un prototipo lavorato o una stampa 3D che potete vedere e sentire per convalidare il progetto del vostro pezzo.<\/div><\/div><span class=\"qubely-timeline-indicator\"><\/span><\/div><div class=\"qubely-timeline-date-container\"><div class=\"qubely-timeline-date\"><strong>\u00a0Lato cliente <\/strong><br><strong>O lato Topworks<\/strong><\/div><\/div><\/div><div class=\"qubely-timeline-item qubely-timeline-left\"><div class=\"qubely-timeline-connector\"><span class=\"qubely-timeline-connector-icon fas fa-angle-double-down\"><\/span><\/div><div class=\"qubely-timeline-content\"><div class=\"qubely-timeline-description\"><h4 class=\"qubely-timeline-title\"><strong>Design dello strumento<\/strong>(3-7 giorni)<\/h4><div class=\"qubely-timeline-description\">In questa fase, il foglio di lavoro delle informazioni sugli utensili viene utilizzato per progettare l'utensile.<\/div><\/div><span class=\"qubely-timeline-indicator\"><\/span><\/div><div class=\"qubely-timeline-date-container\"><div class=\"qubely-timeline-date\"><strong>Lato client O <\/strong><br><strong>Lato topworks<\/strong><\/div><\/div><\/div><div class=\"qubely-timeline-item qubely-timeline-right\"><div class=\"qubely-timeline-connector\"><span class=\"qubely-timeline-connector-icon fas fa-angle-double-down\"><\/span><\/div><div class=\"qubely-timeline-content\"><div class=\"qubely-timeline-description\"><h4 class=\"qubely-timeline-title\"><strong>Controllo degli utensili e analisi del flusso dello stampo<\/strong>(1-2 giorni)<\/h4><div class=\"qubely-timeline-description\">L'accuratezza del progetto dello strumento viene convalidata.<\/div><\/div><span class=\"qubely-timeline-indicator\"><\/span><\/div><div class=\"qubely-timeline-date-container\"><div class=\"qubely-timeline-date\"><strong>Lato topworks o lato client<\/strong><\/div><\/div><\/div><div class=\"qubely-timeline-item qubely-timeline-left\"><div class=\"qubely-timeline-connector\"><span class=\"qubely-timeline-connector-icon fas fa-angle-double-down\"><\/span><\/div><div class=\"qubely-timeline-content\"><div class=\"qubely-timeline-description\"><h4 class=\"qubely-timeline-title\"><strong>Fabbricazione di utensili<\/strong>(3-8 settimane, dipende)<\/h4><div class=\"qubely-timeline-description\">L'utensile viene fabbricato con precisione in base al progetto convalidato, utilizzando tecnologie di controllo numerico computerizzato (CNC) e di elettroerosione...<\/div><\/div><span class=\"qubely-timeline-indicator\"><\/span><\/div><div class=\"qubely-timeline-date-container\"><div class=\"qubely-timeline-date\"><strong>Lato topworks<\/strong><\/div><\/div><\/div><div class=\"qubely-timeline-item qubely-timeline-right\"><div class=\"qubely-timeline-connector\"><span class=\"qubely-timeline-connector-icon fas fa-angle-double-down\"><\/span><\/div><div class=\"qubely-timeline-content\"><div class=\"qubely-timeline-description\"><h4 class=\"qubely-timeline-title\"><strong>Primi scatti al cliente (T1, 3-4 giorni)<\/strong><\/h4><div class=\"qubely-timeline-description\">I primi test vengono inviati tramite corriere subito dopo la realizzazione degli stampi per iniezione. Una volta spedite, arrivano solitamente in 2-5 giorni.<\/div><\/div><span class=\"qubely-timeline-indicator\"><\/span><\/div><div class=\"qubely-timeline-date-container\"><div class=\"qubely-timeline-date\"><strong>Lato topworks<\/strong><\/div><\/div><\/div><div class=\"qubely-timeline-item qubely-timeline-left\"><div class=\"qubely-timeline-connector\"><span class=\"qubely-timeline-connector-icon fas fa-angle-double-down\"><\/span><\/div><div class=\"qubely-timeline-content\"><div class=\"qubely-timeline-description\"><h4 class=\"qubely-timeline-title\"><strong>Modifiche agli utensili e <\/strong><br><strong>Texturing<\/strong> (3-7 giorni, dipende)<\/h4><div class=\"qubely-timeline-description\">A questo punto, Topworks apporta allo strumento le modifiche necessarie per renderlo conforme alle specifiche approvate. Topworks apporta gratuitamente tutte le modifiche necessarie (escluse quelle progettuali, che sono sempre a pagamento).<br>In questa fase si esegue il processo di testurizzazione, che di solito \u00e8 l'ultimo passo prima della produzione in serie.<\/div><\/div><span class=\"qubely-timeline-indicator\"><\/span><\/div><div class=\"qubely-timeline-date-container\"><div class=\"qubely-timeline-date\"><strong>Lato topworks<\/strong><\/div><\/div><\/div><div class=\"qubely-timeline-item qubely-timeline-right\"><div class=\"qubely-timeline-connector\"><span class=\"qubely-timeline-connector-icon fas fa-angle-double-down\"><\/span><\/div><div class=\"qubely-timeline-content\"><div class=\"qubely-timeline-description\"><h4 class=\"qubely-timeline-title\"><strong>Produzione di massa o esportazione\u00a0<\/strong><\/h4><div class=\"qubely-timeline-description\">In questa fase, lo stampo viene consegnato al cliente o \u00e8 pronto per lo stampaggio a iniezione.<\/div><\/div><span class=\"qubely-timeline-indicator\"><\/span><\/div><div class=\"qubely-timeline-date-container\"><div class=\"qubely-timeline-date\"><strong>Lato topworks<\/strong><\/div><\/div><\/div><\/div><\/div><\/div><p>Un prodotto di buona qualit\u00e0 e un lancio rapido sono due fattori importanti da considerare in questa categoria.<\/p><p>Diversi settori sono supportati da produttori esterni. Scegliete un produttore che comprenda il mercato e le normative del vostro settore e le esigenze dei vostri clienti.<\/p><p>Troverete il partner di stampaggio a iniezione cinese pi\u00f9 affidabile per la vostra azienda valutando un produttore appaltatore in base a ciascuna di queste categorie. In base al prodotto, al settore e alla struttura aziendale, abbiamo delineato i criteri da ricercare in ciascuna categoria.<\/p><h2 class=\"wp-block-heading\" id=\"1-1-manufacturing-contract-types\">1: stampaggio ad iniezione in Cina Tipi di contratto di produzione<\/h2><p>I produttori cinesi di stampaggio a iniezione forniscono servizi specifici nell'ambito di accordi di produzione a contratto. Gli accordi di produzione a contratto sono disponibili in diverse forme, ma le quattro pi\u00f9 comuni sono:<\/p><h3 class=\"wp-block-heading\" id=\"2-private-label-manufacturing\">Produzione a marchio privato:<\/h3><p>In base alle vostre specifiche, il produttore di stampi a iniezione a contratto spedisce il prodotto finito al vostro negozio o magazzino. I componenti multipli stampati a iniezione vengono solitamente assemblati dal produttore prima della spedizione. Se si desidera realizzare prodotti in tempi rapidi, questa \u00e8 la scelta migliore.<\/p><h3 class=\"wp-block-heading\" id=\"3-individual-component-manufacturing\">Produzione di singoli componenti:<\/h3><p>Nella produzione a contratto, un singolo componente o una parte di un prodotto complesso viene prodotto dall'appaltatore cinese di stampaggio a iniezione. Il cliente \u00e8 responsabile dell'assemblaggio del prodotto finale una volta che le parti sono state prodotte. Per le aziende che gestiscono internamente alcuni aspetti della produzione, ma che non dispongono delle competenze o delle risorse necessarie per produrre determinati componenti, questa \u00e8 l'opzione migliore. \u00c8 una buona idea assumere un produttore a contratto per la lavorazione dei metalli se si ha bisogno di una parte metallica complessa.<\/p><h3 class=\"wp-block-heading\" id=\"4-labor-or-service-subcontracting\">Subappalto di manodopera o servizi:<\/h3><p>Come nel caso della produzione di singoli componenti, un produttore cinese di stampaggio a iniezione si occupa solo di un aspetto del processo, invece di fornire servizi completi. Quando le risorse o il personale interno di un appaltatore generale non sono in grado di gestire determinati compiti, viene assunto un subappaltatore specializzato. Se si tratta di un prodotto particolarmente complesso, l'outsourcing pu\u00f2 consentire di produrre un pezzo pi\u00f9 rapidamente o a un prezzo inferiore.<\/p><h3 class=\"wp-block-heading\" id=\"5-end-to-end-manufacturing\">Produzione end-to-end:<\/h3><p>La produzione a marchio privato ha caratteristiche quasi identiche, ma c'\u00e8 una differenza significativa: il produttore fornisce un maggiore feedback sul design del prodotto. Il vostro prodotto non deve necessariamente avere l'aspetto o funzionare esattamente come volete voi. Piuttosto che ottimizzare il design per la produzione, il produttore ottimizza ogni aspetto per ottenere un buon rapporto costi-benefici. Le aziende che vogliono produrre rapidamente prodotti di alta qualit\u00e0 al costo pi\u00f9 basso dovrebbero scegliere questa soluzione. Dalla progettazione all'assemblaggio, fino alla spedizione, tutto viene gestito per voi.<\/p><p>Dovreste prendere in considerazione un contratto end-to-end se avete un'esperienza limitata con la produzione. Riceverete un preventivo dettagliato dal produttore prima di firmare il contratto, in modo da sapere esattamente cosa vi aspetta.<\/p><h2 class=\"wp-block-heading\" id=\"6-2-materials-tools-and-services-used-in-manufacturing\">2: Materiali, strumenti e servizi utilizzati nella produzione di stampaggio a iniezione<\/h2><p>Quando si decide quale tipo di accordo di produzione a contratto firmare, occorre considerare le capacit\u00e0 interne dei potenziali produttori di stampaggio a iniezione cinesi. Non \u00e8 necessario che un esperto, uno strumento o un materiale sia sempre a disposizione perch\u00e9 un produttore abbia successo. \u00c8 sufficiente assicurarsi che il produttore disponga di tutte le risorse, gli strumenti e le conoscenze necessarie per produrre il vostro prodotto al massimo livello. In questo modo si possono evitare ritardi significativi e costi imprevisti. Gli strumenti di produzione includono i seguenti strumenti avanzati e versatili:<\/p><p>Software per CAD<br>Lavorazione CNC<br>Stampanti 3D<br>Pressofusione<\/p><p>L'uso di questi strumenti non solo facilita la produzione di prodotti di alta qualit\u00e0, ma consente anche ai produttori cinesi di stampaggio a iniezione di progettare o fabbricare i loro prodotti in modo pi\u00f9 efficiente, economico e con meno scarti.<\/p><p>Anche i materiali sono importanti. La selezione limitata di materiali disponibili per alcuni produttori limita notevolmente le opzioni di produzione. Scegliete un produttore che abbia esperienza nella lavorazione di una variet\u00e0 di materiali, come ad esempio:<\/p><ul class=\"wp-block-list\"><li><strong><em>Una variet\u00e0 di siliconi, come elastomeri, gel e vulcanizzazione a temperatura ambiente (RTV);<\/em><\/strong><\/li><li><strong><em>Il gruppo di materiali poliuretanici comprende elastomeri, schiume rigide, gel e schiume viscoelastiche;<\/em><\/strong><\/li><li><strong><em>Metalli e legni di diverso tipo;<\/em><\/strong><\/li><li><strong><em>E molto altro ancora.<\/em><\/strong><\/li><\/ul><p>Per produrre e testare i vostri prodotti prima che vengano immessi sul mercato, i produttori leader assumono anche uno staff diversificato e competente di ingegneri, operatori di attrezzature, metalmeccanici e falegnami. Questa combinazione di manodopera qualificata, materie prime diverse e strumenti di produzione avanzati vi consentir\u00e0 di ridurre i costi e di immettere pi\u00f9 rapidamente i vostri prodotti sul mercato. Assicuratevi che il produttore offra una serie di opzioni di produzione a contratto.<\/p><h2 class=\"wp-block-heading\" id=\"7-3-industries-supported-by-manufacturers\">3: Industrie supportate dai produttori di stampaggio a iniezione in Cina<\/h2><p>Un produttore a contratto di stampaggio a iniezione in Cina pu\u00f2 essere specializzato in una variet\u00e0 di settori. \u00c8 fondamentale lavorare con un produttore che comprenda il vostro settore, anche se alcuni produttori esperti possono produrre prodotti per pi\u00f9 settori. Deve essere dimostrato che il produttore:<\/p><p>Il prodotto proposto \u00e8 simile a uno gi\u00e0 progettato in precedenza;<br>Identificate le aspettative dei vostri clienti;<br>Tenere traccia delle tendenze del settore, delle best practice e degli ultimi sviluppi del mercato;<br>Per garantire che il vostro prodotto sia conforme alle normative del settore, dovete gi\u00e0 conoscerle o essere disposti a fare ricerche approfondite.<br>Se i vostri prodotti richiedono un elevato livello di dettaglio o di complessit\u00e0, questo aspetto \u00e8 particolarmente critico. I seguenti settori sono tra i pi\u00f9 esigenti:<\/p><ul class=\"wp-block-list\"><li><strong>Telecomunicazioni<\/strong><\/li><li><strong>Assistenza sanitaria<\/strong><\/li><li><strong>Elettronica<\/strong><\/li><\/ul><p>Per lavorare in uno di questi settori \u00e8 necessario collaborare con un produttore con esperienza nel campo. Esaminate il portafoglio del produttore. La vostra azienda ha stipulato un contratto per la produzione su commissione? Un produttore specializzato nella costruzione di parti per veicoli oceanografici autonomi potrebbe essere una buona scelta se state progettando una nuova attrezzatura per la ricerca oceanografica. \u00c8 anche consigliabile collaborare con un produttore che progetta e costruisce dispositivi medici e materiali di formazione se si lavora nel settore sanitario. Grazie alla loro conoscenza di tutte le severe normative relative ai prodotti sanitari, sanno come affrontarle.<\/p><h2 class=\"wp-block-heading\" id=\"8-china-injection-molding-manufacturers-how-to-choose-one\">Cina stampaggio ad iniezione Produttori: Come sceglierne uno<\/h2><p>Ora che conoscete i tre principali tipi di produzione a contratto, potete valutare i potenziali produttori cinesi di stampaggio a iniezione sulla base di queste informazioni. L'affidabilit\u00e0 e la disponibilit\u00e0 a collaborare alla progettazione sono due qualit\u00e0 essenziali per un produttore.<\/p><p>Un produttore a contratto dovrebbe fornire fin dall'inizio proposte contrattuali dettagliate e stime dei costi. Inoltre, dovrebbe essere in grado di mostrarvi la sua officina e di spiegarvi come verr\u00e0 realizzato il vostro prodotto, gli strumenti e i materiali utilizzati. Oltre a condividere esempi del loro lavoro, devono rispettare la privacy e la propriet\u00e0 intellettuale dei loro clienti precedenti. Il produttore sar\u00e0 probabilmente un ottimo partner per la vostra azienda se dispone di testimonianze di clienti entusiasti nel vostro settore.<\/p><p>La collaborazione, tuttavia, \u00e8 una delle caratteristiche pi\u00f9 importanti di un grande produttore a contratto di stampaggio a iniezione cinese. La creazione di qualcosa di cui si pu\u00f2 essere orgogliosi e che contribuisce in modo significativo alla societ\u00e0 avviene quando si lavora con un produttore a contratto che attribuisce alla qualit\u00e0 lo stesso valore che si attribuisce a voi.<\/p><p><\/p>","protected":false},"excerpt":{"rendered":"<p>China injection molding contract manufacturing1: china injection molding Manufacturing Contract TypesPrivate label manufacturing:Individual component manufacturing:Labor or service subcontracting:End-to-end manufacturing:2: Materials, tools, and services used in injection molding manufacturing3: Industries supported by china injection molding manufacturersChina injection molding Manufacturers: How to Choose OneGetting a high quality injection molded product from China onto the market quickly requires [&hellip;]<\/p>\n","protected":false},"author":11,"featured_media":0,"parent":0,"menu_order":0,"comment_status":"open","ping_status":"open","template":"","meta":{"footnotes":""},"class_list":["post-8304","page","type-page","status-publish","hentry"],"blocksy_meta":{"styles_descriptor":{"styles":{"desktop":"","tablet":"","mobile":""},"google_fonts":[],"version":6}},"_links":{"self":[{"href":"https:\/\/www.plasticmoulds.net\/it\/wp-json\/wp\/v2\/pages\/8304","targetHints":{"allow":["GET"]}}],"collection":[{"href":"https:\/\/www.plasticmoulds.net\/it\/wp-json\/wp\/v2\/pages"}],"about":[{"href":"https:\/\/www.plasticmoulds.net\/it\/wp-json\/wp\/v2\/types\/page"}],"author":[{"embeddable":true,"href":"https:\/\/www.plasticmoulds.net\/it\/wp-json\/wp\/v2\/users\/11"}],"replies":[{"embeddable":true,"href":"https:\/\/www.plasticmoulds.net\/it\/wp-json\/wp\/v2\/comments?post=8304"}],"version-history":[{"count":1,"href":"https:\/\/www.plasticmoulds.net\/it\/wp-json\/wp\/v2\/pages\/8304\/revisions"}],"predecessor-version":[{"id":13403,"href":"https:\/\/www.plasticmoulds.net\/it\/wp-json\/wp\/v2\/pages\/8304\/revisions\/13403"}],"wp:attachment":[{"href":"https:\/\/www.plasticmoulds.net\/it\/wp-json\/wp\/v2\/media?parent=8304"}],"curies":[{"name":"wp","href":"https:\/\/api.w.org\/{rel}","templated":true}]}}