{"id":5418,"date":"2021-05-29T11:35:32","date_gmt":"2021-05-29T03:35:32","guid":{"rendered":"https:\/\/plasticmoulds.net\/?p=5418"},"modified":"2023-12-31T17:10:46","modified_gmt":"2023-12-31T09:10:46","slug":"stampaggio-ad-iniezione-in-outsourcing-in-cina","status":"publish","type":"page","link":"https:\/\/www.plasticmoulds.net\/it\/injection-molding-outsourcing-in-china","title":{"rendered":"Le 10 migliori pratiche di outsourcing dello stampaggio a iniezione in Cina"},"content":{"rendered":"<h1 class=\"wp-block-heading\" id=\"1-injection-molding-outsourcing-in-china\">Outsourcing dello stampaggio a iniezione in Cina<\/h1><nav class=\"wp-block-stackable-table-of-contents stk-block-table-of-contents stk-block stk-cb4f0c7 stk-block-background\" data-block-id=\"cb4f0c7\"><p class=\"stk-table-of-contents__title\">Indice dei contenuti<\/p><ul class=\"stk-table-of-contents__table\"><li><a href=\"#2-how-does-china-injection-molding-outsourcing-work\">Come funziona l'outsourcing dello stampaggio a iniezione in Cina?<\/a><ul><li><a href=\"#3-the-risks-and-challenges-associated-with-outsourcing-in-china\">I rischi e le sfide associati all'outsourcing in Cina<\/a><\/li><\/ul><\/li><li><a href=\"#4-managing-best-practices\">Gestione delle migliori pratiche<\/a><ul><li><a href=\"#undefined\">Costruire relazioni con i manager chiave<\/a><\/li><li><a href=\"#6--plan-your-project-scope-and-timeline-\"> Pianificare l'ambito e la tempistica del progetto <\/a><\/li><li><a href=\"#8--try-to-think-beyond-price-\"> Cercate di pensare al di l\u00e0 del prezzo. <\/a><\/li><li><a href=\"#9--dont-take-the-portfolio-lightly-\"> Non prendete alla leggera il portafoglio <\/a><\/li><li><a href=\"#12--negotiate-your-ownership-as-early-as-possible-\">Negoziare la propriet\u00e0 il prima possibile <\/a><\/li><li><a href=\"#13--support-after-the-delivery-\"> Assistenza dopo la consegna <\/a><\/li><\/ul><\/li><li><a href=\"#15--how-to-outsource-\"> Come esternalizzare <\/a><\/li><\/ul><\/nav><figure class=\"wp-block-image aligncenter\"><a href=\"https:\/\/plasticmoulds.net\/wp-content\/uploads\/2021\/07\/plastic-mold-6.jpg\"><img loading=\"lazy\" decoding=\"async\" width=\"796\" height=\"359\" src=\"https:\/\/plasticmoulds.net\/wp-content\/uploads\/2021\/07\/plastic-mold-6.jpg\" alt=\"Cina Stampaggio ad iniezione\" class=\"wp-image-5780\" srcset=\"https:\/\/www.plasticmoulds.net\/wp-content\/uploads\/2021\/07\/plastic-mold-6.jpg 796w, https:\/\/www.plasticmoulds.net\/wp-content\/uploads\/2021\/07\/plastic-mold-6-300x135.jpg 300w, https:\/\/www.plasticmoulds.net\/wp-content\/uploads\/2021\/07\/plastic-mold-6-768x346.jpg 768w\" sizes=\"auto, (max-width: 796px) 100vw, 796px\" \/><\/a><figcaption class=\"wp-element-caption\">Cina Stampaggio ad iniezione<\/figcaption><\/figure><p>C'\u00e8 una crescita in <a href=\"https:\/\/plasticmoulds.net\/injection-moldin\u2026ourcing-in-china.html\">Outsourcing dello stampaggio a iniezione in Cina<\/a>.<\/p><p>Nel 2020, \u00e8 stato stimato che quasi 35% di aziende esternalizzeranno lo stampaggio a iniezione in Cina, con 78% soddisfatte del risultato.<\/p><p>L'ambiente di mercato competitivo che abbiamo affrontato negli ultimi anni in materia di outsourcing ha portato gli attuali fornitori di outsourcing a fornire ai clienti molto pi\u00f9 di una soluzione di stampaggio a iniezione economicamente vantaggiosa.<\/p><figure class=\"wp-block-image aligncenter size-full is-resized\"><a href=\"https:\/\/plasticmoulds.net\/wp-content\/uploads\/2022\/07\/13.png\"><img loading=\"lazy\" decoding=\"async\" width=\"256\" height=\"256\" src=\"https:\/\/plasticmoulds.net\/wp-content\/uploads\/2022\/07\/13.png\" alt=\"\" class=\"wp-image-7946\" style=\"width:547px;height:547px\" srcset=\"https:\/\/www.plasticmoulds.net\/wp-content\/uploads\/2022\/07\/13.png 256w, https:\/\/www.plasticmoulds.net\/wp-content\/uploads\/2022\/07\/13-150x150.png 150w\" sizes=\"auto, (max-width: 256px) 100vw, 256px\" \/><\/a><\/figure><p>L'outsourcing dello stampaggio a iniezione in Cina \u00e8 diventato molto pi\u00f9 di una misura di risparmio. Il <a href=\"https:\/\/plasticmoulds.net\/injection-molding-company\">scelta giusta<\/a> di fornitori di outsourcing e outstaffing consente alle aziende di stabilire un rapporto professionale duraturo con un team di sviluppo di alta qualit\u00e0 e una gestione efficace dello stampaggio a iniezione.<\/p><div class=\"wp-block-group alignwide is-layout-constrained wp-block-group-is-layout-constrained\"><div class=\"wp-block-stackable-timeline stk-block-timeline stk-block-timeline--left stk-block stk-fdbdf91 stk-block-background\" data-block-id=\"fdbdf91\"><style>.stk-fdbdf91{background-color:#fccd00 !important;--gap:20px !important;--line-dot-border-radius:0px !important;--line-dot-size:20px !important}.stk-fdbdf91:before{background-color:#fccd00 !important}@media screen and (max-width:689px){.stk-fdbdf91 .stk-inner-blocks:after{top:16px !important}}<\/style><div class=\"stk-row stk-inner-blocks stk-block-content stk-content-align stk-fdbdf91-column\"><div class=\"stk-block-timeline__date\">Progettazione di componenti 7 giorni<\/div><div class=\"stk-block-timeline__middle\"><\/div><div class=\"stk-block-timeline__content\"><div class=\"wp-block-stackable-column stk-block-column stk-column stk-block stk-eea635e stk-block-background\" data-v=\"4\" data-block-id=\"eea635e\"><style>.stk-eea635e-container{margin-top:0px !important;margin-right:0px !important;margin-bottom:0px !important;margin-left:0px !important}.stk-eea635e-inner-blocks{justify-content:flex-start !important}.stk-eea635e{background-color:var(--theme-palette-color-5,#E2E7ED) !important}.stk-eea635e:before{background-color:var(--theme-palette-color-5,#E2E7ED) !important}<\/style><div class=\"stk-column-wrapper stk-block-column__content stk-container stk-eea635e-container stk--no-background stk--no-padding\"><div class=\"stk--column-flex stk-block-content stk-inner-blocks stk-eea635e-inner-blocks\"><p>Topworks pu\u00f2\u00a0<a href=\"https:\/\/plasticmoulds.net\/design\">ottimizzare il progetto<\/a>\u00a0per risparmiare sui costi o per garantire la compatibilit\u00e0 ottimizzando il progetto prima dell'attrezzaggio. I clienti sono invitati a fornire file 3D<\/p><\/div><\/div><\/div><\/div><\/div><\/div><div class=\"wp-block-stackable-timeline stk-block-timeline stk-block-timeline--left stk-block stk-65d80fe stk-block-background\" data-block-id=\"65d80fe\"><style>.stk-65d80fe{background-color:#fccd00 !important}.stk-65d80fe:before{background-color:#fccd00 !important}@media screen and (max-width:689px){.stk-65d80fe .stk-inner-blocks:after{top:16px !important}}<\/style><div class=\"stk-row stk-inner-blocks stk-block-content stk-content-align stk-65d80fe-column\"><div class=\"stk-block-timeline__date\">Prototipazione delle parti (se necessario) (2 -3 giorni)<\/div><div class=\"stk-block-timeline__middle\"><\/div><div class=\"stk-block-timeline__content\"><div class=\"wp-block-stackable-column stk-block-column stk-column stk-block stk-47b313d\" data-v=\"4\" data-block-id=\"47b313d\"><style>.stk-47b313d-container{margin-top:0px !important;margin-right:0px !important;margin-bottom:0px !important;margin-left:0px !important}<\/style><div class=\"stk-column-wrapper stk-block-column__content stk-container stk-47b313d-container stk--no-background stk--no-padding\"><div class=\"stk-block-content stk-inner-blocks stk-47b313d-inner-blocks\"><p>Topworks pu\u00f2 utilizzare il controllo numerico computerizzato (CNC) per produrre un prototipo lavorato o una stampa 3D che potete vedere e sentire per convalidare il progetto del vostro pezzo.<\/p><\/div><\/div><\/div><\/div><\/div><\/div><div class=\"wp-block-stackable-timeline stk-block-timeline stk-block-timeline--left stk-block stk-c210ffa stk-block-background\" data-block-id=\"c210ffa\"><style>.stk-c210ffa{background-color:#fccd00 !important;--line-bg-color:var(--theme-palette-color-6,#edeff2) !important}.stk-c210ffa:before{background-color:#fccd00 !important}@media screen and (max-width:689px){.stk-c210ffa .stk-inner-blocks:after{top:16px !important}}<\/style><div class=\"stk-row stk-inner-blocks stk-block-content stk-content-align stk-c210ffa-column\"><div class=\"stk-block-timeline__date\">Progettazione degli strumenti (3-7 giorni)<\/div><div class=\"stk-block-timeline__middle\"><\/div><div class=\"stk-block-timeline__content\"><div class=\"wp-block-stackable-column stk-block-column stk-column stk-block stk-b2b416d stk-block-background\" data-v=\"4\" data-block-id=\"b2b416d\"><style>.stk-b2b416d-container{margin-top:0px !important;margin-right:0px !important;margin-bottom:0px !important;margin-left:0px !important}.stk-b2b416d{background-color:var(--theme-palette-color-5,#E2E7ED) !important}.stk-b2b416d:before{background-color:var(--theme-palette-color-5,#E2E7ED) !important}<\/style><div class=\"stk-column-wrapper stk-block-column__content stk-container stk-b2b416d-container stk--no-background stk--no-padding\"><div class=\"stk-block-content stk-inner-blocks stk-b2b416d-inner-blocks\"><p>In questa fase, il foglio di lavoro delle informazioni sugli utensili viene utilizzato per progettare l'utensile.<\/p><\/div><\/div><\/div><\/div><\/div><\/div><div class=\"wp-block-stackable-timeline stk-block-timeline stk-block-timeline--left stk-block stk-cad37d9 stk-block-background\" data-block-id=\"cad37d9\"><style>.stk-cad37d9{background-color:#fccd00 !important;--gap:9px !important}.stk-cad37d9:before{background-color:#fccd00 !important}@media screen and (max-width:689px){.stk-cad37d9 .stk-inner-blocks:after{top:16px !important}}<\/style><div class=\"stk-row stk-inner-blocks stk-block-content stk-content-align stk-cad37d9-column\"><div class=\"stk-block-timeline__date\">Controllo della progettazione dello strumento (2-3 giorni)<\/div><div class=\"stk-block-timeline__middle\"><\/div><div class=\"stk-block-timeline__content\"><div class=\"wp-block-stackable-column stk-block-column stk-column stk-block stk-0991ce0\" data-v=\"4\" data-block-id=\"0991ce0\"><style>.stk-0991ce0-container{margin-top:0px !important;margin-right:0px !important;margin-bottom:0px !important;margin-left:0px !important}<\/style><div class=\"stk-column-wrapper stk-block-column__content stk-container stk-0991ce0-container stk--no-background stk--no-padding\"><div class=\"stk-block-content stk-inner-blocks stk-0991ce0-inner-blocks\"><p>L'accuratezza del progetto dello strumento viene convalidata.<\/p><\/div><\/div><\/div><\/div><\/div><\/div><div class=\"wp-block-stackable-timeline stk-block-timeline stk-block-timeline--left stk-block stk-d27a1cb stk-block-background\" data-block-id=\"d27a1cb\"><style>.stk-d27a1cb{background-color:#fccd00 !important}.stk-d27a1cb:before{background-color:#fccd00 !important}@media screen and (max-width:689px){.stk-d27a1cb .stk-inner-blocks:after{top:16px !important}}<\/style><div class=\"stk-row stk-inner-blocks stk-block-content stk-content-align stk-d27a1cb-column\"><div class=\"stk-block-timeline__date\">Fabbricazione di utensili (3-8 settimane, dipende)<\/div><div class=\"stk-block-timeline__middle\"><\/div><div class=\"stk-block-timeline__content\"><div class=\"wp-block-stackable-column stk-block-column stk-column stk-block stk-245f43f\" data-v=\"4\" data-block-id=\"245f43f\"><style>.stk-245f43f-container{margin-top:0px !important;margin-right:0px !important;margin-bottom:0px !important;margin-left:0px !important}<\/style><div class=\"stk-column-wrapper stk-block-column__content stk-container stk-245f43f-container stk--no-background stk--no-padding\"><div class=\"stk-block-content stk-inner-blocks stk-245f43f-inner-blocks\"><p class=\"has-palette-color-5-background-color has-background\">L'utensile viene fabbricato con precisione in base al progetto convalidato utilizzando il controllo numerico computerizzato (CNC) e la lavorazione a scarica elettrica (EDM) ...<\/p><\/div><\/div><\/div><\/div><\/div><\/div><div class=\"wp-block-stackable-timeline stk-block-timeline stk-block-timeline--left stk-block stk-227f73b stk-block-background\" data-block-id=\"227f73b\"><style>.stk-227f73b{background-color:#fccd00 !important}.stk-227f73b:before{background-color:#fccd00 !important}@media screen and (max-width:689px){.stk-227f73b .stk-inner-blocks:after{top:16px !important}}<\/style><div class=\"stk-row stk-inner-blocks stk-block-content stk-content-align stk-227f73b-column\"><div class=\"stk-block-timeline__date\">Primi scatti al cliente (T1, 2-5 giorni)<\/div><div class=\"stk-block-timeline__middle\"><\/div><div class=\"stk-block-timeline__content\"><div class=\"wp-block-stackable-column stk-block-column stk-column stk-block stk-1cac3b5\" data-v=\"4\" data-block-id=\"1cac3b5\"><style>.stk-1cac3b5-container{margin-top:0px !important;margin-right:0px !important;margin-bottom:0px !important;margin-left:0px !important}<\/style><div class=\"stk-column-wrapper stk-block-column__content stk-container stk-1cac3b5-container stk--no-background stk--no-padding\"><div class=\"stk-block-content stk-inner-blocks stk-1cac3b5-inner-blocks\"><p>I primi test vengono inviati tramite corriere subito dopo la realizzazione degli stampi per iniezione. Una volta spedite, arrivano solitamente in 2-5 giorni.<\/p><\/div><\/div><\/div><\/div><\/div><\/div><div class=\"wp-block-stackable-timeline stk-block-timeline stk-block-timeline--left stk-block stk-3900415 stk-block-background\" data-block-id=\"3900415\"><style>.stk-3900415{background-color:#fccd00 !important;--line-bg-color:var(--theme-palette-color-6,#edeff2) !important}.stk-3900415:before{background-color:#fccd00 !important}@media screen and (max-width:689px){.stk-3900415 .stk-inner-blocks:after{top:16px !important}}<\/style><div class=\"stk-row stk-inner-blocks stk-block-content stk-content-align stk-3900415-column\"><div class=\"stk-block-timeline__date\">Modifiche agli strumenti e testurizzazione (3-7 giorni, dipende)<\/div><div class=\"stk-block-timeline__middle\"><\/div><div class=\"stk-block-timeline__content\"><div class=\"wp-block-stackable-column stk-block-column stk-column stk-block stk-8d61579\" data-v=\"4\" data-block-id=\"8d61579\"><style>.stk-8d61579-container{margin-top:0px !important;margin-right:0px !important;margin-bottom:0px !important;margin-left:0px !important}<\/style><div class=\"stk-column-wrapper stk-block-column__content stk-container stk-8d61579-container stk--no-background stk--no-padding\"><div class=\"stk-block-content stk-inner-blocks stk-8d61579-inner-blocks\"><p class=\"has-palette-color-5-background-color has-background\">A questo punto, Topworks apporta allo strumento le modifiche necessarie per renderlo conforme alle specifiche approvate. Topworks apporta gratuitamente tutte le modifiche necessarie (escluse quelle progettuali, che sono sempre a pagamento).<br>In questa fase si esegue il processo di testurizzazione, che di solito \u00e8 l'ultimo passo prima della produzione in serie.<br>Lato topworks<\/p><\/div><\/div><\/div><\/div><\/div><\/div><div class=\"wp-block-stackable-timeline stk-block-timeline stk-block-timeline--left stk-is-last stk-block stk-38821a3 stk-block-background\" data-block-id=\"38821a3\"><style>.stk-38821a3{background-color:#fccd00 !important}.stk-38821a3:before{background-color:#fccd00 !important}@media screen and (max-width:689px){.stk-38821a3 .stk-inner-blocks:after{top:16px !important;bottom:calc(0px + (100% - 0px) - 16px) !important}}<\/style><div class=\"stk-row stk-inner-blocks stk-block-content stk-content-align stk-38821a3-column\"><div class=\"stk-block-timeline__date\">Produzione di massa o esportazione&nbsp;<\/div><div class=\"stk-block-timeline__middle\"><\/div><div class=\"stk-block-timeline__content\"><div class=\"wp-block-stackable-column stk-block-column stk-column stk-block stk-3619196\" data-v=\"4\" data-block-id=\"3619196\"><style>.stk-3619196-container{margin-top:0px !important;margin-right:0px !important;margin-bottom:0px !important;margin-left:0px !important}<\/style><div class=\"stk-column-wrapper stk-block-column__content stk-container stk-3619196-container stk--no-background stk--no-padding\"><div class=\"stk-block-content stk-inner-blocks stk-3619196-inner-blocks\"><div class=\"wp-block-stackable-text stk-block-text stk-block stk-d000f7f\" data-block-id=\"d000f7f\"><p class=\"stk-block-text__text\">In questa fase, lo stampo viene consegnato al cliente o \u00e8 pronto per lo stampaggio a iniezione.<\/p><\/div><\/div><\/div><\/div><\/div><\/div><\/div><\/div><h2 class=\"wp-block-heading\" id=\"2-how-does-china-injection-molding-outsourcing-work\">Come funziona l'outsourcing dello stampaggio a iniezione in Cina?<\/h2><p>L'outsourcing non \u00e8 vantaggioso solo per lo sviluppo di utensili e stampaggio a iniezione. La gestione delle risorse umane, la gestione degli impianti, la gestione della catena di fornitura, il supporto e l'assistenza ai clienti, il marketing, i test diagnostici e la documentazione legale sono alcuni dei servizi che i fornitori tendono a esternalizzare.<\/p><h3 class=\"wp-block-heading\" id=\"3-the-risks-and-challenges-associated-with-outsourcing-in-china\">I rischi e le sfide associati all'outsourcing in Cina<\/h3><p>La selezione di un fornitore \u00e8 fondamentale per evitare omissioni. Le collaborazioni in outsourcing potrebbero essere vulnerabili nei seguenti punti:<\/p><ul class=\"wp-block-list\"><li>I tempi di consegna sono pi\u00f9 lenti.<\/li><li>Conoscenza del settore del fornitore.<\/li><li>Le barriere sono dovute alla lingua e alla cultura.<\/li><li>I fusi orari sono diversi.<\/li><li>Incapacit\u00e0 di controllo.<\/li><\/ul><h2 class=\"wp-block-heading\" id=\"4-managing-best-practices\">Gestione delle migliori pratiche<\/h2><h3 class=\"wp-block-heading\">Costruire relazioni con i manager chiave<\/h3><p>L'efficacia del rapporto tra i dirigenti di entrambi i team dipende dalla loro capacit\u00e0 di comunicare, collaborare e mantenere un rapporto di lavoro sano. Numerosi studi su progetti di outsourcing di stampaggio a iniezione in Cina hanno rivelato che una forte chimica di lavoro e le relazioni tra colleghi sono fondamentali per il successo dei progetti di outsourcing di stampaggio a iniezione.<\/p><h3 class=\"wp-block-heading\" id=\"6--plan-your-project-scope-and-timeline-\"> Pianificare l'ambito e la tempistica del progetto <\/h3><p>Siate chiari su ci\u00f2 che volete ottenere prima di iniziare il lavoro. Fornite in anticipo informazioni accurate e complete in modo che i fornitori di servizi di stampaggio a iniezione cinesi possano indicarvi prezzi realistici. Comunicate ai fornitori di servizi di stampaggio a iniezione il maggior numero di informazioni possibili sul lavoro da completare.<\/p><p>Assicuratevi che i vostri requisiti di pianificazione siano realistici e chiari, poich\u00e9 la vostra pianificazione pu\u00f2 influenzare drasticamente il costo del progetto.<\/p><p>Assicuratevi che il vostro partner di outsourcing abbia la giusta esperienza con il vostro tipo di progetto. Lo sviluppo dello stampaggio a iniezione all'estero \u00e8 particolarmente complicato, quindi \u00e8 necessario assumere uno specialista.<\/p><h3 class=\"wp-block-heading\" id=\"8--try-to-think-beyond-price-\"> Cercate di pensare al di l\u00e0 del prezzo. <\/h3><p>Gli acquirenti esterni esperti che valutano centinaia di proposte sono di solito unanimi nel raccomandare di ignorare sia l'offerta pi\u00f9 bassa che quella pi\u00f9 alta del concorrente.<\/p><p>Gli acquirenti che hanno ottenuto i migliori risultati con le loro aziende di stampaggio a iniezione cinesi ritengono che il fornitore abbia offerto un buon rapporto qualit\u00e0-prezzo, fornendo al contempo risultati di qualit\u00e0.<\/p><h3 class=\"wp-block-heading\" id=\"9--dont-take-the-portfolio-lightly-\"> Non prendete alla leggera il portafoglio <\/h3><p>Esaminare i precedenti lavori di stampaggio a iniezione eseguiti dal fornitore. Anche se il portfolio, le referenze e le precedenti esperienze lavorative del fornitore cinese di stampaggio a iniezione non dimostrano la sua competenza, potrebbe comunque essere in grado di creare un modello o di delineare un semplice piano d'azione.<\/p><p>I fornitori cinesi di stampaggio a iniezione che sono fortemente interessati a guadagnare la vostra attivit\u00e0 possono essere in grado di fornirvi un'idea approssimativa di ci\u00f2 che offriranno.<\/p><p>Chiedete pure un modello, ma non pretendete che il fornitore vi fornisca un lavoro finito su vostra specifica. <strong>Nessun professionista qualificato accetter\u00e0 di lavorare gratuitamente.<\/strong><\/p><p>Rivolgetevi al primo fornitore di servizi per un lavoro piccolo e relativamente semplice, per poi passare a lavori di stampaggio a iniezione pi\u00f9 grandi e complessi con il passare del tempo.<\/p><p>In questo modo potrete comprendere meglio le offerte e le capacit\u00e0 del fornitore prima di affidargli il vostro progetto \"mission-critical\".<\/p><p>Allo stesso modo, cos\u00ec come \u00e8 imperativo assicurarsi di delineare un calendario chiaro per il progetto di stampaggio a iniezione in outsourcing, pu\u00f2 essere utile anche stabilire un programma specifico per le consegne.<\/p><p>Programmando dei punti di controllo regolari, in cui \u00e8 possibile verificare lo stato del progetto man mano che procede verso il completamento, \u00e8 facile garantire che gli stampisti completino il progetto nei tempi previsti e con una qualit\u00e0 elevata. Dovreste coordinare il pagamento del fornitore con queste tappe.<\/p><p>Una buona regola \u00e8 quella di finanziare di tasca propria solo una piccola parte dei costi totali del progetto e il resto a rate nell'arco di tre o quattro tappe.<\/p><h3 class=\"wp-block-heading\" id=\"12--negotiate-your-ownership-as-early-as-possible-\">Negoziare la propriet\u00e0 il prima possibile <\/h3><p>Se si esternalizza un lavoro di attrezzaggio o di stampaggio a iniezione in Cina, \u00e8 fondamentale chiarire chi \u00e8 il proprietario del prodotto di lavoro e di tutti i suoi elementi significativi.<\/p><p>Se intendete sviluppare un pezzo di stampaggio a iniezione personalizzato per uso personale, ci saranno differenze sostanziali rispetto allo sviluppo di parti in plastica che intendete rivendere.<\/p><h3 class=\"wp-block-heading\" id=\"13--support-after-the-delivery-\"> Assistenza dopo la consegna <\/h3><p>\u00c8 buona norma includere una clausola di garanzia nei progetti tecnologici, in modo da poter garantire che il fornitore cinese di stampaggio a iniezione continuer\u00e0 a fornire assistenza anche dopo il completamento del progetto di stampaggio a iniezione.<\/p><p>Per negoziare una clausola di supporto, \u00e8 molto pi\u00f9 facile negoziarla prima che il fornitore di servizi inizi a lavorare piuttosto che dopo che il progetto di stampaggio a iniezione \u00e8 stato completato. <\/p><p>Uno stampaggio a iniezione in outsourcing dalla Cina coinvolge entrambe le culture e queste differenze devono essere accolte e colmate. Sarebbe meglio organizzare eventi sociali tra le aziende per comprendere meglio le differenze culturali.<\/p><h2 class=\"wp-block-heading\" id=\"15--how-to-outsource-\"> Come esternalizzare <\/h2><p>Per ottenere il prezzo migliore da un fornitore cinese di stampaggio a iniezione, assicuratevi di avere pronte in anticipo tutte le risposte alle seguenti domande.<\/p><ul class=\"wp-block-list\"><li>Il lavoro o il progetto di stampaggio a iniezione dalla Cina da esternalizzare \u00e8 chiaro per voi?<\/li><li>Avete una descrizione dettagliata del compito, o almeno delle linee guida chiare per l'esternalizzazione?<\/li><li>Descrizione del progetto specifico di stampaggio a iniezione<\/li><li>Prestazioni attese<\/li><li>Il costo\/budget del progetto<\/li><li>Indicare chiaramente la scadenza\/il termine<\/li><li>Requisiti del progetto di stampaggio a iniezione<\/li><li>Richiesta di risorse<\/li><li>Chi gestir\u00e0 e interagir\u00e0 con l'appaltatore esterno nella vostra organizzazione?<\/li><\/ul><p>\u00c8 possibile che l'appaltatore assunto inizialmente collabori con voi per creare uno schema dei passaggi necessari per completare l'attivit\u00e0, in modo da potervi fare riferimento in seguito, come parte di un manuale operativo o per essere utilizzato da un altro appaltatore di stampaggio a iniezione in Cina se quello iniziale ha fallito?<\/p>","protected":false},"excerpt":{"rendered":"<p>Injection Molding Outsourcing in ChinaTable of ContentsHow does China Injection Molding Outsourcing work?The risks and challenges associated with outsourcing in ChinaManaging best practicesBuilding relationships with key managers Plan your project scope and timeline Try to think beyond price. Don&#8217;t take the portfolio lightly Negotiate your ownership as early as possible Support after the delivery How [&hellip;]<\/p>\n","protected":false},"author":11,"featured_media":5378,"parent":0,"menu_order":0,"comment_status":"open","ping_status":"open","template":"","meta":{"footnotes":""},"class_list":["post-5418","page","type-page","status-publish","has-post-thumbnail","hentry"],"blocksy_meta":{"styles_descriptor":{"styles":{"desktop":"","tablet":"","mobile":""},"google_fonts":[],"version":6}},"_links":{"self":[{"href":"https:\/\/www.plasticmoulds.net\/it\/wp-json\/wp\/v2\/pages\/5418","targetHints":{"allow":["GET"]}}],"collection":[{"href":"https:\/\/www.plasticmoulds.net\/it\/wp-json\/wp\/v2\/pages"}],"about":[{"href":"https:\/\/www.plasticmoulds.net\/it\/wp-json\/wp\/v2\/types\/page"}],"author":[{"embeddable":true,"href":"https:\/\/www.plasticmoulds.net\/it\/wp-json\/wp\/v2\/users\/11"}],"replies":[{"embeddable":true,"href":"https:\/\/www.plasticmoulds.net\/it\/wp-json\/wp\/v2\/comments?post=5418"}],"version-history":[{"count":0,"href":"https:\/\/www.plasticmoulds.net\/it\/wp-json\/wp\/v2\/pages\/5418\/revisions"}],"wp:featuredmedia":[{"embeddable":true,"href":"https:\/\/www.plasticmoulds.net\/it\/wp-json\/wp\/v2\/media\/5378"}],"wp:attachment":[{"href":"https:\/\/www.plasticmoulds.net\/it\/wp-json\/wp\/v2\/media?parent=5418"}],"curies":[{"name":"wp","href":"https:\/\/api.w.org\/{rel}","templated":true}]}}