{"id":2432,"date":"2019-03-08T10:58:52","date_gmt":"2019-03-08T02:58:52","guid":{"rendered":"https:\/\/plasticmoulds.net\/?page_id=2432"},"modified":"2024-09-25T10:07:01","modified_gmt":"2024-09-25T02:07:01","slug":"come-presentare-la-propria-idea-di-prodotto-a-uno-studio-di-design","status":"publish","type":"page","link":"https:\/\/www.plasticmoulds.net\/it\/how-to-present-your-product-idea-to-a-design-firm","title":{"rendered":"Come presentare la propria idea di prodotto a uno studio di design"},"content":{"rendered":"<h3 class=\"wp-block-heading\">Come presentare la propria idea di prodotto a uno studio di design<\/h3><h4 class=\"wp-block-heading\">Avete un'idea di prodotto che volete portare sul mercato. E adesso?<\/h4><p>Aspiranti imprenditori, ingegneri... La vostra mente corre a mille all'ora pensando ai tanti modi in cui potete migliorare il vostro ambiente. Di recente vi \u00e8 venuta un'idea di prodotto che sapete essere utile a molte persone. Vale la pena provare a svilupparla e a immetterla sul mercato, ma come iniziare?<\/p><figure class=\"wp-block-image size-large is-resized\"><a href=\"https:\/\/plasticmoulds.net\/wp-content\/uploads\/2024\/09\/Designing-a-New-Injection-Molding-Product.png\"><img loading=\"lazy\" decoding=\"async\" width=\"1024\" height=\"1017\" src=\"https:\/\/plasticmoulds.net\/wp-content\/uploads\/2024\/09\/Designing-a-New-Injection-Molding-Product-1024x1017.png\" alt=\"\" class=\"wp-image-13042\" style=\"width:668px;height:auto\" srcset=\"https:\/\/www.plasticmoulds.net\/wp-content\/uploads\/2024\/09\/Designing-a-New-Injection-Molding-Product-1024x1017.png 1024w, https:\/\/www.plasticmoulds.net\/wp-content\/uploads\/2024\/09\/Designing-a-New-Injection-Molding-Product-300x298.png 300w, https:\/\/www.plasticmoulds.net\/wp-content\/uploads\/2024\/09\/Designing-a-New-Injection-Molding-Product-150x150.png 150w, https:\/\/www.plasticmoulds.net\/wp-content\/uploads\/2024\/09\/Designing-a-New-Injection-Molding-Product-768x762.png 768w, https:\/\/www.plasticmoulds.net\/wp-content\/uploads\/2024\/09\/Designing-a-New-Injection-Molding-Product-1536x1525.png 1536w, https:\/\/www.plasticmoulds.net\/wp-content\/uploads\/2024\/09\/Designing-a-New-Injection-Molding-Product-2048x2033.png 2048w, https:\/\/www.plasticmoulds.net\/wp-content\/uploads\/2024\/09\/Designing-a-New-Injection-Molding-Product-12x12.png 12w\" sizes=\"auto, (max-width: 1024px) 100vw, 1024px\" \/><\/a><\/figure><p>Se la vostra idea \u00e8 un prodotto fisico, questo articolo fa per voi. Vi spiegheremo esattamente come presentare la vostra idea di prodotto a un'azienda di design, un'attivit\u00e0 che servir\u00e0 a iniziare la fase di progettazione del vostro progetto.<\/p><p>Vi illustreremo tutto ci\u00f2 che dovete sapere per compilare un documento in stile presentazione che spieghi la vostra idea a uno studio di progettazione. Pu\u00f2 trattarsi di una presentazione standard con diapositive o di un qualsiasi documento di vostra scelta che includa contenuti rilevanti.&nbsp;<strong><em>Siete invitati a immergervi nella presentazione campione che abbiamo messo a disposizione online&nbsp;<\/em><\/strong><a href=\"https:\/\/goo.gl\/vKvK32\" target=\"_blank\" rel=\"noopener\"><strong><em>qui<\/em><\/strong><\/a><strong><em>, o inferiore:<\/em><\/strong><\/p><p><a href=\"https:\/\/docs.google.com\/presentation\/d\/e\/2PACX-1vSY3vlxMRCeLycaqj5KxgQfUtJyA1G1Ahy_Yl5QDia63uFQOYGrYUtRkNELNpwSkY2NQ8VFLv1uddrt\/pub?start=false&amp;loop=false&amp;delayms=3000&amp;slide=id.p\" target=\"_blank\" rel=\"noopener\">Concetto di serratura della porta<\/a><\/p><p>Leggerai le quattro componenti che la tua presentazione dovrebbe includere: il problema, la soluzione, l'estetica e il punto di prezzo e la panoramica dei concorrenti. Poi troverete una sezione di consigli e suggerimenti basati su alcune delle domande pi\u00f9 frequenti dei nostri clienti.<\/p><p>Utilizzando questo articolo come guida per creare una presentazione e avviare il processo di progettazione di un prodotto, sarete in grado non solo di comunicare la vostra idea, ma anche di..:<\/p><ul class=\"wp-block-list\"><li>determinare i parametri per lo sviluppo del vostro prodotto, nel rispetto dei vincoli della tecnologia attuale, del vostro budget e dei vostri tempi;<\/li><li>ottenere un preventivo ragionevolmente accurato sul design del vostro prodotto;<\/li><li>ridurre il numero di revisioni durante il processo di progettazione, diminuendo cos\u00ec i costi e il tempo necessario per completare il progetto;<\/li><li>e ottenere un progetto di qualit\u00e0 superiore.<\/li><\/ul><p>Se pensate di essere pronti ad avvicinarvi a un'azienda di design con la vostra idea di prodotto, continuate a leggere. Le nostre intuizioni si basano su oltre sette anni di esperienza nell'aiutare aziende, ingegneri e imprenditori a progettare prodotti innovativi e di successo, e le abbiamo condivise con voi in modo che possiate essere preparati quando entrerete nel mondo dello sviluppo dei prodotti.<\/p><h3 class=\"wp-block-heading\">Le quattro componenti della presentazione<\/h3><h4 class=\"wp-block-heading\"><strong>1. Il problema che intendete risolvere e la vostra visione del mercato<\/strong><\/h4><p>Quando presentate la vostra idea di prodotto, la prima cosa da fare \u00e8 presentare il problema che intendete risolvere all'interno di un determinato mercato.<\/p><p>Abbiamo molti tipi di clienti diversi, provenienti da molti settori diversi. Alcuni sono imprenditori alle prime armi che non hanno mai venduto un prodotto prima d'ora, altri sono aziende internazionali che hanno creato e venduto molti prodotti diversi. Tutti si rivolgono a noi perch\u00e9 vogliono realizzare un prodotto che aiuti a migliorare la vita delle persone: \u00e8 il loro modo di fornire una soluzione a un problema significativo che hanno incontrato.<\/p><p>L'elaborazione di soluzioni pu\u00f2 derivare da un brainstorming su come risolvere un problema o semplicemente da un'analisi dei prodotti esistenti per vedere come migliorarli. Ad esempio, potreste esaminare un prodotto che avete a casa o al lavoro e valutare aspetti come la difficolt\u00e0 d'uso, il volume, il peso, il costo, l'ergonomia, la durata della batteria e cos\u00ec via.<\/p><p>Per sapere che c'\u00e8 un problema da risolvere, tuttavia, gli innovatori devono aver acquisito una certa conoscenza del mercato. \u00c8 possibile ottenere una visione del mercato attraverso l'esperienza diretta, leggendo le descrizioni e le recensioni dei prodotti o parlando con persone che lavorano in un campo o in un settore specifico.<\/p><p>Qualunque sia il modo in cui avete ottenuto l'intuizione del mercato, \u00e8 ora il momento di presentarla. Nel documento, dovrete enumerare ciascuno dei problemi principali e l'intuizione di mercato che vi ha portato a comprenderli. Dovreste includere almeno un problema principale e altri problemi secondari, ma rilevanti. L'elenco potrebbe essere simile a questo:<\/p><figure class=\"wp-block-image\"><img decoding=\"async\" src=\"https:\/\/cdn-images-1.medium.com\/max\/960\/0*wXcEElv-VHHEB8wU\" alt=\"\"\/><\/figure><figure class=\"wp-block-image\"><img decoding=\"async\" src=\"https:\/\/cdn-images-1.medium.com\/max\/960\/0*tNjzW6vdSXbBJazs\" alt=\"\"\/><\/figure><figure class=\"wp-block-image\"><img decoding=\"async\" src=\"https:\/\/cdn-images-1.medium.com\/max\/960\/0*pDux8LGEUaZAEKYP\" alt=\"\"\/><\/figure><p><strong><em>Caso di studio del mercato:&nbsp;<\/em><\/strong>Supponiamo che siate genitori esperti di tecnologia e che lavoriate dalle 8 alle 17 dal luned\u00ec al venerd\u00ec. Vostro figlio torna a casa da scuola alle 14.30 ogni giorno. Ha una chiave per entrare in casa, ma un giorno, mentre eravate al lavoro, vi ha chiamato per dirvi che l'aveva persa e non riusciva a entrare. Per permettergli di entrare in casa, avete dovuto lasciare il lavoro, guidare per 20 minuti fino a casa, aprirgli la porta e tornare al lavoro.<\/p><p>Quella sera avete pensato di acquistare una serratura senza chiave per evitare problemi futuri di smarrimento delle chiavi o di impossibilit\u00e0 di accedere a casa vostra da remoto. Avete cercato online una serratura intelligente che fosse efficiente e facile da usare, ma erano tutte troppo costose. Questo vi ha portato a pensare di produrre una serratura IoT accessibile. Se non aveste mai dovuto lasciare il lavoro per aprire la porta a vostro figlio, non vi sarebbe mai venuta l'idea di creare una serratura intelligente e a basso costo che risolvesse il problema della perdita delle chiavi.<\/p><blockquote class=\"wp-block-quote is-layout-flow wp-block-quote-is-layout-flow\"><p><strong><em>Suggerimento: utilizzate un modello di business canvas o un business plan per aiutarvi a capire il mercato.&nbsp;<\/em><\/strong><em>Uno<\/em><strong><em>&nbsp;<\/em><\/strong><em>Il modo per acquisire maggiore familiarit\u00e0 con il proprio mercato \u00e8 la creazione di una&nbsp;<\/em><a href=\"https:\/\/medium.com\/techmates\/ten-rules-to-take-your-hardware-product-from-concept-to-market-f2a8e8d9878e#50e9\" target=\"_blank\" rel=\"noopener\"><em>modello di business canvas<\/em><\/a><em>che \u00e8 una versione semplificata di un business plan. Mentre un business plan pu\u00f2 essere lungo e dispendioso in termini di tempo per la sua stesura e manutenzione, un business model canvas \u00e8 molto pi\u00f9 breve e pu\u00f2 essere facilmente rivisto per adattarsi al cambiamento delle esigenze o della direzione aziendale. Se avete gi\u00e0 un'azienda funzionante, probabilmente avete uno di questi modelli. Se siete agli inizi, potreste iniziare a scriverne uno.<\/em><\/p><\/blockquote><blockquote class=\"wp-block-quote is-layout-flow wp-block-quote-is-layout-flow\"><p><em>Non \u00e8 necessario avere un business model canvas o un piano prima di rivolgersi a un'azienda di design con la vostra idea di prodotto, ma se volete davvero vendere il vostro prodotto in futuro, vi consigliamo vivamente di averne uno. Questi documenti possono aiutarvi a ottenere un prodotto complessivamente migliore, perch\u00e9 comportano una ricerca che vi aiuter\u00e0 a determinare il problema che state cercando di risolvere. E, cosa forse ancora pi\u00f9 importante, vi aiuteranno a trovare una soluzione migliore e vi aiuteranno a capire le caratteristiche che il vostro prodotto dovrebbe includere e il punto di prezzo al dettaglio che vorreste raggiungere, tutte informazioni che leggerete in seguito.<\/em><\/p><\/blockquote><h4 class=\"wp-block-heading\"><strong>2. Soluzione e caratteristiche del prodotto<\/strong><\/h4><p>Dopo aver stabilito il problema, descrivete la soluzione (ovvero il vostro prodotto) e le caratteristiche che dovrebbe avere.<\/p><figure class=\"wp-block-image\"><img decoding=\"async\" src=\"https:\/\/cdn-images-1.medium.com\/max\/960\/1*rek0inZkvE1QrLBtxekDhA.png\" alt=\"\"\/><\/figure><p>Alcuni dei nostri clienti vengono da noi con degli schizzi che mostrano come vorrebbero che fosse il loro prodotto. Hanno gi\u00e0 un'idea di ci\u00f2 che vogliono, per quanto riguarda l'estetica, la funzione e le caratteristiche, ma hanno solo bisogno di qualcuno che progetti la soluzione per loro.<\/p><p>Ma non \u00e8 necessario avere necessariamente una soluzione prima di creare la presentazione. A volte, quando i clienti pensano a un problema in dettaglio ma non sono sicuri di come risolverlo, potrebbero decidere di collaborare con un'azienda di design di prodotti come Jaycon per aiutarli a risolverlo.<\/p><figure class=\"wp-block-image\"><img decoding=\"async\" src=\"https:\/\/cdn-images-1.medium.com\/max\/960\/0*8xvpVAFxJ7U1CU51\" alt=\"\"\/><\/figure><figure class=\"wp-block-image\"><img decoding=\"async\" src=\"https:\/\/cdn-images-1.medium.com\/max\/960\/0*RxIdRVnTCMNfu-i3\" alt=\"\"\/><\/figure><figure class=\"wp-block-image\"><img decoding=\"async\" src=\"https:\/\/cdn-images-1.medium.com\/max\/960\/0*QY5CU5bz9dvMrGoc\" alt=\"\"\/><\/figure><p>Ecco cosa tenere a mente quando si descrive la soluzione al problema che si sta cercando di risolvere:<\/p><p><strong>Includere immagini sufficienti e\/o una descrizione verbale accurata:<\/strong>&nbsp;Le immagini valgono pi\u00f9 di mille parole, quindi assicuratevi di includerle per descrivere il vostro prodotto. Ad esempio, se il vostro prodotto ha una funzione di aggancio a scatto, includete una foto di questa caratteristica, magari avete in mente un tipo specifico. Descrivete l'aspetto, la sensazione e il funzionamento del prodotto. Se non avete in mente una soluzione specifica, descrivete le caratteristiche che cercate includendo esempi della concorrenza.<\/p><p><strong>Date priorit\u00e0 alle vostre caratteristiche:<\/strong>&nbsp;\u00c8 utile stabilire un ordine di priorit\u00e0 delle funzionalit\u00e0 in base all'importanza. Se avete appena iniziato a lavorare a questo progetto, potreste non sapere ancora quali sono le caratteristiche pi\u00f9 importanti per l'utente finale, e avere troppe caratteristiche fin da subito potrebbe essere costoso nello sviluppo di un prodotto. Ecco perch\u00e9 dovreste iniziare a selezionarne solo alcune su cui concentrarvi. Se il principale fattore di attrattiva del vostro prodotto rispetto a quello di un concorrente \u00e8 l'assenza di mani, allora questa sar\u00e0 la vostra caratteristica prioritaria, mentre le altre diventeranno secondarie.<\/p><p><strong>Coprono sia la funzionalit\u00e0 che il design:<\/strong>&nbsp;Oltre a descrivere il funzionamento del prodotto, descrivete anche il suo aspetto. La comprensione dello stile che si vuole ottenere aiuter\u00e0 i designer industriali a proporre concetti pertinenti per l'aspetto del prodotto. Se state immaginando un design vintage per il vostro prodotto, dobbiamo saperlo per evitare di sforzarci di ottenere un look futuristico.<\/p><blockquote class=\"wp-block-quote is-layout-flow wp-block-quote-is-layout-flow\"><p><strong><em>Suggerimento: Creare un MVP.&nbsp;<\/em><\/strong><em>Poich\u00e9 potreste non sapere quali caratteristiche verranno inserite nella versione finale del vostro prodotto, \u00e8 una buona idea creare un MVP, o prodotto minimo realizzabile, per testare le funzionalit\u00e0 principali del vostro progetto e raccogliere il feedback dei potenziali utenti prima di creare un prototipo. Un MVP \u00e8 una versione molto semplice di un prototipo che costa molto meno di un prototipo completo. La creazione di un MVP vi aiuter\u00e0 a capire quali sono le caratteristiche pi\u00f9 importanti per gli utenti finali, in modo da poter destinare le risorse solo a ci\u00f2 che \u00e8 rilevante.<\/em><\/p><\/blockquote><h4 class=\"wp-block-heading\"><strong>3. Estetica, prezzo e sintesi<\/strong><\/h4><p>In questa parte del documento \u00e8 possibile includere qualsiasi ispirazione estetica e il prezzo di vendita al dettaglio a cui si desidera vendere il prodotto finito dopo la sua realizzazione. Includete anche un breve riassunto del prodotto, fornendo un elenco di punti elenco che riassumano le caratteristiche che state cercando, insieme a eventuali fasce o livelli di prezzo nel caso in cui abbiate pi\u00f9 di una variante di un prodotto.<\/p><figure class=\"wp-block-image\"><img decoding=\"async\" src=\"https:\/\/cdn-images-1.medium.com\/max\/960\/1*WTonfS027YMauYd87HweFQ.png\" alt=\"\"\/><\/figure><figure class=\"wp-block-image\"><img decoding=\"async\" src=\"https:\/\/cdn-images-1.medium.com\/max\/960\/1*XUn9MKW7gMdUX-IeDfOxag.png\" alt=\"\"\/><\/figure><p>Lo scopo del riepilogo \u00e8 quello di lasciare al vostro studio di progettazione una \"conclusione\" che offra una panoramica a cui fare riferimento rapidamente. Il punto di prezzo \u00e8 importante perch\u00e9 ci permette di valutare come aiutarvi a stabilire le priorit\u00e0 delle caratteristiche e quante includerne.<\/p><blockquote class=\"wp-block-quote is-layout-flow wp-block-quote-is-layout-flow\"><p><strong><em>Suggerimento: I costi di progettazione, produzione e vendita al dettaglio sono tre cose distinte.<\/em><\/strong><em>&nbsp;Non confondete il punto di prezzo al dettaglio desiderato per il vostro prodotto con il costo della progettazione o della prototipazione. Noi progettiamo, ma produciamo anche, quindi \u00e8 prassi comune applicare i principi della progettazione per la produzione (DFM) durante la fase di progettazione per raggiungere un determinato punto di prezzo di produzione. Il punto di prezzo al dettaglio desiderato ci consente di osare di pi\u00f9 o di essere pi\u00f9 conservativi con alcune caratteristiche. Ad esempio, l'aggiunta di spigoli molto vivi in un prodotto in plastica aumenter\u00e0 il costo di produzione rispetto agli angoli arrotondati. Ci\u00f2 \u00e8 dovuto principalmente al fatto che gli utensili utilizzati dovranno essere sottoposti a un processo speciale chiamato EDM (electrical discharge machining), che pu\u00f2 costare quasi il doppio rispetto agli utensili normali. A seconda dei requisiti e del prezzo del prodotto, possiamo decidere se includere o meno gli angoli vivi durante la fase di progettazione.<\/em><\/p><\/blockquote><h4 class=\"wp-block-heading\"><strong>4. I concorrenti<\/strong><\/h4><p>Le informazioni sui concorrenti sono importanti per sapere quale gamma di prodotti stiamo cercando di migliorare e come farlo senza reinventare la ruota. Con una certa ricerca, possiamo fare riferimento ai prodotti della concorrenza e ridurre i costi e i tempi di ricerca e sviluppo utilizzando il reverse engineering. Possiamo anche esaminare la loro presenza online e leggere le recensioni dei prodotti per capire quali sono i problemi dei clienti che potremmo risolvere.<\/p><figure class=\"wp-block-image\"><img decoding=\"async\" src=\"https:\/\/cdn-images-1.medium.com\/max\/960\/1*-ZLwcjhZlV_OcBR0GxAMBA.png\" alt=\"\"\/><\/figure><p>Ci piace vedere i dettagli su tre o cinque prodotti della concorrenza. \u00c8 utile una piccola tabella con righe e colonne che illustrino queste informazioni. Ecco cosa dobbiamo sapere su ogni prodotto:<\/p><ul class=\"wp-block-list\"><li>Nome e sito web dell'azienda<\/li><li>Nome del prodotto<\/li><li>Immagine del prodotto<\/li><li>Collegamento al prodotto<\/li><li>Prezzo al dettaglio<\/li><li>Caratteristiche tecnologiche rilevanti, come il consumo energetico, la durata della batteria, l'intervallo di temperatura, il volume audio massimo, ecc.<\/li><li>Punti di vendita esclusivi (USP) - Si noti qui se il prodotto di un concorrente \u00e8 a basso costo rispetto ad altri prodotti sul mercato, se ha funzionalit\u00e0 remote, se \u00e8 leggero o portatile, se ha lo spegnimento automatico, ecc.<\/li><\/ul><h3 class=\"wp-block-heading\">Cosa fare e cosa non fare per presentare la vostra idea di prodotto<\/h3><p>Ecco un rapido elenco di cose da fare e da non fare, basato su alcune delle domande e dei commenti pi\u00f9 frequenti dei nostri clienti.<\/p><h4 class=\"wp-block-heading\"><strong>I comportamenti da tenere<\/strong><\/h4><p><strong>Per la creazione della presentazione, utilizzate un software di pubblicazione con cui vi sentite a vostro agio.&nbsp;<\/strong>I clienti ci hanno presentato le loro idee in molti formati diversi. Non esiste un modo corretto, ma tutte le buone presentazioni presentano le sezioni descritte sopra. In definitiva, il mezzo di comunicazione non ha importanza, purch\u00e9 si espongano chiaramente le informazioni che si vogliono far conoscere alla societ\u00e0 di progettazione. Secondo la nostra esperienza, Google Slides, la versione gratuita di Powerpoint, funziona bene, ma potete scegliere il programma pi\u00f9 adatto a voi.<\/p><p><strong>Includere il maggior numero possibile di immagini.&nbsp;<\/strong>Pi\u00f9 immagini avete, meglio \u00e8, ma non solo per il gusto di averle. Le immagini ci aiutano a capire la vostra idea, quindi assicuratevi di includere immagini dei prodotti della concorrenza e delle parti o caratteristiche chiave del prodotto che volete migliorare. Se disponibili, includete anche immagini di prodotti concorrenti in azione.<\/p><p><strong>Limitate la quantit\u00e0 di testo che includete.<\/strong>&nbsp;Potete trasmettere alcuni dettagli e spiegazioni nella sezione delle note della presentazione, ma non rendetela troppo pesante. Dovreste avere l'opportunit\u00e0 di conversare con l'azienda in merito alla presentazione e allora potrete approfondire i dettagli.<\/p><p><strong>Organizzate una riunione per discutere della vostra idea e della vostra presentazione.&nbsp;<\/strong>Dovreste sempre avere un incontro di persona, una conversazione telefonica o una videochat per discutere della vostra idea di prodotto e della relativa presentazione. Non cercate di discutere la presentazione tramite e-mail o qualsiasi altro sistema di messaggistica. Se qualcuno \u00e8 del posto, di solito ci sediamo in riunione con un prototipo che ha prodotto o con un prodotto della concorrenza. Molti dei nostri clienti vengono da fuori citt\u00e0 e, in questo caso, possiamo fare una videochiamata o una telefonata. Ma dobbiamo assolutamente avere informazioni preliminari a cui fare riferimento, come una breve presentazione simile a quella descritta in questo articolo, in modo da sapere di cosa sta parlando il cliente. Inoltre, \u00e8 utile per i nostri project manager avere qualcosa da rivedere prima di scrivere un SOW, o dichiarazione di lavoro, che detta la direzione del progetto.<\/p><h4 class=\"wp-block-heading\">Le cose da non fare<\/h4><p>Abbiamo visto presentazioni di idee di prodotto ben ponderate che hanno portato a progetti efficienti ed efficaci. Abbiamo anche incontrato clienti che hanno proposto un'idea che ritenevano interessante, ma che non hanno riflettuto a sufficienza prima di discuterne con noi. I potenziali clienti che fanno parte di quest'ultimo gruppo hanno maggiori probabilit\u00e0 di sentirsi frustrati e di andarsene senza ottenere un preventivo, solo perch\u00e9 non avevamo abbastanza informazioni su cui lavorare. Quindi, per sfruttare al meglio il nostro tempo e la vostra esperienza, ecco alcune cose da non fare:<\/p><p><strong>Non chiedete un preventivo senza aver fornito sufficienti dettagli<\/strong>. Non saremo in grado di fornirvi una stima dei costi senza una quantit\u00e0 ragionevole di informazioni su ci\u00f2 che volete che progettiamo.<\/p><p><strong>Non presentate la vostra idea al telefono senza alcun elemento visivo supplementare.<\/strong>&nbsp;Le persone hanno provato a parlarci al telefono e a spiegarci la loro idea senza alcuna informazione tangibile o presentazione. Questo non funziona. Abbiamo bisogno di qualcosa su cui lavorare per iniziare il vostro progetto. Inviateci via e-mail alcune immagini e poi potremo fissare un incontro.<\/p><p><strong>Non rendere l'idea del prodotto troppo ampia e non dire all'azienda di design di scegliere qualsiasi design o direzione estetica.<\/strong>. Dire alla vostra societ\u00e0 di design di \"presentare solo alcuni progetti\" non ci d\u00e0 abbastanza linee guida per determinare come creare un progetto efficace che risolva un problema. Se dovessimo presentare 10 idee, nessuna delle quali vi piace, stareste sprecando il vostro tempo e il vostro denaro. La vostra idea deve avere una sorta di vincoli.<\/p><p>articolo originale: https:\/\/www.jayconsystems.com\/tutorials\/how-to-present-your-product-idea-to-a-design-firm-17\/<\/p>","protected":false},"excerpt":{"rendered":"<p>How to Present Your Product Idea to a Design&nbsp;FirmYou have a product idea you want to take to market. Now&nbsp;what?Aspiring entrepreneur, tinker, engineer\u2026Your mind runs 1,000 miles per hour thinking of the many different ways you can improve your environment. Just recently you have come up with a product idea that you know can benefit [&hellip;]<\/p>\n","protected":false},"author":11,"featured_media":0,"parent":0,"menu_order":0,"comment_status":"closed","ping_status":"closed","template":"","meta":{"footnotes":""},"class_list":["post-2432","page","type-page","status-publish","hentry"],"blocksy_meta":{"styles_descriptor":{"styles":{"desktop":"","tablet":"","mobile":""},"google_fonts":[],"version":6}},"_links":{"self":[{"href":"https:\/\/www.plasticmoulds.net\/it\/wp-json\/wp\/v2\/pages\/2432","targetHints":{"allow":["GET"]}}],"collection":[{"href":"https:\/\/www.plasticmoulds.net\/it\/wp-json\/wp\/v2\/pages"}],"about":[{"href":"https:\/\/www.plasticmoulds.net\/it\/wp-json\/wp\/v2\/types\/page"}],"author":[{"embeddable":true,"href":"https:\/\/www.plasticmoulds.net\/it\/wp-json\/wp\/v2\/users\/11"}],"replies":[{"embeddable":true,"href":"https:\/\/www.plasticmoulds.net\/it\/wp-json\/wp\/v2\/comments?post=2432"}],"version-history":[{"count":0,"href":"https:\/\/www.plasticmoulds.net\/it\/wp-json\/wp\/v2\/pages\/2432\/revisions"}],"wp:attachment":[{"href":"https:\/\/www.plasticmoulds.net\/it\/wp-json\/wp\/v2\/media?parent=2432"}],"curies":[{"name":"wp","href":"https:\/\/api.w.org\/{rel}","templated":true}]}}