{"id":2218,"date":"2018-09-16T11:18:00","date_gmt":"2018-09-16T03:18:00","guid":{"rendered":"https:\/\/plasticmoulds.net\/?page_id=2218"},"modified":"2021-05-29T16:19:45","modified_gmt":"2021-05-29T08:19:45","slug":"ordinare-lo-stampo-dalla-cina","status":"publish","type":"page","link":"https:\/\/www.plasticmoulds.net\/it\/order-mould-from-china","title":{"rendered":"Ordine di stampi dalla Cina"},"content":{"rendered":"<h2><span style=\"color: #008080;\">Come posso ordinare uno stampo in plastica dalla Cina?<\/span><\/h2><p>Purtroppo non esistono politiche preimpostate per <a href=\"https:\/\/plasticmoulds.net\/buy-plastic-mold-from-china\">come acquistare un nuovo stampo a iniezione dalla Cina<\/a>.<\/p><p>Mentre si legge il <a href=\"https:\/\/plasticmoulds.net\/plastic-mold-procurement-process.html\">procedura<\/a>Tuttavia, \u00e8 necessario annotare quali lavori funzionano e quali no e scrivere questa lista di controllo; la volta successiva, si potr\u00e0 assegnare un ordine e crearlo pi\u00f9 facilmente.<\/p><p>Quando si inizia, \u00e8 necessario stabilire le priorit\u00e0.<\/p><div style=\"width: 640px;\" class=\"wp-video\"><video class=\"wp-video-shortcode\" id=\"video-2218-1\" width=\"640\" height=\"360\" preload=\"metadata\" controls=\"controls\"><source type=\"video\/mp4\" src=\"https:\/\/res.cloudinary.com\/dl8a9jvpa\/video\/upload\/v1572574321\/plastic%20mold.mp4?_=1\" \/><a href=\"https:\/\/res.cloudinary.com\/dl8a9jvpa\/video\/upload\/v1572574321\/plastic%20mold.mp4\" target=\"_blank\" rel=\"noopener\">https:\/\/res.cloudinary.com\/dl8a9jvpa\/video\/upload\/v1572574321\/plastic%20mold.mp4<\/a><\/video><\/div><p>Non preoccupatevi dell'attrezzatura in questa fase: non vi aiuter\u00e0 a mantenere bassi i costi.<\/p><p>\u00c8 necessario invece partire da un costo del prodotto adeguato, insieme a una quantit\u00e0 annua prevista.<\/p><p>Questo dato verr\u00e0 utilizzato per stabilire la quantit\u00e0 di cavit\u00e0 necessarie e i requisiti della macchina per iniezione plastica.<\/p><p>Con questi elementi in testa, \u00e8 possibile sviluppare una <a href=\"https:\/\/plasticmoulds.net\/contact-us\">preventivo<\/a> dei prezzi dei prodotti e determinare i risultati necessari per ottenere guadagni sulla produzione.<\/p><p><img loading=\"lazy\" decoding=\"async\" class=\"alignnone wp-image-3237\" src=\"https:\/\/plasticmoulds.net\/wp-content\/uploads\/2020\/04\/plastic-mold-4_rxsrow_n3bpql_sufjxm.jpg\" alt=\"stampo in plastica\" width=\"874\" height=\"320\" srcset=\"https:\/\/www.plasticmoulds.net\/wp-content\/uploads\/2020\/04\/plastic-mold-4_rxsrow_n3bpql_sufjxm.jpg 874w, https:\/\/www.plasticmoulds.net\/wp-content\/uploads\/2020\/04\/plastic-mold-4_rxsrow_n3bpql_sufjxm-300x110.jpg 300w, https:\/\/www.plasticmoulds.net\/wp-content\/uploads\/2020\/04\/plastic-mold-4_rxsrow_n3bpql_sufjxm-768x281.jpg 768w\" sizes=\"auto, (max-width: 874px) 100vw, 874px\" \/><\/p><p>Queste informazioni sono il minimo indispensabile per iniziare a creare i requisiti per il vostro nuovo stampo a iniezione.<\/p><p>\u00c8 un buon concetto contrastare i costi tra gli stampi cinesi e quelli statunitensi o europei tenendo presente questo aspetto regolarmente, in modo da essere sicuri di fare la scelta migliore. <a href=\"https:\/\/plasticmoulds.net\/9-tips-make-to-buy-plastic-mold-from-china-easily.html\">il pi\u00f9 bel risparmio di costi realizzabile<\/a>.<\/p><p>Ricordate che non \u00e8 importante il prezzo dello stampo in s\u00e9, ma piuttosto il tasso di costo di ci\u00f2 che verr\u00e0 prodotto con lo stampo.<\/p><p>Lo stampo pu\u00f2 essere modificato in base a questo: per esempio, se si sta costruendo solo <a href=\"https:\/\/plasticmoulds.net\/injection-molding-company\">una bassa quantit\u00e0 di prodotto<\/a>In quel momento, il costo dello stampo rappresenta una parte importante del prezzo del prodotto.<\/p><p>In questo caso, si dovrebbe cercare di ridurre la velocit\u00e0 dello stampo riducendo la quantit\u00e0 di cavit\u00e0 o prendendo in considerazione uno stampo non temprato o in alluminio.<\/p><p><img loading=\"lazy\" decoding=\"async\" class=\"aligncenter wp-image-3238\" src=\"https:\/\/plasticmoulds.net\/wp-content\/uploads\/2020\/04\/mmexport1502669208636_1-1_ddwaqu-1.jpg\" alt=\"produttore di stampi in plastica in Cina\" width=\"795\" height=\"596\" srcset=\"https:\/\/www.plasticmoulds.net\/wp-content\/uploads\/2020\/04\/mmexport1502669208636_1-1_ddwaqu-1.jpg 500w, https:\/\/www.plasticmoulds.net\/wp-content\/uploads\/2020\/04\/mmexport1502669208636_1-1_ddwaqu-1-300x225.jpg 300w\" sizes=\"auto, (max-width: 795px) 100vw, 795px\" \/><\/p><p>Molti altri fattori sono importanti per un layout perfetto del prodotto.<\/p><p>Dal <a href=\"https:\/\/plasticmoulds.net\/design#wall-thickness\">spessore della parete<\/a> e la lunghezza del flusso in base alla quantit\u00e0 di pressione richiesta e al <a href=\"https:\/\/plasticmoulds.net\/identify-the-plastic-material.html\">resina prevista<\/a>, molti devono essere presi in considerazione.<\/p><p>Ad esempio, se le pressioni di iniezione elevate sono un requisito, pi\u00f9 <a href=\"https:\/\/plasticmoulds.net\/gates-design.html\">cancelli<\/a> sar\u00e0 sicuramente necessario per eliminare una parte dello stress.<\/p><p>Quando ci si consulta con i produttori di stampi cinesi, \u00e8 opportuno chiedere se l'azienda cinese di stampi ha una storia di produzione dei tipi di stampi di cui si ha bisogno.<\/p><p>Dovreste anche esaminare le valutazioni dei clienti che hanno acquistato in precedenza dalla Cina e, se possibile, visitare la loro struttura per vedere di persona come vengono realizzati gli stampi in plastica, l'attrezzatura e l'area di fabbricazione.<\/p><p>In questo modo avrete un'idea di quante risorse impiegano per creare gli stampi, in modo da poter verificare se sono all'altezza di produrre il vostro.<\/p>","protected":false},"excerpt":{"rendered":"<p>How do I go about ordering a plastic mold from China?Regrettably, there are no preset policies for how to buy a new injection mold from China.As you read the procedure, though, you must note down what jobs work and what doesn&#8217;t and write down this checklist; the next time, you could assign an order and [&hellip;]<\/p>\n","protected":false},"author":11,"featured_media":0,"parent":0,"menu_order":0,"comment_status":"closed","ping_status":"closed","template":"","meta":{"footnotes":""},"class_list":["post-2218","page","type-page","status-publish","hentry"],"blocksy_meta":{"styles_descriptor":{"styles":{"desktop":"","tablet":"","mobile":""},"google_fonts":[],"version":6}},"_links":{"self":[{"href":"https:\/\/www.plasticmoulds.net\/it\/wp-json\/wp\/v2\/pages\/2218","targetHints":{"allow":["GET"]}}],"collection":[{"href":"https:\/\/www.plasticmoulds.net\/it\/wp-json\/wp\/v2\/pages"}],"about":[{"href":"https:\/\/www.plasticmoulds.net\/it\/wp-json\/wp\/v2\/types\/page"}],"author":[{"embeddable":true,"href":"https:\/\/www.plasticmoulds.net\/it\/wp-json\/wp\/v2\/users\/11"}],"replies":[{"embeddable":true,"href":"https:\/\/www.plasticmoulds.net\/it\/wp-json\/wp\/v2\/comments?post=2218"}],"version-history":[{"count":0,"href":"https:\/\/www.plasticmoulds.net\/it\/wp-json\/wp\/v2\/pages\/2218\/revisions"}],"wp:attachment":[{"href":"https:\/\/www.plasticmoulds.net\/it\/wp-json\/wp\/v2\/media?parent=2218"}],"curies":[{"name":"wp","href":"https:\/\/api.w.org\/{rel}","templated":true}]}}