{"id":10706,"date":"2023-06-07T12:12:26","date_gmt":"2023-06-07T04:12:26","guid":{"rendered":"https:\/\/plasticmoulds.net\/?p=10706"},"modified":"2023-07-16T19:43:46","modified_gmt":"2023-07-16T11:43:46","slug":"sviluppo-di-nuove-parti-in-plastica-una-guida-completa","status":"publish","type":"page","link":"https:\/\/www.plasticmoulds.net\/it\/developing-new-plastic-parts-a-comprehensive-guide","title":{"rendered":"Sviluppare nuove parti in plastica: Una guida completa"},"content":{"rendered":"<p>Sviluppare nuovi componenti in plastica richiede un approccio approfondito e sistematico per garantire il successo della progettazione, della produzione e dell'implementazione. Dalla definizione dei requisiti alle procedure di collaudo e di controllo della qualit\u00e0, ogni fase svolge un ruolo fondamentale. In questo articolo approfondiremo ogni fase dello sviluppo di nuovi componenti in plastica, fornendo approfondimenti e consigli lungo il percorso.<\/p><nav class=\"wp-block-stackable-table-of-contents stk-block-table-of-contents stk-block stk-a7b1535\" data-block-id=\"a7b1535\"><p class=\"stk-table-of-contents__title\">Indice dei contenuti<\/p><ul class=\"stk-table-of-contents__table\"><li><a href=\"#establish-clear-requirements-and-objectives\">Stabilire requisiti e obiettivi chiari:<\/a><\/li><li><a href=\"#conceptual-design\">Progettazione concettuale:<\/a><\/li><li><a href=\"#material-selection\">Selezione del materiale:<\/a><\/li><li><a href=\"#design-validation\">Convalida del progetto:<\/a><\/li><li><a href=\"#tooling-and-manufacturing\">Utensili e produzione:<\/a><\/li><li><a href=\"#injection-molding\">Stampaggio a iniezione:<\/a><\/li><li><a href=\"#testing-and-quality-control\">Test e controllo qualit\u00e0:<\/a><\/li><li><a href=\"#implementation-and-feedback\">Implementazione e feedback:<\/a><\/li><li><a href=\"#conclusion\">Conclusione:<\/a><\/li><\/ul><\/nav><h2 class=\"wp-block-heading\" id=\"establish-clear-requirements-and-objectives\">Stabilire requisiti e obiettivi chiari:<\/h2><p>Il passo iniziale nello sviluppo di componenti in plastica richiede di delineare chiaramente i requisiti e gli obiettivi, tra cui le applicazioni previste, i requisiti di funzionalit\u00e0, le dimensioni, i requisiti di resistenza, le propriet\u00e0 desiderate, le condizioni ambientali, le esigenze di conformit\u00e0 normativa, ecc. Grazie a una conoscenza approfondita di tutti questi elementi, \u00e8 possibile gettare solide basi per i processi di progettazione e produzione successivi.<\/p><p>Coinvolgere gli stakeholder, tra cui ingegneri, progettisti e utenti finali, durante la fase di definizione dei requisiti \u00e8 fondamentale per raccogliere input e spunti che garantiscano la conformit\u00e0 del progetto ai criteri desiderati e il raggiungimento dei risultati previsti. Coinvolgendo in questa fase esperti che conoscono le esigenze del pubblico di riferimento, \u00e8 possibile garantire la realizzazione dei risultati desiderati.<\/p><h2 class=\"wp-block-heading\" id=\"conceptual-design\">Progettazione concettuale:<\/h2><figure class=\"wp-block-image size-large\"><a href=\"https:\/\/plasticmoulds.net\/wp-content\/uploads\/2022\/03\/15.jpg\"><img loading=\"lazy\" decoding=\"async\" width=\"1024\" height=\"768\" src=\"https:\/\/plasticmoulds.net\/wp-content\/uploads\/2022\/03\/15-1024x768.jpg\" alt=\"\" class=\"wp-image-6835\" srcset=\"https:\/\/www.plasticmoulds.net\/wp-content\/uploads\/2022\/03\/15-1024x768.jpg 1024w, https:\/\/www.plasticmoulds.net\/wp-content\/uploads\/2022\/03\/15-300x225.jpg 300w, https:\/\/www.plasticmoulds.net\/wp-content\/uploads\/2022\/03\/15-768x576.jpg 768w, https:\/\/www.plasticmoulds.net\/wp-content\/uploads\/2022\/03\/15.jpg 1080w\" sizes=\"auto, (max-width: 1024px) 100vw, 1024px\" \/><\/a><\/figure><p>Sulla base dei vostri requisiti, il passo successivo dovrebbe essere la progettazione concettuale del pezzo in plastica. Si tratta di tradurre i requisiti in forme visive utilizzando un software di progettazione assistita da computer (CAD), in modo che i progettisti possano produrre modelli 3D che ne dimostrino la forma, la forma e i requisiti di assemblaggio.<\/p><p><strong>Software di progettazione:<\/strong><\/p><ul class=\"wp-block-list\"><li><a href=\"https:\/\/www.solidworks.com\/\" target=\"_blank\" rel=\"noreferrer noopener\"> SolidWorks<\/a>, <\/li><li>AutoCAD, <\/li><li>Fusion 360 <\/li><li><a href=\"https:\/\/www.autodesk.com\/products\/moldflow\/overview\" target=\"_blank\" rel=\"noreferrer noopener\">Moldflow<\/a>: <\/li><li><a href=\"https:\/\/plm.sw.siemens.com\/en-US\/nx\/\" target=\"_blank\" rel=\"noreferrer noopener\">Siemens NX<\/a>: <\/li><li>Bordo solido<\/li><li>CATIA<\/li><\/ul><p>Durante la fase di progettazione concettuale, \u00e8 fondamentale che i progettisti iterino frequentemente i loro progetti tenendo conto di feedback e revisioni, per perfezionarli ulteriormente e soddisfare adeguatamente tutti i requisiti. Inoltre, l'identificazione precoce di eventuali problemi o ostacoli legati alla produzione aiuta a risolvere i problemi in modo pi\u00f9 rapido ed economico.<\/p><p>Per quanto riguarda i formati di file per la progettazione di componenti in plastica, vengono comunemente utilizzati i seguenti formati:<\/p><ol class=\"wp-block-list\"><li><strong>Formati CAD<\/strong>:\n<ul class=\"wp-block-list\"><li>DWG (disegno di AutoCAD)<\/li><li>DXF (formato di scambio dei disegni)<\/li><li>DGN (progettazione MicroStation)<\/li><li>PRT (parte)<\/li><\/ul><\/li><li><strong>Formati di scambio dei modelli 3D<\/strong>:\n<ul class=\"wp-block-list\"><li>STL (Linguaggio di Tessellazione Standard)<\/li><li>STEP (Standard per lo scambio di dati sui prodotti)<\/li><li>IGES (Specifica iniziale di scambio di grafici)<\/li><\/ul><\/li><\/ol><h2 class=\"wp-block-heading\" id=\"material-selection\">Selezione del materiale:<\/h2><p>Selezione di un ideale <a href=\"https:\/\/en.wikipedia.org\/wiki\/Plastic\" target=\"_blank\" rel=\"noreferrer noopener\">materiale plastico<\/a> per lo sviluppo di qualsiasi pezzo \u00e8 di vitale importanza per il suo successo. La scelta del materiale plastico da selezionare pu\u00f2 dipendere da diverse considerazioni, come le propriet\u00e0 meccaniche desiderate, le implicazioni ambientali, le esigenze estetiche e i vincoli di costo. Le opzioni pi\u00f9 comuni per lo stampaggio a iniezione sono <\/p><ul class=\"wp-block-list\"><li>Polietilene (PE)<\/li><li>Polipropilene (PP)<\/li><li>Cloruro di polivinile (PVC)<\/li><li>Polietilene tereftalato (PET)<\/li><li>Polistirolo (PS)<\/li><li>Acrilonitrile Butadiene Stirene (ABS)<\/li><li>Policarbonato (PC)<\/li><li>Poliammide (PA)<\/li><li>Polietilene tereftalato glicole (PETG)<\/li><li>Fluoruro di polivinilidene (PVDF)<\/li><li>Poliuretano (PU)<\/li><li>Poliossimetilene (POM)<\/li><\/ul><p>Per scegliere il materiale ideale, \u00e8 necessario valutare attentamente le propriet\u00e0 e le caratteristiche di ciascuna opzione - tra cui la resistenza, la durata, la flessibilit\u00e0, la resistenza alla temperatura, la resistenza chimica e il costo - dando priorit\u00e0 a un'opzione rispetto ad altre. Consultando i fornitori di materiali o gli esperti, la scelta di un materiale appropriato garantisce la soddisfazione dei requisiti desiderati.<\/p><h2 class=\"wp-block-heading\" id=\"design-validation\">Convalida del progetto:<\/h2><p>Dopo aver concluso la fase di progettazione concettuale e di selezione dei materiali, diventa essenziale eseguire un meticoloso processo di validazione del progetto, volto a verificare se le funzionalit\u00e0 previste sono soddisfatte prima di procedere con la produzione. La validazione pu\u00f2 essere effettuata tramite software di simulazione, test fisici o entrambi, a seconda delle esigenze di complessit\u00e0 del prodotto. <\/p><figure class=\"wp-block-image size-large\"><a href=\"https:\/\/plasticmoulds.net\/wp-content\/uploads\/2022\/04\/prototype.jpg\"><img loading=\"lazy\" decoding=\"async\" width=\"1024\" height=\"492\" src=\"https:\/\/plasticmoulds.net\/wp-content\/uploads\/2022\/04\/prototype-1024x492.jpg\" alt=\"\" class=\"wp-image-7000\" srcset=\"https:\/\/www.plasticmoulds.net\/wp-content\/uploads\/2022\/04\/prototype-1024x492.jpg 1024w, https:\/\/www.plasticmoulds.net\/wp-content\/uploads\/2022\/04\/prototype-300x144.jpg 300w, https:\/\/www.plasticmoulds.net\/wp-content\/uploads\/2022\/04\/prototype-768x369.jpg 768w, https:\/\/www.plasticmoulds.net\/wp-content\/uploads\/2022\/04\/prototype.jpg 1500w\" sizes=\"auto, (max-width: 1024px) 100vw, 1024px\" \/><\/a><\/figure><p>Il software di simulazione consente di effettuare valutazioni in numerosi settori, tra cui la distribuzione delle sollecitazioni, la modellabilit\u00e0 e altri aspetti tecnici, fornendo una chiara visione della fattibilit\u00e0 e delle soluzioni di ottimizzazione attraverso la misurazione di vari scenari e fattori di capacit\u00e0 di carico in una fase iniziale, prima della produzione, evitando cos\u00ec i rischi di guasto che potrebbero verificarsi in un secondo momento nel processo di sviluppo.<\/p><p><a href=\"https:\/\/plasticmoulds.net\/rapid-prototype\" target=\"_blank\" rel=\"noreferrer noopener\">Test fisici<\/a> aiutano a convalidare le prestazioni dei pezzi rispetto a criteri specifici, come le misure di accuratezza dimensionale, i controlli del fattore di stabilit\u00e0 ambientale, le scansioni di trazione o i livelli di resistenza agli urti che devono essere confermati per le esigenze specifiche di ciascun pezzo; questi test assicurano ulteriormente la conformit\u00e0 alle normative richieste e i livelli di soddisfazione dei clienti.<\/p><h2 class=\"wp-block-heading\" id=\"tooling-and-manufacturing\">Utensili e produzione:<\/h2><p>Una volta verificato il progetto, la fase successiva della produzione prevede la creazione dell'attrezzatura appropriata, in genere la progettazione e la fabbricazione di un'unit\u00e0 di misura. <a href=\"https:\/\/plasticmoulds.net\/what-is-plastic-mold.html\" target=\"_blank\" rel=\"noreferrer noopener\">stampi a iniezione<\/a> adatto a questo particolare pezzo. Gli stampi a iniezione sono parte integrante di questo processo, poich\u00e9 ne definiscono la forma finale.<\/p><p>La collaborazione con un produttore di utensili esperto \u00e8 fondamentale per produrre uno stampo preciso. I progettisti e gli esperti di stampi assisteranno in questo processo durante la produzione degli stampi.<\/p><p>Insieme collaboreremo strettamente alla progettazione di stampi dal design ottimale, alla scelta dei materiali da utilizzare e all'installazione di sistemi di raffreddamento ed espulsione adeguati. La stretta collaborazione includer\u00e0 anche il coinvolgimento di un produttore di utensili esperto come consulente per tutte le questioni riguardanti la progettazione degli stampi, la selezione dei materiali e le considerazioni sulla produzione per ottimizzare il processo di produzione e massimizzare la produttivit\u00e0.<\/p><p>L'analisi del flusso dello stampo (una simulazione del processo di stampaggio a iniezione), condotta durante la fase di attrezzaggio, pu\u00f2 rilevare problemi come trappole d'aria, linee di saldatura o ritiri eccessivi che devono essere affrontati per aumentare la qualit\u00e0 e la coerenza complessiva dei pezzi di plastica finali prodotti dagli stampi a iniezione. Intervenendo nella fase di attrezzaggio, anzich\u00e9 pi\u00f9 tardi nella linea di produzione, \u00e8 possibile aumentare drasticamente la qualit\u00e0 e la coerenza dei pezzi in plastica prodotti.<\/p><h2 class=\"wp-block-heading\" id=\"injection-molding\">Stampaggio a iniezione:<\/h2><p>Lo stampaggio a iniezione \u00e8 uno dei processi pi\u00f9 <a href=\"https:\/\/plasticmoulds.net\/injection-molding-process.html\" target=\"_blank\" rel=\"noreferrer noopener\">mezzi efficienti<\/a> di produzione di parti in plastica, utilizzando l'iniezione ad alta pressione per forzare la plastica liquida nelle cavit\u00e0 dello stampo e lasciarla solidificare mentre si raffredda e si solidifica nel tempo. Tuttavia, per ottenere la massima efficacia, \u00e8 necessario un controllo preciso di diversi parametri, come la temperatura e la pressione prima del raggiungimento del tempo di raffreddamento, che devono essere monitorati attentamente per ottenere risultati ottimali.<\/p><p>La collaborazione con un fornitore esperto di stampaggio a iniezione \u00e8 fondamentale per la corretta impostazione, l'ottimizzazione del processo e il controllo della qualit\u00e0 durante la produzione. Collaboreranno a stretto contatto con i team di progettazione per selezionare i materiali adatti ai parametri ottimali di stampaggio a iniezione in base alle propriet\u00e0 del materiale e alle specifiche del pezzo.<\/p><p>In ogni fase della produzione di stampaggio a iniezione, \u00e8 necessario attuare misure di controllo della qualit\u00e0 per monitorare la produzione e garantire che i pezzi prodotti soddisfino gli standard e le specifiche richiesti. Queste misure possono includere ispezioni dimensionali, test sulle propriet\u00e0 dei materiali e test funzionali che verificano le prestazioni e la qualit\u00e0 dei pezzi. L'impiego di solidi processi di garanzia della qualit\u00e0 consente di identificare rapidamente eventuali deviazioni o problemi, riducendo al minimo gli scarti e assicurando una qualit\u00e0 costante dei pezzi.<\/p><h2 class=\"wp-block-heading\" id=\"testing-and-quality-control\">Test e controllo qualit\u00e0:<\/h2><p>Lo sviluppo di nuovi componenti in plastica richiede un'attenta implementazione delle procedure di test e di controllo della qualit\u00e0 per ottenere risultati ottimali. \u00c8 fondamentale convalidare le loro prestazioni con metodi di prova solidi che ne esaminino la durata, l'affidabilit\u00e0 e le propriet\u00e0 meccaniche. Le ispezioni dimensionali assicurano la conformit\u00e0 alle specifiche definite, oltre a valutare le propriet\u00e0 del materiale, come la resistenza alla trazione e all'impatto o le analisi di stabilit\u00e0 termica, per una migliore comprensione di queste qualit\u00e0.<\/p><p>Gli aspetti funzionali dei componenti in plastica sono altrettanto importanti, in quanto riflettono le prestazioni utilizzabili quando vengono assemblati o montati correttamente secondo le specifiche di progetto, che l'SPC aiuta a mantenere durante i cicli di produzione raccogliendo continuamente dati dal proprio campo di applicazione applicando metodologie consolidate.<br>Infine, ma non meno importante, un'attenta considerazione \u00e8 rivolta alle prestazioni a lungo termine; solo attraverso una costante aderenza alla ricalibrazione dei materiali scelti dopo aver condotto test di invecchiamento accelerato, i fattori di stress ambientale, come l'esposizione a elementi esterni, ecc. forniscono indicazioni sulle metriche di durata previste, finalizzate a fornire un maggiore valore al consumatore.<\/p><h2 class=\"wp-block-heading\" id=\"implementation-and-feedback\">Implementazione e feedback:<\/h2><p>Una volta che i nuovi componenti in plastica sono stati sviluppati e testati con successo, il passo successivo dovrebbe essere l'integrazione in un'applicazione o in un prodotto. \u00c8 necessario monitorare le prestazioni e raccogliere il feedback degli utenti o dei clienti, in modo da valutare i livelli di soddisfazione e identificare eventuali miglioramenti o modifiche necessarie.<\/p><p>Il miglioramento continuo \u00e8 una pietra miliare dello sviluppo. Rivedete e modificate regolarmente i processi di progettazione e produzione in base ai feedback o alle lezioni apprese per migliorare continuamente l'efficienza, l'affidabilit\u00e0 e le prestazioni dei componenti in plastica.<\/p><h2 class=\"wp-block-heading\" id=\"conclusion\"><strong>Conclusione:<\/strong><\/h2><p>La generazione di nuove parti in plastica richiede un processo organizzato e completo che coinvolge <a href=\"https:\/\/plasticmoulds.net\/developing-new-plastic-parts-a-comprehensive-guide.html\" target=\"_blank\" rel=\"noreferrer noopener\">numerose fasi<\/a> dalla definizione dei requisiti al collaudo e al controllo di qualit\u00e0. Lavorando con professionisti esperti e<\/p><p>Seguendo questi passaggi \u00e8 possibile progettare con successo nuovi componenti in plastica che soddisfino le applicazioni previste, offrendo funzionalit\u00e0, durata e affidabilit\u00e0 nelle loro applicazioni. Coinvolgete le parti interessate, quando possibile, per un coinvolgimento efficace nella convalida dei progetti, nella scelta dei materiali adatti ai processi di produzione che ottimizzano la produttivit\u00e0 e nell'implementazione di solide misure di garanzia della qualit\u00e0, in modo da produrre pezzi di alta qualit\u00e0 che contribuiscano in modo significativo al successo del progetto.<\/p>","protected":false},"excerpt":{"rendered":"<p>Develop new plastic parts requires taking an in-depth and systematic approach in order to guarantee successful design, manufacturing and implementation. From setting requirements through testing and quality control procedures &#8211; every stage plays an integral part. In this article we&#8217;ll go deeper into each stage of developing new plastic parts, providing insights and advice along [&hellip;]<\/p>\n","protected":false},"author":1,"featured_media":0,"parent":0,"menu_order":0,"comment_status":"open","ping_status":"open","template":"","meta":{"footnotes":""},"class_list":["post-10706","page","type-page","status-publish","hentry"],"blocksy_meta":[],"_links":{"self":[{"href":"https:\/\/www.plasticmoulds.net\/it\/wp-json\/wp\/v2\/pages\/10706","targetHints":{"allow":["GET"]}}],"collection":[{"href":"https:\/\/www.plasticmoulds.net\/it\/wp-json\/wp\/v2\/pages"}],"about":[{"href":"https:\/\/www.plasticmoulds.net\/it\/wp-json\/wp\/v2\/types\/page"}],"author":[{"embeddable":true,"href":"https:\/\/www.plasticmoulds.net\/it\/wp-json\/wp\/v2\/users\/1"}],"replies":[{"embeddable":true,"href":"https:\/\/www.plasticmoulds.net\/it\/wp-json\/wp\/v2\/comments?post=10706"}],"version-history":[{"count":0,"href":"https:\/\/www.plasticmoulds.net\/it\/wp-json\/wp\/v2\/pages\/10706\/revisions"}],"wp:attachment":[{"href":"https:\/\/www.plasticmoulds.net\/it\/wp-json\/wp\/v2\/media?parent=10706"}],"curies":[{"name":"wp","href":"https:\/\/api.w.org\/{rel}","templated":true}]}}