{"id":10426,"date":"2023-03-26T17:09:53","date_gmt":"2023-03-26T09:09:53","guid":{"rendered":"https:\/\/plasticmoulds.net\/?p=10426"},"modified":"2023-07-16T19:34:01","modified_gmt":"2023-07-16T11:34:01","slug":"come-preparare-la-richiesta-di-un-preventivo-preciso","status":"publish","type":"page","link":"https:\/\/www.plasticmoulds.net\/it\/how-to-prepare-your-inquiry-for-a-precise-quote","title":{"rendered":"come preparare la richiesta di un preventivo preciso"},"content":{"rendered":"<p>La scelta del fornitore giusto \u00e8 fondamentale quando si vuole sviluppare un nuovo prodotto di stampaggio a iniezione. Per garantire il successo del progetto, \u00e8 importante innanzitutto preparare le domande giuste e fornire informazioni dettagliate. In questo blog post, vi illustreremo i punti chiave da discutere con il vostro potenziale fornitore di stampaggio a iniezione.<\/p><div class=\"wp-block-columns is-layout-flex wp-container-core-columns-is-layout-28f84493 wp-block-columns-is-layout-flex\"><div class=\"wp-block-column is-layout-flow wp-block-column-is-layout-flow\" style=\"flex-basis:100%\"><div class=\"wp-block-group is-layout-constrained wp-block-group-is-layout-constrained\"><div class=\"wp-block-group is-layout-constrained wp-block-group-is-layout-constrained\"><ul class=\"wp-block-list\"><li>Disegno 3D o campioni<\/li><li>Descrizione del prodotto<\/li><li>Requisiti del materiale<\/li><li>Quantit\u00e0<\/li><li>Grado di ritardo di fiamma<\/li><li>Timeline di produzione.<\/li><li>File CAD o disegni tecnici<\/li><li>Standard di qualit\u00e0<\/li><li>Requisiti di superficie<\/li><li>Imballaggio_e_spedizione<\/li><li>Bilancio<\/li><li>Servizi aggiuntivi<\/li><\/ul><\/div><\/div><\/div><\/div><figure class=\"wp-block-image aligncenter size-full is-resized\"><a href=\"https:\/\/plasticmoulds.net\/wp-content\/uploads\/2022\/07\/17.png\"><img loading=\"lazy\" decoding=\"async\" src=\"https:\/\/plasticmoulds.net\/wp-content\/uploads\/2022\/07\/17.png\" alt=\"\" class=\"wp-image-7978\" width=\"353\" height=\"321\"\/><\/a><\/figure><h2 class=\"wp-block-heading\">Design 3D o campioni<\/h2><ol class=\"wp-block-list\"><li><strong>Valutazione del progetto<\/strong>: Un disegno o un campione 3D consente al produttore di stampi a iniezione di valutare la progettazione del pezzo o del prodotto. Possono valutare fattori quali la complessit\u00e0, lo spessore delle pareti, i sottosquadri, gli angoli di sformo e altri elementi di progettazione. Questa valutazione aiuta a determinare la fattibilit\u00e0 della produzione del pezzo con lo stampaggio a iniezione e identifica qualsiasi potenziale problema di progettazione o modifica necessaria per una produzione di successo.<\/li><li><strong>Considerazioni sugli utensili<\/strong>: Lo stampaggio a iniezione richiede la creazione di stampi o attrezzature, che vengono utilizzati per formare i pezzi. Esaminando il disegno 3D o il campione, il produttore pu\u00f2 valutare la complessit\u00e0 della geometria del pezzo e determinare il tipo di stampo e l'attrezzatura necessari. Questa valutazione influenza i costi e i tempi di produzione degli stampi, con un impatto diretto sul preventivo complessivo.<\/li><li><strong>Stima dei parametri di produzione:<\/strong> I preventivi accurati per lo stampaggio a iniezione comportano la stima di vari parametri di produzione, come il tempo di ciclo, il numero di cavit\u00e0 nello stampo e il volume di produzione complessivo. Esaminando il disegno 3D o il campione, il produttore pu\u00f2 valutare questi fattori in modo pi\u00f9 accurato, ottenendo un preventivo pi\u00f9 preciso. Queste informazioni sono essenziali per calcolare i costi di produzione e determinare la fattibilit\u00e0 del progetto.<\/li><li><strong>Garanzia di qualit\u00e0:<\/strong> Con un disegno o un campione 3D, il produttore di stampi a iniezione pu\u00f2 identificare in anticipo qualsiasi potenziale problema di qualit\u00e0. Pu\u00f2 analizzare caratteristiche come la finitura superficiale, la precisione dimensionale, le linee di separazione e qualsiasi altro requisito specifico. Ci\u00f2 contribuisce a garantire che i pezzi finali siano conformi alle specifiche e agli standard di qualit\u00e0 desiderati.<\/li><\/ol><h2 class=\"wp-block-heading\" id=\"1-product-description\">Descrizione del prodotto<\/h2><p>\u00c8 necessario comunicare al produttore il tipo di materiale plastico che si desidera per il proprio prodotto. E queste informazioni includono<strong><span style=\"background-color: var(--qubely-color-5);\" data=\"var(--qubely-color-5)\" class=\"qubely-text-has-bgcolor\"><span style=\"color: #14de32;\" data=\"#14de32\" class=\"qubely-text-has-color\"><em>i colori, la finitura superficiale e altri requisiti.<\/em><\/span><\/span><\/strong> E a volte il fornitore pu\u00f2 aiutarvi a scegliere il materiale migliore in base alla sua esperienza. E in base al vostro budget.<\/p><h2 class=\"wp-block-heading\" id=\"2-material-requirements\">Requisiti del materiale<\/h2><p>La prima e pi\u00f9 importante informazione che i clienti devono comunicare al loro produttore \u00e8 il materiale plastico di cui hanno bisogno. Sul mercato sono disponibili molti tipi di materiali plastici. Ognuno di essi ha le sue caratteristiche. Alcuni materiali sono duri, altri sono pi\u00f9 morbidi e alcuni sono utilizzati per applicazioni ad alta temperatura. Altri ancora sono utilizzati per applicazioni a temperature molto basse. Alcuni componenti devono essere utilizzati per esigenze particolari, come la resistenza ai raggi UV o il ritardo di fiamma. Quindi, il produttore di stampi deve sapere prima di tutto cosa si vuole.<\/p><ul class=\"wp-block-list\"><li><strong>Resistivit\u00e0 elettrica<\/strong>: Plastica potenziata per l'isolamento e la conducibilit\u00e0 elettrica<\/li><li><strong>Modulo elastico<\/strong>: Liberare la rigidit\u00e0 dei materiali plastici<\/li><li><strong>Densit\u00e0:<\/strong> Esplorare il peso e la galleggiabilit\u00e0 dei materiali plastici<\/li><li><strong>Resistenza agli urti<\/strong>: Fortificare la plastica contro le forze improvvise<\/li><\/ul><p><strong><em>Un caso<\/em><\/strong><\/p><ol class=\"has-light-green-cyan-background-color has-background wp-block-list\"><li class=\"has-medium-font-size\">Plastica stampata ad iniezione<\/li><li class=\"has-medium-font-size\">Materiale: Policarbonato trasparente, trasparente quando viene stampato<\/li><li class=\"has-medium-font-size\">Volume approssimativo: 59,2 centimetri cubici<\/li><li class=\"has-medium-font-size\">Peso approssimativo: 70,5 g<\/li><li class=\"has-medium-font-size\">Le caratteristiche sono quelle dei file CAD 3D del numero di parte 11****** e della stessa revisione.<\/li><li class=\"has-medium-font-size\">Quantit\u00e0: 1000 pezzi per lotto<\/li><li class=\"has-medium-font-size\">Le superfici devono rientrare nella zona di tolleranza geometrica specificata a 20 gradi Celsius.<\/li><li class=\"has-medium-font-size\">Lampo massimo sulle superfici 0,1 mm<\/li><li class=\"has-medium-font-size\">Il materiale deve avere il grado di infiammabilit\u00e0 UL 94V0, 94V1 o 94V2.<\/li><li class=\"has-medium-font-size\">Cancello e perno di espulsione come necessario all'interno della zona specificata. Vedere le schede 3 e 4 per le zone.<\/li><\/ol><h2 class=\"wp-block-heading\" id=\"3-quantity\">Quantit\u00e0<\/h2><p>La quantit\u00e0 di prodotti richiesti dai clienti \u00e8 un altro fattore chiave. Il costo degli utensili \u00e8 molto elevato. <strong>Quindi, se si desidera una produzione di grandi dimensioni, il prezzo per unit\u00e0 diminuir\u00e0 in genere<\/strong>. Il cliente deve quindi specificare la quantit\u00e0 esatta di cui ha bisogno. Inoltre, il cliente deve indicare le specifiche richieste di imballaggio ed etichettatura. Questo fattore avr\u00e0 un impatto sul costo finale.<\/p><h2 class=\"wp-block-heading\" id=\"4-flame-retardant-grade\">Grado di ritardo di fiamma<\/h2><p>Se il prodotto verr\u00e0 utilizzato in ambienti con un rischio maggiore di incendio, \u00e8 fondamentale specificare il grado di ritardo di fiamma. I gradi di ritardante di fiamma variano molto, quindi la scelta di uno specifico per la vostra applicazione \u00e8 fondamentale per selezionare una soluzione di materiale plastico di successo.<\/p><p>I clienti devono identificare il grado di ritardante di fiamma desiderato e gli eventuali requisiti di sicurezza per l'acquisto dai fornitori cinesi. In caso di dubbi, \u00e8 necessario consultarsi tra loro per individuare una soluzione di ritardante di fiamma personalizzata e adatta alle esigenze individuali.<\/p><ol class=\"wp-block-list\"><li><strong>UL 94 V-0<\/strong>: il pi\u00f9 alto grado di ritardo di fiamma per le materie plastiche, si autoestingue entro 10 secondi dall'esposizione a una fiamma.<\/li><li><strong>UL 94 V-1<\/strong>Si autoestingue entro 30 secondi dall'esposizione alla fiamma. <\/li><li><strong>UL 94 V-2<\/strong>si autoestingue in 30 secondi dopo essere stato esposto a una fiamma, mentre le gocce infuocate vengono lasciate bruciare per un massimo di 60 secondi.<\/li><li><strong>UL 94 5VA e 5VB<\/strong>: livello superiore di resistenza alla fiamma e al gocciolamento<\/li><li><strong>UL 94 HB<\/strong>: <\/li><\/ol><h2 class=\"wp-block-heading\" id=\"5-production-timeline\">Cronologia della produzione<\/h2><p>I clienti devono indicare eventuali requisiti speciali relativi alle tempistiche di produzione. I tempi di consegna dei prodotti stampati a iniezione personalizzati variano in base a numerosi fattori, tra cui la complessit\u00e0 del prodotto e le dimensioni\/forma\/specifiche del materiale dello stampo.<\/p><p>I clienti dovrebbero lavorare a stretto contatto con il loro fornitore cinese per determinare un tempo di consegna ottimale che soddisfi le loro esigenze specifiche. Tenete presente che tempi di consegna pi\u00f9 brevi potrebbero comportare un aumento dei prezzi a causa della necessit\u00e0 di accelerare i processi di produzione.<\/p><h2 class=\"wp-block-heading\" id=\"6-cad-files-or-technical-drawings\">File CAD o disegni tecnici<\/h2><p>La condivisione di qualsiasi file CAD o disegno tecnico disponibile del vostro prodotto \u00e8 fondamentale per aiutare i fornitori a fare preventivi accurati e a pianificare i progetti. I clienti devono fornire disegni o file CAD completi dell'articolo richiesto, che includano tutte le dimensioni pertinenti e qualsiasi requisito o preferenza specifici del progetto. \u00c8 preferibile che i file creati con software 3D come IGES siano formattati in formati compatibili come il PRT.<\/p><p>Nell'ambito della collaborazione, i clienti devono lavorare a stretto contatto con il loro fornitore cinese per garantire che il progetto del prodotto sia conforme ai loro requisiti e tolleranze specifici. A tal fine, i clienti devono comunicare eventuali tolleranze speciali o specifiche funzionali che devono essere rispettate per un design e una funzionalit\u00e0 ottimali del prodotto.<\/p><h2 class=\"wp-block-heading\" id=\"7-quality-standards\">Standard di qualit\u00e0<\/h2><p>Informate il fornitore se il vostro prodotto deve soddisfare standard di qualit\u00e0 o certificazioni specifiche. In questo modo si garantir\u00e0 che il prodotto soddisfi gli standard richiesti.<\/p><p>I fornitori devono essere informati di <strong>come vengono assemblati i componenti<\/strong>preferibilmente con disegni o foto di montaggio, insieme a <strong>requisiti per le dimensioni chiave<\/strong> e <strong>notifica degli standard di qualit\u00e0 per il fornitore.<\/strong><\/p><h2 class=\"wp-block-heading\" id=\"8-surface-requirements\">Requisiti di superficie<\/h2><p>La finitura superficiale di un prodotto pu\u00f2 essere fondamentale per il suo aspetto e la sua funzionalit\u00e0. I clienti devono specificare eventuali requisiti specifici della superficie, come una finitura lucida o opaca.<\/p><p>\u00c8 inoltre importante specificare eventuali requisiti specifici di testurizzazione o incisione, che possono avere un impatto significativo sull'aspetto e sulla funzionalit\u00e0 del prodotto. I clienti devono collaborare con il loro fornitore cinese per determinare la migliore finitura superficiale per le loro esigenze specifiche.<\/p><h2 class=\"wp-block-heading\" id=\"9-packaging-and-shipping\">Imballaggio e spedizione<\/h2><p>Per quanto riguarda l'imballaggio e la spedizione del prodotto, \u00e8 essenziale comunicare chiaramente le proprie preferenze al fornitore. Questo garantir\u00e0 che il prodotto arrivi a destinazione in buone condizioni e nei tempi previsti. Assicuratevi di descrivere il metodo di imballaggio che preferite, come <strong>Carico massimo, confezione interna<\/strong>e qualsiasi requisito di spedizione, come la destinazione, la tempistica o le preferenze del fornitore di servizi di spedizione.<\/p><h2 class=\"wp-block-heading\" id=\"10-budget\">Bilancio<\/h2><p>Inoltre, se avete un budget specifico per il progetto, \u00e8 importante condividere questa informazione con il fornitore. In questo modo <strong>aiutarli a fornirvi un preventivo che si adatti ai vostri vincoli finanziari. <\/strong>Potreste anche richiedere servizi aggiuntivi come l'assemblaggio, le operazioni di post-stampaggio o i trattamenti superficiali. Comunicate al vostro fornitore l'eventuale necessit\u00e0 di questi servizi, in modo che possa pianificarli e formulare un preventivo.<\/p><h2 class=\"wp-block-heading\" id=\"11-additional-services\">Servizi aggiuntivi<\/h2><p>I servizi aggiuntivi di stampaggio a iniezione possono includere operazioni successive allo stampaggio, come l'assemblaggio, la serigrafia, la decorazione, l'imballaggio e l'etichettatura. Altri servizi possono riguardare la manutenzione dello stampo, la modifica dello stampo e la rilavorazione dello stampo. Alcune aziende di stampaggio a iniezione possono anche offrire servizi a valore aggiunto come il supporto ingegneristico, l'assistenza nella selezione dei materiali e la gestione dei progetti.<\/p><h2 class=\"wp-block-heading\" id=\"12-contact-information\">Informazioni di contatto<\/h2><p>Infine, fornite il vostro nome e cognome, il nome dell'azienda, l'indirizzo e-mail, il numero di telefono e il metodo di comunicazione preferito per garantire che il fornitore possa contattarvi e tenervi aggiornati sull'andamento del progetto. Ricordate che una comunicazione chiara e le domande giuste sono fondamentali per il successo del progetto. <\/p><h2 class=\"wp-block-heading\" id=\"13-take-away\">Togliere<\/h2><p>In conclusione, fornire al vostro fornitore di stampaggio a iniezione <strong><em>informazioni dettagliate sul prodotto, sui requisiti dei materiali, sulla tempistica di produzione, sugli standard di qualit\u00e0, sui requisiti di imballaggio e spedizione, sul budget e sui contatti<\/em><\/strong> \u00e8 fondamentale per il successo del vostro progetto. Ricordate di fare le domande giuste e di chiarire ogni dubbio. Un buon fornitore sar\u00e0 lieto di collaborare con voi per garantire il successo del vostro progetto.<\/p>","protected":false},"excerpt":{"rendered":"<p>Selecting the right supplier is crucial when you want to develope a new injection molding product. To ensure a successful project, first of important,it\u2019s important to prepare the right questions and provide detailed information. In this blog post, we\u2019ll walk you through the key points you need to discuss with your potential injection molding supplier.3D [&hellip;]<\/p>\n","protected":false},"author":1,"featured_media":0,"parent":0,"menu_order":0,"comment_status":"open","ping_status":"open","template":"","meta":{"footnotes":""},"class_list":["post-10426","page","type-page","status-publish","hentry"],"blocksy_meta":[],"_links":{"self":[{"href":"https:\/\/www.plasticmoulds.net\/it\/wp-json\/wp\/v2\/pages\/10426","targetHints":{"allow":["GET"]}}],"collection":[{"href":"https:\/\/www.plasticmoulds.net\/it\/wp-json\/wp\/v2\/pages"}],"about":[{"href":"https:\/\/www.plasticmoulds.net\/it\/wp-json\/wp\/v2\/types\/page"}],"author":[{"embeddable":true,"href":"https:\/\/www.plasticmoulds.net\/it\/wp-json\/wp\/v2\/users\/1"}],"replies":[{"embeddable":true,"href":"https:\/\/www.plasticmoulds.net\/it\/wp-json\/wp\/v2\/comments?post=10426"}],"version-history":[{"count":0,"href":"https:\/\/www.plasticmoulds.net\/it\/wp-json\/wp\/v2\/pages\/10426\/revisions"}],"wp:attachment":[{"href":"https:\/\/www.plasticmoulds.net\/it\/wp-json\/wp\/v2\/media?parent=10426"}],"curies":[{"name":"wp","href":"https:\/\/api.w.org\/{rel}","templated":true}]}}