{"id":10029,"date":"2022-12-28T17:57:45","date_gmt":"2022-12-28T09:57:45","guid":{"rendered":"https:\/\/plasticmoulds.net\/?p=10029"},"modified":"2023-07-16T19:50:01","modified_gmt":"2023-07-16T11:50:01","slug":"svelare-il-segreto-del-risparmio-sui-costi-e-della-produzione-di-qualita-perche-le-aziende-esternalizzano-lo-stampaggio-a-iniezione-in-cina","status":"publish","type":"page","link":"https:\/\/www.plasticmoulds.net\/it\/unlock-the-secret-to-cost-savings-and-quality-production-why-companies-outsource-injection-molding-to-china","title":{"rendered":"Perch\u00e9 le aziende esternalizzano lo stampaggio a iniezione in Cina!"},"content":{"rendered":"<p><mark>Il business \u00e8 tutto<\/mark> sulla riduzione dei costi. Ogni azienda, indipendentemente dalle sue dimensioni, \u00e8 sempre alla ricerca di modi per risparmiare e aumentare i profitti. Il metodo pi\u00f9 comune per farlo oggi \u00e8 l'outsourcing.<\/p><p>Sempre pi\u00f9 spesso le aziende esternalizzano la produzione nelle fabbriche cinesi, grazie alla velocit\u00e0, all'efficienza e ai prezzi bassi. Le aziende americane hanno persino esternalizzato in Cina la produzione di cui hanno bisogno al prezzo che possono permettersi.<\/p><h2 class=\"wp-block-heading\">Costi dello stampaggio a iniezione in Cina<\/h2><p><mark>Com<\/mark>Rispetto ad altri Paesi, la Cina ha costi di manodopera e di materie prime pi\u00f9 bassi, e questo \u00e8 uno dei motivi per cui le aziende esternalizzano lo stampaggio a iniezione. La redditivit\u00e0 pu\u00f2 essere aumentata riducendo i costi di produzione. <\/p><p>Le aziende specializzate nella produzione di alti volumi e alla ricerca di risparmi sui costi possono trarre particolare vantaggio da questa situazione. L'ampia popolazione cinese significa anche che c'\u00e8 una forza lavoro prontamente disponibile in grado di soddisfare le esigenze della vostra azienda. Ci\u00f2 pu\u00f2 contribuire a ridurre i costi di formazione e ad aumentare la produttivit\u00e0.<\/p><h2 class=\"wp-block-heading\">Qualit\u00e0 dei fornitori cinesi<\/h2><p>Molte aziende cinesi hanno investito in attrezzature di produzione avanzate e hanno formato i propri dipendenti alle pi\u00f9 recenti tecniche di produzione, che possono contribuire a migliorare la qualit\u00e0 dei loro prodotti. La Cina ha anche investito molto in ricerca e sviluppo, il che significa che molte aziende cinesi hanno accesso a tecnologie avanzate che possono aiutarle a produrre prodotti pi\u00f9 innovativi. Questo vale soprattutto per le aziende specializzate in produzioni ad alta tecnologia, come quelle aerospaziali, elettroniche e mediche.<\/p><h2 class=\"wp-block-heading\">Capacit\u00e0 di stampaggio a iniezione<\/h2><p>La Cina ha un settore manifatturiero ben sviluppato, con un ampio bacino di manodopera qualificata. Questo pu\u00f2 aumentare la capacit\u00e0 produttiva e soddisfare la domanda di produzione di massa. Negli ultimi anni, la Cina ha compiuto uno sforzo per migliorare la propria forza lavoro. Questo ha portato all'ingresso nella forza lavoro di un maggior numero di lavoratori qualificati, che possono aumentare la produttivit\u00e0.<\/p><p>La Cina ha anche un gran numero di universit\u00e0 e istituti tecnici che producono laureati in ingegneria e campi scientifici, come l'ingegneria, i materiali, l'aerospaziale o la produzione di elettronica.<\/p><h2 class=\"wp-block-heading\">Tempi di consegna:<\/h2><p>L'outsourcing in Cina pu\u00f2 spesso portare a tempi di consegna pi\u00f9 brevi rispetto alla produzione nazionale, grazie alle infrastrutture ben sviluppate e al fatto che la Cina si trova pi\u00f9 vicina a molti dei principali mercati asiatici. <\/p><p>Anche la velocit\u00e0 del processo di produzione cinese \u00e8 importante: molte fabbriche cinesi sono in grado di produrre prodotti in poche settimane. Ci\u00f2 pu\u00f2 essere particolarmente utile per le aziende che desiderano lanciare nuovi prodotti o introdurre linee stagionali, garantendo una fornitura sufficiente prima della data di uscita.<\/p><h2 class=\"wp-block-heading\">Esperienza nel settore dello stampaggio a iniezione in Cina:<\/h2><p>I fornitori cinesi vantano un'abbondante esperienza nel settore manifatturiero, presentando una gamma completa di servizi che comprendono progettazione, prototipazione, creazione di stampi, stampaggio a iniezione e assemblaggio. La loro esperienza pratica \u00e8 particolarmente preziosa per le aziende alle prime armi che cercano una fabbrica in grado di fornire indicazioni. Inoltre, numerosi fornitori cinesi dispongono di collegamenti consolidati con fornitori locali, che consentono loro di mettere in contatto i clienti con fabbriche specializzate per servizi come l'imballaggio e la spedizione.<\/p><hr class=\"wp-block-separator has-alpha-channel-opacity\"\/><p>Ecco una guida passo passo sul processo di stampaggio a iniezione:<\/p><ol class=\"wp-block-list\"><li>Progettazione dello stampo: Si tratta di creare un modello 3D (software di progettazione: solidworks, ug, pro-e...) del prodotto e dello stampo, tenendo conto di fattori quali il materiale (PP, PE, ABS, PA...), lo spessore della parete, la dimensione della porta e il tempo di raffreddamento.<\/li><li>Realizzazione dello stampo: Lo stampo \u00e8 solitamente in acciaio o alluminio e deve essere fabbricato secondo specifiche precise. Un elenco di acciai per stampi in plastica con durezza:\n<ul class=\"wp-block-list\"><li>Acciaio P20 - 28-32 HRc<\/li><li>Acciaio 420 - 48-52 HRc<\/li><li>Acciaio H13 - 48-52 HRc<\/li><li>Acciaio S7 - 45-49 HRc<\/li><li>Acciaio NAK55 - 50-55 HRc<\/li><li>Acciaio NAK80 - 38-43 HRc<\/li><li>Acciaio DC53 - 50-58 HRc<\/li><li>Acciaio A2 - 60-64 HRc<\/li><li>Acciaio D2 - 60-64 HRc<\/li><li>Nota: HRc si riferisce alla scala di durezza Rockwell, che misura la durezza di un materiale.<\/li><\/ul><\/li><li>Installazione dello stampo: Lo stampo viene montato sulla pressa a iniezione e bloccato tra 2 piastre della macchina.<\/li><li>Caricare il materiale plastico: Il materiale plastico viene caricato nella tramoggia della pressa a iniezione per gravit\u00e0 e alcune tramogge provano il materiale plastico mentre lo stampaggio a iniezione \u00e8 in corso.<\/li><li>Fusione della plastica: il materiale plastico viene fuso dal calore e dalla pressione all'interno del cilindro della pressa a iniezione.<\/li><li>Iniettare la plastica nello stampo: La plastica fusa entra nello stampo tramite l'ugello e il canale di colata ad alta pressione, passa attraverso il canale di colata e riempie le cavit\u00e0 dello stampo.<\/li><li>Raffreddamento e solidificazione: Lo stampo viene raffreddato per consentire alla plastica di solidificarsi all'interno della cavit\u00e0 dello stampo per un po' di tempo; nella maggior parte dei casi, il tempo di raffreddamento \u00e8 pari a 2\/3 dell'intero ciclo.<\/li><li>Apertura dello stampo: Lo stampo viene aperto e il prodotto stampato viene rimosso dallo stampo, quindi lo stampo si chiude e inizia il ciclo successivo.<\/li><\/ol><p>Strumenti e materiali necessari: Macchina per lo stampaggio a iniezione, stampo, materiale plastico, macchina per l'essiccazione, regolatore di temperatura (per esigenze molto elevate e molto fredde per lo stampaggio a iniezione).<\/p><p>Il pezzo stampato pu\u00f2 soffrire di vari problemi, tra cui l'eccesso di materiale sui bordi (<strong>Flash<\/strong>), che pu\u00f2 provocare un indebolimento della struttura. <strong>Deformazione o distorsione<\/strong> pu\u00f2 verificarsi quando il pezzo stampato non mantiene la sua forma o dimensione a causa di un raffreddamento non uniforme. <strong>Macchie nere<\/strong> sul pezzo stampato sono il risultato di una cattiva lavorazione del materiale o di una contaminazione. <strong>Scarsa finitura superficiale<\/strong>, caratterizzati da una consistenza o rugosit\u00e0 non uniforme, possono essere causati da un'errata progettazione dello stampo o dalla scelta del materiale. <strong>Segni di affondamento<\/strong>Le tacche nella parte stampata possono essere causate da un riempimento improprio dello stampo o da una pressione insufficiente durante lo stampaggio. Inoltre, la parte stampata pu\u00f2 diventare <strong>difficile da espellere<\/strong>con conseguenti fermi di produzione e aumento dei costi, oppure pu\u00f2 danneggiarsi durante l'espulsione.<\/p><p>L'importanza delle misure di sicurezza non pu\u00f2 essere sopravvalutata nel processo di stampaggio a iniezione. Per prevenire gli infortuni, i lavoratori devono utilizzare <strong>dispositivi di protezione come guanti e occhiali di sicurezza<\/strong> poich\u00e9 la plastica fusa raggiunge temperature estremamente elevate, a volte fino a 300 gradi, e ha il potenziale di schizzare. \u00c8 fondamentale che gli operatori ricevano una formazione adeguata sulle procedure operative sicure.<\/p><h2 class=\"wp-block-heading\">Da asporto<\/h2><p>\u00c8 importante considerare attentamente tutti i fattori coinvolti nell'esternalizzazione in Cina, compresi la logistica, i costi di spedizione e il potenziale impatto sulla vostra catena di approvvigionamento. <\/p><p>Anche la collaborazione con un partner di sourcing affidabile ed esperto pu\u00f2 contribuire a garantire un'esperienza di outsourcing fluida e di successo.<\/p>","protected":false},"excerpt":{"rendered":"<p>Business is all about cutting costs. There is always a search for ways to save money and increase profits in every business, regardless of its size. The most common method of doing this today is outsourcing.Increasingly, companies are outsourcing their manufacturing to Chinese factories due to their fast pace, efficiency, and low prices. The production [&hellip;]<\/p>\n","protected":false},"author":11,"featured_media":0,"parent":0,"menu_order":0,"comment_status":"open","ping_status":"open","template":"","meta":{"footnotes":""},"class_list":["post-10029","page","type-page","status-publish","hentry"],"blocksy_meta":{"styles_descriptor":{"styles":{"desktop":"","tablet":"","mobile":""},"google_fonts":[],"version":6}},"_links":{"self":[{"href":"https:\/\/www.plasticmoulds.net\/it\/wp-json\/wp\/v2\/pages\/10029","targetHints":{"allow":["GET"]}}],"collection":[{"href":"https:\/\/www.plasticmoulds.net\/it\/wp-json\/wp\/v2\/pages"}],"about":[{"href":"https:\/\/www.plasticmoulds.net\/it\/wp-json\/wp\/v2\/types\/page"}],"author":[{"embeddable":true,"href":"https:\/\/www.plasticmoulds.net\/it\/wp-json\/wp\/v2\/users\/11"}],"replies":[{"embeddable":true,"href":"https:\/\/www.plasticmoulds.net\/it\/wp-json\/wp\/v2\/comments?post=10029"}],"version-history":[{"count":0,"href":"https:\/\/www.plasticmoulds.net\/it\/wp-json\/wp\/v2\/pages\/10029\/revisions"}],"wp:attachment":[{"href":"https:\/\/www.plasticmoulds.net\/it\/wp-json\/wp\/v2\/media?parent=10029"}],"curies":[{"name":"wp","href":"https:\/\/api.w.org\/{rel}","templated":true}]}}