{"id":948,"date":"2018-01-09T11:39:35","date_gmt":"2018-01-09T03:39:35","guid":{"rendered":"https:\/\/plasticmoulds.net\/?page_id=948"},"modified":"2021-11-18T17:32:05","modified_gmt":"2021-11-18T09:32:05","slug":"fabrication-de-moules-dinjection-plastique-chine","status":"publish","type":"page","link":"https:\/\/www.plasticmoulds.net\/fr\/make-plastic-injection-molds-china","title":{"rendered":"Pourquoi et comment fabriquer des moules d'injection plastique en Chine ?"},"content":{"rendered":"<h2>Pourquoi fabriquer des moules d'injection plastique en Chine ?<\/h2><p>Nombreux sont ceux qui pensent que les moules chinois pour l'injection de plastique sont de mauvaise qualit\u00e9. Pourtant, un grand nombre d'entreprises, y compris des multinationales, choisissent encore d'acheter de tels moules. Cela signifie-t-il que ces entreprises sont na\u00efves ou qu'elles commettent une erreur ? Bien s\u00fbr que non. En fait, les fabricants chinois de moules \u00e0 injection peuvent produire certains des meilleurs moules du march\u00e9, \u00e0 un prix bien inf\u00e9rieur \u00e0 celui propos\u00e9 par les entreprises europ\u00e9ennes et am\u00e9ricaines.<\/p><p><a href=\"https:\/\/plasticmoulds.net\/wp-content\/uploads\/2018\/01\/plastic_mould-3_1_2_kivink_tkmmzi.jpg\"><img loading=\"lazy\" decoding=\"async\" class=\"alignnone wp-image-903 size-full\" src=\"https:\/\/plasticmoulds.net\/wp-content\/uploads\/2018\/01\/plastic_mould-3_1_2_kivink_tkmmzi.jpg\" alt=\"Moules en plastique en Chine\" width=\"720\" height=\"552\" srcset=\"https:\/\/www.plasticmoulds.net\/wp-content\/uploads\/2018\/01\/plastic_mould-3_1_2_kivink_tkmmzi.jpg 720w, https:\/\/www.plasticmoulds.net\/wp-content\/uploads\/2018\/01\/plastic_mould-3_1_2_kivink_tkmmzi-300x230.jpg 300w\" sizes=\"auto, (max-width: 720px) 100vw, 720px\" \/><\/a><\/p><p>&nbsp;<\/p><p>En Chine, le secteur de la fabrication de moules \u00e0 injection de plastique ne cesse de se d\u00e9velopper. Non seulement ils poss\u00e8dent les comp\u00e9tences requises pour fabriquer des moules d'injection de qualit\u00e9 sup\u00e9rieure, mais ils ont \u00e9galement d'excellentes connaissances de l'anglais. La plupart des vendeurs de moules chinois ma\u00eetrisent parfaitement les dessins de CAO et sont capables de choisir les bons mat\u00e9riaux. Cela leur permet d'acc\u00e9l\u00e9rer le processus de communication entre les ing\u00e9nieurs partenaires et le client.<\/p><p>Lors de la fabrication d'un tout nouveau moule d'injection plastique, le processus commence g\u00e9n\u00e9ralement par un dessin en 3D du produit. \u00c0 partir de ce dessin, les ing\u00e9nieurs peuvent alors d\u00e9cider de la mani\u00e8re de fabriquer le moule, en pensant \u00e0 des \u00e9l\u00e9ments tels que la taille et la structure du moule, le mat\u00e9riau et la mani\u00e8re de maintenir le co\u00fbt aussi bas que possible, tout en gardant \u00e0 l'esprit les exigences du client. Notre usine travaille depuis de nombreuses ann\u00e9es avec de multiples entreprises europ\u00e9ennes et am\u00e9ricaines. Il vous suffit donc de nous envoyer vos dessins et nous nous ferons un plaisir d'effectuer un essai pour vous montrer ce que nous avons \u00e0 vous offrir.<\/p><p>La fabrication de moules existe en Chine depuis plus de 30 ans, ce qui signifie que de nombreux fabricants de haute qualit\u00e9 sont en activit\u00e9 aujourd'hui. Nombre d'entre eux poss\u00e8dent les m\u00eames comp\u00e9tences et la m\u00eame exp\u00e9rience que leurs homologues occidentaux. M\u00eame s'ils ne sont pay\u00e9s qu'environ 60% de ce qu'ils pourraient gagner en faisant le m\u00eame travail aux \u00c9tats-Unis, ils produiront toujours des moules de qualit\u00e9 sup\u00e9rieure sur lesquels vous pourrez vraiment compter.<\/p><h2>Comment choisir un fournisseur de moules d'injection chinois ?<\/h2><p>La principale raison pour laquelle tant de clients am\u00e9ricains et europ\u00e9ens se tournent vers la Chine pour obtenir des moules d'injection plastique est que ces derniers sont beaucoup moins chers \u00e0 fabriquer dans ce pays. Toutefois, le prix ne doit pas \u00eatre le seul \u00e9l\u00e9ment pris en consid\u00e9ration ; vous devez \u00e9galement tenir compte des \u00e9l\u00e9ments suivants pour vous assurer que l'entreprise que vous avez choisie fera un travail minutieux lors de la fabrication de votre moule.<\/p><ul><li>R\u00e9f\u00e9rences d'anciens clients<\/li><li>&nbsp;Qualit\u00e9 de l'acier \u00e0 outils utilis\u00e9<\/li><li>Qualit\u00e9 de l'usine et de l'\u00e9quipement<\/li><li>Contr\u00f4le de la qualit\u00e9 et processus de validation<\/li><li>Exp\u00e9rience - id\u00e9alement, vous souhaitez une entreprise qui sait vraiment ce qu'elle fait.<\/li><li>Capacit\u00e9s - seront-ils en mesure de g\u00e9rer l'ensemble du projet en interne ou d'en externaliser certaines parties ?<\/li><li>Capacit\u00e9 actuelle<\/li><li>Sont-ils en mesure de servir correctement les clients internationaux ?<\/li><\/ul><p><a href=\"https:\/\/plasticmoulds.net\/wp-content\/uploads\/2018\/01\/china-plastic-molding_crbyqu.png\"><img loading=\"lazy\" decoding=\"async\" class=\"alignnone wp-image-910 size-full\" src=\"https:\/\/plasticmoulds.net\/wp-content\/uploads\/2018\/01\/china-plastic-molding_crbyqu.png\" alt=\"Moulage par injection en Chine\" width=\"700\" height=\"454\" srcset=\"https:\/\/www.plasticmoulds.net\/wp-content\/uploads\/2018\/01\/china-plastic-molding_crbyqu.png 700w, https:\/\/www.plasticmoulds.net\/wp-content\/uploads\/2018\/01\/china-plastic-molding_crbyqu-300x195.png 300w\" sizes=\"auto, (max-width: 700px) 100vw, 700px\" \/><\/a><\/p><h2>Comment trouver un bon fabricant de moules chinois ?<\/h2><p>Il existe un tr\u00e8s grand nombre de fabricants de moules en Chine, et vous devez donc prendre la bonne d\u00e9cision lorsque vous en choisissez un. Cela peut parfois prendre un certain temps, mais tous ces efforts en valent la peine \u00e0 long terme. S'il est facile de trouver des magasins de moules r\u00e9put\u00e9s dans le monde occidental, les choses ne sont pas plus compliqu\u00e9es en Chine. Tout ce dont vous devez vous souvenir, c'est que les prix bas sont g\u00e9n\u00e9ralement bas pour une bonne raison : parce qu'ils compromettent la qualit\u00e9. Il est plus important d'obtenir un moule de bonne qualit\u00e9 qu'un moule bon march\u00e9, c'est pourquoi il est judicieux d'assister \u00e0 un essai de moule. Si le co\u00fbt du voyage en Chine est trop \u00e9lev\u00e9, une vid\u00e9o d'\u00e9chantillonnage est toujours possible.<\/p><p>Il est \u00e9galement fortement conseill\u00e9 de lire les conditions g\u00e9n\u00e9rales fournies avec chaque devis et, surtout, les clauses de garantie. La qualit\u00e9 des moules chinois s'am\u00e9liore sans cesse, mais en tant que client, vous devrez toujours superviser attentivement le processus de conception et de fabrication pour vous assurer que vous obtenez exactement ce dont vous avez besoin.<\/p>","protected":false},"excerpt":{"rendered":"<p>Why Make Plastic Injection Molds in China?Many people assume that Chinese plastic injection molds are going to be of poor quality. However, a huge number of companies- including multinational corporations- still choose to buy such molds. Does that mean these companies are naive or making a mistake? Of course not. In fact, Chinese injection mold [&hellip;]<\/p>\n","protected":false},"author":11,"featured_media":0,"parent":0,"menu_order":0,"comment_status":"closed","ping_status":"closed","template":"","meta":{"footnotes":""},"class_list":["post-948","page","type-page","status-publish","hentry"],"blocksy_meta":{"styles_descriptor":{"styles":{"desktop":"","tablet":"","mobile":""},"google_fonts":[],"version":6}},"_links":{"self":[{"href":"https:\/\/www.plasticmoulds.net\/fr\/wp-json\/wp\/v2\/pages\/948","targetHints":{"allow":["GET"]}}],"collection":[{"href":"https:\/\/www.plasticmoulds.net\/fr\/wp-json\/wp\/v2\/pages"}],"about":[{"href":"https:\/\/www.plasticmoulds.net\/fr\/wp-json\/wp\/v2\/types\/page"}],"author":[{"embeddable":true,"href":"https:\/\/www.plasticmoulds.net\/fr\/wp-json\/wp\/v2\/users\/11"}],"replies":[{"embeddable":true,"href":"https:\/\/www.plasticmoulds.net\/fr\/wp-json\/wp\/v2\/comments?post=948"}],"version-history":[{"count":0,"href":"https:\/\/www.plasticmoulds.net\/fr\/wp-json\/wp\/v2\/pages\/948\/revisions"}],"wp:attachment":[{"href":"https:\/\/www.plasticmoulds.net\/fr\/wp-json\/wp\/v2\/media?parent=948"}],"curies":[{"name":"wp","href":"https:\/\/api.w.org\/{rel}","templated":true}]}}