{"id":8985,"date":"2022-11-08T09:24:00","date_gmt":"2022-11-08T01:24:00","guid":{"rendered":"https:\/\/plasticmoulds.net\/?p=8985"},"modified":"2023-01-10T09:53:12","modified_gmt":"2023-01-10T01:53:12","slug":"ce-quil-faut-savoir-avant-de-fabriquer-en-chine","status":"publish","type":"page","link":"https:\/\/www.plasticmoulds.net\/fr\/what-you-should-know-before-manufacturing-in-china","title":{"rendered":"Ce qu'il faut savoir avant de fabriquer en Chine !"},"content":{"rendered":"<figure class=\"wp-block-image aligncenter size-full is-resized\"><a href=\"https:\/\/plasticmoulds.net\/wp-content\/uploads\/2022\/07\/027-production.png\"><img loading=\"lazy\" decoding=\"async\" src=\"https:\/\/plasticmoulds.net\/wp-content\/uploads\/2022\/07\/027-production.png\" alt=\"\" class=\"wp-image-7943\" width=\"574\" height=\"574\" srcset=\"https:\/\/www.plasticmoulds.net\/wp-content\/uploads\/2022\/07\/027-production.png 512w, https:\/\/www.plasticmoulds.net\/wp-content\/uploads\/2022\/07\/027-production-300x300.png 300w, https:\/\/www.plasticmoulds.net\/wp-content\/uploads\/2022\/07\/027-production-150x150.png 150w\" sizes=\"auto, (max-width: 574px) 100vw, 574px\" \/><\/a><\/figure><h2 class=\"wp-block-heading\" id=\"1-the-basics\">Les bases<\/h2><p>La Chine est le plus grand pays manufacturier du monde. En 2016, elle a produit pour $3,2 trillions de biens, selon les donn\u00e9es de la Banque mondiale.<\/p><p><a href=\"https:\/\/plasticmoulds.net\/what-you-should-know-before-manufacturing-in-china.html\" target=\"_blank\" rel=\"noreferrer noopener\">Fabrication en Chine<\/a> est une pratique de longue date pour de nombreuses entreprises, le pays \u00e9tant devenu l'un des principaux exportateurs de produits dans toute une s\u00e9rie d'industries. De ce fait, de nombreuses entreprises \u00e9trang\u00e8res ont install\u00e9 des usines de fabrication \u00e0 l'int\u00e9rieur des fronti\u00e8res chinoises afin de tirer parti des avantages offerts par la Chine. <a href=\"https:\/\/plasticmoulds.net\/plastic-mold-tool-cost\" target=\"_blank\" rel=\"noreferrer noopener\">ses faibles co\u00fbts<\/a> et une importante main-d'\u0153uvre qualifi\u00e9e.<\/p><div class=\"wp-block-group is-layout-flow wp-block-group-is-layout-flow\"><div class=\"wp-block-qubely-table-of-contents qubely-block-9c9b0a qubely-block-table-of-contents qubely-align-left\"><div class=\"qubely-table-of-contents\" data-scroll-offset=\"20\"><div class=\"qubely-table-of-contents-header qubely-toc-header-frontend qubely-justify-between\"><div class=\"qubely-table-of-contents-heading\"><div class=\"title\">Table des mati\u00e8res<\/div><\/div><\/div><div class=\"qubely-table-of-contents-body\"><ol class=\"ordered-list\"><li><a href=\"#1-the-basics\">Les bases<\/a><\/li><li><a href=\"#2-why-choose-china\">Pourquoi choisir la Chine<\/a><\/li><li><a href=\"#3-the-advantages-and-disadvantages-of-manufacturing-in-china\">Avantages et inconv\u00e9nients de la fabrication en Chine<\/a><\/li><li><a href=\"#4-pros\">pros<\/a><ol class=\"child-list\"><li><a href=\"#5-cost-savings\">\u00c9conomies de co\u00fbts<\/a><\/li><li><a href=\"#6-availability-and-quality-control\">Disponibilit\u00e9 et contr\u00f4le de la qualit\u00e9<\/a><\/li><li><a href=\"#7-speed-and-flexibility\">Rapidit\u00e9 et flexibilit\u00e9<\/a><\/li><\/ol><\/li><li><a href=\"#8-cons\">Cons<\/a><ol class=\"child-list\"><li><a href=\"#9-foreign-investment-restrictions\">Restrictions aux investissements \u00e9trangers<\/a><\/li><li><a href=\"#10-language-barriers\">Barri\u00e8res linguistiques<\/a><\/li><li><a href=\"#11-slow-shipping-times\">Lenteur des d\u00e9lais d'exp\u00e9dition<\/a><\/li><\/ol><\/li><li><a href=\"#12-will-china-manufacturing-fit-your-business\">La fabrication en Chine convient-elle \u00e0 votre entreprise ?<\/a><\/li><li><a href=\"#13-how-to-get-started-with-manufacturing-in-china\">Comment se lancer dans la fabrication en Chine<\/a><ol class=\"child-list\"><li><a href=\"#14-youre-not-alone\">Vous n'\u00eates pas seul<\/a><\/li><li><a href=\"#15-do-your-research\">Faites vos recherches<\/a><\/li><li><a href=\"#16-communication-is-key-\">La communication est essentielle ! <\/a><\/li><li><a href=\"#17-find-a-good-supplier\">Trouver un bon fournisseur<\/a><\/li><\/ol><\/li><li><a href=\"#18-contact-a-manufacturing-expert-for-a-consultation\">Contactez un expert en fabrication pour une consultation<\/a><\/li><li><a href=\"#19-takeaway\">\u00c0 emporter<\/a><\/li><\/ol><\/div><a href=\"#\" class=\"qubely-back-to-top-button fas fa-angle-up\"><\/a><\/div><\/div><\/div><p>Les capacit\u00e9s manufacturi\u00e8res de la Chine ne sont d\u00e9pass\u00e9es que par celles des \u00c9tats-Unis, tandis que son \u00e9conomie est la deuxi\u00e8me du monde apr\u00e8s celle des \u00c9tats-Unis. Dans ce contexte, la croissance a \u00e9t\u00e9 consid\u00e9rable ces derni\u00e8res ann\u00e9es et devrait se poursuivre jusqu'en 2020, date \u00e0 laquelle la croissance devrait atteindre 7 % par an.<\/p><figure class=\"wp-block-video\"><video controls src=\"https:\/\/res.cloudinary.com\/steven-cheng\/video\/upload\/v1667804126\/Electrician-Is-Assembling-The-Electrical-Box-Attac-2022-08-10-13-59-23-Utc_ksmlih.mp4\"><\/video><\/figure><h2 class=\"wp-block-heading\" id=\"2-why-choose-china\">Pourquoi choisir la Chine<\/h2><p>La Chine est le plus grand fabricant au monde - en fait, on estime que la Chine produit <strong>entre 20% et 30% de tous les biens dans le monde<\/strong>. Elle est \u00e9galement le premier exportateur mondial, <strong>repr\u00e9sentant pr\u00e8s de 15% des exportations mondiales.<\/strong><\/p><p>La Chine repr\u00e9sente 32 % de la production mondiale de mati\u00e8res plastiques en 2021, ce qui en fait de loin le plus grand producteur de plastique au monde.<\/p><p>De nombreuses entreprises choisissent la Chine comme site de production en raison de sa forte population, de ses faibles co\u00fbts de main-d'\u0153uvre et de ses infrastructures bien d\u00e9velopp\u00e9es. Il existe \u00e9galement de nombreux <a href=\"https:\/\/plasticmoulds.net\/plastic-mold-offer-from-china.html\" target=\"_blank\" rel=\"noreferrer noopener\">raisons<\/a> pourquoi vous devriez envisager de fabriquer en Chine :<\/p><p>La Chine produit toute une s\u00e9rie de biens destin\u00e9s \u00e0 l'exportation vers les pays du monde entier. Elle y est parvenue gr\u00e2ce \u00e0 l'abondance de ses ressources naturelles et \u00e0 une main-d'\u0153uvre bon march\u00e9. Lorsque vous fabriquez en Chine, vous pouvez tirer parti de cette situation en externalisant votre production dans des usines locales sp\u00e9cialis\u00e9es dans la fabrication de produits tels que des v\u00eatements, des chaussures, des appareils \u00e9lectroniques et des jouets.<\/p><p>La Chine offre aux consommateurs une grande vari\u00e9t\u00e9 de produits \u00e0 des prix tr\u00e8s comp\u00e9titifs.<strong> un co\u00fbt moins \u00e9lev\u00e9<\/strong> que d'autres march\u00e9s dans le monde en raison des bas salaires et des faibles co\u00fbts associ\u00e9s aux installations de production et aux frais de transport. Le taux horaire moyen des travailleurs de l'industrie manufacturi\u00e8re en Chine \u00e9tait de $1,50 par heure en 2013, soit nettement moins que dans d'autres pays comme le Br\u00e9sil ($3) ou le Mexique ($2). Ces bas salaires permettent aux fabricants de maintenir des prix comp\u00e9titifs tout en r\u00e9alisant des b\u00e9n\u00e9fices sur leurs produits vendus \u00e0 l'\u00e9tranger<\/p><figure class=\"wp-block-image aligncenter size-large is-resized\"><img loading=\"lazy\" decoding=\"async\" src=\"https:\/\/res.cloudinary.com\/steven-cheng\/image\/upload\/v1652878148\/unnamed-file_8698f5f4d.jpg\" alt=\"\" width=\"687\" height=\"296\"\/><\/figure><h2 class=\"wp-block-heading\" id=\"3-the-advantages-and-disadvantages-of-manufacturing-in-china\">Avantages et inconv\u00e9nients de la fabrication en Chine<\/h2><p>Depuis plus d'une d\u00e9cennie, la Chine est la destination privil\u00e9gi\u00e9e des entreprises qui cherchent \u00e0 fabriquer leurs produits. Le pays offre des co\u00fbts peu \u00e9lev\u00e9s et une main-d'\u0153uvre qualifi\u00e9e en abondance. De nombreuses entreprises ont d\u00e9j\u00e0 franchi le pas, mais il existe certains inconv\u00e9nients qu'il convient de conna\u00eetre avant de d\u00e9cider de s'installer ou non en Chine. La production de moulage par injection en Chine a atteint 30,72 millions de tonnes en 2021, soit une augmentation de 1,77 million de tonnes ou 6,1% par rapport \u00e0 2020, et devrait atteindre 32,1 millions de tonnes en 2022.<\/p><p>Les avantages et les inconv\u00e9nients de la fabrication en Chine varient consid\u00e9rablement en fonction du type de produit que vous envisagez de fabriquer. Mais une chose est s\u00fbre : si vous voulez cr\u00e9er une entreprise durable et tr\u00e8s rentable, vous devez \u00eatre en mesure de fabriquer en Chine.<\/p><h2 class=\"wp-block-heading\" id=\"4-pros\">pros<\/h2><h3 class=\"wp-block-heading\" id=\"5-cost-savings\">\u00c9conomies de co\u00fbts<\/h3><p>La fabrication en Chine peut permettre aux entreprises d'\u00e9conomiser beaucoup d'argent. En effet, les co\u00fbts de main-d'\u0153uvre sont nettement inf\u00e9rieurs \u00e0 ceux des \u00c9tats-Unis ou de l'Europe. En outre, les entreprises n'ont pas \u00e0 payer autant pour le transport, car elles peuvent exp\u00e9dier leurs produits par voie maritime plut\u00f4t que par voie a\u00e9rienne. Cela signifie que moins de carburant est utilis\u00e9 et moins d'\u00e9missions sont produites lorsque les produits sont exp\u00e9di\u00e9s \u00e0 travers l'oc\u00e9an plut\u00f4t qu'\u00e0 travers le pays ou le continent.<\/p><h3 class=\"wp-block-heading\" id=\"6-availability-and-quality-control\">Disponibilit\u00e9 et contr\u00f4le de la qualit\u00e9<\/h3><p>Lorsque vous fabriquez des produits en Chine, il existe de nombreuses possibilit\u00e9s de trouver des fournisseurs capables de r\u00e9pondre \u00e0 vos besoins et de vous fournir des mat\u00e9riaux de qualit\u00e9 \u00e0 des prix abordables. Ces fournisseurs ont souvent des ann\u00e9es d'exp\u00e9rience de travail avec d'autres entreprises du monde entier, ce qui leur permet de proposer des prix plus comp\u00e9titifs que ceux que vous pourriez trouver si vous essayiez de vous approvisionner localement ou dans un autre pays o\u00f9 l'anglais n'est peut-\u00eatre pas aussi bien parl\u00e9 ou compris.<\/p><h3 class=\"wp-block-heading\" id=\"7-speed-and-flexibility\">Rapidit\u00e9 et flexibilit\u00e9<\/h3><p>Lorsque des produits sont fabriqu\u00e9s en Chine, il est possible de les obtenir rapidement parce qu'il y a beaucoup d'usines qui fabriquent les m\u00eames produits. En outre, les usines chinoises sont flexibles et peuvent souvent modifier leur calendrier de production ou s'adapter rapidement \u00e0 vos besoins parce qu'elles comprennent le fonctionnement de la fabrication. Lorsqu'il s'agit de trouver des mat\u00e9riaux pour votre projet, il se peut que vous ayez besoin d'un produit qui n'est disponible qu'\u00e0 un seul endroit dans le monde. C'est l\u00e0 que le probl\u00e8me commence. Si vous essayez de vous procurer des mat\u00e9riaux dans un pays et de fabriquer dans un autre, il peut \u00eatre tr\u00e8s difficile de tout mettre en place assez rapidement pour votre projet. Il se peut \u00e9galement que les usines ou les fournisseurs ne soient pas assez flexibles pour adapter leur calendrier ou r\u00e9pondre \u00e0 vos besoins, ce qui pourrait s\u00e9rieusement retarder la production.<\/p><h2 class=\"wp-block-heading\" id=\"8-cons\">Cons<\/h2><p>La fabrication en Chine est une option attrayante pour de nombreuses entreprises. Le pays dispose d'une population importante, de faibles co\u00fbts de main-d'\u0153uvre et d'une solide infrastructure manufacturi\u00e8re.<\/p><p>Cependant, malgr\u00e9 les avantages, il existe \u00e9galement des inconv\u00e9nients que vous devez prendre en compte avant de d\u00e9cider de fabriquer en Chine. Voici quelques-uns des plus courants :<\/p><h3 class=\"wp-block-heading\" id=\"9-foreign-investment-restrictions\">Restrictions aux investissements \u00e9trangers<\/h3><p>Les investisseurs \u00e9trangers doivent s'associer \u00e0 une entreprise chinoise pour cr\u00e9er une coentreprise ou investir dans une entreprise existante. En outre, les entreprises \u00e9trang\u00e8res sont limit\u00e9es \u00e0 la propri\u00e9t\u00e9 de leur coentreprise ou de leur entreprise \u00e0 investissement \u00e9tranger (EIE), et il leur est interdit d'investir directement dans certains secteurs tels que la banque et les t\u00e9l\u00e9communications. En raison de ces restrictions, il peut \u00eatre difficile pour les entreprises \u00e9trang\u00e8res de se d\u00e9velopper de mani\u00e8re ind\u00e9pendante en Chine sans diluer l'identit\u00e9 de leur marque en s'associant \u00e0 des partenaires locaux.<\/p><h3 class=\"wp-block-heading\" id=\"10-language-barriers\">Barri\u00e8res linguistiques<\/h3><p>La barri\u00e8re linguistique peut entra\u00eener des retards dans la communication entre les \u00e9quipes de gestion au cours des processus de production et les calendriers de livraison peuvent \u00eatre difficiles \u00e0 respecter en raison de mauvaises comp\u00e9tences en mati\u00e8re de traduction de part et d'autre. En outre, les travailleurs chinois peuvent ne pas se sentir \u00e0 l'aise pour travailler directement avec des \u00e9quipes internationales en raison de diff\u00e9rences culturelles, ce qui peut \u00e9galement entra\u00eener des probl\u00e8mes d'efficacit\u00e9 et de productivit\u00e9 au cours des processus de production.<\/p><h3 class=\"wp-block-heading\" id=\"11-slow-shipping-times\">Lenteur des d\u00e9lais d'exp\u00e9dition<\/h3><p>L'une des choses les plus ennuyeuses lorsqu'on travaille avec des fabricants chinois est le temps qu'il faut pour que les articles soient exp\u00e9di\u00e9s de l'usine \u00e0 l'entrep\u00f4t - ou pire, d'un entrep\u00f4t \u00e0 l'autre. La plupart des usines chinoises \u00e9tant situ\u00e9es \u00e0 l'oppos\u00e9 de l'endroit o\u00f9 vous vivez et travaillez, cela signifie que vous subirez de nombreux retards si votre produit est fabriqu\u00e9 dans ce pays, en particulier s'il contient des composants \u00e9lectroniques ou d'autres pi\u00e8ces sensibles qui doivent \u00eatre test\u00e9s ou certifi\u00e9s une fois arriv\u00e9s au port. Certaines entreprises ont commenc\u00e9 \u00e0 utiliser l'a\u00e9roport logistique de Californie du Sud, situ\u00e9 juste au nord de Los Angeles, comme plate-forme d'exp\u00e9dition alternative, car il offre un meilleur acc\u00e8s aux grands ports comme Long Beach et San Pedro que la Chine.<\/p><h2 class=\"wp-block-heading\" id=\"12-will-china-manufacturing-fit-your-business\">La fabrication en Chine convient-elle \u00e0 votre entreprise ?<\/h2><p>La premi\u00e8re question \u00e0 se poser est de savoir si la fabrication en Chine est adapt\u00e9e \u00e0 votre mod\u00e8le d'entreprise. Voici quelques questions \u00e0 se poser :<\/p><p>Vos produits doivent-ils \u00eatre personnalis\u00e9s ? Si c'est le cas, vous devrez trouver une usine capable de r\u00e9pondre \u00e0 vos besoins tout en fournissant le produit \u00e0 un prix abordable.<\/p><p>Avez-vous des contraintes de temps ? Selon le type de produit que vous recherchez, il se peut qu'un fabricant mette plus de temps que pr\u00e9vu \u00e0 produire vos marchandises. Veillez \u00e0 tenir compte de ces d\u00e9lais dans votre calendrier lorsque vous commandez \u00e0 l'\u00e9tranger.<\/p><p>Pouvez-vous g\u00e9rer la logistique d'exp\u00e9dition ? Il se peut que vous soyez responsable de l'acheminement du produit fini de la Chine vers les \u00c9tats-Unis. Assurez-vous donc que vous \u00eates en mesure de g\u00e9rer cette t\u00e2che avant de passer commande !<\/p><h2 class=\"wp-block-heading\" id=\"13-how-to-get-started-with-manufacturing-in-china\">Comment se lancer dans la fabrication en Chine<\/h2><p>Voici quelques points \u00e0 conna\u00eetre avant de faire des affaires avec des fabricants \u00e9trangers :<\/p><h3 class=\"wp-block-heading\" id=\"14-youre-not-alone\">Vous n'\u00eates pas seul<\/h3><p>Des milliers d'autres entreprises fabriquent leurs produits en Chine et connaissent un grand succ\u00e8s. La premi\u00e8re \u00e9tape consiste \u00e0 prendre contact avec un fabricant sp\u00e9cialis\u00e9 dans votre cat\u00e9gorie de produits. Il pourra ainsi vous guider tout au long du processus de cr\u00e9ation de votre prototype et effectuer des contr\u00f4les d'assurance qualit\u00e9 sur le produit final avant qu'il ne soit exp\u00e9di\u00e9.<\/p><h3 class=\"wp-block-heading\" id=\"15-do-your-research\">Faites vos recherches<\/h3><p>Avant d'envoyer une demande de proposition, assurez-vous de savoir ce que vous voulez et d'avoir une id\u00e9e claire de vos attentes. Assurez-vous \u00e9galement que votre produit r\u00e9pondra \u00e0 toutes les exigences en mati\u00e8re de s\u00e9curit\u00e9, tant dans votre pays qu'\u00e0 l'\u00e9tranger. Si votre produit ou son emballage pose probl\u00e8me \u00e0 la douane ou \u00e0 un autre stade de la cha\u00eene d'approvisionnement, il peut en r\u00e9sulter des retards qui se r\u00e9percutent sur les d\u00e9lais et les co\u00fbts de production, sans parler de votre r\u00e9putation !<\/p><h3 class=\"wp-block-heading\" id=\"16-communication-is-key-\">La communication est essentielle ! <\/h3><p>M\u00eame si vous parlez couramment le chinois mandarin, il est important de faire appel \u00e0 un interpr\u00e8te ou \u00e0 un traducteur lorsque vous communiquez avec votre fabricant, car celui-ci peut ne pas comprendre le jargon technique ou les acronymes utilis\u00e9s par les ing\u00e9nieurs et les concepteurs d'autres pays comme l'Am\u00e9rique ou l'Europe. Cela dit, ne sous-estimez pas l'importance d'avoir vous-m\u00eame de bonnes comp\u00e9tences en communication, surtout si l'anglais n'est pas votre langue maternelle !<\/p><h3 class=\"wp-block-heading\" id=\"17-find-a-good-supplier\">Trouver un bon fournisseur<\/h3><p>Une fois que vous savez ce que vous voulez et quel type de produit vous recherchez, commencez \u00e0 rechercher des fournisseurs potentiels. Ne vous contentez pas de faire des recherches en ligne ; appelez-les ou allez les voir en personne pour savoir s'ils peuvent r\u00e9pondre \u00e0 vos besoins. Ils devraient \u00eatre en mesure de vous montrer des \u00e9chantillons (et de pr\u00e9f\u00e9rence des vid\u00e9os) de la fabrication de leurs produits afin que vous puissiez vous rendre compte de la qualit\u00e9 de leur fabrication avant de passer commande. Posez-lui \u00e9galement des questions sur son contr\u00f4le de la qualit\u00e9 et sur la mani\u00e8re dont il s'assure qu'aucun d\u00e9faut ne passe inaper\u00e7u. Si vous faites appel \u00e0 une usine qui sous-traite certaines parties du processus, assurez-vous qu'elle peut vous fournir des \u00e9chantillons de tous les mat\u00e9riaux utilis\u00e9s pour fabriquer votre produit.<\/p><h2 class=\"wp-block-heading\" id=\"18-contact-a-manufacturing-expert-for-a-consultation\">Contactez un expert en fabrication pour une consultation<\/h2><p>Avant de choisir un fabricant et de passer une commande, il est important d'obtenir les conseils d'une personne ayant l'exp\u00e9rience du travail en Chine. Un consultant vous aidera \u00e0 identifier tous les facteurs impliqu\u00e9s dans la fabrication de votre produit et vous conseillera sur la mani\u00e8re de trouver le fabricant le mieux adapt\u00e9 \u00e0 vos besoins. <\/p><p>Un consultant en fabrication sera \u00e9galement en mesure de vous aider \u00e0 \u00e9viter les erreurs courantes qui peuvent entra\u00eener des retards co\u00fbteux, des probl\u00e8mes de qualit\u00e9 ou, pire encore, l'\u00e9chec du lancement d'un produit.<\/p><h2 class=\"wp-block-heading\" id=\"19-takeaway\">\u00c0 emporter<\/h2><p>Dans l'\u00e9conomie mondialis\u00e9e d'aujourd'hui, de plus en plus de fabricants choisissent de d\u00e9localiser leurs activit\u00e9s \u00e0 l'\u00e9tranger. Il s'agit d'une tendance qui n'est pas pr\u00e8s de dispara\u00eetre. Si vous \u00eates l'une de ces entreprises, vous devez tenir compte de nombreux \u00e9l\u00e9ments lorsque vous d\u00e9cidez de fabriquer en Chine. En prenant de l'avance sur la courbe d'apprentissage et en vous informant d\u00e8s maintenant, vous augmenterez consid\u00e9rablement vos chances de r\u00e9ussite, quel que soit le type d'entreprise manufacturi\u00e8re que vous poss\u00e9dez.<\/p>","protected":false},"excerpt":{"rendered":"<p>The BasicsChina is the world&#8217;s largest manufacturing country. In 2016, it produced $3.2 trillion worth of goods, according to World Bank data.Manufacturing in China has been a long-standing practice for many companies, with the country becoming a leading exporter of products across a range of industries. This has resulted in many foreign companies setting up [&hellip;]<\/p>\n","protected":false},"author":11,"featured_media":0,"parent":0,"menu_order":0,"comment_status":"open","ping_status":"open","template":"","meta":{"footnotes":""},"class_list":["post-8985","page","type-page","status-publish","hentry"],"blocksy_meta":{"styles_descriptor":{"styles":{"desktop":"","tablet":"","mobile":""},"google_fonts":[],"version":6}},"_links":{"self":[{"href":"https:\/\/www.plasticmoulds.net\/fr\/wp-json\/wp\/v2\/pages\/8985","targetHints":{"allow":["GET"]}}],"collection":[{"href":"https:\/\/www.plasticmoulds.net\/fr\/wp-json\/wp\/v2\/pages"}],"about":[{"href":"https:\/\/www.plasticmoulds.net\/fr\/wp-json\/wp\/v2\/types\/page"}],"author":[{"embeddable":true,"href":"https:\/\/www.plasticmoulds.net\/fr\/wp-json\/wp\/v2\/users\/11"}],"replies":[{"embeddable":true,"href":"https:\/\/www.plasticmoulds.net\/fr\/wp-json\/wp\/v2\/comments?post=8985"}],"version-history":[{"count":0,"href":"https:\/\/www.plasticmoulds.net\/fr\/wp-json\/wp\/v2\/pages\/8985\/revisions"}],"wp:attachment":[{"href":"https:\/\/www.plasticmoulds.net\/fr\/wp-json\/wp\/v2\/media?parent=8985"}],"curies":[{"name":"wp","href":"https:\/\/api.w.org\/{rel}","templated":true}]}}