{"id":8952,"date":"2022-11-01T15:15:00","date_gmt":"2022-11-01T07:15:00","guid":{"rendered":"https:\/\/plasticmoulds.net\/?p=8952"},"modified":"2022-11-02T12:35:07","modified_gmt":"2022-11-02T04:35:07","slug":"fabrication-en-sous-traitance-en-chine-vous-netes-pas-le-seul-a-y-penser","status":"publish","type":"page","link":"https:\/\/www.plasticmoulds.net\/fr\/china-contract-manufacturing-youre-not-the-only-one-to-think-of-it","title":{"rendered":"Fabrication en sous-traitance en Chine : Vous n'\u00eates pas le seul \u00e0 y penser."},"content":{"rendered":"<figure class=\"wp-block-image aligncenter size-full is-resized\"><a href=\"https:\/\/plasticmoulds.net\/wp-content\/uploads\/2022\/07\/16.png\"><img loading=\"lazy\" decoding=\"async\" src=\"https:\/\/plasticmoulds.net\/wp-content\/uploads\/2022\/07\/16.png\" alt=\"\" class=\"wp-image-7977\" width=\"483\" height=\"497\"\/><\/a><\/figure><p>Et si vous pensez \u00e0 la fabrication en sous-traitance en Chine, vous n'\u00eates probablement pas seul dans votre qu\u00eate. Mais ne d\u00e9sesp\u00e9rez pas ! Nous avons quelques conseils qui vous aideront \u00e0 faire en sorte que votre exp\u00e9rience de la fabrication en sous-traitance en Chine se d\u00e9roule sans heurts.<\/p><p><a href=\"https:\/\/plasticmoulds.net\/china-injection-molding-company\" target=\"_blank\" rel=\"noreferrer noopener\">Fabrication en sous-traitance en Chine<\/a> est une option attrayante pour les entreprises qui cherchent \u00e0 d\u00e9velopper leurs activit\u00e9s. Le pays dispose d'une base manufacturi\u00e8re solide et ses travailleurs sont r\u00e9put\u00e9s pour leurs comp\u00e9tences et leur efficacit\u00e9. En outre, le pays abrite de nombreux partenaires commerciaux, ce qui signifie qu'il est facile de conclure des accords commerciaux et d'exp\u00e9dier des produits via les ports chinois.<\/p><div class=\"wp-block-group is-layout-flow wp-block-group-is-layout-flow\"><div class=\"wp-block-qubely-table-of-contents qubely-block-67fbdd qubely-block-table-of-contents qubely-align-left\" data-qubelyanimation=\"{&quot;animation&quot;:&quot;bounce&quot;,&quot;name&quot;:&quot;bounceCenter&quot;,&quot;repeat&quot;:&quot;once&quot;,&quot;direction&quot;:&quot;Center&quot;,&quot;duration&quot;:1000,&quot;delay&quot;:0,&quot;curve&quot;:&quot;ease-in-out&quot;,&quot;openAnimation&quot;:1}\"><div class=\"qubely-table-of-contents\" data-scroll-offset=\"20\"><div class=\"qubely-table-of-contents-header qubely-toc-header-frontend qubely-justify-between\"><div class=\"qubely-table-of-contents-heading\"><div class=\"title\">Table des mati\u00e8res<\/div><\/div><\/div><div class=\"qubely-table-of-contents-body\"><ol class=\"ordered-list\"><li><a href=\"#1-ensure-that-you-hire-the-right-person-or-company\">Veillez \u00e0 engager la bonne personne ou la bonne entreprise<\/a><\/li><li><a href=\"#2-some-things-inside-\">Quelques \u00e9l\u00e9ments \u00e0 l'int\u00e9rieur <\/a><ol class=\"child-list\"><li><a href=\"#3-detailed-bill-of-materials-bom\">Nomenclature d\u00e9taill\u00e9e (BOM)<\/a><\/li><li><a href=\"#4-pricing-provisions\">Dispositions relatives \u00e0 la tarification<\/a><\/li><li><a href=\"#5-quality-standards\">Normes de qualit\u00e9<\/a><\/li><li><a href=\"#6-packaging-and-labeling\">Emballage et \u00e9tiquetage<\/a><\/li><li><a href=\"#7-intellectual-property\">Propri\u00e9t\u00e9 intellectuelle<\/a><\/li><li><a href=\"#8-quality-requirements-and-product-warranty\">Exigences de qualit\u00e9 et garantie des produits<\/a><\/li><li><a href=\"#9-who-is-owner\">Qui est le propri\u00e9taire<\/a><\/li><li><a href=\"#10-dispute-resolution\">R\u00e9solution des litiges<\/a><\/li><\/ol><\/li><li><a href=\"#11-takeaway\">\u00c0 emporter :<\/a><\/li><\/ol><\/div><a href=\"#\" class=\"qubely-back-to-top-button fas fa-angle-up\"><\/a><\/div><\/div><\/div><p>Cependant, si vous envisagez la fabrication en sous-traitance en Chine comme un moyen de d\u00e9velopper rapidement votre entreprise, il y a certaines choses que vous devez savoir avant de vous lancer. Dans cet article de blog, nous aborderons certains des points les plus importants \u00e0 prendre en compte avant de commencer \u00e0 travailler avec un sous-traitant en Chine.<\/p><h2 class=\"wp-block-heading\" id=\"1-ensure-that-you-hire-the-right-person-or-company\">Veillez \u00e0 engager la bonne personne ou la bonne entreprise<\/h2><p>La premi\u00e8re \u00e9tape du processus de fabrication en sous-traitance en Chine consiste \u00e0 s'assurer que l'on passe un contrat avec la bonne entreprise de fabrication en sous-traitance en Chine. Cela peut s'av\u00e9rer difficile, car il existe de nombreuses entreprises qui pr\u00e9tendent toutes \u00eatre les meilleures. Cependant, il y a certaines choses que vous devez v\u00e9rifier avant de signer sur la ligne pointill\u00e9e.<\/p><p>Assurez-vous que votre entreprise de fabrication en sous-traitance en Chine a de bons ant\u00e9c\u00e9dents en mati\u00e8re de respect des d\u00e9lais et du budget. Veillez \u00e9galement \u00e0 ce qu'elle dispose d'un bon service \u00e0 la client\u00e8le, afin qu'elle puisse vous aider \u00e0 r\u00e9soudre tout probl\u00e8me susceptible de survenir au cours de la production.<\/p><p>Contactez au moins trois fabricants chinois diff\u00e9rents et demandez-leur quelle est leur structure de prix et quel est le d\u00e9lai de livraison. Si possible, essayez de parler directement \u00e0 la personne qui travaillera sur votre projet afin d'obtenir plus d'informations sur son exp\u00e9rience et sa volont\u00e9 de travailler avec les clients.<\/p><p>Voici quelques conseils pour vous aider \u00e0 trouver le bon partenaire de fabrication en sous-traitance en Chine :<\/p><p>1) <strong>Assurez-vous qu'ils existent depuis longtemps <\/strong>(5 ans et plus). Une nouvelle entreprise peut avoir de bonnes intentions mais peu d'exp\u00e9rience, ce qui pourrait vous donner de mauvais r\u00e9sultats.<\/p><p>2) <strong>V\u00e9rifiez leurs r\u00e9f\u00e9rences et leurs certifications.<\/strong> Vous saurez ainsi s'ils ont de l'exp\u00e9rience dans votre secteur d'activit\u00e9 ou avec des produits similaires. Cela montre \u00e9galement qu'ils prennent au s\u00e9rieux la fourniture de services et de produits de haute qualit\u00e9, ce qui est important lorsque vient le moment de passer une commande.<\/p><p>3) <strong>Consultez leur site web et les canaux de m\u00e9dias sociaux pour conna\u00eetre les avis des clients pr\u00e9c\u00e9dents.<\/strong> Cela peut vous aider \u00e0 d\u00e9cider quelles entreprises m\u00e9ritent d'\u00eatre contact\u00e9es pour des opportunit\u00e9s d'affaires potentielles !<\/p><p>4) <strong>Demander des r\u00e9f\u00e9rences \u00e0 d'autres clients<\/strong> - en particulier ceux qui utilisent des produits ou des services similaires \u00e0 ceux qui vous int\u00e9ressent le plus.<\/p><p>La cl\u00e9 d'une relation de fabrication sous contrat r\u00e9ussie r\u00e9side dans le contrat lui-m\u00eame. Le bon contrat comporte de nombreuses dispositions qui prot\u00e8gent les deux parties.<\/p><h2 class=\"wp-block-heading\" id=\"2-some-things-inside-\">Quelques \u00e9l\u00e9ments \u00e0 l'int\u00e9rieur <\/h2><p>La cl\u00e9 d'une relation de fabrication sous contrat r\u00e9ussie r\u00e9side dans le contrat lui-m\u00eame. Le bon contrat comporte de nombreuses dispositions qui prot\u00e8gent les deux parties.<\/p><figure class=\"wp-block-image aligncenter size-full is-resized\"><a href=\"https:\/\/plasticmoulds.net\/wp-content\/uploads\/2022\/07\/7.png\"><img loading=\"lazy\" decoding=\"async\" src=\"https:\/\/plasticmoulds.net\/wp-content\/uploads\/2022\/07\/7.png\" alt=\"\" class=\"wp-image-7968\" width=\"505\" height=\"404\"\/><\/a><\/figure><p>Voici quelques \u00e9l\u00e9ments que votre contrat doit contenir :<\/p><h3 class=\"wp-block-heading\" id=\"3-detailed-bill-of-materials-bom\">Nomenclature d\u00e9taill\u00e9e (BOM)<\/h3><p>Une nomenclature est une liste de toutes les pi\u00e8ces et de tous les composants qui entrent dans la fabrication d'un produit, avec leurs quantit\u00e9s et leurs co\u00fbts. Vous aurez besoin de ces informations pour d\u00e9terminer si votre prix est viable et quelle sera votre marge b\u00e9n\u00e9ficiaire \u00e0 diff\u00e9rents niveaux de volume.<\/p><p>Si vous ne savez pas comment cr\u00e9er une nomenclature, vous pouvez utiliser notre mod\u00e8le de nomenclature gratuit ou faire appel \u00e0 un consultant tiers exp\u00e9riment\u00e9.<\/p><h3 class=\"wp-block-heading\" id=\"4-pricing-provisions\">Dispositions relatives \u00e0 la tarification<\/h3><p>Vous devrez pr\u00e9ciser le prix de chaque composant ainsi que tous les autres frais li\u00e9s au processus de fabrication (y compris les frais d'exp\u00e9dition, le cas \u00e9ch\u00e9ant).<\/p><p> Cela vous donnera \u00e9galement une id\u00e9e de l'argent que vous pourriez gagner en vendant votre produit sur Amazon FBA ou ailleurs, apr\u00e8s avoir couvert les co\u00fbts de production, les droits d'auteur, les taxes et autres.<\/p><h3 class=\"wp-block-heading\" id=\"5-quality-standards\">Normes de qualit\u00e9<\/h3><p>Il est \u00e9galement important d'inclure les normes de qualit\u00e9, y compris les proc\u00e9dures d'essai et les crit\u00e8res d'acceptation. Vous devrez d\u00e9crire le type de mat\u00e9riaux que vous utilisez, la mani\u00e8re dont ils sont obtenus et leurs proc\u00e9dures de contr\u00f4le de la qualit\u00e9. <\/p><p>Vous devez \u00e9galement pr\u00e9ciser les certifications que vos produits ont obtenues et les normes auxquelles ils r\u00e9pondent. Si le contr\u00f4le de la qualit\u00e9 ou les tests entra\u00eenent des frais suppl\u00e9mentaires, n'oubliez pas de les mentionner ici aussi, afin que les acheteurs sachent \u00e0 quoi s'en tenir lorsqu'ils ach\u00e8tent votre produit.<\/p><h3 class=\"wp-block-heading\" id=\"6-packaging-and-labeling\">Emballage et \u00e9tiquetage<\/h3><p>Exigences en mati\u00e8re d'emballage et d'\u00e9tiquetage, y compris les questions de s\u00e9curit\u00e9 et de conformit\u00e9 r\u00e9glementaire Si votre produit est soumis \u00e0 des normes de s\u00e9curit\u00e9 ou de conformit\u00e9 r\u00e9glementaire, n'oubliez pas de les mentionner ici. <\/p><p>Par exemple, si votre produit contient des produits chimiques qui sont dangereux en certaines quantit\u00e9s ou qui peuvent causer des blessures s'ils sont manipul\u00e9s de mani\u00e8re incorrecte, vous voulez que les acheteurs le sachent avant d'acheter. Vous devez \u00e9galement indiquer comment l'emballage sera \u00e9tiquet\u00e9 et quelles informations y figureront.<\/p><h3 class=\"wp-block-heading\" id=\"7-intellectual-property\">Propri\u00e9t\u00e9 intellectuelle<\/h3><p>Dispositions relatives \u00e0 la propri\u00e9t\u00e9 intellectuelle, aux licences et \u00e0 l'indemnisation, y compris la mesure dans laquelle vous pouvez contr\u00f4ler vos propres droits de propri\u00e9t\u00e9 intellectuelle et la mesure dans laquelle vous devrez utiliser leur propri\u00e9t\u00e9 intellectuelle si c'est eux qui la fournissent (cela peut varier en fonction de la cat\u00e9gorie de produits).<\/p><p>Les dispositions relatives \u00e0 l'indemnisation et \u00e0 l'octroi de licences sont essentielles au succ\u00e8s de votre entreprise. Assurez-vous de comprendre exactement quelles seront vos obligations en vertu de ces dispositions avant de signer un contrat. Par exemple, si le fabricant vous demande d'utiliser ses droits de propri\u00e9t\u00e9 intellectuelle pour vendre ses produits, il est important que vous sachiez quel type de contr\u00f4le il exerce sur vos propres droits de propri\u00e9t\u00e9 intellectuelle.<\/p><h3 class=\"wp-block-heading\" id=\"8-quality-requirements-and-product-warranty\">Exigences de qualit\u00e9 et garantie des produits<\/h3><p>Avant de signer sur la ligne pointill\u00e9e, assurez-vous de bien comprendre ce que vous attendez de votre fabricant contractuel (CM).<\/p><p>Pour \u00e9viter tout probl\u00e8me potentiel, prenez les mesures suivantes :<\/p><p>Pr\u00e9cisez les exigences de qualit\u00e9 et la garantie du produit. Assurez-vous que votre fabricant sous contrat a l'exp\u00e9rience de votre secteur et comprend les besoins sp\u00e9cifiques de votre produit - et qu'il dispose des installations et du personnel n\u00e9cessaires pour bien faire les choses. Si vous cr\u00e9ez un nouveau produit ou si vous avez des besoins de production uniques, assurez-vous qu'il est en mesure de les satisfaire.<\/p><p>Assurez-vous qu'ils sont en mesure de le faire. V\u00e9rifiez ses r\u00e9f\u00e9rences et demandez des preuves de ses capacit\u00e9s. V\u00e9rifiez les r\u00e9f\u00e9rences d'autres entreprises qui ont travaill\u00e9 avec eux dans le pass\u00e9, en particulier si elles sont similaires \u00e0 la v\u00f4tre. Contactez au moins trois clients et demandez-leur ce qu'ils pensent de leur exp\u00e9rience avec ce CM ; demandez-leur en particulier s'ils ont rencontr\u00e9 des probl\u00e8mes au cours de la production et comment ils les ont r\u00e9solus. <\/p><p>Vous pouvez \u00e9galement vous enqu\u00e9rir de la souplesse ou de la r\u00e9activit\u00e9 de l'entreprise lorsque des changements ont \u00e9t\u00e9 n\u00e9cessaires pendant la production ou les essais de contr\u00f4le qualit\u00e9. Assurez-vous \u00e9galement que l'entreprise accepte de signer un accord de confidentialit\u00e9 avant de divulguer des informations exclusives ou d'envoyer des \u00e9chantillons de votre produit afin d'\u00e9valuer ses capacit\u00e9s. Si vous ne disposez pas d'un accord de confidentialit\u00e9, n'envoyez PAS d'\u00e9chantillons de votre produit \u00e0 cette entreprise. C'est le moyen le plus rapide de se faire arnaquer.<\/p><h3 class=\"wp-block-heading\" id=\"9-who-is-owner\">Qui est le propri\u00e9taire<\/h3><p>Soyez clair sur la propri\u00e9t\u00e9 des moules et de l'outillage. Avant de signer un contrat avec un fabricant chinois, assurez-vous qu'une clause pr\u00e9cise \u00e0 qui appartient l'outillage utilis\u00e9 pour fabriquer votre produit. Si le fabricant en est propri\u00e9taire, il pourra le vendre ou l'utiliser pour d'autres projets une fois qu'il aura termin\u00e9 le v\u00f4tre, ce qui pourrait emp\u00eacher votre entreprise de produire d'autres unit\u00e9s \u00e0 l'avenir.<\/p><p>Une fa\u00e7on d'\u00e9viter cela est de sp\u00e9cifier que l'outillage appartient \u00e0 votre entreprise. Dans ce cas, vous pouvez \u00e9galement pr\u00e9ciser que l'outil doit \u00eatre retourn\u00e9 en bon \u00e9tat.<\/p><h3 class=\"wp-block-heading\" id=\"10-dispute-resolution\">R\u00e9solution des litiges<\/h3><p>Quelle que soit l'attention que vous portez \u00e0 votre planification, rien ne garantit que tous les aspects de votre entreprise se d\u00e9rouleront comme pr\u00e9vu. En comprenant les risques potentiels et en prenant des mesures raisonnables pour les g\u00e9rer, vous pouvez r\u00e9duire la probabilit\u00e9 qu'ils affectent votre entreprise.<\/p><p>En tant que propri\u00e9taire d'une petite entreprise, vous devez toujours \u00eatre pr\u00eat \u00e0 faire face \u00e0 l'impr\u00e9vu. Bien que cela semble relever du bon sens, de nombreuses entreprises \u00e9chouent parce qu'elles n'ont pas mis en place de plan d'urgence pour faire face aux \u00e9v\u00e9nements impr\u00e9vus. Cela peut \u00eatre particuli\u00e8rement vrai lorsqu'il s'agit de fabrication en sous-traitance en Chine.<\/p><p>Si vous travaillez avec un entrepreneur ou un fabricant chinois, il est important d'\u00e9tablir un contrat d\u00e9crivant clairement les responsabilit\u00e9s de chaque partie. Le contrat doit \u00e9galement contenir des clauses sur la mani\u00e8re dont les litiges seront r\u00e9solus en cas de d\u00e9saccord sur les termes de l'accord ou si un probl\u00e8me survient au cours du processus de fabrication des produits.<\/p><h2 class=\"wp-block-heading\" id=\"11-takeaway\">\u00c0 emporter :<\/h2><p>Quoi qu'il en soit, ne vous engagez pas dans un contrat de fabrication sans y avoir bien r\u00e9fl\u00e9chi. Il est important de travailler avec des conseillers exp\u00e9riment\u00e9s et comp\u00e9tents tout au long du processus afin d'\u00e9viter tout probl\u00e8me avec votre fabricant chinois. Vous aurez ainsi la certitude que vos produits sont fabriqu\u00e9s \u00e0 partir de mat\u00e9riaux de haute qualit\u00e9 et qu'ils ont \u00e9t\u00e9 con\u00e7us dans les r\u00e8gles de l'art.<\/p>","protected":false},"excerpt":{"rendered":"<p>And if you&#8217;re thinking of China contract manufacturing, you&#8217;re probably not alone in your quest. But don&#8217;t despair! We&#8217;ve got some tips that will help you make sure your China contract manufacturing experience is a smooth one.China contract manufacturing is an attractive option for companies looking to expand their business. The country has a strong [&hellip;]<\/p>\n","protected":false},"author":1,"featured_media":0,"parent":0,"menu_order":0,"comment_status":"open","ping_status":"open","template":"","meta":{"footnotes":""},"class_list":["post-8952","page","type-page","status-publish","hentry"],"blocksy_meta":{"styles_descriptor":{"styles":{"desktop":"","tablet":"","mobile":""},"google_fonts":[],"version":6}},"_links":{"self":[{"href":"https:\/\/www.plasticmoulds.net\/fr\/wp-json\/wp\/v2\/pages\/8952","targetHints":{"allow":["GET"]}}],"collection":[{"href":"https:\/\/www.plasticmoulds.net\/fr\/wp-json\/wp\/v2\/pages"}],"about":[{"href":"https:\/\/www.plasticmoulds.net\/fr\/wp-json\/wp\/v2\/types\/page"}],"author":[{"embeddable":true,"href":"https:\/\/www.plasticmoulds.net\/fr\/wp-json\/wp\/v2\/users\/1"}],"replies":[{"embeddable":true,"href":"https:\/\/www.plasticmoulds.net\/fr\/wp-json\/wp\/v2\/comments?post=8952"}],"version-history":[{"count":0,"href":"https:\/\/www.plasticmoulds.net\/fr\/wp-json\/wp\/v2\/pages\/8952\/revisions"}],"wp:attachment":[{"href":"https:\/\/www.plasticmoulds.net\/fr\/wp-json\/wp\/v2\/media?parent=8952"}],"curies":[{"name":"wp","href":"https:\/\/api.w.org\/{rel}","templated":true}]}}