{"id":8899,"date":"2022-10-11T09:33:00","date_gmt":"2022-10-11T01:33:00","guid":{"rendered":"https:\/\/plasticmoulds.net\/?p=8899"},"modified":"2022-10-12T09:34:57","modified_gmt":"2022-10-12T01:34:57","slug":"comment-la-fabrication-en-faible-volume-en-chine-peut-aider-les-petites-entreprises-2022","status":"publish","type":"page","link":"https:\/\/www.plasticmoulds.net\/fr\/how-china-low-volume-manufacturing-can-help-small-businesses-2022","title":{"rendered":"Comment la fabrication \u00e0 faible volume en Chine peut aider les petites entreprises 2022"},"content":{"rendered":"<p>Lorsque vous \u00eates propri\u00e9taire d'une petite entreprise, la derni\u00e8re chose que vous souhaitez faire est de consacrer votre temps et votre argent aux processus de fabrication. Mais vous ne pouvez pas vous le permettre et vous n'avez pas le temps.<\/p><p>Et si je vous disais qu'il existe un moyen de r\u00e9duire vos co\u00fbts de fabrication sans sacrifier la qualit\u00e9 ou augmenter votre charge de travail ?<\/p><figure class=\"wp-block-image aligncenter size-full\"><a href=\"https:\/\/plasticmoulds.net\/wp-content\/uploads\/2022\/07\/018-mass-production-1.png\"><img loading=\"lazy\" decoding=\"async\" width=\"512\" height=\"512\" src=\"https:\/\/plasticmoulds.net\/wp-content\/uploads\/2022\/07\/018-mass-production-1.png\" alt=\"\" class=\"wp-image-7934\" srcset=\"https:\/\/www.plasticmoulds.net\/wp-content\/uploads\/2022\/07\/018-mass-production-1.png 512w, https:\/\/www.plasticmoulds.net\/wp-content\/uploads\/2022\/07\/018-mass-production-1-300x300.png 300w, https:\/\/www.plasticmoulds.net\/wp-content\/uploads\/2022\/07\/018-mass-production-1-150x150.png 150w\" sizes=\"auto, (max-width: 512px) 100vw, 512px\" \/><\/a><\/figure><p>Il s'agit de \"<strong>fabrication en faible volume<\/strong>.\" Et c'est exactement ce qu'il semble \u00eatre : une m\u00e9thode pour produire de faibles volumes de produits de haute qualit\u00e9 \u00e0 un prix abordable.<\/p><p>La fabrication en petites s\u00e9ries utilise un grand nombre des m\u00eames principes que la fabrication en juste-\u00e0-temps, mais avec des ajustements sp\u00e9cifiques qui la rendent id\u00e9ale pour les petites entreprises dont les budgets et les ressources sont limit\u00e9s.<\/p><p>En fait, selon une \u00e9tude, la fabrication de faibles volumes peut r\u00e9duire les co\u00fbts de 50%.<\/p><h2 class=\"wp-block-heading\">L'\u00e9limination de l'outillage r\u00e9duit<\/h2><p>La diff\u00e9rence la plus importante entre la fabrication en grande quantit\u00e9 et la fabrication en petite quantit\u00e9 r\u00e9side dans les \u00e9l\u00e9ments suivants <strong><a href=\"https:\/\/plasticmoulds.net\/plastic-mold-tool-cost\" target=\"_blank\" rel=\"noreferrer noopener\">les co\u00fbts d'outillage<\/a><\/strong>. La production en grande quantit\u00e9 n\u00e9cessite des moules et des matrices co\u00fbteux pour chaque pi\u00e8ce, ce qui peut s'av\u00e9rer tr\u00e8s on\u00e9reux. <\/p><p>Par exemple, si vous avez besoin de 100 pi\u00e8ces avec 10 pi\u00e8ces diff\u00e9rentes par moule, vous aurez besoin de 10 moules ou matrices. Les co\u00fbts d'outillage \u00e0 eux seuls peuvent s'\u00e9lever \u00e0 des milliers de dollars par pi\u00e8ce. <\/p><p>En revanche, la production \u00e0 faible volume utilise des outils simples, tels que des poin\u00e7ons et des matrices, fabriqu\u00e9s \u00e0 partir de mat\u00e9riaux de base tels que l'acier ou l'aluminium de qualit\u00e9 inf\u00e9rieure. Cela permet d'\u00e9liminer une grande partie des co\u00fbts d'outillage associ\u00e9s aux processus de fabrication \u00e0 grande \u00e9chelle. <\/p><p>Toutefois, cela signifie \u00e9galement qu'il n'y a pas de place pour l'erreur lorsqu'il s'agit de cr\u00e9er ces outils simples, car ils doivent \u00eatre exacts \u00e0 chaque fois pour qu'ils fonctionnent correctement avec le design de votre produit. Ces outils simples ne peuvent pas non plus \u00eatre r\u00e9utilis\u00e9s et doivent \u00eatre remplac\u00e9s apr\u00e8s chaque production. <\/p><p>Cela signifie que les co\u00fbts d'outillage sont beaucoup plus \u00e9lev\u00e9s que pour d'autres proc\u00e9d\u00e9s de fabrication, mais cela r\u00e9duit \u00e9galement le co\u00fbt global de votre produit en r\u00e9duisant le besoin d'outils plus co\u00fbteux tels que les moules ou les matrices.<\/p><h2 class=\"wp-block-heading\">Fabrication \u00e0 faible volume et \u00e0 m\u00e9lange \u00e9lev\u00e9<\/h2><p>La fabrication \u00e0 faible volume et \u00e0 m\u00e9lange \u00e9lev\u00e9 est le processus de production d'un certain nombre de produits dont la conception varie peu. Elle est id\u00e9ale pour les propri\u00e9taires de petites entreprises qui souhaitent produire une grande quantit\u00e9 de produits diff\u00e9rents, mais qui n'ont pas les ressources n\u00e9cessaires pour investir dans des machines de production de masse ou dans une production par lots \u00e0 grande \u00e9chelle.<\/p><p>Les petites entreprises sont confront\u00e9es \u00e0 des d\u00e9fis uniques lorsqu'il s'agit de fabriquer leurs produits. Elles ne disposent pas des ressources ou des capacit\u00e9s des grandes entreprises et doivent donc souvent trouver des solutions cr\u00e9atives pour r\u00e9pondre \u00e0 leurs besoins en mati\u00e8re de fabrication.<\/p><figure class=\"wp-block-image aligncenter size-full\"><a href=\"https:\/\/plasticmoulds.net\/wp-content\/uploads\/2022\/07\/010-conveyor.png\"><img loading=\"lazy\" decoding=\"async\" width=\"512\" height=\"512\" src=\"https:\/\/plasticmoulds.net\/wp-content\/uploads\/2022\/07\/010-conveyor.png\" alt=\"\" class=\"wp-image-7926\" srcset=\"https:\/\/www.plasticmoulds.net\/wp-content\/uploads\/2022\/07\/010-conveyor.png 512w, https:\/\/www.plasticmoulds.net\/wp-content\/uploads\/2022\/07\/010-conveyor-300x300.png 300w, https:\/\/www.plasticmoulds.net\/wp-content\/uploads\/2022\/07\/010-conveyor-150x150.png 150w\" sizes=\"auto, (max-width: 512px) 100vw, 512px\" \/><\/a><\/figure><p>Un site de fabrication \u00e0 haut m\u00e9lange et faible volume (HMLV) est con\u00e7u sp\u00e9cifiquement pour les petites entreprises qui doivent produire plusieurs variantes d'un m\u00eame produit en petites quantit\u00e9s et \u00e0 des prix abordables. <\/p><p>Ces installations sont souvent appel\u00e9es \"job shops\" parce qu'elles acceptent des commandes de plusieurs clients \u00e0 la fois et ex\u00e9cutent chaque t\u00e2che s\u00e9par\u00e9ment, sans chevauchement. C'est une excellente option pour les fabricants qui doivent produire de petits lots de nombreux produits diff\u00e9rents, mais ce n'est pas le meilleur choix si vous souhaitez vous concentrer sur une seule ligne de produits et la d\u00e9velopper rapidement.<\/p><p>De nombreuses petites entreprises produisent des pi\u00e8ces en faible volume, mais avec un m\u00e9lange \u00e9lev\u00e9. Cela signifie qu'elles doivent produire une grande vari\u00e9t\u00e9 de pi\u00e8ces diff\u00e9rentes. Par exemple, si vous poss\u00e9dez un atelier de r\u00e9paration automobile, vous devrez peut-\u00eatre produire des centaines de types diff\u00e9rents de supports de moteur, chacun ayant ses propres dimensions.<\/p><h2 class=\"wp-block-heading\">Fabrication en flux tendu<\/h2><p>La fabrication juste \u00e0 temps est un \u00e9l\u00e9ment cl\u00e9 de la production all\u00e9g\u00e9e. Il s'agit d'une strat\u00e9gie qui permet aux fabricants de r\u00e9duire les co\u00fbts en diminuant les niveaux de stock et le gaspillage. Le terme \"juste \u00e0 temps\" a \u00e9t\u00e9 utilis\u00e9 pour la premi\u00e8re fois par Taiichi Ohno, le p\u00e8re du syst\u00e8me de fabrication de Toyota Motor Corporation, connu sous le nom de \"Lean Manufacturing\".<\/p><p>La fabrication juste \u00e0 temps vise \u00e0 \u00e9liminer les d\u00e9chets dans le processus de production. Le gaspillage peut aller du temps excessif pass\u00e9 \u00e0 attendre l'arriv\u00e9e de pi\u00e8ces ou de machines au surstockage de produits finis qui risquent de ne pas se vendre aussi rapidement que pr\u00e9vu. <\/p><p>La fabrication juste \u00e0 temps vise \u00e0 \u00e9liminer ces probl\u00e8mes en faisant en sorte que les pi\u00e8ces soient livr\u00e9es exactement au moment o\u00f9 elles sont n\u00e9cessaires, plut\u00f4t que de conserver en permanence de grandes quantit\u00e9s de stocks.<\/p><p>Les avantages de la fabrication en juste-\u00e0-temps sont les suivants :<\/p><ul class=\"wp-block-list\"><li>R\u00e9duit les d\u00e9chets en \u00e9liminant la surproduction ;<\/li><li>Am\u00e9liore l'efficacit\u00e9 en \u00e9liminant les retards dus \u00e0 l'attente de pi\u00e8ces ou de mat\u00e9riaux ;<\/li><li>R\u00e9duit les co\u00fbts d'inventaire en diminuant la quantit\u00e9 de mat\u00e9riaux conserv\u00e9s en stock.<\/li><\/ul><h2 class=\"wp-block-heading\">Fabrication de produits complexes<\/h2><p>La fabrication de produits complexes tels que les appareils m\u00e9dicaux, les \u00e9quipements a\u00e9rospatiaux et d'autres produits de haute technologie est une affaire compliqu\u00e9e. Ces produits n\u00e9cessitent souvent des machines co\u00fbteuses, une ing\u00e9nierie de pointe et beaucoup de travail manuel.<\/p><p>Les fabricants doivent g\u00e9rer avec soin les flux de mat\u00e9riaux dans leurs installations, depuis les mati\u00e8res premi\u00e8res dans l'entrep\u00f4t jusqu'aux produits finis sur une palette \u00e0 destination des centres de distribution ou des clients. <\/p><p>La complexit\u00e9 de ces processus de fabrication peut emp\u00eacher les petites entreprises de r\u00e9pondre \u00e0 la demande, surtout si elles n'ont pas assez d'employ\u00e9s ou d'espace pour se consacrer enti\u00e8rement \u00e0 la production.<\/p><p>De nombreux fabricants choisissent d'externaliser la fabrication de faibles volumes car cela leur permet de se concentrer sur leur c\u0153ur de m\u00e9tier tout en produisant des produits de haute qualit\u00e9 dans le respect des d\u00e9lais et du budget. <\/p><p>Il s'agit d'externaliser des parties de votre processus de production \u00e0 une autre entreprise sp\u00e9cialis\u00e9e dans les services de production \u00e0 faible volume, tels que la fabrication de produits complexes ou la personnalisation de produits pour r\u00e9pondre \u00e0 des sp\u00e9cifications particuli\u00e8res. <\/p><p>Cela peut contribuer \u00e0 all\u00e9ger la pression associ\u00e9e \u00e0 la gestion d'une op\u00e9ration de fabrication efficace tout en maintenant le contr\u00f4le sur les normes de qualit\u00e9 et les d\u00e9lais.<\/p><h2 class=\"wp-block-heading\">Rapprocher la fabrication du client<\/h2><p>L'\u00e9conomie mondiale est de plus en plus num\u00e9ris\u00e9e et bas\u00e9e sur les services, ce qui signifie que le monde est de plus en plus connect\u00e9. Cela signifie que les produits peuvent \u00eatre fabriqu\u00e9s \u00e0 un endroit, exp\u00e9di\u00e9s \u00e0 un autre et assembl\u00e9s sur place. Au final, il n'est plus n\u00e9cessaire que la fabrication se fasse en grandes quantit\u00e9s et dans un lieu central.<\/p><p>La fabrication en petites s\u00e9ries offre de nombreux avantages aux entreprises qui souhaitent rester comp\u00e9titives dans l'\u00e9conomie mondiale actuelle.<\/p><p>Vous pouvez rester proche de vos clients. Si vous \u00eates un fabricant qui vend des produits directement aux consommateurs, vous savez combien il est important d'\u00eatre proche de vos clients. Vous voulez qu'ils puissent vous joindre facilement pour vous poser des questions ou vous faire part de leurs pr\u00e9occupations concernant votre produit ou service. <\/p><figure class=\"wp-block-image aligncenter size-full\"><a href=\"https:\/\/plasticmoulds.net\/wp-content\/uploads\/2022\/07\/008-industrial.png\"><img loading=\"lazy\" decoding=\"async\" width=\"512\" height=\"512\" src=\"https:\/\/plasticmoulds.net\/wp-content\/uploads\/2022\/07\/008-industrial.png\" alt=\"\" class=\"wp-image-7923\" srcset=\"https:\/\/www.plasticmoulds.net\/wp-content\/uploads\/2022\/07\/008-industrial.png 512w, https:\/\/www.plasticmoulds.net\/wp-content\/uploads\/2022\/07\/008-industrial-300x300.png 300w, https:\/\/www.plasticmoulds.net\/wp-content\/uploads\/2022\/07\/008-industrial-150x150.png 150w\" sizes=\"auto, (max-width: 512px) 100vw, 512px\" \/><\/a><\/figure><p>La fabrication en petites s\u00e9ries vous permet de fabriquer des produits plus pr\u00e8s du lieu de r\u00e9sidence de vos clients afin de mieux les servir lors des interactions avec le service client\u00e8le et lors des transactions de vente initiales lorsqu'ils vous ach\u00e8tent pour la premi\u00e8re fois.<\/p><p>Vous pouvez augmenter vos marges b\u00e9n\u00e9ficiaires en r\u00e9duisant les co\u00fbts li\u00e9s \u00e0 l'espace de stockage. Lorsque vous fabriquez de grandes quantit\u00e9s de marchandises et que vous les stockez dans des entrep\u00f4ts, il est n\u00e9cessaire de les conserver \u00e0 une temp\u00e9rature optimale afin qu'elles ne se d\u00e9t\u00e9riorent pas avant d'\u00eatre vendues ou utilis\u00e9es par les consommateurs qui en ont besoin imm\u00e9diatement (comme les fabricants de produits alimentaires).<\/p><h2 class=\"wp-block-heading\">finale :<\/h2><p>La fabrication en petites s\u00e9ries est un domaine relativement nouveau de l'industrie manufacturi\u00e8re qui consiste \u00e0 externaliser des pi\u00e8ces, des produits et des mat\u00e9riaux \u00e0 des tiers. <\/p><p>Cela permet \u00e0 votre entreprise de se concentrer davantage sur l'aspect production, tandis que les petites entreprises s'occupent de la conception et de l'image de marque des produits. Cette tendance croissante va s'imposer dans tous les secteurs, les petites entreprises cherchant \u00e0 d\u00e9velopper leurs activit\u00e9s en les confiant \u00e0 d'autres soci\u00e9t\u00e9s et en maintenant leurs co\u00fbts \u00e0 un niveau peu \u00e9lev\u00e9.<\/p><hr class=\"wp-block-separator has-alpha-channel-opacity\"\/><h2 class=\"wp-block-heading\">Moulage par injection de petits volumes en Chine<\/h2><p>Beaucoup de gens entendent les mots \"Chine\" et \"moulage\" dans la m\u00eame phrase et imaginent le pire. Ils pensent \u00e0 des produits bon march\u00e9 et de pi\u00e8tre qualit\u00e9, fabriqu\u00e9s selon des m\u00e9thodes inf\u00e9rieures aux normes, qui mettent la vie des travailleurs en danger.<\/p><p>Mais ce n'est pas toujours le cas.<\/p><p>La Chine produit depuis longtemps des produits de qualit\u00e9 destin\u00e9s \u00e0 l'exportation. En fait, certains des produits les mieux fabriqu\u00e9s au monde proviennent de Chine ! Et lorsqu'il s'agit de moulage par injection de plastique, la Chine est en fait l'un des pays les plus sophistiqu\u00e9s au monde.<\/p><p>Le moulage par injection est un moyen tr\u00e8s r\u00e9pandu de fabriquer des pi\u00e8ces et des dispositifs en plastique. La Chine est un bon endroit pour faire fabriquer des moules \u00e0 injection de faible volume, car le co\u00fbt de la main-d'\u0153uvre y est beaucoup moins \u00e9lev\u00e9 qu'aux \u00c9tats-Unis ou en Europe. De nombreux fabricants chinois proposent des quantit\u00e9s minimales de commande de seulement 1 000 pi\u00e8ces et des d\u00e9lais de livraison de 3 \u00e0 4 semaines. Cela peut s'av\u00e9rer extr\u00eamement utile pour les petites entreprises qui souhaitent lancer leur propre ligne de produits, mais qui ne veulent pas investir beaucoup d'argent dans l'outillage et les co\u00fbts de production d\u00e8s le d\u00e9part.<\/p><p>Comment savoir si vous avez affaire \u00e0 un fournisseur fiable ? Vous devez examiner les d\u00e9tails :<\/p><ol class=\"wp-block-list\"><li>Quantit\u00e9 minimale de commande (QMC) - Un fournisseur r\u00e9put\u00e9 ne vous demandera pas de passer une commande importante avant m\u00eame d'avoir eu l'occasion de vous rencontrer ou de voir votre produit. Il voudra plut\u00f4t s'assurer que votre projet est s\u00e9rieux avant d'y consacrer trop de temps ou d'argent.<\/li><\/ol><ul class=\"wp-block-list\"><li>D\u00e9lai de livraison - Les meilleurs fournisseurs ont des d\u00e9lais de livraison rapides afin de pouvoir vous livrer votre produit le plus rapidement possible (tout en respectant les normes de qualit\u00e9). S'il n'est pas en mesure de vous donner une date exacte pour la livraison de votre produit, vous devriez probablement chercher un autre fournisseur.<\/li><li>Prix - Le prix d'un produit ne doit pas \u00eatre le seul \u00e9l\u00e9ment \u00e0 prendre en consid\u00e9ration lors du choix d'un fournisseur ; toutefois, il est important de s'assurer qu'il n'essaie pas de vous escroquer. Une bonne r\u00e8gle consiste \u00e0 comparer les prix avec ceux d'autres fournisseurs et \u00e0 s'assurer qu'ils sont comparables avant de signer un contrat.<\/li><\/ul>","protected":false},"excerpt":{"rendered":"<p>When you&#8217;re a small business owner, the last thing you want to do is spend your time and money on manufacturing processes. But you can&#8217;t afford it and you don&#8217;t have the time.What if I told you that there&#8217;s a way to cut down on your manufacturing costs without sacrificing quality or increasing your work [&hellip;]<\/p>\n","protected":false},"author":11,"featured_media":0,"parent":0,"menu_order":0,"comment_status":"open","ping_status":"open","template":"","meta":{"footnotes":""},"class_list":["post-8899","page","type-page","status-publish","hentry"],"blocksy_meta":{"styles_descriptor":{"styles":{"desktop":"","tablet":"","mobile":""},"google_fonts":[],"version":6}},"_links":{"self":[{"href":"https:\/\/www.plasticmoulds.net\/fr\/wp-json\/wp\/v2\/pages\/8899","targetHints":{"allow":["GET"]}}],"collection":[{"href":"https:\/\/www.plasticmoulds.net\/fr\/wp-json\/wp\/v2\/pages"}],"about":[{"href":"https:\/\/www.plasticmoulds.net\/fr\/wp-json\/wp\/v2\/types\/page"}],"author":[{"embeddable":true,"href":"https:\/\/www.plasticmoulds.net\/fr\/wp-json\/wp\/v2\/users\/11"}],"replies":[{"embeddable":true,"href":"https:\/\/www.plasticmoulds.net\/fr\/wp-json\/wp\/v2\/comments?post=8899"}],"version-history":[{"count":0,"href":"https:\/\/www.plasticmoulds.net\/fr\/wp-json\/wp\/v2\/pages\/8899\/revisions"}],"wp:attachment":[{"href":"https:\/\/www.plasticmoulds.net\/fr\/wp-json\/wp\/v2\/media?parent=8899"}],"curies":[{"name":"wp","href":"https:\/\/api.w.org\/{rel}","templated":true}]}}