{"id":8650,"date":"2022-09-08T12:56:15","date_gmt":"2022-09-08T04:56:15","guid":{"rendered":"https:\/\/plasticmoulds.net\/?p=8650"},"modified":"2022-12-29T11:10:29","modified_gmt":"2022-12-29T03:10:29","slug":"pourquoi-vous-avez-besoin-de-moulage-par-injection-de-polycarbonate-en-chine","status":"publish","type":"page","link":"https:\/\/www.plasticmoulds.net\/fr\/why-you-need-china-polycarbonate-injection-molding","title":{"rendered":"Pourquoi avez-vous besoin de moulage par injection de polycarbonate en Chine ?"},"content":{"rendered":"<h1 class=\"wp-block-heading\">Pourquoi avez-vous besoin de moulage par injection de polycarbonate en Chine ?<\/h1><p><a href=\"https:\/\/plasticmoulds.net\/polycarbonate-injection-molding.html\">Moulage par injection de polycarbonate<\/a> est un proc\u00e9d\u00e9 de fabrication qui utilise la chaleur pour ramollir et fa\u00e7onner la r\u00e9sine PC, qui durcit et prend la forme de l'objet. Lorsque le mat\u00e9riau pr\u00e9form\u00e9 est comprim\u00e9 \u00e0 haute pression pour lui donner sa forme finale, ce proc\u00e9d\u00e9 diff\u00e8re du moulage par compression.<\/p><p>Mat\u00e9riau solide et l\u00e9ger, le polycarbonate est tr\u00e8s appr\u00e9ci\u00e9 pour le moulage par injection. Outre les lunettes et les \u00e9crans d'ordinateur, les fabricants utilisent des moules en polycarbonate pour produire des jouets, des articles de sport, des pi\u00e8ces automobiles, etc. Cet article explore les avantages du moulage par injection du polycarbonate en Chine.<\/p><figure class=\"wp-block-image size-large\"><a href=\"https:\/\/plasticmoulds.net\/wp-content\/uploads\/2022\/05\/1620963291604.jpg\"><img loading=\"lazy\" decoding=\"async\" width=\"640\" height=\"291\" src=\"https:\/\/plasticmoulds.net\/wp-content\/uploads\/2022\/05\/1620963291604.jpg\" alt=\"\" class=\"wp-image-7479\" srcset=\"https:\/\/www.plasticmoulds.net\/wp-content\/uploads\/2022\/05\/1620963291604.jpg 640w, https:\/\/www.plasticmoulds.net\/wp-content\/uploads\/2022\/05\/1620963291604-300x136.jpg 300w\" sizes=\"auto, (max-width: 640px) 100vw, 640px\" \/><\/a><\/figure><h2 class=\"wp-block-heading\">Qu'est-ce que le polycarbonate ?<\/h2><p>Le polycarbonate est un polym\u00e8re thermoplastique contenant des groupes carbonates. Le polycarbonate est un mat\u00e9riau solide, durable et transparent. Les lunettes, les \u00e9quipements m\u00e9dicaux et les composants automobiles sont souvent fabriqu\u00e9s \u00e0 partir de ces mat\u00e9riaux.<\/p><p>Les pi\u00e8ces moul\u00e9es par injection en polycarbonate peuvent \u00e9galement pr\u00e9senter une r\u00e9sistance sup\u00e9rieure aux chocs. Le moulage par injection consiste \u00e0 chauffer le plastique jusqu'\u00e0 ce qu'il devienne souple et flexible, puis \u00e0 l'ins\u00e9rer dans un moule. En refroidissant, le plastique durcit pour atteindre son \u00e9tat final.<\/p><p>Le thermoformage du polycarbonate est \u00e9galement possible et consiste \u00e0 chauffer le plastique et \u00e0 le forcer \u00e0 prendre la forme souhait\u00e9e \u00e0 l'aide d'un aspirateur ou d'un four. Une pi\u00e8ce ou un composant en polycarbonate est un excellent choix pour de nombreuses applications diff\u00e9rentes en raison de sa r\u00e9sistance et de sa flexibilit\u00e9.<\/p><h2 class=\"wp-block-heading\">Avantages du polycarbonate pour le moulage par injection<\/h2><p><mark>Le polycarbonate est un mat\u00e9riau solide et r\u00e9sistant.<\/mark>Le polycarbonate est un mat\u00e9riau durable, ce qui en fait un bon choix pour le moulage par injection. Le moulage par injection du polycarbonate est une excellente m\u00e9thode pour produire des pi\u00e8ces en plastique de haute qualit\u00e9. Il peut ainsi r\u00e9sister \u00e0 des temp\u00e9ratures extr\u00eames et offrir de nombreux avantages, tels que la solidit\u00e9, la durabilit\u00e9 et la clart\u00e9 optique. En plus d'offrir une protection UV \u00e0 100 %, le polycarbonate est \u00e9galement extr\u00eamement r\u00e9sistant \u00e0 la chaleur. Les \u00e9quipements de protection tels que les \u00e9crans faciaux, les visi\u00e8res, les lunettes de s\u00e9curit\u00e9 et les lunettes de protection peuvent \u00eatre fabriqu\u00e9s \u00e0 partir de polycarbonate.<\/p><p>En outre, le polycarbonate est tr\u00e8s r\u00e9sistant \u00e0 la rupture et \u00e0 l'\u00e9clatement en raison de sa grande r\u00e9sistance aux chocs. En outre, le mat\u00e9riau se r\u00e9tracte uniform\u00e9ment dans les conditions de moulage, ce qui facilite le moulage par injection sans compromettre la qualit\u00e9 ou la pr\u00e9cision du produit. En outre, le polycarbonate est tr\u00e8s r\u00e9sistant \u00e0 la casse et aux chocs,<\/p><p>En r\u00e8gle g\u00e9n\u00e9rale, le moulage par injection du polycarbonate offre une excellente clart\u00e9 optique et peut r\u00e9sister \u00e0 des temp\u00e9ratures extr\u00eames. Lorsqu'il est utilis\u00e9 dans des \u00e9quipements de protection, la grande r\u00e9sistance aux chocs et le retrait uniforme du moule garantissent la pr\u00e9cision des pi\u00e8ces moul\u00e9es par injection.<\/p><h2 class=\"wp-block-heading\">Les avantages du moulage par injection de polycarbonate en Chine<\/h2><p>Le moulage par injection de polycarbonate en Chine pr\u00e9sente de nombreux avantages.<\/p><p>T<strong>e co\u00fbt du moulage par injection en Chine est faible<\/strong>. Les prix sont g\u00e9n\u00e9ralement bien inf\u00e9rieurs \u00e0 ceux d'autres mat\u00e9riaux tels que l'acrylique et le verre, et ils sont m\u00eame comparables \u00e0 ceux du plastique ABS. Toutefois, comme vous n'avez besoin que d'une petite quantit\u00e9 de mat\u00e9riau pour fabriquer votre produit (en fonction de sa taille), le co\u00fbt total sera bien inf\u00e9rieur \u00e0 celui de nombreux autres types de plastique.<\/p><div class=\"wp-block-group is-layout-flow wp-block-group-is-layout-flow\"><h4 class=\"wp-block-heading\">Pourquoi ces \u00e9l\u00e9ments sont importants pour le co\u00fbt du moulage par injection<\/h4><ul class=\"wp-block-list\"><li><strong>Taille de la pi\u00e8ce-\u00a0<\/strong>Des pi\u00e8ces plus grandes impliquent un moule plus grand, ce qui signifie qu'un acier plus grand augmentera le co\u00fbt de l'acier pour le moule d'injection.<\/li><li><strong>Conception de la pi\u00e8ce-<\/strong> Plus une pi\u00e8ce est complexe, plus le moule doit \u00eatre d\u00e9taill\u00e9. Certaines pi\u00e8ces complexes n\u00e9cessiteront l'ajout de caract\u00e9ristiques sp\u00e9ciales, telles que des leviers ou des curseurs. Par cons\u00e9quent, vous devez \u00eatre ouvert aux conseils de votre mouliste et voir s'il est possible de modifier la conception de la pi\u00e8ce pour \u00e9conomiser sur les co\u00fbts du moule \u00e0 injection.<\/li><li><b>Mat\u00e9riaux : <\/b>En fonction du mat\u00e9riau de la pi\u00e8ce choisie, le moule d'injection devra \u00eatre fabriqu\u00e9 dans un mat\u00e9riau particulier. Par exemple, si un plastique corrosif comme le PVC doit \u00eatre utilis\u00e9, le moule devra \u00eatre en acier inoxydable pour \u00e9viter tout dommage, ce qui fera finalement grimper le prix.<\/li><li><strong>Exigences de finition des pi\u00e8ces -\u00a0<\/strong>Lorsque les pi\u00e8ces doivent pr\u00e9senter une surface tr\u00e8s brillante, un acier plus co\u00fbteux et un polissage technique pr\u00e9cis sont indispensables, ce qui augmente le prix.<\/li><li><strong>Volume de production-\u00a0<\/strong>Les moules \u00e0 volume plus \u00e9lev\u00e9 n\u00e9cessitent plus de cavit\u00e9s, et le moule sera donc plus grand. Ils requi\u00e8rent \u00e9galement une qualit\u00e9 d'acier plus \u00e9lev\u00e9e pour durer plus longtemps, ce qui a un impact sur le co\u00fbt de la production. <a href=\"https:\/\/plasticmoulds.net\/plastic-mold-tool-cost\">co\u00fbt des moules \u00e0 injection<\/a>.<\/li><li><strong>Pays de fabrication-<\/strong> Les taux de r\u00e9mun\u00e9ration varient selon les pays. Si votre moule est fabriqu\u00e9 dans un pays o\u00f9 le co\u00fbt de la main-d'\u0153uvre est faible, vous ferez naturellement des \u00e9conomies. En Chine, le co\u00fbt moyen d'un moule \u00e0 injection est inf\u00e9rieur d'environ 40% \u00e0 celui des pays occidentaux.<\/li><\/ul><\/div><p>D<strong>es d\u00e9lais de livraison sont rapides<\/strong>-Quelques jours (pour les moules prototypes) ou quelques semaines au maximum pour les produits finis qui utilisent ce proc\u00e9d\u00e9 ! Ceci est particuli\u00e8rement important si vous avez besoin d'un produit rapidement et que vous n'avez pas le temps d'attendre pendant des semaines ou des mois.<\/p><p><strong>Facile \u00e0 utiliser<\/strong>Cette m\u00e9thode est flexible et facile \u00e0 utiliser (ce qui la rend tr\u00e8s populaire). Elle permet \u00e9galement de produire des pi\u00e8ces de bonne qualit\u00e9 ne n\u00e9cessitant que peu ou pas de post-traitement apr\u00e8s le moulage, ce qui r\u00e9duit encore les co\u00fbts de main-d'\u0153uvre li\u00e9s \u00e0 la cr\u00e9ation de votre produit !<\/p><h2 class=\"wp-block-heading\">Des solutions rentables pour r\u00e9duire les co\u00fbts<\/h2><p>La rentabilit\u00e9 est essentielle pour rester comp\u00e9titif sur le march\u00e9 actuel, et la r\u00e9duction des co\u00fbts par l'am\u00e9lioration des processus et des solutions est un moyen d'aider les entreprises \u00e0 garder une longueur d'avance. La rationalisation des processus de production, l'optimisation des conceptions et l'am\u00e9lioration de l'efficacit\u00e9 op\u00e9rationnelle permettent d'atteindre la rentabilit\u00e9.<\/p><p>L'un des moyens de r\u00e9duire les co\u00fbts de moulage par injection de PC consiste \u00e0 simplifier la conception des pi\u00e8ces moul\u00e9es par injection. En \u00e9liminant les caract\u00e9ristiques ou les composants inutiles, vous pouvez r\u00e9duire la complexit\u00e9 du moule d'injection et \u00e9conomiser de l'argent sur les co\u00fbts de fabrication. En outre, l'abaissement des temp\u00e9ratures de fusion peut r\u00e9duire les temps de cycle et am\u00e9liorer l'efficacit\u00e9 op\u00e9rationnelle pour une production plus rapide et moins co\u00fbteuse.<\/p><p>Les moules familiaux constituent une autre solution int\u00e9ressante pour r\u00e9duire les co\u00fbts, car ils permettent de produire simultan\u00e9ment plusieurs exemplaires d'une m\u00eame pi\u00e8ce ou de diff\u00e9rentes parties d'un produit au cours d'un m\u00eame processus de moulage. Les concepteurs de produits devraient \u00e9galement envisager des moyens d'optimiser leurs conceptions pour r\u00e9aliser des \u00e9conomies, par exemple en utilisant moins de composants ou des mat\u00e9riaux plus rentables.<\/p><p>En se concentrant sur des solutions rentables et en rationalisant les processus, les entreprises peuvent r\u00e9duire leurs frais g\u00e9n\u00e9raux tout en continuant \u00e0 produire des produits de qualit\u00e9 \u00e0 des prix comp\u00e9titifs.<\/p><h2 class=\"wp-block-heading\">Consid\u00e9rations sur la conception pour optimiser le processus<\/h2><p>La conception pour le moulage par injection de mati\u00e8res plastiques est un processus complexe qui n\u00e9cessite de prendre en compte de nombreux facteurs. Pour garantir la qualit\u00e9 des pi\u00e8ces, le concepteur doit tenir compte des propri\u00e9t\u00e9s des mat\u00e9riaux, de la conception des pi\u00e8ces, de la conception de l'outillage et du processus de moulage par injection. En tenant compte de tous ces facteurs et en les optimisant en cons\u00e9quence, les fabricants peuvent produire des pi\u00e8ces coh\u00e9rentes avec des r\u00e9sultats sup\u00e9rieurs.<\/p><p>La s\u00e9lection des mat\u00e9riaux joue un r\u00f4le important dans la r\u00e9ussite d'un projet. Les diff\u00e9rents mat\u00e9riaux ont des caract\u00e9ristiques diff\u00e9rentes qui peuvent affecter leurs performances et leur durabilit\u00e9. Par exemple, le polycarbonate (PC) convient aux applications n\u00e9cessitant une r\u00e9sistance aux temp\u00e9ratures \u00e9lev\u00e9es ou aux chocs, tandis que le nylon est souvent utilis\u00e9 pour sa r\u00e9sistance sup\u00e9rieure \u00e0 l'abrasion. En outre, les r\u00e9sines renforc\u00e9es par des fibres de verre ou d'autres charges peuvent ajouter de la r\u00e9sistance et de la rigidit\u00e9 \u00e0 une pi\u00e8ce sans sacrifier sa flexibilit\u00e9 ou d'autres propri\u00e9t\u00e9s.<\/p><p>La conception des pi\u00e8ces est \u00e9galement importante pour garantir la r\u00e9ussite du moulage par injection. Les caract\u00e9ristiques g\u00e9om\u00e9triques telles que les parois, les nervures et les bossages doivent \u00eatre examin\u00e9es avec soin afin de s'assurer qu'elles sont con\u00e7ues correctement pour un remplissage optimal pendant le moulage par injection et pour minimiser les concentrations de contraintes dans les pi\u00e8ces finies. Le concepteur doit \u00e9galement tenir compte de la mani\u00e8re dont l'a\u00e9ration sera g\u00e9r\u00e9e pendant la production afin d'\u00e9viter que l'air emprisonn\u00e9 ne cr\u00e9e des d\u00e9fauts dans les pi\u00e8ces moul\u00e9es.<\/p><h2 class=\"wp-block-heading\">Proc\u00e9dure de moulage par injection du polycarbonate<\/h2><ul class=\"wp-block-list\"><li><strong>Conception du moule<\/strong>Une fois que vous avez d\u00e9termin\u00e9 le type de plastique que vous souhaitez utiliser, il est temps de commencer. <a href=\"https:\/\/plasticmoulds.net\/what-is-plastic-mold.html\" target=\"_blank\" rel=\"noreferrer noopener\">conception du moule<\/a>. La premi\u00e8re \u00e9tape consiste \u00e0 d\u00e9terminer le nombre de pi\u00e8ces qui seront fabriqu\u00e9es \u00e0 partir d'un moule et la mani\u00e8re dont elles s'embo\u00eeteront, ce qui d\u00e9terminera le nombre de cavit\u00e9s n\u00e9cessaires dans le produit final. Vous pouvez ensuite cr\u00e9er un fichier CAO de votre produit avec toutes ses dimensions et caract\u00e9ristiques. Ce fichier doit ensuite \u00eatre envoy\u00e9 pour approbation avant de poursuivre la production (car des modifications peuvent s'av\u00e9rer n\u00e9cessaires).<\/li><li><strong>Fabrication du moule<\/strong>Une fois que vous avez re\u00e7u l'approbation de votre fichier CAO, il est temps de commencer la fabrication du moule. Ce processus peut prendre plusieurs semaines, voire plusieurs mois, en fonction du nombre de pi\u00e8ces contenues dans votre conception et de leur complexit\u00e9. Lorsque le moule est termin\u00e9, vous devez l'envoyer pour approbation avant de passer au moulage par injection.<\/li><li><strong>Tester et inspecter le moule pour en garantir la qualit\u00e9.<\/strong>Une fois le moule fabriqu\u00e9, il faut en tester la qualit\u00e9. Pour ce faire, on injecte une petite quantit\u00e9 de plastique dans chaque cavit\u00e9, puis on examine si le plastique s'\u00e9coule bien dans les canaux int\u00e9rieurs. S'il y a des imperfections, elles devront \u00eatre corrig\u00e9es avant de passer \u00e0 la production.<\/li><li><strong>Moulage de votre pi\u00e8ce en polycarbonate \u00e0 l'aide d'une machine de moulage par injection<\/strong> Une fois le moule approuv\u00e9, vous pouvez passer au moulage par injection de votre pi\u00e8ce. Ce processus consiste \u00e0 placer des granul\u00e9s de r\u00e9sine dans une machine d'injection, qui les chauffe et les injecte ensuite dans chaque cavit\u00e9 du moule. Le plastique polycarbonate fondu se refroidit et durcit en s'\u00e9coulant dans des canaux \u00e0 l'int\u00e9rieur de chaque cavit\u00e9 ; une fois cette \u00e9tape franchie, vous obtenez votre pi\u00e8ce moul\u00e9e par injection en polycarbonate !<\/li><\/ul><h2 class=\"wp-block-heading\">Soci\u00e9t\u00e9s de moulage par injection de polycarbonate en Chine<\/h2><p>Les entreprises de moulage par injection en Chine sont nombreuses et implant\u00e9es dans tout le pays. Nombre d'entre elles sont en activit\u00e9 depuis des d\u00e9cennies et savent exactement ce qu'il faut faire pour fournir un service de qualit\u00e9. Elles vous aideront dans tous les domaines, de la conception de votre pi\u00e8ce \u00e0 la garantie qu'elle r\u00e9pond \u00e0 toutes vos sp\u00e9cifications.<\/p><p>La plus grande concentration d'entreprises de moulage par injection se trouve toutefois dans la province de Guangdong, o\u00f9 l'on trouve Shenzhen, Dongguan et Hong Kong. Il n'est donc pas \u00e9tonnant que la Chine soit devenue le plus grand producteur mondial de moulage par injection de polycarbonate.<\/p><p>La Chine a une longue histoire dans le domaine de la fabrication, et elle a affin\u00e9 ses comp\u00e9tences au fil des ans pour devenir l'une des meilleures. En fait, de nombreux pays comptent sur la Chine pour r\u00e9pondre \u00e0 leurs besoins en mati\u00e8re de moulage par injection. Qu'il s'agisse de pi\u00e8ces en plastique ou en m\u00e9tal, il n'y a pas de meilleur endroit que la Chine pour trouver exactement ce que vous cherchez.<\/p><h2 class=\"wp-block-heading\">Derniers mots<\/h2><p>Le moulage par injection du polycarbonate est une m\u00e9thode courante pour cr\u00e9er des produits en plastique, et il peut \u00eatre utilis\u00e9 pour un grand nombre d'applications. Le polycarbonate pr\u00e9sente de nombreux avantages par rapport aux autres plastiques, mais le facteur le plus important \u00e0 prendre en compte lors du choix de votre mat\u00e9riau est de savoir s'il convient ou non aux besoins de votre projet. Si vous souhaitez obtenir de plus amples informations sur le moulage par injection du polycarbonate, n'h\u00e9sitez pas \u00e0 nous contacter. <a href=\"https:\/\/plasticmoulds.net\/contact-us\" target=\"_blank\" rel=\"noreferrer noopener\">contactez-nous d\u00e8s aujourd'hui<\/a>!<\/p>","protected":false},"excerpt":{"rendered":"<p>why you need China polycarbonate injection moldingPolycarbonate injection molding is a manufacturing process that uses heat to soften and shape the PC resin, which hardens and assumes the form of the object. When pre-shaped material is compressed to its final shape with high pressure, this process differs from compression molding.As a strong and lightweight material, [&hellip;]<\/p>\n","protected":false},"author":11,"featured_media":0,"parent":0,"menu_order":0,"comment_status":"open","ping_status":"open","template":"","meta":{"footnotes":""},"class_list":["post-8650","page","type-page","status-publish","hentry"],"blocksy_meta":{"styles_descriptor":{"styles":{"desktop":"","tablet":"","mobile":""},"google_fonts":[],"version":6}},"_links":{"self":[{"href":"https:\/\/www.plasticmoulds.net\/fr\/wp-json\/wp\/v2\/pages\/8650","targetHints":{"allow":["GET"]}}],"collection":[{"href":"https:\/\/www.plasticmoulds.net\/fr\/wp-json\/wp\/v2\/pages"}],"about":[{"href":"https:\/\/www.plasticmoulds.net\/fr\/wp-json\/wp\/v2\/types\/page"}],"author":[{"embeddable":true,"href":"https:\/\/www.plasticmoulds.net\/fr\/wp-json\/wp\/v2\/users\/11"}],"replies":[{"embeddable":true,"href":"https:\/\/www.plasticmoulds.net\/fr\/wp-json\/wp\/v2\/comments?post=8650"}],"version-history":[{"count":0,"href":"https:\/\/www.plasticmoulds.net\/fr\/wp-json\/wp\/v2\/pages\/8650\/revisions"}],"wp:attachment":[{"href":"https:\/\/www.plasticmoulds.net\/fr\/wp-json\/wp\/v2\/media?parent=8650"}],"curies":[{"name":"wp","href":"https:\/\/api.w.org\/{rel}","templated":true}]}}