{"id":8378,"date":"2022-08-16T14:29:25","date_gmt":"2022-08-16T06:29:25","guid":{"rendered":"https:\/\/plasticmoulds.net\/?p=8378"},"modified":"2022-08-16T14:40:54","modified_gmt":"2022-08-16T06:40:54","slug":"comment-reussir-en-affaires-avec-china-injection-molding","status":"publish","type":"page","link":"https:\/\/www.plasticmoulds.net\/fr\/how-to-succeed-in-business-with-china-injection-molding","title":{"rendered":"Comment r\u00e9ussir en affaires avec le moulage par injection en Chine"},"content":{"rendered":"<h1 class=\"wp-block-heading\">Moulage par injection en Chine : comment gagner de l'argent<\/h1><p>Le moulage par injection est un proc\u00e9d\u00e9 de fabrication <a href=\"https:\/\/plasticmoulds.net\/injection-molding-process.html\" target=\"_blank\" rel=\"noreferrer noopener\">processus<\/a> pour cr\u00e9er des pi\u00e8ces en plastique en injectant de la mati\u00e8re en fusion dans un moule. C'est l'une des m\u00e9thodes de fabrication les plus populaires en raison de sa polyvalence et de sa rapidit\u00e9. Le moulage par injection est utilis\u00e9 dans un grand nombre d'industries, mais il est particuli\u00e8rement populaire dans les secteurs suivants <a href=\"https:\/\/plasticmoulds.net\/automotive-injection-molding\" target=\"_blank\" rel=\"noreferrer noopener\">industrie automobile<\/a>.<\/p><figure class=\"wp-block-image aligncenter size-full is-resized\"><a href=\"https:\/\/plasticmoulds.net\/wp-content\/uploads\/2022\/07\/16.png\"><img loading=\"lazy\" decoding=\"async\" src=\"https:\/\/plasticmoulds.net\/wp-content\/uploads\/2022\/07\/16.png\" alt=\"\" class=\"wp-image-7977\" width=\"399\" height=\"411\"\/><\/a><\/figure><p>La Chine est le premier producteur mondial de pi\u00e8ces moul\u00e9es par injection et est devenue un acteur majeur du march\u00e9 mondial. <\/p><p>Plus de 50% de tous les plastiques utilis\u00e9s dans le monde sont aujourd'hui fabriqu\u00e9s en Chine, et ce chiffre ne cesse de cro\u00eetre. <\/p><p>Le gouvernement chinois a investi massivement dans l'industrie des plastiques, qui est aujourd'hui l'une des industries les plus importantes du pays.<\/p><p>L'industrie chinoise des plastiques devrait cro\u00eetre \u00e0 un rythme de 10% par an au cours de la prochaine d\u00e9cennie, et l'on estime que d'ici 2025, la Chine sera le plus grand producteur de plastiques au monde.<\/p><h2 class=\"wp-block-heading\">\u00c0 quoi sert le moulage par injection ?<\/h2><p>Le moulage par injection est un proc\u00e9d\u00e9 de fabrication permettant de produire des pi\u00e8ces en injectant un mat\u00e9riau fondu dans un moule. Le moulage par injection peut \u00eatre r\u00e9alis\u00e9 avec une multitude de mat\u00e9riaux, notamment des m\u00e9taux (pour lesquels le processus est appel\u00e9 moulage sous pression), des verres, des \u00e9lastom\u00e8res, des confections et, le plus souvent, des polym\u00e8res thermoplastiques et thermodurcissables. <\/p><p>Le mat\u00e9riau de la pi\u00e8ce est introduit dans un tonneau chauff\u00e9, m\u00e9lang\u00e9 et forc\u00e9 dans une cavit\u00e9 de moule o\u00f9 il refroidit et durcit pour s'adapter \u00e0 la configuration de la cavit\u00e9. La cavit\u00e9 du moule est form\u00e9e par deux matrices en acier \u00e0 outils tremp\u00e9 qui ont \u00e9t\u00e9 usin\u00e9es en forme et fonctionnent de la m\u00eame mani\u00e8re qu'un moule \u00e0 injection pendant le processus. <\/p><p>La plupart des moules d'injection actuels sont de type <a href=\"https:\/\/plasticmoulds.net\/hot-runner.html\" target=\"_blank\" rel=\"noreferrer noopener\">type \u00e0 canaux chauds<\/a>. Un syst\u00e8me \u00e0 canaux chauds est plus co\u00fbteux \u00e0 concevoir et \u00e0 mettre en \u0153uvre, mais il pr\u00e9sente l'avantage de ne pas n\u00e9cessiter de canaux froids dans le moule, ce qui augmente le rendement des produits en r\u00e9duisant les d\u00e9chets.<\/p><p>Le moulage par injection peut \u00eatre utilis\u00e9 pour une grande vari\u00e9t\u00e9 d'applications, notamment dans les domaines de la sant\u00e9, de l'automobile et des produits de consommation. Pour r\u00e9ussir dans le domaine du moulage par injection en Chine, il est important de s'associer \u00e0 un fabricant r\u00e9put\u00e9 et exp\u00e9riment\u00e9. <\/p><p>En outre, il est important de bien comprendre les exigences de votre produit et le processus de moulage par injection. <\/p><p>Avec une planification et une ex\u00e9cution soign\u00e9es, le moulage par injection peut \u00eatre un moyen efficace et rentable de fabriquer des pi\u00e8ces.<\/p><h2 class=\"wp-block-heading\">Les avantages du moulage par injection plastique en Chine<\/h2><p>Le moulage par injection est largement utilis\u00e9 dans la production de produits en plastique, et la Chine est l'un des pays leaders dans ce domaine. <\/p><p>Le recours au moulage par injection de plastique en Chine pr\u00e9sente de nombreux avantages, dont les suivants :<\/p><h3 class=\"wp-block-heading\">Productivit\u00e9 accrue<\/h3><p>Pour r\u00e9ussir dans les affaires, il est important d'\u00eatre productif. Le moulage par injection en Chine est l'un des moyens d'accro\u00eetre la productivit\u00e9. Ce processus peut vous aider \u00e0 gagner du temps et de l'argent tout en obtenant des produits de haute qualit\u00e9.<\/p><p> Pour trouver le meilleur fournisseur possible, il est important de faire des recherches et de demander des recommandations. Une fois que vous aurez trouv\u00e9 un <a href=\"https:\/\/plasticmoulds.net\/china-injection-molding-company\" target=\"_blank\" rel=\"noreferrer noopener\">fournisseur r\u00e9put\u00e9<\/a>Vous pouvez alors commencer \u00e0 travailler \u00e0 l'am\u00e9lioration de votre productivit\u00e9.<\/p><h3 class=\"wp-block-heading\">R\u00e9duction des co\u00fbts<\/h3><p>Si vous cherchez \u00e0 <a href=\"https:\/\/plasticmoulds.net\/7-tips-to-reduce-the-copy-of-plastic-injection-molding-costs.html\" target=\"_blank\" rel=\"noreferrer noopener\">r\u00e9duire vos co\u00fbts<\/a> et d'augmenter vos b\u00e9n\u00e9fices, le moulage par injection en Chine peut \u00eatre la solution. Le moulage par injection est un processus de fabrication qui consiste \u00e0 injecter un mat\u00e9riau fondu dans un moule pour cr\u00e9er la forme souhait\u00e9e. <\/p><figure class=\"wp-block-image aligncenter size-full is-resized\"><a href=\"https:\/\/plasticmoulds.net\/wp-content\/uploads\/2022\/07\/5.png\"><img loading=\"lazy\" decoding=\"async\" src=\"https:\/\/plasticmoulds.net\/wp-content\/uploads\/2022\/07\/5.png\" alt=\"\" class=\"wp-image-7966\" width=\"375\" height=\"329\"\/><\/a><\/figure><p>Ce proc\u00e9d\u00e9 peut \u00eatre utilis\u00e9 pour cr\u00e9er une grande vari\u00e9t\u00e9 de produits, des appareils m\u00e9dicaux aux pi\u00e8ces automobiles. Si l'investissement initial pour mettre en place une op\u00e9ration de moulage par injection en Chine peut \u00eatre plus \u00e9lev\u00e9 que dans d'autres pays, les co\u00fbts de main-d'\u0153uvre sont beaucoup plus faibles, ce qui peut se traduire par des \u00e9conomies significatives. <\/p><p>En outre, il existe en Chine un certain nombre d'entreprises de moulage par injection exp\u00e9riment\u00e9es et fiables qui peuvent fournir des produits de haute qualit\u00e9. S'il est r\u00e9alis\u00e9 correctement, le moulage par injection en Chine peut \u00eatre un excellent moyen d'am\u00e9liorer vos r\u00e9sultats.<\/p><h3 class=\"wp-block-heading\">Une plus grande efficacit\u00e9<\/h3><p>Pour r\u00e9ussir dans les affaires avec la Chine, il est important d'\u00eatre efficace. Cela signifie avoir un plan bien organis\u00e9 et \u00eatre capable de l'ex\u00e9cuter rapidement et efficacement. <\/p><p>L'un des moyens d'y parvenir est d'utiliser le moulage par injection pour fabriquer des produits. Le moulage par injection est un processus de fabrication qui permet aux entreprises de cr\u00e9er des produits rapidement et efficacement. <\/p><p>En utilisant ce proc\u00e9d\u00e9, les entreprises peuvent gagner du temps et de l'argent tout en produisant des produits de haute qualit\u00e9. Pour r\u00e9ussir dans les affaires avec la Chine, il est important d'\u00eatre efficace et d'utiliser le moulage par injection.<\/p><h2 class=\"wp-block-heading\">Comment r\u00e9ussir en affaires avec le moulage par injection en Chine<\/h2><p>Pour r\u00e9ussir dans le domaine du moulage par injection en Chine, il est important de comprendre le march\u00e9 et la culture chinois. En tant que premier exportateur mondial, la Chine joue un r\u00f4le essentiel dans l'\u00e9conomie mondiale. Pour r\u00e9ussir dans les affaires avec le moulage par injection en Chine, il est important de comprendre le march\u00e9 et la culture chinois.<\/p><figure class=\"wp-block-image aligncenter size-full is-resized\"><a href=\"https:\/\/plasticmoulds.net\/wp-content\/uploads\/2022\/07\/17.png\"><img loading=\"lazy\" decoding=\"async\" src=\"https:\/\/plasticmoulds.net\/wp-content\/uploads\/2022\/07\/17.png\" alt=\"\" class=\"wp-image-7978\" width=\"401\" height=\"364\"\/><\/a><\/figure><p>Le march\u00e9 chinois est unique et complexe, avec une longue histoire et une riche culture. Il est important de se renseigner sur les coutumes et les traditions du pays avant d'y faire des affaires.<\/p><p>Lorsque l'on fait des affaires en Chine, il est important d'\u00eatre conscient des points suivants :<\/p><p>1. Le march\u00e9 chinois est tr\u00e8s concurrentiel<\/p><p>Le march\u00e9 chinois est tr\u00e8s concurrentiel. De nombreuses entreprises locales et internationales se disputent les parts de march\u00e9.<\/p><p>Pour r\u00e9ussir, il est important d'avoir une strat\u00e9gie marketing bien d\u00e9finie.<\/p><p>2. Le gouvernement chinois s'implique dans l'\u00e9conomie<\/p><p>Le gouvernement chinois est impliqu\u00e9 dans l'\u00e9conomie. Il r\u00e9glemente les entreprises et les industries.<\/p><p>Pour faire des affaires en Chine, il est important de bien comprendre le processus de moulage par injection et de pouvoir trouver un fournisseur fiable et de bonne r\u00e9putation. En outre, il est important d'avoir une strat\u00e9gie de marketing solide et d'\u00eatre en mesure de proposer des prix comp\u00e9titifs. En suivant ces conseils, vous serez sur la bonne voie pour r\u00e9ussir dans ce domaine.<\/p><h2 class=\"wp-block-heading\">Comment choisir une entreprise chinoise de moulage par injection de plastique fiable ?<\/h2><p>Lors du choix d'une entreprise de moulage par injection de plastique en Chine, il est important de tenir compte de quelques facteurs.<\/p><p>Tout d'abord, vous devez vous assurer que l'entreprise est exp\u00e9riment\u00e9e et jouit d'une bonne r\u00e9putation. Vous pouvez vous en rendre compte en consultant Internet ou en interrogeant d'autres personnes qui ont eu recours \u00e0 ses services. Vous devez \u00e9galement vous assurer que l'entreprise offre une vari\u00e9t\u00e9 de services diff\u00e9rents, de sorte que vous puissiez obtenir exactement ce dont vous avez besoin pour vos besoins particuliers.<\/p><p>Une fois que vous avez trouv\u00e9 une bonne soci\u00e9t\u00e9 qui r\u00e9pond \u00e0 tous ces crit\u00e8res, vous devriez \u00eatre en mesure de la contacter et de prendre rendez-vous pour votre proc\u00e9dure de greffe de cheveux. Veillez \u00e0 faire des recherches sur l'entreprise avant de prendre votre d\u00e9cision finale. Vous \u00e9viterez ainsi de vous faire arnaquer ou escroquer, et vous aurez l'assurance d'obtenir le meilleur service possible.<\/p><p>Deuxi\u00e8mement, vous devez vous assurer que l'entreprise dispose des installations et de l'\u00e9quipement appropri\u00e9s pour votre projet. Vous devez vous assurer qu'il dispose des installations appropri\u00e9es pour le type de travail que vous souhaitez effectuer. Vous pouvez \u00e9galement poser des questions sur l'\u00e9quipement et son fonctionnement.<\/p><p>Il est \u00e9galement important de poser des questions sur la formation et l'exp\u00e9rience de l'entreprise. Renseignez-vous sur son anciennet\u00e9 et sur le nombre de clients qu'elle a aid\u00e9s. Vous devriez \u00e9galement demander des r\u00e9f\u00e9rences \u00e0 d'autres clients qui ont fait appel \u00e0 leurs services.<\/p><p>Enfin, vous devez vous assurer qu'ils sont en mesure de respecter vos d\u00e9lais et votre budget. Assurez-vous qu'ils sont disponibles pour se rendre sur votre chantier et commencer \u00e0 travailler d\u00e8s que vous en avez besoin.<\/p><p>Lorsque vous avez pris votre d\u00e9cision, il est temps de lancer votre projet.<\/p><h2 class=\"wp-block-heading\">Les avantages des services de moulage par injection plastique en Chine<\/h2><p>La Chine est l'un des principaux producteurs de produits plastiques moul\u00e9s par injection, avec un grand nombre de fabricants offrant des services de haute qualit\u00e9 \u00e0 des prix comp\u00e9titifs. Pour les entreprises qui cherchent \u00e0 p\u00e9n\u00e9trer le march\u00e9 chinois, travailler avec un fournisseur de services de moulage par injection r\u00e9put\u00e9 peut \u00eatre la cl\u00e9 du succ\u00e8s. Les services de moulage par injection en Chine peuvent offrir un certain nombre d'avantages, notamment l'acc\u00e8s \u00e0 un vaste r\u00e9servoir de travailleurs qualifi\u00e9s, des co\u00fbts de main-d'\u0153uvre peu \u00e9lev\u00e9s et un processus de fabrication rationalis\u00e9. En s'associant \u00e0 un prestataire de services r\u00e9put\u00e9, les entreprises peuvent profiter de ces avantages pour fabriquer des produits de haute qualit\u00e9 \u00e0 moindre co\u00fbt.<\/p><h2 class=\"wp-block-heading\">Conseils pour travailler avec des entreprises chinoises de moulage par injection de plastique<\/h2><p>Lorsque vous travaillez avec des entreprises chinoises de moulage par injection de plastique, il est important d'\u00eatre conscient des diff\u00e9rences culturelles et de prendre des mesures pour instaurer un climat de confiance. <\/p><p>Une bonne entreprise chinoise de moulage par injection de plastique sera heureuse de vous fournir des r\u00e9f\u00e9rences et des \u00e9chantillons de son travail. Ceux-ci vous aideront \u00e0 comprendre les capacit\u00e9s de l'entreprise et \u00e0 d\u00e9terminer si elle convient \u00e0 votre projet.<\/p><p>Il est \u00e9galement important d'avoir des attentes r\u00e9alistes quant aux co\u00fbts de fabrication en Chine. Le co\u00fbt de la main-d'\u0153uvre est moins \u00e9lev\u00e9 que dans les pays d\u00e9velopp\u00e9s, mais le co\u00fbt des mat\u00e9riaux et de l'exp\u00e9dition peut s'\u00e9lever rapidement.<\/p><p>Il faut \u00e9galement savoir que les fabricants chinois ne respectent pas toujours les m\u00eames normes de qualit\u00e9 que les fabricants des pays d\u00e9velopp\u00e9s. Il est donc important d'inspecter soigneusement les produits avant d'approuver leur production.<\/p><p>Si vous prenez le temps de trouver une entreprise chinoise de moulage par injection de plastique r\u00e9put\u00e9e, vous pouvez \u00e9conomiser beaucoup d'argent sur vos co\u00fbts de fabrication. <\/p><p>Toutefois, il est important de se rappeler que l'on en a pour son argent. Un fabricant bon march\u00e9 peut produire des produits de qualit\u00e9 inf\u00e9rieure. Il est donc important de faire des recherches avant de choisir un fournisseur.<\/p><p>L'un des moyens d'instaurer la confiance est d'avoir un repr\u00e9sentant parlant chinois dans votre \u00e9quipe, qui peut servir de pont culturel et faciliter la communication entre les deux parties.<\/p><p>Un autre \u00e9l\u00e9ment cl\u00e9 de l'instauration de la confiance consiste \u00e0 s'engager \u00e0 adopter des pratiques commerciales qui respectent les normes culturelles chinoises. Par exemple, l'\u00e9tablissement d'une relation \u00e0 long terme avec votre homologue chinois est un aspect important des affaires en Chine, et le fait d'avoir des cartes de visite imprim\u00e9es \u00e0 la fois en anglais et en chinois est une marque de courtoisie.<\/p><figure class=\"wp-block-image aligncenter size-full is-resized\"><a href=\"https:\/\/plasticmoulds.net\/wp-content\/uploads\/2022\/07\/15-1.png\"><img loading=\"lazy\" decoding=\"async\" src=\"https:\/\/plasticmoulds.net\/wp-content\/uploads\/2022\/07\/15-1.png\" alt=\"\" class=\"wp-image-7976\" width=\"435\" height=\"321\"\/><\/a><\/figure><p>Il est \u00e9galement important de se rappeler qu'il faut du temps et de la patience pour \u00e9tablir la confiance. Ne vous attendez pas \u00e0 avoir une relation solide avec votre partenaire chinois tout de suite - construisez-la au fil du temps en maintenant une communication r\u00e9guli\u00e8re et en faisant des efforts constants pour d\u00e9velopper la relation.<\/p><p>La communication doit \u00e9galement \u00eatre claire et concise afin d'\u00e9viter les malentendus. En cas de doute, n'h\u00e9sitez pas \u00e0 poser des questions.<\/p><p>\"Je ne comprends pas ce que cela signifie.\" \"Pouvez-vous m'expliquer ce que vous voulez que je fasse ?\" \"Aidez-moi \u00e0 comprendre ce que vous voulez dire.\"<\/p><p>Enfin, soyez pr\u00eat \u00e0 faire preuve de souplesse et \u00e0 vous adapter aux diff\u00e9rentes pratiques commerciales de vos partenaires chinois.<\/p><p>En suivant ces conseils, vous pouvez assurer la r\u00e9ussite de votre entreprise lorsque vous travaillez avec des entreprises chinoises de moulage par injection de plastique.<\/p>","protected":false},"excerpt":{"rendered":"<p>Injection Molding in China: How to Make MoneyInjection molding is a manufacturing process for creating plastic parts by injecting molten material into a mold. It is one of the most popular methods of manufacturing due to its versatility and speed. Injection molding is used in a variety of industries, but it is especially popular in [&hellip;]<\/p>\n","protected":false},"author":11,"featured_media":0,"parent":0,"menu_order":0,"comment_status":"open","ping_status":"open","template":"","meta":{"footnotes":""},"class_list":["post-8378","page","type-page","status-publish","hentry"],"blocksy_meta":{"styles_descriptor":{"styles":{"desktop":"","tablet":"","mobile":""},"google_fonts":[],"version":6}},"_links":{"self":[{"href":"https:\/\/www.plasticmoulds.net\/fr\/wp-json\/wp\/v2\/pages\/8378","targetHints":{"allow":["GET"]}}],"collection":[{"href":"https:\/\/www.plasticmoulds.net\/fr\/wp-json\/wp\/v2\/pages"}],"about":[{"href":"https:\/\/www.plasticmoulds.net\/fr\/wp-json\/wp\/v2\/types\/page"}],"author":[{"embeddable":true,"href":"https:\/\/www.plasticmoulds.net\/fr\/wp-json\/wp\/v2\/users\/11"}],"replies":[{"embeddable":true,"href":"https:\/\/www.plasticmoulds.net\/fr\/wp-json\/wp\/v2\/comments?post=8378"}],"version-history":[{"count":0,"href":"https:\/\/www.plasticmoulds.net\/fr\/wp-json\/wp\/v2\/pages\/8378\/revisions"}],"wp:attachment":[{"href":"https:\/\/www.plasticmoulds.net\/fr\/wp-json\/wp\/v2\/media?parent=8378"}],"curies":[{"name":"wp","href":"https:\/\/api.w.org\/{rel}","templated":true}]}}