{"id":8304,"date":"2022-08-07T09:27:20","date_gmt":"2022-08-07T01:27:20","guid":{"rendered":"https:\/\/plasticmoulds.net\/?p=8304"},"modified":"2024-12-28T16:20:33","modified_gmt":"2024-12-28T08:20:33","slug":"les-types-de-contrats-de-fabrication-de-moulage-par-injection-et-ce-quils-signifient","status":"publish","type":"page","link":"https:\/\/www.plasticmoulds.net\/fr\/injection-molding-contract-manufacturing-types-and-what-they-mean","title":{"rendered":"Types de fabrication en sous-traitance pour le moulage par injection et leur signification"},"content":{"rendered":"<div class=\"wp-block-qubely-table-of-contents qubely-block-9d13e2 qubely-block-table-of-contents qubely-align-left\"><div class=\"qubely-table-of-contents\" data-scroll-offset=\"20\"><div class=\"qubely-table-of-contents-header qubely-toc-header-frontend qubely-justify-between\"><div class=\"qubely-table-of-contents-heading\"><div class=\"title\">Fabrication en sous-traitance de moules \u00e0 injection en Chine<\/div><\/div><\/div><div class=\"qubely-table-of-contents-body\"><ol class=\"ordered-list\"><li><a href=\"#1-1-manufacturing-contract-types\">1 : Types de contrats de fabrication pour le moulage par injection en Chine<\/a><ol class=\"child-list\"><li><a href=\"#2-private-label-manufacturing\">Fabrication sous label priv\u00e9 :<\/a><\/li><li><a href=\"#3-individual-component-manufacturing\">Fabrication de composants individuels :<\/a><\/li><li><a href=\"#4-labor-or-service-subcontracting\">Sous-traitance de main-d'\u0153uvre ou de services :<\/a><\/li><li><a href=\"#5-end-to-end-manufacturing\">Fabrication de bout en bout :<\/a><\/li><\/ol><\/li><li><a href=\"#6-2-materials-tools-and-services-used-in-manufacturing\">2 : Mat\u00e9riaux, outils et services utilis\u00e9s dans la fabrication de moules \u00e0 injection<\/a><\/li><li><a href=\"#7-3-industries-supported-by-manufacturers\">3 : Industries soutenues par les fabricants chinois de moulage par injection<\/a><\/li><li><a href=\"#8-china-injection-molding-manufacturers-how-to-choose-one\">Fabricants chinois de moulage par injection : Comment en choisir un<\/a><\/li><\/ol><\/div><a href=\"#\" class=\"qubely-back-to-top-button fas fa-angle-up\"><\/a><\/div><\/div><p>Pour mettre rapidement sur le march\u00e9 un produit moul\u00e9 par injection de haute qualit\u00e9 en provenance de Chine, il faut faire appel \u00e0 un fabricant sous contrat. Vous devez d'abord comprendre les types de fabrication sous contrat disponibles avant de trouver le bon partenaire chinois.<\/p><p>En ce qui concerne la fabrication en sous-traitance de moules par injection et la mani\u00e8re de trouver une entreprise digne de confiance <a href=\"https:\/\/plasticmoulds.net\/china-injection-molding-company\" target=\"_blank\" rel=\"noreferrer noopener\">Moulage par injection en Chine<\/a> Il n'y a pas de consensus. Souvent, les chefs d'entreprise se sentent d\u00e9pass\u00e9s et d\u00e9sorient\u00e9s par les nombreuses options qui s'offrent \u00e0 eux.<\/p><figure class=\"wp-block-image size-full is-resized\"><a href=\"https:\/\/plasticmoulds.net\/wp-content\/uploads\/2022\/07\/7.png\"><img loading=\"lazy\" decoding=\"async\" width=\"190\" height=\"152\" src=\"https:\/\/plasticmoulds.net\/wp-content\/uploads\/2022\/07\/7.png\" alt=\"\" class=\"wp-image-7968\" style=\"width:592px;height:474px\"\/><\/a><figcaption class=\"wp-element-caption\"><h2 class=\"post-title\" style=\"box-sizing: border-box; font-style: normal; letter-spacing: normal; text-transform: none; white-space: normal; text-decoration-thickness: initial; text-decoration-style: initial; text-decoration-color: initial; font-family: Montserrat; line-height: 54px; margin: 0px 0px 4px; font-weight: 400; color: rgb(66, 66, 66); font-size: 30px;\">Fabrication en sous-traitance<\/h2><\/figcaption><\/figure><p>Vous ne devriez pas avoir \u00e0 vous stresser lorsqu'il s'agit de trouver un fabricant chinois de produits moul\u00e9s par injection. Tout au long de cette <a href=\"https:\/\/plasticmoulds.net\/plastic-molding-order-process\" target=\"_blank\" rel=\"noreferrer noopener\">guide<\/a>Dans ce num\u00e9ro, nous aborderons quelques id\u00e9es fausses courantes sur les diff\u00e9rents types de fabrication en sous-traitance. En outre, nous vous fournirons toutes les informations dont vous avez besoin pour prendre une d\u00e9cision en connaissance de cause.<\/p><p><strong>Fabrication en sous-traitance : 3 types de fabrication \u00e0 fa\u00e7on<\/strong><\/p><p>Bien que chaque fabricant offre des services diff\u00e9rents, la fabrication sous contrat peut \u00eatre class\u00e9e en trois cat\u00e9gories :<\/p><p>Un accord de fabrication sous contrat peut prendre diverses formes. Un contrat de moulage par injection pour la fabrication d'une seule pi\u00e8ce ou d'un seul composant en plastique, un contrat de sous-traitance de main-d'\u0153uvre ou de services, ou un contrat de service de bout en bout entrent dans cette cat\u00e9gorie.<\/p><p>Les services, <a href=\"https:\/\/plasticmoulds.net\/what-is-plastic-mold.html\" target=\"_blank\" rel=\"noreferrer noopener\">outils<\/a>Les produits et les mat\u00e9riaux utilis\u00e9s par deux fabricants sous contrat peuvent \u00eatre tr\u00e8s diff\u00e9rents, m\u00eame s'ils fabriquent tous deux des produits sous marque de distributeur.<\/p><div class=\"wp-block-qubely-timeline qubely-block-0be0b5\" data-qubelyanimation=\"{&quot;animation&quot;:&quot;bounce&quot;,&quot;name&quot;:&quot;bounceCenter&quot;,&quot;repeat&quot;:&quot;once&quot;,&quot;direction&quot;:&quot;Center&quot;,&quot;duration&quot;:1000,&quot;delay&quot;:0,&quot;curve&quot;:&quot;ease-in-out&quot;,&quot;openAnimation&quot;:1}\"><div class=\"qubely-block-timeline qubely-timeline-layout-vertical qubely-timeline-orientation-center\"><div class=\"qubely-timeline-items\"><div class=\"qubely-timeline-item qubely-timeline-left\"><div class=\"qubely-timeline-connector\"><span class=\"qubely-timeline-connector-icon fas fa-angle-double-down\"><\/span><\/div><div class=\"qubely-timeline-content\"><div class=\"qubely-timeline-description\"><h4 class=\"qubely-timeline-title\">Conception des composants (7 jours)<\/h4><div class=\"qubely-timeline-description\">Topworks peut\u00a0<a href=\"https:\/\/plasticmoulds.net\/design\">optimiser votre conception<\/a>\u00a0pour r\u00e9aliser des \u00e9conomies ou assurer la compatibilit\u00e9 avec les processus asiatiques en optimisant votre conception avant l'outillage.<\/div><\/div><span class=\"qubely-timeline-indicator\"><\/span><\/div><div class=\"qubely-timeline-date-container\"><div class=\"qubely-timeline-date\"><strong>Les clients sont les bienvenus <br>pour fournir des fichiers 3D<\/strong><\/div><\/div><\/div><div class=\"qubely-timeline-item qubely-timeline-right\"><div class=\"qubely-timeline-connector\"><span class=\"qubely-timeline-connector-icon fas fa-angle-double-down\"><\/span><\/div><div class=\"qubely-timeline-content\"><div class=\"qubely-timeline-description\"><h4 class=\"qubely-timeline-title\"><strong>Prototypage de pi\u00e8ces (si n\u00e9cessaire)<\/strong>(2 -3 jours)<\/h4><div class=\"qubely-timeline-description\">Topworks peut utiliser la commande num\u00e9rique par ordinateur (CNC) pour produire un prototype usin\u00e9 ou une impression 3D que vous pouvez voir et toucher pour valider la conception de votre pi\u00e8ce.<\/div><\/div><span class=\"qubely-timeline-indicator\"><\/span><\/div><div class=\"qubely-timeline-date-container\"><div class=\"qubely-timeline-date\"><strong>\u00a0C\u00f4t\u00e9 client <\/strong><br><strong>Ou c\u00f4t\u00e9 Topworks<\/strong><\/div><\/div><\/div><div class=\"qubely-timeline-item qubely-timeline-left\"><div class=\"qubely-timeline-connector\"><span class=\"qubely-timeline-connector-icon fas fa-angle-double-down\"><\/span><\/div><div class=\"qubely-timeline-content\"><div class=\"qubely-timeline-description\"><h4 class=\"qubely-timeline-title\"><strong>Conception d'outils<\/strong>(3-7 jours)<\/h4><div class=\"qubely-timeline-description\">Au cours de cette \u00e9tape, votre fiche d'information sur l'outillage est utilis\u00e9e pour concevoir l'outil.<\/div><\/div><span class=\"qubely-timeline-indicator\"><\/span><\/div><div class=\"qubely-timeline-date-container\"><div class=\"qubely-timeline-date\"><strong>C\u00f4t\u00e9 client ou <\/strong><br><strong>C\u00f4t\u00e9 Topworks<\/strong><\/div><\/div><\/div><div class=\"qubely-timeline-item qubely-timeline-right\"><div class=\"qubely-timeline-connector\"><span class=\"qubely-timeline-connector-icon fas fa-angle-double-down\"><\/span><\/div><div class=\"qubely-timeline-content\"><div class=\"qubely-timeline-description\"><h4 class=\"qubely-timeline-title\"><strong>Contr\u00f4le des outils et analyse du flux des moules<\/strong>(1-2 jours)<\/h4><div class=\"qubely-timeline-description\">La pr\u00e9cision de la conception de l'outil est valid\u00e9e.<\/div><\/div><span class=\"qubely-timeline-indicator\"><\/span><\/div><div class=\"qubely-timeline-date-container\"><div class=\"qubely-timeline-date\"><strong>C\u00f4t\u00e9 Topworks ou c\u00f4t\u00e9 client<\/strong><\/div><\/div><\/div><div class=\"qubely-timeline-item qubely-timeline-left\"><div class=\"qubely-timeline-connector\"><span class=\"qubely-timeline-connector-icon fas fa-angle-double-down\"><\/span><\/div><div class=\"qubely-timeline-content\"><div class=\"qubely-timeline-description\"><h4 class=\"qubely-timeline-title\"><strong>Fabrication d'outils<\/strong>(3-8 semaines, cela d\u00e9pend)<\/h4><div class=\"qubely-timeline-description\">L'outil est fabriqu\u00e9 avec pr\u00e9cision, conform\u00e9ment \u00e0 la conception valid\u00e9e, \u00e0 l'aide de la commande num\u00e9rique par ordinateur (CNC) et des technologies d'usinage par \u00e9lectro\u00e9rosion (EDM)....<\/div><\/div><span class=\"qubely-timeline-indicator\"><\/span><\/div><div class=\"qubely-timeline-date-container\"><div class=\"qubely-timeline-date\"><strong>C\u00f4t\u00e9 Topworks<\/strong><\/div><\/div><\/div><div class=\"qubely-timeline-item qubely-timeline-right\"><div class=\"qubely-timeline-connector\"><span class=\"qubely-timeline-connector-icon fas fa-angle-double-down\"><\/span><\/div><div class=\"qubely-timeline-content\"><div class=\"qubely-timeline-description\"><h4 class=\"qubely-timeline-title\"><strong>Premiers tirs au client (T1, 3-4 jours)<\/strong><\/h4><div class=\"qubely-timeline-description\">Les premiers tirs d'essai seront envoy\u00e9s par courrier peu apr\u00e8s la r\u00e9alisation des moules d'injection. Une fois envoy\u00e9s, ils arrivent g\u00e9n\u00e9ralement en 2 \u00e0 5 jours.<\/div><\/div><span class=\"qubely-timeline-indicator\"><\/span><\/div><div class=\"qubely-timeline-date-container\"><div class=\"qubely-timeline-date\"><strong>C\u00f4t\u00e9 Topworks<\/strong><\/div><\/div><\/div><div class=\"qubely-timeline-item qubely-timeline-left\"><div class=\"qubely-timeline-connector\"><span class=\"qubely-timeline-connector-icon fas fa-angle-double-down\"><\/span><\/div><div class=\"qubely-timeline-content\"><div class=\"qubely-timeline-description\"><h4 class=\"qubely-timeline-title\"><strong>Modifications des outils et <\/strong><br><strong>Textures<\/strong> (3-7 jours, cela d\u00e9pend)<\/h4><div class=\"qubely-timeline-description\">\u00c0 ce stade, Topworks apporte toutes les modifications n\u00e9cessaires \u00e0 l'outil pour le rendre conforme aux sp\u00e9cifications approuv\u00e9es. Topworks effectue gratuitement toutes les modifications n\u00e9cessaires (\u00e0 l'exception des modifications de conception, qui sont toujours factur\u00e9es).<br>C'est \u00e0 ce stade qu'intervient le processus de texturation, qui est g\u00e9n\u00e9ralement la derni\u00e8re \u00e9tape avant la production en s\u00e9rie.<\/div><\/div><span class=\"qubely-timeline-indicator\"><\/span><\/div><div class=\"qubely-timeline-date-container\"><div class=\"qubely-timeline-date\"><strong>C\u00f4t\u00e9 Topworks<\/strong><\/div><\/div><\/div><div class=\"qubely-timeline-item qubely-timeline-right\"><div class=\"qubely-timeline-connector\"><span class=\"qubely-timeline-connector-icon fas fa-angle-double-down\"><\/span><\/div><div class=\"qubely-timeline-content\"><div class=\"qubely-timeline-description\"><h4 class=\"qubely-timeline-title\"><strong>Production en s\u00e9rie ou exportation\u00a0<\/strong><\/h4><div class=\"qubely-timeline-description\">\u00c0 ce stade, l'outil est remis au client ou pr\u00eat pour le moulage par injection.<\/div><\/div><span class=\"qubely-timeline-indicator\"><\/span><\/div><div class=\"qubely-timeline-date-container\"><div class=\"qubely-timeline-date\"><strong>C\u00f4t\u00e9 Topworks<\/strong><\/div><\/div><\/div><\/div><\/div><\/div><p>Un produit de bonne qualit\u00e9 et un lancement rapide sont deux facteurs importants \u00e0 prendre en compte dans cette cat\u00e9gorie.<\/p><p>Diverses industries sont soutenues par des fabricants externes. Choisissez un fabricant qui comprend le march\u00e9 et les r\u00e9glementations de votre secteur, ainsi que les besoins de vos clients.<\/p><p>Vous trouverez le partenaire chinois de moulage par injection le plus fiable pour votre entreprise lorsque vous \u00e9valuerez un fabricant contractuel en fonction de chacune de ces cat\u00e9gories. En fonction de votre produit, de votre secteur d'activit\u00e9 et de la structure de votre entreprise, nous vous indiquons ci-dessous les crit\u00e8res \u00e0 prendre en compte dans chaque cat\u00e9gorie.<\/p><h2 class=\"wp-block-heading\" id=\"1-1-manufacturing-contract-types\">1 : Types de contrats de fabrication pour le moulage par injection en Chine<\/h2><p>Les fabricants chinois de moulage par injection fournissent des services sp\u00e9cifiques dans le cadre d'accords de fabrication sous contrat. Les accords de fabrication sous contrat se pr\u00e9sentent sous diff\u00e9rentes formes, mais les quatre plus courantes sont les suivantes :<\/p><h3 class=\"wp-block-heading\" id=\"2-private-label-manufacturing\">Fabrication sous label priv\u00e9 :<\/h3><p>Conform\u00e9ment \u00e0 vos sp\u00e9cifications, le fabricant de moules \u00e0 injection sous contrat exp\u00e9die un produit fini \u00e0 votre magasin ou \u00e0 votre entrep\u00f4t de stockage. Les composants multiples moul\u00e9s par injection sont g\u00e9n\u00e9ralement assembl\u00e9s par le fabricant avant d'\u00eatre exp\u00e9di\u00e9s. Si vous souhaitez fabriquer des produits rapidement, c'est le meilleur choix.<\/p><h3 class=\"wp-block-heading\" id=\"3-individual-component-manufacturing\">Fabrication de composants individuels :<\/h3><p>Dans le cadre de la fabrication en sous-traitance, un composant unique ou une partie d'un produit complexe est produit par le sous-traitant chinois sp\u00e9cialis\u00e9 dans le moulage par injection. Vous \u00eates responsable de l'assemblage du produit final une fois que les pi\u00e8ces ont \u00e9t\u00e9 fabriqu\u00e9es. Pour les entreprises qui g\u00e8rent certains aspects de la fabrication en interne, mais qui ne disposent pas de l'expertise ou des ressources n\u00e9cessaires pour produire certains composants, il s'agit de la meilleure option. Il est conseill\u00e9 de faire appel \u00e0 un sous-traitant en m\u00e9tallurgie si vous avez besoin d'une pi\u00e8ce m\u00e9tallique complexe.<\/p><h3 class=\"wp-block-heading\" id=\"4-labor-or-service-subcontracting\">Sous-traitance de main-d'\u0153uvre ou de services :<\/h3><p>Comme pour la fabrication de composants individuels, un fabricant chinois de moulage par injection ne s'occupe que d'un aspect du processus au lieu de fournir des services complets. Lorsque les ressources internes ou le personnel d'un entrepreneur g\u00e9n\u00e9ral ne peuvent pas prendre en charge certaines t\u00e2ches, un sous-traitant sp\u00e9cialis\u00e9 est engag\u00e9. Si votre produit est particuli\u00e8rement complexe, vous pourrez peut-\u00eatre fabriquer une pi\u00e8ce plus rapidement ou \u00e0 un prix moins \u00e9lev\u00e9 en la confiant \u00e0 un sous-traitant.<\/p><h3 class=\"wp-block-heading\" id=\"5-end-to-end-manufacturing\">Fabrication de bout en bout :<\/h3><p>La fabrication sous marque de distributeur pr\u00e9sente des caract\u00e9ristiques presque identiques, \u00e0 une diff\u00e9rence pr\u00e8s : le fabricant fournit davantage d'informations en retour sur la conception du produit. Il n'est pas n\u00e9cessaire que votre produit ait l'aspect ou le fonctionnement que vous souhaitez. Plut\u00f4t que d'optimiser la conception en vue de la fabrication, le fabricant rationalise et optimise chaque aspect dans un souci de rentabilit\u00e9. Les entreprises qui souhaitent fabriquer rapidement des produits de haute qualit\u00e9 au moindre co\u00fbt devraient opter pour cette solution. De la conception \u00e0 l'exp\u00e9dition en passant par l'assemblage, tout est pris en charge.<\/p><p>Si vous n'avez qu'une exp\u00e9rience limit\u00e9e de la fabrication, vous devriez envisager un accord de bout en bout. Vous recevrez un devis d\u00e9taill\u00e9 du fabricant avant de signer le contrat, de sorte que vous saurez exactement \u00e0 quoi vous attendre.<\/p><h2 class=\"wp-block-heading\" id=\"6-2-materials-tools-and-services-used-in-manufacturing\">2 : Mat\u00e9riaux, outils et services utilis\u00e9s dans la fabrication de moules \u00e0 injection<\/h2><p>Lorsque vous d\u00e9cidez du type d'accord de fabrication en sous-traitance \u00e0 signer, tenez compte des capacit\u00e9s internes des fabricants potentiels de moulage par injection en Chine. Il n'est pas n\u00e9cessaire qu'un expert, un outil ou un mat\u00e9riau soit disponible \u00e0 tout moment pour qu'un fabricant soit performant. Vous devez simplement vous assurer que le fabricant dispose de toutes les ressources, de tous les outils et de toutes les connaissances n\u00e9cessaires pour fabriquer votre produit au plus haut niveau. Vous \u00e9viterez ainsi des retards importants et des co\u00fbts impr\u00e9vus. Les outils de fabrication comprennent les outils avanc\u00e9s et polyvalents suivants :<\/p><p>Logiciels pour la CAO<br>Usinage CNC<br>Imprimantes 3D<br>Moulage sous pression<\/p><p>L'utilisation de ces outils facilite non seulement la fabrication de produits de haute qualit\u00e9, mais permet \u00e9galement aux fabricants chinois de moulage par injection de concevoir ou de fabriquer leurs produits de mani\u00e8re plus efficace, plus rentable et avec moins de d\u00e9chets.<\/p><p>Les mat\u00e9riaux sont \u00e9galement importants. Le choix limit\u00e9 de mat\u00e9riaux dont disposent certains fabricants limite consid\u00e9rablement vos options de fabrication. Choisissez un fabricant qui a l'habitude de travailler avec une grande vari\u00e9t\u00e9 de mat\u00e9riaux :<\/p><ul class=\"wp-block-list\"><li><strong><em>Une vari\u00e9t\u00e9 de silicones, tels que les \u00e9lastom\u00e8res, les gels et la vulcanisation \u00e0 temp\u00e9rature ambiante (RTV) ;<\/em><\/strong><\/li><li><strong><em>Le groupe des mat\u00e9riaux en polyur\u00e9thane comprend les \u00e9lastom\u00e8res, les mousses rigides, les gels et les mousses visco\u00e9lastiques ;<\/em><\/strong><\/li><li><strong><em>M\u00e9taux et bois de diff\u00e9rents types ;<\/em><\/strong><\/li><li><strong><em>Et bien plus encore.<\/em><\/strong><\/li><\/ul><p>Pour produire et tester votre produit avant qu'il n'arrive sur le march\u00e9, les principaux fabricants engagent \u00e9galement un personnel diversifi\u00e9 et comp\u00e9tent compos\u00e9 d'ing\u00e9nieurs, d'op\u00e9rateurs d'\u00e9quipement, de m\u00e9tallurgistes et de menuisiers. Cette combinaison de main-d'\u0153uvre qualifi\u00e9e, de mati\u00e8res premi\u00e8res diverses et d'outils de fabrication avanc\u00e9s vous permettra de r\u00e9duire les co\u00fbts et de commercialiser vos produits plus rapidement. Assurez-vous que le fabricant propose diverses options de fabrication en sous-traitance.<\/p><h2 class=\"wp-block-heading\" id=\"7-3-industries-supported-by-manufacturers\">3 : Industries soutenues par les fabricants chinois de moulage par injection<\/h2><p>Un fabricant chinois de moulage par injection en sous-traitance peut se sp\u00e9cialiser dans un grand nombre d'industries. Il est essentiel de travailler avec un fabricant qui comprend votre secteur, m\u00eame si certains fabricants exp\u00e9riment\u00e9s peuvent fabriquer des produits pour plusieurs secteurs. Il doit \u00eatre prouv\u00e9 que le fabricant.. :<\/p><p>Le produit que vous proposez est similaire \u00e0 un produit que vous avez d\u00e9j\u00e0 con\u00e7u ;<br>Identifiez les attentes de vos clients ;<br>Suivre les tendances actuelles du secteur, les meilleures pratiques et les derni\u00e8res \u00e9volutions du march\u00e9 ;<br>Pour que votre produit soit conforme aux r\u00e9glementations industrielles, vous devez d\u00e9j\u00e0 les conna\u00eetre ou \u00eatre pr\u00eat \u00e0 les \u00e9tudier en d\u00e9tail.<br>Si vos produits requi\u00e8rent un haut degr\u00e9 de d\u00e9tail ou de complexit\u00e9, cela est particuli\u00e8rement important. Les industries suivantes sont parmi les plus exigeantes :<\/p><ul class=\"wp-block-list\"><li><strong>T\u00e9l\u00e9communications<\/strong><\/li><li><strong>Soins de sant\u00e9<\/strong><\/li><li><strong>\u00c9lectronique<\/strong><\/li><\/ul><p>Pour travailler dans l'un de ces secteurs, il faut s'associer \u00e0 un fabricant ayant de l'exp\u00e9rience dans ce domaine. Examinez le portefeuille du fabricant. Votre entreprise a-t-elle pass\u00e9 un contrat de fabrication en sous-traitance avec lui ? Un fabricant sp\u00e9cialis\u00e9 dans la fabrication de pi\u00e8ces pour les v\u00e9hicules oc\u00e9anographiques autonomes peut \u00eatre un bon choix si vous concevez un nouvel \u00e9quipement de recherche oc\u00e9anographique. Il est \u00e9galement conseill\u00e9 de s'associer \u00e0 un fabricant qui con\u00e7oit et fabrique des dispositifs m\u00e9dicaux et du mat\u00e9riel de formation si vous travaillez dans le secteur de la sant\u00e9. Gr\u00e2ce \u00e0 leur connaissance de toutes les r\u00e9glementations strictes relatives aux produits de sant\u00e9, ils savent comment s'y prendre.<\/p><h2 class=\"wp-block-heading\" id=\"8-china-injection-molding-manufacturers-how-to-choose-one\">Fabricants chinois de moulage par injection : Comment en choisir un<\/h2><p>Maintenant que vous connaissez les trois principaux types de fabrication en sous-traitance, vous pouvez \u00e9valuer les fabricants potentiels de moulage par injection en Chine sur la base de ces informations. La fiabilit\u00e9 et la volont\u00e9 de collaborer \u00e0 votre conception sont deux qualit\u00e9s essentielles chez un fabricant.<\/p><p>Le fabricant \u00e0 fa\u00e7on doit fournir d\u00e8s le d\u00e9part des propositions de contrat et des estimations de co\u00fbts d\u00e9taill\u00e9es. Il doit \u00e9galement \u00eatre en mesure de vous faire visiter son atelier et de vous expliquer comment votre produit sera fabriqu\u00e9, les outils qu'il utilisera et les mat\u00e9riaux qu'il emploiera. En plus de partager des exemples de son travail, il doit respecter la vie priv\u00e9e et la propri\u00e9t\u00e9 intellectuelle de ses anciens clients. Le fabricant sera probablement un excellent partenaire pour votre entreprise s'il dispose de t\u00e9moignages \u00e9logieux de clients dans votre domaine.<\/p><p>La collaboration est toutefois l'une des caract\u00e9ristiques les plus importantes d'un grand fabricant contractuel de moulage par injection en Chine. La cr\u00e9ation d'un produit dont vous pouvez \u00eatre fier et qui apporte une contribution significative \u00e0 la soci\u00e9t\u00e9 est possible lorsque vous travaillez avec un fabricant sous contrat qui accorde autant d'importance que vous \u00e0 la qualit\u00e9.<\/p><p><\/p>","protected":false},"excerpt":{"rendered":"<p>China injection molding contract manufacturing1: china injection molding Manufacturing Contract TypesPrivate label manufacturing:Individual component manufacturing:Labor or service subcontracting:End-to-end manufacturing:2: Materials, tools, and services used in injection molding manufacturing3: Industries supported by china injection molding manufacturersChina injection molding Manufacturers: How to Choose OneGetting a high quality injection molded product from China onto the market quickly requires [&hellip;]<\/p>\n","protected":false},"author":11,"featured_media":0,"parent":0,"menu_order":0,"comment_status":"open","ping_status":"open","template":"","meta":{"footnotes":""},"class_list":["post-8304","page","type-page","status-publish","hentry"],"blocksy_meta":{"styles_descriptor":{"styles":{"desktop":"","tablet":"","mobile":""},"google_fonts":[],"version":6}},"_links":{"self":[{"href":"https:\/\/www.plasticmoulds.net\/fr\/wp-json\/wp\/v2\/pages\/8304","targetHints":{"allow":["GET"]}}],"collection":[{"href":"https:\/\/www.plasticmoulds.net\/fr\/wp-json\/wp\/v2\/pages"}],"about":[{"href":"https:\/\/www.plasticmoulds.net\/fr\/wp-json\/wp\/v2\/types\/page"}],"author":[{"embeddable":true,"href":"https:\/\/www.plasticmoulds.net\/fr\/wp-json\/wp\/v2\/users\/11"}],"replies":[{"embeddable":true,"href":"https:\/\/www.plasticmoulds.net\/fr\/wp-json\/wp\/v2\/comments?post=8304"}],"version-history":[{"count":1,"href":"https:\/\/www.plasticmoulds.net\/fr\/wp-json\/wp\/v2\/pages\/8304\/revisions"}],"predecessor-version":[{"id":13403,"href":"https:\/\/www.plasticmoulds.net\/fr\/wp-json\/wp\/v2\/pages\/8304\/revisions\/13403"}],"wp:attachment":[{"href":"https:\/\/www.plasticmoulds.net\/fr\/wp-json\/wp\/v2\/media?parent=8304"}],"curies":[{"name":"wp","href":"https:\/\/api.w.org\/{rel}","templated":true}]}}