{"id":5418,"date":"2021-05-29T11:35:32","date_gmt":"2021-05-29T03:35:32","guid":{"rendered":"https:\/\/plasticmoulds.net\/?p=5418"},"modified":"2023-12-31T17:10:46","modified_gmt":"2023-12-31T09:10:46","slug":"externalisation-du-moulage-par-injection-en-chine","status":"publish","type":"page","link":"https:\/\/www.plasticmoulds.net\/fr\/injection-molding-outsourcing-in-china","title":{"rendered":"Les 10 meilleures pratiques d'externalisation du moulage par injection en Chine"},"content":{"rendered":"<h1 class=\"wp-block-heading\" id=\"1-injection-molding-outsourcing-in-china\">Externalisation du moulage par injection en Chine<\/h1><nav class=\"wp-block-stackable-table-of-contents stk-block-table-of-contents stk-block stk-cb4f0c7 stk-block-background\" data-block-id=\"cb4f0c7\"><p class=\"stk-table-of-contents__title\">Table des mati\u00e8res<\/p><ul class=\"stk-table-of-contents__table\"><li><a href=\"#2-how-does-china-injection-molding-outsourcing-work\">Comment fonctionne l'externalisation du moulage par injection en Chine ?<\/a><ul><li><a href=\"#3-the-risks-and-challenges-associated-with-outsourcing-in-china\">Les risques et les d\u00e9fis li\u00e9s \u00e0 l'externalisation en Chine<\/a><\/li><\/ul><\/li><li><a href=\"#4-managing-best-practices\">Gestion des meilleures pratiques<\/a><ul><li><a href=\"#undefined\">\u00c9tablir des relations avec les principaux responsables<\/a><\/li><li><a href=\"#6--plan-your-project-scope-and-timeline-\"> Planifier la port\u00e9e et le calendrier de votre projet <\/a><\/li><li><a href=\"#8--try-to-think-beyond-price-\"> Essayez de penser au-del\u00e0 du prix. <\/a><\/li><li><a href=\"#9--dont-take-the-portfolio-lightly-\"> Ne prenez pas le portefeuille \u00e0 la l\u00e9g\u00e8re <\/a><\/li><li><a href=\"#12--negotiate-your-ownership-as-early-as-possible-\">N\u00e9gociez votre droit de propri\u00e9t\u00e9 le plus t\u00f4t possible <\/a><\/li><li><a href=\"#13--support-after-the-delivery-\"> Assistance apr\u00e8s la livraison <\/a><\/li><\/ul><\/li><li><a href=\"#15--how-to-outsource-\"> Comment externaliser <\/a><\/li><\/ul><\/nav><figure class=\"wp-block-image aligncenter\"><a href=\"https:\/\/plasticmoulds.net\/wp-content\/uploads\/2021\/07\/plastic-mold-6.jpg\"><img loading=\"lazy\" decoding=\"async\" width=\"796\" height=\"359\" src=\"https:\/\/plasticmoulds.net\/wp-content\/uploads\/2021\/07\/plastic-mold-6.jpg\" alt=\"Moulage par injection en Chine\" class=\"wp-image-5780\" srcset=\"https:\/\/www.plasticmoulds.net\/wp-content\/uploads\/2021\/07\/plastic-mold-6.jpg 796w, https:\/\/www.plasticmoulds.net\/wp-content\/uploads\/2021\/07\/plastic-mold-6-300x135.jpg 300w, https:\/\/www.plasticmoulds.net\/wp-content\/uploads\/2021\/07\/plastic-mold-6-768x346.jpg 768w\" sizes=\"auto, (max-width: 796px) 100vw, 796px\" \/><\/a><figcaption class=\"wp-element-caption\">Moulage par injection en Chine<\/figcaption><\/figure><p>Il y a une croissance de <a href=\"https:\/\/plasticmoulds.net\/injection-moldin\u2026ourcing-in-china.html\">Externalisation du moulage par injection en Chine<\/a>.<\/p><p>En 2020, on estime que pr\u00e8s de 35% d'entreprises externaliseront le moulage par injection en Chine, et que 78% seront satisfaites du r\u00e9sultat.<\/p><p>L'environnement de march\u00e9 concurrentiel auquel nous sommes confront\u00e9s ces derni\u00e8res ann\u00e9es en mati\u00e8re d'externalisation a conduit les prestataires de services d'externalisation d'aujourd'hui \u00e0 \u00eatre pr\u00eats \u00e0 fournir aux clients bien plus qu'une solution rentable de moulage par injection.<\/p><figure class=\"wp-block-image aligncenter size-full is-resized\"><a href=\"https:\/\/plasticmoulds.net\/wp-content\/uploads\/2022\/07\/13.png\"><img loading=\"lazy\" decoding=\"async\" width=\"256\" height=\"256\" src=\"https:\/\/plasticmoulds.net\/wp-content\/uploads\/2022\/07\/13.png\" alt=\"\" class=\"wp-image-7946\" style=\"width:547px;height:547px\" srcset=\"https:\/\/www.plasticmoulds.net\/wp-content\/uploads\/2022\/07\/13.png 256w, https:\/\/www.plasticmoulds.net\/wp-content\/uploads\/2022\/07\/13-150x150.png 150w\" sizes=\"auto, (max-width: 256px) 100vw, 256px\" \/><\/a><\/figure><p>L'externalisation du moulage par injection en Chine est devenue bien plus qu'une mesure d'\u00e9conomie. L'externalisation du moulage par injection en Chine est devenue bien plus qu'une mesure d'\u00e9conomie. <a href=\"https:\/\/plasticmoulds.net\/injection-molding-company\">bon choix<\/a> des fournisseurs d'externalisation et de sous-traitance permet aux entreprises d'\u00e9tablir une relation professionnelle durable avec une \u00e9quipe de d\u00e9veloppement de qualit\u00e9 et une gestion efficace du moulage par injection.<\/p><div class=\"wp-block-group alignwide is-layout-constrained wp-block-group-is-layout-constrained\"><div class=\"wp-block-stackable-timeline stk-block-timeline stk-block-timeline--left stk-block stk-fdbdf91 stk-block-background\" data-block-id=\"fdbdf91\"><style>.stk-fdbdf91{background-color:#fccd00 !important;--gap:20px !important;--line-dot-border-radius:0px !important;--line-dot-size:20px !important}.stk-fdbdf91:before{background-color:#fccd00 !important}@media screen and (max-width:689px){.stk-fdbdf91 .stk-inner-blocks:after{top:16px !important}}<\/style><div class=\"stk-row stk-inner-blocks stk-block-content stk-content-align stk-fdbdf91-column\"><div class=\"stk-block-timeline__date\">Conception de composants 7 jours<\/div><div class=\"stk-block-timeline__middle\"><\/div><div class=\"stk-block-timeline__content\"><div class=\"wp-block-stackable-column stk-block-column stk-column stk-block stk-eea635e stk-block-background\" data-v=\"4\" data-block-id=\"eea635e\"><style>.stk-eea635e-container{margin-top:0px !important;margin-right:0px !important;margin-bottom:0px !important;margin-left:0px !important}.stk-eea635e-inner-blocks{justify-content:flex-start !important}.stk-eea635e{background-color:var(--theme-palette-color-5,#E2E7ED) !important}.stk-eea635e:before{background-color:var(--theme-palette-color-5,#E2E7ED) !important}<\/style><div class=\"stk-column-wrapper stk-block-column__content stk-container stk-eea635e-container stk--no-background stk--no-padding\"><div class=\"stk--column-flex stk-block-content stk-inner-blocks stk-eea635e-inner-blocks\"><p>Topworks peut\u00a0<a href=\"https:\/\/plasticmoulds.net\/design\">optimiser votre conception<\/a>\u00a0pour r\u00e9aliser des \u00e9conomies ou assurer la compatibilit\u00e9 en optimisant votre conception avant l'outillage. Les clients sont invit\u00e9s \u00e0 fournir des fichiers 3D<\/p><\/div><\/div><\/div><\/div><\/div><\/div><div class=\"wp-block-stackable-timeline stk-block-timeline stk-block-timeline--left stk-block stk-65d80fe stk-block-background\" data-block-id=\"65d80fe\"><style>.stk-65d80fe{background-color:#fccd00 !important}.stk-65d80fe:before{background-color:#fccd00 !important}@media screen and (max-width:689px){.stk-65d80fe .stk-inner-blocks:after{top:16px !important}}<\/style><div class=\"stk-row stk-inner-blocks stk-block-content stk-content-align stk-65d80fe-column\"><div class=\"stk-block-timeline__date\">Prototypage des pi\u00e8ces (si n\u00e9cessaire) (2 \u00e0 3 jours)<\/div><div class=\"stk-block-timeline__middle\"><\/div><div class=\"stk-block-timeline__content\"><div class=\"wp-block-stackable-column stk-block-column stk-column stk-block stk-47b313d\" data-v=\"4\" data-block-id=\"47b313d\"><style>.stk-47b313d-container{margin-top:0px !important;margin-right:0px !important;margin-bottom:0px !important;margin-left:0px !important}<\/style><div class=\"stk-column-wrapper stk-block-column__content stk-container stk-47b313d-container stk--no-background stk--no-padding\"><div class=\"stk-block-content stk-inner-blocks stk-47b313d-inner-blocks\"><p>Topworks peut utiliser la commande num\u00e9rique par ordinateur (CNC) pour produire un prototype usin\u00e9 ou une impression 3D que vous pouvez voir et toucher pour valider la conception de votre pi\u00e8ce.<\/p><\/div><\/div><\/div><\/div><\/div><\/div><div class=\"wp-block-stackable-timeline stk-block-timeline stk-block-timeline--left stk-block stk-c210ffa stk-block-background\" data-block-id=\"c210ffa\"><style>.stk-c210ffa{background-color:#fccd00 !important;--line-bg-color:var(--theme-palette-color-6,#edeff2) !important}.stk-c210ffa:before{background-color:#fccd00 !important}@media screen and (max-width:689px){.stk-c210ffa .stk-inner-blocks:after{top:16px !important}}<\/style><div class=\"stk-row stk-inner-blocks stk-block-content stk-content-align stk-c210ffa-column\"><div class=\"stk-block-timeline__date\">Conception d'outils (3-7 jours)<\/div><div class=\"stk-block-timeline__middle\"><\/div><div class=\"stk-block-timeline__content\"><div class=\"wp-block-stackable-column stk-block-column stk-column stk-block stk-b2b416d stk-block-background\" data-v=\"4\" data-block-id=\"b2b416d\"><style>.stk-b2b416d-container{margin-top:0px !important;margin-right:0px !important;margin-bottom:0px !important;margin-left:0px !important}.stk-b2b416d{background-color:var(--theme-palette-color-5,#E2E7ED) !important}.stk-b2b416d:before{background-color:var(--theme-palette-color-5,#E2E7ED) !important}<\/style><div class=\"stk-column-wrapper stk-block-column__content stk-container stk-b2b416d-container stk--no-background stk--no-padding\"><div class=\"stk-block-content stk-inner-blocks stk-b2b416d-inner-blocks\"><p>Au cours de cette \u00e9tape, votre fiche d'information sur l'outillage est utilis\u00e9e pour concevoir l'outil.<\/p><\/div><\/div><\/div><\/div><\/div><\/div><div class=\"wp-block-stackable-timeline stk-block-timeline stk-block-timeline--left stk-block stk-cad37d9 stk-block-background\" data-block-id=\"cad37d9\"><style>.stk-cad37d9{background-color:#fccd00 !important;--gap:9px !important}.stk-cad37d9:before{background-color:#fccd00 !important}@media screen and (max-width:689px){.stk-cad37d9 .stk-inner-blocks:after{top:16px !important}}<\/style><div class=\"stk-row stk-inner-blocks stk-block-content stk-content-align stk-cad37d9-column\"><div class=\"stk-block-timeline__date\">V\u00e9rification de la conception de l'outil (2-3 jours)<\/div><div class=\"stk-block-timeline__middle\"><\/div><div class=\"stk-block-timeline__content\"><div class=\"wp-block-stackable-column stk-block-column stk-column stk-block stk-0991ce0\" data-v=\"4\" data-block-id=\"0991ce0\"><style>.stk-0991ce0-container{margin-top:0px !important;margin-right:0px !important;margin-bottom:0px !important;margin-left:0px !important}<\/style><div class=\"stk-column-wrapper stk-block-column__content stk-container stk-0991ce0-container stk--no-background stk--no-padding\"><div class=\"stk-block-content stk-inner-blocks stk-0991ce0-inner-blocks\"><p>La pr\u00e9cision de la conception de l'outil est valid\u00e9e.<\/p><\/div><\/div><\/div><\/div><\/div><\/div><div class=\"wp-block-stackable-timeline stk-block-timeline stk-block-timeline--left stk-block stk-d27a1cb stk-block-background\" data-block-id=\"d27a1cb\"><style>.stk-d27a1cb{background-color:#fccd00 !important}.stk-d27a1cb:before{background-color:#fccd00 !important}@media screen and (max-width:689px){.stk-d27a1cb .stk-inner-blocks:after{top:16px !important}}<\/style><div class=\"stk-row stk-inner-blocks stk-block-content stk-content-align stk-d27a1cb-column\"><div class=\"stk-block-timeline__date\">Fabrication d'outils (3-8 semaines, cela d\u00e9pend)<\/div><div class=\"stk-block-timeline__middle\"><\/div><div class=\"stk-block-timeline__content\"><div class=\"wp-block-stackable-column stk-block-column stk-column stk-block stk-245f43f\" data-v=\"4\" data-block-id=\"245f43f\"><style>.stk-245f43f-container{margin-top:0px !important;margin-right:0px !important;margin-bottom:0px !important;margin-left:0px !important}<\/style><div class=\"stk-column-wrapper stk-block-column__content stk-container stk-245f43f-container stk--no-background stk--no-padding\"><div class=\"stk-block-content stk-inner-blocks stk-245f43f-inner-blocks\"><p class=\"has-palette-color-5-background-color has-background\">L'outil est fabriqu\u00e9 avec pr\u00e9cision selon la conception valid\u00e9e \u00e0 l'aide de la commande num\u00e9rique par ordinateur (CNC) et de l'usinage par \u00e9lectro\u00e9rosion (EDM) ...<\/p><\/div><\/div><\/div><\/div><\/div><\/div><div class=\"wp-block-stackable-timeline stk-block-timeline stk-block-timeline--left stk-block stk-227f73b stk-block-background\" data-block-id=\"227f73b\"><style>.stk-227f73b{background-color:#fccd00 !important}.stk-227f73b:before{background-color:#fccd00 !important}@media screen and (max-width:689px){.stk-227f73b .stk-inner-blocks:after{top:16px !important}}<\/style><div class=\"stk-row stk-inner-blocks stk-block-content stk-content-align stk-227f73b-column\"><div class=\"stk-block-timeline__date\">Premiers tirs au client (T1,2-5 jours)<\/div><div class=\"stk-block-timeline__middle\"><\/div><div class=\"stk-block-timeline__content\"><div class=\"wp-block-stackable-column stk-block-column stk-column stk-block stk-1cac3b5\" data-v=\"4\" data-block-id=\"1cac3b5\"><style>.stk-1cac3b5-container{margin-top:0px !important;margin-right:0px !important;margin-bottom:0px !important;margin-left:0px !important}<\/style><div class=\"stk-column-wrapper stk-block-column__content stk-container stk-1cac3b5-container stk--no-background stk--no-padding\"><div class=\"stk-block-content stk-inner-blocks stk-1cac3b5-inner-blocks\"><p>Les premiers tirs d'essai seront envoy\u00e9s par courrier peu apr\u00e8s la r\u00e9alisation des moules d'injection. Une fois envoy\u00e9s, ils arrivent g\u00e9n\u00e9ralement en 2 \u00e0 5 jours.<\/p><\/div><\/div><\/div><\/div><\/div><\/div><div class=\"wp-block-stackable-timeline stk-block-timeline stk-block-timeline--left stk-block stk-3900415 stk-block-background\" data-block-id=\"3900415\"><style>.stk-3900415{background-color:#fccd00 !important;--line-bg-color:var(--theme-palette-color-6,#edeff2) !important}.stk-3900415:before{background-color:#fccd00 !important}@media screen and (max-width:689px){.stk-3900415 .stk-inner-blocks:after{top:16px !important}}<\/style><div class=\"stk-row stk-inner-blocks stk-block-content stk-content-align stk-3900415-column\"><div class=\"stk-block-timeline__date\">Modifications des outils et textures (3-7 jours, cela d\u00e9pend)<\/div><div class=\"stk-block-timeline__middle\"><\/div><div class=\"stk-block-timeline__content\"><div class=\"wp-block-stackable-column stk-block-column stk-column stk-block stk-8d61579\" data-v=\"4\" data-block-id=\"8d61579\"><style>.stk-8d61579-container{margin-top:0px !important;margin-right:0px !important;margin-bottom:0px !important;margin-left:0px !important}<\/style><div class=\"stk-column-wrapper stk-block-column__content stk-container stk-8d61579-container stk--no-background stk--no-padding\"><div class=\"stk-block-content stk-inner-blocks stk-8d61579-inner-blocks\"><p class=\"has-palette-color-5-background-color has-background\">\u00c0 ce stade, Topworks apporte toutes les modifications n\u00e9cessaires \u00e0 l'outil pour le rendre conforme aux sp\u00e9cifications approuv\u00e9es. Topworks effectue gratuitement toutes les modifications n\u00e9cessaires (\u00e0 l'exception des modifications de conception, qui sont toujours factur\u00e9es).<br>C'est \u00e0 ce stade qu'intervient le processus de texturation, qui est g\u00e9n\u00e9ralement la derni\u00e8re \u00e9tape avant la production en s\u00e9rie.<br>C\u00f4t\u00e9 Topworks<\/p><\/div><\/div><\/div><\/div><\/div><\/div><div class=\"wp-block-stackable-timeline stk-block-timeline stk-block-timeline--left stk-is-last stk-block stk-38821a3 stk-block-background\" data-block-id=\"38821a3\"><style>.stk-38821a3{background-color:#fccd00 !important}.stk-38821a3:before{background-color:#fccd00 !important}@media screen and (max-width:689px){.stk-38821a3 .stk-inner-blocks:after{top:16px !important;bottom:calc(0px + (100% - 0px) - 16px) !important}}<\/style><div class=\"stk-row stk-inner-blocks stk-block-content stk-content-align stk-38821a3-column\"><div class=\"stk-block-timeline__date\">Production de masse ou exportation&nbsp;<\/div><div class=\"stk-block-timeline__middle\"><\/div><div class=\"stk-block-timeline__content\"><div class=\"wp-block-stackable-column stk-block-column stk-column stk-block stk-3619196\" data-v=\"4\" data-block-id=\"3619196\"><style>.stk-3619196-container{margin-top:0px !important;margin-right:0px !important;margin-bottom:0px !important;margin-left:0px !important}<\/style><div class=\"stk-column-wrapper stk-block-column__content stk-container stk-3619196-container stk--no-background stk--no-padding\"><div class=\"stk-block-content stk-inner-blocks stk-3619196-inner-blocks\"><div class=\"wp-block-stackable-text stk-block-text stk-block stk-d000f7f\" data-block-id=\"d000f7f\"><p class=\"stk-block-text__text\">\u00c0 ce stade, l'outil est remis au client ou pr\u00eat pour le moulage par injection.<\/p><\/div><\/div><\/div><\/div><\/div><\/div><\/div><\/div><h2 class=\"wp-block-heading\" id=\"2-how-does-china-injection-molding-outsourcing-work\">Comment fonctionne l'externalisation du moulage par injection en Chine ?<\/h2><p>L'externalisation n'est pas seulement avantageuse pour le d\u00e9veloppement de l'outillage et du moulage par injection. La gestion des ressources humaines, la gestion des installations, la gestion de la cha\u00eene d'approvisionnement, l'assistance et le service \u00e0 la client\u00e8le, le marketing, les tests de diagnostic et la documentation juridique sont quelques-uns des services que les fournisseurs ont tendance \u00e0 externaliser.<\/p><h3 class=\"wp-block-heading\" id=\"3-the-risks-and-challenges-associated-with-outsourcing-in-china\">Les risques et les d\u00e9fis li\u00e9s \u00e0 l'externalisation en Chine<\/h3><p>La s\u00e9lection d'un fournisseur est essentielle pour \u00e9viter les omissions. Les collaborations en mati\u00e8re d'externalisation peuvent \u00eatre vuln\u00e9rables aux points suivants :<\/p><ul class=\"wp-block-list\"><li>Le d\u00e9lai d'ex\u00e9cution est plus lent.<\/li><li>Connaissance du secteur d'activit\u00e9 du vendeur.<\/li><li>Les obstacles sont dus \u00e0 la langue et \u00e0 la culture.<\/li><li>Les fuseaux horaires diff\u00e8rent.<\/li><li>Incapacit\u00e9 de contr\u00f4le.<\/li><\/ul><h2 class=\"wp-block-heading\" id=\"4-managing-best-practices\">Gestion des meilleures pratiques<\/h2><h3 class=\"wp-block-heading\">\u00c9tablir des relations avec les principaux responsables<\/h3><p>L'efficacit\u00e9 des relations entre les cadres sup\u00e9rieurs des deux \u00e9quipes d\u00e9pend de leur capacit\u00e9 \u00e0 communiquer, \u00e0 collaborer et \u00e0 entretenir des relations de travail saines. De nombreuses \u00e9tudes sur des projets d'externalisation de moulage par injection men\u00e9s avec succ\u00e8s en Chine ont r\u00e9v\u00e9l\u00e9 qu'une chimie de travail et des relations solides entre coll\u00e8gues sont cruciales pour la r\u00e9ussite des projets d'externalisation de moulage par injection.<\/p><h3 class=\"wp-block-heading\" id=\"6--plan-your-project-scope-and-timeline-\"> Planifier la port\u00e9e et le calendrier de votre projet <\/h3><p>D\u00e9finissez clairement vos objectifs avant de commencer le travail. Fournissez \u00e0 l'avance des informations pr\u00e9cises et compl\u00e8tes afin que vos fournisseurs chinois de services de moulage par injection puissent vous proposer des prix r\u00e9alistes. Veuillez communiquer aux fournisseurs de services de moulage par injection autant d'informations que possible concernant le travail \u00e0 effectuer.<\/p><p>Veillez \u00e0 ce que vos exigences en mati\u00e8re de calendrier soient r\u00e9alistes et claires, car le calendrier peut avoir une incidence consid\u00e9rable sur le co\u00fbt du projet.<\/p><p>Assurez-vous que votre partenaire d'externalisation poss\u00e8de l'exp\u00e9rience requise pour votre type de projet. Le d\u00e9veloppement du moulage par injection \u00e0 l'\u00e9tranger est particuli\u00e8rement complexe, c'est pourquoi vous devez faire appel \u00e0 un sp\u00e9cialiste.<\/p><h3 class=\"wp-block-heading\" id=\"8--try-to-think-beyond-price-\"> Essayez de penser au-del\u00e0 du prix. <\/h3><p>Les acheteurs exp\u00e9riment\u00e9s qui \u00e9valuent des centaines de propositions sont g\u00e9n\u00e9ralement unanimes dans leur recommandation de ne pas tenir compte de l'offre la plus basse et de l'offre la plus \u00e9lev\u00e9e du concurrent.<\/p><p>Les acheteurs qui ont le mieux r\u00e9ussi avec leurs entreprises chinoises de moulage par injection estiment que le fournisseur a offert un bon rapport qualit\u00e9-prix tout en fournissant des r\u00e9sultats de qualit\u00e9.<\/p><h3 class=\"wp-block-heading\" id=\"9--dont-take-the-portfolio-lightly-\"> Ne prenez pas le portefeuille \u00e0 la l\u00e9g\u00e8re <\/h3><p>Examinez les travaux de moulage par injection d\u00e9j\u00e0 r\u00e9alis\u00e9s par le fournisseur. M\u00eame si le portefeuille, les r\u00e9f\u00e9rences et l'exp\u00e9rience professionnelle de votre fournisseur chinois de moulage par injection ne d\u00e9montrent pas qu'il est comp\u00e9tent, il peut \u00eatre en mesure de cr\u00e9er une maquette ou d'esquisser un plan d'action simple.<\/p><p>Les fournisseurs de moulage par injection chinois qui souhaitent vivement gagner votre confiance peuvent vous donner une id\u00e9e approximative de ce qu'ils proposent.<\/p><p>N'h\u00e9sitez pas \u00e0 demander une maquette, mais n'exigez pas du vendeur qu'il vous fournisse un travail fini selon vos sp\u00e9cifications. <strong>Aucun professionnel qualifi\u00e9 n'acceptera de travailler gratuitement.<\/strong><\/p><p>Engagez le premier prestataire de services pour un petit travail relativement simple, puis passez \u00e0 des travaux de moulage par injection plus importants et plus complexes au fil du temps.<\/p><p>Vous pourrez ainsi mieux comprendre les offres et les capacit\u00e9s du fournisseur avant de lui confier votre projet \"critique\".<\/p><p>De m\u00eame, tout comme il est imp\u00e9ratif de veiller \u00e0 d\u00e9finir un calendrier pr\u00e9cis pour votre projet de moulage par injection externalis\u00e9, il peut \u00e9galement \u00eatre utile d'\u00e9tablir un calendrier sp\u00e9cifique des produits \u00e0 livrer.<\/p><p>En pr\u00e9voyant des points de contr\u00f4le r\u00e9guliers - au cours desquels vous pouvez examiner l'\u00e9tat d'avancement du projet - il est facile de s'assurer que les moulistes ach\u00e8veront le projet dans les d\u00e9lais pr\u00e9vus et avec une qualit\u00e9 \u00e9lev\u00e9e. Vous devez coordonner le paiement du fournisseur avec ces \u00e9tapes.<\/p><p>Une bonne r\u00e8gle de base consiste \u00e0 ne financer qu'une petite partie des co\u00fbts totaux du projet de sa propre poche et le reste en versements \u00e9chelonn\u00e9s sur trois ou quatre \u00e9tapes.<\/p><h3 class=\"wp-block-heading\" id=\"12--negotiate-your-ownership-as-early-as-possible-\">N\u00e9gociez votre droit de propri\u00e9t\u00e9 le plus t\u00f4t possible <\/h3><p>Si vous externalisez des travaux d'outillage ou de moulage par injection en Chine, il est essentiel de pr\u00e9ciser qui est propri\u00e9taire du produit du travail et de tout \u00e9l\u00e9ment important de celui-ci.<\/p><p>Si vous avez l'intention de d\u00e9velopper une pi\u00e8ce de moulage par injection personnalis\u00e9e pour votre usage personnel, il y aura des diff\u00e9rences substantielles par rapport au d\u00e9veloppement de pi\u00e8ces en plastique que vous avez l'intention de revendre.<\/p><h3 class=\"wp-block-heading\" id=\"13--support-after-the-delivery-\"> Assistance apr\u00e8s la livraison <\/h3><p>Il est bon d'inclure une clause de garantie dans les projets technologiques afin de s'assurer que le fournisseur chinois de moulage par injection continuera \u00e0 apporter son soutien apr\u00e8s l'ach\u00e8vement du projet de moulage par injection.<\/p><p>Pour n\u00e9gocier une clause de soutien, il est beaucoup plus facile de le faire avant que le prestataire de services ne commence \u00e0 travailler plut\u00f4t qu'apr\u00e8s que le projet de moulage par injection a \u00e9t\u00e9 achev\u00e9. <\/p><p>Une externalisation du moulage par injection depuis la Chine implique les deux cultures, et ces diff\u00e9rences doivent \u00eatre accept\u00e9es et surmont\u00e9es. Il serait pr\u00e9f\u00e9rable d'organiser des \u00e9v\u00e9nements sociaux entre les entreprises afin de mieux comprendre les diff\u00e9rences culturelles.<\/p><h2 class=\"wp-block-heading\" id=\"15--how-to-outsource-\"> Comment externaliser <\/h2><p>Pour obtenir le meilleur prix aupr\u00e8s d'un fournisseur chinois de moulage par injection, veillez \u00e0 pr\u00e9parer \u00e0 l'avance toutes les r\u00e9ponses aux questions suivantes.<\/p><ul class=\"wp-block-list\"><li>Le travail ou le projet de moulage par injection en Chine \u00e0 sous-traiter est-il clair pour vous ?<\/li><li>Disposez-vous d'une description d\u00e9taill\u00e9e de la t\u00e2che ou, \u00e0 tout le moins, de lignes directrices claires en mati\u00e8re d'externalisation ?<\/li><li>Description d'un projet sp\u00e9cifique de moulage par injection<\/li><li>Performances attendues<\/li><li>Le co\u00fbt\/budget du projet<\/li><li>Indiquer clairement le d\u00e9lai\/la date limite<\/li><li>Exigences relatives aux projets de moulage par injection<\/li><li>Besoin de ressources<\/li><li>Qui g\u00e9rera le sous-traitant et interagira avec lui au sein de votre organisation ?<\/li><\/ul><p>Est-il possible pour l'entrepreneur que vous avez initialement engag\u00e9 de travailler avec vous pour cr\u00e9er un sch\u00e9ma des \u00e9tapes n\u00e9cessaires \u00e0 la r\u00e9alisation de la t\u00e2che afin que vous puissiez vous y r\u00e9f\u00e9rer ult\u00e9rieurement, soit dans le cadre d'un manuel d'exploitation, soit pour \u00eatre utilis\u00e9 par un autre entrepreneur de moulage par injection en Chine si le premier a \u00e9chou\u00e9 ?<\/p>","protected":false},"excerpt":{"rendered":"<p>Injection Molding Outsourcing in ChinaTable of ContentsHow does China Injection Molding Outsourcing work?The risks and challenges associated with outsourcing in ChinaManaging best practicesBuilding relationships with key managers Plan your project scope and timeline Try to think beyond price. Don&#8217;t take the portfolio lightly Negotiate your ownership as early as possible Support after the delivery How [&hellip;]<\/p>\n","protected":false},"author":11,"featured_media":5378,"parent":0,"menu_order":0,"comment_status":"open","ping_status":"open","template":"","meta":{"footnotes":""},"class_list":["post-5418","page","type-page","status-publish","has-post-thumbnail","hentry"],"blocksy_meta":{"styles_descriptor":{"styles":{"desktop":"","tablet":"","mobile":""},"google_fonts":[],"version":6}},"_links":{"self":[{"href":"https:\/\/www.plasticmoulds.net\/fr\/wp-json\/wp\/v2\/pages\/5418","targetHints":{"allow":["GET"]}}],"collection":[{"href":"https:\/\/www.plasticmoulds.net\/fr\/wp-json\/wp\/v2\/pages"}],"about":[{"href":"https:\/\/www.plasticmoulds.net\/fr\/wp-json\/wp\/v2\/types\/page"}],"author":[{"embeddable":true,"href":"https:\/\/www.plasticmoulds.net\/fr\/wp-json\/wp\/v2\/users\/11"}],"replies":[{"embeddable":true,"href":"https:\/\/www.plasticmoulds.net\/fr\/wp-json\/wp\/v2\/comments?post=5418"}],"version-history":[{"count":0,"href":"https:\/\/www.plasticmoulds.net\/fr\/wp-json\/wp\/v2\/pages\/5418\/revisions"}],"wp:featuredmedia":[{"embeddable":true,"href":"https:\/\/www.plasticmoulds.net\/fr\/wp-json\/wp\/v2\/media\/5378"}],"wp:attachment":[{"href":"https:\/\/www.plasticmoulds.net\/fr\/wp-json\/wp\/v2\/media?parent=5418"}],"curies":[{"name":"wp","href":"https:\/\/api.w.org\/{rel}","templated":true}]}}