{"id":2432,"date":"2019-03-08T10:58:52","date_gmt":"2019-03-08T02:58:52","guid":{"rendered":"https:\/\/plasticmoulds.net\/?page_id=2432"},"modified":"2024-09-25T10:07:01","modified_gmt":"2024-09-25T02:07:01","slug":"comment-presenter-votre-idee-de-produit-a-une-societe-de-design","status":"publish","type":"page","link":"https:\/\/www.plasticmoulds.net\/fr\/how-to-present-your-product-idea-to-a-design-firm","title":{"rendered":"Comment pr\u00e9senter votre id\u00e9e de produit \u00e0 un bureau d'\u00e9tudes ?"},"content":{"rendered":"<h3 class=\"wp-block-heading\">Comment pr\u00e9senter votre id\u00e9e de produit \u00e0 un bureau d'\u00e9tudes ?<\/h3><h4 class=\"wp-block-heading\">Vous avez une id\u00e9e de produit que vous souhaitez commercialiser. Et maintenant ?<\/h4><p>Entrepreneur en herbe, bricoleur, ing\u00e9nieur... Votre esprit court \u00e0 mille \u00e0 l'heure en pensant aux multiples fa\u00e7ons d'am\u00e9liorer votre environnement. R\u00e9cemment, vous avez eu une id\u00e9e de produit qui, vous le savez, pourrait profiter \u00e0 de nombreuses personnes. Cela vaut la peine d'essayer de le d\u00e9velopper et de le commercialiser, mais comment commencer ?<\/p><figure class=\"wp-block-image size-large is-resized\"><a href=\"https:\/\/plasticmoulds.net\/wp-content\/uploads\/2024\/09\/Designing-a-New-Injection-Molding-Product.png\"><img loading=\"lazy\" decoding=\"async\" width=\"1024\" height=\"1017\" src=\"https:\/\/plasticmoulds.net\/wp-content\/uploads\/2024\/09\/Designing-a-New-Injection-Molding-Product-1024x1017.png\" alt=\"\" class=\"wp-image-13042\" style=\"width:668px;height:auto\" srcset=\"https:\/\/www.plasticmoulds.net\/wp-content\/uploads\/2024\/09\/Designing-a-New-Injection-Molding-Product-1024x1017.png 1024w, https:\/\/www.plasticmoulds.net\/wp-content\/uploads\/2024\/09\/Designing-a-New-Injection-Molding-Product-300x298.png 300w, https:\/\/www.plasticmoulds.net\/wp-content\/uploads\/2024\/09\/Designing-a-New-Injection-Molding-Product-150x150.png 150w, https:\/\/www.plasticmoulds.net\/wp-content\/uploads\/2024\/09\/Designing-a-New-Injection-Molding-Product-768x762.png 768w, https:\/\/www.plasticmoulds.net\/wp-content\/uploads\/2024\/09\/Designing-a-New-Injection-Molding-Product-1536x1525.png 1536w, https:\/\/www.plasticmoulds.net\/wp-content\/uploads\/2024\/09\/Designing-a-New-Injection-Molding-Product-2048x2033.png 2048w, https:\/\/www.plasticmoulds.net\/wp-content\/uploads\/2024\/09\/Designing-a-New-Injection-Molding-Product-12x12.png 12w\" sizes=\"auto, (max-width: 1024px) 100vw, 1024px\" \/><\/a><\/figure><p>Si votre id\u00e9e est un produit physique, cet article est pour vous. Nous vous expliquons exactement comment pr\u00e9senter votre id\u00e9e de produit \u00e0 une soci\u00e9t\u00e9 de conception - une activit\u00e9 qui marquera le d\u00e9but de la phase de conception de votre projet.<\/p><p>Nous verrons tout ce qu'il faut savoir pour r\u00e9diger un document de type pr\u00e9sentation qui explique votre id\u00e9e \u00e0 une soci\u00e9t\u00e9 de conception. Il peut s'agir d'une pr\u00e9sentation standard avec des diapositives ou d'un document de votre choix qui inclut un contenu pertinent.&nbsp;<strong><em>Nous vous invitons \u00e0 vous plonger dans l'exemple de pr\u00e9sentation que nous avons mis \u00e0 votre disposition en ligne.&nbsp;<\/em><\/strong><a href=\"https:\/\/goo.gl\/vKvK32\" target=\"_blank\" rel=\"noopener\"><strong><em>ici<\/em><\/strong><\/a><strong><em>ou en dessous :<\/em><\/strong><\/p><p><a href=\"https:\/\/docs.google.com\/presentation\/d\/e\/2PACX-1vSY3vlxMRCeLycaqj5KxgQfUtJyA1G1Ahy_Yl5QDia63uFQOYGrYUtRkNELNpwSkY2NQ8VFLv1uddrt\/pub?start=false&amp;loop=false&amp;delayms=3000&amp;slide=id.p\" target=\"_blank\" rel=\"noopener\">Concept de serrure de porte<\/a><\/p><p>Vous y d\u00e9couvrirez les quatre \u00e9l\u00e9ments que votre pr\u00e9sentation doit comporter : le probl\u00e8me, la solution, l'esth\u00e9tique et le prix, ainsi qu'un aper\u00e7u de la concurrence. Vous trouverez ensuite une section sur les choses \u00e0 faire et \u00e0 ne pas faire, bas\u00e9e sur certaines des questions les plus fr\u00e9quemment pos\u00e9es par nos clients.<\/p><p>En utilisant cet article comme guide pour cr\u00e9er une pr\u00e9sentation et lancer le processus de conception d'un produit, vous serez en mesure non seulement de communiquer votre id\u00e9e, mais aussi.. :<\/p><ul class=\"wp-block-list\"><li>d\u00e9terminer les param\u00e8tres de d\u00e9veloppement de votre produit en tenant compte des contraintes de la technologie actuelle, de votre budget et de votre calendrier ;<\/li><li>obtenir un devis raisonnablement pr\u00e9cis sur la conception de votre produit ;<\/li><li>r\u00e9duire le nombre de r\u00e9visions tout au long du processus de conception, r\u00e9duisant ainsi vos co\u00fbts et le temps n\u00e9cessaire pour achever la conception ;<\/li><li>et d'obtenir une conception globale de meilleure qualit\u00e9.<\/li><\/ul><p>Si vous pensez \u00eatre pr\u00eat \u00e0 soumettre votre id\u00e9e de produit \u00e0 une soci\u00e9t\u00e9 de conception, lisez ce qui suit. Nos connaissances reposent sur plus de sept ann\u00e9es d'exp\u00e9rience pass\u00e9es \u00e0 aider des entreprises, des ing\u00e9nieurs et des entrepreneurs \u00e0 concevoir des produits innovants et performants. Nous les partageons avec vous afin que vous soyez pr\u00eat \u00e0 entrer dans le monde du d\u00e9veloppement de produits.<\/p><h3 class=\"wp-block-heading\">Les quatre composantes de votre pr\u00e9sentation<\/h3><h4 class=\"wp-block-heading\"><strong>1. Le probl\u00e8me que vous cherchez \u00e0 r\u00e9soudre et votre connaissance du march\u00e9<\/strong><\/h4><p>Lorsque vous pr\u00e9sentez votre id\u00e9e de produit, la premi\u00e8re chose \u00e0 faire est de pr\u00e9senter le probl\u00e8me que vous souhaitez r\u00e9soudre sur un march\u00e9 donn\u00e9.<\/p><p>Nous avons de nombreux types de clients dans des secteurs d'activit\u00e9 tr\u00e8s vari\u00e9s. Certains sont des entrepreneurs d\u00e9butants qui n'ont jamais vendu de produits auparavant, tandis que d'autres sont des entreprises internationales qui ont cr\u00e9\u00e9 et vendu de nombreux produits diff\u00e9rents. Tous viennent nous voir parce qu'ils veulent fabriquer un produit qui contribue \u00e0 am\u00e9liorer la vie des gens - c'est leur fa\u00e7on d'apporter une solution \u00e0 un probl\u00e8me important qu'ils ont rencontr\u00e9.<\/p><p>La recherche de solutions peut r\u00e9sulter d'un brainstorming sur les moyens de r\u00e9soudre un probl\u00e8me ou simplement de l'examen de produits existants pour voir comment les am\u00e9liorer. Par exemple, vous pouvez examiner un produit que vous avez \u00e0 la maison ou au travail et \u00e9tudier des aspects tels que la difficult\u00e9 d'utilisation, le volume sonore, le poids, le co\u00fbt, l'ergonomie, la dur\u00e9e de vie de la batterie, etc.<\/p><p>Toutefois, pour que les innovateurs sachent qu'il y a un probl\u00e8me \u00e0 r\u00e9soudre, ils doivent avoir acquis une certaine connaissance du march\u00e9. Vous pouvez acqu\u00e9rir une connaissance du march\u00e9 \u00e0 partir d'une exp\u00e9rience directe, en lisant des descriptions de produits et des critiques, ou en discutant avec des personnes qui travaillent dans un domaine ou un secteur d'activit\u00e9 sp\u00e9cifique.<\/p><p>Quelle que soit la mani\u00e8re dont vous avez acquis votre connaissance du march\u00e9, il est temps de la pr\u00e9senter. Dans votre document, vous devrez \u00e9num\u00e9rer chacun des principaux probl\u00e8mes et la connaissance du march\u00e9 qui vous a permis de comprendre ces probl\u00e8mes. Vous devez inclure au moins un probl\u00e8me principal et d'autres probl\u00e8mes secondaires, mais pertinents. Votre liste pourrait ressembler \u00e0 ceci :<\/p><figure class=\"wp-block-image\"><img decoding=\"async\" src=\"https:\/\/cdn-images-1.medium.com\/max\/960\/0*wXcEElv-VHHEB8wU\" alt=\"\"\/><\/figure><figure class=\"wp-block-image\"><img decoding=\"async\" src=\"https:\/\/cdn-images-1.medium.com\/max\/960\/0*tNjzW6vdSXbBJazs\" alt=\"\"\/><\/figure><figure class=\"wp-block-image\"><img decoding=\"async\" src=\"https:\/\/cdn-images-1.medium.com\/max\/960\/0*pDux8LGEUaZAEKYP\" alt=\"\"\/><\/figure><p><strong><em>\u00c9tude de cas sur la connaissance du march\u00e9 :&nbsp;<\/em><\/strong>Supposons que vous soyez un parent f\u00e9ru de technologie et que vous travailliez de 8 heures \u00e0 17 heures du lundi au vendredi. Votre fils rentre de l'\u00e9cole \u00e0 14h30 tous les jours. Il a une cl\u00e9 pour entrer dans la maison, mais un jour, alors que vous \u00e9tiez au travail, il vous a appel\u00e9 pour vous dire qu'il l'avait perdue et qu'il ne pouvait pas entrer. Pour qu'il puisse entrer dans la maison, vous avez d\u00fb quitter votre travail, faire 20 minutes de route pour arriver \u00e0 la maison, lui ouvrir la porte et retourner au travail.<\/p><p>Ce soir-l\u00e0, vous avez envisag\u00e9 d'acheter une serrure sans cl\u00e9 pour \u00e9viter tout probl\u00e8me de perte de cl\u00e9s ou d'impossibilit\u00e9 de donner \u00e0 quelqu'un l'acc\u00e8s \u00e0 votre domicile \u00e0 distance. Vous avez cherch\u00e9 en ligne une serrure de porte intelligente qui serait efficace et facile \u00e0 utiliser, mais elles \u00e9taient toutes trop ch\u00e8res. Vous avez donc envisag\u00e9 de produire une serrure de porte IoT abordable. Si vous n'aviez jamais eu \u00e0 quitter votre travail pour ouvrir la porte \u00e0 votre fils, vous n'auriez pas eu l'id\u00e9e de fabriquer une serrure de porte intelligente et peu co\u00fbteuse qui r\u00e9soudrait le probl\u00e8me de la perte des cl\u00e9s.C'est le genre de r\u00e9flexion qui vous aidera \u00e0 approfondir la compr\u00e9hension du march\u00e9 pour votre id\u00e9e de produit.<\/p><blockquote class=\"wp-block-quote is-layout-flow wp-block-quote-is-layout-flow\"><p><strong><em>Conseil : utilisez un mod\u00e8le d'entreprise ou un plan d'affaires pour vous aider \u00e0 vous faire une id\u00e9e du march\u00e9.&nbsp;<\/em><\/strong><em>Un<\/em><strong><em>&nbsp;<\/em><\/strong><em>Pour mieux conna\u00eetre son march\u00e9, il est possible de cr\u00e9er une base de donn\u00e9es sur le march\u00e9 de l'emploi.&nbsp;<\/em><a href=\"https:\/\/medium.com\/techmates\/ten-rules-to-take-your-hardware-product-from-concept-to-market-f2a8e8d9878e#50e9\" target=\"_blank\" rel=\"noopener\"><em>canevas de mod\u00e8le d'entreprise<\/em><\/a><em>Il s'agit d'une version simplifi\u00e9e d'un plan d'affaires. Alors qu'un plan d'entreprise peut \u00eatre long et fastidieux \u00e0 r\u00e9diger et \u00e0 tenir \u00e0 jour, un canevas de mod\u00e8le d'entreprise est beaucoup plus court et peut \u00eatre facilement r\u00e9vis\u00e9 pour s'adapter \u00e0 l'\u00e9volution des besoins ou de l'orientation de l'entreprise. Si vous avez d\u00e9j\u00e0 une entreprise en activit\u00e9, vous disposez probablement de l'un de ces mod\u00e8les. Si vous d\u00e9butez, vous pouvez commencer \u00e0 en r\u00e9diger un.<\/em><\/p><\/blockquote><blockquote class=\"wp-block-quote is-layout-flow wp-block-quote-is-layout-flow\"><p><em>Il n'est pas n\u00e9cessaire de disposer d'un mod\u00e8le d'entreprise ou d'un plan avant d'approcher une soci\u00e9t\u00e9 de conception avec votre id\u00e9e de produit, mais si vous souhaitez r\u00e9ellement vendre votre produit \u00e0 l'avenir, nous vous recommandons vivement d'en avoir un. Ces documents peuvent vous aider \u00e0 \u00e9laborer un meilleur produit dans son ensemble, car ils impliquent des recherches qui vous aideront \u00e0 d\u00e9terminer le probl\u00e8me que vous essayez de r\u00e9soudre. Plus important encore, ils vous aideront \u00e0 trouver une meilleure solution et \u00e0 comprendre les caract\u00e9ristiques que votre produit doit comporter et le prix de vente que vous souhaitez atteindre - autant d'informations que vous d\u00e9couvrirez plus loin.<\/em><\/p><\/blockquote><h4 class=\"wp-block-heading\"><strong>2. Caract\u00e9ristiques de la solution et du produit<\/strong><\/h4><p>Apr\u00e8s avoir d\u00e9fini le probl\u00e8me, d\u00e9crivez la solution (c'est-\u00e0-dire votre produit) et les caract\u00e9ristiques qu'elle doit comporter.<\/p><figure class=\"wp-block-image\"><img decoding=\"async\" src=\"https:\/\/cdn-images-1.medium.com\/max\/960\/1*rek0inZkvE1QrLBtxekDhA.png\" alt=\"\"\/><\/figure><p>Certains de nos clients viennent nous voir avec des croquis qui montrent comment ils aimeraient que leur produit soit. Ils ont d\u00e9j\u00e0 une id\u00e9e de ce qu'ils veulent - en ce qui concerne l'esth\u00e9tique, la fonction et les caract\u00e9ristiques - ils ont juste besoin que quelqu'un con\u00e7oive la solution pour eux.<\/p><p>Mais vous n'avez pas n\u00e9cessairement besoin d'avoir une solution avant de cr\u00e9er votre pr\u00e9sentation. Parfois, lorsque les clients r\u00e9fl\u00e9chissent \u00e0 un probl\u00e8me en d\u00e9tail mais ne savent pas comment le r\u00e9soudre, ils peuvent d\u00e9cider de travailler avec une soci\u00e9t\u00e9 de conception de produits telle que Jaycon pour les aider \u00e0 le r\u00e9soudre.<\/p><figure class=\"wp-block-image\"><img decoding=\"async\" src=\"https:\/\/cdn-images-1.medium.com\/max\/960\/0*8xvpVAFxJ7U1CU51\" alt=\"\"\/><\/figure><figure class=\"wp-block-image\"><img decoding=\"async\" src=\"https:\/\/cdn-images-1.medium.com\/max\/960\/0*RxIdRVnTCMNfu-i3\" alt=\"\"\/><\/figure><figure class=\"wp-block-image\"><img decoding=\"async\" src=\"https:\/\/cdn-images-1.medium.com\/max\/960\/0*QY5CU5bz9dvMrGoc\" alt=\"\"\/><\/figure><p>Voici ce qu'il faut garder \u00e0 l'esprit lorsque vous d\u00e9crivez votre solution au probl\u00e8me que vous essayez de r\u00e9soudre :<\/p><p><strong>Inclure suffisamment d'images et\/ou une description verbale d\u00e9taill\u00e9e :<\/strong>&nbsp;Les images valent mille mots. Veillez donc \u00e0 les inclure pour d\u00e9crire votre produit. Par exemple, si votre produit est dot\u00e9 d'une fonction d'encliquetage, incluez une photo de cette fonction - peut-\u00eatre avez-vous un type de produit sp\u00e9cifique en t\u00eate. D\u00e9crivez l'aspect, la sensation et le fonctionnement du produit. Si vous n'avez pas de solution sp\u00e9cifique en t\u00eate, d\u00e9crivez les caract\u00e9ristiques que vous recherchez en incluant des exemples de concurrents.<\/p><p><strong>\u00c9tablissez un ordre de priorit\u00e9 pour vos fonctionnalit\u00e9s :<\/strong>&nbsp;Il est utile de classer vos fonctionnalit\u00e9s par ordre d'importance. Si vous venez de commencer \u00e0 travailler sur ce projet, vous ne savez peut-\u00eatre pas encore quelles sont les fonctionnalit\u00e9s les plus importantes pour l'utilisateur final - et le fait d'avoir trop de fonctionnalit\u00e9s d\u00e8s le d\u00e9part peut s'av\u00e9rer co\u00fbteux lors du d\u00e9veloppement d'un produit. C'est pourquoi vous devez commencer par en s\u00e9lectionner quelques-unes. Si le principal facteur d'attractivit\u00e9 de votre produit par rapport \u00e0 celui d'un concurrent est le fait d'avoir les mains libres, il s'agit alors de votre caract\u00e9ristique prioritaire - les autres caract\u00e9ristiques devenant alors secondaires.<\/p><p><strong>Couvrir \u00e0 la fois la fonctionnalit\u00e9 et la conception :<\/strong>&nbsp;En plus de d\u00e9crire le fonctionnement de votre produit, d\u00e9crivez l'apparence que vous souhaitez lui donner. Le fait de comprendre le style que vous recherchez aidera les concepteurs industriels \u00e0 trouver des concepts pertinents pour l'apparence de votre produit. Si vous envisagez un design vintage pour votre produit, nous devons le savoir afin de ne pas nous efforcer d'obtenir un look futuriste.<\/p><blockquote class=\"wp-block-quote is-layout-flow wp-block-quote-is-layout-flow\"><p><strong><em>Conseil : Cr\u00e9ez un MVP.&nbsp;<\/em><\/strong><em>Comme vous ne savez peut-\u00eatre pas quelles fonctionnalit\u00e9s seront int\u00e9gr\u00e9es \u00e0 la version finale de votre produit, il est judicieux de cr\u00e9er un MVP, ou produit minimum viable, pour tester les principales fonctionnalit\u00e9s de votre conception et recueillir les r\u00e9actions des utilisateurs potentiels avant de cr\u00e9er un prototype. Un MVP est une version tr\u00e8s simple d'un prototype qui co\u00fbte beaucoup moins cher qu'un prototype complet. La cr\u00e9ation d'un MVP vous aidera \u00e0 comprendre quelles sont les fonctionnalit\u00e9s qui importent le plus \u00e0 vos utilisateurs finaux, ce qui vous permettra d'allouer des ressources uniquement \u00e0 ce qui est pertinent.<\/em><\/p><\/blockquote><h4 class=\"wp-block-heading\"><strong>3. Esth\u00e9tique, prix et r\u00e9sum\u00e9<\/strong><\/h4><p>C'est dans cette partie du document que vous indiquez toute inspiration esth\u00e9tique et le prix de vente au d\u00e9tail auquel vous souhaitez vendre votre produit fini une fois qu'il aura \u00e9t\u00e9 fabriqu\u00e9. Incluez \u00e9galement un bref r\u00e9sum\u00e9 du produit, sous la forme d'une liste de puces r\u00e9sumant les caract\u00e9ristiques recherch\u00e9es, ainsi que les fourchettes ou niveaux de prix au cas o\u00f9 vous auriez plus d'une variante d'un produit.<\/p><figure class=\"wp-block-image\"><img decoding=\"async\" src=\"https:\/\/cdn-images-1.medium.com\/max\/960\/1*WTonfS027YMauYd87HweFQ.png\" alt=\"\"\/><\/figure><figure class=\"wp-block-image\"><img decoding=\"async\" src=\"https:\/\/cdn-images-1.medium.com\/max\/960\/1*XUn9MKW7gMdUX-IeDfOxag.png\" alt=\"\"\/><\/figure><p>L'objectif du r\u00e9sum\u00e9 est de laisser \u00e0 votre bureau d'\u00e9tudes une \"conclusion\" qui offre une vue d'ensemble \u00e0 laquelle nous pouvons rapidement nous r\u00e9f\u00e9rer. Le prix est important car il nous permet d'\u00e9valuer comment vous aider \u00e0 hi\u00e9rarchiser les caract\u00e9ristiques et le nombre \u00e0 inclure.<\/p><blockquote class=\"wp-block-quote is-layout-flow wp-block-quote-is-layout-flow\"><p><strong><em>Conseil : Les co\u00fbts de conception, de fabrication et les prix de vente au d\u00e9tail sont trois choses distinctes.<\/em><\/strong><em>&nbsp;Ne confondez pas le prix de vente au d\u00e9tail souhait\u00e9 pour votre produit avec le prix qui sera factur\u00e9 pour la conception ou le prototypage. Nous concevons, mais nous fabriquons \u00e9galement, et il est donc courant que nous appliquions les principes de conception pour la fabrication (DFM) pendant la phase de conception afin d'atteindre un certain niveau de prix de fabrication. Le prix de d\u00e9tail souhait\u00e9 nous permet d'\u00eatre plus audacieux ou plus prudents avec certaines caract\u00e9ristiques. Par exemple, l'ajout de coins tr\u00e8s pointus dans un produit en plastique augmentera le co\u00fbt de fabrication par rapport \u00e0 des coins arrondis. Cela s'explique principalement par le fait que l'outillage utilis\u00e9 devra \u00eatre soumis \u00e0 un processus sp\u00e9cial appel\u00e9 EDM (electrical discharge machining), qui peut co\u00fbter presque deux fois plus cher que l'outillage normal. En fonction des exigences et du niveau de prix du produit, nous pouvons d\u00e9cider d'inclure ou non des angles vifs pendant la phase de conception.<\/em><\/p><\/blockquote><h4 class=\"wp-block-heading\"><strong>4. Les concurrents<\/strong><\/h4><p>Les informations sur les concurrents sont importantes pour savoir quelle gamme de produits nous essayons d'am\u00e9liorer et comment y parvenir sans r\u00e9inventer la roue. Avec un peu de recherche, nous pouvons nous r\u00e9f\u00e9rer aux produits des concurrents et r\u00e9duire les co\u00fbts et le temps de R&amp;D en utilisant l'ing\u00e9nierie inverse. Nous pouvons \u00e9galement nous pencher sur leur pr\u00e9sence en ligne et lire les commentaires sur les produits pour voir ce dont les clients ne sont pas satisfaits et que nous pourrions corriger.<\/p><figure class=\"wp-block-image\"><img decoding=\"async\" src=\"https:\/\/cdn-images-1.medium.com\/max\/960\/1*-ZLwcjhZlV_OcBR0GxAMBA.png\" alt=\"\"\/><\/figure><p>Nous aimons voir les d\u00e9tails de trois \u00e0 cinq produits concurrents. Un petit tableau avec des lignes et des colonnes repr\u00e9sentant ces informations est utile. Voici ce que nous devons savoir sur chaque produit :<\/p><ul class=\"wp-block-list\"><li>Nom de l'entreprise et site web<\/li><li>Nom du produit<\/li><li>Image du produit<\/li><li>Lien vers le produit<\/li><li>Prix de d\u00e9tail<\/li><li>Caract\u00e9ristiques technologiques pertinentes, telles que la consommation d'\u00e9nergie, la dur\u00e9e de vie de la batterie, la plage de temp\u00e9rature, le volume audio le plus \u00e9lev\u00e9, etc.<\/li><li>Arguments de vente uniques (USP) - notez ici si le produit d'un concurrent est peu co\u00fbteux par rapport \u00e0 d'autres produits sur le march\u00e9, s'il peut \u00eatre command\u00e9 \u00e0 distance, s'il est l\u00e9ger ou portable, s'il est dot\u00e9 d'un syst\u00e8me d'arr\u00eat automatique, etc.<\/li><\/ul><h3 class=\"wp-block-heading\">Ce qu'il faut faire et ce qu'il ne faut pas faire pour pr\u00e9senter votre id\u00e9e de produit<\/h3><p>Voici une liste rapide des choses \u00e0 faire et \u00e0 ne pas faire, bas\u00e9e sur les questions et les commentaires les plus fr\u00e9quents de nos clients.<\/p><h4 class=\"wp-block-heading\"><strong>Ce qu'il faut faire<\/strong><\/h4><p><strong>Utilisez un logiciel de publication avec lequel vous vous sentez \u00e0 l'aise pour cr\u00e9er votre pr\u00e9sentation.&nbsp;<\/strong>Les clients nous ont pr\u00e9sent\u00e9 leurs id\u00e9es sous diff\u00e9rentes formes. Il n'existe pas de m\u00e9thode unique, mais toutes les bonnes pr\u00e9sentations comportent les sections d\u00e9crites ci-dessus. Dans l'ensemble, le moyen de communication n'a pas d'importance tant que vous \u00e9noncez clairement les informations que vous souhaitez communiquer \u00e0 votre agence de design. D'apr\u00e8s notre exp\u00e9rience, Google Slides, la version gratuite de Powerpoint, fonctionne bien, mais vous pouvez choisir le programme qui vous convient le mieux.<\/p><p><strong>Inclure autant de visuels que possible.&nbsp;<\/strong>Plus vous avez de visuels, mieux c'est, mais pas seulement pour le plaisir d'avoir des images. Les images nous aident \u00e0 comprendre votre id\u00e9e. Veillez donc \u00e0 inclure des photos de produits concurrents et des \u00e9l\u00e9ments ou caract\u00e9ristiques cl\u00e9s du produit que vous souhaitez am\u00e9liorer. Si possible, incluez des photos de produits concurrents en action.<\/p><p><strong>Limitez la quantit\u00e9 de texte que vous incluez.<\/strong>&nbsp;Vous pouvez donner quelques d\u00e9tails et explications dans la section \"notes\" de la pr\u00e9sentation, mais n'alourdissez pas trop le texte. Vous devriez avoir l'occasion de converser avec l'entreprise au sujet de la pr\u00e9sentation et vous pourrez alors entrer dans les d\u00e9tails.<\/p><p><strong>Organisez une r\u00e9union pour discuter de votre id\u00e9e et de votre pr\u00e9sentation.&nbsp;<\/strong>Vous devriez toujours avoir une r\u00e9union en personne, une conversation t\u00e9l\u00e9phonique ou un chat vid\u00e9o pour discuter de votre id\u00e9e de produit et de la pr\u00e9sentation correspondante. N'essayez pas de discuter de votre pr\u00e9sentation par courrier \u00e9lectronique ou tout autre syst\u00e8me de messagerie. Si quelqu'un est local, nous nous asseyons g\u00e9n\u00e9ralement dans une r\u00e9union avec un prototype qu'il a produit ou un produit concurrent. Toutefois, beaucoup de nos clients ne sont pas de la ville et, dans ce cas, nous organisons un chat vid\u00e9o ou un appel t\u00e9l\u00e9phonique. Mais nous devons absolument disposer d'informations pr\u00e9alables auxquelles nous r\u00e9f\u00e9rer, comme une br\u00e8ve pr\u00e9sentation similaire \u00e0 celle que nous avons d\u00e9crite dans cet article, afin de savoir de quoi le client parle. De plus, il est utile pour nos chefs de projet d'avoir quelque chose \u00e0 examiner avant de r\u00e9diger un cahier des charges, qui dicte l'orientation du projet.<\/p><h4 class=\"wp-block-heading\">Ce qu'il ne faut pas faire<\/h4><p>Nous avons vu des pr\u00e9sentations d'id\u00e9es de produits bien pens\u00e9es qui ont abouti \u00e0 des conceptions efficaces et efficientes. Nous avons \u00e9galement rencontr\u00e9 des clients qui avaient eu une id\u00e9e g\u00e9niale, mais qui n'avaient pas suffisamment r\u00e9fl\u00e9chi avant d'en discuter avec nous. Les clients potentiels qui font partie de ce dernier groupe sont plus susceptibles d'\u00eatre frustr\u00e9s et de partir sans avoir obtenu de devis - uniquement parce que nous n'avions pas assez d'informations pour travailler. Pour que vous puissiez profiter au mieux de notre temps et de votre exp\u00e9rience, voici quelques conseils \u00e0 ne pas suivre :<\/p><p><strong>Ne demandez pas de devis sans fournir suffisamment de d\u00e9tails<\/strong>. Nous ne pourrons tout simplement pas vous donner une estimation des co\u00fbts sans une quantit\u00e9 raisonnable d'informations sur ce que vous voulez que nous concevions.<\/p><p><strong>Ne pr\u00e9sentez pas votre id\u00e9e par t\u00e9l\u00e9phone sans aucun \u00e9l\u00e9ment visuel suppl\u00e9mentaire.<\/strong>&nbsp;Des personnes ont essay\u00e9 de nous parler au t\u00e9l\u00e9phone et d'expliquer leur id\u00e9e sans aucune information tangible ni pr\u00e9sentation. Cela ne fonctionne pas. Nous avons besoin d'une base de travail pour d\u00e9marrer votre projet. Envoyez-nous des images par courrier \u00e9lectronique et nous pourrons alors convenir d'un rendez-vous.<\/p><p><strong>Ne donnez pas une id\u00e9e trop large du produit et ne demandez pas \u00e0 l'agence de design de choisir n'importe quel design ou n'importe quelle orientation esth\u00e9tique.<\/strong>. Dire \u00e0 votre soci\u00e9t\u00e9 de conception de \"pr\u00e9senter quelques mod\u00e8les\" ne nous donne pas suffisamment d'indications pour d\u00e9terminer comment cr\u00e9er un mod\u00e8le efficace qui r\u00e9soudra un probl\u00e8me. Si nous devions proposer dix id\u00e9es, dont aucune ne vous pla\u00eet, vous perdriez votre temps et votre argent. Votre id\u00e9e doit \u00eatre soumise \u00e0 certaines contraintes.<\/p><p>Article original : https:\/\/www.jayconsystems.com\/tutorials\/how-to-present-your-product-idea-to-a-design-firm-17\/<\/p>","protected":false},"excerpt":{"rendered":"<p>How to Present Your Product Idea to a Design&nbsp;FirmYou have a product idea you want to take to market. Now&nbsp;what?Aspiring entrepreneur, tinker, engineer\u2026Your mind runs 1,000 miles per hour thinking of the many different ways you can improve your environment. Just recently you have come up with a product idea that you know can benefit [&hellip;]<\/p>\n","protected":false},"author":11,"featured_media":0,"parent":0,"menu_order":0,"comment_status":"closed","ping_status":"closed","template":"","meta":{"footnotes":""},"class_list":["post-2432","page","type-page","status-publish","hentry"],"blocksy_meta":{"styles_descriptor":{"styles":{"desktop":"","tablet":"","mobile":""},"google_fonts":[],"version":6}},"_links":{"self":[{"href":"https:\/\/www.plasticmoulds.net\/fr\/wp-json\/wp\/v2\/pages\/2432","targetHints":{"allow":["GET"]}}],"collection":[{"href":"https:\/\/www.plasticmoulds.net\/fr\/wp-json\/wp\/v2\/pages"}],"about":[{"href":"https:\/\/www.plasticmoulds.net\/fr\/wp-json\/wp\/v2\/types\/page"}],"author":[{"embeddable":true,"href":"https:\/\/www.plasticmoulds.net\/fr\/wp-json\/wp\/v2\/users\/11"}],"replies":[{"embeddable":true,"href":"https:\/\/www.plasticmoulds.net\/fr\/wp-json\/wp\/v2\/comments?post=2432"}],"version-history":[{"count":0,"href":"https:\/\/www.plasticmoulds.net\/fr\/wp-json\/wp\/v2\/pages\/2432\/revisions"}],"wp:attachment":[{"href":"https:\/\/www.plasticmoulds.net\/fr\/wp-json\/wp\/v2\/media?parent=2432"}],"curies":[{"name":"wp","href":"https:\/\/api.w.org\/{rel}","templated":true}]}}