{"id":2218,"date":"2018-09-16T11:18:00","date_gmt":"2018-09-16T03:18:00","guid":{"rendered":"https:\/\/plasticmoulds.net\/?page_id=2218"},"modified":"2021-05-29T16:19:45","modified_gmt":"2021-05-29T08:19:45","slug":"commande-de-moules-en-chine","status":"publish","type":"page","link":"https:\/\/www.plasticmoulds.net\/fr\/order-mould-from-china","title":{"rendered":"Commande de moules en Chine"},"content":{"rendered":"<h2><span style=\"color: #008080;\">Comment commander un moule en plastique en Chine ?<\/span><\/h2><p>Malheureusement, il n'existe pas de politique pr\u00e9d\u00e9finie en mati\u00e8re de <a href=\"https:\/\/plasticmoulds.net\/buy-plastic-mold-from-china\">Comment acheter un nouveau moule \u00e0 injection en Chine<\/a>.<\/p><p>En lisant le <a href=\"https:\/\/plasticmoulds.net\/plastic-mold-procurement-process.html\">proc\u00e9dure<\/a>Il faut cependant noter ce qui fonctionne et ce qui ne fonctionne pas et \u00e9crire cette liste de contr\u00f4le ; la prochaine fois, vous pourrez assigner une commande et la cr\u00e9er plus facilement.<\/p><p>Lorsque vous commencez, vous devez d\u00e9finir vos priorit\u00e9s.<\/p><div style=\"width: 640px;\" class=\"wp-video\"><video class=\"wp-video-shortcode\" id=\"video-2218-1\" width=\"640\" height=\"360\" preload=\"metadata\" controls=\"controls\"><source type=\"video\/mp4\" src=\"https:\/\/res.cloudinary.com\/dl8a9jvpa\/video\/upload\/v1572574321\/plastic%20mold.mp4?_=1\" \/><a href=\"https:\/\/res.cloudinary.com\/dl8a9jvpa\/video\/upload\/v1572574321\/plastic%20mold.mp4\" target=\"_blank\" rel=\"noopener\">https:\/\/res.cloudinary.com\/dl8a9jvpa\/video\/upload\/v1572574321\/plastic%20mold.mp4<\/a><\/video><\/div><p>Ne vous pr\u00e9occupez pas de l'outillage \u00e0 ce stade - cela ne vous aidera pas vraiment \u00e0 maintenir les co\u00fbts \u00e0 un niveau bas.<\/p><p>Au contraire, vous devez commencer par un co\u00fbt de produit appropri\u00e9, ainsi qu'une quantit\u00e9 annuelle pr\u00e9vue.<\/p><p>Ces donn\u00e9es seront certainement utilis\u00e9es pour d\u00e9terminer la quantit\u00e9 de cavit\u00e9s n\u00e9cessaires et les exigences de la machine d'injection plastique.<\/p><p>Avec ces \u00e9l\u00e9ments en t\u00eate, vous pouvez \u00e9laborer une <a href=\"https:\/\/plasticmoulds.net\/contact-us\">devis<\/a> des prix des produits et d\u00e9terminez les r\u00e9sultats dont vous avez besoin pour obtenir des gains sur la fabrication.<\/p><p><img loading=\"lazy\" decoding=\"async\" class=\"alignnone wp-image-3237\" src=\"https:\/\/plasticmoulds.net\/wp-content\/uploads\/2020\/04\/plastic-mold-4_rxsrow_n3bpql_sufjxm.jpg\" alt=\"moule en plastique\" width=\"874\" height=\"320\" srcset=\"https:\/\/www.plasticmoulds.net\/wp-content\/uploads\/2020\/04\/plastic-mold-4_rxsrow_n3bpql_sufjxm.jpg 874w, https:\/\/www.plasticmoulds.net\/wp-content\/uploads\/2020\/04\/plastic-mold-4_rxsrow_n3bpql_sufjxm-300x110.jpg 300w, https:\/\/www.plasticmoulds.net\/wp-content\/uploads\/2020\/04\/plastic-mold-4_rxsrow_n3bpql_sufjxm-768x281.jpg 768w\" sizes=\"auto, (max-width: 874px) 100vw, 874px\" \/><\/p><p>Ces informations constituent le strict minimum n\u00e9cessaire pour commencer \u00e0 d\u00e9finir les sp\u00e9cifications de votre tout nouveau moule d'injection.<\/p><p>Il est bon de comparer les co\u00fbts des moules chinois et des moules am\u00e9ricains ou europ\u00e9ens en gardant cette id\u00e9e \u00e0 l'esprit r\u00e9guli\u00e8rement, afin d'\u00eatre s\u00fbr de faire le bon choix. <a href=\"https:\/\/plasticmoulds.net\/9-tips-make-to-buy-plastic-mold-from-china-easily.html\">les \u00e9conomies les plus importantes sont r\u00e9alisables<\/a>.<\/p><p>N'oubliez pas que le prix du moule en lui-m\u00eame n'est pas ce qui importe, mais que vous devez plut\u00f4t tenir compte du taux de co\u00fbt de ce qui sera certainement fabriqu\u00e9 avec le moule.<\/p><p>Le moule peut \u00eatre modifi\u00e9 en fonction de cela - par exemple, si vous construisez seulement <a href=\"https:\/\/plasticmoulds.net\/injection-molding-company\">une faible quantit\u00e9 de produit<\/a>A ce moment-l\u00e0, le co\u00fbt du moule repr\u00e9sentera une grande partie du prix du produit.<\/p><p>Dans ce cas, vous devez essayer d'abaisser le taux de moulage en r\u00e9duisant la quantit\u00e9 de cavit\u00e9s ou en envisageant un moule non durci ou un moule en aluminium.<\/p><p><img loading=\"lazy\" decoding=\"async\" class=\"aligncenter wp-image-3238\" src=\"https:\/\/plasticmoulds.net\/wp-content\/uploads\/2020\/04\/mmexport1502669208636_1-1_ddwaqu-1.jpg\" alt=\"fabricant chinois de moules en plastique\" width=\"795\" height=\"596\" srcset=\"https:\/\/www.plasticmoulds.net\/wp-content\/uploads\/2020\/04\/mmexport1502669208636_1-1_ddwaqu-1.jpg 500w, https:\/\/www.plasticmoulds.net\/wp-content\/uploads\/2020\/04\/mmexport1502669208636_1-1_ddwaqu-1-300x225.jpg 300w\" sizes=\"auto, (max-width: 795px) 100vw, 795px\" \/><\/p><p>Plusieurs autres facteurs sont importants pour une pr\u00e9sentation parfaite du produit.<\/p><p>A partir de la <a href=\"https:\/\/plasticmoulds.net\/design#wall-thickness\">\u00e9paisseur de la paroi<\/a> et la longueur de l'\u00e9coulement en fonction de la pression requise et de la longueur de l'\u00e9coulement. <a href=\"https:\/\/plasticmoulds.net\/identify-the-plastic-material.html\">r\u00e9sine pr\u00e9vue<\/a>Il convient de prendre en consid\u00e9ration un grand nombre d'entre eux.<\/p><p>Par exemple, si des pressions d'injection \u00e9lev\u00e9es sont n\u00e9cessaires, plus de <a href=\"https:\/\/plasticmoulds.net\/gates-design.html\">portes<\/a> sera certainement n\u00e9cessaire pour att\u00e9nuer une partie du stress.<\/p><p>Lorsque vous consultez des producteurs de moules chinois, il est judicieux de leur demander s'ils ont l'habitude de fabriquer les types de moules dont vous avez besoin.<\/p><p>Vous devriez \u00e9galement consulter les \u00e9valuations d'anciens clients qui se sont approvisionn\u00e9s en Chine et, si possible, visiter leurs installations pour voir par vous-m\u00eame comment ils fabriquent les moules en plastique, l'outillage et le secteur de la fabrication.<\/p><p>Vous aurez ainsi une id\u00e9e des ressources qu'ils consacrent \u00e0 la cr\u00e9ation de moules, ce qui vous permettra de v\u00e9rifier s'ils sont en mesure de produire les v\u00f4tres.<\/p>","protected":false},"excerpt":{"rendered":"<p>How do I go about ordering a plastic mold from China?Regrettably, there are no preset policies for how to buy a new injection mold from China.As you read the procedure, though, you must note down what jobs work and what doesn&#8217;t and write down this checklist; the next time, you could assign an order and [&hellip;]<\/p>\n","protected":false},"author":11,"featured_media":0,"parent":0,"menu_order":0,"comment_status":"closed","ping_status":"closed","template":"","meta":{"footnotes":""},"class_list":["post-2218","page","type-page","status-publish","hentry"],"blocksy_meta":{"styles_descriptor":{"styles":{"desktop":"","tablet":"","mobile":""},"google_fonts":[],"version":6}},"_links":{"self":[{"href":"https:\/\/www.plasticmoulds.net\/fr\/wp-json\/wp\/v2\/pages\/2218","targetHints":{"allow":["GET"]}}],"collection":[{"href":"https:\/\/www.plasticmoulds.net\/fr\/wp-json\/wp\/v2\/pages"}],"about":[{"href":"https:\/\/www.plasticmoulds.net\/fr\/wp-json\/wp\/v2\/types\/page"}],"author":[{"embeddable":true,"href":"https:\/\/www.plasticmoulds.net\/fr\/wp-json\/wp\/v2\/users\/11"}],"replies":[{"embeddable":true,"href":"https:\/\/www.plasticmoulds.net\/fr\/wp-json\/wp\/v2\/comments?post=2218"}],"version-history":[{"count":0,"href":"https:\/\/www.plasticmoulds.net\/fr\/wp-json\/wp\/v2\/pages\/2218\/revisions"}],"wp:attachment":[{"href":"https:\/\/www.plasticmoulds.net\/fr\/wp-json\/wp\/v2\/media?parent=2218"}],"curies":[{"name":"wp","href":"https:\/\/api.w.org\/{rel}","templated":true}]}}