{"id":10706,"date":"2023-06-07T12:12:26","date_gmt":"2023-06-07T04:12:26","guid":{"rendered":"https:\/\/plasticmoulds.net\/?p=10706"},"modified":"2023-07-16T19:43:46","modified_gmt":"2023-07-16T11:43:46","slug":"developpement-de-nouvelles-pieces-en-plastique-un-guide-complet","status":"publish","type":"page","link":"https:\/\/www.plasticmoulds.net\/fr\/developing-new-plastic-parts-a-comprehensive-guide","title":{"rendered":"D\u00e9veloppement de nouvelles pi\u00e8ces en plastique : Un guide complet"},"content":{"rendered":"<p>Le d\u00e9veloppement de nouvelles pi\u00e8ces en plastique n\u00e9cessite une approche approfondie et syst\u00e9matique afin de garantir la r\u00e9ussite de la conception, de la fabrication et de la mise en \u0153uvre. De la d\u00e9finition des exigences aux proc\u00e9dures d'essai et de contr\u00f4le de la qualit\u00e9, chaque \u00e9tape joue un r\u00f4le essentiel. Dans cet article, nous allons approfondir chaque \u00e9tape du d\u00e9veloppement de nouvelles pi\u00e8ces en plastique, en fournissant des informations et des conseils tout au long du processus.<\/p><nav class=\"wp-block-stackable-table-of-contents stk-block-table-of-contents stk-block stk-a7b1535\" data-block-id=\"a7b1535\"><p class=\"stk-table-of-contents__title\">Table des mati\u00e8res<\/p><ul class=\"stk-table-of-contents__table\"><li><a href=\"#establish-clear-requirements-and-objectives\">\u00c9tablir des exigences et des objectifs clairs :<\/a><\/li><li><a href=\"#conceptual-design\">Design conceptuel :<\/a><\/li><li><a href=\"#material-selection\">S\u00e9lection des mat\u00e9riaux :<\/a><\/li><li><a href=\"#design-validation\">Validation de la conception :<\/a><\/li><li><a href=\"#tooling-and-manufacturing\">Outillage et fabrication :<\/a><\/li><li><a href=\"#injection-molding\">Moulage par injection :<\/a><\/li><li><a href=\"#testing-and-quality-control\">Essais et contr\u00f4le de la qualit\u00e9 :<\/a><\/li><li><a href=\"#implementation-and-feedback\">Mise en \u0153uvre et retour d'information :<\/a><\/li><li><a href=\"#conclusion\">Conclusion :<\/a><\/li><\/ul><\/nav><h2 class=\"wp-block-heading\" id=\"establish-clear-requirements-and-objectives\">\u00c9tablir des exigences et des objectifs clairs :<\/h2><p>L'\u00e9tape initiale du d\u00e9veloppement des pi\u00e8ces en plastique consiste \u00e0 d\u00e9finir clairement les exigences et les objectifs, y compris les applications pr\u00e9vues, les exigences de fonctionnalit\u00e9, les dimensions, les exigences de r\u00e9sistance, les propri\u00e9t\u00e9s souhait\u00e9es, les conditions environnementales, les exigences de conformit\u00e9 aux r\u00e9glementations, etc. Une connaissance approfondie de tous ces \u00e9l\u00e9ments permet d'\u00e9tablir une base solide pour les processus de conception et de fabrication \u00e0 venir.<\/p><p>Il est imp\u00e9ratif d'impliquer les parties prenantes, notamment les ing\u00e9nieurs, les concepteurs et les utilisateurs finaux, pendant la phase de d\u00e9finition des besoins, afin de recueillir des informations et des points de vue qui garantissent que votre conception r\u00e9pond aux crit\u00e8res souhait\u00e9s et atteint les r\u00e9sultats escompt\u00e9s. En associant \u00e0 cet effort des experts comp\u00e9tents qui comprennent les besoins du public cible, vous pouvez vous assurer que les r\u00e9sultats souhait\u00e9s de la conception seront atteints.<\/p><h2 class=\"wp-block-heading\" id=\"conceptual-design\">Design conceptuel :<\/h2><figure class=\"wp-block-image size-large\"><a href=\"https:\/\/plasticmoulds.net\/wp-content\/uploads\/2022\/03\/15.jpg\"><img loading=\"lazy\" decoding=\"async\" width=\"1024\" height=\"768\" src=\"https:\/\/plasticmoulds.net\/wp-content\/uploads\/2022\/03\/15-1024x768.jpg\" alt=\"\" class=\"wp-image-6835\" srcset=\"https:\/\/www.plasticmoulds.net\/wp-content\/uploads\/2022\/03\/15-1024x768.jpg 1024w, https:\/\/www.plasticmoulds.net\/wp-content\/uploads\/2022\/03\/15-300x225.jpg 300w, https:\/\/www.plasticmoulds.net\/wp-content\/uploads\/2022\/03\/15-768x576.jpg 768w, https:\/\/www.plasticmoulds.net\/wp-content\/uploads\/2022\/03\/15.jpg 1080w\" sizes=\"auto, (max-width: 1024px) 100vw, 1024px\" \/><\/a><\/figure><p>Sur la base de vos exigences, l'\u00e9tape suivante consiste \u00e0 concevoir la pi\u00e8ce en plastique. Il s'agit de traduire vos exigences en formes visuelles \u00e0 l'aide d'un logiciel de conception assist\u00e9e par ordinateur (CAO) afin que les concepteurs puissent produire des mod\u00e8les en 3D qui illustrent la forme et les exigences d'assemblage de la pi\u00e8ce.<\/p><p><strong>Logiciel de conception :<\/strong><\/p><ul class=\"wp-block-list\"><li><a href=\"https:\/\/www.solidworks.com\/\" target=\"_blank\" rel=\"noreferrer noopener\"> SolidWorks<\/a>, <\/li><li>AutoCAD, <\/li><li>Fusion 360 <\/li><li><a href=\"https:\/\/www.autodesk.com\/products\/moldflow\/overview\" target=\"_blank\" rel=\"noreferrer noopener\">Flux de moulage<\/a>: <\/li><li><a href=\"https:\/\/plm.sw.siemens.com\/en-US\/nx\/\" target=\"_blank\" rel=\"noreferrer noopener\">Siemens NX<\/a>: <\/li><li>Solid Edge<\/li><li>CATIA<\/li><\/ul><p>Dans le cadre de la phase de conception, il est essentiel que les concepteurs revoient fr\u00e9quemment leurs dessins en tenant compte des commentaires et des r\u00e9visions, afin de les affiner davantage et de r\u00e9pondre \u00e0 toutes les exigences de mani\u00e8re ad\u00e9quate. En outre, l'identification pr\u00e9coce de tout probl\u00e8me ou obstacle li\u00e9 \u00e0 la fabrication permet de r\u00e9soudre les probl\u00e8mes plus rapidement et \u00e0 moindre co\u00fbt.<\/p><p>En ce qui concerne les formats de fichiers pour la conception de composants en plastique, les formats suivants sont couramment utilis\u00e9s :<\/p><ol class=\"wp-block-list\"><li><strong>Formats CAO<\/strong>:\n<ul class=\"wp-block-list\"><li>DWG (dessin AutoCAD)<\/li><li>DXF (Drawing Exchange Format)<\/li><li>DGN (MicroStation Design)<\/li><li>Outillage (partie)<\/li><\/ul><\/li><li><strong>Formats d'\u00e9change de mod\u00e8les 3D<\/strong>:\n<ul class=\"wp-block-list\"><li>STL (Standard Tessellation Language)<\/li><li>STEP (Standard for the Exchange of Product Data)<\/li><li>IGES (Initial Graphics Exchange Specification)<\/li><\/ul><\/li><\/ol><h2 class=\"wp-block-heading\" id=\"material-selection\">S\u00e9lection des mat\u00e9riaux :<\/h2><p>Choisir un id\u00e9al <a href=\"https:\/\/en.wikipedia.org\/wiki\/Plastic\" target=\"_blank\" rel=\"noreferrer noopener\">mati\u00e8re plastique<\/a> Le choix d'une mati\u00e8re plastique pour le d\u00e9veloppement d'une pi\u00e8ce est d'une importance vitale pour sa r\u00e9ussite. Le choix d'une mati\u00e8re plastique peut d\u00e9pendre de plusieurs consid\u00e9rations telles que les propri\u00e9t\u00e9s m\u00e9caniques souhait\u00e9es, les implications environnementales et les exigences esth\u00e9tiques, ainsi que les contraintes de co\u00fbt. Les options courantes de moulage par injection sont les suivantes <\/p><ul class=\"wp-block-list\"><li>Poly\u00e9thyl\u00e8ne (PE)<\/li><li>Polypropyl\u00e8ne (PP)<\/li><li>Chlorure de polyvinyle (PVC)<\/li><li>Poly\u00e9thyl\u00e8ne t\u00e9r\u00e9phtalate (PET)<\/li><li>Polystyr\u00e8ne (PS)<\/li><li>Acrylonitrile Butadi\u00e8ne Styr\u00e8ne (ABS)<\/li><li>Polycarbonate (PC)<\/li><li>Polyamide (PA)<\/li><li>Poly\u00e9thyl\u00e8ne t\u00e9r\u00e9phtalate glycol (PETG)<\/li><li>Fluorure de polyvinylid\u00e8ne (PVDF)<\/li><li>Polyur\u00e9thane (PU)<\/li><li>Polyoxym\u00e9thyl\u00e8ne (POM)<\/li><\/ul><p>Pour s\u00e9lectionner le mat\u00e9riau id\u00e9al, il est n\u00e9cessaire d'\u00e9valuer soigneusement les propri\u00e9t\u00e9s et les caract\u00e9ristiques de chaque option - notamment la solidit\u00e9, la durabilit\u00e9, la flexibilit\u00e9, la r\u00e9sistance \u00e0 la temp\u00e9rature, la r\u00e9sistance chimique et le co\u00fbt - en donnant la priorit\u00e9 \u00e0 une option plut\u00f4t qu'\u00e0 une autre. La consultation de fournisseurs de mat\u00e9riaux ou d'experts pour le choix d'un mat\u00e9riau appropri\u00e9 permet de s'assurer qu'il r\u00e9pond aux exigences souhait\u00e9es.<\/p><h2 class=\"wp-block-heading\" id=\"design-validation\">Validation de la conception :<\/h2><p>Apr\u00e8s avoir achev\u00e9 la phase de conception et de s\u00e9lection des mat\u00e9riaux, il devient essentiel d'effectuer un processus m\u00e9ticuleux de validation de la conception visant \u00e0 v\u00e9rifier si les fonctionnalit\u00e9s pr\u00e9vues sont respect\u00e9es avant de passer \u00e0 la production. La validation peut \u00eatre effectu\u00e9e au moyen d'un logiciel de simulation ou d'essais physiques, ou les deux, en fonction des besoins li\u00e9s \u00e0 la complexit\u00e9 du produit. <\/p><figure class=\"wp-block-image size-large\"><a href=\"https:\/\/plasticmoulds.net\/wp-content\/uploads\/2022\/04\/prototype.jpg\"><img loading=\"lazy\" decoding=\"async\" width=\"1024\" height=\"492\" src=\"https:\/\/plasticmoulds.net\/wp-content\/uploads\/2022\/04\/prototype-1024x492.jpg\" alt=\"\" class=\"wp-image-7000\" srcset=\"https:\/\/www.plasticmoulds.net\/wp-content\/uploads\/2022\/04\/prototype-1024x492.jpg 1024w, https:\/\/www.plasticmoulds.net\/wp-content\/uploads\/2022\/04\/prototype-300x144.jpg 300w, https:\/\/www.plasticmoulds.net\/wp-content\/uploads\/2022\/04\/prototype-768x369.jpg 768w, https:\/\/www.plasticmoulds.net\/wp-content\/uploads\/2022\/04\/prototype.jpg 1500w\" sizes=\"auto, (max-width: 1024px) 100vw, 1024px\" \/><\/a><\/figure><p>Les logiciels de simulation permettent d'effectuer des \u00e9valuations dans de nombreux domaines, notamment la distribution des contraintes, la moulabilit\u00e9 et d'autres aspects techniques. Ils donnent un aper\u00e7u clair de la faisabilit\u00e9 et des solutions d'optimisation en mesurant divers sc\u00e9narios et facteurs de capacit\u00e9 de charge \u00e0 un stade pr\u00e9coce avant la production, ce qui permet d'\u00e9viter les risques d'\u00e9chec qui peuvent survenir plus tard au cours du processus de d\u00e9veloppement.<\/p><p><a href=\"https:\/\/plasticmoulds.net\/rapid-prototype\" target=\"_blank\" rel=\"noreferrer noopener\">Tests physiques<\/a> aident \u00e0 valider les performances des pi\u00e8ces par rapport \u00e0 des crit\u00e8res sp\u00e9cifiques tels que les mesures de pr\u00e9cision dimensionnelle via des v\u00e9rifications du facteur de stabilit\u00e9 environnementale, des analyses de traction ou des niveaux de r\u00e9sistance aux chocs n\u00e9cessitant une confirmation pour les besoins uniques de chaque pi\u00e8ce ; ces tests garantissent en outre la conformit\u00e9 avec les r\u00e9glementations en vigueur et les niveaux de satisfaction des clients.<\/p><h2 class=\"wp-block-heading\" id=\"tooling-and-manufacturing\">Outillage et fabrication :<\/h2><p>Une fois la conception v\u00e9rifi\u00e9e, l'\u00e9tape suivante de la fabrication consiste \u00e0 cr\u00e9er l'outillage appropri\u00e9, c'est-\u00e0-dire \u00e0 concevoir et \u00e0 fabriquer les \u00e9l\u00e9ments suivants <a href=\"https:\/\/plasticmoulds.net\/what-is-plastic-mold.html\" target=\"_blank\" rel=\"noreferrer noopener\">moules d'injection<\/a> pour cette pi\u00e8ce particuli\u00e8re. Les moules d'injection jouent un r\u00f4le essentiel dans ce processus, car ils d\u00e9finissent la forme finale de la pi\u00e8ce.<\/p><p>La collaboration avec un fabricant d'outillage exp\u00e9riment\u00e9 est essentielle pour produire un moule pr\u00e9cis. Les concepteurs et les experts en outillage apporteront leur aide au cours de la production de l'outillage.<\/p><p>Ensemble, nous collaborerons \u00e9troitement \u00e0 la conception de moules optimaux, \u00e0 la s\u00e9lection des mat\u00e9riaux \u00e0 utiliser et \u00e0 l'installation de syst\u00e8mes de refroidissement et d'\u00e9jection appropri\u00e9s. La collaboration \u00e9troite comprendra \u00e9galement l'engagement d'un fabricant d'outillage exp\u00e9riment\u00e9 en tant que consultant pour toutes les questions relatives \u00e0 la conception des moules, \u00e0 la s\u00e9lection des mat\u00e9riaux et aux consid\u00e9rations de fabrication afin de rationaliser le processus de production et de maximiser la productivit\u00e9.<\/p><p>L'analyse du flux du moule (une simulation du processus de moulage par injection), effectu\u00e9e pendant la phase d'outillage, peut d\u00e9tecter des probl\u00e8mes tels que des pi\u00e8ges \u00e0 air, des lignes de soudure ou un r\u00e9tr\u00e9cissement excessif qui doivent \u00eatre r\u00e9solus afin d'am\u00e9liorer la qualit\u00e9 globale et la coh\u00e9rence des pi\u00e8ces plastiques finales produites \u00e0 partir des moules d'injection. En prenant des mesures au stade de l'outillage plut\u00f4t qu'\u00e0 un stade ult\u00e9rieur de la cha\u00eene de production, il est possible d'am\u00e9liorer consid\u00e9rablement la qualit\u00e9 et l'homog\u00e9n\u00e9it\u00e9 des pi\u00e8ces plastiques finales produites.<\/p><h2 class=\"wp-block-heading\" id=\"injection-molding\">Moulage par injection :<\/h2><p>Le moulage par injection est l'un des proc\u00e9d\u00e9s les plus <a href=\"https:\/\/plasticmoulds.net\/injection-molding-process.html\" target=\"_blank\" rel=\"noreferrer noopener\">moyens efficaces<\/a> L'injection \u00e0 haute pression permet de forcer le plastique liquide \u00e0 p\u00e9n\u00e9trer dans les cavit\u00e9s du moule et de le laisser se solidifier au fur et \u00e0 mesure qu'il refroidit et se solidifie avec le temps. Toutefois, pour obtenir une efficacit\u00e9 maximale, il faut contr\u00f4ler avec pr\u00e9cision plusieurs param\u00e8tres tels que la temp\u00e9rature et la pression avant que le temps de refroidissement ne soit atteint - tous ces param\u00e8tres doivent \u00eatre surveill\u00e9s de pr\u00e8s pour obtenir des r\u00e9sultats optimaux.<\/p><p>Le partenariat avec un fournisseur exp\u00e9riment\u00e9 dans le domaine du moulage par injection est primordial pour une bonne configuration, l'optimisation du processus et le contr\u00f4le de la qualit\u00e9 pendant la production. Ils collaboreront \u00e9troitement avec les \u00e9quipes de conception pour s\u00e9lectionner les mat\u00e9riaux adapt\u00e9s aux param\u00e8tres optimaux de moulage par injection, en fonction des propri\u00e9t\u00e9s des mat\u00e9riaux et des sp\u00e9cifications des pi\u00e8ces.<\/p><p>\u00c0 chaque \u00e9tape de la production du moulage par injection, des mesures de contr\u00f4le de la qualit\u00e9 doivent \u00eatre mises en \u0153uvre afin de surveiller la production et de garantir que les pi\u00e8ces fabriqu\u00e9es r\u00e9pondent aux normes et aux sp\u00e9cifications requises. Il peut s'agir d'inspections dimensionnelles, d'essais sur les propri\u00e9t\u00e9s des mat\u00e9riaux et d'essais fonctionnels qui v\u00e9rifient les performances et la qualit\u00e9 des pi\u00e8ces. L'utilisation de processus d'assurance qualit\u00e9 robustes permet d'identifier rapidement tout \u00e9cart ou probl\u00e8me, ce qui r\u00e9duit les d\u00e9chets tout en garantissant une qualit\u00e9 constante des pi\u00e8ces.<\/p><h2 class=\"wp-block-heading\" id=\"testing-and-quality-control\">Essais et contr\u00f4le de la qualit\u00e9 :<\/h2><p>Le d\u00e9veloppement de nouvelles pi\u00e8ces en plastique n\u00e9cessite une mise en \u0153uvre minutieuse des proc\u00e9dures d'essai et de contr\u00f4le de la qualit\u00e9 afin d'obtenir des r\u00e9sultats optimaux. Il est essentiel de valider leurs performances \u00e0 l'aide de m\u00e9thodes d'essai robustes qui examinent leur durabilit\u00e9, leur fiabilit\u00e9 et leurs propri\u00e9t\u00e9s m\u00e9caniques. Les inspections dimensionnelles garantissent la conformit\u00e9 aux sp\u00e9cifications d\u00e9finies, en plus des \u00e9valuations des propri\u00e9t\u00e9s des mat\u00e9riaux, telles que la r\u00e9sistance \u00e0 la traction, la r\u00e9sistance aux chocs ou les analyses de stabilit\u00e9 thermique, pour une meilleure compr\u00e9hension de ces qualit\u00e9s.<\/p><p>Les aspects fonctionnels des pi\u00e8ces en plastique sont tout aussi importants, car ils refl\u00e8tent les performances utilisables lorsqu'elles sont assembl\u00e9es ou ajust\u00e9es correctement selon les sp\u00e9cifications de conception, que le SPC aide \u00e0 maintenir tout au long des cycles de production en recueillant continuellement des donn\u00e9es de son champ d'application, tout en appliquant des m\u00e9thodologies \u00e9tablies \u00e0 cet effet.<br>Enfin, mais non moins important, il convient d'accorder une attention particuli\u00e8re aux performances \u00e0 long terme, ce qui n'est possible qu'en recalibrant efficacement les mat\u00e9riaux choisis apr\u00e8s avoir effectu\u00e9 des tests de vieillissement acc\u00e9l\u00e9r\u00e9. Les facteurs de stress environnementaux, tels que l'exposition aux \u00e9l\u00e9ments ext\u00e9rieurs, fournissent des indications sur les mesures de la dur\u00e9e de vie attendue, dans le but ultime d'offrir une plus grande valeur au consommateur.<\/p><h2 class=\"wp-block-heading\" id=\"implementation-and-feedback\">Mise en \u0153uvre et retour d'information :<\/h2><p>Une fois que les nouvelles pi\u00e8ces en plastique ont \u00e9t\u00e9 d\u00e9velopp\u00e9es et test\u00e9es avec succ\u00e8s, l'\u00e9tape suivante consiste \u00e0 les int\u00e9grer dans une application ou un produit. Vous devez surveiller les performances tout en recueillant les r\u00e9actions des utilisateurs ou des clients afin d'\u00e9valuer les niveaux de satisfaction et d'identifier les am\u00e9liorations ou les modifications n\u00e9cessaires.<\/p><p>L'am\u00e9lioration continue est la pierre angulaire du d\u00e9veloppement. Examinez et modifiez r\u00e9guli\u00e8rement les processus de conception et de fabrication en fonction du retour d'information ou des enseignements tir\u00e9s afin d'am\u00e9liorer en permanence l'efficacit\u00e9, la fiabilit\u00e9 et les performances des pi\u00e8ces en plastique.<\/p><h2 class=\"wp-block-heading\" id=\"conclusion\"><strong>Conclusion :<\/strong><\/h2><p>La production de nouvelles pi\u00e8ces en plastique n\u00e9cessite un processus organis\u00e9 et complet comprenant <a href=\"https:\/\/plasticmoulds.net\/developing-new-plastic-parts-a-comprehensive-guide.html\" target=\"_blank\" rel=\"noreferrer noopener\">de nombreuses \u00e9tapes<\/a> depuis la d\u00e9finition des besoins jusqu'aux essais et au contr\u00f4le de la qualit\u00e9. En travaillant avec des professionnels exp\u00e9riment\u00e9s et des<\/p><p>En suivant ces \u00e9tapes, vous pouvez concevoir avec succ\u00e8s de nouvelles pi\u00e8ces en plastique qui r\u00e9pondent aux applications pr\u00e9vues, en offrant fonctionnalit\u00e9, durabilit\u00e9 et fiabilit\u00e9 dans leurs applications. Dans la mesure du possible, faites participer les parties prenantes \u00e0 la validation des conceptions, \u00e0 la s\u00e9lection des mat\u00e9riaux appropri\u00e9s pour les processus de fabrication qui optimisent la productivit\u00e9, ainsi qu'\u00e0 la mise en \u0153uvre de mesures d'assurance qualit\u00e9 rigoureuses afin de produire des pi\u00e8ces de haute qualit\u00e9 qui contribuent de mani\u00e8re significative \u00e0 la r\u00e9ussite du projet.<\/p>","protected":false},"excerpt":{"rendered":"<p>Develop new plastic parts requires taking an in-depth and systematic approach in order to guarantee successful design, manufacturing and implementation. From setting requirements through testing and quality control procedures &#8211; every stage plays an integral part. In this article we&#8217;ll go deeper into each stage of developing new plastic parts, providing insights and advice along [&hellip;]<\/p>\n","protected":false},"author":1,"featured_media":0,"parent":0,"menu_order":0,"comment_status":"open","ping_status":"open","template":"","meta":{"footnotes":""},"class_list":["post-10706","page","type-page","status-publish","hentry"],"blocksy_meta":[],"_links":{"self":[{"href":"https:\/\/www.plasticmoulds.net\/fr\/wp-json\/wp\/v2\/pages\/10706","targetHints":{"allow":["GET"]}}],"collection":[{"href":"https:\/\/www.plasticmoulds.net\/fr\/wp-json\/wp\/v2\/pages"}],"about":[{"href":"https:\/\/www.plasticmoulds.net\/fr\/wp-json\/wp\/v2\/types\/page"}],"author":[{"embeddable":true,"href":"https:\/\/www.plasticmoulds.net\/fr\/wp-json\/wp\/v2\/users\/1"}],"replies":[{"embeddable":true,"href":"https:\/\/www.plasticmoulds.net\/fr\/wp-json\/wp\/v2\/comments?post=10706"}],"version-history":[{"count":0,"href":"https:\/\/www.plasticmoulds.net\/fr\/wp-json\/wp\/v2\/pages\/10706\/revisions"}],"wp:attachment":[{"href":"https:\/\/www.plasticmoulds.net\/fr\/wp-json\/wp\/v2\/media?parent=10706"}],"curies":[{"name":"wp","href":"https:\/\/api.w.org\/{rel}","templated":true}]}}