{"id":10029,"date":"2022-12-28T17:57:45","date_gmt":"2022-12-28T09:57:45","guid":{"rendered":"https:\/\/plasticmoulds.net\/?p=10029"},"modified":"2023-07-16T19:50:01","modified_gmt":"2023-07-16T11:50:01","slug":"le-secret-des-economies-et-de-la-qualite-de-la-production-pourquoi-les-entreprises-externalisent-elles-le-moulage-par-injection-en-chine","status":"publish","type":"page","link":"https:\/\/www.plasticmoulds.net\/fr\/unlock-the-secret-to-cost-savings-and-quality-production-why-companies-outsource-injection-molding-to-china","title":{"rendered":"Pourquoi les entreprises externalisent le moulage par injection en Chine !"},"content":{"rendered":"<p><mark>Les affaires, c'est tout<\/mark> sur la r\u00e9duction des co\u00fbts. Chaque entreprise, quelle que soit sa taille, cherche toujours des moyens d'\u00e9conomiser de l'argent et d'augmenter ses b\u00e9n\u00e9fices. La m\u00e9thode la plus courante aujourd'hui est l'externalisation.<\/p><p>De plus en plus, les entreprises externalisent leur production vers les usines chinoises en raison de leur rapidit\u00e9, de leur efficacit\u00e9 et de leurs bas prix. Les entreprises am\u00e9ricaines ont m\u00eame d\u00e9localis\u00e9 en Chine la production dont elles ont besoin au prix qu'elles peuvent se permettre.<\/p><h2 class=\"wp-block-heading\">Co\u00fbts du moulage par injection en Chine<\/h2><p><mark>Com<\/mark>Par rapport \u00e0 d'autres pays, la Chine a des co\u00fbts de main-d'\u0153uvre et de mati\u00e8res premi\u00e8res moins \u00e9lev\u00e9s, ce qui est l'une des raisons pour lesquelles les entreprises externalisent le moulage par injection dans ce pays. La rentabilit\u00e9 peut \u00eatre accrue en r\u00e9duisant les co\u00fbts de production. <\/p><p>Les entreprises sp\u00e9cialis\u00e9es dans la production de grandes quantit\u00e9s et qui cherchent \u00e0 r\u00e9duire leurs co\u00fbts sont particuli\u00e8rement susceptibles d'en b\u00e9n\u00e9ficier. La forte population de la Chine signifie \u00e9galement qu'il existe une main-d'\u0153uvre facilement disponible qui peut r\u00e9pondre aux besoins de votre entreprise. Cela peut contribuer \u00e0 r\u00e9duire les co\u00fbts de formation et \u00e0 accro\u00eetre la productivit\u00e9.<\/p><h2 class=\"wp-block-heading\">Qualit\u00e9 des fournisseurs chinois<\/h2><p>De nombreuses entreprises chinoises ont investi dans des \u00e9quipements de fabrication de pointe et ont form\u00e9 leurs employ\u00e9s aux derni\u00e8res techniques de fabrication, ce qui peut contribuer \u00e0 am\u00e9liorer la qualit\u00e9 de leurs produits. La Chine a \u00e9galement beaucoup investi dans la recherche et le d\u00e9veloppement, ce qui signifie que de nombreuses entreprises chinoises ont acc\u00e8s \u00e0 des technologies de pointe qui peuvent les aider \u00e0 fabriquer des produits plus innovants. C'est particuli\u00e8rement vrai pour les entreprises sp\u00e9cialis\u00e9es dans la fabrication de produits de haute technologie, tels que l'a\u00e9rospatiale, l'\u00e9lectronique et les \u00e9quipements m\u00e9dicaux.<\/p><h2 class=\"wp-block-heading\">Capacit\u00e9 de moulage par injection<\/h2><p>La Chine dispose d'un secteur manufacturier bien d\u00e9velopp\u00e9 et d'un vaste r\u00e9servoir de main-d'\u0153uvre qualifi\u00e9e. Cela permet d'augmenter les capacit\u00e9s et de r\u00e9pondre \u00e0 la demande de production de masse. Ces derni\u00e8res ann\u00e9es, la Chine s'est efforc\u00e9e d'am\u00e9liorer sa main-d'\u0153uvre. Cela s'est traduit par l'arriv\u00e9e sur le march\u00e9 du travail d'un plus grand nombre de travailleurs qualifi\u00e9s, ce qui peut stimuler la productivit\u00e9.<\/p><p>La Chine dispose \u00e9galement d'un grand nombre d'universit\u00e9s et de coll\u00e8ges techniques qui forment des dipl\u00f4m\u00e9s dans des domaines li\u00e9s \u00e0 l'ing\u00e9nierie et aux sciences, tels que l'ing\u00e9nierie, la fabrication de mat\u00e9riaux, l'a\u00e9rospatiale ou l'\u00e9lectronique.<\/p><h2 class=\"wp-block-heading\">D\u00e9lais d'ex\u00e9cution :<\/h2><p>L'externalisation en Chine permet souvent de raccourcir les d\u00e9lais par rapport \u00e0 la fabrication nationale, gr\u00e2ce \u00e0 l'infrastructure bien d\u00e9velopp\u00e9e et au fait que la Chine est situ\u00e9e plus pr\u00e8s de la plupart des grands march\u00e9s d'Asie. <\/p><p>La rapidit\u00e9 du processus de fabrication chinois est \u00e9galement importante ; de nombreuses usines chinoises peuvent livrer des produits en quelques semaines seulement. Cela peut s'av\u00e9rer particuli\u00e8rement utile pour les entreprises qui souhaitent lancer de nouveaux produits ou introduire des lignes saisonni\u00e8res, en garantissant un approvisionnement suffisant avant la date de sortie.<\/p><h2 class=\"wp-block-heading\">Exp\u00e9rience de l'industrie chinoise du moulage par injection :<\/h2><p>Les fournisseurs chinois peuvent se pr\u00e9valoir d'une grande expertise dans le secteur de la fabrication, pr\u00e9sentant une gamme compl\u00e8te de services comprenant la conception, le prototypage, la cr\u00e9ation de moules, le moulage par injection et l'assemblage. Leur exp\u00e9rience pratique est particuli\u00e8rement pr\u00e9cieuse pour les entreprises novices qui recherchent une usine capable de les orienter. En outre, de nombreux fournisseurs chinois ont \u00e9tabli des liens avec des fournisseurs locaux, ce qui leur permet de mettre les clients en relation avec des usines sp\u00e9cialis\u00e9es dans des services tels que l'emballage et l'exp\u00e9dition.<\/p><hr class=\"wp-block-separator has-alpha-channel-opacity\"\/><p>Voici un guide \u00e9tape par \u00e9tape sur le processus de moulage par injection :<\/p><ol class=\"wp-block-list\"><li>Concevoir le moule : Il s'agit de cr\u00e9er un mod\u00e8le 3D (logiciels de conception : solidworks, ug, pro-e...) du produit et du moule, en tenant compte de facteurs tels que le mat\u00e9riau (PP, PE, ABS, PA...), l'\u00e9paisseur de la paroi, la taille de la porte et le temps de refroidissement.<\/li><li>Fabriquer le moule : Le moule est g\u00e9n\u00e9ralement en acier ou en aluminium et doit \u00eatre fabriqu\u00e9 selon des sp\u00e9cifications pr\u00e9cises. Liste des aciers pour moules plastiques avec leur duret\u00e9 :\n<ul class=\"wp-block-list\"><li>Acier P20 - 28-32 HRc<\/li><li>Acier 420 - 48-52 HRc<\/li><li>Acier H13 - 48-52 HRc<\/li><li>Acier S7 - 45-49 HRc<\/li><li>Acier NAK55 - 50-55 HRc<\/li><li>Acier NAK80 - 38-43 HRc<\/li><li>Acier DC53 - 50-58 HRc<\/li><li>Acier A2 - 60-64 HRc<\/li><li>Acier D2 - 60-64 HRc<\/li><li>Note : HRc fait r\u00e9f\u00e9rence \u00e0 l'\u00e9chelle de duret\u00e9 Rockwell, qui mesure la duret\u00e9 d'un mat\u00e9riau.<\/li><\/ul><\/li><li>Installer le moule : Le moule est mont\u00e9 sur la machine de moulage par injection et serr\u00e9 entre deux plaques de la machine.<\/li><li>Chargement de la mati\u00e8re plastique : La mati\u00e8re plastique est charg\u00e9e dans la tr\u00e9mie de la machine de moulage par injection par gravit\u00e9 et certaines tr\u00e9mies essaient la mati\u00e8re plastique pendant que le moulage par injection est en cours.<\/li><li>Fusion du plastique : la mati\u00e8re plastique est fondue sous l'effet de la chaleur et de la pression \u00e0 l'int\u00e9rieur du cylindre de la machine de moulage par injection.<\/li><li>Injecter le plastique dans le moule : Le plastique fondu p\u00e9n\u00e8tre dans le moule par la buse et la carotte sous haute pression, passe par le canal, puis remplit les cavit\u00e9s du moule.<\/li><li>Refroidissement et solidification : Le moule est refroidi pour permettre au plastique de se solidifier \u00e0 l'int\u00e9rieur de la cavit\u00e9 du moule pendant un certain temps. La plupart du temps, le temps de refroidissement repr\u00e9sente les deux tiers de la dur\u00e9e totale du cycle.<\/li><li>Ouvrir le moule : Le moule est ouvert et le produit moul\u00e9 est retir\u00e9 du moule, puis le moule est ferm\u00e9 et le cycle suivant commence.<\/li><\/ol><p>Outils et mat\u00e9riaux n\u00e9cessaires : Machine de moulage par injection, moule, mati\u00e8re plastique, machine de s\u00e9chage, contr\u00f4leur de temp\u00e9rature (pour les exigences tr\u00e8s \u00e9lev\u00e9es et tr\u00e8s froides du moulage par injection).<\/p><p>La pi\u00e8ce moul\u00e9e peut pr\u00e9senter divers probl\u00e8mes, notamment un exc\u00e8s de mati\u00e8re sur les bords (<strong>Flash<\/strong>), ce qui peut affaiblir la structure. <strong>D\u00e9formation ou distorsion<\/strong> peut se produire lorsque la pi\u00e8ce moul\u00e9e ne conserve pas sa forme ou sa taille en raison d'un refroidissement in\u00e9gal. <strong>Taches noires<\/strong> sur la pi\u00e8ce moul\u00e9e sont le r\u00e9sultat d'un mauvais traitement du mat\u00e9riau ou d'une contamination. <strong>Mauvais \u00e9tat de surface<\/strong>L'apparition d'une texture ou d'une rugosit\u00e9 irr\u00e9guli\u00e8re peut \u00eatre due \u00e0 une mauvaise conception du moule ou \u00e0 une mauvaise s\u00e9lection des mat\u00e9riaux. <strong>Marques d'\u00e9vier<\/strong>Le remplissage inad\u00e9quat du moule ou une pression insuffisante pendant le moulage peuvent \u00eatre \u00e0 l'origine d'indentations dans la pi\u00e8ce moul\u00e9e. En outre, la pi\u00e8ce moul\u00e9e peut devenir <strong>difficile \u00e0 \u00e9jecter<\/strong>Il peut \u00e9galement \u00eatre endommag\u00e9 lors de l'\u00e9jection.<\/p><p>On ne saurait trop insister sur l'importance des mesures de s\u00e9curit\u00e9 dans le processus de moulage par injection. Pour \u00e9viter les blessures, les travailleurs doivent utiliser <strong>des \u00e9quipements de protection tels que des gants et des lunettes de s\u00e9curit\u00e9<\/strong> car le plastique fondu atteint des temp\u00e9ratures extr\u00eamement \u00e9lev\u00e9es, parfois jusqu'\u00e0 300 degr\u00e9s, et risque d'\u00e9clabousser. Il est essentiel que les op\u00e9rateurs re\u00e7oivent une formation ad\u00e9quate sur les proc\u00e9dures d'exploitation s\u00fbres.<\/p><h2 class=\"wp-block-heading\">\u00c0 emporter<\/h2><p>Il est important d'examiner attentivement tous les facteurs li\u00e9s \u00e0 l'externalisation en Chine, y compris la logistique, les co\u00fbts d'exp\u00e9dition et l'impact potentiel sur votre cha\u00eene d'approvisionnement. <\/p><p>Travailler avec un partenaire de sourcing r\u00e9put\u00e9 et exp\u00e9riment\u00e9 peut \u00e9galement contribuer \u00e0 garantir une exp\u00e9rience d'externalisation r\u00e9ussie et sans heurts.<\/p>","protected":false},"excerpt":{"rendered":"<p>Business is all about cutting costs. There is always a search for ways to save money and increase profits in every business, regardless of its size. The most common method of doing this today is outsourcing.Increasingly, companies are outsourcing their manufacturing to Chinese factories due to their fast pace, efficiency, and low prices. The production [&hellip;]<\/p>\n","protected":false},"author":11,"featured_media":0,"parent":0,"menu_order":0,"comment_status":"open","ping_status":"open","template":"","meta":{"footnotes":""},"class_list":["post-10029","page","type-page","status-publish","hentry"],"blocksy_meta":{"styles_descriptor":{"styles":{"desktop":"","tablet":"","mobile":""},"google_fonts":[],"version":6}},"_links":{"self":[{"href":"https:\/\/www.plasticmoulds.net\/fr\/wp-json\/wp\/v2\/pages\/10029","targetHints":{"allow":["GET"]}}],"collection":[{"href":"https:\/\/www.plasticmoulds.net\/fr\/wp-json\/wp\/v2\/pages"}],"about":[{"href":"https:\/\/www.plasticmoulds.net\/fr\/wp-json\/wp\/v2\/types\/page"}],"author":[{"embeddable":true,"href":"https:\/\/www.plasticmoulds.net\/fr\/wp-json\/wp\/v2\/users\/11"}],"replies":[{"embeddable":true,"href":"https:\/\/www.plasticmoulds.net\/fr\/wp-json\/wp\/v2\/comments?post=10029"}],"version-history":[{"count":0,"href":"https:\/\/www.plasticmoulds.net\/fr\/wp-json\/wp\/v2\/pages\/10029\/revisions"}],"wp:attachment":[{"href":"https:\/\/www.plasticmoulds.net\/fr\/wp-json\/wp\/v2\/media?parent=10029"}],"curies":[{"name":"wp","href":"https:\/\/api.w.org\/{rel}","templated":true}]}}