{"id":948,"date":"2018-01-09T11:39:35","date_gmt":"2018-01-09T03:39:35","guid":{"rendered":"https:\/\/plasticmoulds.net\/?page_id=948"},"modified":"2021-11-18T17:32:05","modified_gmt":"2021-11-18T09:32:05","slug":"fabricacion-de-moldes-de-inyeccion-de-plastico-china","status":"publish","type":"page","link":"https:\/\/www.plasticmoulds.net\/es\/make-plastic-injection-molds-china","title":{"rendered":"Por qu\u00e9 y c\u00f3mo fabricar moldes de inyecci\u00f3n de pl\u00e1stico en China"},"content":{"rendered":"<h2>\u00bfPor qu\u00e9 fabricar moldes de inyecci\u00f3n de pl\u00e1stico en China?<\/h2><p>Mucha gente asume que los moldes de inyecci\u00f3n de pl\u00e1stico chinos van a ser de mala calidad. Sin embargo, un gran n\u00famero de empresas -incluidas multinacionales- siguen optando por comprar este tipo de moldes. \u00bfSignifica eso que estas empresas son ingenuas o que cometen un error? Por supuesto que no. De hecho, los fabricantes chinos de moldes de inyecci\u00f3n pueden hacer algunos de los mejores moldes del mercado, por un precio muy inferior al que pueden ofrecer las empresas europeas y estadounidenses.<\/p><p><a href=\"https:\/\/plasticmoulds.net\/wp-content\/uploads\/2018\/01\/plastic_mould-3_1_2_kivink_tkmmzi.jpg\"><img loading=\"lazy\" decoding=\"async\" class=\"alignnone wp-image-903 size-full\" src=\"https:\/\/plasticmoulds.net\/wp-content\/uploads\/2018\/01\/plastic_mould-3_1_2_kivink_tkmmzi.jpg\" alt=\"Molde de pl\u00e1stico en China\" width=\"720\" height=\"552\" srcset=\"https:\/\/www.plasticmoulds.net\/wp-content\/uploads\/2018\/01\/plastic_mould-3_1_2_kivink_tkmmzi.jpg 720w, https:\/\/www.plasticmoulds.net\/wp-content\/uploads\/2018\/01\/plastic_mould-3_1_2_kivink_tkmmzi-300x230.jpg 300w\" sizes=\"auto, (max-width: 720px) 100vw, 720px\" \/><\/a><\/p><p>&nbsp;<\/p><p>En toda China, la industria de fabricaci\u00f3n de moldes de inyecci\u00f3n de pl\u00e1stico est\u00e1 creciendo a pasos agigantados. No s\u00f3lo cuentan con los conocimientos necesarios para fabricar moldes de inyecci\u00f3n de calidad superior, sino que tambi\u00e9n poseen excelentes conocimientos de ingl\u00e9s. Esto se extiende tambi\u00e9n a los departamentos de marketing: la mayor\u00eda de los vendedores de moldes chinos dominan el dibujo CAD y son capaces de elegir los materiales adecuados. Esto les permite acelerar el proceso de comunicaci\u00f3n entre los ingenieros asociados y el cliente.<\/p><p>Cuando se fabrica un nuevo molde de inyecci\u00f3n de pl\u00e1stico, el proceso suele empezar con un dibujo en 3D del producto. A partir de ese dibujo, los ingenieros pueden decidir c\u00f3mo fabricar el molde, teniendo en cuenta aspectos como el tama\u00f1o y la estructura del molde, el material y c\u00f3mo mantener el coste lo m\u00e1s bajo posible, todo ello sin perder de vista los requisitos del cliente. Nuestra f\u00e1brica lleva muchos a\u00f1os trabajando con m\u00faltiples empresas europeas y americanas, as\u00ed que todo lo que tiene que hacer es enviarnos sus dibujos: estaremos encantados de realizar una prueba para mostrarle lo que podemos ofrecerle.<\/p><p>La fabricaci\u00f3n de moldes existe en China desde hace m\u00e1s de 30 a\u00f1os, lo que significa que hoy en d\u00eda operan muchos fabricantes de alta calidad. Muchos de ellos poseen las mismas cualificaciones y experiencia que sus hom\u00f3logos occidentales. Aunque es posible que solo se les pague alrededor de 60% de lo que podr\u00edan ganar haciendo el mismo trabajo en Estados Unidos, seguir\u00e1n produciendo moldes de la m\u00e1xima calidad en los que realmente se puede confiar.<\/p><h2>\u00bfC\u00f3mo debo elegir un proveedor chino de moldes de inyecci\u00f3n?<\/h2><p>La principal raz\u00f3n por la que tantos clientes estadounidenses y europeos acuden a China para comprar moldes de inyecci\u00f3n de pl\u00e1stico es que su fabricaci\u00f3n es mucho m\u00e1s barata. Sin embargo, el precio no debe ser lo \u00fanico en lo que se fije; tambi\u00e9n debe tener en cuenta lo siguiente para estar seguro de que la empresa que elija va a realizar un trabajo minucioso a la hora de fabricar su molde.<\/p><ul><li>Referencias de clientes anteriores<\/li><li>&nbsp;Calidad del acero para herramientas utilizado<\/li><li>Est\u00e1ndar de su f\u00e1brica y equipamiento<\/li><li>Procesos de control de calidad y validaci\u00f3n<\/li><li>Experiencia: lo ideal es contar con una empresa que realmente sepa lo que hace.<\/li><li>Capacidad: \u00bfpodr\u00e1n encargarse de todo el proyecto internamente o subcontratar partes del mismo?<\/li><li>Capacidad actual<\/li><li>\u00bfSon capaces de atender adecuadamente a los clientes internacionales?<\/li><\/ul><p><a href=\"https:\/\/plasticmoulds.net\/wp-content\/uploads\/2018\/01\/china-plastic-molding_crbyqu.png\"><img loading=\"lazy\" decoding=\"async\" class=\"alignnone wp-image-910 size-full\" src=\"https:\/\/plasticmoulds.net\/wp-content\/uploads\/2018\/01\/china-plastic-molding_crbyqu.png\" alt=\"Moldeo por inyecci\u00f3n en China\" width=\"700\" height=\"454\" srcset=\"https:\/\/www.plasticmoulds.net\/wp-content\/uploads\/2018\/01\/china-plastic-molding_crbyqu.png 700w, https:\/\/www.plasticmoulds.net\/wp-content\/uploads\/2018\/01\/china-plastic-molding_crbyqu-300x195.png 300w\" sizes=\"auto, (max-width: 700px) 100vw, 700px\" \/><\/a><\/p><h2>\u00bfC\u00f3mo puedo encontrar un buen fabricante de moldes chino?<\/h2><p>Hay un gran n\u00famero de fabricantes de moldes en China, por lo que debe tomar la decisi\u00f3n correcta a la hora de elegir uno. Esto a veces puede llevar bastante tiempo, pero todo ese esfuerzo merece la pena a largo plazo. Aunque es f\u00e1cil encontrar tiendas de moldes conocidas en el mundo occidental, en realidad, las cosas no son mucho m\u00e1s dif\u00edciles en China. Lo \u00fanico que hay que recordar es que los precios bajos suelen serlo por una raz\u00f3n: porque comprometen la calidad. Conseguir un molde de buena calidad es m\u00e1s importante que uno barato, as\u00ed que asistir a una prueba de moldes es una idea inteligente. Si el coste de viajar a China es demasiado elevado, un v\u00eddeo de muestreo tambi\u00e9n es una opci\u00f3n.<\/p><p>Tambi\u00e9n le recomendamos encarecidamente que lea detenidamente las condiciones de cada presupuesto y, sobre todo, las cl\u00e1usulas de garant\u00eda. La calidad de los moldes chinos mejora constantemente, pero como cliente, tendr\u00e1 que supervisar cuidadosamente el proceso de dise\u00f1o y fabricaci\u00f3n para asegurarse de que obtiene exactamente lo que necesita.<\/p>","protected":false},"excerpt":{"rendered":"<p>Why Make Plastic Injection Molds in China?Many people assume that Chinese plastic injection molds are going to be of poor quality. However, a huge number of companies- including multinational corporations- still choose to buy such molds. Does that mean these companies are naive or making a mistake? Of course not. In fact, Chinese injection mold [&hellip;]<\/p>\n","protected":false},"author":11,"featured_media":0,"parent":0,"menu_order":0,"comment_status":"closed","ping_status":"closed","template":"","meta":{"footnotes":""},"class_list":["post-948","page","type-page","status-publish","hentry"],"blocksy_meta":{"styles_descriptor":{"styles":{"desktop":"","tablet":"","mobile":""},"google_fonts":[],"version":6}},"_links":{"self":[{"href":"https:\/\/www.plasticmoulds.net\/es\/wp-json\/wp\/v2\/pages\/948","targetHints":{"allow":["GET"]}}],"collection":[{"href":"https:\/\/www.plasticmoulds.net\/es\/wp-json\/wp\/v2\/pages"}],"about":[{"href":"https:\/\/www.plasticmoulds.net\/es\/wp-json\/wp\/v2\/types\/page"}],"author":[{"embeddable":true,"href":"https:\/\/www.plasticmoulds.net\/es\/wp-json\/wp\/v2\/users\/11"}],"replies":[{"embeddable":true,"href":"https:\/\/www.plasticmoulds.net\/es\/wp-json\/wp\/v2\/comments?post=948"}],"version-history":[{"count":0,"href":"https:\/\/www.plasticmoulds.net\/es\/wp-json\/wp\/v2\/pages\/948\/revisions"}],"wp:attachment":[{"href":"https:\/\/www.plasticmoulds.net\/es\/wp-json\/wp\/v2\/media?parent=948"}],"curies":[{"name":"wp","href":"https:\/\/api.w.org\/{rel}","templated":true}]}}