{"id":93,"date":"2015-12-12T07:13:57","date_gmt":"2015-12-12T07:13:57","guid":{"rendered":"https:\/\/plasticmoulds.net\/?page_id=93"},"modified":"2026-01-23T23:50:49","modified_gmt":"2026-01-23T15:50:49","slug":"contacto","status":"publish","type":"page","link":"https:\/\/www.plasticmoulds.net\/es\/contact-us","title":{"rendered":"P\u00f3ngase en contacto con nosotros"},"content":{"rendered":"\n<figure class=\"wp-block-image size-large\"><a href=\"https:\/\/plasticmoulds.net\/wp-content\/uploads\/2022\/11\/Red-Black-Modern-Minimalist-Business-Agency-Video.png\"><img loading=\"lazy\" decoding=\"async\" width=\"1024\" height=\"576\" src=\"https:\/\/plasticmoulds.net\/wp-content\/uploads\/2022\/11\/Red-Black-Modern-Minimalist-Business-Agency-Video-1024x576.png\" alt=\"\" class=\"wp-image-9503\" srcset=\"https:\/\/www.plasticmoulds.net\/wp-content\/uploads\/2022\/11\/Red-Black-Modern-Minimalist-Business-Agency-Video-1024x576.png 1024w, https:\/\/www.plasticmoulds.net\/wp-content\/uploads\/2022\/11\/Red-Black-Modern-Minimalist-Business-Agency-Video-300x169.png 300w, https:\/\/www.plasticmoulds.net\/wp-content\/uploads\/2022\/11\/Red-Black-Modern-Minimalist-Business-Agency-Video-768x432.png 768w, https:\/\/www.plasticmoulds.net\/wp-content\/uploads\/2022\/11\/Red-Black-Modern-Minimalist-Business-Agency-Video-1536x864.png 1536w, https:\/\/www.plasticmoulds.net\/wp-content\/uploads\/2022\/11\/Red-Black-Modern-Minimalist-Business-Agency-Video.png 1920w\" sizes=\"auto, (max-width: 1024px) 100vw, 1024px\" \/><\/a><\/figure><div class=\"wpforms-container wpforms-container-full\" id=\"wpforms-16302\"><form id=\"wpforms-form-16302\" class=\"wpforms-validate wpforms-form wpforms-ajax-form\" data-formid=\"16302\" method=\"post\" enctype=\"multipart\/form-data\" action=\"\/es\/wp-json\/wp\/v2\/pages\/93\" data-token=\"56282bbd15baddcabed65a22094ca682\" data-token-time=\"1776168532\"><noscript class=\"wpforms-error-noscript\">Por favor, activa JavaScript en tu navegador para completar este formulario.<\/noscript><div class=\"wpforms-field-container\"><div id=\"wpforms-16302-field_1-container\" class=\"wpforms-field wpforms-field-name\" data-field-id=\"1\"><label class=\"wpforms-field-label\">Name <span class=\"wpforms-required-label\">*<\/span><\/label><div class=\"wpforms-field-row wpforms-field-medium\"><div class=\"wpforms-field-row-block wpforms-first wpforms-one-half\"><input type=\"text\" id=\"wpforms-16302-field_1\" class=\"wpforms-field-name-first wpforms-field-required\" name=\"wpforms[fields][1][first]\" required><label for=\"wpforms-16302-field_1\" class=\"wpforms-field-sublabel after\">Nombre<\/label><\/div><div class=\"wpforms-field-row-block wpforms-one-half\"><input type=\"text\" id=\"wpforms-16302-field_1-last\" class=\"wpforms-field-name-last wpforms-field-required\" name=\"wpforms[fields][1][last]\" required><label for=\"wpforms-16302-field_1-last\" class=\"wpforms-field-sublabel after\">Apellidos<\/label><\/div><\/div><\/div><div id=\"wpforms-16302-field_2-container\" class=\"wpforms-field wpforms-field-email\" data-field-id=\"2\"><label class=\"wpforms-field-label\" for=\"wpforms-16302-field_2\">Email <span class=\"wpforms-required-label\">*<\/span><\/label><input type=\"email\" id=\"wpforms-16302-field_2\" class=\"wpforms-field-medium wpforms-field-required\" name=\"wpforms[fields][2]\" spellcheck=\"false\" required><\/div><div id=\"wpforms-16302-field_4-container\" class=\"wpforms-field wpforms-field-text\" data-field-type=\"text\" data-field-id=\"4\" ><label class=\"wpforms-field-label\" for=\"wpforms-16302-field_4\" >Name Message or<\/label><input type=\"text\" id=\"wpforms-16302-field_4\" class=\"wpforms-field-medium\" name=\"wpforms[fields][4]\" ><\/div><div id=\"wpforms-16302-field_3-container\" class=\"wpforms-field wpforms-field-textarea\" data-field-id=\"3\"><label class=\"wpforms-field-label\" for=\"wpforms-16302-field_3\">Comment or Message<\/label><textarea id=\"wpforms-16302-field_3\" class=\"wpforms-field-medium\" name=\"wpforms[fields][3]\" ><\/textarea><\/div><script> ( function() { const style = document.createElement( 'style' ); style.appendChild( document.createTextNode( '#wpforms-16302-field_4-container { position: absolute !important; overflow: hidden !important; display: inline !important; height: 1px !important; width: 1px !important; z-index: -1000 !important; padding: 0 !important; } #wpforms-16302-field_4-container input { visibility: hidden; } #wpforms-conversational-form-page #wpforms-16302-field_4-container label { counter-increment: none; }' ) ); document.head.appendChild( style ); document.currentScript?.remove(); } )(); <\/script><\/div><div class=\"wpforms-submit-container\" ><input type=\"hidden\" name=\"wpforms[id]\" value=\"16302\"><input type=\"hidden\" name=\"page_title\" value=\"\"><input type=\"hidden\" name=\"page_url\" value=\"https:\/\/www.plasticmoulds.net\/es\/wp-json\/wp\/v2\/pages\/93\"><input type=\"hidden\" name=\"url_referer\" value=\"\"><button type=\"submit\" name=\"wpforms[submit]\" id=\"wpforms-submit-16302\" class=\"wpforms-submit\" data-alt-text=\"Sending...\" data-submit-text=\"Submit\" aria-live=\"assertive\" value=\"wpforms-submit\">Submit<\/button><img loading=\"lazy\" decoding=\"async\" src=\"https:\/\/www.plasticmoulds.net\/wp-content\/plugins\/wpforms-lite\/assets\/images\/submit-spin.svg\" class=\"wpforms-submit-spinner\" style=\"display: none;\" width=\"26\" height=\"26\" alt=\"Cargando\"><\/div><\/form><\/div><div class=\"ct-block-wrapper\"><p><br>Contact Info<\/p><div class=\"ct-contact-info-block \" style=\"--theme-icon-size:20px;--items-direction:column;--theme-icon-color:var(--wp--preset--color--palette-color-1);--background-color:var(--wp--preset--color--palette-color-3);--background-hover-color:rgba(218, 222, 228, 0.7);\"><ul data-icons-type=\"rounded:outline\"><li class=\"\"><span class=\"ct-icon-container\"><svg aria-hidden=\"true\" width='15' height='15' viewBox='0 0 15 15'><path d='M7.5,0C4.05365,0,1.25,2.80365,1.25,6.25c0,4.65576,5.66223,8.4845,5.90332,8.64502.10498.07019.22583.10498.34668.10498s.2417-.03479.34668-.10498c.24109-.16052,5.90332-3.98926,5.90332-8.64502,0-3.44635-2.80396-6.25-6.25-6.25ZM7.5,13.60657c-1.18561-.87952-5-3.97339-5-7.35657C2.5,3.49304,4.74304,1.25,7.5,1.25s5,2.24304,5,5c0,3.38318-3.81409,6.47705-5,7.35657ZM7.5,3.75c-1.37848,0-2.5,1.12152-2.5,2.5,0,1.37878,1.12152,2.5,2.5,2.5,1.37878,0,2.5-1.12122,2.5-2.5,0-1.37848-1.12122-2.5-2.5-2.5ZM7.5,7.5c-.68939,0-1.25-.56061-1.25-1.25s.56061-1.25,1.25-1.25c.68909,0,1.25.56061,1.25,1.25s-.56091,1.25-1.25,1.25Z'\/><\/svg><\/span><div class=\"contact-info\"><span class=\"contact-title\"> Address: <\/span><span class=\"contact-text\"> Mold Center\/Huangyan,Taizhou\/Zhejiang,China 318020 <\/span><\/div><\/li><li class=\"\"><span class=\"ct-icon-container\"><svg aria-hidden=\"true\" width='15' height='15' viewBox='0 0 20 20'><path d='M13.5,20H6.5c-1.6,0-2.9-1.3-2.9-2.9V2.9C3.5,1.3,4.8,0,6.5,0h7.1c1.6,0,2.9,1.3,2.9,2.9v14.1C16.5,18.7,15.2,20,13.5,20zM6.7,1.7C5.8,1.7,5,2.5,5,3.4v13.2c0,0.9,0.7,1.7,1.7,1.7h6.6c0.9,0,1.7-0.7,1.7-1.7V3.4c0-0.9-0.7-1.7-1.7-1.7H6.7z'\/><path d='M11.2,4.4H8.8c-0.3,0-0.6-0.3-0.6-0.6s0.3-0.6,0.6-0.6h2.4c0.3,0,0.6,0.3,0.6,0.6S11.5,4.4,11.2,4.4z'\/><circle cx='10' cy='15.7' r='1.2'\/><\/svg><\/span><div class=\"contact-info\"><span class=\"contact-title\"> Mobile: <\/span><span class=\"contact-text\"><a href=\"tel:578-393-4937\" > 86 159 6865 2523 <\/a><\/span><\/div><\/li><li class=\"\"><span class=\"ct-icon-container\"><svg aria-hidden=\"true\" width='15' height='15' viewBox='0 0 15 15'><path d='M12.8 2.2C11.4.8 9.5 0 7.5 0S3.6.8 2.2 2.2C.8 3.6 0 5.5 0 7.5 0 11.6 3.4 15 7.5 15c1.6 0 3.3-.5 4.6-1.5.3-.2.4-.7.1-1-.2-.3-.7-.4-1-.1-1.1.8-2.4 1.3-3.7 1.3-3.4 0-6.1-2.8-6.1-6.1 0-1.6.6-3.2 1.8-4.3C4.3 2 5.9 1.4 7.5 1.4c1.6 0 3.2.6 4.3 1.8 1.2 1.2 1.8 2.7 1.8 4.3v.7c0 .8-.6 1.4-1.4 1.4s-1.4-.6-1.4-1.4V4.8c0-.4-.3-.7-.7-.7-.4 0-.7.3-.7.7-.4-.4-1.1-.7-1.9-.7-1.9 0-3.4 1.5-3.4 3.4s1.5 3.4 3.4 3.4c1 0 1.9-.5 2.5-1.2.5.7 1.3 1.2 2.2 1.2 1.5 0 2.7-1.2 2.7-2.7v-.7c.1-2-.7-3.9-2.1-5.3zM7.5 9.5c-1.1 0-2-.9-2-2s.9-2 2-2 2 .9 2 2-.9 2-2 2z'\/><\/svg><\/span><div class=\"contact-info\"><span class=\"contact-title\"> Email: <\/span><span class=\"contact-text\"><a href=\"mailto:c&#111;nta&#099;t&#064;yo&#117;r&#119;eb&#115;&#105;t&#101;&#046;co&#109;\" > s&#97;&#108;&#101;&#115;&#64;&#112;&#108;ast&#105;c&#109;&#111;u&#108;&#100;&#115;&#46;&#110;&#101;t <\/a><\/span><\/div><\/li><\/ul><\/div><\/div><p class=\"has-palette-color-8-color has-palette-color-1-background-color has-text-color has-background\" style=\"font-size:clamp(18.959px, 1.185rem + ((1vw - 3.2px) * 0.863), 30px);\"><em><strong>If you&#8217;re reading this, it means you&#8217;re interested in injection molding! That&#8217;s awesome. We hope you&#8217;ll be able to find what you need. If not, please feel free to send us an inquiry and we&#8217;d be happy to help.<\/strong><\/em><\/p><div class=\"wp-block-stackable-columns stk-block-columns stk-block stk-92d3260\" data-block-id=\"92d3260\"><div class=\"stk-row stk-inner-blocks stk-block-content stk-content-align stk-92d3260-column\"><div class=\"wp-block-stackable-column stk-block-column stk-column stk-block stk-b0c900f\" data-v=\"4\" data-block-id=\"b0c900f\"><div class=\"stk-column-wrapper stk-block-column__content stk-container stk-b0c900f-container stk--no-background stk--no-padding\"><div class=\"stk-block-content stk-inner-blocks stk-b0c900f-inner-blocks\"><\/div><\/div><\/div><\/div><\/div><p><\/p>\n","protected":false},"excerpt":{"rendered":"<p>Si est\u00e1s leyendo esto, significa que te interesa el moldeo por inyecci\u00f3n. Eso es fant\u00e1stico. Esperamos que pueda encontrar lo que necesita. Si no es as\u00ed, no dude en enviarnos una consulta y estaremos encantados de ayudarle.<\/p>","protected":false},"author":11,"featured_media":0,"parent":0,"menu_order":0,"comment_status":"open","ping_status":"closed","template":"","meta":{"footnotes":""},"class_list":["post-93","page","type-page","status-publish","hentry"],"blocksy_meta":{"styles_descriptor":{"styles":{"desktop":"","tablet":"","mobile":""},"google_fonts":[],"version":6}},"_links":{"self":[{"href":"https:\/\/www.plasticmoulds.net\/es\/wp-json\/wp\/v2\/pages\/93","targetHints":{"allow":["GET"]}}],"collection":[{"href":"https:\/\/www.plasticmoulds.net\/es\/wp-json\/wp\/v2\/pages"}],"about":[{"href":"https:\/\/www.plasticmoulds.net\/es\/wp-json\/wp\/v2\/types\/page"}],"author":[{"embeddable":true,"href":"https:\/\/www.plasticmoulds.net\/es\/wp-json\/wp\/v2\/users\/11"}],"replies":[{"embeddable":true,"href":"https:\/\/www.plasticmoulds.net\/es\/wp-json\/wp\/v2\/comments?post=93"}],"version-history":[{"count":2,"href":"https:\/\/www.plasticmoulds.net\/es\/wp-json\/wp\/v2\/pages\/93\/revisions"}],"predecessor-version":[{"id":16310,"href":"https:\/\/www.plasticmoulds.net\/es\/wp-json\/wp\/v2\/pages\/93\/revisions\/16310"}],"wp:attachment":[{"href":"https:\/\/www.plasticmoulds.net\/es\/wp-json\/wp\/v2\/media?parent=93"}],"curies":[{"name":"wp","href":"https:\/\/api.w.org\/{rel}","templated":true}]}}