{"id":8985,"date":"2022-11-08T09:24:00","date_gmt":"2022-11-08T01:24:00","guid":{"rendered":"https:\/\/plasticmoulds.net\/?p=8985"},"modified":"2023-01-10T09:53:12","modified_gmt":"2023-01-10T01:53:12","slug":"lo-que-debe-saber-antes-de-fabricar-en-china","status":"publish","type":"page","link":"https:\/\/www.plasticmoulds.net\/es\/what-you-should-know-before-manufacturing-in-china","title":{"rendered":"Lo que debe saber antes de fabricar en China"},"content":{"rendered":"<figure class=\"wp-block-image aligncenter size-full is-resized\"><a href=\"https:\/\/plasticmoulds.net\/wp-content\/uploads\/2022\/07\/027-production.png\"><img loading=\"lazy\" decoding=\"async\" src=\"https:\/\/plasticmoulds.net\/wp-content\/uploads\/2022\/07\/027-production.png\" alt=\"\" class=\"wp-image-7943\" width=\"574\" height=\"574\" srcset=\"https:\/\/www.plasticmoulds.net\/wp-content\/uploads\/2022\/07\/027-production.png 512w, https:\/\/www.plasticmoulds.net\/wp-content\/uploads\/2022\/07\/027-production-300x300.png 300w, https:\/\/www.plasticmoulds.net\/wp-content\/uploads\/2022\/07\/027-production-150x150.png 150w\" sizes=\"auto, (max-width: 574px) 100vw, 574px\" \/><\/a><\/figure><h2 class=\"wp-block-heading\" id=\"1-the-basics\">Conceptos b\u00e1sicos<\/h2><p>China es el mayor pa\u00eds manufacturero del mundo. En 2016, produjo bienes por valor de $3,2 billones, seg\u00fan datos del Banco Mundial.<\/p><p><a href=\"https:\/\/plasticmoulds.net\/what-you-should-know-before-manufacturing-in-china.html\" target=\"_blank\" rel=\"noreferrer noopener\">Fabricaci\u00f3n en China<\/a> ha sido una pr\u00e1ctica habitual para muchas empresas, ya que el pa\u00eds se ha convertido en uno de los principales exportadores de productos de toda una serie de sectores. Esto ha dado lugar a que muchas empresas extranjeras establezcan plantas de fabricaci\u00f3n dentro de las fronteras de China para aprovechar las ventajas que ofrece el pa\u00eds. <a href=\"https:\/\/plasticmoulds.net\/plastic-mold-tool-cost\" target=\"_blank\" rel=\"noreferrer noopener\">sus bajos costes<\/a> y una amplia mano de obra cualificada.<\/p><div class=\"wp-block-group is-layout-flow wp-block-group-is-layout-flow\"><div class=\"wp-block-qubely-table-of-contents qubely-block-9c9b0a qubely-block-table-of-contents qubely-align-left\"><div class=\"qubely-table-of-contents\" data-scroll-offset=\"20\"><div class=\"qubely-table-of-contents-header qubely-toc-header-frontend qubely-justify-between\"><div class=\"qubely-table-of-contents-heading\"><div class=\"title\">\u00cdndice<\/div><\/div><\/div><div class=\"qubely-table-of-contents-body\"><ol class=\"ordered-list\"><li><a href=\"#1-the-basics\">Conceptos b\u00e1sicos<\/a><\/li><li><a href=\"#2-why-choose-china\">Por qu\u00e9 elegir China<\/a><\/li><li><a href=\"#3-the-advantages-and-disadvantages-of-manufacturing-in-china\">Ventajas y desventajas de fabricar en China<\/a><\/li><li><a href=\"#4-pros\">pros<\/a><ol class=\"child-list\"><li><a href=\"#5-cost-savings\">Ahorro de costes<\/a><\/li><li><a href=\"#6-availability-and-quality-control\">Disponibilidad y control de calidad<\/a><\/li><li><a href=\"#7-speed-and-flexibility\">Velocidad y flexibilidad<\/a><\/li><\/ol><\/li><li><a href=\"#8-cons\">Contras<\/a><ol class=\"child-list\"><li><a href=\"#9-foreign-investment-restrictions\">Restricciones a la inversi\u00f3n extranjera<\/a><\/li><li><a href=\"#10-language-barriers\">Barreras ling\u00fc\u00edsticas<\/a><\/li><li><a href=\"#11-slow-shipping-times\">Plazos de env\u00edo lentos<\/a><\/li><\/ol><\/li><li><a href=\"#12-will-china-manufacturing-fit-your-business\">\u00bfSe adapta la fabricaci\u00f3n china a su negocio?<\/a><\/li><li><a href=\"#13-how-to-get-started-with-manufacturing-in-china\">C\u00f3mo empezar a fabricar en China<\/a><ol class=\"child-list\"><li><a href=\"#14-youre-not-alone\">No est\u00e1s solo<\/a><\/li><li><a href=\"#15-do-your-research\">Investigue<\/a><\/li><li><a href=\"#16-communication-is-key-\">La comunicaci\u00f3n es la clave. <\/a><\/li><li><a href=\"#17-find-a-good-supplier\">Encontrar un buen proveedor<\/a><\/li><\/ol><\/li><li><a href=\"#18-contact-a-manufacturing-expert-for-a-consultation\">P\u00f3ngase en contacto con un experto en fabricaci\u00f3n<\/a><\/li><li><a href=\"#19-takeaway\">Para llevar<\/a><\/li><\/ol><\/div><a href=\"#\" class=\"qubely-back-to-top-button fas fa-angle-up\"><\/a><\/div><\/div><\/div><p>La capacidad manufacturera de China s\u00f3lo es superada por la de Estados Unidos, mientras que su econom\u00eda es la segunda del mundo, por detr\u00e1s de la estadounidense. Teniendo esto en cuenta, se ha producido un crecimiento considerable en los \u00faltimos a\u00f1os y se espera que contin\u00fae en 2020, cuando se prev\u00e9 que el crecimiento alcance el 7% anual.<\/p><figure class=\"wp-block-video\"><video controls src=\"https:\/\/res.cloudinary.com\/steven-cheng\/video\/upload\/v1667804126\/Electrician-Is-Assembling-The-Electrical-Box-Attac-2022-08-10-13-59-23-Utc_ksmlih.mp4\"><\/video><\/figure><h2 class=\"wp-block-heading\" id=\"2-why-choose-china\">Por qu\u00e9 elegir China<\/h2><p>China es el mayor fabricante del mundo; de hecho, se calcula que produce <strong>entre 20% y 30% de todas las mercanc\u00edas del mundo<\/strong>. Tambi\u00e9n es el mayor exportador mundial, <strong>que representan casi 15% de las exportaciones mundiales.<\/strong><\/p><p>China representar\u00e1 el 32% de la producci\u00f3n mundial de materiales pl\u00e1sticos en 2021, lo que la convierte en el mayor productor de pl\u00e1stico del mundo con diferencia.<\/p><p>Muchas empresas eligen China como lugar de fabricaci\u00f3n por su gran poblaci\u00f3n, sus bajos costes laborales y sus infraestructuras bien desarrolladas. Tambi\u00e9n hay muchas <a href=\"https:\/\/plasticmoulds.net\/plastic-mold-offer-from-china.html\" target=\"_blank\" rel=\"noreferrer noopener\">razones<\/a> por qu\u00e9 deber\u00eda plantearse fabricar en China:<\/p><p>China produce una gran variedad de bienes que exporta a pa\u00edses de todo el mundo. Ha podido hacerlo porque cuenta con abundantes recursos naturales y mano de obra barata. Si fabrica en China, puede aprovechar esta ventaja subcontratando su producci\u00f3n a f\u00e1bricas locales especializadas en productos como ropa, calzado, electr\u00f3nica y juguetes.<\/p><p>China ofrece a los consumidores una gran variedad de productos a<strong> un coste menor<\/strong> que otros mercados del mundo debido a los bajos salarios y los bajos costes asociados a las instalaciones de producci\u00f3n y los costes de transporte. La tarifa media por hora para los trabajadores de la industria manufacturera en China fue de $1,50 por hora en 2013, una cifra significativamente inferior a la de otros pa\u00edses como Brasil ($3) o M\u00e9xico ($2). Estos bajos salarios permiten a los fabricantes mantener precios competitivos y obtener beneficios con sus productos vendidos en el extranjero.<\/p><figure class=\"wp-block-image aligncenter size-large is-resized\"><img loading=\"lazy\" decoding=\"async\" src=\"https:\/\/res.cloudinary.com\/steven-cheng\/image\/upload\/v1652878148\/unnamed-file_8698f5f4d.jpg\" alt=\"\" width=\"687\" height=\"296\"\/><\/figure><h2 class=\"wp-block-heading\" id=\"3-the-advantages-and-disadvantages-of-manufacturing-in-china\">Ventajas y desventajas de fabricar en China<\/h2><p>Desde hace m\u00e1s de una d\u00e9cada, China es el destino elegido por las empresas que desean fabricar sus productos. El pa\u00eds ofrece bajos costes y abundante mano de obra cualificada. Muchas empresas ya han dado el paso, pero hay algunas desventajas que tambi\u00e9n debe conocer antes de decidir si se instala o no en China. La producci\u00f3n de moldeo por inyecci\u00f3n en China alcanz\u00f3 los 30,72 millones de toneladas en 2021, un aumento de 1,77 millones de toneladas o 6,1% desde 2020, y se espera que alcance los 32,1 millones de toneladas en 2022.<\/p><p>Las ventajas y desventajas de fabricar en China son muy diferentes en funci\u00f3n del tipo de producto que piense producir. Pero una cosa es cierta: si quieres crear un negocio sostenible con una alta rentabilidad, tienes que poder fabricar en China.<\/p><h2 class=\"wp-block-heading\" id=\"4-pros\">pros<\/h2><h3 class=\"wp-block-heading\" id=\"5-cost-savings\">Ahorro de costes<\/h3><p>Fabricar en China puede ahorrar a las empresas una importante cantidad de dinero. Esto se debe a que los costes laborales son significativamente m\u00e1s bajos que en Estados Unidos o Europa. Adem\u00e1s, las empresas no tienen que pagar tanto por el transporte, ya que pueden enviar sus productos por mar en lugar de por aire. Esto significa que se utiliza menos combustible y se producen menos emisiones al enviar los productos a trav\u00e9s del oc\u00e9ano en lugar de a trav\u00e9s del pa\u00eds o del continente.<\/p><h3 class=\"wp-block-heading\" id=\"6-availability-and-quality-control\">Disponibilidad y control de calidad<\/h3><p>A la hora de fabricar productos en China, existen muchas opciones diferentes para encontrar proveedores que puedan satisfacer sus necesidades y proporcionarle materiales de calidad a precios asequibles. Estos proveedores suelen tener a\u00f1os de experiencia trabajando con otras empresas de todo el mundo, lo que les permite ofrecer precios m\u00e1s competitivos que los que podr\u00eda encontrar si tratara de obtener los materiales localmente o en otro pa\u00eds donde el ingl\u00e9s no se hable o entienda tan bien.<\/p><h3 class=\"wp-block-heading\" id=\"7-speed-and-flexibility\">Velocidad y flexibilidad<\/h3><p>Al fabricar productos en China, es posible obtener sus productos r\u00e1pidamente porque hay muchas f\u00e1bricas que producen los mismos productos. Adem\u00e1s, las f\u00e1bricas chinas son flexibles y a menudo pueden cambiar su programa de producci\u00f3n o ajustarse a sus necesidades r\u00e1pidamente porque entienden c\u00f3mo funciona la fabricaci\u00f3n. A la hora de buscar materiales para su proyecto, puede que necesite algo que s\u00f3lo est\u00e9 disponible en un lugar del mundo. Aqu\u00ed es donde empieza el problema. Si intenta obtener los materiales en un pa\u00eds y fabricarlos en otro, puede resultar muy dif\u00edcil tenerlo todo listo lo suficientemente r\u00e1pido para su proyecto. Tambi\u00e9n puede ocurrir que las f\u00e1bricas o los proveedores no sean lo bastante flexibles como para ajustar su calendario o ajustarse a sus necesidades, lo que podr\u00eda retrasar seriamente la producci\u00f3n.<\/p><h2 class=\"wp-block-heading\" id=\"8-cons\">Contras<\/h2><p>Fabricar en China es una opci\u00f3n atractiva para muchas empresas. El pa\u00eds tiene una enorme poblaci\u00f3n, bajos costes laborales y una s\u00f3lida infraestructura de fabricaci\u00f3n.<\/p><p>Sin embargo, a pesar de las ventajas, tambi\u00e9n hay algunas desventajas que debe tener en cuenta antes de tomar la decisi\u00f3n de fabricar en China. He aqu\u00ed algunas de las m\u00e1s comunes:<\/p><h3 class=\"wp-block-heading\" id=\"9-foreign-investment-restrictions\">Restricciones a la inversi\u00f3n extranjera<\/h3><p>Los inversores extranjeros deben asociarse con una empresa china para crear una empresa conjunta o invertir en una empresa ya existente. Adem\u00e1s, las empresas extranjeras est\u00e1n limitadas a 49% la propiedad de su empresa conjunta o empresa de inversi\u00f3n extranjera (EIE), y tienen prohibido invertir directamente en determinados sectores, como la banca y las telecomunicaciones. Estas restricciones pueden dificultar a las empresas extranjeras crecer de forma independiente en China sin diluir su identidad de marca asoci\u00e1ndose con socios locales.<\/p><h3 class=\"wp-block-heading\" id=\"10-language-barriers\">Barreras ling\u00fc\u00edsticas<\/h3><p>La barrera del idioma puede causar retrasos en la comunicaci\u00f3n entre los equipos de gesti\u00f3n durante los procesos de producci\u00f3n y los plazos de entrega pueden ser dif\u00edciles de mantener debido a la escasa capacidad de traducci\u00f3n de ambas partes. Adem\u00e1s, es posible que los trabajadores chinos no se sientan c\u00f3modos trabajando directamente con equipos internacionales debido a las diferencias culturales, lo que tambi\u00e9n puede provocar problemas con los niveles de eficiencia y productividad durante los procesos de producci\u00f3n.<\/p><h3 class=\"wp-block-heading\" id=\"11-slow-shipping-times\">Plazos de env\u00edo lentos<\/h3><p>Una de las cosas m\u00e1s molestas de trabajar con fabricantes chinos es la cantidad de tiempo que puede llevar el env\u00edo de los art\u00edculos de la f\u00e1brica al almac\u00e9n o, peor a\u00fan, de un almac\u00e9n a otro. Dado que la mayor\u00eda de las f\u00e1bricas chinas est\u00e1n situadas en el lado opuesto del pa\u00eds donde usted vive y trabaja, esto significa que va a tener muchos retrasos si su producto se fabrica all\u00ed, especialmente si contiene componentes electr\u00f3nicos u otras piezas delicadas que requieren pruebas o certificaci\u00f3n una vez que llegan a puerto. Algunas empresas han empezado a utilizar el Aeropuerto Log\u00edstico del Sur de California, al norte de Los \u00c1ngeles, como centro alternativo de env\u00edos, porque ofrece mejor acceso a puertos importantes como Long Beach y San Pedro que China.<\/p><h2 class=\"wp-block-heading\" id=\"12-will-china-manufacturing-fit-your-business\">\u00bfSe adapta la fabricaci\u00f3n china a su negocio?<\/h2><p>La primera pregunta que debe plantearse es si la fabricaci\u00f3n en China se ajusta a su modelo de negocio. He aqu\u00ed algunas cuestiones a tener en cuenta:<\/p><p>\u00bfSus productos requieren personalizaci\u00f3n? Si es as\u00ed, tendr\u00e1 que encontrar una f\u00e1brica que se adapte a sus necesidades y le proporcione el producto a un precio asequible.<\/p><p>\u00bfTiene limitaciones de tiempo? Dependiendo del tipo de producto que busque, el fabricante puede tardar m\u00e1s de lo previsto en producirlo. Ten en cuenta estos retrasos a la hora de hacer un pedido al extranjero.<\/p><p>\u00bfPuede encargarse de la log\u00edstica del env\u00edo? Es posible que tenga que encargarse de transportar el producto acabado desde China hasta Estados Unidos, as\u00ed que aseg\u00farese de que puede hacerlo antes de realizar el pedido.<\/p><h2 class=\"wp-block-heading\" id=\"13-how-to-get-started-with-manufacturing-in-china\">C\u00f3mo empezar a fabricar en China<\/h2><p>Estas son algunas cosas que debe saber antes de hacer negocios con fabricantes extranjeros:<\/p><h3 class=\"wp-block-heading\" id=\"14-youre-not-alone\">No est\u00e1s solo<\/h3><p>Hay miles de empresas que fabrican sus productos en China y tienen mucho \u00e9xito. El primer paso es ponerse en contacto con un fabricante especializado en su categor\u00eda de producto. As\u00ed podr\u00e1n guiarle en el proceso de creaci\u00f3n de su prototipo y garantizar la calidad del producto final antes de enviarlo.<\/p><h3 class=\"wp-block-heading\" id=\"15-do-your-research\">Investigue<\/h3><p>Antes de enviar una RFP (solicitud de propuesta), aseg\u00farese de que sabe lo que quiere y tiene una idea clara de cu\u00e1les son sus expectativas. Aseg\u00farese tambi\u00e9n de que su producto cumple todos los requisitos de seguridad, tanto en su pa\u00eds como en el extranjero. Si hay alg\u00fan problema con su producto o su embalaje cuando llega a la aduana o a cualquier otro punto de la cadena de suministro, puede causar retrasos que afecten al tiempo de producci\u00f3n y a los costes, por no hablar de su reputaci\u00f3n.<\/p><h3 class=\"wp-block-heading\" id=\"16-communication-is-key-\">La comunicaci\u00f3n es la clave. <\/h3><p>Aunque hable chino mandar\u00edn con fluidez, es importante que recurra a un int\u00e9rprete o traductor cuando se comunique con su fabricante, porque es posible que no entienda la jerga t\u00e9cnica o los acr\u00f3nimos que utilizan los ingenieros y dise\u00f1adores de otros pa\u00edses, como Estados Unidos o Europa. Dicho esto, no subestime la importancia de tener buenas dotes de comunicaci\u00f3n, sobre todo si el ingl\u00e9s no es su lengua materna.<\/p><h3 class=\"wp-block-heading\" id=\"17-find-a-good-supplier\">Encontrar un buen proveedor<\/h3><p>Una vez que sepa qu\u00e9 quiere y qu\u00e9 tipo de producto busca, empiece a investigar posibles proveedores. No se limite a buscar en Internet; p\u00f3ngase al tel\u00e9fono o vaya a verles en persona para averiguar si pueden satisfacer sus necesidades. Deber\u00edan poder ense\u00f1arle muestras de trabajos anteriores (y preferiblemente v\u00eddeos) de la fabricaci\u00f3n de sus productos, para que pueda ver lo bien hechos que est\u00e1n antes de hacer un pedido . Tambi\u00e9n debe preguntarles por su control de calidad y c\u00f3mo se aseguran de que no se cuele ning\u00fan defecto. Si recurre a una f\u00e1brica que subcontrata partes del proceso, aseg\u00farese de que puede facilitarle muestras de todos los materiales utilizados en la elaboraci\u00f3n de su producto.<\/p><h2 class=\"wp-block-heading\" id=\"18-contact-a-manufacturing-expert-for-a-consultation\">P\u00f3ngase en contacto con un experto en fabricaci\u00f3n<\/h2><p>Antes de elegir un fabricante y hacer un pedido, es importante pedir consejo a alguien que tenga experiencia trabajando en China. Un asesor le ayudar\u00e1 a identificar todos los factores que intervienen en la fabricaci\u00f3n de su producto y le aconsejar\u00e1 sobre c\u00f3mo encontrar el fabricante que mejor se adapte a sus necesidades. <\/p><p>Un consultor de fabricaci\u00f3n tambi\u00e9n podr\u00e1 ayudarle a evitar errores comunes que pueden provocar costosos retrasos en los productos, problemas de calidad o, peor a\u00fan, un lanzamiento fallido del producto.<\/p><h2 class=\"wp-block-heading\" id=\"19-takeaway\">Para llevar<\/h2><p>En la actual econom\u00eda globalizada, cada vez m\u00e1s fabricantes optan por trasladar sus empresas al extranjero. Es una tendencia que no parece que vaya a desaparecer pronto. Si usted es una de esas empresas, debe tener en cuenta muchas cosas cuando decida fabricar en China. Si se adelanta a la curva de aprendizaje form\u00e1ndose ahora, puede aumentar considerablemente sus posibilidades de \u00e9xito, independientemente del tipo de empresa manufacturera que tenga.<\/p>","protected":false},"excerpt":{"rendered":"<p>The BasicsChina is the world&#8217;s largest manufacturing country. In 2016, it produced $3.2 trillion worth of goods, according to World Bank data.Manufacturing in China has been a long-standing practice for many companies, with the country becoming a leading exporter of products across a range of industries. This has resulted in many foreign companies setting up [&hellip;]<\/p>\n","protected":false},"author":11,"featured_media":0,"parent":0,"menu_order":0,"comment_status":"open","ping_status":"open","template":"","meta":{"footnotes":""},"class_list":["post-8985","page","type-page","status-publish","hentry"],"blocksy_meta":{"styles_descriptor":{"styles":{"desktop":"","tablet":"","mobile":""},"google_fonts":[],"version":6}},"_links":{"self":[{"href":"https:\/\/www.plasticmoulds.net\/es\/wp-json\/wp\/v2\/pages\/8985","targetHints":{"allow":["GET"]}}],"collection":[{"href":"https:\/\/www.plasticmoulds.net\/es\/wp-json\/wp\/v2\/pages"}],"about":[{"href":"https:\/\/www.plasticmoulds.net\/es\/wp-json\/wp\/v2\/types\/page"}],"author":[{"embeddable":true,"href":"https:\/\/www.plasticmoulds.net\/es\/wp-json\/wp\/v2\/users\/11"}],"replies":[{"embeddable":true,"href":"https:\/\/www.plasticmoulds.net\/es\/wp-json\/wp\/v2\/comments?post=8985"}],"version-history":[{"count":0,"href":"https:\/\/www.plasticmoulds.net\/es\/wp-json\/wp\/v2\/pages\/8985\/revisions"}],"wp:attachment":[{"href":"https:\/\/www.plasticmoulds.net\/es\/wp-json\/wp\/v2\/media?parent=8985"}],"curies":[{"name":"wp","href":"https:\/\/api.w.org\/{rel}","templated":true}]}}