{"id":8952,"date":"2022-11-01T15:15:00","date_gmt":"2022-11-01T07:15:00","guid":{"rendered":"https:\/\/plasticmoulds.net\/?p=8952"},"modified":"2022-11-02T12:35:07","modified_gmt":"2022-11-02T04:35:07","slug":"china-contract-manufacturing-usted-no-es-el-unico-que-piensa-en-ello","status":"publish","type":"page","link":"https:\/\/www.plasticmoulds.net\/es\/china-contract-manufacturing-youre-not-the-only-one-to-think-of-it","title":{"rendered":"Fabricaci\u00f3n por contrato en China: No eres el \u00fanico que lo piensa."},"content":{"rendered":"<figure class=\"wp-block-image aligncenter size-full is-resized\"><a href=\"https:\/\/plasticmoulds.net\/wp-content\/uploads\/2022\/07\/16.png\"><img loading=\"lazy\" decoding=\"async\" src=\"https:\/\/plasticmoulds.net\/wp-content\/uploads\/2022\/07\/16.png\" alt=\"\" class=\"wp-image-7977\" width=\"483\" height=\"497\"\/><\/a><\/figure><p>Y si est\u00e1 pensando en la fabricaci\u00f3n por contrato en China, probablemente no est\u00e9 solo en su b\u00fasqueda. Pero no se desespere. Tenemos algunos consejos que le ayudar\u00e1n a asegurarse de que su experiencia en la fabricaci\u00f3n por contrato en China sea un \u00e9xito.<\/p><p><a href=\"https:\/\/plasticmoulds.net\/china-injection-molding-company\" target=\"_blank\" rel=\"noreferrer noopener\">Fabricaci\u00f3n por contrato en China<\/a> es una opci\u00f3n atractiva para las empresas que desean ampliar su negocio. El pa\u00eds cuenta con una s\u00f3lida base manufacturera, y sus trabajadores son conocidos por su cualificaci\u00f3n y eficacia. Adem\u00e1s, el pa\u00eds acoge a muchos socios comerciales, lo que significa que es f\u00e1cil establecer acuerdos comerciales y enviar productos a trav\u00e9s de los puertos de China.<\/p><div class=\"wp-block-group is-layout-flow wp-block-group-is-layout-flow\"><div class=\"wp-block-qubely-table-of-contents qubely-block-67fbdd qubely-block-table-of-contents qubely-align-left\" data-qubelyanimation=\"{&quot;animation&quot;:&quot;bounce&quot;,&quot;name&quot;:&quot;bounceCenter&quot;,&quot;repeat&quot;:&quot;once&quot;,&quot;direction&quot;:&quot;Center&quot;,&quot;duration&quot;:1000,&quot;delay&quot;:0,&quot;curve&quot;:&quot;ease-in-out&quot;,&quot;openAnimation&quot;:1}\"><div class=\"qubely-table-of-contents\" data-scroll-offset=\"20\"><div class=\"qubely-table-of-contents-header qubely-toc-header-frontend qubely-justify-between\"><div class=\"qubely-table-of-contents-heading\"><div class=\"title\">\u00cdndice<\/div><\/div><\/div><div class=\"qubely-table-of-contents-body\"><ol class=\"ordered-list\"><li><a href=\"#1-ensure-that-you-hire-the-right-person-or-company\">Aseg\u00farese de contratar a la persona o empresa adecuada<\/a><\/li><li><a href=\"#2-some-things-inside-\">Algunas cosas dentro <\/a><ol class=\"child-list\"><li><a href=\"#3-detailed-bill-of-materials-bom\">Lista de materiales detallada<\/a><\/li><li><a href=\"#4-pricing-provisions\">Disposiciones sobre precios<\/a><\/li><li><a href=\"#5-quality-standards\">Normas de calidad<\/a><\/li><li><a href=\"#6-packaging-and-labeling\">Envasado y etiquetado<\/a><\/li><li><a href=\"#7-intellectual-property\">Propiedad intelectual<\/a><\/li><li><a href=\"#8-quality-requirements-and-product-warranty\">Requisitos de calidad y garant\u00eda de los productos<\/a><\/li><li><a href=\"#9-who-is-owner\">Qui\u00e9n es el propietario<\/a><\/li><li><a href=\"#10-dispute-resolution\">Resoluci\u00f3n de litigios<\/a><\/li><\/ol><\/li><li><a href=\"#11-takeaway\">Para llevar:<\/a><\/li><\/ol><\/div><a href=\"#\" class=\"qubely-back-to-top-button fas fa-angle-up\"><\/a><\/div><\/div><\/div><p>Sin embargo, si est\u00e1 considerando la fabricaci\u00f3n por contrato en China como una forma de hacer crecer su negocio r\u00e1pidamente, hay algunas cosas que debe saber antes de lanzarse. En esta entrada del blog, vamos a cubrir algunas de las consideraciones m\u00e1s importantes antes de empezar a trabajar con un contratista en China.<\/p><h2 class=\"wp-block-heading\" id=\"1-ensure-that-you-hire-the-right-person-or-company\">Aseg\u00farese de contratar a la persona o empresa adecuada<\/h2><p>El primer paso en el proceso de fabricaci\u00f3n por contrato en China es asegurarse de que contrata a la empresa de fabricaci\u00f3n por contrato en China adecuada. Esto puede resultar dif\u00edcil porque hay muchas empresas y todas afirman ser las mejores. Sin embargo, hay ciertas cosas que debe tener en cuenta antes de firmar el contrato.<\/p><p>Aseg\u00farese de que su empresa de fabricaci\u00f3n por contrato en China tiene un buen historial de entregas puntuales y ajustadas al presupuesto. Aseg\u00farese tambi\u00e9n de que dispone de un buen servicio de atenci\u00f3n al cliente para que le ayuden con cualquier problema que pueda surgir durante la producci\u00f3n.<\/p><p>P\u00f3ngase en contacto con al menos tres fabricantes chinos diferentes y preg\u00fanteles por su estructura de precios y el plazo de entrega. Si es posible, intente hablar directamente con alguien que vaya a trabajar en su proyecto para obtener m\u00e1s informaci\u00f3n sobre su experiencia y su disposici\u00f3n a trabajar con clientes.<\/p><p>Estos son algunos consejos que le ayudar\u00e1n a encontrar el socio adecuado para la fabricaci\u00f3n por contrato en China:<\/p><p>1) <strong>Aseg\u00farese de que llevan un tiempo en el mercado <\/strong>(m\u00e1s de 5 a\u00f1os). Una empresa nueva puede tener buenas intenciones pero poca experiencia, lo que podr\u00eda dejarte con malos resultados.<\/p><p>2) <strong>Compruebe sus credenciales y certificaciones.<\/strong> As\u00ed sabr\u00e1 si tienen experiencia en su sector o con productos similares. Tambi\u00e9n demuestra que se toman en serio la prestaci\u00f3n de servicios y productos de alta calidad, lo cual es importante a la hora de hacer un pedido.<\/p><p>3) <strong>Consulta su sitio web y sus redes sociales para conocer las opiniones de clientes anteriores.<\/strong> Esto puede ayudarle mucho a decidir con qu\u00e9 empresas merece la pena ponerse en contacto sobre posibles oportunidades de negocio.<\/p><p>4) <strong>Pida referencias a otros clientes<\/strong> - especialmente los que utilizan productos o servicios similares a los que m\u00e1s le interesan.<\/p><p>La clave del \u00e9xito de una relaci\u00f3n de fabricaci\u00f3n por contrato es el propio contrato. El contrato adecuado tendr\u00e1 muchas disposiciones que protejan a ambas partes del acuerdo.<\/p><h2 class=\"wp-block-heading\" id=\"2-some-things-inside-\">Algunas cosas dentro <\/h2><p>La clave del \u00e9xito de una relaci\u00f3n de fabricaci\u00f3n por contrato es el propio contrato. El contrato adecuado tendr\u00e1 muchas disposiciones que protejan a ambas partes del acuerdo.<\/p><figure class=\"wp-block-image aligncenter size-full is-resized\"><a href=\"https:\/\/plasticmoulds.net\/wp-content\/uploads\/2022\/07\/7.png\"><img loading=\"lazy\" decoding=\"async\" src=\"https:\/\/plasticmoulds.net\/wp-content\/uploads\/2022\/07\/7.png\" alt=\"\" class=\"wp-image-7968\" width=\"505\" height=\"404\"\/><\/a><\/figure><p>He aqu\u00ed algunos aspectos que debe incluir tu contrato:<\/p><h3 class=\"wp-block-heading\" id=\"3-detailed-bill-of-materials-bom\">Lista de materiales detallada<\/h3><p>Una lista de materiales es una lista de todas las piezas y componentes que forman parte de un producto, junto con sus cantidades y costes. Necesitar\u00e1s esta informaci\u00f3n para determinar si tu precio es viable y cu\u00e1l ser\u00e1 tu margen de beneficio con distintos niveles de volumen.<\/p><p>Si no est\u00e1 seguro de c\u00f3mo crear una lista de materiales, puede utilizar nuestra plantilla de lista de materiales gratuita o contratar a un consultor externo con experiencia.<\/p><h3 class=\"wp-block-heading\" id=\"4-pricing-provisions\">Disposiciones sobre precios<\/h3><p>Tendr\u00e1 que especificar cu\u00e1nto cobra por cada componente, as\u00ed como cualquier otro gasto asociado al proceso de fabricaci\u00f3n (incluidos los gastos de env\u00edo, si procede).<\/p><p> Esto tambi\u00e9n le dar\u00e1 una idea de cu\u00e1nto dinero podr\u00eda ganar con la venta de su producto en Amazon FBA o en otro lugar despu\u00e9s de cubrir los costos de producci\u00f3n, regal\u00edas, impuestos y m\u00e1s.<\/p><h3 class=\"wp-block-heading\" id=\"5-quality-standards\">Normas de calidad<\/h3><p>Tambi\u00e9n es importante incluir las normas de calidad, incluidos los procedimientos de ensayo y los criterios de aceptaci\u00f3n. Conviene indicar el tipo de materiales que se utilizan, c\u00f3mo se obtienen y sus procedimientos de control de calidad. <\/p><p>Tambi\u00e9n debe especificar qu\u00e9 certificaciones han obtenido sus productos y qu\u00e9 normas cumplen. Si hay alg\u00fan coste adicional asociado al control de calidad o las pruebas, aseg\u00farese de indicarlo tambi\u00e9n aqu\u00ed para que los compradores sepan en qu\u00e9 se est\u00e1n metiendo al comprar su producto.<\/p><h3 class=\"wp-block-heading\" id=\"6-packaging-and-labeling\">Envasado y etiquetado<\/h3><p>Requisitos de envasado y etiquetado, incluidas cuestiones de seguridad y cumplimiento normativo Si su producto est\u00e1 sujeto a alguna norma de seguridad o de cumplimiento normativo, aseg\u00farese de enumerarla aqu\u00ed. <\/p><p>Por ejemplo, si su producto contiene sustancias qu\u00edmicas peligrosas en determinadas cantidades o que pueden causar lesiones si se manipulan incorrectamente, querr\u00e1 que los compradores lo sepan antes de comprarlo. Tambi\u00e9n debe incluir informaci\u00f3n sobre c\u00f3mo se etiquetar\u00e1 el envase y qu\u00e9 informaci\u00f3n se incluir\u00e1 en \u00e9l.<\/p><h3 class=\"wp-block-heading\" id=\"7-intellectual-property\">Propiedad intelectual<\/h3><p>Disposiciones sobre propiedad intelectual, licencias e indemnizaciones, incluido hasta qu\u00e9 punto puedes controlar tus propios derechos de propiedad intelectual y hasta qu\u00e9 punto tendr\u00e1s que utilizar la propiedad intelectual de ellos si son ellos quienes la proporcionan (esto puede variar seg\u00fan la categor\u00eda del producto) .<\/p><p>Las disposiciones sobre indemnizaciones y licencias son cruciales para el \u00e9xito de su empresa. Aseg\u00farese de que comprende exactamente cu\u00e1les ser\u00e1n sus obligaciones en virtud de estas disposiciones antes de firmar un contrato. Por ejemplo, si el fabricante le exige que utilice su propiedad intelectual para vender sus productos, es importante que sepa qu\u00e9 tipo de control tiene tambi\u00e9n sobre sus propios derechos de propiedad intelectual.<\/p><h3 class=\"wp-block-heading\" id=\"8-quality-requirements-and-product-warranty\">Requisitos de calidad y garant\u00eda de los productos<\/h3><p>Antes de firmar en la l\u00ednea de puntos, aseg\u00farese de que entiende claramente lo que se espera de su fabricante contratado (CM).<\/p><p>Para evitar posibles problemas en el futuro, siga estos pasos:<\/p><p>Especifique los requisitos de calidad y la garant\u00eda del producto. Aseg\u00farese de que el fabricante por contrato tiene experiencia en su sector y entiende las necesidades espec\u00edficas de su producto, y de que dispone de las instalaciones y el personal necesarios para hacerlo bien. Si va a crear un producto nuevo o tiene necesidades de producci\u00f3n \u00fanicas, aseg\u00farese de que pueden hacerlo.<\/p><p>Aseg\u00farate de que pueden hacerlo. Compruebe las referencias y pida pruebas de su capacidad. Compruebe las referencias de otras empresas que hayan trabajado con ellos en el pasado, sobre todo si son similares a la suya. P\u00f3ngase en contacto con al menos tres clientes y preg\u00fanteles por su experiencia trabajando con este CM; preg\u00fanteles espec\u00edficamente por cualquier problema que hayan tenido durante la producci\u00f3n y c\u00f3mo lo resolvieron. <\/p><p>Tambi\u00e9n puede preguntar por la flexibilidad o capacidad de respuesta del fabricante cuando se necesitaron cambios durante la producci\u00f3n o las pruebas de control de calidad. Y aseg\u00farese de que est\u00e1n dispuestos a firmar un acuerdo de confidencialidad antes de revelar cualquier informaci\u00f3n de propiedad o de enviar muestras del dise\u00f1o de su producto para evaluar sus capacidades. Si no tiene un acuerdo de confidencialidad, NO env\u00ede muestras de su producto a esta empresa. Es la forma m\u00e1s r\u00e1pida de ser estafado.<\/p><h3 class=\"wp-block-heading\" id=\"9-who-is-owner\">Qui\u00e9n es el propietario<\/h3><p>Deje clara la propiedad de los moldes y utillajes. Antes de firmar un contrato con un fabricante chino, aseg\u00farese de que existe una cl\u00e1usula que especifica qui\u00e9n es el propietario del utillaje utilizado para fabricar su producto. Si el fabricante es el propietario, podr\u00e1 venderlo o utilizarlo en otros proyectos una vez que haya terminado con el suyo, lo que podr\u00eda dejar a su empresa sin posibilidad de producir m\u00e1s unidades en el futuro.<\/p><p>Una forma de evitarlo es especificar que el utillaje pertenece a su empresa. Si lo hace, tambi\u00e9n puede especificar que debe devolverse en buen estado.<\/p><h3 class=\"wp-block-heading\" id=\"10-dispute-resolution\">Resoluci\u00f3n de litigios<\/h3><p>Por cuidadosa que sea su planificaci\u00f3n, no hay garant\u00eda de que todos los aspectos de su empresa salgan seg\u00fan lo previsto. Si conoce los riesgos potenciales y toma medidas razonables para gestionarlos, puede reducir la probabilidad de que afecten a su empresa.<\/p><p>Como propietario de una peque\u00f1a empresa, siempre hay que estar preparado para lo inesperado. Aunque pueda parecer de sentido com\u00fan, muchas empresas fracasan porque no disponen de un plan de contingencia para hacer frente a imprevistos. Esto puede ser especialmente cierto cuando se trata de la fabricaci\u00f3n por contrato en China.<\/p><p>Si trabaja con un contratista o fabricante chino, es importante que haya un contrato que establezca claramente las responsabilidades de cada parte. El contrato tambi\u00e9n debe contener cl\u00e1usulas sobre c\u00f3mo se resolver\u00e1n las disputas si hay alg\u00fan desacuerdo sobre los t\u00e9rminos del acuerdo o si algo sale mal durante el proceso de fabricaci\u00f3n de los productos.<\/p><h2 class=\"wp-block-heading\" id=\"11-takeaway\">Para llevar:<\/h2><p>Haga lo que haga, no firme un contrato de fabricaci\u00f3n sin haberlo pensado bien. Es importante trabajar con asesores experimentados y bien informados durante todo el proceso para evitar cualquier problema con su fabricante chino. De este modo, podr\u00e1 estar seguro de que sus productos se fabrican con materiales de alta calidad y se elaboran correctamente.<\/p>","protected":false},"excerpt":{"rendered":"<p>And if you&#8217;re thinking of China contract manufacturing, you&#8217;re probably not alone in your quest. But don&#8217;t despair! We&#8217;ve got some tips that will help you make sure your China contract manufacturing experience is a smooth one.China contract manufacturing is an attractive option for companies looking to expand their business. The country has a strong [&hellip;]<\/p>\n","protected":false},"author":1,"featured_media":0,"parent":0,"menu_order":0,"comment_status":"open","ping_status":"open","template":"","meta":{"footnotes":""},"class_list":["post-8952","page","type-page","status-publish","hentry"],"blocksy_meta":{"styles_descriptor":{"styles":{"desktop":"","tablet":"","mobile":""},"google_fonts":[],"version":6}},"_links":{"self":[{"href":"https:\/\/www.plasticmoulds.net\/es\/wp-json\/wp\/v2\/pages\/8952","targetHints":{"allow":["GET"]}}],"collection":[{"href":"https:\/\/www.plasticmoulds.net\/es\/wp-json\/wp\/v2\/pages"}],"about":[{"href":"https:\/\/www.plasticmoulds.net\/es\/wp-json\/wp\/v2\/types\/page"}],"author":[{"embeddable":true,"href":"https:\/\/www.plasticmoulds.net\/es\/wp-json\/wp\/v2\/users\/1"}],"replies":[{"embeddable":true,"href":"https:\/\/www.plasticmoulds.net\/es\/wp-json\/wp\/v2\/comments?post=8952"}],"version-history":[{"count":0,"href":"https:\/\/www.plasticmoulds.net\/es\/wp-json\/wp\/v2\/pages\/8952\/revisions"}],"wp:attachment":[{"href":"https:\/\/www.plasticmoulds.net\/es\/wp-json\/wp\/v2\/media?parent=8952"}],"curies":[{"name":"wp","href":"https:\/\/api.w.org\/{rel}","templated":true}]}}