{"id":8899,"date":"2022-10-11T09:33:00","date_gmt":"2022-10-11T01:33:00","guid":{"rendered":"https:\/\/plasticmoulds.net\/?p=8899"},"modified":"2022-10-12T09:34:57","modified_gmt":"2022-10-12T01:34:57","slug":"como-la-fabricacion-china-de-bajo-volumen-puede-ayudar-a-las-pequenas-empresas-2022","status":"publish","type":"page","link":"https:\/\/www.plasticmoulds.net\/es\/how-china-low-volume-manufacturing-can-help-small-businesses-2022","title":{"rendered":"C\u00f3mo la fabricaci\u00f3n china de bajo volumen puede ayudar a las peque\u00f1as empresas 2022"},"content":{"rendered":"<p>Cuando se es propietario de una peque\u00f1a empresa, lo \u00faltimo que se desea es gastar tiempo y dinero en procesos de fabricaci\u00f3n. Pero no puedes permit\u00edrtelo y no tienes tiempo.<\/p><p>\u00bfY si le dijera que hay una forma de reducir sus costes de fabricaci\u00f3n sin sacrificar la calidad ni aumentar su carga de trabajo?<\/p><figure class=\"wp-block-image aligncenter size-full\"><a href=\"https:\/\/plasticmoulds.net\/wp-content\/uploads\/2022\/07\/018-mass-production-1.png\"><img loading=\"lazy\" decoding=\"async\" width=\"512\" height=\"512\" src=\"https:\/\/plasticmoulds.net\/wp-content\/uploads\/2022\/07\/018-mass-production-1.png\" alt=\"\" class=\"wp-image-7934\" srcset=\"https:\/\/www.plasticmoulds.net\/wp-content\/uploads\/2022\/07\/018-mass-production-1.png 512w, https:\/\/www.plasticmoulds.net\/wp-content\/uploads\/2022\/07\/018-mass-production-1-300x300.png 300w, https:\/\/www.plasticmoulds.net\/wp-content\/uploads\/2022\/07\/018-mass-production-1-150x150.png 150w\" sizes=\"auto, (max-width: 512px) 100vw, 512px\" \/><\/a><\/figure><p>Se llama \"<strong>fabricaci\u00f3n de bajo volumen<\/strong>.\" Y es exactamente lo que parece: un m\u00e9todo para producir bajos vol\u00famenes de productos de alta calidad a un precio asequible.<\/p><p>La fabricaci\u00f3n de bajo volumen utiliza muchos de los mismos principios que la fabricaci\u00f3n justo a tiempo, pero con ajustes espec\u00edficos que la hacen ideal para peque\u00f1as empresas con presupuestos y recursos limitados.<\/p><p>De hecho, seg\u00fan un estudio, la fabricaci\u00f3n de bajo volumen puede reducir los costes hasta 50%.<\/p><h2 class=\"wp-block-heading\">La eliminaci\u00f3n de herramientas reduce<\/h2><p>La diferencia m\u00e1s significativa entre la fabricaci\u00f3n de gran volumen y la de bajo volumen se reduce a <strong><a href=\"https:\/\/plasticmoulds.net\/plastic-mold-tool-cost\" target=\"_blank\" rel=\"noreferrer noopener\">costes de utillaje<\/a><\/strong>. La producci\u00f3n de grandes vol\u00famenes requiere costosos moldes y matrices para cada pieza, lo que puede resultar muy caro. <\/p><p>Por ejemplo, si necesita 100 piezas con 10 piezas diferentes por molde, necesitar\u00e1 10 moldes o matrices. Solo los costes de utillaje podr\u00edan ascender a miles de d\u00f3lares por pieza. <\/p><p>En cambio, la producci\u00f3n de bajo volumen utiliza herramientas sencillas, como punzones y matrices, fabricadas con materiales b\u00e1sicos como acero o aluminio de baja calidad. Esto elimina gran parte de los costes de utillaje asociados a los procesos de fabricaci\u00f3n a gran escala. <\/p><p>Sin embargo, esto tambi\u00e9n significa que no hay margen de error a la hora de crear estas sencillas herramientas, ya que deben ser exactas en todo momento para que funcionen correctamente con el dise\u00f1o de su producto. Estas herramientas simples tampoco pueden reutilizarse y deben sustituirse despu\u00e9s de cada producci\u00f3n. <\/p><p>Esto significa que los costes de utillaje son mucho m\u00e1s elevados que en otros procesos de fabricaci\u00f3n, pero tambi\u00e9n reduce el coste total de su producto al disminuir la necesidad de herramientas m\u00e1s caras, como moldes o matrices.<\/p><h2 class=\"wp-block-heading\">Fabricaci\u00f3n de alta mezcla y bajo volumen<\/h2><p>La fabricaci\u00f3n de alta mezcla y bajo volumen es el proceso de producci\u00f3n de una serie de productos con peque\u00f1as variaciones en el dise\u00f1o. Es ideal para los propietarios de peque\u00f1as empresas que quieren fabricar una gran cantidad de productos diferentes pero no disponen de los recursos necesarios para invertir en maquinaria de producci\u00f3n en masa o producci\u00f3n por lotes a gran escala.<\/p><p>Las peque\u00f1as empresas se enfrentan a retos \u00fanicos a la hora de fabricar sus productos. No tienen los recursos ni la capacidad que tienen las empresas m\u00e1s grandes, por lo que a menudo tienen que idear soluciones creativas para sus necesidades de fabricaci\u00f3n.<\/p><figure class=\"wp-block-image aligncenter size-full\"><a href=\"https:\/\/plasticmoulds.net\/wp-content\/uploads\/2022\/07\/010-conveyor.png\"><img loading=\"lazy\" decoding=\"async\" width=\"512\" height=\"512\" src=\"https:\/\/plasticmoulds.net\/wp-content\/uploads\/2022\/07\/010-conveyor.png\" alt=\"\" class=\"wp-image-7926\" srcset=\"https:\/\/www.plasticmoulds.net\/wp-content\/uploads\/2022\/07\/010-conveyor.png 512w, https:\/\/www.plasticmoulds.net\/wp-content\/uploads\/2022\/07\/010-conveyor-300x300.png 300w, https:\/\/www.plasticmoulds.net\/wp-content\/uploads\/2022\/07\/010-conveyor-150x150.png 150w\" sizes=\"auto, (max-width: 512px) 100vw, 512px\" \/><\/a><\/figure><p>Una instalaci\u00f3n de fabricaci\u00f3n de alta mezcla y bajo volumen (HMLV) est\u00e1 dise\u00f1ada espec\u00edficamente para peque\u00f1as empresas que necesitan producir m\u00faltiples variaciones de un producto en peque\u00f1as cantidades a precios asequibles. <\/p><p>Estas instalaciones suelen denominarse talleres de trabajo porque aceptan encargos de muchos clientes distintos a la vez y realizan cada tarea por separado sin solaparse. Esta es una gran opci\u00f3n para los fabricantes que necesitan producir peque\u00f1os lotes de muchos productos diferentes, pero no es la mejor opci\u00f3n si desea centrarse en una l\u00ednea de productos y ampliarla r\u00e1pidamente.<\/p><p>Muchas peque\u00f1as empresas producen piezas en bajo volumen, pero con una gran mezcla. Esto significa que necesitan producir una gran variedad de piezas diferentes. Por ejemplo, si tiene un taller de reparaci\u00f3n de autom\u00f3viles, es posible que necesite producir cientos de tipos diferentes de soportes de motor, cada uno con sus propias dimensiones \u00fanicas.<\/p><h2 class=\"wp-block-heading\">Fabricaci\u00f3n justo a tiempo<\/h2><p>La fabricaci\u00f3n justo a tiempo es un componente clave de la fabricaci\u00f3n ajustada. Es una estrategia que permite a los fabricantes reducir costes reduciendo los niveles de inventario y los residuos. El t\u00e9rmino \"justo a tiempo\" fue utilizado por primera vez por Taiichi Ohno, padre del sistema de fabricaci\u00f3n de Toyota Motor Corporation conocido como Lean Manufacturing.<\/p><p>La fabricaci\u00f3n justo a tiempo se centra en eliminar los residuos del proceso de producci\u00f3n. Los residuos pueden incluir cualquier cosa, desde el exceso de tiempo dedicado a esperar a que lleguen las piezas o las m\u00e1quinas, hasta el exceso de existencias de productos acabados que podr\u00edan no venderse tan r\u00e1pido como estaba previsto. <\/p><p>La fabricaci\u00f3n justo a tiempo pretende eliminar estos problemas haciendo que las piezas se entreguen exactamente cuando se necesitan, en lugar de mantener grandes cantidades de existencias a mano en todo momento.<\/p><p>Entre las ventajas de la fabricaci\u00f3n justo a tiempo se incluyen:<\/p><ul class=\"wp-block-list\"><li>Reduce los residuos eliminando la sobreproducci\u00f3n;<\/li><li>Mejora la eficacia al eliminar los retrasos debidos a la espera de piezas o materiales;<\/li><li>Reduce los costes de inventario al disminuir la cantidad de materiales almacenados.<\/li><\/ul><h2 class=\"wp-block-heading\">Fabricaci\u00f3n de productos complejos<\/h2><p>Fabricar productos complejos como dispositivos m\u00e9dicos, equipos aeroespaciales y otros bienes de alta tecnolog\u00eda es un asunto complicado. Estos productos suelen requerir maquinaria cara, ingenier\u00eda avanzada y mucha mano de obra.<\/p><p>Los fabricantes deben gestionar cuidadosamente el flujo de materiales a trav\u00e9s de sus instalaciones, desde las materias primas en el almac\u00e9n hasta los productos acabados en un pal\u00e9 con destino a los centros de distribuci\u00f3n o a los clientes. <\/p><p>La complejidad de estos procesos de fabricaci\u00f3n puede dificultar a las peque\u00f1as empresas seguir el ritmo de la demanda, sobre todo si no tienen suficientes empleados o espacio para dedicarse por completo a la producci\u00f3n.<\/p><p>Muchos fabricantes optan por externalizar la fabricaci\u00f3n de bajo volumen porque les permite centrarse en su actividad principal sin dejar de fabricar productos de alta calidad a tiempo y sin salirse del presupuesto. <\/p><p>El proceso consiste en subcontratar partes de su proceso de producci\u00f3n a otra empresa especializada en servicios de producci\u00f3n de bajo volumen, como la fabricaci\u00f3n de productos complejos o la personalizaci\u00f3n de productos para cumplir especificaciones concretas. <\/p><p>Esto puede ayudar a aliviar parte de la presi\u00f3n asociada a la gesti\u00f3n de una operaci\u00f3n de fabricaci\u00f3n eficiente, manteniendo al mismo tiempo el control sobre las normas de calidad y los plazos.<\/p><h2 class=\"wp-block-heading\">Acercar la fabricaci\u00f3n al cliente<\/h2><p>A medida que la econom\u00eda global se ha ido digitalizando y basando cada vez m\u00e1s en los servicios, el mundo est\u00e1 m\u00e1s conectado. Esto significa que los productos pueden fabricarse en un lugar, enviarse a otro y ensamblarse all\u00ed. El resultado final es que ya no es necesario fabricar en grandes cantidades y en un lugar centralizado.<\/p><p>La fabricaci\u00f3n de bajo volumen ofrece muchas ventajas a las empresas que quieren seguir siendo competitivas en la econom\u00eda global actual.<\/p><p>Puede estar cerca de sus clientes. Si usted es un fabricante que vende productos directamente a los consumidores, sabe lo importante que es estar cerca de sus clientes. Quiere que puedan ponerse f\u00e1cilmente en contacto con usted para cualquier pregunta o duda que puedan tener sobre su producto o servicio. <\/p><figure class=\"wp-block-image aligncenter size-full\"><a href=\"https:\/\/plasticmoulds.net\/wp-content\/uploads\/2022\/07\/008-industrial.png\"><img loading=\"lazy\" decoding=\"async\" width=\"512\" height=\"512\" src=\"https:\/\/plasticmoulds.net\/wp-content\/uploads\/2022\/07\/008-industrial.png\" alt=\"\" class=\"wp-image-7923\" srcset=\"https:\/\/www.plasticmoulds.net\/wp-content\/uploads\/2022\/07\/008-industrial.png 512w, https:\/\/www.plasticmoulds.net\/wp-content\/uploads\/2022\/07\/008-industrial-300x300.png 300w, https:\/\/www.plasticmoulds.net\/wp-content\/uploads\/2022\/07\/008-industrial-150x150.png 150w\" sizes=\"auto, (max-width: 512px) 100vw, 512px\" \/><\/a><\/figure><p>La fabricaci\u00f3n de bajo volumen le permite fabricar productos m\u00e1s cerca de donde viven sus clientes para poder atenderles mejor durante las interacciones continuas de servicio al cliente, as\u00ed como durante las transacciones de venta iniciales cuando le compran por primera vez.<\/p><p>Puede aumentar los m\u00e1rgenes de beneficio reduciendo los costes de espacio de almacenamiento de existencias. Cuando fabrica en grandes cantidades y almacena esos bienes en almacenes de inventario, se hace necesario que se conserven a un rango de temperatura \u00f3ptimo para que no se estropeen antes de ser vendidos o utilizados por consumidores que los necesitan de inmediato (como los fabricantes de alimentos).<\/p><h2 class=\"wp-block-heading\">final:<\/h2><p>La fabricaci\u00f3n de bajo volumen es un campo bastante nuevo en la industria manufacturera que consiste en subcontratar piezas, productos y materiales a terceros. <\/p><p>Esto permite a su empresa centrarse m\u00e1s en el aspecto de la producci\u00f3n, mientras que las empresas m\u00e1s peque\u00f1as se encargan del dise\u00f1o y la marca de los productos. Esta tendencia creciente prevalecer\u00e1 en todos los sectores, ya que las peque\u00f1as empresas buscan hacer crecer su negocio subcontratando a otras empresas y manteniendo los costes bajos.<\/p><hr class=\"wp-block-separator has-alpha-channel-opacity\"\/><h2 class=\"wp-block-heading\">Moldeo por inyecci\u00f3n de peque\u00f1o volumen en China<\/h2><p>Mucha gente oye las palabras \"China\" y \"moldeo\" en la misma frase y asume lo peor. Piensan en productos baratos y de baja calidad que se fabrican utilizando pr\u00e1cticas de fabricaci\u00f3n deficientes que ponen en peligro la vida de los trabajadores.<\/p><p>Pero no siempre es as\u00ed.<\/p><p>China tiene una larga historia de producci\u00f3n de bienes de calidad para la exportaci\u00f3n. De hecho, algunos de los productos mejor fabricados del mundo proceden de China. Y en lo que respecta al moldeo por inyecci\u00f3n de pl\u00e1sticos, China es uno de los pa\u00edses m\u00e1s sofisticados del mundo.<\/p><p>El moldeo por inyecci\u00f3n es una forma popular de fabricar piezas y dispositivos de pl\u00e1stico. China es un buen lugar para fabricar moldes de inyecci\u00f3n de bajo volumen porque el coste de la mano de obra es mucho menor que en Estados Unidos o Europa. Muchos fabricantes chinos tienen cantidades m\u00ednimas de pedido (MOQ) de s\u00f3lo 1.000 piezas y plazos de entrega tan cortos como 3-4 semanas. Esto puede ser muy \u00fatil para las peque\u00f1as empresas que quieren empezar con su propia l\u00ednea de productos, pero no quieren invertir mucho dinero en herramientas y costes de producci\u00f3n por adelantado.<\/p><p>\u00bfC\u00f3mo saber si se trata de un proveedor fiable? Hay que fijarse en los detalles:<\/p><ol class=\"wp-block-list\"><li>Cantidad m\u00ednima de pedido (MOQ): un proveedor de confianza no le pedir\u00e1 un pedido enorme antes de tener la oportunidad de reunirse con usted o ver su producto. En lugar de eso, querr\u00e1 asegurarse de que te tomas en serio tu proyecto antes de dedicarle demasiado tiempo o dinero.<\/li><\/ol><ul class=\"wp-block-list\"><li>Plazos de entrega: los mejores proveedores tienen plazos de entrega cortos para poder entregarle el producto lo antes posible (y seguir cumpliendo las normas de calidad). Si no pueden darte una fecha exacta para la entrega del producto, probablemente deber\u00edas buscar otro proveedor.<\/li><li>Precio - El precio de un producto no debe ser lo \u00fanico que tenga en cuenta a la hora de elegir un proveedor; sin embargo, es importante asegurarse de que no intentan timarle. Una buena regla general es comparar precios con otros proveedores y asegurarse de que son comparables antes de firmar ning\u00fan contrato.<\/li><\/ul>","protected":false},"excerpt":{"rendered":"<p>When you&#8217;re a small business owner, the last thing you want to do is spend your time and money on manufacturing processes. But you can&#8217;t afford it and you don&#8217;t have the time.What if I told you that there&#8217;s a way to cut down on your manufacturing costs without sacrificing quality or increasing your work [&hellip;]<\/p>\n","protected":false},"author":11,"featured_media":0,"parent":0,"menu_order":0,"comment_status":"open","ping_status":"open","template":"","meta":{"footnotes":""},"class_list":["post-8899","page","type-page","status-publish","hentry"],"blocksy_meta":{"styles_descriptor":{"styles":{"desktop":"","tablet":"","mobile":""},"google_fonts":[],"version":6}},"_links":{"self":[{"href":"https:\/\/www.plasticmoulds.net\/es\/wp-json\/wp\/v2\/pages\/8899","targetHints":{"allow":["GET"]}}],"collection":[{"href":"https:\/\/www.plasticmoulds.net\/es\/wp-json\/wp\/v2\/pages"}],"about":[{"href":"https:\/\/www.plasticmoulds.net\/es\/wp-json\/wp\/v2\/types\/page"}],"author":[{"embeddable":true,"href":"https:\/\/www.plasticmoulds.net\/es\/wp-json\/wp\/v2\/users\/11"}],"replies":[{"embeddable":true,"href":"https:\/\/www.plasticmoulds.net\/es\/wp-json\/wp\/v2\/comments?post=8899"}],"version-history":[{"count":0,"href":"https:\/\/www.plasticmoulds.net\/es\/wp-json\/wp\/v2\/pages\/8899\/revisions"}],"wp:attachment":[{"href":"https:\/\/www.plasticmoulds.net\/es\/wp-json\/wp\/v2\/media?parent=8899"}],"curies":[{"name":"wp","href":"https:\/\/api.w.org\/{rel}","templated":true}]}}