{"id":8650,"date":"2022-09-08T12:56:15","date_gmt":"2022-09-08T04:56:15","guid":{"rendered":"https:\/\/plasticmoulds.net\/?p=8650"},"modified":"2022-12-29T11:10:29","modified_gmt":"2022-12-29T03:10:29","slug":"por-que-necesita-el-moldeo-por-inyeccion-de-policarbonato-en-china","status":"publish","type":"page","link":"https:\/\/www.plasticmoulds.net\/es\/why-you-need-china-polycarbonate-injection-molding","title":{"rendered":"por qu\u00e9 necesita el moldeo por inyecci\u00f3n de policarbonato de China"},"content":{"rendered":"<h1 class=\"wp-block-heading\">por qu\u00e9 necesita el moldeo por inyecci\u00f3n de policarbonato de China<\/h1><p><a href=\"https:\/\/plasticmoulds.net\/polycarbonate-injection-molding.html\">Moldeo por inyecci\u00f3n de policarbonato<\/a> es un proceso de fabricaci\u00f3n que utiliza calor para ablandar y dar forma a la resina de PC, que se endurece y adopta la forma del objeto. Cuando el material preformado se comprime a su forma final con alta presi\u00f3n, este proceso difiere del moldeo por compresi\u00f3n.<\/p><p>Como material resistente y ligero, el policarbonato es popular para el moldeo por inyecci\u00f3n. Adem\u00e1s de gafas y monitores de ordenador, los fabricantes utilizan moldes de policarbonato para producir juguetes, art\u00edculos deportivos, piezas de autom\u00f3viles y mucho m\u00e1s. Este art\u00edculo explora las ventajas del moldeo por inyecci\u00f3n de policarbonato en China.<\/p><figure class=\"wp-block-image size-large\"><a href=\"https:\/\/plasticmoulds.net\/wp-content\/uploads\/2022\/05\/1620963291604.jpg\"><img loading=\"lazy\" decoding=\"async\" width=\"640\" height=\"291\" src=\"https:\/\/plasticmoulds.net\/wp-content\/uploads\/2022\/05\/1620963291604.jpg\" alt=\"\" class=\"wp-image-7479\" srcset=\"https:\/\/www.plasticmoulds.net\/wp-content\/uploads\/2022\/05\/1620963291604.jpg 640w, https:\/\/www.plasticmoulds.net\/wp-content\/uploads\/2022\/05\/1620963291604-300x136.jpg 300w\" sizes=\"auto, (max-width: 640px) 100vw, 640px\" \/><\/a><\/figure><h2 class=\"wp-block-heading\">\u00bfQu\u00e9 es el policarbonato?<\/h2><p>El policarbonato es un pol\u00edmero termopl\u00e1stico que contiene grupos carbonato. El policarbonato es un material resistente, duradero y transparente. Las gafas, los equipos m\u00e9dicos y los componentes de automoci\u00f3n suelen fabricarse con estos materiales.<\/p><p>Las piezas moldeadas por inyecci\u00f3n fabricadas con policarbonatos tambi\u00e9n pueden tener una mayor resistencia a los impactos. El moldeo por inyecci\u00f3n consiste en calentar el pl\u00e1stico hasta que est\u00e9 blando y flexible, y luego introducirlo en un molde. Cuando el pl\u00e1stico se enfr\u00eda, se endurece hasta su estado final.<\/p><p>El policarbonato termoformado tambi\u00e9n es posible y consiste en calentar el pl\u00e1stico y forzarlo a adoptar la forma deseada mediante vac\u00edo u horno. Una pieza o componente de policarbonato es una opci\u00f3n excelente para muchas aplicaciones diferentes debido a su resistencia y flexibilidad.<\/p><h2 class=\"wp-block-heading\">Ventajas del policarbonato para moldeo por inyecci\u00f3n<\/h2><p><mark>El policarbonato es un material<\/mark>d material duradero, lo que lo convierte en una buena elecci\u00f3n para el moldeo por inyecci\u00f3n. El moldeo por inyecci\u00f3n de policarbonato es un gran m\u00e9todo para producir piezas de pl\u00e1stico de alta calidad. Como resultado, puede soportar temperaturas extremas y ofrecer muchas ventajas, como resistencia, durabilidad y claridad \u00f3ptica. Adem\u00e1s de ofrecer una protecci\u00f3n 100% contra los rayos UV, el policarbonato es extremadamente resistente al calor. Con \u00e9l se pueden fabricar equipos de protecci\u00f3n como pantallas faciales, viseras, gafas de seguridad y gafas protectoras.<\/p><p>Adem\u00e1s, el policarbonato es muy resistente a la rotura y la fragmentaci\u00f3n debido a su alta resistencia al impacto. Adem\u00e1s, el material se contrae uniformemente en condiciones de moldeado, lo que facilita el moldeo por inyecci\u00f3n sin comprometer la calidad ni la precisi\u00f3n del producto. Adem\u00e1s,<\/p><p>Por regla general, el moldeo por inyecci\u00f3n de policarbonato proporciona una excelente claridad \u00f3ptica y puede soportar temperaturas extremas. Cuando se utiliza en equipos de protecci\u00f3n, la alta resistencia al impacto del material y la contracci\u00f3n uniforme del molde garantizan la precisi\u00f3n al fabricar piezas moldeadas por inyecci\u00f3n.<\/p><h2 class=\"wp-block-heading\">Las ventajas del moldeo por inyecci\u00f3n de policarbonato en China<\/h2><p>El moldeo por inyecci\u00f3n de policarbonato en China presenta una gran variedad de ventajas.<\/p><p>T<strong>l coste del moldeo por inyecci\u00f3n en China es bajo<\/strong>. Los precios suelen ser mucho m\u00e1s bajos que los de otros materiales como el acr\u00edlico y el vidrio, e incluso son comparables a los del pl\u00e1stico ABS. Sin embargo, como solo necesita una peque\u00f1a cantidad de material para fabricar su producto (dependiendo de su tama\u00f1o), el coste total ser\u00e1 mucho menor que el de muchos otros tipos de pl\u00e1stico.<\/p><div class=\"wp-block-group is-layout-flow wp-block-group-is-layout-flow\"><h4 class=\"wp-block-heading\">Por qu\u00e9 son importantes para el coste del moldeo por inyecci\u00f3n<\/h4><ul class=\"wp-block-list\"><li><strong>Tama\u00f1o de la pieza.\u00a0<\/strong>Piezas m\u00e1s grandes significan un molde m\u00e1s grande, lo que significa que un acero m\u00e1s grande aumentar\u00e1 el coste del acero para el molde de inyecci\u00f3n.<\/li><li><strong>Dise\u00f1o de piezas<\/strong> Cuanto m\u00e1s compleja es una pieza, m\u00e1s detallado debe ser el molde. Algunas piezas complicadas requerir\u00e1n que se a\u00f1adan caracter\u00edsticas especiales, como elevadores o deslizadores. Por lo tanto, debe estar abierto a los consejos de su fabricante de moldes y ver si hay alg\u00fan lugar en el que pueda alterar el dise\u00f1o de la pieza para ahorrar en los costes del molde de inyecci\u00f3n.<\/li><li><b>Materiales: <\/b>Dependiendo del material de la pieza elegida, el molde de inyecci\u00f3n tendr\u00e1 que ser de un material determinado. Por ejemplo, si se va a utilizar un pl\u00e1stico corrosivo como el PVC, el molde tendr\u00e1 que ser de acero inoxidable para evitar cualquier da\u00f1o y, en \u00faltima instancia, encarecer el precio.<\/li><li><strong>Requisitos de acabado de la pieza.\u00a0<\/strong>Cuando las piezas requieran una superficie muy brillante, ser\u00e1 necesario utilizar acero m\u00e1s caro y un pulido t\u00e9cnico preciso, lo que encarecer\u00e1 el precio.<\/li><li><strong>Volumen de producci\u00f3n.\u00a0<\/strong>Los moldes de mayor volumen necesitan m\u00e1s cavidades, por lo que el molde ser\u00e1 m\u00e1s grande. Tambi\u00e9n requieren un grado de acero superior para que duren m\u00e1s, lo que repercute en el <a href=\"https:\/\/plasticmoulds.net\/plastic-mold-tool-cost\">coste del molde de inyecci\u00f3n<\/a>.<\/li><li><strong>Pa\u00eds de fabricaci\u00f3n<\/strong> Los salarios var\u00edan de un pa\u00eds a otro. Si su molde se fabrica en un pa\u00eds donde los costes laborales son bajos, naturalmente ahorrar\u00e1 dinero. En China, el coste medio de un molde de inyecci\u00f3n es alrededor de 40% menos que en las naciones occidentales.<\/li><\/ul><\/div><p>D<strong>os plazos de entrega son r\u00e1pidos<\/strong>-Unos pocos d\u00edas (para moldes prototipo) o semanas como m\u00e1ximo para los productos acabados que utilizan este proceso. Esto es especialmente importante si necesita obtener su producto r\u00e1pidamente y no tiene tiempo para esperar semanas o meses.<\/p><p><strong>F\u00e1cil de usar<\/strong>Este m\u00e9todo es flexible y f\u00e1cil de usar (lo que lo hace muy popular). Tambi\u00e9n puede producir piezas de buena calidad con poco o ning\u00fan procesamiento posterior tras el moldeo, lo que reduce a\u00fan m\u00e1s los costes de mano de obra asociados a la creaci\u00f3n de su producto.<\/p><h2 class=\"wp-block-heading\">Soluciones rentables para reducir costes<\/h2><p>La eficiencia de costes es clave para seguir siendo competitivo en el mercado actual, y reducir costes mediante la mejora de procesos y soluciones es una forma de ayudar a las empresas a mantenerse a la vanguardia. La rentabilidad puede lograrse racionalizando los procesos de producci\u00f3n, optimizando los dise\u00f1os y mejorando la eficiencia operativa.<\/p><p>Una forma de reducir los costes del moldeo por inyecci\u00f3n de PC es simplificar el dise\u00f1o de las piezas moldeadas por inyecci\u00f3n. Al eliminar caracter\u00edsticas o componentes innecesarios, se puede reducir la complejidad del molde de inyecci\u00f3n y ahorrar dinero en costes de fabricaci\u00f3n. Adem\u00e1s, la reducci\u00f3n de las temperaturas de fusi\u00f3n puede reducir los tiempos de ciclo y mejorar la eficiencia operativa para una producci\u00f3n m\u00e1s r\u00e1pida con menores costes.<\/p><p>Los moldes familiares son otra gran soluci\u00f3n para ahorrar costes, ya que permiten producir simult\u00e1neamente varias copias de la misma pieza o de diferentes partes de un producto en un solo proceso de moldeo. Los dise\u00f1adores de productos tambi\u00e9n deben considerar formas de optimizar sus dise\u00f1os para ahorrar costes, como utilizar menos componentes o materiales m\u00e1s rentables.<\/p><p>Al centrarse en soluciones rentables y racionalizar los procesos, las empresas pueden reducir los gastos generales sin dejar de fabricar productos de calidad a precios competitivos.<\/p><h2 class=\"wp-block-heading\">Consideraciones de dise\u00f1o para optimizar el proceso<\/h2><p>El dise\u00f1o para el moldeo por inyecci\u00f3n de pl\u00e1sticos es un proceso complejo que requiere una cuidadosa consideraci\u00f3n de muchos factores. Para garantizar piezas de calidad, el dise\u00f1ador debe tener en cuenta las propiedades del material, el dise\u00f1o de la pieza, el dise\u00f1o del utillaje y el proceso de moldeo por inyecci\u00f3n. Teniendo en cuenta todos estos factores y optimiz\u00e1ndolos en consecuencia, los fabricantes pueden producir piezas consistentes con resultados superiores.<\/p><p>La selecci\u00f3n de materiales desempe\u00f1a un papel importante a la hora de determinar el \u00e9xito de un proyecto. Los distintos materiales tienen caracter\u00edsticas diferentes que pueden afectar a su rendimiento y durabilidad. Por ejemplo, el policarbonato (PC) es adecuado para aplicaciones que requieren resistencia a altas temperaturas o resistencia al impacto, mientras que el nailon se utiliza a menudo por su mayor resistencia a la abrasi\u00f3n. Adem\u00e1s, las resinas reforzadas con fibras de vidrio u otras cargas pueden a\u00f1adir resistencia y rigidez a una pieza sin sacrificar su flexibilidad u otras propiedades.<\/p><p>El dise\u00f1o de la pieza tambi\u00e9n es importante para garantizar el \u00e9xito del moldeo por inyecci\u00f3n. Las caracter\u00edsticas geom\u00e9tricas, como las paredes, las nervaduras y los resaltes, deben considerarse cuidadosamente para garantizar que se dise\u00f1an adecuadamente para un llenado \u00f3ptimo durante el moldeo por inyecci\u00f3n y para minimizar las concentraciones de tensi\u00f3n en las piezas acabadas. El dise\u00f1ador tambi\u00e9n debe tener en cuenta c\u00f3mo se gestionar\u00e1 la ventilaci\u00f3n durante la producci\u00f3n para evitar que el aire atrapado cree defectos en las piezas moldeadas.<\/p><h2 class=\"wp-block-heading\">Procedimiento de moldeo por inyecci\u00f3n de policarbonato<\/h2><ul class=\"wp-block-list\"><li><strong>Dise\u00f1o del molde<\/strong>Una vez que sepas qu\u00e9 tipo de pl\u00e1stico quieres utilizar, es hora de empezar. <a href=\"https:\/\/plasticmoulds.net\/what-is-plastic-mold.html\" target=\"_blank\" rel=\"noreferrer noopener\">dise\u00f1o del molde<\/a>. El primer paso es decidir cu\u00e1ntas piezas se fabricar\u00e1n con un molde y c\u00f3mo encajar\u00e1n entre s\u00ed, lo que determinar\u00e1 cu\u00e1ntas cavidades se necesitan en el producto final. A partir de ah\u00ed, puede pasar a crear un archivo CAD de su producto con todas sus dimensiones y caracter\u00edsticas. Este archivo debe enviarse para su aprobaci\u00f3n antes de seguir adelante con la producci\u00f3n (ya que puede ser necesario realizar algunas modificaciones).<\/li><li><strong>Fabricaci\u00f3n del molde<\/strong>Una vez aprobado el archivo CAD, es hora de empezar a fabricar el molde. Este proceso puede durar de varias semanas a meses, dependiendo del n\u00famero de piezas de su dise\u00f1o y de lo complejas que sean. Cuando el molde est\u00e9 terminado, tendr\u00e1 que enviarlo para su aprobaci\u00f3n antes de pasar al moldeo por inyecci\u00f3n.<\/li><li><strong>Prueba e inspecci\u00f3n del molde para garantizar la calidad.<\/strong>Una vez fabricado el molde, hay que comprobar su calidad. Para ello, se inyecta una peque\u00f1a cantidad de pl\u00e1stico en cada cavidad y se examina su fluidez por los canales interiores. Si hay imperfecciones, habr\u00e1 que corregirlas antes de seguir adelante con la producci\u00f3n.<\/li><li><strong>Moldear su pieza de policarbonato con una m\u00e1quina de moldeo por inyecci\u00f3n<\/strong> Una vez aprobado el molde, puede pasar al moldeo por inyecci\u00f3n de su pieza. Este proceso consiste en colocar gr\u00e1nulos de resina en una m\u00e1quina de inyecci\u00f3n, que los calienta y los inyecta en cada cavidad del molde. El pl\u00e1stico de policarbonato fundido se enfr\u00eda y endurece a medida que fluye por los canales del interior de cada cavidad; una vez hecho esto, \u00a1tendr\u00e1 su pieza de policarbonato moldeada por inyecci\u00f3n!<\/li><\/ul><h2 class=\"wp-block-heading\">Empresas de moldeo por inyecci\u00f3n de policarbonato en China<\/h2><p>Las empresas de moldeo por inyecci\u00f3n en China son abundantes y est\u00e1n repartidas por todo el pa\u00eds. Muchas de estas empresas llevan d\u00e9cadas funcionando y saben exactamente lo que hace falta para ofrecer un gran servicio. Le ayudar\u00e1n en todo, desde el dise\u00f1o de su pieza hasta asegurarse de que cumple todas sus especificaciones.<\/p><p>Sin embargo, la mayor concentraci\u00f3n de empresas de moldeo por inyecci\u00f3n se encuentra en la provincia de Guangdong, donde est\u00e1n Shenzhen, Dongguan y Hong Kong. Por lo tanto, no es de extra\u00f1ar que China se haya convertido en el mayor fabricante mundial de moldeo por inyecci\u00f3n de policarbonato.<\/p><p>China tiene una larga historia de fabricaci\u00f3n y ha perfeccionado sus habilidades a lo largo de los a\u00f1os hasta convertirse en uno de los mejores. De hecho, muchos pa\u00edses conf\u00edan en China para sus necesidades de moldeo por inyecci\u00f3n. Ya se trate de piezas de pl\u00e1stico o de metal, no hay mejor lugar que China para encontrar exactamente lo que busca.<\/p><h2 class=\"wp-block-heading\">Palabras finales<\/h2><p>El moldeo por inyecci\u00f3n de policarbonato es un m\u00e9todo com\u00fan para crear productos de pl\u00e1stico, y puede utilizarse para cualquier n\u00famero de aplicaciones. El policarbonato tiene muchas ventajas sobre otros pl\u00e1sticos, pero el factor m\u00e1s importante a tener en cuenta a la hora de elegir el material es si es el adecuado para las necesidades de su proyecto. Si desea m\u00e1s informaci\u00f3n sobre c\u00f3mo funciona el moldeo por inyecci\u00f3n de policarbonato, no dude en <a href=\"https:\/\/plasticmoulds.net\/contact-us\" target=\"_blank\" rel=\"noreferrer noopener\">p\u00f3ngase en contacto con nosotros<\/a>!<\/p>","protected":false},"excerpt":{"rendered":"<p>why you need China polycarbonate injection moldingPolycarbonate injection molding is a manufacturing process that uses heat to soften and shape the PC resin, which hardens and assumes the form of the object. When pre-shaped material is compressed to its final shape with high pressure, this process differs from compression molding.As a strong and lightweight material, [&hellip;]<\/p>\n","protected":false},"author":11,"featured_media":0,"parent":0,"menu_order":0,"comment_status":"open","ping_status":"open","template":"","meta":{"footnotes":""},"class_list":["post-8650","page","type-page","status-publish","hentry"],"blocksy_meta":{"styles_descriptor":{"styles":{"desktop":"","tablet":"","mobile":""},"google_fonts":[],"version":6}},"_links":{"self":[{"href":"https:\/\/www.plasticmoulds.net\/es\/wp-json\/wp\/v2\/pages\/8650","targetHints":{"allow":["GET"]}}],"collection":[{"href":"https:\/\/www.plasticmoulds.net\/es\/wp-json\/wp\/v2\/pages"}],"about":[{"href":"https:\/\/www.plasticmoulds.net\/es\/wp-json\/wp\/v2\/types\/page"}],"author":[{"embeddable":true,"href":"https:\/\/www.plasticmoulds.net\/es\/wp-json\/wp\/v2\/users\/11"}],"replies":[{"embeddable":true,"href":"https:\/\/www.plasticmoulds.net\/es\/wp-json\/wp\/v2\/comments?post=8650"}],"version-history":[{"count":0,"href":"https:\/\/www.plasticmoulds.net\/es\/wp-json\/wp\/v2\/pages\/8650\/revisions"}],"wp:attachment":[{"href":"https:\/\/www.plasticmoulds.net\/es\/wp-json\/wp\/v2\/media?parent=8650"}],"curies":[{"name":"wp","href":"https:\/\/api.w.org\/{rel}","templated":true}]}}