{"id":8378,"date":"2022-08-16T14:29:25","date_gmt":"2022-08-16T06:29:25","guid":{"rendered":"https:\/\/plasticmoulds.net\/?p=8378"},"modified":"2022-08-16T14:40:54","modified_gmt":"2022-08-16T06:40:54","slug":"como-tener-exito-en-los-negocios-con-el-moldeo-por-inyeccion-en-china","status":"publish","type":"page","link":"https:\/\/www.plasticmoulds.net\/es\/how-to-succeed-in-business-with-china-injection-molding","title":{"rendered":"C\u00f3mo tener \u00e9xito en los negocios con el moldeo por inyecci\u00f3n en China"},"content":{"rendered":"<h1 class=\"wp-block-heading\">Moldeo por inyecci\u00f3n en China: c\u00f3mo ganar dinero<\/h1><p>El moldeo por inyecci\u00f3n es un proceso de fabricaci\u00f3n <a href=\"https:\/\/plasticmoulds.net\/injection-molding-process.html\" target=\"_blank\" rel=\"noreferrer noopener\">proceso<\/a> para crear piezas de pl\u00e1stico inyectando material fundido en un molde. Es uno de los m\u00e9todos de fabricaci\u00f3n m\u00e1s populares por su versatilidad y rapidez. El moldeo por inyecci\u00f3n se utiliza en diversas industrias, pero es especialmente popular en la <a href=\"https:\/\/plasticmoulds.net\/automotive-injection-molding\" target=\"_blank\" rel=\"noreferrer noopener\">industria del autom\u00f3vil<\/a>.<\/p><figure class=\"wp-block-image aligncenter size-full is-resized\"><a href=\"https:\/\/plasticmoulds.net\/wp-content\/uploads\/2022\/07\/16.png\"><img loading=\"lazy\" decoding=\"async\" src=\"https:\/\/plasticmoulds.net\/wp-content\/uploads\/2022\/07\/16.png\" alt=\"\" class=\"wp-image-7977\" width=\"399\" height=\"411\"\/><\/a><\/figure><p>China es el mayor productor mundial de piezas moldeadas por inyecci\u00f3n y se ha convertido en uno de los principales actores del mercado mundial. <\/p><p>M\u00e1s de 50% de todos los pl\u00e1sticos utilizados en el mundo se fabrican actualmente en China, y esa cifra sigue creciendo. <\/p><p>El gobierno chino ha invertido mucho en la industria del pl\u00e1stico, y ahora es una de las m\u00e1s importantes del pa\u00eds.<\/p><p>Se prev\u00e9 que la industria china del pl\u00e1stico crezca a un ritmo de 10% al a\u00f1o durante la pr\u00f3xima d\u00e9cada, y se calcula que en 2025 China ser\u00e1 el mayor productor de pl\u00e1sticos del mundo.<\/p><h2 class=\"wp-block-heading\">\u00bfPara qu\u00e9 se utiliza el moldeo por inyecci\u00f3n?<\/h2><p>El moldeo por inyecci\u00f3n es un proceso de fabricaci\u00f3n para producir piezas mediante la inyecci\u00f3n de material fundido en un molde . El moldeo por inyecci\u00f3n puede realizarse con una gran variedad de materiales, incluidos metales (para los que el proceso se denomina fundici\u00f3n a presi\u00f3n), vidrios, elast\u00f3meros, confecciones y, m\u00e1s com\u00fanmente, pol\u00edmeros termopl\u00e1sticos y termoestables. <\/p><p>El material de la pieza se introduce en un barril caliente, se mezcla y se introduce a presi\u00f3n en la cavidad del molde, donde se enfr\u00eda y se endurece seg\u00fan la configuraci\u00f3n de la cavidad. La cavidad del molde est\u00e1 formada por dos matrices de acero para herramientas endurecido que se han mecanizado para darles forma y funcionan de forma similar a un molde de inyecci\u00f3n durante el proceso. <\/p><p>La mayor\u00eda de los moldes de inyecci\u00f3n actuales son de <a href=\"https:\/\/plasticmoulds.net\/hot-runner.html\" target=\"_blank\" rel=\"noreferrer noopener\">tipo canal caliente<\/a>. Un sistema de canal caliente es m\u00e1s costoso de dise\u00f1ar e implantar, pero la ventaja es que no se necesitan canales fr\u00edos en el molde, lo que aumenta el rendimiento de los productos al reducir el material de desecho.<\/p><p>El moldeo por inyecci\u00f3n puede utilizarse para una amplia variedad de aplicaciones, como productos sanitarios, de automoci\u00f3n y de consumo. Para tener \u00e9xito con el moldeo por inyecci\u00f3n en China, es importante asociarse con un fabricante reputado y experimentado. <\/p><p>Adem\u00e1s, es importante conocer bien los requisitos de su producto y el proceso de moldeo por inyecci\u00f3n. <\/p><p>Con una planificaci\u00f3n y una ejecuci\u00f3n cuidadosas, el moldeo por inyecci\u00f3n puede ser una forma eficaz y rentable de fabricar piezas.<\/p><h2 class=\"wp-block-heading\">Las ventajas del moldeo por inyecci\u00f3n de pl\u00e1sticos en China<\/h2><p>El moldeo por inyecci\u00f3n se utiliza ampliamente en la fabricaci\u00f3n de productos de pl\u00e1stico, y China es uno de los pa\u00edses l\u00edderes en este campo. <\/p><p>Utilizar el moldeo por inyecci\u00f3n de pl\u00e1sticos en China tiene muchas ventajas, entre las que se incluyen las siguientes:<\/p><h3 class=\"wp-block-heading\">Aumento de la productividad<\/h3><p>Para tener \u00e9xito en los negocios, es importante ser productivo. Una forma de aumentar la productividad es utilizar el moldeo por inyecci\u00f3n en China. Este proceso puede ayudarle a ahorrar tiempo y dinero sin dejar de obtener productos de alta calidad.<\/p><p> Para encontrar el mejor proveedor posible, es importante investigar y pedir recomendaciones. Una vez que haya encontrado un <a href=\"https:\/\/plasticmoulds.net\/china-injection-molding-company\" target=\"_blank\" rel=\"noreferrer noopener\">proveedor de confianza<\/a>puede empezar a trabajar para aumentar su productividad.<\/p><h3 class=\"wp-block-heading\">Costes m\u00e1s bajos<\/h3><p>Si desea <a href=\"https:\/\/plasticmoulds.net\/7-tips-to-reduce-the-copy-of-plastic-injection-molding-costs.html\" target=\"_blank\" rel=\"noreferrer noopener\">reduzca sus costes<\/a> y aumentar sus beneficios, el moldeo por inyecci\u00f3n en China puede ser la respuesta. El moldeo por inyecci\u00f3n es un proceso de fabricaci\u00f3n que consiste en inyectar material fundido en un molde para crear la forma deseada. <\/p><figure class=\"wp-block-image aligncenter size-full is-resized\"><a href=\"https:\/\/plasticmoulds.net\/wp-content\/uploads\/2022\/07\/5.png\"><img loading=\"lazy\" decoding=\"async\" src=\"https:\/\/plasticmoulds.net\/wp-content\/uploads\/2022\/07\/5.png\" alt=\"\" class=\"wp-image-7966\" width=\"375\" height=\"329\"\/><\/a><\/figure><p>Este proceso puede utilizarse para crear una amplia variedad de productos, desde dispositivos m\u00e9dicos hasta piezas de autom\u00f3viles. Aunque la inversi\u00f3n inicial para montar una operaci\u00f3n de moldeo por inyecci\u00f3n en China puede ser mayor que en otros pa\u00edses, los costes laborales son mucho m\u00e1s bajos, lo que puede suponer un ahorro considerable. <\/p><p>Adem\u00e1s, en China existen numerosas empresas de moldeo por inyecci\u00f3n experimentadas y fiables que pueden suministrar productos de alta calidad. Cuando se hace correctamente, el moldeo por inyecci\u00f3n en China puede ser una gran manera de mejorar su cuenta de resultados.<\/p><h3 class=\"wp-block-heading\">Mayor eficiencia<\/h3><p>Para tener \u00e9xito en los negocios con China, es importante ser eficiente. Esto significa tener un plan bien organizado y ser capaz de ejecutarlo con rapidez y eficacia. <\/p><p>Una forma de hacerlo es utilizar el moldeo por inyecci\u00f3n para fabricar productos. El moldeo por inyecci\u00f3n es un proceso de fabricaci\u00f3n que permite a las empresas crear productos de forma r\u00e1pida y eficiente. <\/p><p>Utilizando este proceso, las empresas pueden ahorrar tiempo y dinero sin dejar de fabricar productos de alta calidad. Para tener \u00e9xito en los negocios con China, es importante ser eficiente y utilizar el moldeo por inyecci\u00f3n.<\/p><h2 class=\"wp-block-heading\">C\u00f3mo tener \u00e9xito en los negocios con el moldeo por inyecci\u00f3n en China<\/h2><p>Para tener \u00e9xito en los negocios con el moldeo por inyecci\u00f3n en China, es importante comprender el mercado y la cultura chinos. Como mayor exportador del mundo, China desempe\u00f1a un papel vital en la econom\u00eda mundial. Para tener \u00e9xito en los negocios con el moldeo por inyecci\u00f3n en China, es importante comprender el mercado y la cultura chinos.<\/p><figure class=\"wp-block-image aligncenter size-full is-resized\"><a href=\"https:\/\/plasticmoulds.net\/wp-content\/uploads\/2022\/07\/17.png\"><img loading=\"lazy\" decoding=\"async\" src=\"https:\/\/plasticmoulds.net\/wp-content\/uploads\/2022\/07\/17.png\" alt=\"\" class=\"wp-image-7978\" width=\"401\" height=\"364\"\/><\/a><\/figure><p>El mercado chino es \u00fanico y complejo, con una larga historia y una rica cultura. Es importante conocer las costumbres y tradiciones del pa\u00eds antes de hacer negocios en \u00e9l.<\/p><p>Al hacer negocios en China, es importante tener en cuenta lo siguiente:<\/p><p>1. El mercado chino es muy competitivo<\/p><p>El mercado chino es muy competitivo. Hay muchas empresas locales e internacionales que compiten por una cuota de mercado.<\/p><p>Para tener \u00e9xito, es importante contar con una estrategia de marketing bien definida.<\/p><p>2. El Gobierno chino interviene en la econom\u00eda<\/p><p>El gobierno chino interviene en la econom\u00eda. Regula las empresas y las industrias.<\/p><p>Para hacer negocios en China, es importante conocer bien el proceso de moldeo por inyecci\u00f3n y ser capaz de encontrar un proveedor reputado y fiable. Adem\u00e1s, es importante contar con una s\u00f3lida estrategia de marketing y ser capaz de ofrecer precios competitivos. Siguiendo estos consejos, estar\u00e1 bien encaminado hacia el \u00e9xito en este \u00e1mbito.<\/p><h2 class=\"wp-block-heading\">C\u00f3mo elegir una empresa china de moldeo por inyecci\u00f3n de pl\u00e1stico fiable<\/h2><p>A la hora de elegir una empresa de moldeo por inyecci\u00f3n de pl\u00e1stico en China, es importante tener en cuenta algunos factores.<\/p><p>En primer lugar, querr\u00e1 asegurarse de que la empresa tiene experiencia y buena reputaci\u00f3n. Esto puede averiguarlo buscando en Internet o preguntando a otras personas que hayan utilizado sus servicios. Tambi\u00e9n querr\u00e1 asegurarse de que la empresa ofrece una variedad de servicios diferentes, para que pueda obtener exactamente lo que necesita para sus necesidades particulares.<\/p><p>Una vez que haya encontrado una buena empresa que cumpla todos estos criterios, podr\u00e1 ponerse en contacto con ella y concertar una cita para someterse al trasplante capilar. Aseg\u00farese de investigar sobre la empresa antes de tomar la decisi\u00f3n final. As\u00ed evitar\u00e1 que le timen o le estafen y se asegurar\u00e1 de que recibe el mejor servicio posible.<\/p><p>En segundo lugar, querr\u00e1 asegurarse de que disponen de las instalaciones y el equipo adecuados para su proyecto. Compruebe que disponen de las instalaciones adecuadas para el tipo de trabajo que necesita. Tambi\u00e9n puede preguntar por su equipo y c\u00f3mo funciona.<\/p><p>Tambi\u00e9n es importante preguntar por la formaci\u00f3n y experiencia de la empresa. Averig\u00fce cu\u00e1nto tiempo llevan en el negocio y a cu\u00e1ntos clientes han ayudado. Tambi\u00e9n debe pedir referencias de otros clientes que hayan utilizado sus servicios.<\/p><p>Por \u00faltimo, aseg\u00farese de que cumplen sus plazos y su presupuesto. Aseg\u00farese de que est\u00e1n disponibles para acudir a su obra y empezar a trabajar en cuanto los necesite.<\/p><p>Cuando por fin haya tomado una decisi\u00f3n, es hora de poner en marcha el proyecto.<\/p><h2 class=\"wp-block-heading\">Las ventajas de los servicios de moldeo por inyecci\u00f3n de pl\u00e1sticos en China<\/h2><p>China es uno de los principales productores de productos de pl\u00e1stico moldeados por inyecci\u00f3n, con un gran n\u00famero de fabricantes que ofrecen servicios de alta calidad a precios competitivos. Para las empresas que desean introducirse en el mercado chino, trabajar con un proveedor de servicios de moldeo por inyecci\u00f3n de confianza puede ser la clave del \u00e9xito. Los servicios de moldeo por inyecci\u00f3n en China pueden ofrecer una serie de ventajas, como el acceso a una gran reserva de trabajadores cualificados, bajos costes laborales y un proceso de fabricaci\u00f3n racionalizado. Al asociarse con un proveedor de servicios de confianza, las empresas pueden aprovechar estas ventajas para fabricar productos de alta calidad a un coste menor.<\/p><h2 class=\"wp-block-heading\">Consejos para trabajar con empresas chinas de moldeo por inyecci\u00f3n de pl\u00e1sticos<\/h2><p>Al trabajar con empresas chinas de moldeo por inyecci\u00f3n de pl\u00e1sticos, es importante ser consciente de las diferencias culturales y tomar medidas para generar confianza. <\/p><p>Una buena empresa china de moldeo por inyecci\u00f3n de pl\u00e1sticos estar\u00e1 encantada de proporcionarle referencias y muestras de su trabajo. Esto le ayudar\u00e1 a conocer las capacidades de la empresa y a determinar si es adecuada para su proyecto.<\/p><p>Tambi\u00e9n es importante tener expectativas realistas sobre el coste de fabricar en China. Los costes laborales son m\u00e1s bajos que en los pa\u00edses desarrollados, pero el coste de los materiales y el transporte puede aumentar r\u00e1pidamente.<\/p><p>Tambi\u00e9n debe tener en cuenta que los fabricantes chinos no siempre cumplen las mismas normas de calidad que los fabricantes de los pa\u00edses desarrollados. Esto significa que es importante inspeccionar los productos cuidadosamente antes de aprobar su producci\u00f3n.<\/p><p>Si se toma el tiempo necesario para encontrar una empresa china de moldeo por inyecci\u00f3n de pl\u00e1stico de confianza, podr\u00e1 ahorrar mucho dinero en sus costes de fabricaci\u00f3n. <\/p><p>Sin embargo, es importante recordar que se obtiene lo que se paga. Un fabricante barato puede producir productos de calidad inferior, por lo que es importante investigar antes de seleccionar un proveedor.<\/p><p>Una forma de generar confianza es contar en el equipo con un representante que hable chino y pueda actuar como puente cultural y facilitar la comunicaci\u00f3n entre ambas partes.<\/p><p>Otro componente clave para generar confianza es demostrar un compromiso con las pr\u00e1cticas empresariales que se adhieren a las normas culturales chinas. Por ejemplo, establecer una relaci\u00f3n a largo plazo con su hom\u00f3logo chino es una parte importante de hacer negocios en China, y tener tarjetas de visita impresas tanto en ingl\u00e9s como en chino es una cortes\u00eda com\u00fan.<\/p><figure class=\"wp-block-image aligncenter size-full is-resized\"><a href=\"https:\/\/plasticmoulds.net\/wp-content\/uploads\/2022\/07\/15-1.png\"><img loading=\"lazy\" decoding=\"async\" src=\"https:\/\/plasticmoulds.net\/wp-content\/uploads\/2022\/07\/15-1.png\" alt=\"\" class=\"wp-image-7976\" width=\"435\" height=\"321\"\/><\/a><\/figure><p>Tambi\u00e9n es importante recordar que generar confianza requiere tiempo y paciencia. No esperes tener una relaci\u00f3n s\u00f3lida con tu socio chino de inmediato, constr\u00fayela con el tiempo manteniendo una comunicaci\u00f3n regular y haciendo esfuerzos constantes para desarrollar la relaci\u00f3n.<\/p><p>La comunicaci\u00f3n tambi\u00e9n debe ser clara y concisa para evitar malentendidos. Si no est\u00e1 seguro de algo, pregunte.<\/p><p>\"No entiendo qu\u00e9 significa esto\". \"\u00bfPuede explicarme qu\u00e9 quiere que haga?\" \"Por favor, ay\u00fademe a entender lo que quiere decir con esto\".<\/p><p>Por \u00faltimo, prep\u00e1rese para ser flexible y adaptarse a las diferentes pr\u00e1cticas empresariales de sus socios chinos.<\/p><p>Siguiendo estos consejos, puede preparar su negocio para el \u00e9xito cuando trabaje con empresas chinas de moldeo por inyecci\u00f3n de pl\u00e1stico.<\/p>","protected":false},"excerpt":{"rendered":"<p>Injection Molding in China: How to Make MoneyInjection molding is a manufacturing process for creating plastic parts by injecting molten material into a mold. It is one of the most popular methods of manufacturing due to its versatility and speed. Injection molding is used in a variety of industries, but it is especially popular in [&hellip;]<\/p>\n","protected":false},"author":11,"featured_media":0,"parent":0,"menu_order":0,"comment_status":"open","ping_status":"open","template":"","meta":{"footnotes":""},"class_list":["post-8378","page","type-page","status-publish","hentry"],"blocksy_meta":{"styles_descriptor":{"styles":{"desktop":"","tablet":"","mobile":""},"google_fonts":[],"version":6}},"_links":{"self":[{"href":"https:\/\/www.plasticmoulds.net\/es\/wp-json\/wp\/v2\/pages\/8378","targetHints":{"allow":["GET"]}}],"collection":[{"href":"https:\/\/www.plasticmoulds.net\/es\/wp-json\/wp\/v2\/pages"}],"about":[{"href":"https:\/\/www.plasticmoulds.net\/es\/wp-json\/wp\/v2\/types\/page"}],"author":[{"embeddable":true,"href":"https:\/\/www.plasticmoulds.net\/es\/wp-json\/wp\/v2\/users\/11"}],"replies":[{"embeddable":true,"href":"https:\/\/www.plasticmoulds.net\/es\/wp-json\/wp\/v2\/comments?post=8378"}],"version-history":[{"count":0,"href":"https:\/\/www.plasticmoulds.net\/es\/wp-json\/wp\/v2\/pages\/8378\/revisions"}],"wp:attachment":[{"href":"https:\/\/www.plasticmoulds.net\/es\/wp-json\/wp\/v2\/media?parent=8378"}],"curies":[{"name":"wp","href":"https:\/\/api.w.org\/{rel}","templated":true}]}}