{"id":8304,"date":"2022-08-07T09:27:20","date_gmt":"2022-08-07T01:27:20","guid":{"rendered":"https:\/\/plasticmoulds.net\/?p=8304"},"modified":"2024-12-28T16:20:33","modified_gmt":"2024-12-28T08:20:33","slug":"tipos-de-contratos-de-moldeo-por-inyeccion-y-su-significado","status":"publish","type":"page","link":"https:\/\/www.plasticmoulds.net\/es\/injection-molding-contract-manufacturing-types-and-what-they-mean","title":{"rendered":"Tipos de fabricaci\u00f3n por contrato de moldeo por inyecci\u00f3n y su significado"},"content":{"rendered":"<div class=\"wp-block-qubely-table-of-contents qubely-block-9d13e2 qubely-block-table-of-contents qubely-align-left\"><div class=\"qubely-table-of-contents\" data-scroll-offset=\"20\"><div class=\"qubely-table-of-contents-header qubely-toc-header-frontend qubely-justify-between\"><div class=\"qubely-table-of-contents-heading\"><div class=\"title\">Fabricaci\u00f3n por contrato de moldeo por inyecci\u00f3n en China<\/div><\/div><\/div><div class=\"qubely-table-of-contents-body\"><ol class=\"ordered-list\"><li><a href=\"#1-1-manufacturing-contract-types\">1: moldeo por inyecci\u00f3n china Tipos de contrato de fabricaci\u00f3n<\/a><ol class=\"child-list\"><li><a href=\"#2-private-label-manufacturing\">Fabricaci\u00f3n de marcas blancas:<\/a><\/li><li><a href=\"#3-individual-component-manufacturing\">Fabricaci\u00f3n de componentes individuales:<\/a><\/li><li><a href=\"#4-labor-or-service-subcontracting\">Subcontrataci\u00f3n de mano de obra o servicios:<\/a><\/li><li><a href=\"#5-end-to-end-manufacturing\">Fabricaci\u00f3n integral:<\/a><\/li><\/ol><\/li><li><a href=\"#6-2-materials-tools-and-services-used-in-manufacturing\">2: Materiales, herramientas y servicios utilizados en la fabricaci\u00f3n de moldes de inyecci\u00f3n<\/a><\/li><li><a href=\"#7-3-industries-supported-by-manufacturers\">3: Industrias apoyadas por los fabricantes de moldeo por inyecci\u00f3n de China<\/a><\/li><li><a href=\"#8-china-injection-molding-manufacturers-how-to-choose-one\">China fabricantes de moldeo por inyecci\u00f3n: C\u00f3mo elegir uno<\/a><\/li><\/ol><\/div><a href=\"#\" class=\"qubely-back-to-top-button fas fa-angle-up\"><\/a><\/div><\/div><p>Para introducir r\u00e1pidamente en el mercado un producto moldeado por inyecci\u00f3n de alta calidad procedente de China es necesario contratar a un fabricante por contrato. Antes de encontrar al socio chino adecuado, debe conocer los tipos de fabricaci\u00f3n por contrato disponibles.<\/p><p>En t\u00e9rminos de fabricaci\u00f3n por contrato de moldeo por inyecci\u00f3n y c\u00f3mo encontrar un <a href=\"https:\/\/plasticmoulds.net\/china-injection-molding-company\" target=\"_blank\" rel=\"noreferrer noopener\">Moldeo por inyecci\u00f3n en China<\/a> fabricante, falta consenso. A menudo, los empresarios se sienten abrumados y confundidos por las numerosas opciones que tienen a su disposici\u00f3n.<\/p><figure class=\"wp-block-image size-full is-resized\"><a href=\"https:\/\/plasticmoulds.net\/wp-content\/uploads\/2022\/07\/7.png\"><img loading=\"lazy\" decoding=\"async\" width=\"190\" height=\"152\" src=\"https:\/\/plasticmoulds.net\/wp-content\/uploads\/2022\/07\/7.png\" alt=\"\" class=\"wp-image-7968\" style=\"width:592px;height:474px\"\/><\/a><figcaption class=\"wp-element-caption\"><h2 class=\"post-title\" style=\"box-sizing: border-box; font-style: normal; letter-spacing: normal; text-transform: none; white-space: normal; text-decoration-thickness: initial; text-decoration-style: initial; text-decoration-color: initial; font-family: Montserrat; line-height: 54px; margin: 0px 0px 4px; font-weight: 400; color: rgb(66, 66, 66); font-size: 30px;\">Fabricaci\u00f3n por contrato<\/h2><\/figcaption><\/figure><p>No deber\u00eda estresarse a la hora de encontrar un fabricante de moldeo por inyecci\u00f3n en China. A lo largo de este <a href=\"https:\/\/plasticmoulds.net\/plastic-molding-order-process\" target=\"_blank\" rel=\"noreferrer noopener\">gu\u00eda<\/a>abordaremos algunas ideas err\u00f3neas sobre los distintos tipos de fabricaci\u00f3n por contrato. Adem\u00e1s, le proporcionaremos toda la informaci\u00f3n que necesita para tomar una decisi\u00f3n con conocimiento de causa.<\/p><p><strong>Fabricaci\u00f3n por contrato: 3 tipos que debe conocer<\/strong><\/p><p>Aunque cada fabricante ofrece servicios diferentes, la fabricaci\u00f3n por contrato puede clasificarse en tres categor\u00edas:<\/p><p>Un acuerdo de fabricaci\u00f3n por contrato puede adoptar diversas formas. Un contrato de moldeo por inyecci\u00f3n para fabricar una sola pieza o componente de pl\u00e1stico, un acuerdo de subcontrataci\u00f3n de mano de obra o servicios, o un acuerdo de servicios de principio a fin entran en esta categor\u00eda.<\/p><p>Los servicios, <a href=\"https:\/\/plasticmoulds.net\/what-is-plastic-mold.html\" target=\"_blank\" rel=\"noreferrer noopener\">herramientas<\/a>y los materiales utilizados por dos fabricantes por contrato pueden ser muy diferentes, aunque ambos fabriquen productos de marca blanca.<\/p><div class=\"wp-block-qubely-timeline qubely-block-0be0b5\" data-qubelyanimation=\"{&quot;animation&quot;:&quot;bounce&quot;,&quot;name&quot;:&quot;bounceCenter&quot;,&quot;repeat&quot;:&quot;once&quot;,&quot;direction&quot;:&quot;Center&quot;,&quot;duration&quot;:1000,&quot;delay&quot;:0,&quot;curve&quot;:&quot;ease-in-out&quot;,&quot;openAnimation&quot;:1}\"><div class=\"qubely-block-timeline qubely-timeline-layout-vertical qubely-timeline-orientation-center\"><div class=\"qubely-timeline-items\"><div class=\"qubely-timeline-item qubely-timeline-left\"><div class=\"qubely-timeline-connector\"><span class=\"qubely-timeline-connector-icon fas fa-angle-double-down\"><\/span><\/div><div class=\"qubely-timeline-content\"><div class=\"qubely-timeline-description\"><h4 class=\"qubely-timeline-title\">Dise\u00f1o de componentes (7 d\u00edas)<\/h4><div class=\"qubely-timeline-description\">Topworks puede\u00a0<a href=\"https:\/\/plasticmoulds.net\/design\">optimice su dise\u00f1o<\/a>\u00a0para ahorrar costes o garantizar la compatibilidad con los procesos asi\u00e1ticos optimizando su dise\u00f1o antes del utillaje.<\/div><\/div><span class=\"qubely-timeline-indicator\"><\/span><\/div><div class=\"qubely-timeline-date-container\"><div class=\"qubely-timeline-date\"><strong>Los clientes son bienvenidos <br>suministrar archivos 3D<\/strong><\/div><\/div><\/div><div class=\"qubely-timeline-item qubely-timeline-right\"><div class=\"qubely-timeline-connector\"><span class=\"qubely-timeline-connector-icon fas fa-angle-double-down\"><\/span><\/div><div class=\"qubely-timeline-content\"><div class=\"qubely-timeline-description\"><h4 class=\"qubely-timeline-title\"><strong>Prototipos de piezas (si es necesario)<\/strong>(2 -3 d\u00edas)<\/h4><div class=\"qubely-timeline-description\">Topworks puede utilizar el control num\u00e9rico por ordenador (CNC) para producir un prototipo mecanizado o una impresi\u00f3n en 3D que pueda ver y sentir para validar el dise\u00f1o de su pieza.<\/div><\/div><span class=\"qubely-timeline-indicator\"><\/span><\/div><div class=\"qubely-timeline-date-container\"><div class=\"qubely-timeline-date\"><strong>\u00a0Cliente <\/strong><br><strong>O del lado de Topworks<\/strong><\/div><\/div><\/div><div class=\"qubely-timeline-item qubely-timeline-left\"><div class=\"qubely-timeline-connector\"><span class=\"qubely-timeline-connector-icon fas fa-angle-double-down\"><\/span><\/div><div class=\"qubely-timeline-content\"><div class=\"qubely-timeline-description\"><h4 class=\"qubely-timeline-title\"><strong>Dise\u00f1o de herramientas<\/strong>(3-7 d\u00edas)<\/h4><div class=\"qubely-timeline-description\">Durante esta fase, se utiliza la hoja de trabajo de informaci\u00f3n sobre herramientas para dise\u00f1ar la herramienta.<\/div><\/div><span class=\"qubely-timeline-indicator\"><\/span><\/div><div class=\"qubely-timeline-date-container\"><div class=\"qubely-timeline-date\"><strong>Del lado del cliente o <\/strong><br><strong>Lado Topworks<\/strong><\/div><\/div><\/div><div class=\"qubely-timeline-item qubely-timeline-right\"><div class=\"qubely-timeline-connector\"><span class=\"qubely-timeline-connector-icon fas fa-angle-double-down\"><\/span><\/div><div class=\"qubely-timeline-content\"><div class=\"qubely-timeline-description\"><h4 class=\"qubely-timeline-title\"><strong>Comprobaci\u00f3n de herramientas y an\u00e1lisis de flujo de moldes<\/strong>(1-2 d\u00edas)<\/h4><div class=\"qubely-timeline-description\">Se valida la precisi\u00f3n del dise\u00f1o de la herramienta.<\/div><\/div><span class=\"qubely-timeline-indicator\"><\/span><\/div><div class=\"qubely-timeline-date-container\"><div class=\"qubely-timeline-date\"><strong>Lado Topworks o lado cliente<\/strong><\/div><\/div><\/div><div class=\"qubely-timeline-item qubely-timeline-left\"><div class=\"qubely-timeline-connector\"><span class=\"qubely-timeline-connector-icon fas fa-angle-double-down\"><\/span><\/div><div class=\"qubely-timeline-content\"><div class=\"qubely-timeline-description\"><h4 class=\"qubely-timeline-title\"><strong>Fabricaci\u00f3n de herramientas<\/strong>(3-8 semanas, depende)<\/h4><div class=\"qubely-timeline-description\">La herramienta se fabrica con precisi\u00f3n seg\u00fan el dise\u00f1o validado utilizando tecnolog\u00edas de control num\u00e9rico por ordenador (CNC) y mecanizado por descarga el\u00e9ctrica (EDM)...<\/div><\/div><span class=\"qubely-timeline-indicator\"><\/span><\/div><div class=\"qubely-timeline-date-container\"><div class=\"qubely-timeline-date\"><strong>Lado Topworks<\/strong><\/div><\/div><\/div><div class=\"qubely-timeline-item qubely-timeline-right\"><div class=\"qubely-timeline-connector\"><span class=\"qubely-timeline-connector-icon fas fa-angle-double-down\"><\/span><\/div><div class=\"qubely-timeline-content\"><div class=\"qubely-timeline-description\"><h4 class=\"qubely-timeline-title\"><strong>Primeras inyecciones al cliente(T1,3-4 d\u00edas)<\/strong><\/h4><div class=\"qubely-timeline-description\">Las primeras inyecciones de prueba se enviar\u00e1n por mensajer\u00eda poco despu\u00e9s de hacer los moldes de inyecci\u00f3n. Una vez enviadas, suelen llegar en 2-5 d\u00edas.<\/div><\/div><span class=\"qubely-timeline-indicator\"><\/span><\/div><div class=\"qubely-timeline-date-container\"><div class=\"qubely-timeline-date\"><strong>Lado Topworks<\/strong><\/div><\/div><\/div><div class=\"qubely-timeline-item qubely-timeline-left\"><div class=\"qubely-timeline-connector\"><span class=\"qubely-timeline-connector-icon fas fa-angle-double-down\"><\/span><\/div><div class=\"qubely-timeline-content\"><div class=\"qubely-timeline-description\"><h4 class=\"qubely-timeline-title\"><strong>Modificaciones de herramientas y <\/strong><br><strong>Texturizaci\u00f3n<\/strong> (3-7 d\u00edas, depende)<\/h4><div class=\"qubely-timeline-description\">En este punto, Topworks realiza los cambios necesarios en la herramienta para que cumpla las especificaciones aprobadas. Topworks realiza cualquier cambio que sea necesario (excluyendo espec\u00edficamente los cambios de dise\u00f1o, que siempre se cobran) de forma gratuita.<br>En esta fase se realiza el proceso de texturizado, que suele ser el \u00faltimo paso antes de la producci\u00f3n en serie.<\/div><\/div><span class=\"qubely-timeline-indicator\"><\/span><\/div><div class=\"qubely-timeline-date-container\"><div class=\"qubely-timeline-date\"><strong>Lado Topworks<\/strong><\/div><\/div><\/div><div class=\"qubely-timeline-item qubely-timeline-right\"><div class=\"qubely-timeline-connector\"><span class=\"qubely-timeline-connector-icon fas fa-angle-double-down\"><\/span><\/div><div class=\"qubely-timeline-content\"><div class=\"qubely-timeline-description\"><h4 class=\"qubely-timeline-title\"><strong>Producci\u00f3n en serie o exportaci\u00f3n\u00a0<\/strong><\/h4><div class=\"qubely-timeline-description\">En esta fase, la herramienta se entrega al cliente o est\u00e1 lista para el moldeo por inyecci\u00f3n.<\/div><\/div><span class=\"qubely-timeline-indicator\"><\/span><\/div><div class=\"qubely-timeline-date-container\"><div class=\"qubely-timeline-date\"><strong>Lado Topworks<\/strong><\/div><\/div><\/div><\/div><\/div><\/div><p>Un producto de buena calidad y un lanzamiento r\u00e1pido son dos factores importantes a tener en cuenta en esta categor\u00eda.<\/p><p>Diversos sectores cuentan con el apoyo de fabricantes externos. Elija un fabricante que entienda el mercado y la normativa de su sector, as\u00ed como las necesidades de sus clientes.<\/p><p>Encontrar\u00e1 el socio de moldeo por inyecci\u00f3n en China m\u00e1s fiable para su negocio cuando eval\u00fae a un fabricante contratista seg\u00fan cada una de estas categor\u00edas. En funci\u00f3n de su producto, industria y estructura empresarial, hemos esbozado a continuaci\u00f3n los criterios que debe buscar en cada categor\u00eda.<\/p><h2 class=\"wp-block-heading\" id=\"1-1-manufacturing-contract-types\">1: moldeo por inyecci\u00f3n china Tipos de contrato de fabricaci\u00f3n<\/h2><p>Los fabricantes chinos de moldeo por inyecci\u00f3n prestan servicios espec\u00edficos en el marco de acuerdos de fabricaci\u00f3n por contrato. Los acuerdos de fabricaci\u00f3n por contrato adoptan diversas formas, pero las cuatro m\u00e1s comunes son:<\/p><h3 class=\"wp-block-heading\" id=\"2-private-label-manufacturing\">Fabricaci\u00f3n de marcas blancas:<\/h3><p>De acuerdo con sus especificaciones, el fabricante de moldes de inyecci\u00f3n por contrato env\u00eda un producto acabado a su tienda o almac\u00e9n de inventario. El fabricante suele ensamblar varios componentes moldeados por inyecci\u00f3n antes de enviarlos. Si desea fabricar productos con rapidez, esta es la mejor opci\u00f3n.<\/p><h3 class=\"wp-block-heading\" id=\"3-individual-component-manufacturing\">Fabricaci\u00f3n de componentes individuales:<\/h3><p>En la fabricaci\u00f3n por contrato, el contratista de moldeo por inyecci\u00f3n en China fabrica un \u00fanico componente o parte de un producto complejo. Usted es responsable de ensamblar el producto final una vez fabricadas las piezas. Para las empresas que manejan algunos aspectos de la fabricaci\u00f3n en la empresa, pero carecen de la experiencia o los recursos para producir ciertos componentes, esta es la mejor opci\u00f3n. Es una buena idea contratar a un fabricante por contrato de metalister\u00eda si necesita una pieza met\u00e1lica compleja.<\/p><h3 class=\"wp-block-heading\" id=\"4-labor-or-service-subcontracting\">Subcontrataci\u00f3n de mano de obra o servicios:<\/h3><p>Al igual que ocurre con la fabricaci\u00f3n de componentes individuales, un fabricante de moldeo por inyecci\u00f3n en China se encarga s\u00f3lo de un aspecto del proceso en lugar de prestar servicios completos. Cuando los recursos internos o el personal de un contratista general no pueden realizar determinadas tareas, se contrata a un subcontratista especializado. Es posible que pueda fabricar una pieza m\u00e1s r\u00e1pidamente o por un precio m\u00e1s bajo subcontratando una pieza si tiene un producto especialmente complejo.<\/p><h3 class=\"wp-block-heading\" id=\"5-end-to-end-manufacturing\">Fabricaci\u00f3n integral:<\/h3><p>La fabricaci\u00f3n de marca blanca tiene caracter\u00edsticas casi id\u00e9nticas, pero hay una diferencia significativa: el fabricante proporciona m\u00e1s informaci\u00f3n sobre el dise\u00f1o del producto. Su producto no tiene por qu\u00e9 tener el aspecto o funcionar exactamente como usted quiere. En lugar de optimizar el dise\u00f1o para la fabricaci\u00f3n, el fabricante racionaliza y optimiza todos los aspectos en aras de la rentabilidad. Las empresas que quieran fabricar r\u00e1pidamente productos de alta calidad al menor coste deber\u00edan optar por esta soluci\u00f3n. Desde el dise\u00f1o hasta el montaje y el env\u00edo, todo queda en sus manos.<\/p><p>Si tiene poca experiencia en la fabricaci\u00f3n, deber\u00eda plantearse un contrato integral. Recibir\u00e1s un presupuesto detallado del fabricante antes de firmar el contrato para que sepas exactamente a qu\u00e9 atenerte.<\/p><h2 class=\"wp-block-heading\" id=\"6-2-materials-tools-and-services-used-in-manufacturing\">2: Materiales, herramientas y servicios utilizados en la fabricaci\u00f3n de moldes de inyecci\u00f3n<\/h2><p>A la hora de decidir qu\u00e9 tipo de acuerdo de fabricaci\u00f3n por contrato firmar, tenga en cuenta las capacidades internas de los posibles fabricantes de moldeo por inyecci\u00f3n en China. No es necesario que un experto, una herramienta o un material est\u00e9n disponibles en todo momento para que un fabricante tenga \u00e9xito. Simplemente debe asegurarse de que el fabricante dispone de todos los recursos, herramientas y conocimientos necesarios para fabricar su producto al m\u00e1s alto nivel. De este modo, se pueden evitar retrasos significativos y costes inesperados. Entre las herramientas de fabricaci\u00f3n se incluyen las siguientes, avanzadas y vers\u00e1tiles:<\/p><p>Software para CAD<br>Mecanizado CNC<br>Impresoras 3D<br>Fundici\u00f3n a presi\u00f3n<\/p><p>El uso de estas herramientas no s\u00f3lo facilita la fabricaci\u00f3n de productos de alta calidad, sino que tambi\u00e9n permite a los fabricantes chinos de moldeo por inyecci\u00f3n dise\u00f1ar o fabricar sus productos de forma m\u00e1s eficaz, rentable y con menos residuos.<\/p><p>Los materiales tambi\u00e9n son importantes. La limitada selecci\u00f3n de materiales de que disponen algunos fabricantes limita considerablemente sus opciones de fabricaci\u00f3n. Elija un fabricante con experiencia en diversos materiales, por ejemplo:<\/p><ul class=\"wp-block-list\"><li><strong><em>Una variedad de siliconas, como elast\u00f3meros, geles y vulcanizaci\u00f3n a temperatura ambiente (RTV);<\/em><\/strong><\/li><li><strong><em>El grupo de materiales de poliuretano incluye elast\u00f3meros, espumas r\u00edgidas, geles y espumas viscoel\u00e1sticas;<\/em><\/strong><\/li><li><strong><em>Metales y maderas de diferentes tipos;<\/em><\/strong><\/li><li><strong><em>Y mucho m\u00e1s.<\/em><\/strong><\/li><\/ul><p>Para producir y probar su producto antes de que salga al mercado, los principales fabricantes tambi\u00e9n contratan a una plantilla diversa y bien informada de ingenieros, operadores de equipos, metal\u00fargicos y carpinteros. Esta combinaci\u00f3n de mano de obra cualificada, materias primas diversas y herramientas de fabricaci\u00f3n avanzadas le permitir\u00e1 reducir costes y comercializar sus productos con mayor rapidez. Aseg\u00farese de que el fabricante ofrece diversas opciones de fabricaci\u00f3n por contrato.<\/p><h2 class=\"wp-block-heading\" id=\"7-3-industries-supported-by-manufacturers\">3: Industrias apoyadas por los fabricantes de moldeo por inyecci\u00f3n de China<\/h2><p>Un fabricante por contrato de moldeo por inyecci\u00f3n en China puede especializarse en diversos sectores. Es fundamental trabajar con un fabricante que entienda su industria, incluso si algunos fabricantes experimentados pueden producir productos para m\u00faltiples industrias. Debe haber pruebas de que el fabricante:<\/p><p>El producto que propone es similar a otro que ya ha dise\u00f1ado anteriormente;<br>Identifique las expectativas de sus clientes;<br>Mant\u00e9ngase al d\u00eda de las tendencias del sector, las mejores pr\u00e1cticas y las \u00faltimas novedades del mercado;<br>Para garantizar que su producto cumple la normativa del sector, ya est\u00e1 familiarizado con ella o est\u00e1 dispuesto a investigarla en detalle.<br>Si sus productos requieren un alto grado de detalle o complejidad, esto es especialmente cr\u00edtico. Las siguientes industrias se encuentran entre las m\u00e1s exigentes:<\/p><ul class=\"wp-block-list\"><li><strong>Telecomunicaciones<\/strong><\/li><li><strong>Sanidad<\/strong><\/li><li><strong>Electr\u00f3nica<\/strong><\/li><\/ul><p>Trabajar en cualquiera de estos sectores requiere asociarse con un fabricante con experiencia en el campo. Examine la cartera de productos del fabricante. \u00bfHa contratado su empresa con ellos la fabricaci\u00f3n por encargo? Un fabricante especializado en la construcci\u00f3n de piezas para veh\u00edculos oceanogr\u00e1ficos aut\u00f3nomos puede ser una buena elecci\u00f3n si est\u00e1 dise\u00f1ando un nuevo equipo de investigaci\u00f3n oceanogr\u00e1fica. Tambi\u00e9n es aconsejable asociarse con un fabricante que dise\u00f1e y construya dispositivos m\u00e9dicos y materiales de formaci\u00f3n si trabaja en el sector sanitario. Gracias a su conocimiento de todas las estrictas normativas relativas a los productos sanitarios, saben c\u00f3mo tratarlas.<\/p><h2 class=\"wp-block-heading\" id=\"8-china-injection-molding-manufacturers-how-to-choose-one\">China fabricantes de moldeo por inyecci\u00f3n: C\u00f3mo elegir uno<\/h2><p>Ahora que conoce los tres tipos principales de fabricaci\u00f3n por contrato, puede evaluar a los posibles fabricantes de moldeo por inyecci\u00f3n en China bas\u00e1ndose en esta informaci\u00f3n. La fiabilidad y la voluntad de colaborar en su dise\u00f1o son dos cualidades esenciales en un fabricante.<\/p><p>Desde el principio, el fabricante contratado debe facilitar propuestas de contrato detalladas y estimaciones de costes. Adem\u00e1s, debe poder ense\u00f1arle su taller y explicarle c\u00f3mo se fabricar\u00e1 su producto, las herramientas que utilizar\u00e1 y los materiales que emplear\u00e1. Adem\u00e1s de compartir ejemplos de su trabajo, deben respetar la privacidad y la propiedad intelectual de sus clientes anteriores. Es probable que el fabricante sea un socio estupendo para su empresa si tiene testimonios elogiosos de clientes de su sector.<\/p><p>Sin embargo, la colaboraci\u00f3n es una de las caracter\u00edsticas m\u00e1s importantes de un gran fabricante por contrato de moldeo por inyecci\u00f3n en China. Crear algo de lo que pueda sentirse orgulloso y que contribuya de forma significativa a la sociedad es posible cuando trabaja con un fabricante por contrato que valora la calidad tanto como usted.<\/p><p><\/p>","protected":false},"excerpt":{"rendered":"<p>China injection molding contract manufacturing1: china injection molding Manufacturing Contract TypesPrivate label manufacturing:Individual component manufacturing:Labor or service subcontracting:End-to-end manufacturing:2: Materials, tools, and services used in injection molding manufacturing3: Industries supported by china injection molding manufacturersChina injection molding Manufacturers: How to Choose OneGetting a high quality injection molded product from China onto the market quickly requires [&hellip;]<\/p>\n","protected":false},"author":11,"featured_media":0,"parent":0,"menu_order":0,"comment_status":"open","ping_status":"open","template":"","meta":{"footnotes":""},"class_list":["post-8304","page","type-page","status-publish","hentry"],"blocksy_meta":{"styles_descriptor":{"styles":{"desktop":"","tablet":"","mobile":""},"google_fonts":[],"version":6}},"_links":{"self":[{"href":"https:\/\/www.plasticmoulds.net\/es\/wp-json\/wp\/v2\/pages\/8304","targetHints":{"allow":["GET"]}}],"collection":[{"href":"https:\/\/www.plasticmoulds.net\/es\/wp-json\/wp\/v2\/pages"}],"about":[{"href":"https:\/\/www.plasticmoulds.net\/es\/wp-json\/wp\/v2\/types\/page"}],"author":[{"embeddable":true,"href":"https:\/\/www.plasticmoulds.net\/es\/wp-json\/wp\/v2\/users\/11"}],"replies":[{"embeddable":true,"href":"https:\/\/www.plasticmoulds.net\/es\/wp-json\/wp\/v2\/comments?post=8304"}],"version-history":[{"count":1,"href":"https:\/\/www.plasticmoulds.net\/es\/wp-json\/wp\/v2\/pages\/8304\/revisions"}],"predecessor-version":[{"id":13403,"href":"https:\/\/www.plasticmoulds.net\/es\/wp-json\/wp\/v2\/pages\/8304\/revisions\/13403"}],"wp:attachment":[{"href":"https:\/\/www.plasticmoulds.net\/es\/wp-json\/wp\/v2\/media?parent=8304"}],"curies":[{"name":"wp","href":"https:\/\/api.w.org\/{rel}","templated":true}]}}