{"id":5418,"date":"2021-05-29T11:35:32","date_gmt":"2021-05-29T03:35:32","guid":{"rendered":"https:\/\/plasticmoulds.net\/?p=5418"},"modified":"2023-12-31T17:10:46","modified_gmt":"2023-12-31T09:10:46","slug":"subcontratacion-de-moldeo-por-inyeccion-en-china","status":"publish","type":"page","link":"https:\/\/www.plasticmoulds.net\/es\/injection-molding-outsourcing-in-china","title":{"rendered":"Las 10 mejores pr\u00e1cticas de subcontrataci\u00f3n de moldeo por inyecci\u00f3n en China"},"content":{"rendered":"<h1 class=\"wp-block-heading\" id=\"1-injection-molding-outsourcing-in-china\">Subcontrataci\u00f3n del moldeo por inyecci\u00f3n en China<\/h1><nav class=\"wp-block-stackable-table-of-contents stk-block-table-of-contents stk-block stk-cb4f0c7 stk-block-background\" data-block-id=\"cb4f0c7\"><p class=\"stk-table-of-contents__title\">\u00cdndice<\/p><ul class=\"stk-table-of-contents__table\"><li><a href=\"#2-how-does-china-injection-molding-outsourcing-work\">\u00bfC\u00f3mo funciona la externalizaci\u00f3n del moldeo por inyecci\u00f3n en China?<\/a><ul><li><a href=\"#3-the-risks-and-challenges-associated-with-outsourcing-in-china\">Riesgos y retos de la externalizaci\u00f3n en China<\/a><\/li><\/ul><\/li><li><a href=\"#4-managing-best-practices\">Gesti\u00f3n de buenas pr\u00e1cticas<\/a><ul><li><a href=\"#undefined\">Establecer relaciones con directivos clave<\/a><\/li><li><a href=\"#6--plan-your-project-scope-and-timeline-\"> Planificar el alcance y el calendario del proyecto <\/a><\/li><li><a href=\"#8--try-to-think-beyond-price-\"> Intente pensar m\u00e1s all\u00e1 del precio. <\/a><\/li><li><a href=\"#9--dont-take-the-portfolio-lightly-\"> No se tome la cartera a la ligera <\/a><\/li><li><a href=\"#12--negotiate-your-ownership-as-early-as-possible-\">Negocie su propiedad lo antes posible <\/a><\/li><li><a href=\"#13--support-after-the-delivery-\"> Asistencia despu\u00e9s de la entrega <\/a><\/li><\/ul><\/li><li><a href=\"#15--how-to-outsource-\"> C\u00f3mo externalizar <\/a><\/li><\/ul><\/nav><figure class=\"wp-block-image aligncenter\"><a href=\"https:\/\/plasticmoulds.net\/wp-content\/uploads\/2021\/07\/plastic-mold-6.jpg\"><img loading=\"lazy\" decoding=\"async\" width=\"796\" height=\"359\" src=\"https:\/\/plasticmoulds.net\/wp-content\/uploads\/2021\/07\/plastic-mold-6.jpg\" alt=\"Moldeo por inyecci\u00f3n en China\" class=\"wp-image-5780\" srcset=\"https:\/\/www.plasticmoulds.net\/wp-content\/uploads\/2021\/07\/plastic-mold-6.jpg 796w, https:\/\/www.plasticmoulds.net\/wp-content\/uploads\/2021\/07\/plastic-mold-6-300x135.jpg 300w, https:\/\/www.plasticmoulds.net\/wp-content\/uploads\/2021\/07\/plastic-mold-6-768x346.jpg 768w\" sizes=\"auto, (max-width: 796px) 100vw, 796px\" \/><\/a><figcaption class=\"wp-element-caption\">Moldeo por inyecci\u00f3n en China<\/figcaption><\/figure><p>Hay un crecimiento de <a href=\"https:\/\/plasticmoulds.net\/injection-moldin\u2026ourcing-in-china.html\">Subcontrataci\u00f3n del moldeo por inyecci\u00f3n en China<\/a>.<\/p><p>En 2020, se estim\u00f3 que casi 35% de empresas subcontratan el moldeo por inyecci\u00f3n en China, con 78% satisfechas con el resultado.<\/p><p>El competitivo entorno de mercado al que nos enfrentamos en los \u00faltimos a\u00f1os en materia de subcontrataci\u00f3n ha hecho que los proveedores actuales de subcontrataci\u00f3n est\u00e9n dispuestos a ofrecer a los clientes mucho m\u00e1s que una soluci\u00f3n rentable de moldeo por inyecci\u00f3n.<\/p><figure class=\"wp-block-image aligncenter size-full is-resized\"><a href=\"https:\/\/plasticmoulds.net\/wp-content\/uploads\/2022\/07\/13.png\"><img loading=\"lazy\" decoding=\"async\" width=\"256\" height=\"256\" src=\"https:\/\/plasticmoulds.net\/wp-content\/uploads\/2022\/07\/13.png\" alt=\"\" class=\"wp-image-7946\" style=\"width:547px;height:547px\" srcset=\"https:\/\/www.plasticmoulds.net\/wp-content\/uploads\/2022\/07\/13.png 256w, https:\/\/www.plasticmoulds.net\/wp-content\/uploads\/2022\/07\/13-150x150.png 150w\" sizes=\"auto, (max-width: 256px) 100vw, 256px\" \/><\/a><\/figure><p>La externalizaci\u00f3n del moldeo por inyecci\u00f3n en China se ha convertido en mucho m\u00e1s que una medida de ahorro de costes. En <a href=\"https:\/\/plasticmoulds.net\/injection-molding-company\">elecci\u00f3n correcta<\/a> de proveedores de externalizaci\u00f3n y subcontrataci\u00f3n permite a las empresas establecer una relaci\u00f3n profesional duradera con un equipo de desarrollo de m\u00e1xima calidad y una gesti\u00f3n eficaz del moldeo por inyecci\u00f3n.<\/p><div class=\"wp-block-group alignwide is-layout-constrained wp-block-group-is-layout-constrained\"><div class=\"wp-block-stackable-timeline stk-block-timeline stk-block-timeline--left stk-block stk-fdbdf91 stk-block-background\" data-block-id=\"fdbdf91\"><style>.stk-fdbdf91{background-color:#fccd00 !important;--gap:20px !important;--line-dot-border-radius:0px !important;--line-dot-size:20px !important}.stk-fdbdf91:before{background-color:#fccd00 !important}@media screen and (max-width:689px){.stk-fdbdf91 .stk-inner-blocks:after{top:16px !important}}<\/style><div class=\"stk-row stk-inner-blocks stk-block-content stk-content-align stk-fdbdf91-column\"><div class=\"stk-block-timeline__date\">Dise\u00f1o de componentes 7 d\u00edas<\/div><div class=\"stk-block-timeline__middle\"><\/div><div class=\"stk-block-timeline__content\"><div class=\"wp-block-stackable-column stk-block-column stk-column stk-block stk-eea635e stk-block-background\" data-v=\"4\" data-block-id=\"eea635e\"><style>.stk-eea635e-container{margin-top:0px !important;margin-right:0px !important;margin-bottom:0px !important;margin-left:0px !important}.stk-eea635e-inner-blocks{justify-content:flex-start !important}.stk-eea635e{background-color:var(--theme-palette-color-5,#E2E7ED) !important}.stk-eea635e:before{background-color:var(--theme-palette-color-5,#E2E7ED) !important}<\/style><div class=\"stk-column-wrapper stk-block-column__content stk-container stk-eea635e-container stk--no-background stk--no-padding\"><div class=\"stk--column-flex stk-block-content stk-inner-blocks stk-eea635e-inner-blocks\"><p>Topworks puede\u00a0<a href=\"https:\/\/plasticmoulds.net\/design\">optimice su dise\u00f1o<\/a>\u00a0para ahorrar costes o garantizar la compatibilidad optimizando su dise\u00f1o antes del mecanizado. Los clientes pueden suministrar archivos 3D<\/p><\/div><\/div><\/div><\/div><\/div><\/div><div class=\"wp-block-stackable-timeline stk-block-timeline stk-block-timeline--left stk-block stk-65d80fe stk-block-background\" data-block-id=\"65d80fe\"><style>.stk-65d80fe{background-color:#fccd00 !important}.stk-65d80fe:before{background-color:#fccd00 !important}@media screen and (max-width:689px){.stk-65d80fe .stk-inner-blocks:after{top:16px !important}}<\/style><div class=\"stk-row stk-inner-blocks stk-block-content stk-content-align stk-65d80fe-column\"><div class=\"stk-block-timeline__date\">Creaci\u00f3n de prototipos de piezas (si es necesario) (2 -3 d\u00edas)<\/div><div class=\"stk-block-timeline__middle\"><\/div><div class=\"stk-block-timeline__content\"><div class=\"wp-block-stackable-column stk-block-column stk-column stk-block stk-47b313d\" data-v=\"4\" data-block-id=\"47b313d\"><style>.stk-47b313d-container{margin-top:0px !important;margin-right:0px !important;margin-bottom:0px !important;margin-left:0px !important}<\/style><div class=\"stk-column-wrapper stk-block-column__content stk-container stk-47b313d-container stk--no-background stk--no-padding\"><div class=\"stk-block-content stk-inner-blocks stk-47b313d-inner-blocks\"><p>Topworks puede utilizar el Control Num\u00e9rico por Ordenador (CNC) para producir un prototipo mecanizado o impresi\u00f3n en 3D que se puede ver y sentir para validar el dise\u00f1o de su parte.<\/p><\/div><\/div><\/div><\/div><\/div><\/div><div class=\"wp-block-stackable-timeline stk-block-timeline stk-block-timeline--left stk-block stk-c210ffa stk-block-background\" data-block-id=\"c210ffa\"><style>.stk-c210ffa{background-color:#fccd00 !important;--line-bg-color:var(--theme-palette-color-6,#edeff2) !important}.stk-c210ffa:before{background-color:#fccd00 !important}@media screen and (max-width:689px){.stk-c210ffa .stk-inner-blocks:after{top:16px !important}}<\/style><div class=\"stk-row stk-inner-blocks stk-block-content stk-content-align stk-c210ffa-column\"><div class=\"stk-block-timeline__date\">Dise\u00f1o de herramientas (3-7 d\u00edas)<\/div><div class=\"stk-block-timeline__middle\"><\/div><div class=\"stk-block-timeline__content\"><div class=\"wp-block-stackable-column stk-block-column stk-column stk-block stk-b2b416d stk-block-background\" data-v=\"4\" data-block-id=\"b2b416d\"><style>.stk-b2b416d-container{margin-top:0px !important;margin-right:0px !important;margin-bottom:0px !important;margin-left:0px !important}.stk-b2b416d{background-color:var(--theme-palette-color-5,#E2E7ED) !important}.stk-b2b416d:before{background-color:var(--theme-palette-color-5,#E2E7ED) !important}<\/style><div class=\"stk-column-wrapper stk-block-column__content stk-container stk-b2b416d-container stk--no-background stk--no-padding\"><div class=\"stk-block-content stk-inner-blocks stk-b2b416d-inner-blocks\"><p>Durante esta fase, se utiliza la hoja de trabajo de informaci\u00f3n sobre herramientas para dise\u00f1ar la herramienta.<\/p><\/div><\/div><\/div><\/div><\/div><\/div><div class=\"wp-block-stackable-timeline stk-block-timeline stk-block-timeline--left stk-block stk-cad37d9 stk-block-background\" data-block-id=\"cad37d9\"><style>.stk-cad37d9{background-color:#fccd00 !important;--gap:9px !important}.stk-cad37d9:before{background-color:#fccd00 !important}@media screen and (max-width:689px){.stk-cad37d9 .stk-inner-blocks:after{top:16px !important}}<\/style><div class=\"stk-row stk-inner-blocks stk-block-content stk-content-align stk-cad37d9-column\"><div class=\"stk-block-timeline__date\">Comprobaci\u00f3n del dise\u00f1o de la herramienta (2-3 d\u00edas)<\/div><div class=\"stk-block-timeline__middle\"><\/div><div class=\"stk-block-timeline__content\"><div class=\"wp-block-stackable-column stk-block-column stk-column stk-block stk-0991ce0\" data-v=\"4\" data-block-id=\"0991ce0\"><style>.stk-0991ce0-container{margin-top:0px !important;margin-right:0px !important;margin-bottom:0px !important;margin-left:0px !important}<\/style><div class=\"stk-column-wrapper stk-block-column__content stk-container stk-0991ce0-container stk--no-background stk--no-padding\"><div class=\"stk-block-content stk-inner-blocks stk-0991ce0-inner-blocks\"><p>Se valida la precisi\u00f3n del dise\u00f1o de la herramienta.<\/p><\/div><\/div><\/div><\/div><\/div><\/div><div class=\"wp-block-stackable-timeline stk-block-timeline stk-block-timeline--left stk-block stk-d27a1cb stk-block-background\" data-block-id=\"d27a1cb\"><style>.stk-d27a1cb{background-color:#fccd00 !important}.stk-d27a1cb:before{background-color:#fccd00 !important}@media screen and (max-width:689px){.stk-d27a1cb .stk-inner-blocks:after{top:16px !important}}<\/style><div class=\"stk-row stk-inner-blocks stk-block-content stk-content-align stk-d27a1cb-column\"><div class=\"stk-block-timeline__date\">Fabricaci\u00f3n de herramientas (3-8 semanas, depende)<\/div><div class=\"stk-block-timeline__middle\"><\/div><div class=\"stk-block-timeline__content\"><div class=\"wp-block-stackable-column stk-block-column stk-column stk-block stk-245f43f\" data-v=\"4\" data-block-id=\"245f43f\"><style>.stk-245f43f-container{margin-top:0px !important;margin-right:0px !important;margin-bottom:0px !important;margin-left:0px !important}<\/style><div class=\"stk-column-wrapper stk-block-column__content stk-container stk-245f43f-container stk--no-background stk--no-padding\"><div class=\"stk-block-content stk-inner-blocks stk-245f43f-inner-blocks\"><p class=\"has-palette-color-5-background-color has-background\">La herramienta se fabrica con precisi\u00f3n de acuerdo con el dise\u00f1o validado mediante control num\u00e9rico por ordenador (CNC) y mecanizado por descarga el\u00e9ctrica (EDM) ...<\/p><\/div><\/div><\/div><\/div><\/div><\/div><div class=\"wp-block-stackable-timeline stk-block-timeline stk-block-timeline--left stk-block stk-227f73b stk-block-background\" data-block-id=\"227f73b\"><style>.stk-227f73b{background-color:#fccd00 !important}.stk-227f73b:before{background-color:#fccd00 !important}@media screen and (max-width:689px){.stk-227f73b .stk-inner-blocks:after{top:16px !important}}<\/style><div class=\"stk-row stk-inner-blocks stk-block-content stk-content-align stk-227f73b-column\"><div class=\"stk-block-timeline__date\">Primeras inyecciones al cliente (T1,2-5 d\u00edas)<\/div><div class=\"stk-block-timeline__middle\"><\/div><div class=\"stk-block-timeline__content\"><div class=\"wp-block-stackable-column stk-block-column stk-column stk-block stk-1cac3b5\" data-v=\"4\" data-block-id=\"1cac3b5\"><style>.stk-1cac3b5-container{margin-top:0px !important;margin-right:0px !important;margin-bottom:0px !important;margin-left:0px !important}<\/style><div class=\"stk-column-wrapper stk-block-column__content stk-container stk-1cac3b5-container stk--no-background stk--no-padding\"><div class=\"stk-block-content stk-inner-blocks stk-1cac3b5-inner-blocks\"><p>Las primeras inyecciones de prueba se enviar\u00e1n por mensajer\u00eda poco despu\u00e9s de hacer los moldes de inyecci\u00f3n. Una vez enviadas, suelen llegar en 2-5 d\u00edas.<\/p><\/div><\/div><\/div><\/div><\/div><\/div><div class=\"wp-block-stackable-timeline stk-block-timeline stk-block-timeline--left stk-block stk-3900415 stk-block-background\" data-block-id=\"3900415\"><style>.stk-3900415{background-color:#fccd00 !important;--line-bg-color:var(--theme-palette-color-6,#edeff2) !important}.stk-3900415:before{background-color:#fccd00 !important}@media screen and (max-width:689px){.stk-3900415 .stk-inner-blocks:after{top:16px !important}}<\/style><div class=\"stk-row stk-inner-blocks stk-block-content stk-content-align stk-3900415-column\"><div class=\"stk-block-timeline__date\">Modificaciones de herramientas y texturizado (3-7 d\u00edas, depende)<\/div><div class=\"stk-block-timeline__middle\"><\/div><div class=\"stk-block-timeline__content\"><div class=\"wp-block-stackable-column stk-block-column stk-column stk-block stk-8d61579\" data-v=\"4\" data-block-id=\"8d61579\"><style>.stk-8d61579-container{margin-top:0px !important;margin-right:0px !important;margin-bottom:0px !important;margin-left:0px !important}<\/style><div class=\"stk-column-wrapper stk-block-column__content stk-container stk-8d61579-container stk--no-background stk--no-padding\"><div class=\"stk-block-content stk-inner-blocks stk-8d61579-inner-blocks\"><p class=\"has-palette-color-5-background-color has-background\">En este punto, Topworks realiza los cambios necesarios en la herramienta para que cumpla las especificaciones aprobadas. Topworks realiza cualquier cambio que sea necesario (excluyendo espec\u00edficamente los cambios de dise\u00f1o, que siempre se cobran) de forma gratuita.<br>En esta fase se realiza el proceso de texturizado, que suele ser el \u00faltimo paso antes de la producci\u00f3n en serie.<br>Lado Topworks<\/p><\/div><\/div><\/div><\/div><\/div><\/div><div class=\"wp-block-stackable-timeline stk-block-timeline stk-block-timeline--left stk-is-last stk-block stk-38821a3 stk-block-background\" data-block-id=\"38821a3\"><style>.stk-38821a3{background-color:#fccd00 !important}.stk-38821a3:before{background-color:#fccd00 !important}@media screen and (max-width:689px){.stk-38821a3 .stk-inner-blocks:after{top:16px !important;bottom:calc(0px + (100% - 0px) - 16px) !important}}<\/style><div class=\"stk-row stk-inner-blocks stk-block-content stk-content-align stk-38821a3-column\"><div class=\"stk-block-timeline__date\">Producci\u00f3n en serie o exportaci\u00f3n&nbsp;<\/div><div class=\"stk-block-timeline__middle\"><\/div><div class=\"stk-block-timeline__content\"><div class=\"wp-block-stackable-column stk-block-column stk-column stk-block stk-3619196\" data-v=\"4\" data-block-id=\"3619196\"><style>.stk-3619196-container{margin-top:0px !important;margin-right:0px !important;margin-bottom:0px !important;margin-left:0px !important}<\/style><div class=\"stk-column-wrapper stk-block-column__content stk-container stk-3619196-container stk--no-background stk--no-padding\"><div class=\"stk-block-content stk-inner-blocks stk-3619196-inner-blocks\"><div class=\"wp-block-stackable-text stk-block-text stk-block stk-d000f7f\" data-block-id=\"d000f7f\"><p class=\"stk-block-text__text\">En esta fase, la herramienta se entrega al cliente o est\u00e1 lista para el moldeo por inyecci\u00f3n.<\/p><\/div><\/div><\/div><\/div><\/div><\/div><\/div><\/div><h2 class=\"wp-block-heading\" id=\"2-how-does-china-injection-molding-outsourcing-work\">\u00bfC\u00f3mo funciona la externalizaci\u00f3n del moldeo por inyecci\u00f3n en China?<\/h2><p>La externalizaci\u00f3n no s\u00f3lo es ventajosa para el desarrollo de herramientas y moldeo por inyecci\u00f3n. La gesti\u00f3n de recursos humanos, la gesti\u00f3n de instalaciones, la gesti\u00f3n de la cadena de suministro, la atenci\u00f3n y el servicio al cliente, el marketing, las pruebas de diagn\u00f3stico y la documentaci\u00f3n legal son algunos de los servicios que los proveedores tienden a externalizar.<\/p><h3 class=\"wp-block-heading\" id=\"3-the-risks-and-challenges-associated-with-outsourcing-in-china\">Riesgos y retos de la externalizaci\u00f3n en China<\/h3><p>La selecci\u00f3n de un proveedor es fundamental para evitar omisiones. Las colaboraciones de externalizaci\u00f3n podr\u00edan ser vulnerables en los siguientes puntos:<\/p><ul class=\"wp-block-list\"><li>El tiempo de respuesta es m\u00e1s lento.<\/li><li>Conocimiento del sector del proveedor.<\/li><li>Las barreras se deben a la lengua y la cultura.<\/li><li>Los husos horarios difieren.<\/li><li>Incapacidad de control.<\/li><\/ul><h2 class=\"wp-block-heading\" id=\"4-managing-best-practices\">Gesti\u00f3n de buenas pr\u00e1cticas<\/h2><h3 class=\"wp-block-heading\">Establecer relaciones con directivos clave<\/h3><p>La eficacia de la relaci\u00f3n entre el personal directivo de ambos equipos depende de su capacidad para comunicarse, trabajar juntos y mantener una relaci\u00f3n laboral saludable. Numerosos estudios sobre proyectos de externalizaci\u00f3n de moldeo por inyecci\u00f3n en China que han tenido \u00e9xito han revelado que una qu\u00edmica de trabajo y unas relaciones entre compa\u00f1eros s\u00f3lidas son cruciales para el \u00e9xito de los proyectos de externalizaci\u00f3n de moldeo por inyecci\u00f3n.<\/p><h3 class=\"wp-block-heading\" id=\"6--plan-your-project-scope-and-timeline-\"> Planificar el alcance y el calendario del proyecto <\/h3><p>Tenga claro lo que quiere conseguir antes de empezar el trabajo. Proporcione informaci\u00f3n precisa y completa por adelantado para que sus proveedores de servicios de moldeo por inyecci\u00f3n chinos puedan cotizarle precios realistas. Comunique a los proveedores de servicios de moldeo por inyecci\u00f3n toda la informaci\u00f3n posible sobre el trabajo a realizar.<\/p><p>Aseg\u00farese de que los requisitos del calendario son realistas y claros, ya que el calendario puede afectar dr\u00e1sticamente al coste del proyecto.<\/p><p>Aseg\u00farese de que su socio de subcontrataci\u00f3n tiene la experiencia adecuada en su tipo de proyecto. El desarrollo de moldeo por inyecci\u00f3n en el extranjero es especialmente complicado, por lo que debe contratar a un especialista.<\/p><h3 class=\"wp-block-heading\" id=\"8--try-to-think-beyond-price-\"> Intente pensar m\u00e1s all\u00e1 del precio. <\/h3><p>Los compradores externos experimentados que eval\u00faan cientos de propuestas suelen ser un\u00e1nimes en su recomendaci\u00f3n de descartar tanto la oferta m\u00e1s baja como la m\u00e1s alta del competidor.<\/p><p>Aquellos compradores que tienen m\u00e1s \u00e9xito con sus empresas chinas de moldeo por inyecci\u00f3n consideran que el proveedor les ofreci\u00f3 una buena relaci\u00f3n calidad-precio a la vez que resultados de calidad.<\/p><h3 class=\"wp-block-heading\" id=\"9--dont-take-the-portfolio-lightly-\"> No se tome la cartera a la ligera <\/h3><p>Examine el trabajo previo de moldeo por inyecci\u00f3n realizado por el proveedor. Aunque la cartera, las referencias y la experiencia laboral previa de su proveedor chino de moldeo por inyecci\u00f3n no demuestren que sea competente, es posible que pueda crear una maqueta o esbozar un plan de acci\u00f3n sencillo.<\/p><p>Los proveedores chinos de moldeo por inyecci\u00f3n que est\u00e1n intensamente interesados en ganarse su negocio pueden proporcionarle una idea aproximada de lo que le ofrecer\u00e1n.<\/p><p>No dude en pedir una maqueta, pero no exija a un proveedor que le entregue el trabajo terminado seg\u00fan sus especificaciones. <strong>Ning\u00fan profesional cualificado aceptar\u00e1 trabajar gratis.<\/strong><\/p><p>Contrate al primer proveedor de servicios para un trabajo peque\u00f1o y relativamente sencillo, y luego pase a trabajos de moldeo por inyecci\u00f3n m\u00e1s grandes y complejos a medida que pase el tiempo.<\/p><p>Si lo hace, conocer\u00e1 mejor las ofertas y capacidades del proveedor antes de confiarle su proyecto \"de misi\u00f3n cr\u00edtica\".<\/p><p>Del mismo modo, al igual que es imprescindible asegurarse de que establece un calendario claro para su proyecto de subcontrataci\u00f3n de moldeo por inyecci\u00f3n, tambi\u00e9n puede ser \u00fatil establecer un calendario espec\u00edfico de entregas.<\/p><p>Programando puntos de control peri\u00f3dicos -en los que podr\u00e1 revisar el estado del proyecto a medida que avanza hacia su finalizaci\u00f3n- es f\u00e1cil asegurarse de que los fabricantes de moldes completar\u00e1n el proyecto en el plazo previsto y con una alta calidad. Debe coordinar el pago del proveedor con estos hitos.<\/p><p>Una buena regla general es financiar s\u00f3lo una peque\u00f1a parte de los costes totales del proyecto de tu propio bolsillo y el resto a plazos a lo largo de tres o cuatro hitos.<\/p><h3 class=\"wp-block-heading\" id=\"12--negotiate-your-ownership-as-early-as-possible-\">Negocie su propiedad lo antes posible <\/h3><p>Si alguna vez subcontrata alg\u00fan trabajo de utillaje o moldeo por inyecci\u00f3n en China, es vital aclarar a qui\u00e9n pertenece el producto del trabajo y cualquier elemento significativo del mismo.<\/p><p>Si pretende desarrollar una pieza de moldeo por inyecci\u00f3n a medida para su uso personal, habr\u00e1 diferencias sustanciales con el desarrollo de piezas de pl\u00e1stico que pretenda revender.<\/p><h3 class=\"wp-block-heading\" id=\"13--support-after-the-delivery-\"> Asistencia despu\u00e9s de la entrega <\/h3><p>Es una buena pr\u00e1ctica incluir una cl\u00e1usula de garant\u00eda en los proyectos tecnol\u00f3gicos, de modo que pueda asegurarse de que el proveedor chino de moldeo por inyecci\u00f3n seguir\u00e1 prestando asistencia una vez finalizado el proyecto de moldeo por inyecci\u00f3n.<\/p><p>Para negociar una cl\u00e1usula de apoyo, es mucho m\u00e1s f\u00e1cil hacerlo antes de que el proveedor de servicios empiece a trabajar que una vez finalizado el proyecto de moldeo por inyecci\u00f3n. <\/p><p>Una subcontrataci\u00f3n de moldeo por inyecci\u00f3n desde China implica a ambas culturas, y estas diferencias deben aceptarse y salvarse. Lo mejor ser\u00eda organizar eventos sociales entre las empresas para comprender mejor las diferencias culturales.<\/p><h2 class=\"wp-block-heading\" id=\"15--how-to-outsource-\"> C\u00f3mo externalizar <\/h2><p>Para obtener el mejor precio de un proveedor chino de moldeo por inyecci\u00f3n, aseg\u00farese de tener preparadas de antemano todas las respuestas a las siguientes preguntas.<\/p><ul class=\"wp-block-list\"><li>\u00bfTiene claro el trabajo o proyecto de moldeo por inyecci\u00f3n de China que va a subcontratar?<\/li><li>\u00bfDispone de una descripci\u00f3n detallada de la tarea o, como m\u00ednimo, de directrices claras para la subcontrataci\u00f3n?<\/li><li>Descripci\u00f3n del proyecto espec\u00edfico de moldeo por inyecci\u00f3n<\/li><li>Rendimiento esperado<\/li><li>Coste\/presupuesto del proyecto<\/li><li>Indicar claramente el plazo\/la fecha l\u00edmite<\/li><li>Requisitos del proyecto de moldeo por inyecci\u00f3n<\/li><li>Necesidad de recursos<\/li><li>\u00bfQui\u00e9n gestionar\u00e1 e interactuar\u00e1 con el contratista externo en su organizaci\u00f3n?<\/li><\/ul><p>\u00bfEs posible que el contratista que contrat\u00f3 inicialmente trabaje con usted para crear un esquema de los pasos necesarios para completar la tarea, de modo que pueda consultarlo m\u00e1s adelante, ya sea como parte de un manual de operaciones o para que lo utilice otro contratista de moldeo por inyecci\u00f3n en China si el inicial ha fallado?<\/p>","protected":false},"excerpt":{"rendered":"<p>Injection Molding Outsourcing in ChinaTable of ContentsHow does China Injection Molding Outsourcing work?The risks and challenges associated with outsourcing in ChinaManaging best practicesBuilding relationships with key managers Plan your project scope and timeline Try to think beyond price. Don&#8217;t take the portfolio lightly Negotiate your ownership as early as possible Support after the delivery How [&hellip;]<\/p>\n","protected":false},"author":11,"featured_media":5378,"parent":0,"menu_order":0,"comment_status":"open","ping_status":"open","template":"","meta":{"footnotes":""},"class_list":["post-5418","page","type-page","status-publish","has-post-thumbnail","hentry"],"blocksy_meta":{"styles_descriptor":{"styles":{"desktop":"","tablet":"","mobile":""},"google_fonts":[],"version":6}},"_links":{"self":[{"href":"https:\/\/www.plasticmoulds.net\/es\/wp-json\/wp\/v2\/pages\/5418","targetHints":{"allow":["GET"]}}],"collection":[{"href":"https:\/\/www.plasticmoulds.net\/es\/wp-json\/wp\/v2\/pages"}],"about":[{"href":"https:\/\/www.plasticmoulds.net\/es\/wp-json\/wp\/v2\/types\/page"}],"author":[{"embeddable":true,"href":"https:\/\/www.plasticmoulds.net\/es\/wp-json\/wp\/v2\/users\/11"}],"replies":[{"embeddable":true,"href":"https:\/\/www.plasticmoulds.net\/es\/wp-json\/wp\/v2\/comments?post=5418"}],"version-history":[{"count":0,"href":"https:\/\/www.plasticmoulds.net\/es\/wp-json\/wp\/v2\/pages\/5418\/revisions"}],"wp:featuredmedia":[{"embeddable":true,"href":"https:\/\/www.plasticmoulds.net\/es\/wp-json\/wp\/v2\/media\/5378"}],"wp:attachment":[{"href":"https:\/\/www.plasticmoulds.net\/es\/wp-json\/wp\/v2\/media?parent=5418"}],"curies":[{"name":"wp","href":"https:\/\/api.w.org\/{rel}","templated":true}]}}