{"id":2432,"date":"2019-03-08T10:58:52","date_gmt":"2019-03-08T02:58:52","guid":{"rendered":"https:\/\/plasticmoulds.net\/?page_id=2432"},"modified":"2024-09-25T10:07:01","modified_gmt":"2024-09-25T02:07:01","slug":"como-presentar-su-idea-de-producto-a-una-empresa-de-diseno","status":"publish","type":"page","link":"https:\/\/www.plasticmoulds.net\/es\/how-to-present-your-product-idea-to-a-design-firm","title":{"rendered":"C\u00f3mo presentar su idea de producto a una empresa de dise\u00f1o"},"content":{"rendered":"<h3 class=\"wp-block-heading\">C\u00f3mo presentar su idea de producto a una empresa de dise\u00f1o<\/h3><h4 class=\"wp-block-heading\">Tiene una idea de producto que quiere lanzar al mercado. \u00bfY ahora qu\u00e9?<\/h4><p>Aspirante a empresario, manitas, ingeniero... Tu mente corre a mil por hora pensando en las muchas formas distintas de mejorar tu entorno. Hace poco se te ha ocurrido una idea de producto que sabes que puede beneficiar a mucha gente. Merece la pena intentar desarrollarla y llevarla al mercado, pero \u00bfc\u00f3mo empezar?<\/p><figure class=\"wp-block-image size-large is-resized\"><a href=\"https:\/\/plasticmoulds.net\/wp-content\/uploads\/2024\/09\/Designing-a-New-Injection-Molding-Product.png\"><img loading=\"lazy\" decoding=\"async\" width=\"1024\" height=\"1017\" src=\"https:\/\/plasticmoulds.net\/wp-content\/uploads\/2024\/09\/Designing-a-New-Injection-Molding-Product-1024x1017.png\" alt=\"\" class=\"wp-image-13042\" style=\"width:668px;height:auto\" srcset=\"https:\/\/www.plasticmoulds.net\/wp-content\/uploads\/2024\/09\/Designing-a-New-Injection-Molding-Product-1024x1017.png 1024w, https:\/\/www.plasticmoulds.net\/wp-content\/uploads\/2024\/09\/Designing-a-New-Injection-Molding-Product-300x298.png 300w, https:\/\/www.plasticmoulds.net\/wp-content\/uploads\/2024\/09\/Designing-a-New-Injection-Molding-Product-150x150.png 150w, https:\/\/www.plasticmoulds.net\/wp-content\/uploads\/2024\/09\/Designing-a-New-Injection-Molding-Product-768x762.png 768w, https:\/\/www.plasticmoulds.net\/wp-content\/uploads\/2024\/09\/Designing-a-New-Injection-Molding-Product-1536x1525.png 1536w, https:\/\/www.plasticmoulds.net\/wp-content\/uploads\/2024\/09\/Designing-a-New-Injection-Molding-Product-2048x2033.png 2048w, https:\/\/www.plasticmoulds.net\/wp-content\/uploads\/2024\/09\/Designing-a-New-Injection-Molding-Product-12x12.png 12w\" sizes=\"auto, (max-width: 1024px) 100vw, 1024px\" \/><\/a><\/figure><p>Si tu idea es un producto f\u00edsico, este art\u00edculo es para ti. Te explicaremos exactamente c\u00f3mo presentar tu idea de producto a una empresa de dise\u00f1o, una actividad que servir\u00e1 como inicio de la fase de dise\u00f1o de tu proyecto.<\/p><p>Trataremos todo lo que necesitas saber para elaborar un documento tipo presentaci\u00f3n que explique tu idea a una empresa de dise\u00f1o. Puede ser una presentaci\u00f3n est\u00e1ndar con diapositivas o cualquier documento de tu elecci\u00f3n que incluya contenido relevante.&nbsp;<strong><em>Le invitamos a sumergirse en la presentaci\u00f3n de muestra que hemos puesto a su disposici\u00f3n en l\u00ednea&nbsp;<\/em><\/strong><a href=\"https:\/\/goo.gl\/vKvK32\" target=\"_blank\" rel=\"noopener\"><strong><em>aqu\u00ed<\/em><\/strong><\/a><strong><em>o por debajo:<\/em><\/strong><\/p><p><a href=\"https:\/\/docs.google.com\/presentation\/d\/e\/2PACX-1vSY3vlxMRCeLycaqj5KxgQfUtJyA1G1Ahy_Yl5QDia63uFQOYGrYUtRkNELNpwSkY2NQ8VFLv1uddrt\/pub?start=false&amp;loop=false&amp;delayms=3000&amp;slide=id.p\" target=\"_blank\" rel=\"noopener\">Concepto de cerradura de puerta<\/a><\/p><p>En ella encontrar\u00e1 informaci\u00f3n sobre los cuatro componentes que debe incluir su presentaci\u00f3n: el problema, la soluci\u00f3n, la est\u00e9tica y el precio, y la visi\u00f3n general de la competencia. A continuaci\u00f3n, encontrar\u00e1s una secci\u00f3n de lo que debes y no debes hacer basada en algunas de las preguntas m\u00e1s frecuentes de nuestros clientes.<\/p><p>Si utiliza este art\u00edculo como gu\u00eda para crear una presentaci\u00f3n y poner en marcha el proceso de dise\u00f1o del producto, no s\u00f3lo podr\u00e1 comunicar su idea, sino tambi\u00e9n:<\/p><ul class=\"wp-block-list\"><li>determinar los par\u00e1metros de desarrollo de su producto dentro de las limitaciones de la tecnolog\u00eda actual, su presupuesto y su calendario;<\/li><li>obtener un presupuesto razonablemente preciso sobre el dise\u00f1o de su producto;<\/li><li>reducir el n\u00famero de revisiones a lo largo del proceso de dise\u00f1o, disminuyendo as\u00ed sus costes y el tiempo necesario para completar el dise\u00f1o;<\/li><li>y lograr un dise\u00f1o general de mayor calidad.<\/li><\/ul><p>As\u00ed que si cree que est\u00e1 preparado para plantear su idea de producto a una empresa de dise\u00f1o, siga leyendo. Nuestros conocimientos se basan en m\u00e1s de siete a\u00f1os de experiencia ayudando a empresas, ingenieros y emprendedores a dise\u00f1ar productos innovadores y de \u00e9xito, y los hemos compartido contigo para que est\u00e9s preparado cuando entres en el mundo del desarrollo de productos.<\/p><h3 class=\"wp-block-heading\">Los cuatro componentes de su presentaci\u00f3n<\/h3><h4 class=\"wp-block-heading\"><strong>1. El problema que pretende resolver y su visi\u00f3n del mercado<\/strong><\/h4><p>Al presentar su idea de producto, lo primero que tendr\u00e1 que hacer es exponer el problema que pretende resolver dentro de un determinado mercado.<\/p><p>Tenemos muchos tipos de clientes de sectores muy diferentes. Algunos son empresarios primerizos que nunca han vendido un producto, y otros son empresas internacionales que han creado y vendido muchos productos diferentes. Todos acuden a nosotros porque quieren crear un producto que ayude a mejorar la vida de las personas: es su forma de ofrecer una soluci\u00f3n a un problema importante que han encontrado.<\/p><p>Las soluciones pueden surgir de una lluvia de ideas sobre c\u00f3mo solucionar un problema o simplemente observando los productos existentes para ver c\u00f3mo mejorarlos. Por ejemplo, puedes fijarte en un producto que tengas en casa o en el trabajo y examinar aspectos como la dificultad de uso, el volumen, el peso, el coste, la ergonom\u00eda, la duraci\u00f3n de la bater\u00eda, etc.<\/p><p>Sin embargo, para que los innovadores sepan que existe un problema que hay que resolver, deben haber obtenido alg\u00fan conocimiento del mercado. Se puede obtener informaci\u00f3n del mercado a partir de la experiencia de primera mano, leyendo descripciones y rese\u00f1as de productos o hablando con personas que trabajan en un campo o sector espec\u00edfico.<\/p><p>Sea cual sea la forma en que haya obtenido la visi\u00f3n del mercado, ha llegado el momento de presentarla. En su documento, deber\u00e1 enumerar cada uno de los problemas principales y el conocimiento del mercado que le ha llevado a comprenderlos. Deber\u00e1 incluir al menos un problema principal y otros secundarios, aunque relevantes. La lista podr\u00eda tener este aspecto:<\/p><figure class=\"wp-block-image\"><img decoding=\"async\" src=\"https:\/\/cdn-images-1.medium.com\/max\/960\/0*wXcEElv-VHHEB8wU\" alt=\"\"\/><\/figure><figure class=\"wp-block-image\"><img decoding=\"async\" src=\"https:\/\/cdn-images-1.medium.com\/max\/960\/0*tNjzW6vdSXbBJazs\" alt=\"\"\/><\/figure><figure class=\"wp-block-image\"><img decoding=\"async\" src=\"https:\/\/cdn-images-1.medium.com\/max\/960\/0*pDux8LGEUaZAEKYP\" alt=\"\"\/><\/figure><p><strong><em>Estudio de mercado:&nbsp;<\/em><\/strong>Supongamos que eres un padre experto en tecnolog\u00eda y trabajas de 8 de la ma\u00f1ana a 5 de la tarde de lunes a viernes. Tu hijo vuelve del colegio a las 14.30 todos los d\u00edas. Tiene una llave para entrar en casa, pero un d\u00eda, mientras estabas en el trabajo, te llam\u00f3 para decirte que la hab\u00eda perdido y no pod\u00eda entrar. Para que pudiera entrar, tuviste que salir del trabajo, conducir 20 minutos hasta llegar a casa, abrirle la puerta y volver al trabajo.<\/p><p>Esa noche, pensaste en comprar una cerradura sin llave para evitar futuros problemas de p\u00e9rdida de llaves o de no poder dar acceso a tu casa a alguien a distancia. Busc\u00f3 en Internet una cerradura de puerta inteligente que fuera eficiente y f\u00e1cil de usar, pero todas eran demasiado caras. Esto le llev\u00f3 a plantearse fabricar una cerradura de puerta IoT asequible. Si nunca hubieras tenido que salir del trabajo para abrirle la puerta a tu hijo, no se te habr\u00eda ocurrido la idea de fabricar una cerradura de puerta inteligente y barata que resolviera el problema de perder las llaves.Este es el tipo de percepci\u00f3n que te ayudar\u00e1 a profundizar en la comprensi\u00f3n del mercado para tu idea de producto.<\/p><blockquote class=\"wp-block-quote is-layout-flow wp-block-quote-is-layout-flow\"><p><strong><em>Consejo: Utiliza un lienzo de modelo de negocio o un plan de empresa para ayudarte a obtener informaci\u00f3n sobre el mercado.&nbsp;<\/em><\/strong><em>Un<\/em><strong><em>&nbsp;<\/em><\/strong><em>forma de familiarizarse con su mercado es mediante la creaci\u00f3n de un&nbsp;<\/em><a href=\"https:\/\/medium.com\/techmates\/ten-rules-to-take-your-hardware-product-from-concept-to-market-f2a8e8d9878e#50e9\" target=\"_blank\" rel=\"noopener\"><em>modelo de negocio<\/em><\/a><em>que es una versi\u00f3n simplificada de un plan de empresa. Mientras que un plan de negocio puede ser largo y largo de escribir y mantener, un lienzo de modelo de negocio es mucho m\u00e1s corto y puede ser f\u00e1cilmente revisado para adaptarse a las necesidades cambiantes de negocio o direcci\u00f3n. Si ya tiene una empresa en funcionamiento, probablemente disponga de uno de ellos. Si acaba de empezar, quiz\u00e1 le interese empezar a redactar uno.<\/em><\/p><\/blockquote><blockquote class=\"wp-block-quote is-layout-flow wp-block-quote-is-layout-flow\"><p><em>No es necesario que tengas un lienzo o plan de modelo de negocio antes de dirigirte a una empresa de dise\u00f1o con tu idea de producto, pero si realmente quieres vender tu producto en el futuro, te recomendamos encarecidamente que lo tengas. Estos documentos pueden ayudarte a conseguir un producto global mejor, ya que implican una investigaci\u00f3n que te ayudar\u00e1 a determinar el problema que intentas resolver. Y lo que es m\u00e1s importante, te ayudar\u00e1n a encontrar una soluci\u00f3n mejor y a comprender las caracter\u00edsticas que debe incluir tu producto y el precio de venta al p\u00fablico que te gustar\u00eda alcanzar.<\/em><\/p><\/blockquote><h4 class=\"wp-block-heading\"><strong>2. Soluci\u00f3n y caracter\u00edsticas del producto<\/strong><\/h4><p>Despu\u00e9s de establecer el problema, describa la soluci\u00f3n (es decir, su producto) y las caracter\u00edsticas que debe incluir.<\/p><figure class=\"wp-block-image\"><img decoding=\"async\" src=\"https:\/\/cdn-images-1.medium.com\/max\/960\/1*rek0inZkvE1QrLBtxekDhA.png\" alt=\"\"\/><\/figure><p>Algunos de nuestros clientes acuden a nosotros con bocetos que muestran c\u00f3mo les gustar\u00eda que fuera su producto. Ya tienen una idea de lo que quieren -en cuanto a su est\u00e9tica, funci\u00f3n y caracter\u00edsticas-, solo necesitan que alguien dise\u00f1e la soluci\u00f3n por ellos.<\/p><p>Pero no necesariamente tiene que tener una soluci\u00f3n antes de crear su presentaci\u00f3n. A veces, cuando los clientes piensan en un problema en detalle pero no est\u00e1n seguros de c\u00f3mo resolverlo, pueden decidir trabajar con una empresa de dise\u00f1o de productos como Jaycon para que les ayude a solucionarlo.<\/p><figure class=\"wp-block-image\"><img decoding=\"async\" src=\"https:\/\/cdn-images-1.medium.com\/max\/960\/0*8xvpVAFxJ7U1CU51\" alt=\"\"\/><\/figure><figure class=\"wp-block-image\"><img decoding=\"async\" src=\"https:\/\/cdn-images-1.medium.com\/max\/960\/0*RxIdRVnTCMNfu-i3\" alt=\"\"\/><\/figure><figure class=\"wp-block-image\"><img decoding=\"async\" src=\"https:\/\/cdn-images-1.medium.com\/max\/960\/0*QY5CU5bz9dvMrGoc\" alt=\"\"\/><\/figure><p>Esto es lo que debes tener en cuenta al describir tu soluci\u00f3n al problema que intentas resolver:<\/p><p><strong>Incluya suficientes im\u00e1genes y\/o una descripci\u00f3n verbal exhaustiva:<\/strong>&nbsp;Las im\u00e1genes valen m\u00e1s que mil palabras, as\u00ed que aseg\u00farese de incluirlas para ayudar a describir su producto. Por ejemplo, si su producto tiene una funci\u00f3n de encaje a presi\u00f3n, incluya una imagen de la misma; tal vez tenga en mente un tipo espec\u00edfico. Describa el aspecto, el tacto y el funcionamiento del producto. Si no tiene una soluci\u00f3n espec\u00edfica en mente, describa las caracter\u00edsticas que buscar\u00eda incluyendo ejemplos de la competencia.<\/p><p><strong>Priorice sus funciones:<\/strong>&nbsp;Resulta \u00fatil priorizar las funciones en funci\u00f3n de su importancia. Si acabas de empezar a trabajar en este proyecto, es posible que a\u00fan no sepas qu\u00e9 funciones son las m\u00e1s importantes para el usuario final, y tener demasiadas funciones de buenas a primeras podr\u00eda salirte caro a la hora de desarrollar un producto. Por eso debe empezar por seleccionar s\u00f3lo unas pocas en las que centrarse. Si el principal factor de atracci\u00f3n de su producto frente a otro de la competencia es el manos libres, esa ser\u00e1 su funci\u00f3n prioritaria, y las dem\u00e1s pasar\u00e1n a un segundo plano.<\/p><p><strong>Abarcan tanto la funcionalidad como el dise\u00f1o:<\/strong>&nbsp;Adem\u00e1s de describir c\u00f3mo funcionar\u00e1 su producto, describa el aspecto que le gustar\u00eda que tuviera. Comprender el estilo que busca ayudar\u00e1 a los dise\u00f1adores industriales a crear conceptos relevantes para el aspecto de su producto. Si quiere que su producto tenga un dise\u00f1o vintage, necesitamos saberlo para no buscar un aspecto futurista.<\/p><blockquote class=\"wp-block-quote is-layout-flow wp-block-quote-is-layout-flow\"><p><strong><em>Consejo: Cree un MVP.&nbsp;<\/em><\/strong><em>Como es posible que no sepas qu\u00e9 caracter\u00edsticas llegar\u00e1n a la versi\u00f3n final de tu producto, es una buena idea crear un MVP, o producto m\u00ednimo viable, para probar la funcionalidad principal de tu dise\u00f1o y recabar opiniones de usuarios potenciales antes de crear un prototipo. Un MVP es una versi\u00f3n muy sencilla de un prototipo que cuesta mucho menos que un prototipo completo. Crear uno te ayudar\u00e1 a entender qu\u00e9 caracter\u00edsticas son las m\u00e1s importantes para tus usuarios finales, de modo que puedas asignar recursos s\u00f3lo a lo que es relevante.<\/em><\/p><\/blockquote><h4 class=\"wp-block-heading\"><strong>3. Est\u00e9tica, precio y resumen<\/strong><\/h4><p>En esta parte del documento debe incluir cualquier inspiraci\u00f3n est\u00e9tica y el precio de venta al p\u00fablico al que le gustar\u00eda vender su producto acabado una vez fabricado. Adem\u00e1s, incluya un breve resumen del producto, con una lista de vi\u00f1etas que resuman las caracter\u00edsticas que busca, junto con los tramos o niveles de precios en caso de que tenga m\u00e1s de una variaci\u00f3n de un producto.<\/p><figure class=\"wp-block-image\"><img decoding=\"async\" src=\"https:\/\/cdn-images-1.medium.com\/max\/960\/1*WTonfS027YMauYd87HweFQ.png\" alt=\"\"\/><\/figure><figure class=\"wp-block-image\"><img decoding=\"async\" src=\"https:\/\/cdn-images-1.medium.com\/max\/960\/1*XUn9MKW7gMdUX-IeDfOxag.png\" alt=\"\"\/><\/figure><p>El prop\u00f3sito del resumen es dejar a su empresa de dise\u00f1o una \"conclusi\u00f3n\" que ofrezca una visi\u00f3n general que podamos consultar r\u00e1pidamente. El precio es importante porque nos permite calibrar c\u00f3mo ayudarle a priorizar las funciones y cu\u00e1ntas incluir.<\/p><blockquote class=\"wp-block-quote is-layout-flow wp-block-quote-is-layout-flow\"><p><strong><em>Consejo: Los costes de dise\u00f1o, fabricaci\u00f3n y los precios de venta al p\u00fablico son tres cosas distintas.<\/em><\/strong><em>&nbsp;No confunda el precio de venta al p\u00fablico que desea para su producto con lo que se va a cobrar por el dise\u00f1o o la creaci\u00f3n de prototipos. Dise\u00f1amos, pero tambi\u00e9n fabricamos, por lo que es habitual que apliquemos principios de dise\u00f1o para la fabricaci\u00f3n (DFM) durante la fase de dise\u00f1o con el fin de alcanzar un determinado punto de precio de fabricaci\u00f3n. El precio de venta al p\u00fablico deseado nos permitir\u00e1 ser m\u00e1s atrevidos o conservadores con determinadas caracter\u00edsticas. Por ejemplo, a\u00f1adir esquinas muy afiladas en un producto de pl\u00e1stico aumentar\u00e1 el coste de fabricaci\u00f3n en comparaci\u00f3n con las esquinas redondeadas. Esto se debe sobre todo a que el utillaje utilizado tendr\u00e1 que pasar por un proceso especial llamado EDM, o mecanizado por descarga el\u00e9ctrica, que puede costar casi el doble que el utillaje normal. En funci\u00f3n de los requisitos y el precio del producto, podemos decidir si incluir o no esquinas afiladas durante la fase de dise\u00f1o.<\/em><\/p><\/blockquote><h4 class=\"wp-block-heading\"><strong>4. Competidores<\/strong><\/h4><p>La informaci\u00f3n sobre los competidores es importante para saber qu\u00e9 gama de productos queremos mejorar y c\u00f3mo conseguirlo sin reinventar la rueda. Con un poco de investigaci\u00f3n, podemos remitirnos a los productos de la competencia y reducir los costes y el tiempo de I+D recurriendo a la ingenier\u00eda inversa. Tambi\u00e9n podemos examinar su presencia en Internet y leer las rese\u00f1as de los productos para ver qu\u00e9 aspectos no satisfacen a los clientes y que podr\u00edamos solucionar.<\/p><figure class=\"wp-block-image\"><img decoding=\"async\" src=\"https:\/\/cdn-images-1.medium.com\/max\/960\/1*-ZLwcjhZlV_OcBR0GxAMBA.png\" alt=\"\"\/><\/figure><p>Nos gusta ver detalles sobre tres o cinco productos de la competencia. Una peque\u00f1a tabla con filas y columnas que muestren esta informaci\u00f3n es \u00fatil. Esto es lo que necesitamos saber sobre cada producto:<\/p><ul class=\"wp-block-list\"><li>Nombre y sitio web de la empresa<\/li><li>Nombre del producto<\/li><li>Imagen del producto<\/li><li>Enlace al producto<\/li><li>Precio de venta al p\u00fablico<\/li><li>Caracter\u00edsticas tecnol\u00f3gicas relevantes, como consumo de energ\u00eda, duraci\u00f3n de la bater\u00eda, rango de temperatura, volumen de audio m\u00e1s alto, etc.<\/li><li>Puntos de venta \u00fanicos (USP): observe aqu\u00ed si el producto de un competidor es de bajo coste en comparaci\u00f3n con otros productos del mercado, tiene capacidades remotas, es ligero o port\u00e1til, tiene apagado autom\u00e1tico, etc.<\/li><\/ul><h3 class=\"wp-block-heading\">Qu\u00e9 hacer y qu\u00e9 no hacer al presentar una idea de producto<\/h3><p>He aqu\u00ed una lista r\u00e1pida de lo que se debe y no se debe hacer, basada en algunas de las preguntas y comentarios m\u00e1s frecuentes de nuestros clientes.<\/p><h4 class=\"wp-block-heading\"><strong>Lo que hay que hacer<\/strong><\/h4><p><strong>Utiliza un programa de edici\u00f3n con el que te sientas c\u00f3modo a la hora de crear tu presentaci\u00f3n.&nbsp;<\/strong>Los clientes nos han presentado sus ideas en muchos formatos diferentes. No hay una forma correcta, pero todas las buenas presentaciones tienen las secciones que hemos descrito antes. En definitiva, el veh\u00edculo de comunicaci\u00f3n no importa siempre que expongas claramente la informaci\u00f3n que necesitas que tu empresa de dise\u00f1o conozca. Seg\u00fan nuestra experiencia, Google Slides, la versi\u00f3n gratuita de Powerpoint, funciona bien, pero puedes elegir el programa que m\u00e1s te convenga.<\/p><p><strong>Incluya tantos elementos visuales como sea posible.&nbsp;<\/strong>Cuantos m\u00e1s elementos visuales tenga, mejor, pero no por el mero hecho de tener im\u00e1genes. Los elementos visuales nos ayudan a entender su idea, as\u00ed que no olvide incluir fotos de productos de la competencia y de partes o caracter\u00edsticas clave del producto que quiere mejorar. Si dispone de ellas, incluya im\u00e1genes de los productos de la competencia en acci\u00f3n.<\/p><p><strong>Limite la cantidad de texto que incluye.<\/strong>&nbsp;Puedes dar algunos detalles y explicaciones en la secci\u00f3n de notas de la presentaci\u00f3n, pero no la cargues demasiado de texto. Deber\u00edas tener la oportunidad de conversar con la empresa sobre la presentaci\u00f3n y entonces podr\u00e1s entrar en m\u00e1s detalles.<\/p><p><strong>Celebra una reuni\u00f3n para discutir tu idea y tu presentaci\u00f3n.&nbsp;<\/strong>Siempre debes tener una reuni\u00f3n en persona, una conversaci\u00f3n telef\u00f3nica o un videochat para hablar de tu idea de producto y de la presentaci\u00f3n correspondiente. No intentes discutir tu presentaci\u00f3n por correo electr\u00f3nico o cualquier tipo de sistema de mensajer\u00eda. Si alguien es de aqu\u00ed, solemos reunirnos con un prototipo que hayan producido o con un producto de la competencia. Sin embargo, muchos de nuestros clientes son de fuera de la ciudad y, si es as\u00ed, haremos un videochat o una llamada telef\u00f3nica. Pero es absolutamente necesario disponer de informaci\u00f3n previa, como una breve presentaci\u00f3n similar a la que hemos descrito en este art\u00edculo, para saber de qu\u00e9 est\u00e1 hablando el cliente. Adem\u00e1s, es \u00fatil que nuestros jefes de proyecto tengan algo que revisar antes de redactar un SOW, o declaraci\u00f3n de trabajo, que dicta la direcci\u00f3n del proyecto.<\/p><h4 class=\"wp-block-heading\">Lo que no se debe hacer<\/h4><p>Hemos visto presentaciones de ideas de productos bien pensadas que han dado lugar a dise\u00f1os eficientes y eficaces. Tambi\u00e9n hemos conocido a clientes a los que se les ocurri\u00f3 una idea genial, pero no la pensaron lo suficiente antes de discutirla con nosotros. Los clientes potenciales que forman parte de este \u00faltimo grupo tienen m\u00e1s probabilidades de frustrarse y marcharse sin obtener un presupuesto, s\u00f3lo porque no ten\u00edamos suficiente informaci\u00f3n para trabajar. As\u00ed que, para aprovechar al m\u00e1ximo nuestro tiempo y su experiencia, he aqu\u00ed algunas cosas que no debe hacer:<\/p><p><strong>No pida un presupuesto sin dar suficientes detalles<\/strong>. Sencillamente, no podremos darle un presupuesto sin una cantidad razonable de informaci\u00f3n sobre lo que desea que dise\u00f1emos.<\/p><p><strong>No presente su idea por tel\u00e9fono sin ning\u00fan material visual complementario.<\/strong>&nbsp;La gente ha intentado hablar con nosotros por tel\u00e9fono y explicarnos su idea sin ninguna informaci\u00f3n tangible ni presentaci\u00f3n. Esto no funciona. Necesitamos algo a partir de lo que trabajar para empezar tu proyecto. Env\u00edenos un correo electr\u00f3nico con algunas im\u00e1genes y concertaremos una reuni\u00f3n.<\/p><p><strong>No ampl\u00edes demasiado la idea del producto ni le digas a la empresa de dise\u00f1o que elija cualquier dise\u00f1o o direcci\u00f3n est\u00e9tica.<\/strong>. Decirle a su empresa de dise\u00f1o que \"se limite a presentar algunos dise\u00f1os\" no nos da suficientes pautas para determinar c\u00f3mo crear un dise\u00f1o eficaz que resuelva un problema. Si present\u00e1ramos 10 ideas, ninguna de las cuales le gustara a usted, estar\u00eda perdiendo su tiempo y su dinero. Tu idea tiene que tener alg\u00fan tipo de limitaciones.<\/p><p>art\u00edculo original: https:\/\/www.jayconsystems.com\/tutorials\/how-to-present-your-product-idea-to-a-design-firm-17\/<\/p>","protected":false},"excerpt":{"rendered":"<p>How to Present Your Product Idea to a Design&nbsp;FirmYou have a product idea you want to take to market. Now&nbsp;what?Aspiring entrepreneur, tinker, engineer\u2026Your mind runs 1,000 miles per hour thinking of the many different ways you can improve your environment. Just recently you have come up with a product idea that you know can benefit [&hellip;]<\/p>\n","protected":false},"author":11,"featured_media":0,"parent":0,"menu_order":0,"comment_status":"closed","ping_status":"closed","template":"","meta":{"footnotes":""},"class_list":["post-2432","page","type-page","status-publish","hentry"],"blocksy_meta":{"styles_descriptor":{"styles":{"desktop":"","tablet":"","mobile":""},"google_fonts":[],"version":6}},"_links":{"self":[{"href":"https:\/\/www.plasticmoulds.net\/es\/wp-json\/wp\/v2\/pages\/2432","targetHints":{"allow":["GET"]}}],"collection":[{"href":"https:\/\/www.plasticmoulds.net\/es\/wp-json\/wp\/v2\/pages"}],"about":[{"href":"https:\/\/www.plasticmoulds.net\/es\/wp-json\/wp\/v2\/types\/page"}],"author":[{"embeddable":true,"href":"https:\/\/www.plasticmoulds.net\/es\/wp-json\/wp\/v2\/users\/11"}],"replies":[{"embeddable":true,"href":"https:\/\/www.plasticmoulds.net\/es\/wp-json\/wp\/v2\/comments?post=2432"}],"version-history":[{"count":0,"href":"https:\/\/www.plasticmoulds.net\/es\/wp-json\/wp\/v2\/pages\/2432\/revisions"}],"wp:attachment":[{"href":"https:\/\/www.plasticmoulds.net\/es\/wp-json\/wp\/v2\/media?parent=2432"}],"curies":[{"name":"wp","href":"https:\/\/api.w.org\/{rel}","templated":true}]}}