{"id":2218,"date":"2018-09-16T11:18:00","date_gmt":"2018-09-16T03:18:00","guid":{"rendered":"https:\/\/plasticmoulds.net\/?page_id=2218"},"modified":"2021-05-29T16:19:45","modified_gmt":"2021-05-29T08:19:45","slug":"encargar-molde-a-china","status":"publish","type":"page","link":"https:\/\/www.plasticmoulds.net\/es\/order-mould-from-china","title":{"rendered":"Pedir moldes a China"},"content":{"rendered":"<h2><span style=\"color: #008080;\">\u00bfC\u00f3mo puedo encargar un molde de pl\u00e1stico en China?<\/span><\/h2><p>Lamentablemente, no existen pol\u00edticas preestablecidas para <a href=\"https:\/\/plasticmoulds.net\/buy-plastic-mold-from-china\">c\u00f3mo comprar un nuevo molde de inyecci\u00f3n en China<\/a>.<\/p><p>Al leer el <a href=\"https:\/\/plasticmoulds.net\/plastic-mold-procurement-process.html\">procedimiento<\/a>Sin embargo, debes anotar qu\u00e9 trabajos funcionan y cu\u00e1les no y anotar esta lista de comprobaci\u00f3n; la pr\u00f3xima vez, podr\u00e1s asignar un orden y crearlo m\u00e1s f\u00e1cilmente.<\/p><p>Cuando empieces, tienes que establecer tus prioridades.<\/p><div style=\"width: 640px;\" class=\"wp-video\"><video class=\"wp-video-shortcode\" id=\"video-2218-1\" width=\"640\" height=\"360\" preload=\"metadata\" controls=\"controls\"><source type=\"video\/mp4\" src=\"https:\/\/res.cloudinary.com\/dl8a9jvpa\/video\/upload\/v1572574321\/plastic%20mold.mp4?_=1\" \/><a href=\"https:\/\/res.cloudinary.com\/dl8a9jvpa\/video\/upload\/v1572574321\/plastic%20mold.mp4\" target=\"_blank\" rel=\"noopener\">https:\/\/res.cloudinary.com\/dl8a9jvpa\/video\/upload\/v1572574321\/plastic%20mold.mp4<\/a><\/video><\/div><p>No se preocupe por el utillaje en esta fase: no le ayudar\u00e1 a mantener bajos los costes.<\/p><p>En su lugar, debe partir de un coste de producto adecuado, junto con una cantidad anual prevista.<\/p><p>Esto se utilizar\u00e1 para establecer la cantidad de cavidades necesarias y los requisitos de la m\u00e1quina de inyecci\u00f3n de pl\u00e1stico.<\/p><p>Con esto en la cabeza, puedes desarrollar una <a href=\"https:\/\/plasticmoulds.net\/contact-us\">presupuesto<\/a> de los precios de los productos y determinar los resultados que necesita para adquirir ganancias en la fabricaci\u00f3n.<\/p><p><img loading=\"lazy\" decoding=\"async\" class=\"alignnone wp-image-3237\" src=\"https:\/\/plasticmoulds.net\/wp-content\/uploads\/2020\/04\/plastic-mold-4_rxsrow_n3bpql_sufjxm.jpg\" alt=\"molde de pl\u00e1stico\" width=\"874\" height=\"320\" srcset=\"https:\/\/www.plasticmoulds.net\/wp-content\/uploads\/2020\/04\/plastic-mold-4_rxsrow_n3bpql_sufjxm.jpg 874w, https:\/\/www.plasticmoulds.net\/wp-content\/uploads\/2020\/04\/plastic-mold-4_rxsrow_n3bpql_sufjxm-300x110.jpg 300w, https:\/\/www.plasticmoulds.net\/wp-content\/uploads\/2020\/04\/plastic-mold-4_rxsrow_n3bpql_sufjxm-768x281.jpg 768w\" sizes=\"auto, (max-width: 874px) 100vw, 874px\" \/><\/p><p>Esta informaci\u00f3n es la m\u00ednima necesaria para empezar a crear los requisitos de su nuevo molde de inyecci\u00f3n.<\/p><p>Es un buen concepto para contrastar los costos entre los moldes chinos y Estados Unidos o Europa con esto alrededor de su mente con regularidad, por lo que puede estar seguro de que est\u00e1 haciendo la <a href=\"https:\/\/plasticmoulds.net\/9-tips-make-to-buy-plastic-mold-from-china-easily.html\">el mayor ahorro posible<\/a>.<\/p><p>Recuerde que lo importante no es el precio del molde en s\u00ed, sino el coste de lo que se fabricar\u00e1 con \u00e9l.<\/p><p>El molde puede ser modificado sujeto a esto- por ejemplo, si usted s\u00f3lo est\u00e1 construyendo <a href=\"https:\/\/plasticmoulds.net\/injection-molding-company\">una escasa cantidad de producto<\/a>En ese momento, el coste del molde supondr\u00e1 una gran parte de la tarifa del producto.<\/p><p>Con ese escenario, deber\u00eda intentar bajar la tasa de moldeo reduciendo la cantidad de cavidades o considerando potencialmente un molde no endurecido o de aluminio.<\/p><p><img loading=\"lazy\" decoding=\"async\" class=\"aligncenter wp-image-3238\" src=\"https:\/\/plasticmoulds.net\/wp-content\/uploads\/2020\/04\/mmexport1502669208636_1-1_ddwaqu-1.jpg\" alt=\"fabricante chino de moldes de pl\u00e1stico\" width=\"795\" height=\"596\" srcset=\"https:\/\/www.plasticmoulds.net\/wp-content\/uploads\/2020\/04\/mmexport1502669208636_1-1_ddwaqu-1.jpg 500w, https:\/\/www.plasticmoulds.net\/wp-content\/uploads\/2020\/04\/mmexport1502669208636_1-1_ddwaqu-1-300x225.jpg 300w\" sizes=\"auto, (max-width: 795px) 100vw, 795px\" \/><\/p><p>Hay otros factores importantes para un dise\u00f1o perfecto del producto.<\/p><p>Desde el <a href=\"https:\/\/plasticmoulds.net\/design#wall-thickness\">espesor de pared<\/a> y longitud de flujo a la cantidad de presi\u00f3n requerida y la <a href=\"https:\/\/plasticmoulds.net\/identify-the-plastic-material.html\">resina esperada<\/a>Hay que tener en cuenta muchas cosas.<\/p><p>Por ejemplo, si las presiones de inyecci\u00f3n elevadas son un requisito, m\u00e1s <a href=\"https:\/\/plasticmoulds.net\/gates-design.html\">puertas<\/a> ser\u00e1 sin duda necesario para liberarse de una parte de la tensi\u00f3n.<\/p><p>Cuando consulte con fabricantes de moldes de China, es una buena idea preguntar si esa empresa china de moldes tiene alg\u00fan historial de fabricaci\u00f3n de los tipos de moldes que usted necesita.<\/p><p>Asimismo, debe consultar las evaluaciones de clientes anteriores que hayan adquirido en China y, si es posible, visitar sus instalaciones para ver por s\u00ed mismo c\u00f3mo fabrican los moldes de pl\u00e1stico, el utillaje y el \u00e1rea de fabricaci\u00f3n.<\/p><p>Esto le dar\u00e1 una idea de la cantidad de recursos que dedican a la creaci\u00f3n de moldes, para que pueda comprobar si est\u00e1n a la altura de la ocupaci\u00f3n de producir el suyo.<\/p>","protected":false},"excerpt":{"rendered":"<p>How do I go about ordering a plastic mold from China?Regrettably, there are no preset policies for how to buy a new injection mold from China.As you read the procedure, though, you must note down what jobs work and what doesn&#8217;t and write down this checklist; the next time, you could assign an order and [&hellip;]<\/p>\n","protected":false},"author":11,"featured_media":0,"parent":0,"menu_order":0,"comment_status":"closed","ping_status":"closed","template":"","meta":{"footnotes":""},"class_list":["post-2218","page","type-page","status-publish","hentry"],"blocksy_meta":{"styles_descriptor":{"styles":{"desktop":"","tablet":"","mobile":""},"google_fonts":[],"version":6}},"_links":{"self":[{"href":"https:\/\/www.plasticmoulds.net\/es\/wp-json\/wp\/v2\/pages\/2218","targetHints":{"allow":["GET"]}}],"collection":[{"href":"https:\/\/www.plasticmoulds.net\/es\/wp-json\/wp\/v2\/pages"}],"about":[{"href":"https:\/\/www.plasticmoulds.net\/es\/wp-json\/wp\/v2\/types\/page"}],"author":[{"embeddable":true,"href":"https:\/\/www.plasticmoulds.net\/es\/wp-json\/wp\/v2\/users\/11"}],"replies":[{"embeddable":true,"href":"https:\/\/www.plasticmoulds.net\/es\/wp-json\/wp\/v2\/comments?post=2218"}],"version-history":[{"count":0,"href":"https:\/\/www.plasticmoulds.net\/es\/wp-json\/wp\/v2\/pages\/2218\/revisions"}],"wp:attachment":[{"href":"https:\/\/www.plasticmoulds.net\/es\/wp-json\/wp\/v2\/media?parent=2218"}],"curies":[{"name":"wp","href":"https:\/\/api.w.org\/{rel}","templated":true}]}}