{"id":10706,"date":"2023-06-07T12:12:26","date_gmt":"2023-06-07T04:12:26","guid":{"rendered":"https:\/\/plasticmoulds.net\/?p=10706"},"modified":"2023-07-16T19:43:46","modified_gmt":"2023-07-16T11:43:46","slug":"desarrollo-de-nuevas-piezas-de-plastico-una-guia-completa","status":"publish","type":"page","link":"https:\/\/www.plasticmoulds.net\/es\/developing-new-plastic-parts-a-comprehensive-guide","title":{"rendered":"Desarrollo de nuevas piezas de pl\u00e1stico: Una gu\u00eda completa"},"content":{"rendered":"<p>Desarrollar nuevas piezas de pl\u00e1stico exige adoptar un enfoque profundo y sistem\u00e1tico para garantizar el \u00e9xito del dise\u00f1o, la fabricaci\u00f3n y la aplicaci\u00f3n. Desde el establecimiento de los requisitos hasta las pruebas y los procedimientos de control de calidad, cada etapa desempe\u00f1a un papel fundamental. En este art\u00edculo profundizaremos en cada una de las etapas del desarrollo de nuevas piezas de pl\u00e1stico, aportando ideas y consejos a lo largo del proceso.<\/p><nav class=\"wp-block-stackable-table-of-contents stk-block-table-of-contents stk-block stk-a7b1535\" data-block-id=\"a7b1535\"><p class=\"stk-table-of-contents__title\">\u00cdndice<\/p><ul class=\"stk-table-of-contents__table\"><li><a href=\"#establish-clear-requirements-and-objectives\">Establezca requisitos y objetivos claros:<\/a><\/li><li><a href=\"#conceptual-design\">Dise\u00f1o conceptual:<\/a><\/li><li><a href=\"#material-selection\">Selecci\u00f3n de materiales:<\/a><\/li><li><a href=\"#design-validation\">Validaci\u00f3n del dise\u00f1o:<\/a><\/li><li><a href=\"#tooling-and-manufacturing\">Herramientas y fabricaci\u00f3n:<\/a><\/li><li><a href=\"#injection-molding\">Moldeo por inyecci\u00f3n:<\/a><\/li><li><a href=\"#testing-and-quality-control\">Pruebas y control de calidad:<\/a><\/li><li><a href=\"#implementation-and-feedback\">Aplicaci\u00f3n y retroalimentaci\u00f3n:<\/a><\/li><li><a href=\"#conclusion\">Conclusi\u00f3n:<\/a><\/li><\/ul><\/nav><h2 class=\"wp-block-heading\" id=\"establish-clear-requirements-and-objectives\">Establezca requisitos y objetivos claros:<\/h2><p>El paso inicial en el desarrollo de piezas de pl\u00e1stico requiere definir claramente sus requisitos y objetivos, incluidas las aplicaciones previstas, los requisitos de funcionalidad, las dimensiones, los requisitos de resistencia, las propiedades deseadas, las condiciones medioambientales, las necesidades de cumplimiento normativo, etc. Un conocimiento profundo de todos estos elementos permite sentar unas bases s\u00f3lidas para los procesos de dise\u00f1o y fabricaci\u00f3n posteriores.<\/p><p>Involucrar a las partes interesadas, incluidos ingenieros, dise\u00f1adores y usuarios finales, durante la fase de definici\u00f3n de requisitos es imprescindible para recopilar informaci\u00f3n y opiniones que garanticen que el dise\u00f1o cumple los criterios deseados y alcanza los resultados previstos. Si se incluye en este proceso a expertos que comprendan las necesidades del p\u00fablico objetivo, se garantizar\u00e1 la consecuci\u00f3n de los resultados de dise\u00f1o deseados.<\/p><h2 class=\"wp-block-heading\" id=\"conceptual-design\">Dise\u00f1o conceptual:<\/h2><figure class=\"wp-block-image size-large\"><a href=\"https:\/\/plasticmoulds.net\/wp-content\/uploads\/2022\/03\/15.jpg\"><img loading=\"lazy\" decoding=\"async\" width=\"1024\" height=\"768\" src=\"https:\/\/plasticmoulds.net\/wp-content\/uploads\/2022\/03\/15-1024x768.jpg\" alt=\"\" class=\"wp-image-6835\" srcset=\"https:\/\/www.plasticmoulds.net\/wp-content\/uploads\/2022\/03\/15-1024x768.jpg 1024w, https:\/\/www.plasticmoulds.net\/wp-content\/uploads\/2022\/03\/15-300x225.jpg 300w, https:\/\/www.plasticmoulds.net\/wp-content\/uploads\/2022\/03\/15-768x576.jpg 768w, https:\/\/www.plasticmoulds.net\/wp-content\/uploads\/2022\/03\/15.jpg 1080w\" sizes=\"auto, (max-width: 1024px) 100vw, 1024px\" \/><\/a><\/figure><p>Bas\u00e1ndose en sus requisitos, el siguiente paso debe ser el dise\u00f1o conceptual de la pieza de pl\u00e1stico. Esto implica traducir sus requisitos en formas visuales utilizando software de dise\u00f1o asistido por ordenador (CAD) para que los dise\u00f1adores puedan producir modelos 3D que demuestren su forma y requisitos de montaje.<\/p><p><strong>Software de dise\u00f1o:<\/strong><\/p><ul class=\"wp-block-list\"><li><a href=\"https:\/\/www.solidworks.com\/\" target=\"_blank\" rel=\"noreferrer noopener\"> SolidWorks<\/a>, <\/li><li>AutoCAD, <\/li><li>Fusi\u00f3n 360 <\/li><li><a href=\"https:\/\/www.autodesk.com\/products\/moldflow\/overview\" target=\"_blank\" rel=\"noreferrer noopener\">Moldflow<\/a>: <\/li><li><a href=\"https:\/\/plm.sw.siemens.com\/en-US\/nx\/\" target=\"_blank\" rel=\"noreferrer noopener\">Siemens NX<\/a>: <\/li><li>Solid Edge<\/li><li>CATIA<\/li><\/ul><p>Como parte de la fase de dise\u00f1o conceptual, es crucial que los dise\u00f1adores iteren con frecuencia sobre sus dise\u00f1os teniendo en cuenta los comentarios y las revisiones, para perfeccionarlos a\u00fan m\u00e1s y cumplir adecuadamente todos los requisitos. Adem\u00e1s, la identificaci\u00f3n temprana de cualquier problema u obst\u00e1culo relacionado con la fabricaci\u00f3n ayuda a facilitar la resoluci\u00f3n de problemas de forma m\u00e1s r\u00e1pida y rentable.<\/p><p>En lo que respecta a los formatos de archivo para el dise\u00f1o de componentes de pl\u00e1stico, suelen utilizarse los siguientes:<\/p><ol class=\"wp-block-list\"><li><strong>Formatos CAD<\/strong>:\n<ul class=\"wp-block-list\"><li>DWG (dibujo de AutoCAD)<\/li><li>DXF (Formato de intercambio de dibujos)<\/li><li>DGN (MicroStation Design)<\/li><li>PRT (Parte)<\/li><\/ul><\/li><li><strong>Formatos de intercambio de modelos 3D<\/strong>:\n<ul class=\"wp-block-list\"><li>STL (Lenguaje est\u00e1ndar de teselaci\u00f3n)<\/li><li>STEP (Norma para el intercambio de datos sobre productos)<\/li><li>IGES (Especificaci\u00f3n Inicial de Intercambio de Gr\u00e1ficos)<\/li><\/ul><\/li><\/ol><h2 class=\"wp-block-heading\" id=\"material-selection\">Selecci\u00f3n de materiales:<\/h2><p>Seleccionar el ideal <a href=\"https:\/\/en.wikipedia.org\/wiki\/Plastic\" target=\"_blank\" rel=\"noreferrer noopener\">material pl\u00e1stico<\/a> para el desarrollo de cualquier pieza es de vital importancia para su \u00e9xito. Las deliberaciones sobre qu\u00e9 pl\u00e1stico seleccionar pueden depender de varias consideraciones, como las propiedades mec\u00e1nicas deseadas, las implicaciones medioambientales y las exigencias est\u00e9ticas, as\u00ed como las limitaciones de costes. Las opciones m\u00e1s comunes para el moldeo por inyecci\u00f3n son <\/p><ul class=\"wp-block-list\"><li>Polietileno (PE)<\/li><li>Polipropileno (PP)<\/li><li>Cloruro de polivinilo (PVC)<\/li><li>Tereftalato de polietileno (PET)<\/li><li>Poliestireno (PS)<\/li><li>Acrilonitrilo butadieno estireno (ABS)<\/li><li>Policarbonato (PC)<\/li><li>Poliamida (PA)<\/li><li>Tereftalato de polietileno glicol (PETG)<\/li><li>Fluoruro de polivinilideno (PVDF)<\/li><li>Poliuretano (PU)<\/li><li>Polioximetileno (POM)<\/li><\/ul><p>Para seleccionar el material ideal, es necesario evaluar cuidadosamente las propiedades y caracter\u00edsticas de cada opci\u00f3n -incluida la resistencia, durabilidad, flexibilidad, resistencia a la temperatura, resistencia qu\u00edmica y coste-, dando prioridad a una opci\u00f3n sobre otras. Consultar a proveedores de materiales o expertos para que le asesoren en la elecci\u00f3n de un material adecuado garantiza que \u00e9ste satisfaga los requisitos deseados.<\/p><h2 class=\"wp-block-heading\" id=\"design-validation\">Validaci\u00f3n del dise\u00f1o:<\/h2><p>Una vez concluida la fase de dise\u00f1o conceptual y selecci\u00f3n de materiales, resulta esencial llevar a cabo un meticuloso proceso de validaci\u00f3n del dise\u00f1o destinado a verificar si se cumplen las funcionalidades previstas antes de avanzar con la producci\u00f3n. La validaci\u00f3n puede realizarse mediante software de simulaci\u00f3n o pruebas f\u00edsicas, o ambas cosas, en funci\u00f3n de las necesidades de complejidad del producto. <\/p><figure class=\"wp-block-image size-large\"><a href=\"https:\/\/plasticmoulds.net\/wp-content\/uploads\/2022\/04\/prototype.jpg\"><img loading=\"lazy\" decoding=\"async\" width=\"1024\" height=\"492\" src=\"https:\/\/plasticmoulds.net\/wp-content\/uploads\/2022\/04\/prototype-1024x492.jpg\" alt=\"\" class=\"wp-image-7000\" srcset=\"https:\/\/www.plasticmoulds.net\/wp-content\/uploads\/2022\/04\/prototype-1024x492.jpg 1024w, https:\/\/www.plasticmoulds.net\/wp-content\/uploads\/2022\/04\/prototype-300x144.jpg 300w, https:\/\/www.plasticmoulds.net\/wp-content\/uploads\/2022\/04\/prototype-768x369.jpg 768w, https:\/\/www.plasticmoulds.net\/wp-content\/uploads\/2022\/04\/prototype.jpg 1500w\" sizes=\"auto, (max-width: 1024px) 100vw, 1024px\" \/><\/a><\/figure><p>El software de simulaci\u00f3n permite realizar evaluaciones en numerosos \u00e1mbitos que abarcan la distribuci\u00f3n de tensiones y la moldeabilidad, entre otros aspectos t\u00e9cnicos, lo que proporciona una visi\u00f3n clara de la viabilidad y las soluciones de optimizaci\u00f3n mediante la medici\u00f3n de diversos escenarios y factores de capacidad de carga en una fase temprana antes de la producci\u00f3n, evitando as\u00ed los riesgos de fallo que pueden surgir m\u00e1s adelante en el proceso de desarrollo.<\/p><p><a href=\"https:\/\/plasticmoulds.net\/rapid-prototype\" target=\"_blank\" rel=\"noreferrer noopener\">Pruebas f\u00edsicas<\/a> ayudan a validar el rendimiento de las piezas en funci\u00f3n de criterios espec\u00edficos, como las medidas de precisi\u00f3n dimensional mediante comprobaciones del factor de estabilidad medioambiental, las exploraciones de tracci\u00f3n o los niveles de resistencia al impacto que necesitan confirmaci\u00f3n para las necesidades exclusivas de cada pieza; estas pruebas garantizan adem\u00e1s la conformidad con las normativas exigidas y los niveles de satisfacci\u00f3n del cliente.<\/p><h2 class=\"wp-block-heading\" id=\"tooling-and-manufacturing\">Herramientas y fabricaci\u00f3n:<\/h2><p>Una vez que se ha verificado el dise\u00f1o, el siguiente paso en la fabricaci\u00f3n consiste en crear el utillaje adecuado, lo que suele consistir en dise\u00f1ar y fabricar <a href=\"https:\/\/plasticmoulds.net\/what-is-plastic-mold.html\" target=\"_blank\" rel=\"noreferrer noopener\">moldes de inyecci\u00f3n<\/a> adecuado para esta pieza en particular. Los moldes de inyecci\u00f3n desempe\u00f1an un papel fundamental en este proceso, ya que definen su forma final.<\/p><p>La colaboraci\u00f3n con un fabricante de utillajes experimentado es esencial para producir un molde preciso. Los dise\u00f1adores y expertos en utillaje le ayudar\u00e1n en este proceso durante la producci\u00f3n del utillaje.<\/p><p>Juntos colaboraremos estrechamente en el dise\u00f1o de moldes con un dise\u00f1o \u00f3ptimo, la selecci\u00f3n de los materiales que se utilizar\u00e1n en ellos y la instalaci\u00f3n de los sistemas de refrigeraci\u00f3n y expulsi\u00f3n adecuados. La estrecha colaboraci\u00f3n tambi\u00e9n incluir\u00e1 la contrataci\u00f3n de un experimentado fabricante de herramientas como asesor en todo lo relativo al dise\u00f1o de moldes, la selecci\u00f3n de materiales y las consideraciones de fabricaci\u00f3n para agilizar el proceso de producci\u00f3n y maximizar la productividad.<\/p><p>El an\u00e1lisis del flujo del molde (una simulaci\u00f3n del proceso de moldeo por inyecci\u00f3n), realizado durante la fase de utillaje, puede detectar problemas como trampas de aire, l\u00edneas de soldadura o encogimiento excesivo que deben abordarse para aumentar la calidad y consistencia generales de las piezas de pl\u00e1stico finales producidas a partir de moldes de inyecci\u00f3n. Si se toman medidas en la fase de utillaje en lugar de m\u00e1s adelante en la l\u00ednea de producci\u00f3n, la calidad y la consistencia de las piezas de pl\u00e1stico finales producidas pueden aumentar dr\u00e1sticamente.<\/p><h2 class=\"wp-block-heading\" id=\"injection-molding\">Moldeo por inyecci\u00f3n:<\/h2><p>El moldeo por inyecci\u00f3n es una de las <a href=\"https:\/\/plasticmoulds.net\/injection-molding-process.html\" target=\"_blank\" rel=\"noreferrer noopener\">medios eficaces<\/a> de producir piezas de pl\u00e1stico, utilizando la inyecci\u00f3n a alta presi\u00f3n para forzar el pl\u00e1stico l\u00edquido en las cavidades del molde y dejar que se solidifique mientras se enfr\u00eda y solidifica con el tiempo. Sin embargo, para lograr la m\u00e1xima eficacia, esto requiere un control preciso sobre varios par\u00e1metros como la temperatura y la presi\u00f3n antes de que se alcance el tiempo de enfriamiento, todo lo cual debe supervisarse de cerca para obtener resultados \u00f3ptimos.<\/p><p>La colaboraci\u00f3n con un proveedor de moldeo por inyecci\u00f3n experimentado es fundamental para una configuraci\u00f3n adecuada, la optimizaci\u00f3n del proceso y el control de calidad durante la producci\u00f3n. Colaborar\u00e1n estrechamente con los equipos de dise\u00f1o en la selecci\u00f3n de materiales adecuados para los par\u00e1metros \u00f3ptimos de moldeo por inyecci\u00f3n en funci\u00f3n de las propiedades de los materiales y las especificaciones de las piezas.<\/p><p>En cada etapa de la producci\u00f3n de moldeo por inyecci\u00f3n, deben aplicarse medidas de control de calidad para supervisar la producci\u00f3n y garantizar que las piezas fabricadas cumplen las normas y especificaciones requeridas. Estas medidas pueden incluir inspecciones dimensionales, pruebas de propiedades de los materiales y pruebas funcionales que verifiquen el rendimiento y la calidad de las piezas. Mediante el empleo de s\u00f3lidos procesos de control de calidad, es posible identificar r\u00e1pidamente cualquier desviaci\u00f3n o problema, minimizando as\u00ed los residuos y garantizando al mismo tiempo una calidad constante de las piezas.<\/p><h2 class=\"wp-block-heading\" id=\"testing-and-quality-control\">Pruebas y control de calidad:<\/h2><p>El desarrollo de nuevas piezas de pl\u00e1stico requiere una cuidadosa aplicaci\u00f3n de los procedimientos de ensayo y control de calidad para obtener resultados \u00f3ptimos. Es fundamental validar su rendimiento con m\u00e9todos de ensayo robustos que examinen su durabilidad, fiabilidad y propiedades mec\u00e1nicas. Las inspecciones dimensionales garantizan el cumplimiento de las especificaciones definidas, adem\u00e1s de las evaluaciones de las propiedades de los materiales, como la resistencia a la tracci\u00f3n, la resistencia al impacto o los an\u00e1lisis de estabilidad t\u00e9rmica, para comprender mejor estas cualidades.<\/p><p>Los aspectos funcionales de las piezas de pl\u00e1stico son igualmente importantes, ya que reflejan el rendimiento utilizable mientras se ensamblan o encajan correctamente de acuerdo con las especificaciones de dise\u00f1o que el SPC ayuda a mantener a lo largo de los ciclos de producci\u00f3n mediante la recopilaci\u00f3n continua de datos de su alcance aplicando metodolog\u00edas establecidas mientras lo hace.<br>Por \u00faltimo, pero no por ello menos importante, hay que tener muy en cuenta el rendimiento a largo plazo, que s\u00f3lo se puede conseguir mediante una recalibraci\u00f3n eficaz de los materiales elegidos tras realizar pruebas de envejecimiento acelerado. Los factores de estr\u00e9s ambiental, como la exposici\u00f3n a los elementos del exterior, etc., proporcionan informaci\u00f3n sobre la vida \u00fatil prevista y, en \u00faltima instancia, permiten ofrecer un mayor valor al consumidor.<\/p><h2 class=\"wp-block-heading\" id=\"implementation-and-feedback\">Aplicaci\u00f3n y retroalimentaci\u00f3n:<\/h2><p>Una vez que las nuevas piezas de pl\u00e1stico se han desarrollado y probado con \u00e9xito, su siguiente paso debe ser la integraci\u00f3n en una aplicaci\u00f3n o producto. Debe supervisar el rendimiento y recabar la opini\u00f3n de los usuarios o clientes para medir el grado de satisfacci\u00f3n e identificar las mejoras o modificaciones necesarias.<\/p><p>La mejora continua es una piedra angular del desarrollo. Revise y modifique peri\u00f3dicamente los procesos de dise\u00f1o y fabricaci\u00f3n bas\u00e1ndose en los comentarios o las lecciones aprendidas para mejorar continuamente la eficiencia, la fiabilidad y el rendimiento de las piezas de pl\u00e1stico.<\/p><h2 class=\"wp-block-heading\" id=\"conclusion\"><strong>Conclusi\u00f3n:<\/strong><\/h2><p>Generar nuevas piezas de pl\u00e1stico requiere un proceso organizado y exhaustivo que implica <a href=\"https:\/\/plasticmoulds.net\/developing-new-plastic-parts-a-comprehensive-guide.html\" target=\"_blank\" rel=\"noreferrer noopener\">numerosas etapas<\/a> desde la definici\u00f3n de los requisitos hasta las pruebas y el control de calidad. Al trabajar con profesionales experimentados y<\/p><p>Siguiendo estos pasos podr\u00e1 dise\u00f1ar con \u00e9xito nuevas piezas de pl\u00e1stico que cumplan con las aplicaciones previstas, ofreciendo funcionalidad, durabilidad y fiabilidad en sus aplicaciones. Involucre a las partes interesadas siempre que sea posible para que participen eficazmente en la validaci\u00f3n de los dise\u00f1os, la selecci\u00f3n de materiales adecuados para los procesos de fabricaci\u00f3n que optimicen la productividad y la aplicaci\u00f3n de medidas s\u00f3lidas de garant\u00eda de calidad para producir piezas de alta calidad que contribuyan significativamente al \u00e9xito del proyecto.<\/p>","protected":false},"excerpt":{"rendered":"<p>Develop new plastic parts requires taking an in-depth and systematic approach in order to guarantee successful design, manufacturing and implementation. From setting requirements through testing and quality control procedures &#8211; every stage plays an integral part. In this article we&#8217;ll go deeper into each stage of developing new plastic parts, providing insights and advice along [&hellip;]<\/p>\n","protected":false},"author":1,"featured_media":0,"parent":0,"menu_order":0,"comment_status":"open","ping_status":"open","template":"","meta":{"footnotes":""},"class_list":["post-10706","page","type-page","status-publish","hentry"],"blocksy_meta":[],"_links":{"self":[{"href":"https:\/\/www.plasticmoulds.net\/es\/wp-json\/wp\/v2\/pages\/10706","targetHints":{"allow":["GET"]}}],"collection":[{"href":"https:\/\/www.plasticmoulds.net\/es\/wp-json\/wp\/v2\/pages"}],"about":[{"href":"https:\/\/www.plasticmoulds.net\/es\/wp-json\/wp\/v2\/types\/page"}],"author":[{"embeddable":true,"href":"https:\/\/www.plasticmoulds.net\/es\/wp-json\/wp\/v2\/users\/1"}],"replies":[{"embeddable":true,"href":"https:\/\/www.plasticmoulds.net\/es\/wp-json\/wp\/v2\/comments?post=10706"}],"version-history":[{"count":0,"href":"https:\/\/www.plasticmoulds.net\/es\/wp-json\/wp\/v2\/pages\/10706\/revisions"}],"wp:attachment":[{"href":"https:\/\/www.plasticmoulds.net\/es\/wp-json\/wp\/v2\/media?parent=10706"}],"curies":[{"name":"wp","href":"https:\/\/api.w.org\/{rel}","templated":true}]}}