{"id":10426,"date":"2023-03-26T17:09:53","date_gmt":"2023-03-26T09:09:53","guid":{"rendered":"https:\/\/plasticmoulds.net\/?p=10426"},"modified":"2023-07-16T19:34:01","modified_gmt":"2023-07-16T11:34:01","slug":"como-preparar-su-solicitud-para-un-presupuesto-preciso","status":"publish","type":"page","link":"https:\/\/www.plasticmoulds.net\/es\/how-to-prepare-your-inquiry-for-a-precise-quote","title":{"rendered":"c\u00f3mo preparar su solicitud para un presupuesto preciso"},"content":{"rendered":"<p>Seleccionar al proveedor adecuado es crucial cuando se quiere desarrollar un nuevo producto de moldeo por inyecci\u00f3n. Para garantizar el \u00e9xito del proyecto, lo primero es preparar las preguntas adecuadas y proporcionar informaci\u00f3n detallada. En esta entrada del blog, le guiaremos a trav\u00e9s de los puntos clave que necesita discutir con su potencial proveedor de moldeo por inyecci\u00f3n.<\/p><div class=\"wp-block-columns is-layout-flex wp-container-core-columns-is-layout-28f84493 wp-block-columns-is-layout-flex\"><div class=\"wp-block-column is-layout-flow wp-block-column-is-layout-flow\" style=\"flex-basis:100%\"><div class=\"wp-block-group is-layout-constrained wp-block-group-is-layout-constrained\"><div class=\"wp-block-group is-layout-constrained wp-block-group-is-layout-constrained\"><ul class=\"wp-block-list\"><li>Dibujos en 3D o muestras<\/li><li>Descripci\u00f3n del producto<\/li><li>Requisitos materiales<\/li><li>Cantidad<\/li><li>Grado ign\u00edfugo<\/li><li>Calendario de producci\u00f3n.<\/li><li>Archivos CAD o planos t\u00e9cnicos<\/li><li>Normas de calidad<\/li><li>Requisitos de superficie<\/li><li>Embalaje_y_env\u00edo<\/li><li>Presupuesto<\/li><li>Servicios adicionales<\/li><\/ul><\/div><\/div><\/div><\/div><figure class=\"wp-block-image aligncenter size-full is-resized\"><a href=\"https:\/\/plasticmoulds.net\/wp-content\/uploads\/2022\/07\/17.png\"><img loading=\"lazy\" decoding=\"async\" src=\"https:\/\/plasticmoulds.net\/wp-content\/uploads\/2022\/07\/17.png\" alt=\"\" class=\"wp-image-7978\" width=\"353\" height=\"321\"\/><\/a><\/figure><h2 class=\"wp-block-heading\">Dise\u00f1o 3D o muestras<\/h2><ol class=\"wp-block-list\"><li><strong>Evaluaci\u00f3n del dise\u00f1o<\/strong>: Un dibujo o muestra en 3D permite al fabricante de moldes de inyecci\u00f3n evaluar el dise\u00f1o de la pieza o el producto. Puede evaluar factores como la complejidad, el grosor de las paredes, los rebajes, los \u00e1ngulos de inclinaci\u00f3n y otros elementos de dise\u00f1o. Esta evaluaci\u00f3n ayuda a determinar la viabilidad de la fabricaci\u00f3n de la pieza mediante moldeo por inyecci\u00f3n e identifica los posibles problemas de dise\u00f1o o las modificaciones necesarias para el \u00e9xito de la producci\u00f3n.<\/li><li><strong>Consideraciones sobre el utillaje<\/strong>: El moldeo por inyecci\u00f3n requiere la creaci\u00f3n de moldes o utillajes, que se utilizan para formar las piezas. Examinando el dibujo 3D o la muestra, el fabricante puede evaluar la complejidad de la geometr\u00eda de la pieza y determinar el tipo adecuado de molde y utillaje necesarios. Esta evaluaci\u00f3n influye en el coste y el tiempo de fabricaci\u00f3n de los moldes, lo que repercute directamente en el presupuesto global.<\/li><li><strong>Estimaci\u00f3n de los par\u00e1metros de producci\u00f3n:<\/strong> Los presupuestos precisos de moldeo por inyecci\u00f3n implican la estimaci\u00f3n de varios par\u00e1metros de producci\u00f3n, como el tiempo de ciclo, el n\u00famero de cavidades del molde y el volumen total de producci\u00f3n. Al examinar el dibujo en 3D o la muestra, el fabricante puede evaluar estos factores con mayor precisi\u00f3n, lo que da lugar a un presupuesto m\u00e1s exacto. Esta informaci\u00f3n es esencial para calcular los costes de producci\u00f3n y determinar la viabilidad del proyecto.<\/li><li><strong>Garant\u00eda de calidad:<\/strong> Con un dibujo en 3D o una muestra, el fabricante de moldeo por inyecci\u00f3n puede identificar de antemano cualquier posible problema de calidad. Pueden analizar caracter\u00edsticas como el acabado superficial, la precisi\u00f3n dimensional, las l\u00edneas de separaci\u00f3n y cualquier otro requisito espec\u00edfico. Esto ayuda a garantizar que las piezas finales fabricadas cumplan las especificaciones y normas de calidad deseadas.<\/li><\/ol><h2 class=\"wp-block-heading\" id=\"1-product-description\">Descripci\u00f3n del producto<\/h2><p>Debe indicar al fabricante el tipo de material pl\u00e1stico que desea para su producto. Y esta informaci\u00f3n incluye<strong><span style=\"background-color: var(--qubely-color-5);\" data=\"var(--qubely-color-5)\" class=\"qubely-text-has-bgcolor\"><span style=\"color: #14de32;\" data=\"#14de32\" class=\"qubely-text-has-color\"><em>los colores, el acabado superficial y otros requisitos.<\/em><\/span><\/span><\/strong> Y a veces el proveedor puede ayudarte a elegir el mejor material que necesitas a partir de su experiencia. Y a partir de tu presupuesto.<\/p><h2 class=\"wp-block-heading\" id=\"2-material-requirements\">Requisitos materiales<\/h2><p>La primera y m\u00e1s importante informaci\u00f3n que el cliente debe comunicar al fabricante es el material pl\u00e1stico que necesita. Hay muchos tipos de material pl\u00e1stico disponibles en el mercado. Cada uno tiene su car\u00e1cter. Algunos materiales son duros, otros m\u00e1s blandos, y algunos se utilizan para aplicaciones de alta temperatura. Otros se utilizan para aplicaciones de muy baja temperatura. Algunos componentes deben ser utilizados en una demanda especial, como la resistencia UV o retardante de llama demandas. Por lo tanto, el fabricante de moldes debe saber primero lo que quiere.<\/p><ul class=\"wp-block-list\"><li><strong>Resistividad el\u00e9ctrica<\/strong>: Pl\u00e1stico potenciador del aislamiento y la conductividad el\u00e9ctrica<\/li><li><strong>M\u00f3dulo el\u00e1stico<\/strong>: Liberar la rigidez de los materiales pl\u00e1sticos<\/li><li><strong>Densidad:<\/strong> Exploraci\u00f3n del peso y la flotabilidad en materiales pl\u00e1sticos<\/li><li><strong>Resistencia a los impactos<\/strong>: Fortalecer el pl\u00e1stico contra fuerzas repentinas<\/li><\/ul><p><strong><em>Un caso<\/em><\/strong><\/p><ol class=\"has-light-green-cyan-background-color has-background wp-block-list\"><li class=\"has-medium-font-size\">Moldeado por inyecci\u00f3n de pl\u00e1stico<\/li><li class=\"has-medium-font-size\">Material: Policarbonato transparente, transparente cuando se moldea<\/li><li class=\"has-medium-font-size\">Volumen aproximado: 59,2 cent\u00edmetros c\u00fabicos<\/li><li class=\"has-medium-font-size\">Peso aproximado: 70,5 g<\/li><li class=\"has-medium-font-size\">Las caracter\u00edsticas corresponden a los archivos CAD 3D de la referencia 11****** y la misma revisi\u00f3n.<\/li><li class=\"has-medium-font-size\">Cantidad:1000 unidades por lote<\/li><li class=\"has-medium-font-size\">Las superficies deben encontrarse dentro de la zona de tolerancia geom\u00e9trica especificada a 20 grados Celsius.<\/li><li class=\"has-medium-font-size\">Destello m\u00e1ximo en superficies 0,1 mm<\/li><li class=\"has-medium-font-size\">El material debe tener la clasificaci\u00f3n UL de inflamabilidad 94V0, 94V1 o 94V2<\/li><li class=\"has-medium-font-size\">Puerta y pasador de expulsi\u00f3n seg\u00fan sea necesario dentro de la zona especificada. V\u00e9anse las zonas en las hojas 3 y 4.<\/li><\/ol><h2 class=\"wp-block-heading\" id=\"3-quantity\">Cantidad<\/h2><p>La cantidad de productos que quieren los clientes es otro factor clave. El coste del utillaje es muy elevado. <strong>Por lo tanto, si desea una gran producci\u00f3n, el precio por unidad generalmente disminuir\u00e1<\/strong>. Por tanto, el cliente debe especificar la cantidad exacta que necesita. Adem\u00e1s, el cliente debe indicar sus necesidades concretas de embalaje y etiquetado. Este factor repercutir\u00e1 en el coste final.<\/p><h2 class=\"wp-block-heading\" id=\"4-flame-retardant-grade\">Grado ign\u00edfugo<\/h2><p>Si el producto se va a utilizar en entornos con mayores riesgos de seguridad contra incendios, es vital que se especifique su grado de retardante de llama. Los grados ign\u00edfugos var\u00edan mucho, por lo que seleccionar uno espec\u00edfico para su aplicaci\u00f3n es clave para elegir una soluci\u00f3n de material pl\u00e1stico satisfactoria.<\/p><p>Los clientes deben identificar el grado de retardante de llama que desean junto con cualquier requisito de seguridad para la compra a proveedores chinos. Si no est\u00e1n seguros, deben consultarse entre ellos para identificar una soluci\u00f3n ign\u00edfuga individualizada adecuada a sus requisitos individuales.<\/p><ol class=\"wp-block-list\"><li><strong>UL 94 V-0<\/strong>El m\u00e1s alto grado de retardancia a la llama para pl\u00e1sticos, se autoextingue en 10 segundos tras ser expuesto a una llama.<\/li><li><strong>UL 94 V-1<\/strong>Autoextinguible: se autoextingue en 30 segundos tras ser expuesto a una llama. <\/li><li><strong>UL 94 V-2<\/strong>: se autoextingue en 30 segundos despu\u00e9s de ser expuesto a una llama\uff0cgoteo de llamas que se dejan quemar hasta 60 segundos.<\/li><li><strong>UL 94 5VA y 5VB<\/strong>mayor resistencia a las llamas y al goteo<\/li><li><strong>UL 94 HB<\/strong>: <\/li><\/ol><h2 class=\"wp-block-heading\" id=\"5-production-timeline\">Calendario de producci\u00f3n<\/h2><p>Los clientes deben indicar cualquier requisito especial que tengan en cuanto a plazos de producci\u00f3n. Los plazos de entrega de los productos moldeados por inyecci\u00f3n a medida var\u00edan en funci\u00f3n de numerosos factores, como la complejidad del producto y las especificaciones de tama\u00f1o\/forma\/material del molde.<\/p><p>Los clientes deben colaborar estrechamente con su proveedor chino para determinar un plazo de entrega \u00f3ptimo que satisfaga sus necesidades particulares. Tenga en cuenta que unos plazos de entrega m\u00e1s cortos podr\u00edan traducirse en precios m\u00e1s elevados al tener que acelerar m\u00e1s los procesos de fabricaci\u00f3n.<\/p><h2 class=\"wp-block-heading\" id=\"6-cad-files-or-technical-drawings\">Archivos CAD o planos t\u00e9cnicos<\/h2><p>Compartir cualquier archivo CAD o dibujo t\u00e9cnico disponible de su producto es vital para ayudar a los proveedores a presupuestar y planificar los proyectos con precisi\u00f3n. Los clientes deben proporcionar dibujos o archivos CAD completos del art\u00edculo que necesitan, con todas las dimensiones pertinentes y cualquier requisito o preferencia espec\u00edficos del dise\u00f1o. Lo mejor es que los archivos creados con software 3D como IGES est\u00e9n formateados en formatos compatibles como PRT.<\/p><p>Como parte de su colaboraci\u00f3n, los clientes deben trabajar estrechamente con su proveedor chino para garantizar que el dise\u00f1o del producto se ajusta a sus requisitos y tolerancias espec\u00edficos. Para ello, los clientes deben comunicar cualquier tolerancia especial o especificaci\u00f3n funcional que necesiten cumplir para que el dise\u00f1o y la funcionalidad del producto sean \u00f3ptimos.<\/p><h2 class=\"wp-block-heading\" id=\"7-quality-standards\">Normas de calidad<\/h2><p>Informe al proveedor si su producto debe cumplir normas de calidad o certificaciones espec\u00edficas. As\u00ed se asegurar\u00e1 de que el producto cumple las normas exigidas.<\/p><p>Los proveedores deben ser informados de <strong>c\u00f3mo se ensamblan las piezas<\/strong>preferiblemente con planos de montaje o fotos, junto con <strong>requisitos para las dimensiones clave<\/strong> y <strong>notificaci\u00f3n de las normas de calidad para el proveedor.<\/strong><\/p><h2 class=\"wp-block-heading\" id=\"8-surface-requirements\">Requisitos de superficie<\/h2><p>El acabado de la superficie de un producto puede ser decisivo para su aspecto y funcionalidad. Los clientes deben especificar cualquier requisito espec\u00edfico de la superficie, como un acabado brillante o mate.<\/p><p>Tambi\u00e9n es importante especificar cualquier requisito espec\u00edfico de textura o grabado, ya que pueden tener un impacto significativo en el aspecto y la funcionalidad del producto. Los clientes deben trabajar con su proveedor chino para determinar el mejor acabado superficial para sus necesidades espec\u00edficas.<\/p><h2 class=\"wp-block-heading\" id=\"9-packaging-and-shipping\">Embalaje y env\u00edo<\/h2><p>En cuanto al embalaje y env\u00edo de su producto, es esencial que comunique claramente sus preferencias a su proveedor., es esencial que comunique claramente sus preferencias a su proveedor. As\u00ed se asegurar\u00e1 de que su producto llegue a su destino en buenas condiciones y a tiempo. Aseg\u00farese de describir su m\u00e9todo de embalaje preferido como <strong>Carga MAX, embalaje interior<\/strong>y cualquier requisito de env\u00edo, como el destino, el plazo o las preferencias del proveedor de env\u00edo.<\/p><h2 class=\"wp-block-heading\" id=\"10-budget\">Presupuesto<\/h2><p>Adem\u00e1s, si tiene un presupuesto espec\u00edfico para el proyecto, es importante que comparta esta informaci\u00f3n con el proveedor. De este modo <strong>les ayudar\u00e1 a proporcionarle un presupuesto que se ajuste a sus limitaciones financieras. <\/strong>Tambi\u00e9n puede necesitar servicios adicionales como montaje, operaciones posteriores al moldeo o tratamientos superficiales. Aseg\u00farese de comunicar a su proveedor si necesita alguno de estos servicios para que pueda planificarlos y presupuestarlos.<\/p><h2 class=\"wp-block-heading\" id=\"11-additional-services\">Servicios adicionales<\/h2><p>Los servicios adicionales de moldeo por inyecci\u00f3n pueden incluir operaciones posteriores al moldeo, como montaje, serigraf\u00eda, decoraci\u00f3n, envasado y etiquetado. Otros servicios pueden incluir el mantenimiento de moldes, la modificaci\u00f3n de moldes y la reelaboraci\u00f3n de moldes. Algunas empresas de moldeo por inyecci\u00f3n tambi\u00e9n pueden ofrecer servicios de valor a\u00f1adido, como soporte de ingenier\u00eda, asistencia en la selecci\u00f3n de materiales y gesti\u00f3n de proyectos.<\/p><h2 class=\"wp-block-heading\" id=\"12-contact-information\">Informaci\u00f3n de contacto<\/h2><p>Por \u00faltimo, facilite su nombre completo, nombre de la empresa, direcci\u00f3n de correo electr\u00f3nico, n\u00famero de tel\u00e9fono y m\u00e9todo de comunicaci\u00f3n preferido para asegurarse de que el proveedor pueda ponerse en contacto con usted y mantenerle informado del progreso de su proyecto. Recuerde que una comunicaci\u00f3n clara y la formulaci\u00f3n de las preguntas adecuadas son cruciales para el \u00e9xito del proyecto. <\/p><h2 class=\"wp-block-heading\" id=\"13-take-away\">Para llevar<\/h2><p>En conclusi\u00f3n, proporcionar a su proveedor de moldeo por inyecci\u00f3n <strong><em>informaci\u00f3n detallada sobre su producto, requisitos materiales, calendario de producci\u00f3n, normas de calidad, requisitos de embalaje y env\u00edo, presupuesto e informaci\u00f3n de contacto<\/em><\/strong> es clave para el \u00e9xito de su proyecto. No olvide hacer las preguntas adecuadas y aclarar cualquier duda que pueda tener. Un buen proveedor estar\u00e1 encantado de colaborar con usted para que su proyecto sea un \u00e9xito.<\/p>","protected":false},"excerpt":{"rendered":"<p>Selecting the right supplier is crucial when you want to develope a new injection molding product. To ensure a successful project, first of important,it\u2019s important to prepare the right questions and provide detailed information. In this blog post, we\u2019ll walk you through the key points you need to discuss with your potential injection molding supplier.3D [&hellip;]<\/p>\n","protected":false},"author":11,"featured_media":0,"parent":0,"menu_order":0,"comment_status":"open","ping_status":"open","template":"","meta":{"footnotes":""},"class_list":["post-10426","page","type-page","status-publish","hentry"],"blocksy_meta":[],"_links":{"self":[{"href":"https:\/\/www.plasticmoulds.net\/es\/wp-json\/wp\/v2\/pages\/10426","targetHints":{"allow":["GET"]}}],"collection":[{"href":"https:\/\/www.plasticmoulds.net\/es\/wp-json\/wp\/v2\/pages"}],"about":[{"href":"https:\/\/www.plasticmoulds.net\/es\/wp-json\/wp\/v2\/types\/page"}],"author":[{"embeddable":true,"href":"https:\/\/www.plasticmoulds.net\/es\/wp-json\/wp\/v2\/users\/11"}],"replies":[{"embeddable":true,"href":"https:\/\/www.plasticmoulds.net\/es\/wp-json\/wp\/v2\/comments?post=10426"}],"version-history":[{"count":0,"href":"https:\/\/www.plasticmoulds.net\/es\/wp-json\/wp\/v2\/pages\/10426\/revisions"}],"wp:attachment":[{"href":"https:\/\/www.plasticmoulds.net\/es\/wp-json\/wp\/v2\/media?parent=10426"}],"curies":[{"name":"wp","href":"https:\/\/api.w.org\/{rel}","templated":true}]}}